{"id":152,"date":"2023-07-17T21:26:11","date_gmt":"2023-07-17T21:26:11","guid":{"rendered":"https:\/\/staging.venturacounty.gov\/parks-department\/?page_id=152"},"modified":"2025-02-11T22:57:34","modified_gmt":"2025-02-11T22:57:34","slug":"use-permits","status":"publish","type":"page","link":"https:\/\/staging.venturacounty.gov\/parks-department\/es\/use-permits\/","title":{"rendered":"Permisos de uso"},"content":{"rendered":"<div data-elementor-type=\"wp-page\" data-elementor-id=\"152\" class=\"elementor elementor-152\" data-elementor-post-type=\"page\">\n\t\t\t\t<div class=\"elementor-element elementor-element-211bf85 e-flex e-con-boxed e-con e-parent\" data-id=\"211bf85\" data-element_type=\"container\">\n\t\t\t\t\t<div class=\"e-con-inner\">\n\t\t<div class=\"elementor-element elementor-element-1239e6f e-flex e-con-boxed e-con e-child\" data-id=\"1239e6f\" data-element_type=\"container\" data-settings=\"{&quot;background_background&quot;:&quot;classic&quot;}\">\n\t\t\t\t\t<div class=\"e-con-inner\">\n\t\t\t\t<div class=\"elementor-element elementor-element-ee60f99 elementor-widget elementor-widget-image\" data-id=\"ee60f99\" data-element_type=\"widget\" data-widget_type=\"image.default\">\n\t\t\t\t<div class=\"elementor-widget-container\">\n\t\t\t\t\t\t\t\t\t\t\t\t\t\t\t<img decoding=\"async\" width=\"357\" height=\"75\" src=\"https:\/\/staging.venturacounty.gov\/parks-department\/wp-content\/uploads\/sites\/24\/2023\/07\/parks-dept-header.png\" class=\"attachment-large size-large wp-image-99\" alt=\"Parks Dept Header\" srcset=\"https:\/\/staging.venturacounty.gov\/parks-department\/wp-content\/uploads\/sites\/24\/2023\/07\/parks-dept-header.png 357w, https:\/\/staging.venturacounty.gov\/parks-department\/wp-content\/uploads\/sites\/24\/2023\/07\/parks-dept-header-300x63.png 300w\" sizes=\"(max-width: 357px) 100vw, 357px\" \/>\t\t\t\t\t\t\t\t\t\t\t\t\t\t\t<\/div>\n\t\t\t\t<\/div>\n\t\t\t\t\t<\/div>\n\t\t\t\t<\/div>\n\t\t\t\t\t<\/div>\n\t\t\t\t<\/div>\n\t\t<div class=\"elementor-element elementor-element-3645d9c e-flex e-con-boxed e-con e-parent\" data-id=\"3645d9c\" data-element_type=\"container\" data-settings=\"{&quot;background_background&quot;:&quot;classic&quot;}\">\n\t\t\t\t\t<div class=\"e-con-inner\">\n\t\t\t\t<div class=\"elementor-element elementor-element-0996bc0 elementor-nav-menu--dropdown-tablet elementor-nav-menu__text-align-aside elementor-nav-menu--toggle elementor-nav-menu--burger elementor-widget elementor-widget-nav-menu\" data-id=\"0996bc0\" data-element_type=\"widget\" data-settings=\"{&quot;layout&quot;:&quot;horizontal&quot;,&quot;submenu_icon&quot;:{&quot;value&quot;:&quot;&lt;i class=\\&quot;fas fa-caret-down\\&quot;&gt;&lt;\\\/i&gt;&quot;,&quot;library&quot;:&quot;fa-solid&quot;},&quot;toggle&quot;:&quot;burger&quot;}\" data-widget_type=\"nav-menu.default\">\n\t\t\t\t<div class=\"elementor-widget-container\">\n\t\t\t\t\t\t\t\t<nav aria-label=\"Men\u00fa\" class=\"elementor-nav-menu--main elementor-nav-menu__container elementor-nav-menu--layout-horizontal e--pointer-background e--animation-fade\">\n\t\t\t\t<ul id=\"menu-1-0996bc0\" class=\"elementor-nav-menu\"><li class=\"menu-item menu-item-type-custom menu-item-object-custom menu-item-has-children menu-item-72\"><a href=\"#\" class=\"elementor-item elementor-item-anchor\">Informaci\u00f3n general<\/a>\n<ul class=\"sub-menu elementor-nav-menu--dropdown\">\n\t<li class=\"menu-item menu-item-type-post_type menu-item-object-page menu-item-home menu-item-123\"><a href=\"https:\/\/staging.venturacounty.gov\/parks-department\/es\/\" class=\"elementor-sub-item\">Inicio<\/a><\/li>\n\t<li class=\"menu-item menu-item-type-post_type menu-item-object-page menu-item-122\"><a href=\"https:\/\/staging.venturacounty.gov\/parks-department\/es\/news-and-information\/\" class=\"elementor-sub-item\">Noticias e informaci\u00f3n<\/a><\/li>\n\t<li class=\"menu-item menu-item-type-custom menu-item-object-custom menu-item-124\"><a target=\"_blank\" href=\"https:\/\/staging.venturacounty.gov\/parks-department\/wp-content\/uploads\/sites\/24\/2024\/03\/Rent-Fee-2024-1.pdf\" class=\"elementor-sub-item\">Tasas de uso de parques<\/a><\/li>\n\t<li class=\"menu-item menu-item-type-custom menu-item-object-custom menu-item-125\"><a target=\"_blank\" href=\"https:\/\/venturacountyactiveoutdoors-vcitsgis.hub.arcgis.com\/\" class=\"elementor-sub-item\">Actividades al aire libre<\/a><\/li>\n\t<li class=\"menu-item menu-item-type-post_type menu-item-object-page menu-item-127\"><a href=\"https:\/\/staging.venturacounty.gov\/parks-department\/es\/parks-system-map\/\" class=\"elementor-sub-item\">Mapa del sistema de parques<\/a><\/li>\n\t<li class=\"menu-item menu-item-type-post_type menu-item-object-page menu-item-128\"><a href=\"https:\/\/staging.venturacounty.gov\/parks-department\/es\/annual-pass\/\" class=\"elementor-sub-item\">Pase anual<\/a><\/li>\n\t<li class=\"menu-item menu-item-type-post_type menu-item-object-page menu-item-129\"><a href=\"https:\/\/staging.venturacounty.gov\/parks-department\/es\/reservations\/\" class=\"elementor-sub-item\">Reservas<\/a><\/li>\n\t<li class=\"menu-item menu-item-type-custom menu-item-object-custom menu-item-131\"><a target=\"_blank\" href=\"\/parks-department\/wp-content\/uploads\/sites\/24\/2023\/07\/HISTORY-OF-THE-VENTURA-COUNTY.pdf\" class=\"elementor-sub-item\">Historia<\/a><\/li>\n<\/ul>\n<\/li>\n<li class=\"menu-item menu-item-type-custom menu-item-object-custom menu-item-has-children menu-item-73\"><a href=\"#\" class=\"elementor-item elementor-item-anchor\">Administraci\u00f3n de Parques<\/a>\n<ul class=\"sub-menu elementor-nav-menu--dropdown\">\n\t<li class=\"menu-item menu-item-type-post_type menu-item-object-page menu-item-133\"><a href=\"https:\/\/staging.venturacounty.gov\/parks-department\/es\/administration\/\" class=\"elementor-sub-item\">Administraci\u00f3n<\/a><\/li>\n\t<li class=\"menu-item menu-item-type-post_type menu-item-object-page menu-item-135\"><a href=\"https:\/\/staging.venturacounty.gov\/parks-department\/es\/parks-department-staff\/\" class=\"elementor-sub-item\">Personal<\/a><\/li>\n\t<li class=\"menu-item menu-item-type-post_type menu-item-object-page menu-item-137\"><a href=\"https:\/\/staging.venturacounty.gov\/parks-department\/es\/about-us\/\" class=\"elementor-sub-item\">Qui\u00e9nes somos<\/a><\/li>\n\t<li class=\"menu-item menu-item-type-post_type menu-item-object-page menu-item-139\"><a href=\"https:\/\/staging.venturacounty.gov\/parks-department\/es\/contact-us\/\" class=\"elementor-sub-item\">P\u00f3ngase en contacto con nosotros<\/a><\/li>\n<\/ul>\n<\/li>\n<li class=\"menu-item menu-item-type-custom menu-item-object-custom menu-item-has-children menu-item-74\"><a href=\"#\" class=\"elementor-item elementor-item-anchor\">Parques<\/a>\n<ul class=\"sub-menu elementor-nav-menu--dropdown\">\n\t<li class=\"menu-item menu-item-type-post_type menu-item-object-page menu-item-141\"><a href=\"https:\/\/staging.venturacounty.gov\/parks-department\/es\/beach-front-parks\/\" class=\"elementor-sub-item\">PARQUES FRENTE A LA PLAYA<\/a><\/li>\n\t<li class=\"menu-item menu-item-type-post_type menu-item-object-page menu-item-143\"><a href=\"https:\/\/staging.venturacounty.gov\/parks-department\/es\/inland-parks\/\" class=\"elementor-sub-item\">PARQUES DE INTERIOR<\/a><\/li>\n\t<li class=\"menu-item menu-item-type-post_type menu-item-object-page menu-item-145\"><a href=\"https:\/\/staging.venturacounty.gov\/parks-department\/es\/community-centers\/\" class=\"elementor-sub-item\">CENTROS COMUNITARIOS<\/a><\/li>\n\t<li class=\"menu-item menu-item-type-post_type menu-item-object-page menu-item-147\"><a href=\"https:\/\/staging.venturacounty.gov\/parks-department\/es\/golf-courses\/\" class=\"elementor-sub-item\">CAMPOS DE GOLF<\/a><\/li>\n\t<li class=\"menu-item menu-item-type-post_type menu-item-object-page menu-item-149\"><a href=\"https:\/\/staging.venturacounty.gov\/parks-department\/es\/trails\/\" class=\"elementor-sub-item\">CAMINOS<\/a><\/li>\n\t<li class=\"menu-item menu-item-type-post_type menu-item-object-page menu-item-151\"><a href=\"https:\/\/staging.venturacounty.gov\/parks-department\/es\/mitchell-edelson-dog-park-at-soule-park\/\" class=\"elementor-sub-item\">SOULE DOG PARK<\/a><\/li>\n<\/ul>\n<\/li>\n<li class=\"menu-item menu-item-type-custom menu-item-object-custom menu-item-has-children menu-item-75\"><a href=\"#\" class=\"elementor-item elementor-item-anchor\">Recursos<\/a>\n<ul class=\"sub-menu elementor-nav-menu--dropdown\">\n\t<li class=\"menu-item menu-item-type-post_type menu-item-object-page menu-item-153\"><a href=\"https:\/\/staging.venturacounty.gov\/parks-department\/es\/use-permits\/\" class=\"elementor-sub-item\">Permisos de uso<\/a><\/li>\n\t<li class=\"menu-item menu-item-type-post_type menu-item-object-page menu-item-155\"><a href=\"https:\/\/staging.venturacounty.gov\/parks-department\/es\/park-rules\/\" class=\"elementor-sub-item\">Normas del parque<\/a><\/li>\n\t<li class=\"menu-item menu-item-type-post_type menu-item-object-page menu-item-157\"><a href=\"https:\/\/staging.venturacounty.gov\/parks-department\/es\/forms\/\" class=\"elementor-sub-item\">Formularios<\/a><\/li>\n\t<li class=\"menu-item menu-item-type-post_type menu-item-object-page menu-item-159\"><a href=\"https:\/\/staging.venturacounty.gov\/parks-department\/es\/links\/\" class=\"elementor-sub-item\">Enlaces<\/a><\/li>\n<\/ul>\n<\/li>\n<li class=\"menu-item menu-item-type-post_type menu-item-object-page menu-item-has-children menu-item-235\"><a href=\"https:\/\/staging.venturacounty.gov\/parks-department\/es\/frequently-asked-questions\/parks-faq\/\" class=\"elementor-item\">PREGUNTAS FRECUENTES<\/a>\n<ul class=\"sub-menu elementor-nav-menu--dropdown\">\n\t<li class=\"menu-item menu-item-type-post_type menu-item-object-page menu-item-237\"><a href=\"https:\/\/staging.venturacounty.gov\/parks-department\/es\/frequently-asked-questions\/parks-faq\/\" class=\"elementor-sub-item\">Parques FAQ<\/a><\/li>\n<\/ul>\n<\/li>\n<li class=\"menu-item menu-item-type-post_type menu-item-object-page menu-item-161\"><a href=\"https:\/\/staging.venturacounty.gov\/parks-department\/es\/job-opportunities\/\" class=\"elementor-item\">Oportunidades de acogida<\/a><\/li>\n<li class=\"menu-item menu-item-type-post_type menu-item-object-page menu-item-229\"><a href=\"https:\/\/staging.venturacounty.gov\/parks-department\/es\/parks-advisory-commission-pac\/\" class=\"elementor-item\">Comisi\u00f3n de Parques<\/a><\/li>\n<\/ul>\t\t\t<\/nav>\n\t\t\t\t\t<div class=\"elementor-menu-toggle\" role=\"button\" tabindex=\"0\" aria-label=\"Men\u00fa Toggle\" aria-expanded=\"false\">\n\t\t\t<i aria-hidden=\"true\" role=\"presentation\" class=\"elementor-menu-toggle__icon--open eicon-menu-bar\"><\/i><i aria-hidden=\"true\" role=\"presentation\" class=\"elementor-menu-toggle__icon--close eicon-close\"><\/i>\t\t<\/div>\n\t\t\t\t\t<nav class=\"elementor-nav-menu--dropdown elementor-nav-menu__container\" aria-hidden=\"true\">\n\t\t\t\t<ul id=\"menu-2-0996bc0\" class=\"elementor-nav-menu\"><li class=\"menu-item menu-item-type-custom menu-item-object-custom menu-item-has-children menu-item-72\"><a href=\"#\" class=\"elementor-item elementor-item-anchor\" tabindex=\"-1\">Informaci\u00f3n general<\/a>\n<ul class=\"sub-menu elementor-nav-menu--dropdown\">\n\t<li class=\"menu-item menu-item-type-post_type menu-item-object-page menu-item-home menu-item-123\"><a href=\"https:\/\/staging.venturacounty.gov\/parks-department\/es\/\" class=\"elementor-sub-item\" tabindex=\"-1\">Inicio<\/a><\/li>\n\t<li class=\"menu-item menu-item-type-post_type menu-item-object-page menu-item-122\"><a href=\"https:\/\/staging.venturacounty.gov\/parks-department\/es\/news-and-information\/\" class=\"elementor-sub-item\" tabindex=\"-1\">Noticias e informaci\u00f3n<\/a><\/li>\n\t<li class=\"menu-item menu-item-type-custom menu-item-object-custom menu-item-124\"><a target=\"_blank\" href=\"https:\/\/staging.venturacounty.gov\/parks-department\/wp-content\/uploads\/sites\/24\/2024\/03\/Rent-Fee-2024-1.pdf\" class=\"elementor-sub-item\" tabindex=\"-1\">Tasas de uso de parques<\/a><\/li>\n\t<li class=\"menu-item menu-item-type-custom menu-item-object-custom menu-item-125\"><a target=\"_blank\" href=\"https:\/\/venturacountyactiveoutdoors-vcitsgis.hub.arcgis.com\/\" class=\"elementor-sub-item\" tabindex=\"-1\">Actividades al aire libre<\/a><\/li>\n\t<li class=\"menu-item menu-item-type-post_type menu-item-object-page menu-item-127\"><a href=\"https:\/\/staging.venturacounty.gov\/parks-department\/es\/parks-system-map\/\" class=\"elementor-sub-item\" tabindex=\"-1\">Mapa del sistema de parques<\/a><\/li>\n\t<li class=\"menu-item menu-item-type-post_type menu-item-object-page menu-item-128\"><a href=\"https:\/\/staging.venturacounty.gov\/parks-department\/es\/annual-pass\/\" class=\"elementor-sub-item\" tabindex=\"-1\">Pase anual<\/a><\/li>\n\t<li class=\"menu-item menu-item-type-post_type menu-item-object-page menu-item-129\"><a href=\"https:\/\/staging.venturacounty.gov\/parks-department\/es\/reservations\/\" class=\"elementor-sub-item\" tabindex=\"-1\">Reservas<\/a><\/li>\n\t<li class=\"menu-item menu-item-type-custom menu-item-object-custom menu-item-131\"><a target=\"_blank\" href=\"\/parks-department\/wp-content\/uploads\/sites\/24\/2023\/07\/HISTORY-OF-THE-VENTURA-COUNTY.pdf\" class=\"elementor-sub-item\" tabindex=\"-1\">Historia<\/a><\/li>\n<\/ul>\n<\/li>\n<li class=\"menu-item menu-item-type-custom menu-item-object-custom menu-item-has-children menu-item-73\"><a href=\"#\" class=\"elementor-item elementor-item-anchor\" tabindex=\"-1\">Administraci\u00f3n de Parques<\/a>\n<ul class=\"sub-menu elementor-nav-menu--dropdown\">\n\t<li class=\"menu-item menu-item-type-post_type menu-item-object-page menu-item-133\"><a href=\"https:\/\/staging.venturacounty.gov\/parks-department\/es\/administration\/\" class=\"elementor-sub-item\" tabindex=\"-1\">Administraci\u00f3n<\/a><\/li>\n\t<li class=\"menu-item menu-item-type-post_type menu-item-object-page menu-item-135\"><a href=\"https:\/\/staging.venturacounty.gov\/parks-department\/es\/parks-department-staff\/\" class=\"elementor-sub-item\" tabindex=\"-1\">Personal<\/a><\/li>\n\t<li class=\"menu-item menu-item-type-post_type menu-item-object-page menu-item-137\"><a href=\"https:\/\/staging.venturacounty.gov\/parks-department\/es\/about-us\/\" class=\"elementor-sub-item\" tabindex=\"-1\">Qui\u00e9nes somos<\/a><\/li>\n\t<li class=\"menu-item menu-item-type-post_type menu-item-object-page menu-item-139\"><a href=\"https:\/\/staging.venturacounty.gov\/parks-department\/es\/contact-us\/\" class=\"elementor-sub-item\" tabindex=\"-1\">P\u00f3ngase en contacto con nosotros<\/a><\/li>\n<\/ul>\n<\/li>\n<li class=\"menu-item menu-item-type-custom menu-item-object-custom menu-item-has-children menu-item-74\"><a href=\"#\" class=\"elementor-item elementor-item-anchor\" tabindex=\"-1\">Parques<\/a>\n<ul class=\"sub-menu elementor-nav-menu--dropdown\">\n\t<li class=\"menu-item menu-item-type-post_type menu-item-object-page menu-item-141\"><a href=\"https:\/\/staging.venturacounty.gov\/parks-department\/es\/beach-front-parks\/\" class=\"elementor-sub-item\" tabindex=\"-1\">PARQUES FRENTE A LA PLAYA<\/a><\/li>\n\t<li class=\"menu-item menu-item-type-post_type menu-item-object-page menu-item-143\"><a href=\"https:\/\/staging.venturacounty.gov\/parks-department\/es\/inland-parks\/\" class=\"elementor-sub-item\" tabindex=\"-1\">PARQUES DE INTERIOR<\/a><\/li>\n\t<li class=\"menu-item menu-item-type-post_type menu-item-object-page menu-item-145\"><a href=\"https:\/\/staging.venturacounty.gov\/parks-department\/es\/community-centers\/\" class=\"elementor-sub-item\" tabindex=\"-1\">CENTROS COMUNITARIOS<\/a><\/li>\n\t<li class=\"menu-item menu-item-type-post_type menu-item-object-page menu-item-147\"><a href=\"https:\/\/staging.venturacounty.gov\/parks-department\/es\/golf-courses\/\" class=\"elementor-sub-item\" tabindex=\"-1\">CAMPOS DE GOLF<\/a><\/li>\n\t<li class=\"menu-item menu-item-type-post_type menu-item-object-page menu-item-149\"><a href=\"https:\/\/staging.venturacounty.gov\/parks-department\/es\/trails\/\" class=\"elementor-sub-item\" tabindex=\"-1\">CAMINOS<\/a><\/li>\n\t<li class=\"menu-item menu-item-type-post_type menu-item-object-page menu-item-151\"><a href=\"https:\/\/staging.venturacounty.gov\/parks-department\/es\/mitchell-edelson-dog-park-at-soule-park\/\" class=\"elementor-sub-item\" tabindex=\"-1\">SOULE DOG PARK<\/a><\/li>\n<\/ul>\n<\/li>\n<li class=\"menu-item menu-item-type-custom menu-item-object-custom menu-item-has-children menu-item-75\"><a href=\"#\" class=\"elementor-item elementor-item-anchor\" tabindex=\"-1\">Recursos<\/a>\n<ul class=\"sub-menu elementor-nav-menu--dropdown\">\n\t<li class=\"menu-item menu-item-type-post_type menu-item-object-page menu-item-153\"><a href=\"https:\/\/staging.venturacounty.gov\/parks-department\/es\/use-permits\/\" class=\"elementor-sub-item\" tabindex=\"-1\">Permisos de uso<\/a><\/li>\n\t<li class=\"menu-item menu-item-type-post_type menu-item-object-page menu-item-155\"><a href=\"https:\/\/staging.venturacounty.gov\/parks-department\/es\/park-rules\/\" class=\"elementor-sub-item\" tabindex=\"-1\">Normas del parque<\/a><\/li>\n\t<li class=\"menu-item menu-item-type-post_type menu-item-object-page menu-item-157\"><a href=\"https:\/\/staging.venturacounty.gov\/parks-department\/es\/forms\/\" class=\"elementor-sub-item\" tabindex=\"-1\">Formularios<\/a><\/li>\n\t<li class=\"menu-item menu-item-type-post_type menu-item-object-page menu-item-159\"><a href=\"https:\/\/staging.venturacounty.gov\/parks-department\/es\/links\/\" class=\"elementor-sub-item\" tabindex=\"-1\">Enlaces<\/a><\/li>\n<\/ul>\n<\/li>\n<li class=\"menu-item menu-item-type-post_type menu-item-object-page menu-item-has-children menu-item-235\"><a href=\"https:\/\/staging.venturacounty.gov\/parks-department\/es\/frequently-asked-questions\/parks-faq\/\" class=\"elementor-item\" tabindex=\"-1\">PREGUNTAS FRECUENTES<\/a>\n<ul class=\"sub-menu elementor-nav-menu--dropdown\">\n\t<li class=\"menu-item menu-item-type-post_type menu-item-object-page menu-item-237\"><a href=\"https:\/\/staging.venturacounty.gov\/parks-department\/es\/frequently-asked-questions\/parks-faq\/\" class=\"elementor-sub-item\" tabindex=\"-1\">Parques FAQ<\/a><\/li>\n<\/ul>\n<\/li>\n<li class=\"menu-item menu-item-type-post_type menu-item-object-page menu-item-161\"><a href=\"https:\/\/staging.venturacounty.gov\/parks-department\/es\/job-opportunities\/\" class=\"elementor-item\" tabindex=\"-1\">Oportunidades de acogida<\/a><\/li>\n<li class=\"menu-item menu-item-type-post_type menu-item-object-page menu-item-229\"><a href=\"https:\/\/staging.venturacounty.gov\/parks-department\/es\/parks-advisory-commission-pac\/\" class=\"elementor-item\" tabindex=\"-1\">Comisi\u00f3n de Parques<\/a><\/li>\n<\/ul>\t\t\t<\/nav>\n\t\t\t\t\t\t<\/div>\n\t\t\t\t<\/div>\n\t\t\t\t\t<\/div>\n\t\t\t\t<\/div>\n\t\t<div class=\"elementor-element elementor-element-0177729 e-flex e-con-boxed e-con e-parent\" data-id=\"0177729\" data-element_type=\"container\">\n\t\t\t\t\t<div class=\"e-con-inner\">\n\t\t<div class=\"elementor-element elementor-element-e372ebe e-flex e-con-boxed e-con e-child\" data-id=\"e372ebe\" data-element_type=\"container\">\n\t\t\t\t\t<div class=\"e-con-inner\">\n\t\t\t\t<div class=\"elementor-element elementor-element-3d80ded elementor-widget elementor-widget-heading\" data-id=\"3d80ded\" data-element_type=\"widget\" data-widget_type=\"heading.default\">\n\t\t\t\t<div class=\"elementor-widget-container\">\n\t\t\t\t\t<h1 class=\"elementor-heading-title elementor-size-xxl\">Permisos<\/h1>\t\t\t\t<\/div>\n\t\t\t\t<\/div>\n\t\t\t\t<div class=\"elementor-element elementor-element-386ff34 elementor-widget elementor-widget-text-editor\" data-id=\"386ff34\" data-element_type=\"widget\" data-widget_type=\"text-editor.default\">\n\t\t\t\t<div class=\"elementor-widget-container\">\n\t\t\t\t\t\t\t\t\t<h1 style=\"font-family: 'Roboto Condensed', sans-serif;font-weight: bold;color: #333333;font-size: 21px\" role=\"heading\" data-elementor-setting-key=\"title\" data-pen-placeholder=\"Type Here...\" data-uw-rm-heading=\"level\">Permisos de uso especial<\/h1><p>Ciertos eventos celebrados en parques del Condado requerir\u00e1n un Permiso(s) de Uso seg\u00fan la ordenanza del Condado de Ventura.  Ejemplos de eventos que requieren un Permiso(s) de Uso son:<\/p><ul><li>Grupos grandes o fiestas que:<br role=\"presentation\" data-uw-rm-sr=\"\" \/>est\u00e1n abiertos al p\u00fablico, o<br role=\"presentation\" data-uw-rm-sr=\"\" \/>tendr\u00e1n puestos de venta de bienes o servicios, o<br role=\"presentation\" data-uw-rm-sr=\"\" \/>vender\u00e1 cerveza, vino o alcohol, o<br role=\"presentation\" data-uw-rm-sr=\"\" \/>contar\u00e1 con sonido amplificado (DJ o banda en directo), o<br role=\"presentation\" data-uw-rm-sr=\"\" \/>tendr\u00e1 un Jolly Jumper, payaso, etc., o<br role=\"presentation\" data-uw-rm-sr=\"\" \/>rodar\u00e1n dentro del parque (aplicable a cineastas profesionales y estudiantes de cine).<\/li><\/ul><p>El n\u00famero de permisos de uso necesarios para un evento depende del tipo de evento.  Por ejemplo, una fiesta privada de 250 personas que cuente con un DJ en directo, un puesto de margaritas que venda bebidas por copas y un Jolly Jumper requerir\u00eda los siguientes permisos de uso:<\/p><ul><li>Un permiso de sonido amplificado para el DJ en directo<\/li><li>Un permiso de venta de alcohol para vender Margaritas<\/li><li>Un permiso de uso especial para el Jolly Jumper<\/li><li>Un Permiso de Control de Bebidas Alcoh\u00f3licas (no expedido por el Condado de Ventura)<\/li><\/ul><p>Los permisos de uso especial se expiden para eventos que incluyen, entre otros, carreras y eventos deportivos organizados, ferias de vendedores, eventos sin \u00e1nimo de lucro, etc. Rellene y env\u00ede el formulario\u00a0<a href=\"https:\/\/na4.documents.adobe.com\/public\/esignWidget?wid=CBFCIBAA3AAABLblqZhDQiAJlNOSFh4k_di1Om9m8mfkpf_EXAEDB7Ikl89HUOkQbI78MF8sW01ounuHZjkY*\" data-uw-rm-brl=\"PR\" data-uw-original-href=\"https:\/\/na4.documents.adobe.com\/public\/esignWidget?wid=CBFCIBAA3AAABLblqZhDQiAJlNOSFh4k_di1Om9m8mfkpf_EXAEDB7Ikl89HUOkQbI78MF8sW01ounuHZjkY*\">Solicitud de permiso de uso especial<\/a>\u00a0con todos los detalles para la consideraci\u00f3n de su evento.<\/p><h1 style=\"font-family: 'Roboto Condensed', sans-serif;font-weight: bold;color: #333333;font-size: 21px\" role=\"heading\" data-elementor-setting-key=\"title\" data-pen-placeholder=\"Type Here...\" data-uw-rm-heading=\"level\">Permisos comerciales de cine y fotograf\u00eda<\/h1><p>Los permisos de filmaci\u00f3n comercial se expiden para v\u00eddeo y fotograf\u00eda fija de uso comercial o profesional. Por favor, rellene y env\u00ede el\u00a0<a href=\"https:\/\/na4.documents.adobe.com\/public\/esignWidget?wid=CBFCIBAA3AAABLblqZhBX_hSYVakNk5hr6Tv3VubvFbt45CzbJ_lM7PNyO7a5dwkeGf-z1Ofmu083J77xZkE*\" data-uw-rm-brl=\"PR\" data-uw-original-href=\"https:\/\/na4.documents.adobe.com\/public\/esignWidget?wid=CBFCIBAA3AAABLblqZhBX_hSYVakNk5hr6Tv3VubvFbt45CzbJ_lM7PNyO7a5dwkeGf-z1Ofmu083J77xZkE*\">Solicitud de permiso de filmaci\u00f3n comercial<\/a>\u00a0con todos los detalles para que se considere la aprobaci\u00f3n del permiso. Los permisos para fotograf\u00eda profesional cuestan $190 por d\u00eda y lugar. Los permisos de fotograf\u00eda sin atrezzo pueden obtenerse por tel\u00e9fono o por correo electr\u00f3nico a la siguiente direcci\u00f3n\u00a0<a href=\"mailto:County.Parks@Ventura.org\" target=\"_blank\" rel=\"noopener\">County.Parks@Ventura.org<\/a>. La fotograf\u00eda de varios d\u00edas, en varios lugares o con atrezzo requerir\u00e1 un permiso de uso especial y un certificado de seguro en el que figure el Condado como asegurado adicional.<\/p><p>Las tasas aplicables se determinar\u00e1n en funci\u00f3n de la informaci\u00f3n facilitada en su solicitud de permiso.<\/p><p><span style=\"text-align: var(--text-align)\">Para obtener m\u00e1s informaci\u00f3n sobre los permisos de uso o para programar un evento, llame a la l\u00ednea de reservas de parques al 805-654-3951 o haga clic en\u00a0<\/span><a style=\"text-align: var(--text-align);background-color: #ffffff\" href=\"mailto:county.parks@ventura.org\" target=\"_blank\" rel=\"noopener noreferrer\" aria-label=\"env\u00ede un correo electr\u00f3nico a county.parks@ventura.org\" data-uw-rm-vglnk=\"\">aqu\u00ed<\/a><span style=\"text-align: var(--text-align)\">\u00a0para enviar un correo electr\u00f3nico al Departamento de Parques.<\/span><\/p>\t\t\t\t\t\t\t\t<\/div>\n\t\t\t\t<\/div>\n\t\t\t\t\t<\/div>\n\t\t\t\t<\/div>\n\t\t\t\t\t<\/div>\n\t\t\t\t<\/div>\n\t\t\t\t<\/div>","protected":false},"excerpt":{"rendered":"<p>\/*! elementor &#8211; v3.15.0 &#8211; 20-08-2023 *\/ .elementor-widget-image{text-align:center}.elementor-widget-image a{display:inline-block}.elementor-widget-image a img[src$=&#8221;.svg&#8221;]{width:48px}.elementor-widget-image img{vertical-align:middle;display:inline-block} \/*! elementor &#8211; v3.15.0 &#8211; 20-08-2023 *\/ .elementor-heading-title{padding:0;margin:0;line-height:1}.elementor-widget-heading .elementor-heading-title[class*=elementor-size-]&gt;a{color:inherit;font-size:inherit;line-height:inherit}.elementor-widget-heading .elementor-heading-title.elementor-size-small{font-size:15px}.elementor-widget-heading .elementor-heading-title.elementor-size-medium{font-size:19px}.elementor-widget-heading .elementor-heading-title.elementor-size-large{font-size:29px}.elementor-widget-heading .elementor-heading-title.elementor-size-xl{font-size:39px}.elementor-widget-heading .elementor-heading-title.elementor-size-xxl{font-size:59px} Permits Special Use Permits Certain events held in County parks will require a Use Permit(s) per County of Ventura ordinance.\u00a0 Examples of events that require a Use Permit(s) are: [&hellip;]<\/p>\n","protected":false},"author":7,"featured_media":0,"parent":0,"menu_order":0,"comment_status":"closed","ping_status":"closed","template":"","meta":{"_relevanssi_hide_post":"","_relevanssi_hide_content":"","_relevanssi_pin_for_all":"","_relevanssi_pin_keywords":"","_relevanssi_unpin_keywords":"","_relevanssi_related_keywords":"","_relevanssi_related_include_ids":"","_relevanssi_related_exclude_ids":"","_relevanssi_related_no_append":"","_relevanssi_related_not_related":"","_relevanssi_related_posts":"","_relevanssi_noindex_reason":"","footnotes":""},"categories":[],"tags":[],"class_list":["post-152","page","type-page","status-publish","hentry"],"_links":{"self":[{"href":"https:\/\/staging.venturacounty.gov\/parks-department\/es\/wp-json\/wp\/v2\/pages\/152","targetHints":{"allow":["GET"]}}],"collection":[{"href":"https:\/\/staging.venturacounty.gov\/parks-department\/es\/wp-json\/wp\/v2\/pages"}],"about":[{"href":"https:\/\/staging.venturacounty.gov\/parks-department\/es\/wp-json\/wp\/v2\/types\/page"}],"author":[{"embeddable":true,"href":"https:\/\/staging.venturacounty.gov\/parks-department\/es\/wp-json\/wp\/v2\/users\/7"}],"replies":[{"embeddable":true,"href":"https:\/\/staging.venturacounty.gov\/parks-department\/es\/wp-json\/wp\/v2\/comments?post=152"}],"version-history":[{"count":0,"href":"https:\/\/staging.venturacounty.gov\/parks-department\/es\/wp-json\/wp\/v2\/pages\/152\/revisions"}],"wp:attachment":[{"href":"https:\/\/staging.venturacounty.gov\/parks-department\/es\/wp-json\/wp\/v2\/media?parent=152"}],"wp:term":[{"taxonomy":"category","embeddable":true,"href":"https:\/\/staging.venturacounty.gov\/parks-department\/es\/wp-json\/wp\/v2\/categories?post=152"},{"taxonomy":"post_tag","embeddable":true,"href":"https:\/\/staging.venturacounty.gov\/parks-department\/es\/wp-json\/wp\/v2\/tags?post=152"}],"curies":[{"name":"wp","href":"https:\/\/api.w.org\/{rel}","templated":true}]}}