{"id":136,"date":"2023-07-17T21:01:46","date_gmt":"2023-07-17T21:01:46","guid":{"rendered":"https:\/\/staging.venturacounty.gov\/parks-department\/?page_id=136"},"modified":"2023-07-19T18:39:39","modified_gmt":"2023-07-19T18:39:39","slug":"about-us","status":"publish","type":"page","link":"https:\/\/staging.venturacounty.gov\/parks-department\/es\/about-us\/","title":{"rendered":"Qui\u00e9nes somos"},"content":{"rendered":"<div data-elementor-type=\"wp-page\" data-elementor-id=\"136\" class=\"elementor elementor-136\" data-elementor-post-type=\"page\">\n\t\t\t\t<div class=\"elementor-element elementor-element-211bf85 e-flex e-con-boxed e-con e-parent\" data-id=\"211bf85\" data-element_type=\"container\">\n\t\t\t\t\t<div class=\"e-con-inner\">\n\t\t<div class=\"elementor-element elementor-element-1239e6f e-flex e-con-boxed e-con e-child\" data-id=\"1239e6f\" data-element_type=\"container\" data-settings=\"{&quot;background_background&quot;:&quot;classic&quot;}\">\n\t\t\t\t\t<div class=\"e-con-inner\">\n\t\t\t\t<div class=\"elementor-element elementor-element-ee60f99 elementor-widget elementor-widget-image\" data-id=\"ee60f99\" data-element_type=\"widget\" data-widget_type=\"image.default\">\n\t\t\t\t<div class=\"elementor-widget-container\">\n\t\t\t\t\t\t\t\t\t\t\t\t\t\t\t<img decoding=\"async\" width=\"357\" height=\"75\" src=\"https:\/\/staging.venturacounty.gov\/parks-department\/wp-content\/uploads\/sites\/24\/2023\/07\/parks-dept-header.png\" class=\"attachment-large size-large wp-image-99\" alt=\"Parks Dept Header\" srcset=\"https:\/\/staging.venturacounty.gov\/parks-department\/wp-content\/uploads\/sites\/24\/2023\/07\/parks-dept-header.png 357w, https:\/\/staging.venturacounty.gov\/parks-department\/wp-content\/uploads\/sites\/24\/2023\/07\/parks-dept-header-300x63.png 300w\" sizes=\"(max-width: 357px) 100vw, 357px\" \/>\t\t\t\t\t\t\t\t\t\t\t\t\t\t\t<\/div>\n\t\t\t\t<\/div>\n\t\t\t\t\t<\/div>\n\t\t\t\t<\/div>\n\t\t\t\t\t<\/div>\n\t\t\t\t<\/div>\n\t\t<div class=\"elementor-element elementor-element-3645d9c e-flex e-con-boxed e-con e-parent\" data-id=\"3645d9c\" data-element_type=\"container\" data-settings=\"{&quot;background_background&quot;:&quot;classic&quot;}\">\n\t\t\t\t\t<div class=\"e-con-inner\">\n\t\t\t\t<div class=\"elementor-element elementor-element-0996bc0 elementor-nav-menu--dropdown-tablet elementor-nav-menu__text-align-aside elementor-nav-menu--toggle elementor-nav-menu--burger elementor-widget elementor-widget-nav-menu\" data-id=\"0996bc0\" data-element_type=\"widget\" data-settings=\"{&quot;layout&quot;:&quot;horizontal&quot;,&quot;submenu_icon&quot;:{&quot;value&quot;:&quot;&lt;i class=\\&quot;fas fa-caret-down\\&quot;&gt;&lt;\\\/i&gt;&quot;,&quot;library&quot;:&quot;fa-solid&quot;},&quot;toggle&quot;:&quot;burger&quot;}\" data-widget_type=\"nav-menu.default\">\n\t\t\t\t<div class=\"elementor-widget-container\">\n\t\t\t\t\t\t\t\t<nav aria-label=\"Men\u00fa\" class=\"elementor-nav-menu--main elementor-nav-menu__container elementor-nav-menu--layout-horizontal e--pointer-background e--animation-fade\">\n\t\t\t\t<ul id=\"menu-1-0996bc0\" class=\"elementor-nav-menu\"><li class=\"menu-item menu-item-type-custom menu-item-object-custom menu-item-has-children menu-item-72\"><a href=\"#\" class=\"elementor-item elementor-item-anchor\">Informaci\u00f3n general<\/a>\n<ul class=\"sub-menu elementor-nav-menu--dropdown\">\n\t<li class=\"menu-item menu-item-type-post_type menu-item-object-page menu-item-home menu-item-123\"><a href=\"https:\/\/staging.venturacounty.gov\/parks-department\/es\/\" class=\"elementor-sub-item\">Inicio<\/a><\/li>\n\t<li class=\"menu-item menu-item-type-post_type menu-item-object-page menu-item-122\"><a href=\"https:\/\/staging.venturacounty.gov\/parks-department\/es\/news-and-information\/\" class=\"elementor-sub-item\">Noticias e informaci\u00f3n<\/a><\/li>\n\t<li class=\"menu-item menu-item-type-custom menu-item-object-custom menu-item-124\"><a target=\"_blank\" href=\"https:\/\/staging.venturacounty.gov\/parks-department\/wp-content\/uploads\/sites\/24\/2024\/03\/Rent-Fee-2024-1.pdf\" class=\"elementor-sub-item\">Tasas de uso de parques<\/a><\/li>\n\t<li class=\"menu-item menu-item-type-custom menu-item-object-custom menu-item-125\"><a target=\"_blank\" href=\"https:\/\/venturacountyactiveoutdoors-vcitsgis.hub.arcgis.com\/\" class=\"elementor-sub-item\">Actividades al aire libre<\/a><\/li>\n\t<li class=\"menu-item menu-item-type-post_type menu-item-object-page menu-item-127\"><a href=\"https:\/\/staging.venturacounty.gov\/parks-department\/es\/parks-system-map\/\" class=\"elementor-sub-item\">Mapa del sistema de parques<\/a><\/li>\n\t<li class=\"menu-item menu-item-type-post_type menu-item-object-page menu-item-128\"><a href=\"https:\/\/staging.venturacounty.gov\/parks-department\/es\/annual-pass\/\" class=\"elementor-sub-item\">Pase anual<\/a><\/li>\n\t<li class=\"menu-item menu-item-type-post_type menu-item-object-page menu-item-129\"><a href=\"https:\/\/staging.venturacounty.gov\/parks-department\/es\/reservations\/\" class=\"elementor-sub-item\">Reservas<\/a><\/li>\n\t<li class=\"menu-item menu-item-type-custom menu-item-object-custom menu-item-131\"><a target=\"_blank\" href=\"\/parks-department\/wp-content\/uploads\/sites\/24\/2023\/07\/HISTORY-OF-THE-VENTURA-COUNTY.pdf\" class=\"elementor-sub-item\">Historia<\/a><\/li>\n<\/ul>\n<\/li>\n<li class=\"menu-item menu-item-type-custom menu-item-object-custom menu-item-has-children menu-item-73\"><a href=\"#\" class=\"elementor-item elementor-item-anchor\">Administraci\u00f3n de Parques<\/a>\n<ul class=\"sub-menu elementor-nav-menu--dropdown\">\n\t<li class=\"menu-item menu-item-type-post_type menu-item-object-page menu-item-133\"><a href=\"https:\/\/staging.venturacounty.gov\/parks-department\/es\/administration\/\" class=\"elementor-sub-item\">Administraci\u00f3n<\/a><\/li>\n\t<li class=\"menu-item menu-item-type-post_type menu-item-object-page menu-item-135\"><a href=\"https:\/\/staging.venturacounty.gov\/parks-department\/es\/parks-department-staff\/\" class=\"elementor-sub-item\">Personal<\/a><\/li>\n\t<li class=\"menu-item menu-item-type-post_type menu-item-object-page menu-item-137\"><a href=\"https:\/\/staging.venturacounty.gov\/parks-department\/es\/about-us\/\" class=\"elementor-sub-item\">Qui\u00e9nes somos<\/a><\/li>\n\t<li class=\"menu-item menu-item-type-post_type menu-item-object-page menu-item-139\"><a href=\"https:\/\/staging.venturacounty.gov\/parks-department\/es\/contact-us\/\" class=\"elementor-sub-item\">P\u00f3ngase en contacto con nosotros<\/a><\/li>\n<\/ul>\n<\/li>\n<li class=\"menu-item menu-item-type-custom menu-item-object-custom menu-item-has-children menu-item-74\"><a href=\"#\" class=\"elementor-item elementor-item-anchor\">Parques<\/a>\n<ul class=\"sub-menu elementor-nav-menu--dropdown\">\n\t<li class=\"menu-item menu-item-type-post_type menu-item-object-page menu-item-141\"><a href=\"https:\/\/staging.venturacounty.gov\/parks-department\/es\/beach-front-parks\/\" class=\"elementor-sub-item\">PARQUES FRENTE A LA PLAYA<\/a><\/li>\n\t<li class=\"menu-item menu-item-type-post_type menu-item-object-page menu-item-143\"><a href=\"https:\/\/staging.venturacounty.gov\/parks-department\/es\/inland-parks\/\" class=\"elementor-sub-item\">PARQUES DE INTERIOR<\/a><\/li>\n\t<li class=\"menu-item menu-item-type-post_type menu-item-object-page menu-item-145\"><a href=\"https:\/\/staging.venturacounty.gov\/parks-department\/es\/community-centers\/\" class=\"elementor-sub-item\">CENTROS COMUNITARIOS<\/a><\/li>\n\t<li class=\"menu-item menu-item-type-post_type menu-item-object-page menu-item-147\"><a href=\"https:\/\/staging.venturacounty.gov\/parks-department\/es\/golf-courses\/\" class=\"elementor-sub-item\">CAMPOS DE GOLF<\/a><\/li>\n\t<li class=\"menu-item menu-item-type-post_type menu-item-object-page menu-item-149\"><a href=\"https:\/\/staging.venturacounty.gov\/parks-department\/es\/trails\/\" class=\"elementor-sub-item\">CAMINOS<\/a><\/li>\n\t<li class=\"menu-item menu-item-type-post_type menu-item-object-page menu-item-151\"><a href=\"https:\/\/staging.venturacounty.gov\/parks-department\/es\/mitchell-edelson-dog-park-at-soule-park\/\" class=\"elementor-sub-item\">SOULE DOG PARK<\/a><\/li>\n<\/ul>\n<\/li>\n<li class=\"menu-item menu-item-type-custom menu-item-object-custom menu-item-has-children menu-item-75\"><a href=\"#\" class=\"elementor-item elementor-item-anchor\">Recursos<\/a>\n<ul class=\"sub-menu elementor-nav-menu--dropdown\">\n\t<li class=\"menu-item menu-item-type-post_type menu-item-object-page menu-item-153\"><a href=\"https:\/\/staging.venturacounty.gov\/parks-department\/es\/use-permits\/\" class=\"elementor-sub-item\">Permisos de uso<\/a><\/li>\n\t<li class=\"menu-item menu-item-type-post_type menu-item-object-page menu-item-155\"><a href=\"https:\/\/staging.venturacounty.gov\/parks-department\/es\/park-rules\/\" class=\"elementor-sub-item\">Normas del parque<\/a><\/li>\n\t<li class=\"menu-item menu-item-type-post_type menu-item-object-page menu-item-157\"><a href=\"https:\/\/staging.venturacounty.gov\/parks-department\/es\/forms\/\" class=\"elementor-sub-item\">Formularios<\/a><\/li>\n\t<li class=\"menu-item menu-item-type-post_type menu-item-object-page menu-item-159\"><a href=\"https:\/\/staging.venturacounty.gov\/parks-department\/es\/links\/\" class=\"elementor-sub-item\">Enlaces<\/a><\/li>\n<\/ul>\n<\/li>\n<li class=\"menu-item menu-item-type-post_type menu-item-object-page menu-item-has-children menu-item-235\"><a href=\"https:\/\/staging.venturacounty.gov\/parks-department\/es\/frequently-asked-questions\/parks-faq\/\" class=\"elementor-item\">PREGUNTAS FRECUENTES<\/a>\n<ul class=\"sub-menu elementor-nav-menu--dropdown\">\n\t<li class=\"menu-item menu-item-type-post_type menu-item-object-page menu-item-237\"><a href=\"https:\/\/staging.venturacounty.gov\/parks-department\/es\/frequently-asked-questions\/parks-faq\/\" class=\"elementor-sub-item\">Parques FAQ<\/a><\/li>\n<\/ul>\n<\/li>\n<li class=\"menu-item menu-item-type-post_type menu-item-object-page menu-item-161\"><a href=\"https:\/\/staging.venturacounty.gov\/parks-department\/es\/job-opportunities\/\" class=\"elementor-item\">Oportunidades de acogida<\/a><\/li>\n<li class=\"menu-item menu-item-type-post_type menu-item-object-page menu-item-229\"><a href=\"https:\/\/staging.venturacounty.gov\/parks-department\/es\/parks-advisory-commission-pac\/\" class=\"elementor-item\">Comisi\u00f3n de Parques<\/a><\/li>\n<\/ul>\t\t\t<\/nav>\n\t\t\t\t\t<div class=\"elementor-menu-toggle\" role=\"button\" tabindex=\"0\" aria-label=\"Men\u00fa Toggle\" aria-expanded=\"false\">\n\t\t\t<i aria-hidden=\"true\" role=\"presentation\" class=\"elementor-menu-toggle__icon--open eicon-menu-bar\"><\/i><i aria-hidden=\"true\" role=\"presentation\" class=\"elementor-menu-toggle__icon--close eicon-close\"><\/i>\t\t<\/div>\n\t\t\t\t\t<nav class=\"elementor-nav-menu--dropdown elementor-nav-menu__container\" aria-hidden=\"true\">\n\t\t\t\t<ul id=\"menu-2-0996bc0\" class=\"elementor-nav-menu\"><li class=\"menu-item menu-item-type-custom menu-item-object-custom menu-item-has-children menu-item-72\"><a href=\"#\" class=\"elementor-item elementor-item-anchor\" tabindex=\"-1\">Informaci\u00f3n general<\/a>\n<ul class=\"sub-menu elementor-nav-menu--dropdown\">\n\t<li class=\"menu-item menu-item-type-post_type menu-item-object-page menu-item-home menu-item-123\"><a href=\"https:\/\/staging.venturacounty.gov\/parks-department\/es\/\" class=\"elementor-sub-item\" tabindex=\"-1\">Inicio<\/a><\/li>\n\t<li class=\"menu-item menu-item-type-post_type menu-item-object-page menu-item-122\"><a href=\"https:\/\/staging.venturacounty.gov\/parks-department\/es\/news-and-information\/\" class=\"elementor-sub-item\" tabindex=\"-1\">Noticias e informaci\u00f3n<\/a><\/li>\n\t<li class=\"menu-item menu-item-type-custom menu-item-object-custom menu-item-124\"><a target=\"_blank\" href=\"https:\/\/staging.venturacounty.gov\/parks-department\/wp-content\/uploads\/sites\/24\/2024\/03\/Rent-Fee-2024-1.pdf\" class=\"elementor-sub-item\" tabindex=\"-1\">Tasas de uso de parques<\/a><\/li>\n\t<li class=\"menu-item menu-item-type-custom menu-item-object-custom menu-item-125\"><a target=\"_blank\" href=\"https:\/\/venturacountyactiveoutdoors-vcitsgis.hub.arcgis.com\/\" class=\"elementor-sub-item\" tabindex=\"-1\">Actividades al aire libre<\/a><\/li>\n\t<li class=\"menu-item menu-item-type-post_type menu-item-object-page menu-item-127\"><a href=\"https:\/\/staging.venturacounty.gov\/parks-department\/es\/parks-system-map\/\" class=\"elementor-sub-item\" tabindex=\"-1\">Mapa del sistema de parques<\/a><\/li>\n\t<li class=\"menu-item menu-item-type-post_type menu-item-object-page menu-item-128\"><a href=\"https:\/\/staging.venturacounty.gov\/parks-department\/es\/annual-pass\/\" class=\"elementor-sub-item\" tabindex=\"-1\">Pase anual<\/a><\/li>\n\t<li class=\"menu-item menu-item-type-post_type menu-item-object-page menu-item-129\"><a href=\"https:\/\/staging.venturacounty.gov\/parks-department\/es\/reservations\/\" class=\"elementor-sub-item\" tabindex=\"-1\">Reservas<\/a><\/li>\n\t<li class=\"menu-item menu-item-type-custom menu-item-object-custom menu-item-131\"><a target=\"_blank\" href=\"\/parks-department\/wp-content\/uploads\/sites\/24\/2023\/07\/HISTORY-OF-THE-VENTURA-COUNTY.pdf\" class=\"elementor-sub-item\" tabindex=\"-1\">Historia<\/a><\/li>\n<\/ul>\n<\/li>\n<li class=\"menu-item menu-item-type-custom menu-item-object-custom menu-item-has-children menu-item-73\"><a href=\"#\" class=\"elementor-item elementor-item-anchor\" tabindex=\"-1\">Administraci\u00f3n de Parques<\/a>\n<ul class=\"sub-menu elementor-nav-menu--dropdown\">\n\t<li class=\"menu-item menu-item-type-post_type menu-item-object-page menu-item-133\"><a href=\"https:\/\/staging.venturacounty.gov\/parks-department\/es\/administration\/\" class=\"elementor-sub-item\" tabindex=\"-1\">Administraci\u00f3n<\/a><\/li>\n\t<li class=\"menu-item menu-item-type-post_type menu-item-object-page menu-item-135\"><a href=\"https:\/\/staging.venturacounty.gov\/parks-department\/es\/parks-department-staff\/\" class=\"elementor-sub-item\" tabindex=\"-1\">Personal<\/a><\/li>\n\t<li class=\"menu-item menu-item-type-post_type menu-item-object-page menu-item-137\"><a href=\"https:\/\/staging.venturacounty.gov\/parks-department\/es\/about-us\/\" class=\"elementor-sub-item\" tabindex=\"-1\">Qui\u00e9nes somos<\/a><\/li>\n\t<li class=\"menu-item menu-item-type-post_type menu-item-object-page menu-item-139\"><a href=\"https:\/\/staging.venturacounty.gov\/parks-department\/es\/contact-us\/\" class=\"elementor-sub-item\" tabindex=\"-1\">P\u00f3ngase en contacto con nosotros<\/a><\/li>\n<\/ul>\n<\/li>\n<li class=\"menu-item menu-item-type-custom menu-item-object-custom menu-item-has-children menu-item-74\"><a href=\"#\" class=\"elementor-item elementor-item-anchor\" tabindex=\"-1\">Parques<\/a>\n<ul class=\"sub-menu elementor-nav-menu--dropdown\">\n\t<li class=\"menu-item menu-item-type-post_type menu-item-object-page menu-item-141\"><a href=\"https:\/\/staging.venturacounty.gov\/parks-department\/es\/beach-front-parks\/\" class=\"elementor-sub-item\" tabindex=\"-1\">PARQUES FRENTE A LA PLAYA<\/a><\/li>\n\t<li class=\"menu-item menu-item-type-post_type menu-item-object-page menu-item-143\"><a href=\"https:\/\/staging.venturacounty.gov\/parks-department\/es\/inland-parks\/\" class=\"elementor-sub-item\" tabindex=\"-1\">PARQUES DE INTERIOR<\/a><\/li>\n\t<li class=\"menu-item menu-item-type-post_type menu-item-object-page menu-item-145\"><a href=\"https:\/\/staging.venturacounty.gov\/parks-department\/es\/community-centers\/\" class=\"elementor-sub-item\" tabindex=\"-1\">CENTROS COMUNITARIOS<\/a><\/li>\n\t<li class=\"menu-item menu-item-type-post_type menu-item-object-page menu-item-147\"><a href=\"https:\/\/staging.venturacounty.gov\/parks-department\/es\/golf-courses\/\" class=\"elementor-sub-item\" tabindex=\"-1\">CAMPOS DE GOLF<\/a><\/li>\n\t<li class=\"menu-item menu-item-type-post_type menu-item-object-page menu-item-149\"><a href=\"https:\/\/staging.venturacounty.gov\/parks-department\/es\/trails\/\" class=\"elementor-sub-item\" tabindex=\"-1\">CAMINOS<\/a><\/li>\n\t<li class=\"menu-item menu-item-type-post_type menu-item-object-page menu-item-151\"><a href=\"https:\/\/staging.venturacounty.gov\/parks-department\/es\/mitchell-edelson-dog-park-at-soule-park\/\" class=\"elementor-sub-item\" tabindex=\"-1\">SOULE DOG PARK<\/a><\/li>\n<\/ul>\n<\/li>\n<li class=\"menu-item menu-item-type-custom menu-item-object-custom menu-item-has-children menu-item-75\"><a href=\"#\" class=\"elementor-item elementor-item-anchor\" tabindex=\"-1\">Recursos<\/a>\n<ul class=\"sub-menu elementor-nav-menu--dropdown\">\n\t<li class=\"menu-item menu-item-type-post_type menu-item-object-page menu-item-153\"><a href=\"https:\/\/staging.venturacounty.gov\/parks-department\/es\/use-permits\/\" class=\"elementor-sub-item\" tabindex=\"-1\">Permisos de uso<\/a><\/li>\n\t<li class=\"menu-item menu-item-type-post_type menu-item-object-page menu-item-155\"><a href=\"https:\/\/staging.venturacounty.gov\/parks-department\/es\/park-rules\/\" class=\"elementor-sub-item\" tabindex=\"-1\">Normas del parque<\/a><\/li>\n\t<li class=\"menu-item menu-item-type-post_type menu-item-object-page menu-item-157\"><a href=\"https:\/\/staging.venturacounty.gov\/parks-department\/es\/forms\/\" class=\"elementor-sub-item\" tabindex=\"-1\">Formularios<\/a><\/li>\n\t<li class=\"menu-item menu-item-type-post_type menu-item-object-page menu-item-159\"><a href=\"https:\/\/staging.venturacounty.gov\/parks-department\/es\/links\/\" class=\"elementor-sub-item\" tabindex=\"-1\">Enlaces<\/a><\/li>\n<\/ul>\n<\/li>\n<li class=\"menu-item menu-item-type-post_type menu-item-object-page menu-item-has-children menu-item-235\"><a href=\"https:\/\/staging.venturacounty.gov\/parks-department\/es\/frequently-asked-questions\/parks-faq\/\" class=\"elementor-item\" tabindex=\"-1\">PREGUNTAS FRECUENTES<\/a>\n<ul class=\"sub-menu elementor-nav-menu--dropdown\">\n\t<li class=\"menu-item menu-item-type-post_type menu-item-object-page menu-item-237\"><a href=\"https:\/\/staging.venturacounty.gov\/parks-department\/es\/frequently-asked-questions\/parks-faq\/\" class=\"elementor-sub-item\" tabindex=\"-1\">Parques FAQ<\/a><\/li>\n<\/ul>\n<\/li>\n<li class=\"menu-item menu-item-type-post_type menu-item-object-page menu-item-161\"><a href=\"https:\/\/staging.venturacounty.gov\/parks-department\/es\/job-opportunities\/\" class=\"elementor-item\" tabindex=\"-1\">Oportunidades de acogida<\/a><\/li>\n<li class=\"menu-item menu-item-type-post_type menu-item-object-page menu-item-229\"><a href=\"https:\/\/staging.venturacounty.gov\/parks-department\/es\/parks-advisory-commission-pac\/\" class=\"elementor-item\" tabindex=\"-1\">Comisi\u00f3n de Parques<\/a><\/li>\n<\/ul>\t\t\t<\/nav>\n\t\t\t\t\t\t<\/div>\n\t\t\t\t<\/div>\n\t\t\t\t\t<\/div>\n\t\t\t\t<\/div>\n\t\t<div class=\"elementor-element elementor-element-0177729 e-flex e-con-boxed e-con e-parent\" data-id=\"0177729\" data-element_type=\"container\">\n\t\t\t\t\t<div class=\"e-con-inner\">\n\t\t<div class=\"elementor-element elementor-element-e372ebe e-flex e-con-boxed e-con e-child\" data-id=\"e372ebe\" data-element_type=\"container\">\n\t\t\t\t\t<div class=\"e-con-inner\">\n\t\t\t\t<div class=\"elementor-element elementor-element-a7dd78a elementor-widget elementor-widget-text-editor\" data-id=\"a7dd78a\" data-element_type=\"widget\" data-widget_type=\"text-editor.default\">\n\t\t\t\t<div class=\"elementor-widget-container\">\n\t\t\t\t\t\t\t\t\t<h1 style=\"font-size: 1rem; font-weight: bold;\"><span style=\"text-decoration: underline;\">Qui\u00e9nes somos<\/span>\u00a0<\/h1><p>El Departamento de Parques es un departamento de la Agencia de Servicios Generales y se encarga de la planificaci\u00f3n, el desarrollo, el mantenimiento y el funcionamiento de diversas instalaciones recreativas en todo el condado de Ventura.<\/p><p>Los parques se financian y gestionan con los ingresos procedentes de las cuotas de los usuarios y las subvenciones. El departamento no se financia con los impuestos locales a trav\u00e9s del Fondo General del Condado. El Fondo Empresarial de Parques retiene todas las cuotas de los usuarios para el mantenimiento y la mejora continuos de sus instalaciones recreativas.<\/p><p>Hay algunas instalaciones recreativas explotadas por empresas privadas, mediante arrendamientos a largo plazo gestionados por el departamento. Esperamos sinceramente que aproveche pronto la oportunidad de visitar una de nuestras instalaciones recreativas y que su experiencia sea agradable.<\/p><p><span style=\"text-decoration: underline;\"><strong>Misi\u00f3n<\/strong><\/span><\/p><p>\"A trav\u00e9s de la preservaci\u00f3n y mejora de las instalaciones de parques y actividades recreativas dentro del condado de Ventura y la prestaci\u00f3n de un servicio al cliente de primera clase, proporcionamos una experiencia recreativa diversa y de alta calidad que es autosuficiente y supera las necesidades y expectativas de nuestros clientes.\"<\/p><p><span style=\"text-decoration: underline;\"><strong>Visi\u00f3n<\/strong><\/span><\/p><p>El Departamento de Parques del Condado de Ventura perseguir\u00e1 continuamente la mejora de la calidad de vida de los ciudadanos del Condado de Ventura y otros visitantes mediante la calidad de nuestras instalaciones y servicios, protegiendo al mismo tiempo los recursos naturales y la belleza de nuestros parques y zonas hist\u00f3ricas.<\/p>\t\t\t\t\t\t\t\t<\/div>\n\t\t\t\t<\/div>\n\t\t\t\t\t<\/div>\n\t\t\t\t<\/div>\n\t\t\t\t\t<\/div>\n\t\t\t\t<\/div>\n\t\t\t\t<\/div>","protected":false},"excerpt":{"rendered":"<p>About Us\u00a0 The Parks Department is a department of the General Services Agency and is charged with the planning, development, maintenance, and operation of various recreational facilities throughout Ventura County. The parks are funded and operated with revenues received from user fees and grants. The department is not supported by local tax dollars through the [&hellip;]<\/p>\n","protected":false},"author":7,"featured_media":0,"parent":0,"menu_order":0,"comment_status":"closed","ping_status":"closed","template":"","meta":{"_relevanssi_hide_post":"","_relevanssi_hide_content":"","_relevanssi_pin_for_all":"","_relevanssi_pin_keywords":"","_relevanssi_unpin_keywords":"","_relevanssi_related_keywords":"","_relevanssi_related_include_ids":"","_relevanssi_related_exclude_ids":"","_relevanssi_related_no_append":"","_relevanssi_related_not_related":"","_relevanssi_related_posts":"","_relevanssi_noindex_reason":"","footnotes":""},"categories":[],"tags":[],"class_list":["post-136","page","type-page","status-publish","hentry"],"_links":{"self":[{"href":"https:\/\/staging.venturacounty.gov\/parks-department\/es\/wp-json\/wp\/v2\/pages\/136","targetHints":{"allow":["GET"]}}],"collection":[{"href":"https:\/\/staging.venturacounty.gov\/parks-department\/es\/wp-json\/wp\/v2\/pages"}],"about":[{"href":"https:\/\/staging.venturacounty.gov\/parks-department\/es\/wp-json\/wp\/v2\/types\/page"}],"author":[{"embeddable":true,"href":"https:\/\/staging.venturacounty.gov\/parks-department\/es\/wp-json\/wp\/v2\/users\/7"}],"replies":[{"embeddable":true,"href":"https:\/\/staging.venturacounty.gov\/parks-department\/es\/wp-json\/wp\/v2\/comments?post=136"}],"version-history":[{"count":0,"href":"https:\/\/staging.venturacounty.gov\/parks-department\/es\/wp-json\/wp\/v2\/pages\/136\/revisions"}],"wp:attachment":[{"href":"https:\/\/staging.venturacounty.gov\/parks-department\/es\/wp-json\/wp\/v2\/media?parent=136"}],"wp:term":[{"taxonomy":"category","embeddable":true,"href":"https:\/\/staging.venturacounty.gov\/parks-department\/es\/wp-json\/wp\/v2\/categories?post=136"},{"taxonomy":"post_tag","embeddable":true,"href":"https:\/\/staging.venturacounty.gov\/parks-department\/es\/wp-json\/wp\/v2\/tags?post=136"}],"curies":[{"name":"wp","href":"https:\/\/api.w.org\/{rel}","templated":true}]}}