{"id":132,"date":"2023-07-17T20:53:54","date_gmt":"2023-07-17T20:53:54","guid":{"rendered":"https:\/\/staging.venturacounty.gov\/parks-department\/?page_id=132"},"modified":"2023-07-19T18:12:21","modified_gmt":"2023-07-19T18:12:21","slug":"administration","status":"publish","type":"page","link":"https:\/\/staging.venturacounty.gov\/parks-department\/es\/administration\/","title":{"rendered":"Administraci\u00f3n"},"content":{"rendered":"<div data-elementor-type=\"wp-page\" data-elementor-id=\"132\" class=\"elementor elementor-132\" data-elementor-post-type=\"page\">\n\t\t\t\t<div class=\"elementor-element elementor-element-211bf85 e-flex e-con-boxed e-con e-parent\" data-id=\"211bf85\" data-element_type=\"container\">\n\t\t\t\t\t<div class=\"e-con-inner\">\n\t\t<div class=\"elementor-element elementor-element-1239e6f e-flex e-con-boxed e-con e-child\" data-id=\"1239e6f\" data-element_type=\"container\" data-settings=\"{&quot;background_background&quot;:&quot;classic&quot;}\">\n\t\t\t\t\t<div class=\"e-con-inner\">\n\t\t\t\t<div class=\"elementor-element elementor-element-ee60f99 elementor-widget elementor-widget-image\" data-id=\"ee60f99\" data-element_type=\"widget\" data-widget_type=\"image.default\">\n\t\t\t\t<div class=\"elementor-widget-container\">\n\t\t\t\t\t\t\t\t\t\t\t\t\t\t\t<img decoding=\"async\" width=\"357\" height=\"75\" src=\"https:\/\/staging.venturacounty.gov\/parks-department\/wp-content\/uploads\/sites\/24\/2023\/07\/parks-dept-header.png\" class=\"attachment-large size-large wp-image-99\" alt=\"Parks Dept Header\" srcset=\"https:\/\/staging.venturacounty.gov\/parks-department\/wp-content\/uploads\/sites\/24\/2023\/07\/parks-dept-header.png 357w, https:\/\/staging.venturacounty.gov\/parks-department\/wp-content\/uploads\/sites\/24\/2023\/07\/parks-dept-header-300x63.png 300w\" sizes=\"(max-width: 357px) 100vw, 357px\" \/>\t\t\t\t\t\t\t\t\t\t\t\t\t\t\t<\/div>\n\t\t\t\t<\/div>\n\t\t\t\t\t<\/div>\n\t\t\t\t<\/div>\n\t\t\t\t\t<\/div>\n\t\t\t\t<\/div>\n\t\t<div class=\"elementor-element elementor-element-3645d9c e-flex e-con-boxed e-con e-parent\" data-id=\"3645d9c\" data-element_type=\"container\" data-settings=\"{&quot;background_background&quot;:&quot;classic&quot;}\">\n\t\t\t\t\t<div class=\"e-con-inner\">\n\t\t\t\t<div class=\"elementor-element elementor-element-0996bc0 elementor-nav-menu--dropdown-tablet elementor-nav-menu__text-align-aside elementor-nav-menu--toggle elementor-nav-menu--burger elementor-widget elementor-widget-nav-menu\" data-id=\"0996bc0\" data-element_type=\"widget\" data-settings=\"{&quot;layout&quot;:&quot;horizontal&quot;,&quot;submenu_icon&quot;:{&quot;value&quot;:&quot;&lt;i class=\\&quot;fas fa-caret-down\\&quot;&gt;&lt;\\\/i&gt;&quot;,&quot;library&quot;:&quot;fa-solid&quot;},&quot;toggle&quot;:&quot;burger&quot;}\" data-widget_type=\"nav-menu.default\">\n\t\t\t\t<div class=\"elementor-widget-container\">\n\t\t\t\t\t\t\t\t<nav aria-label=\"Men\u00fa\" class=\"elementor-nav-menu--main elementor-nav-menu__container elementor-nav-menu--layout-horizontal e--pointer-background e--animation-fade\">\n\t\t\t\t<ul id=\"menu-1-0996bc0\" class=\"elementor-nav-menu\"><li class=\"menu-item menu-item-type-custom menu-item-object-custom menu-item-has-children menu-item-72\"><a href=\"#\" class=\"elementor-item elementor-item-anchor\">Informaci\u00f3n general<\/a>\n<ul class=\"sub-menu elementor-nav-menu--dropdown\">\n\t<li class=\"menu-item menu-item-type-post_type menu-item-object-page menu-item-home menu-item-123\"><a href=\"https:\/\/staging.venturacounty.gov\/parks-department\/es\/\" class=\"elementor-sub-item\">Inicio<\/a><\/li>\n\t<li class=\"menu-item menu-item-type-post_type menu-item-object-page menu-item-122\"><a href=\"https:\/\/staging.venturacounty.gov\/parks-department\/es\/news-and-information\/\" class=\"elementor-sub-item\">Noticias e informaci\u00f3n<\/a><\/li>\n\t<li class=\"menu-item menu-item-type-custom menu-item-object-custom menu-item-124\"><a target=\"_blank\" href=\"https:\/\/staging.venturacounty.gov\/parks-department\/wp-content\/uploads\/sites\/24\/2024\/03\/Rent-Fee-2024-1.pdf\" class=\"elementor-sub-item\">Tasas de uso de parques<\/a><\/li>\n\t<li class=\"menu-item menu-item-type-custom menu-item-object-custom menu-item-125\"><a target=\"_blank\" href=\"https:\/\/venturacountyactiveoutdoors-vcitsgis.hub.arcgis.com\/\" class=\"elementor-sub-item\">Actividades al aire libre<\/a><\/li>\n\t<li class=\"menu-item menu-item-type-post_type menu-item-object-page menu-item-127\"><a href=\"https:\/\/staging.venturacounty.gov\/parks-department\/es\/parks-system-map\/\" class=\"elementor-sub-item\">Mapa del sistema de parques<\/a><\/li>\n\t<li class=\"menu-item menu-item-type-post_type menu-item-object-page menu-item-128\"><a href=\"https:\/\/staging.venturacounty.gov\/parks-department\/es\/annual-pass\/\" class=\"elementor-sub-item\">Pase anual<\/a><\/li>\n\t<li class=\"menu-item menu-item-type-post_type menu-item-object-page menu-item-129\"><a href=\"https:\/\/staging.venturacounty.gov\/parks-department\/es\/reservations\/\" class=\"elementor-sub-item\">Reservas<\/a><\/li>\n\t<li class=\"menu-item menu-item-type-custom menu-item-object-custom menu-item-131\"><a target=\"_blank\" href=\"\/parks-department\/wp-content\/uploads\/sites\/24\/2023\/07\/HISTORY-OF-THE-VENTURA-COUNTY.pdf\" class=\"elementor-sub-item\">Historia<\/a><\/li>\n<\/ul>\n<\/li>\n<li class=\"menu-item menu-item-type-custom menu-item-object-custom menu-item-has-children menu-item-73\"><a href=\"#\" class=\"elementor-item elementor-item-anchor\">Administraci\u00f3n de Parques<\/a>\n<ul class=\"sub-menu elementor-nav-menu--dropdown\">\n\t<li class=\"menu-item menu-item-type-post_type menu-item-object-page menu-item-133\"><a href=\"https:\/\/staging.venturacounty.gov\/parks-department\/es\/administration\/\" class=\"elementor-sub-item\">Administraci\u00f3n<\/a><\/li>\n\t<li class=\"menu-item menu-item-type-post_type menu-item-object-page menu-item-135\"><a href=\"https:\/\/staging.venturacounty.gov\/parks-department\/es\/parks-department-staff\/\" class=\"elementor-sub-item\">Personal<\/a><\/li>\n\t<li class=\"menu-item menu-item-type-post_type menu-item-object-page menu-item-137\"><a href=\"https:\/\/staging.venturacounty.gov\/parks-department\/es\/about-us\/\" class=\"elementor-sub-item\">Qui\u00e9nes somos<\/a><\/li>\n\t<li class=\"menu-item menu-item-type-post_type menu-item-object-page menu-item-139\"><a href=\"https:\/\/staging.venturacounty.gov\/parks-department\/es\/contact-us\/\" class=\"elementor-sub-item\">P\u00f3ngase en contacto con nosotros<\/a><\/li>\n<\/ul>\n<\/li>\n<li class=\"menu-item menu-item-type-custom menu-item-object-custom menu-item-has-children menu-item-74\"><a href=\"#\" class=\"elementor-item elementor-item-anchor\">Parques<\/a>\n<ul class=\"sub-menu elementor-nav-menu--dropdown\">\n\t<li class=\"menu-item menu-item-type-post_type menu-item-object-page menu-item-141\"><a href=\"https:\/\/staging.venturacounty.gov\/parks-department\/es\/beach-front-parks\/\" class=\"elementor-sub-item\">PARQUES FRENTE A LA PLAYA<\/a><\/li>\n\t<li class=\"menu-item menu-item-type-post_type menu-item-object-page menu-item-143\"><a href=\"https:\/\/staging.venturacounty.gov\/parks-department\/es\/inland-parks\/\" class=\"elementor-sub-item\">PARQUES DE INTERIOR<\/a><\/li>\n\t<li class=\"menu-item menu-item-type-post_type menu-item-object-page menu-item-145\"><a href=\"https:\/\/staging.venturacounty.gov\/parks-department\/es\/community-centers\/\" class=\"elementor-sub-item\">CENTROS COMUNITARIOS<\/a><\/li>\n\t<li class=\"menu-item menu-item-type-post_type menu-item-object-page menu-item-147\"><a href=\"https:\/\/staging.venturacounty.gov\/parks-department\/es\/golf-courses\/\" class=\"elementor-sub-item\">CAMPOS DE GOLF<\/a><\/li>\n\t<li class=\"menu-item menu-item-type-post_type menu-item-object-page menu-item-149\"><a href=\"https:\/\/staging.venturacounty.gov\/parks-department\/es\/trails\/\" class=\"elementor-sub-item\">CAMINOS<\/a><\/li>\n\t<li class=\"menu-item menu-item-type-post_type menu-item-object-page menu-item-151\"><a href=\"https:\/\/staging.venturacounty.gov\/parks-department\/es\/mitchell-edelson-dog-park-at-soule-park\/\" class=\"elementor-sub-item\">SOULE DOG PARK<\/a><\/li>\n<\/ul>\n<\/li>\n<li class=\"menu-item menu-item-type-custom menu-item-object-custom menu-item-has-children menu-item-75\"><a href=\"#\" class=\"elementor-item elementor-item-anchor\">Recursos<\/a>\n<ul class=\"sub-menu elementor-nav-menu--dropdown\">\n\t<li class=\"menu-item menu-item-type-post_type menu-item-object-page menu-item-153\"><a href=\"https:\/\/staging.venturacounty.gov\/parks-department\/es\/use-permits\/\" class=\"elementor-sub-item\">Permisos de uso<\/a><\/li>\n\t<li class=\"menu-item menu-item-type-post_type menu-item-object-page menu-item-155\"><a href=\"https:\/\/staging.venturacounty.gov\/parks-department\/es\/park-rules\/\" class=\"elementor-sub-item\">Normas del parque<\/a><\/li>\n\t<li class=\"menu-item menu-item-type-post_type menu-item-object-page menu-item-157\"><a href=\"https:\/\/staging.venturacounty.gov\/parks-department\/es\/forms\/\" class=\"elementor-sub-item\">Formularios<\/a><\/li>\n\t<li class=\"menu-item menu-item-type-post_type menu-item-object-page menu-item-159\"><a href=\"https:\/\/staging.venturacounty.gov\/parks-department\/es\/links\/\" class=\"elementor-sub-item\">Enlaces<\/a><\/li>\n<\/ul>\n<\/li>\n<li class=\"menu-item menu-item-type-post_type menu-item-object-page menu-item-has-children menu-item-235\"><a href=\"https:\/\/staging.venturacounty.gov\/parks-department\/es\/frequently-asked-questions\/parks-faq\/\" class=\"elementor-item\">PREGUNTAS FRECUENTES<\/a>\n<ul class=\"sub-menu elementor-nav-menu--dropdown\">\n\t<li class=\"menu-item menu-item-type-post_type menu-item-object-page menu-item-237\"><a href=\"https:\/\/staging.venturacounty.gov\/parks-department\/es\/frequently-asked-questions\/parks-faq\/\" class=\"elementor-sub-item\">Parques FAQ<\/a><\/li>\n<\/ul>\n<\/li>\n<li class=\"menu-item menu-item-type-post_type menu-item-object-page menu-item-161\"><a href=\"https:\/\/staging.venturacounty.gov\/parks-department\/es\/job-opportunities\/\" class=\"elementor-item\">Oportunidades de acogida<\/a><\/li>\n<li class=\"menu-item menu-item-type-post_type menu-item-object-page menu-item-229\"><a href=\"https:\/\/staging.venturacounty.gov\/parks-department\/es\/parks-advisory-commission-pac\/\" class=\"elementor-item\">Comisi\u00f3n de Parques<\/a><\/li>\n<\/ul>\t\t\t<\/nav>\n\t\t\t\t\t<div class=\"elementor-menu-toggle\" role=\"button\" tabindex=\"0\" aria-label=\"Men\u00fa Toggle\" aria-expanded=\"false\">\n\t\t\t<i aria-hidden=\"true\" role=\"presentation\" class=\"elementor-menu-toggle__icon--open eicon-menu-bar\"><\/i><i aria-hidden=\"true\" role=\"presentation\" class=\"elementor-menu-toggle__icon--close eicon-close\"><\/i>\t\t<\/div>\n\t\t\t\t\t<nav class=\"elementor-nav-menu--dropdown elementor-nav-menu__container\" aria-hidden=\"true\">\n\t\t\t\t<ul id=\"menu-2-0996bc0\" class=\"elementor-nav-menu\"><li class=\"menu-item menu-item-type-custom menu-item-object-custom menu-item-has-children menu-item-72\"><a href=\"#\" class=\"elementor-item elementor-item-anchor\" tabindex=\"-1\">Informaci\u00f3n general<\/a>\n<ul class=\"sub-menu elementor-nav-menu--dropdown\">\n\t<li class=\"menu-item menu-item-type-post_type menu-item-object-page menu-item-home menu-item-123\"><a href=\"https:\/\/staging.venturacounty.gov\/parks-department\/es\/\" class=\"elementor-sub-item\" tabindex=\"-1\">Inicio<\/a><\/li>\n\t<li class=\"menu-item menu-item-type-post_type menu-item-object-page menu-item-122\"><a href=\"https:\/\/staging.venturacounty.gov\/parks-department\/es\/news-and-information\/\" class=\"elementor-sub-item\" tabindex=\"-1\">Noticias e informaci\u00f3n<\/a><\/li>\n\t<li class=\"menu-item menu-item-type-custom menu-item-object-custom menu-item-124\"><a target=\"_blank\" href=\"https:\/\/staging.venturacounty.gov\/parks-department\/wp-content\/uploads\/sites\/24\/2024\/03\/Rent-Fee-2024-1.pdf\" class=\"elementor-sub-item\" tabindex=\"-1\">Tasas de uso de parques<\/a><\/li>\n\t<li class=\"menu-item menu-item-type-custom menu-item-object-custom menu-item-125\"><a target=\"_blank\" href=\"https:\/\/venturacountyactiveoutdoors-vcitsgis.hub.arcgis.com\/\" class=\"elementor-sub-item\" tabindex=\"-1\">Actividades al aire libre<\/a><\/li>\n\t<li class=\"menu-item menu-item-type-post_type menu-item-object-page menu-item-127\"><a href=\"https:\/\/staging.venturacounty.gov\/parks-department\/es\/parks-system-map\/\" class=\"elementor-sub-item\" tabindex=\"-1\">Mapa del sistema de parques<\/a><\/li>\n\t<li class=\"menu-item menu-item-type-post_type menu-item-object-page menu-item-128\"><a href=\"https:\/\/staging.venturacounty.gov\/parks-department\/es\/annual-pass\/\" class=\"elementor-sub-item\" tabindex=\"-1\">Pase anual<\/a><\/li>\n\t<li class=\"menu-item menu-item-type-post_type menu-item-object-page menu-item-129\"><a href=\"https:\/\/staging.venturacounty.gov\/parks-department\/es\/reservations\/\" class=\"elementor-sub-item\" tabindex=\"-1\">Reservas<\/a><\/li>\n\t<li class=\"menu-item menu-item-type-custom menu-item-object-custom menu-item-131\"><a target=\"_blank\" href=\"\/parks-department\/wp-content\/uploads\/sites\/24\/2023\/07\/HISTORY-OF-THE-VENTURA-COUNTY.pdf\" class=\"elementor-sub-item\" tabindex=\"-1\">Historia<\/a><\/li>\n<\/ul>\n<\/li>\n<li class=\"menu-item menu-item-type-custom menu-item-object-custom menu-item-has-children menu-item-73\"><a href=\"#\" class=\"elementor-item elementor-item-anchor\" tabindex=\"-1\">Administraci\u00f3n de Parques<\/a>\n<ul class=\"sub-menu elementor-nav-menu--dropdown\">\n\t<li class=\"menu-item menu-item-type-post_type menu-item-object-page menu-item-133\"><a href=\"https:\/\/staging.venturacounty.gov\/parks-department\/es\/administration\/\" class=\"elementor-sub-item\" tabindex=\"-1\">Administraci\u00f3n<\/a><\/li>\n\t<li class=\"menu-item menu-item-type-post_type menu-item-object-page menu-item-135\"><a href=\"https:\/\/staging.venturacounty.gov\/parks-department\/es\/parks-department-staff\/\" class=\"elementor-sub-item\" tabindex=\"-1\">Personal<\/a><\/li>\n\t<li class=\"menu-item menu-item-type-post_type menu-item-object-page menu-item-137\"><a href=\"https:\/\/staging.venturacounty.gov\/parks-department\/es\/about-us\/\" class=\"elementor-sub-item\" tabindex=\"-1\">Qui\u00e9nes somos<\/a><\/li>\n\t<li class=\"menu-item menu-item-type-post_type menu-item-object-page menu-item-139\"><a href=\"https:\/\/staging.venturacounty.gov\/parks-department\/es\/contact-us\/\" class=\"elementor-sub-item\" tabindex=\"-1\">P\u00f3ngase en contacto con nosotros<\/a><\/li>\n<\/ul>\n<\/li>\n<li class=\"menu-item menu-item-type-custom menu-item-object-custom menu-item-has-children menu-item-74\"><a href=\"#\" class=\"elementor-item elementor-item-anchor\" tabindex=\"-1\">Parques<\/a>\n<ul class=\"sub-menu elementor-nav-menu--dropdown\">\n\t<li class=\"menu-item menu-item-type-post_type menu-item-object-page menu-item-141\"><a href=\"https:\/\/staging.venturacounty.gov\/parks-department\/es\/beach-front-parks\/\" class=\"elementor-sub-item\" tabindex=\"-1\">PARQUES FRENTE A LA PLAYA<\/a><\/li>\n\t<li class=\"menu-item menu-item-type-post_type menu-item-object-page menu-item-143\"><a href=\"https:\/\/staging.venturacounty.gov\/parks-department\/es\/inland-parks\/\" class=\"elementor-sub-item\" tabindex=\"-1\">PARQUES DE INTERIOR<\/a><\/li>\n\t<li class=\"menu-item menu-item-type-post_type menu-item-object-page menu-item-145\"><a href=\"https:\/\/staging.venturacounty.gov\/parks-department\/es\/community-centers\/\" class=\"elementor-sub-item\" tabindex=\"-1\">CENTROS COMUNITARIOS<\/a><\/li>\n\t<li class=\"menu-item menu-item-type-post_type menu-item-object-page menu-item-147\"><a href=\"https:\/\/staging.venturacounty.gov\/parks-department\/es\/golf-courses\/\" class=\"elementor-sub-item\" tabindex=\"-1\">CAMPOS DE GOLF<\/a><\/li>\n\t<li class=\"menu-item menu-item-type-post_type menu-item-object-page menu-item-149\"><a href=\"https:\/\/staging.venturacounty.gov\/parks-department\/es\/trails\/\" class=\"elementor-sub-item\" tabindex=\"-1\">CAMINOS<\/a><\/li>\n\t<li class=\"menu-item menu-item-type-post_type menu-item-object-page menu-item-151\"><a href=\"https:\/\/staging.venturacounty.gov\/parks-department\/es\/mitchell-edelson-dog-park-at-soule-park\/\" class=\"elementor-sub-item\" tabindex=\"-1\">SOULE DOG PARK<\/a><\/li>\n<\/ul>\n<\/li>\n<li class=\"menu-item menu-item-type-custom menu-item-object-custom menu-item-has-children menu-item-75\"><a href=\"#\" class=\"elementor-item elementor-item-anchor\" tabindex=\"-1\">Recursos<\/a>\n<ul class=\"sub-menu elementor-nav-menu--dropdown\">\n\t<li class=\"menu-item menu-item-type-post_type menu-item-object-page menu-item-153\"><a href=\"https:\/\/staging.venturacounty.gov\/parks-department\/es\/use-permits\/\" class=\"elementor-sub-item\" tabindex=\"-1\">Permisos de uso<\/a><\/li>\n\t<li class=\"menu-item menu-item-type-post_type menu-item-object-page menu-item-155\"><a href=\"https:\/\/staging.venturacounty.gov\/parks-department\/es\/park-rules\/\" class=\"elementor-sub-item\" tabindex=\"-1\">Normas del parque<\/a><\/li>\n\t<li class=\"menu-item menu-item-type-post_type menu-item-object-page menu-item-157\"><a href=\"https:\/\/staging.venturacounty.gov\/parks-department\/es\/forms\/\" class=\"elementor-sub-item\" tabindex=\"-1\">Formularios<\/a><\/li>\n\t<li class=\"menu-item menu-item-type-post_type menu-item-object-page menu-item-159\"><a href=\"https:\/\/staging.venturacounty.gov\/parks-department\/es\/links\/\" class=\"elementor-sub-item\" tabindex=\"-1\">Enlaces<\/a><\/li>\n<\/ul>\n<\/li>\n<li class=\"menu-item menu-item-type-post_type menu-item-object-page menu-item-has-children menu-item-235\"><a href=\"https:\/\/staging.venturacounty.gov\/parks-department\/es\/frequently-asked-questions\/parks-faq\/\" class=\"elementor-item\" tabindex=\"-1\">PREGUNTAS FRECUENTES<\/a>\n<ul class=\"sub-menu elementor-nav-menu--dropdown\">\n\t<li class=\"menu-item menu-item-type-post_type menu-item-object-page menu-item-237\"><a href=\"https:\/\/staging.venturacounty.gov\/parks-department\/es\/frequently-asked-questions\/parks-faq\/\" class=\"elementor-sub-item\" tabindex=\"-1\">Parques FAQ<\/a><\/li>\n<\/ul>\n<\/li>\n<li class=\"menu-item menu-item-type-post_type menu-item-object-page menu-item-161\"><a href=\"https:\/\/staging.venturacounty.gov\/parks-department\/es\/job-opportunities\/\" class=\"elementor-item\" tabindex=\"-1\">Oportunidades de acogida<\/a><\/li>\n<li class=\"menu-item menu-item-type-post_type menu-item-object-page menu-item-229\"><a href=\"https:\/\/staging.venturacounty.gov\/parks-department\/es\/parks-advisory-commission-pac\/\" class=\"elementor-item\" tabindex=\"-1\">Comisi\u00f3n de Parques<\/a><\/li>\n<\/ul>\t\t\t<\/nav>\n\t\t\t\t\t\t<\/div>\n\t\t\t\t<\/div>\n\t\t\t\t\t<\/div>\n\t\t\t\t<\/div>\n\t\t<div class=\"elementor-element elementor-element-0177729 e-flex e-con-boxed e-con e-parent\" data-id=\"0177729\" data-element_type=\"container\">\n\t\t\t\t\t<div class=\"e-con-inner\">\n\t\t<div class=\"elementor-element elementor-element-e372ebe e-flex e-con-boxed e-con e-child\" data-id=\"e372ebe\" data-element_type=\"container\">\n\t\t\t\t\t<div class=\"e-con-inner\">\n\t\t\t\t<div class=\"elementor-element elementor-element-3d80ded elementor-widget elementor-widget-heading\" data-id=\"3d80ded\" data-element_type=\"widget\" data-widget_type=\"heading.default\">\n\t\t\t\t<div class=\"elementor-widget-container\">\n\t\t\t\t\t<h1 class=\"elementor-heading-title elementor-size-default\"> Administraci\u00f3n<\/h1>\t\t\t\t<\/div>\n\t\t\t\t<\/div>\n\t\t\t\t<div class=\"elementor-element elementor-element-dcc1b58 elementor-widget elementor-widget-text-editor\" data-id=\"dcc1b58\" data-element_type=\"widget\" data-widget_type=\"text-editor.default\">\n\t\t\t\t<div class=\"elementor-widget-container\">\n\t\t\t\t\t\t\t\t\t<p><strong>Mensaje del Director Adjunto<\/strong><\/p><p>Me complace ofrecerle una invitaci\u00f3n personal para que compruebe la variedad de oportunidades recreativas disponibles en el condado de Ventura. Tenemos m\u00e1s de veinte parques y campos de golf para todos los niveles, para el disfrute de los visitantes. Cada uno de ellos ofrece sus propias caracter\u00edsticas y atracciones. Encontrar\u00e1 nuestros parques situados a lo largo del Oc\u00e9ano Pac\u00edfico, junto a r\u00edos r\u00fasticos y en el coraz\u00f3n del condado de Ventura. Tenemos campings primitivos en el valle de Ojai y Santa Paula, pintorescas zonas de uso diurno y modernos campings para autocaravanas con todos los servicios: \u00a1eso son los parques del condado de Ventura!<\/p><p>Parques del Condado de Ventura es un Departamento de la Agencia de Servicios Generales y se encarga de la planificaci\u00f3n, desarrollo, mantenimiento y funcionamiento de diversas instalaciones recreativas. El Departamento de Parques se financia con los ingresos procedentes de las cuotas de los usuarios y las subvenciones estatales y federales. El Departamento no se financia con los impuestos locales. Todas las cuotas de los usuarios son retenidas por el Fondo Empresarial de Parques para el mantenimiento continuo y la mejora de sus instalaciones recreativas. Muchas instalaciones recreativas son proporcionadas por empresas privadas, a trav\u00e9s de arrendamientos a largo plazo gestionados por el Departamento.<\/p><p>Esperamos que visite una de nuestras instalaciones recreativas y que disfrute de la experiencia.<\/p><p>Si tiene alguna petici\u00f3n o comentario, no dude en llamar a nuestro Centro de Informaci\u00f3n de Parques al (805) 654-3951 o al\u00a0<a href=\"mailto:county.parks@ventura.org?subject=Parks%20Administration%20web%20page\" target=\"_blank\" rel=\"noopener noreferrer\" aria-label=\"send an email to county.parks@ventura.org?subject=Parks%20Administration%20web%20page\" data-uw-rm-vglnk=\"\">p\u00f3ngase en contacto con nosotros por correo electr\u00f3nico<\/a>.<\/p><p>Atentamente,<\/p><p>Colter Chisum, Subdirector de Parques<br role=\"presentation\" data-uw-rm-sr=\"\" \/>Departamento de Parques del Condado de Ventura<\/p>\t\t\t\t\t\t\t\t<\/div>\n\t\t\t\t<\/div>\n\t\t\t\t\t<\/div>\n\t\t\t\t<\/div>\n\t\t\t\t\t<\/div>\n\t\t\t\t<\/div>\n\t\t\t\t<\/div>","protected":false},"excerpt":{"rendered":"<p>Administration The Deputy Director\u2019s Message I am pleased to offer you a personal invitation to check out a variety of recreational opportunities available in Ventura County. We have more than twenty parks and golf for all levels, for visitors to enjoy. They each offer their own unique features and attractions. You will find our parks [&hellip;]<\/p>\n","protected":false},"author":7,"featured_media":0,"parent":0,"menu_order":0,"comment_status":"closed","ping_status":"closed","template":"","meta":{"_relevanssi_hide_post":"","_relevanssi_hide_content":"","_relevanssi_pin_for_all":"","_relevanssi_pin_keywords":"","_relevanssi_unpin_keywords":"","_relevanssi_related_keywords":"","_relevanssi_related_include_ids":"","_relevanssi_related_exclude_ids":"","_relevanssi_related_no_append":"","_relevanssi_related_not_related":"","_relevanssi_related_posts":"","_relevanssi_noindex_reason":"","footnotes":""},"categories":[],"tags":[],"class_list":["post-132","page","type-page","status-publish","hentry"],"_links":{"self":[{"href":"https:\/\/staging.venturacounty.gov\/parks-department\/es\/wp-json\/wp\/v2\/pages\/132","targetHints":{"allow":["GET"]}}],"collection":[{"href":"https:\/\/staging.venturacounty.gov\/parks-department\/es\/wp-json\/wp\/v2\/pages"}],"about":[{"href":"https:\/\/staging.venturacounty.gov\/parks-department\/es\/wp-json\/wp\/v2\/types\/page"}],"author":[{"embeddable":true,"href":"https:\/\/staging.venturacounty.gov\/parks-department\/es\/wp-json\/wp\/v2\/users\/7"}],"replies":[{"embeddable":true,"href":"https:\/\/staging.venturacounty.gov\/parks-department\/es\/wp-json\/wp\/v2\/comments?post=132"}],"version-history":[{"count":0,"href":"https:\/\/staging.venturacounty.gov\/parks-department\/es\/wp-json\/wp\/v2\/pages\/132\/revisions"}],"wp:attachment":[{"href":"https:\/\/staging.venturacounty.gov\/parks-department\/es\/wp-json\/wp\/v2\/media?parent=132"}],"wp:term":[{"taxonomy":"category","embeddable":true,"href":"https:\/\/staging.venturacounty.gov\/parks-department\/es\/wp-json\/wp\/v2\/categories?post=132"},{"taxonomy":"post_tag","embeddable":true,"href":"https:\/\/staging.venturacounty.gov\/parks-department\/es\/wp-json\/wp\/v2\/tags?post=132"}],"curies":[{"name":"wp","href":"https:\/\/api.w.org\/{rel}","templated":true}]}}