{"id":121,"date":"2023-07-17T20:37:59","date_gmt":"2023-07-17T20:37:59","guid":{"rendered":"https:\/\/staging.venturacounty.gov\/parks-department\/?page_id=121"},"modified":"2024-09-05T16:22:52","modified_gmt":"2024-09-05T16:22:52","slug":"news-and-information","status":"publish","type":"page","link":"https:\/\/staging.venturacounty.gov\/parks-department\/es\/news-and-information\/","title":{"rendered":"Noticias e informaci\u00f3n"},"content":{"rendered":"<div data-elementor-type=\"wp-page\" data-elementor-id=\"121\" class=\"elementor elementor-121\" data-elementor-post-type=\"page\">\n\t\t\t\t<div class=\"elementor-element elementor-element-211bf85 e-flex e-con-boxed e-con e-parent\" data-id=\"211bf85\" data-element_type=\"container\">\n\t\t\t\t\t<div class=\"e-con-inner\">\n\t\t<div class=\"elementor-element elementor-element-1239e6f e-flex e-con-boxed e-con e-child\" data-id=\"1239e6f\" data-element_type=\"container\" data-settings=\"{&quot;background_background&quot;:&quot;classic&quot;}\">\n\t\t\t\t\t<div class=\"e-con-inner\">\n\t\t\t\t<div class=\"elementor-element elementor-element-ee60f99 elementor-widget elementor-widget-image\" data-id=\"ee60f99\" data-element_type=\"widget\" data-widget_type=\"image.default\">\n\t\t\t\t<div class=\"elementor-widget-container\">\n\t\t\t\t\t\t\t\t\t\t\t\t\t\t\t<img decoding=\"async\" width=\"357\" height=\"75\" src=\"https:\/\/staging.venturacounty.gov\/parks-department\/wp-content\/uploads\/sites\/24\/2023\/07\/parks-dept-header.png\" class=\"attachment-large size-large wp-image-99\" alt=\"Parks Dept Header\" srcset=\"https:\/\/staging.venturacounty.gov\/parks-department\/wp-content\/uploads\/sites\/24\/2023\/07\/parks-dept-header.png 357w, https:\/\/staging.venturacounty.gov\/parks-department\/wp-content\/uploads\/sites\/24\/2023\/07\/parks-dept-header-300x63.png 300w\" sizes=\"(max-width: 357px) 100vw, 357px\" \/>\t\t\t\t\t\t\t\t\t\t\t\t\t\t\t<\/div>\n\t\t\t\t<\/div>\n\t\t\t\t\t<\/div>\n\t\t\t\t<\/div>\n\t\t\t\t\t<\/div>\n\t\t\t\t<\/div>\n\t\t<div class=\"elementor-element elementor-element-3645d9c e-flex e-con-boxed e-con e-parent\" data-id=\"3645d9c\" data-element_type=\"container\" data-settings=\"{&quot;background_background&quot;:&quot;classic&quot;}\">\n\t\t\t\t\t<div class=\"e-con-inner\">\n\t\t\t\t<div class=\"elementor-element elementor-element-0996bc0 elementor-nav-menu--dropdown-tablet elementor-nav-menu__text-align-aside elementor-nav-menu--toggle elementor-nav-menu--burger elementor-widget elementor-widget-nav-menu\" data-id=\"0996bc0\" data-element_type=\"widget\" data-settings=\"{&quot;layout&quot;:&quot;horizontal&quot;,&quot;submenu_icon&quot;:{&quot;value&quot;:&quot;&lt;i class=\\&quot;fas fa-caret-down\\&quot;&gt;&lt;\\\/i&gt;&quot;,&quot;library&quot;:&quot;fa-solid&quot;},&quot;toggle&quot;:&quot;burger&quot;}\" data-widget_type=\"nav-menu.default\">\n\t\t\t\t<div class=\"elementor-widget-container\">\n\t\t\t\t\t\t\t\t<nav aria-label=\"Men\u00fa\" class=\"elementor-nav-menu--main elementor-nav-menu__container elementor-nav-menu--layout-horizontal e--pointer-background e--animation-fade\">\n\t\t\t\t<ul id=\"menu-1-0996bc0\" class=\"elementor-nav-menu\"><li class=\"menu-item menu-item-type-custom menu-item-object-custom menu-item-has-children menu-item-72\"><a href=\"#\" class=\"elementor-item elementor-item-anchor\">Informaci\u00f3n general<\/a>\n<ul class=\"sub-menu elementor-nav-menu--dropdown\">\n\t<li class=\"menu-item menu-item-type-post_type menu-item-object-page menu-item-home menu-item-123\"><a href=\"https:\/\/staging.venturacounty.gov\/parks-department\/es\/\" class=\"elementor-sub-item\">Inicio<\/a><\/li>\n\t<li class=\"menu-item menu-item-type-post_type menu-item-object-page menu-item-122\"><a href=\"https:\/\/staging.venturacounty.gov\/parks-department\/es\/news-and-information\/\" class=\"elementor-sub-item\">Noticias e informaci\u00f3n<\/a><\/li>\n\t<li class=\"menu-item menu-item-type-custom menu-item-object-custom menu-item-124\"><a target=\"_blank\" href=\"https:\/\/staging.venturacounty.gov\/parks-department\/wp-content\/uploads\/sites\/24\/2024\/03\/Rent-Fee-2024-1.pdf\" class=\"elementor-sub-item\">Tasas de uso de parques<\/a><\/li>\n\t<li class=\"menu-item menu-item-type-custom menu-item-object-custom menu-item-125\"><a target=\"_blank\" href=\"https:\/\/venturacountyactiveoutdoors-vcitsgis.hub.arcgis.com\/\" class=\"elementor-sub-item\">Actividades al aire libre<\/a><\/li>\n\t<li class=\"menu-item menu-item-type-post_type menu-item-object-page menu-item-127\"><a href=\"https:\/\/staging.venturacounty.gov\/parks-department\/es\/parks-system-map\/\" class=\"elementor-sub-item\">Mapa del sistema de parques<\/a><\/li>\n\t<li class=\"menu-item menu-item-type-post_type menu-item-object-page menu-item-128\"><a href=\"https:\/\/staging.venturacounty.gov\/parks-department\/es\/annual-pass\/\" class=\"elementor-sub-item\">Pase anual<\/a><\/li>\n\t<li class=\"menu-item menu-item-type-post_type menu-item-object-page menu-item-129\"><a href=\"https:\/\/staging.venturacounty.gov\/parks-department\/es\/reservations\/\" class=\"elementor-sub-item\">Reservas<\/a><\/li>\n\t<li class=\"menu-item menu-item-type-custom menu-item-object-custom menu-item-131\"><a target=\"_blank\" href=\"\/parks-department\/wp-content\/uploads\/sites\/24\/2023\/07\/HISTORY-OF-THE-VENTURA-COUNTY.pdf\" class=\"elementor-sub-item\">Historia<\/a><\/li>\n<\/ul>\n<\/li>\n<li class=\"menu-item menu-item-type-custom menu-item-object-custom menu-item-has-children menu-item-73\"><a href=\"#\" class=\"elementor-item elementor-item-anchor\">Administraci\u00f3n de Parques<\/a>\n<ul class=\"sub-menu elementor-nav-menu--dropdown\">\n\t<li class=\"menu-item menu-item-type-post_type menu-item-object-page menu-item-133\"><a href=\"https:\/\/staging.venturacounty.gov\/parks-department\/es\/administration\/\" class=\"elementor-sub-item\">Administraci\u00f3n<\/a><\/li>\n\t<li class=\"menu-item menu-item-type-post_type menu-item-object-page menu-item-135\"><a href=\"https:\/\/staging.venturacounty.gov\/parks-department\/es\/parks-department-staff\/\" class=\"elementor-sub-item\">Personal<\/a><\/li>\n\t<li class=\"menu-item menu-item-type-post_type menu-item-object-page menu-item-137\"><a href=\"https:\/\/staging.venturacounty.gov\/parks-department\/es\/about-us\/\" class=\"elementor-sub-item\">Qui\u00e9nes somos<\/a><\/li>\n\t<li class=\"menu-item menu-item-type-post_type menu-item-object-page menu-item-139\"><a href=\"https:\/\/staging.venturacounty.gov\/parks-department\/es\/contact-us\/\" class=\"elementor-sub-item\">P\u00f3ngase en contacto con nosotros<\/a><\/li>\n<\/ul>\n<\/li>\n<li class=\"menu-item menu-item-type-custom menu-item-object-custom menu-item-has-children menu-item-74\"><a href=\"#\" class=\"elementor-item elementor-item-anchor\">Parques<\/a>\n<ul class=\"sub-menu elementor-nav-menu--dropdown\">\n\t<li class=\"menu-item menu-item-type-post_type menu-item-object-page menu-item-141\"><a href=\"https:\/\/staging.venturacounty.gov\/parks-department\/es\/beach-front-parks\/\" class=\"elementor-sub-item\">PARQUES FRENTE A LA PLAYA<\/a><\/li>\n\t<li class=\"menu-item menu-item-type-post_type menu-item-object-page menu-item-143\"><a href=\"https:\/\/staging.venturacounty.gov\/parks-department\/es\/inland-parks\/\" class=\"elementor-sub-item\">PARQUES DE INTERIOR<\/a><\/li>\n\t<li class=\"menu-item menu-item-type-post_type menu-item-object-page menu-item-145\"><a href=\"https:\/\/staging.venturacounty.gov\/parks-department\/es\/community-centers\/\" class=\"elementor-sub-item\">CENTROS COMUNITARIOS<\/a><\/li>\n\t<li class=\"menu-item menu-item-type-post_type menu-item-object-page menu-item-147\"><a href=\"https:\/\/staging.venturacounty.gov\/parks-department\/es\/golf-courses\/\" class=\"elementor-sub-item\">CAMPOS DE GOLF<\/a><\/li>\n\t<li class=\"menu-item menu-item-type-post_type menu-item-object-page menu-item-149\"><a href=\"https:\/\/staging.venturacounty.gov\/parks-department\/es\/trails\/\" class=\"elementor-sub-item\">CAMINOS<\/a><\/li>\n\t<li class=\"menu-item menu-item-type-post_type menu-item-object-page menu-item-151\"><a href=\"https:\/\/staging.venturacounty.gov\/parks-department\/es\/mitchell-edelson-dog-park-at-soule-park\/\" class=\"elementor-sub-item\">SOULE DOG PARK<\/a><\/li>\n<\/ul>\n<\/li>\n<li class=\"menu-item menu-item-type-custom menu-item-object-custom menu-item-has-children menu-item-75\"><a href=\"#\" class=\"elementor-item elementor-item-anchor\">Recursos<\/a>\n<ul class=\"sub-menu elementor-nav-menu--dropdown\">\n\t<li class=\"menu-item menu-item-type-post_type menu-item-object-page menu-item-153\"><a href=\"https:\/\/staging.venturacounty.gov\/parks-department\/es\/use-permits\/\" class=\"elementor-sub-item\">Permisos de uso<\/a><\/li>\n\t<li class=\"menu-item menu-item-type-post_type menu-item-object-page menu-item-155\"><a href=\"https:\/\/staging.venturacounty.gov\/parks-department\/es\/park-rules\/\" class=\"elementor-sub-item\">Normas del parque<\/a><\/li>\n\t<li class=\"menu-item menu-item-type-post_type menu-item-object-page menu-item-157\"><a href=\"https:\/\/staging.venturacounty.gov\/parks-department\/es\/forms\/\" class=\"elementor-sub-item\">Formularios<\/a><\/li>\n\t<li class=\"menu-item menu-item-type-post_type menu-item-object-page menu-item-159\"><a href=\"https:\/\/staging.venturacounty.gov\/parks-department\/es\/links\/\" class=\"elementor-sub-item\">Enlaces<\/a><\/li>\n<\/ul>\n<\/li>\n<li class=\"menu-item menu-item-type-post_type menu-item-object-page menu-item-has-children menu-item-235\"><a href=\"https:\/\/staging.venturacounty.gov\/parks-department\/es\/frequently-asked-questions\/parks-faq\/\" class=\"elementor-item\">PREGUNTAS FRECUENTES<\/a>\n<ul class=\"sub-menu elementor-nav-menu--dropdown\">\n\t<li class=\"menu-item menu-item-type-post_type menu-item-object-page menu-item-237\"><a href=\"https:\/\/staging.venturacounty.gov\/parks-department\/es\/frequently-asked-questions\/parks-faq\/\" class=\"elementor-sub-item\">Parques FAQ<\/a><\/li>\n<\/ul>\n<\/li>\n<li class=\"menu-item menu-item-type-post_type menu-item-object-page menu-item-161\"><a href=\"https:\/\/staging.venturacounty.gov\/parks-department\/es\/job-opportunities\/\" class=\"elementor-item\">Oportunidades de acogida<\/a><\/li>\n<li class=\"menu-item menu-item-type-post_type menu-item-object-page menu-item-229\"><a href=\"https:\/\/staging.venturacounty.gov\/parks-department\/es\/parks-advisory-commission-pac\/\" class=\"elementor-item\">Comisi\u00f3n de Parques<\/a><\/li>\n<\/ul>\t\t\t<\/nav>\n\t\t\t\t\t<div class=\"elementor-menu-toggle\" role=\"button\" tabindex=\"0\" aria-label=\"Men\u00fa Toggle\" aria-expanded=\"false\">\n\t\t\t<i aria-hidden=\"true\" role=\"presentation\" class=\"elementor-menu-toggle__icon--open eicon-menu-bar\"><\/i><i aria-hidden=\"true\" role=\"presentation\" class=\"elementor-menu-toggle__icon--close eicon-close\"><\/i>\t\t<\/div>\n\t\t\t\t\t<nav class=\"elementor-nav-menu--dropdown elementor-nav-menu__container\" aria-hidden=\"true\">\n\t\t\t\t<ul id=\"menu-2-0996bc0\" class=\"elementor-nav-menu\"><li class=\"menu-item menu-item-type-custom menu-item-object-custom menu-item-has-children menu-item-72\"><a href=\"#\" class=\"elementor-item elementor-item-anchor\" tabindex=\"-1\">Informaci\u00f3n general<\/a>\n<ul class=\"sub-menu elementor-nav-menu--dropdown\">\n\t<li class=\"menu-item menu-item-type-post_type menu-item-object-page menu-item-home menu-item-123\"><a href=\"https:\/\/staging.venturacounty.gov\/parks-department\/es\/\" class=\"elementor-sub-item\" tabindex=\"-1\">Inicio<\/a><\/li>\n\t<li class=\"menu-item menu-item-type-post_type menu-item-object-page menu-item-122\"><a href=\"https:\/\/staging.venturacounty.gov\/parks-department\/es\/news-and-information\/\" class=\"elementor-sub-item\" tabindex=\"-1\">Noticias e informaci\u00f3n<\/a><\/li>\n\t<li class=\"menu-item menu-item-type-custom menu-item-object-custom menu-item-124\"><a target=\"_blank\" href=\"https:\/\/staging.venturacounty.gov\/parks-department\/wp-content\/uploads\/sites\/24\/2024\/03\/Rent-Fee-2024-1.pdf\" class=\"elementor-sub-item\" tabindex=\"-1\">Tasas de uso de parques<\/a><\/li>\n\t<li class=\"menu-item menu-item-type-custom menu-item-object-custom menu-item-125\"><a target=\"_blank\" href=\"https:\/\/venturacountyactiveoutdoors-vcitsgis.hub.arcgis.com\/\" class=\"elementor-sub-item\" tabindex=\"-1\">Actividades al aire libre<\/a><\/li>\n\t<li class=\"menu-item menu-item-type-post_type menu-item-object-page menu-item-127\"><a href=\"https:\/\/staging.venturacounty.gov\/parks-department\/es\/parks-system-map\/\" class=\"elementor-sub-item\" tabindex=\"-1\">Mapa del sistema de parques<\/a><\/li>\n\t<li class=\"menu-item menu-item-type-post_type menu-item-object-page menu-item-128\"><a href=\"https:\/\/staging.venturacounty.gov\/parks-department\/es\/annual-pass\/\" class=\"elementor-sub-item\" tabindex=\"-1\">Pase anual<\/a><\/li>\n\t<li class=\"menu-item menu-item-type-post_type menu-item-object-page menu-item-129\"><a href=\"https:\/\/staging.venturacounty.gov\/parks-department\/es\/reservations\/\" class=\"elementor-sub-item\" tabindex=\"-1\">Reservas<\/a><\/li>\n\t<li class=\"menu-item menu-item-type-custom menu-item-object-custom menu-item-131\"><a target=\"_blank\" href=\"\/parks-department\/wp-content\/uploads\/sites\/24\/2023\/07\/HISTORY-OF-THE-VENTURA-COUNTY.pdf\" class=\"elementor-sub-item\" tabindex=\"-1\">Historia<\/a><\/li>\n<\/ul>\n<\/li>\n<li class=\"menu-item menu-item-type-custom menu-item-object-custom menu-item-has-children menu-item-73\"><a href=\"#\" class=\"elementor-item elementor-item-anchor\" tabindex=\"-1\">Administraci\u00f3n de Parques<\/a>\n<ul class=\"sub-menu elementor-nav-menu--dropdown\">\n\t<li class=\"menu-item menu-item-type-post_type menu-item-object-page menu-item-133\"><a href=\"https:\/\/staging.venturacounty.gov\/parks-department\/es\/administration\/\" class=\"elementor-sub-item\" tabindex=\"-1\">Administraci\u00f3n<\/a><\/li>\n\t<li class=\"menu-item menu-item-type-post_type menu-item-object-page menu-item-135\"><a href=\"https:\/\/staging.venturacounty.gov\/parks-department\/es\/parks-department-staff\/\" class=\"elementor-sub-item\" tabindex=\"-1\">Personal<\/a><\/li>\n\t<li class=\"menu-item menu-item-type-post_type menu-item-object-page menu-item-137\"><a href=\"https:\/\/staging.venturacounty.gov\/parks-department\/es\/about-us\/\" class=\"elementor-sub-item\" tabindex=\"-1\">Qui\u00e9nes somos<\/a><\/li>\n\t<li class=\"menu-item menu-item-type-post_type menu-item-object-page menu-item-139\"><a href=\"https:\/\/staging.venturacounty.gov\/parks-department\/es\/contact-us\/\" class=\"elementor-sub-item\" tabindex=\"-1\">P\u00f3ngase en contacto con nosotros<\/a><\/li>\n<\/ul>\n<\/li>\n<li class=\"menu-item menu-item-type-custom menu-item-object-custom menu-item-has-children menu-item-74\"><a href=\"#\" class=\"elementor-item elementor-item-anchor\" tabindex=\"-1\">Parques<\/a>\n<ul class=\"sub-menu elementor-nav-menu--dropdown\">\n\t<li class=\"menu-item menu-item-type-post_type menu-item-object-page menu-item-141\"><a href=\"https:\/\/staging.venturacounty.gov\/parks-department\/es\/beach-front-parks\/\" class=\"elementor-sub-item\" tabindex=\"-1\">PARQUES FRENTE A LA PLAYA<\/a><\/li>\n\t<li class=\"menu-item menu-item-type-post_type menu-item-object-page menu-item-143\"><a href=\"https:\/\/staging.venturacounty.gov\/parks-department\/es\/inland-parks\/\" class=\"elementor-sub-item\" tabindex=\"-1\">PARQUES DE INTERIOR<\/a><\/li>\n\t<li class=\"menu-item menu-item-type-post_type menu-item-object-page menu-item-145\"><a href=\"https:\/\/staging.venturacounty.gov\/parks-department\/es\/community-centers\/\" class=\"elementor-sub-item\" tabindex=\"-1\">CENTROS COMUNITARIOS<\/a><\/li>\n\t<li class=\"menu-item menu-item-type-post_type menu-item-object-page menu-item-147\"><a href=\"https:\/\/staging.venturacounty.gov\/parks-department\/es\/golf-courses\/\" class=\"elementor-sub-item\" tabindex=\"-1\">CAMPOS DE GOLF<\/a><\/li>\n\t<li class=\"menu-item menu-item-type-post_type menu-item-object-page menu-item-149\"><a href=\"https:\/\/staging.venturacounty.gov\/parks-department\/es\/trails\/\" class=\"elementor-sub-item\" tabindex=\"-1\">CAMINOS<\/a><\/li>\n\t<li class=\"menu-item menu-item-type-post_type menu-item-object-page menu-item-151\"><a href=\"https:\/\/staging.venturacounty.gov\/parks-department\/es\/mitchell-edelson-dog-park-at-soule-park\/\" class=\"elementor-sub-item\" tabindex=\"-1\">SOULE DOG PARK<\/a><\/li>\n<\/ul>\n<\/li>\n<li class=\"menu-item menu-item-type-custom menu-item-object-custom menu-item-has-children menu-item-75\"><a href=\"#\" class=\"elementor-item elementor-item-anchor\" tabindex=\"-1\">Recursos<\/a>\n<ul class=\"sub-menu elementor-nav-menu--dropdown\">\n\t<li class=\"menu-item menu-item-type-post_type menu-item-object-page menu-item-153\"><a href=\"https:\/\/staging.venturacounty.gov\/parks-department\/es\/use-permits\/\" class=\"elementor-sub-item\" tabindex=\"-1\">Permisos de uso<\/a><\/li>\n\t<li class=\"menu-item menu-item-type-post_type menu-item-object-page menu-item-155\"><a href=\"https:\/\/staging.venturacounty.gov\/parks-department\/es\/park-rules\/\" class=\"elementor-sub-item\" tabindex=\"-1\">Normas del parque<\/a><\/li>\n\t<li class=\"menu-item menu-item-type-post_type menu-item-object-page menu-item-157\"><a href=\"https:\/\/staging.venturacounty.gov\/parks-department\/es\/forms\/\" class=\"elementor-sub-item\" tabindex=\"-1\">Formularios<\/a><\/li>\n\t<li class=\"menu-item menu-item-type-post_type menu-item-object-page menu-item-159\"><a href=\"https:\/\/staging.venturacounty.gov\/parks-department\/es\/links\/\" class=\"elementor-sub-item\" tabindex=\"-1\">Enlaces<\/a><\/li>\n<\/ul>\n<\/li>\n<li class=\"menu-item menu-item-type-post_type menu-item-object-page menu-item-has-children menu-item-235\"><a href=\"https:\/\/staging.venturacounty.gov\/parks-department\/es\/frequently-asked-questions\/parks-faq\/\" class=\"elementor-item\" tabindex=\"-1\">PREGUNTAS FRECUENTES<\/a>\n<ul class=\"sub-menu elementor-nav-menu--dropdown\">\n\t<li class=\"menu-item menu-item-type-post_type menu-item-object-page menu-item-237\"><a href=\"https:\/\/staging.venturacounty.gov\/parks-department\/es\/frequently-asked-questions\/parks-faq\/\" class=\"elementor-sub-item\" tabindex=\"-1\">Parques FAQ<\/a><\/li>\n<\/ul>\n<\/li>\n<li class=\"menu-item menu-item-type-post_type menu-item-object-page menu-item-161\"><a href=\"https:\/\/staging.venturacounty.gov\/parks-department\/es\/job-opportunities\/\" class=\"elementor-item\" tabindex=\"-1\">Oportunidades de acogida<\/a><\/li>\n<li class=\"menu-item menu-item-type-post_type menu-item-object-page menu-item-229\"><a href=\"https:\/\/staging.venturacounty.gov\/parks-department\/es\/parks-advisory-commission-pac\/\" class=\"elementor-item\" tabindex=\"-1\">Comisi\u00f3n de Parques<\/a><\/li>\n<\/ul>\t\t\t<\/nav>\n\t\t\t\t\t\t<\/div>\n\t\t\t\t<\/div>\n\t\t\t\t\t<\/div>\n\t\t\t\t<\/div>\n\t\t<div class=\"elementor-element elementor-element-0177729 e-flex e-con-boxed e-con e-parent\" data-id=\"0177729\" data-element_type=\"container\">\n\t\t\t\t\t<div class=\"e-con-inner\">\n\t\t<div class=\"elementor-element elementor-element-e372ebe e-flex e-con-boxed e-con e-child\" data-id=\"e372ebe\" data-element_type=\"container\">\n\t\t\t\t\t<div class=\"e-con-inner\">\n\t\t\t\t<div class=\"elementor-element elementor-element-3d80ded elementor-widget elementor-widget-heading\" data-id=\"3d80ded\" data-element_type=\"widget\" data-widget_type=\"heading.default\">\n\t\t\t\t<div class=\"elementor-widget-container\">\n\t\t\t\t\t<h1 class=\"elementor-heading-title elementor-size-default\">Noticias e informaci\u00f3n<\/h1>\t\t\t\t<\/div>\n\t\t\t\t<\/div>\n\t\t\t\t<div class=\"elementor-element elementor-element-53f409f elementor-widget elementor-widget-text-editor\" data-id=\"53f409f\" data-element_type=\"widget\" data-widget_type=\"text-editor.default\">\n\t\t\t\t<div class=\"elementor-widget-container\">\n\t\t\t\t\t\t\t\t\t<p><strong>Noticias\u00a0<\/strong><\/p><ul class=\"arrow-list\"><li style=\"color: #eb0000;\">Los campings y senderos de Ventura County Parks est\u00e1n totalmente abiertos.<\/li><li style=\"color: #eb0000;\">Rinc\u00f3n y parques de playa - Por favor, ay\u00fadenos con la represi\u00f3n del robo - Asegure todos los art\u00edculos y reportar el robo o actividad sospechosa a la Oficina del Sheriff (no de emergencia 805.654.9511).<\/li><li><p class=\"x_MsoNormal\"><em>Si tiene alguna duda, p\u00f3ngase en contacto con \u00a0\u00a0\u00a0\u00a0\u00a0\u00a0\u00a0\u00a0\u00a0\u00a0\u00a0\u00a0\u00a0\u00a0\u00a0\u00a0\u00a0\u00a0\u00a0\u00a0\u00a0\u00a0\u00a0\u00a0\u00a0\u00a0\u00a0\u00a0\u00a0\u00a0\u00a0\u00a0\u00a0\u00a0\u00a0\u00a0\u00a0\u00a0\u00a0\u00a0\u00a0\u00a0\u00a0\u00a0\u00a0\u00a0<\/em><br role=\"presentation\" data-uw-rm-sr=\"\" \/><i>Departamento de Parques del Condado de Ventura<\/i><br role=\"presentation\" data-uw-rm-sr=\"\" \/><i>805-654-3951\u00a0\u00a0\u00a0\u00a0\u00a0\u00a0<\/i><\/p><\/li><li>Los Parques del Condado son para el disfrute de todos. Dicho esto, la Administraci\u00f3n de Parques quiere reiterar las normas vigentes desde hace tiempo sobre el alquiler por terceros. Alguien que posee un RV no se le permite reservar un camping en un parque del condado y luego revender la reserva a un tercero. Se les permite alquilar el RV a alguien que tiene una reserva para un camping en un parque del Condado. No est\u00e1 permitido transferir las reservas realizadas por una persona a otra. Las infracciones de estas normas tienen graves consecuencias.<\/li><li><strong>A partir del 1 de marzo de 2022<\/strong>\u00a0del Departamento de Parques\u00a0<strong>nuevo baremo de tasas<\/strong>\u00a0entrar\u00e1n en vigor. Haga clic en el enlace para ver los cambios.<\/li><li>Para obtener informaci\u00f3n general sobre las oportunidades recreativas del condado de Ventura, consulte\u00a0<strong><a href=\"https:\/\/venturacountyactiveoutdoors-vcitsgis.hub.arcgis.com\/\" target=\"_blank\" rel=\"noopener\">Ventura County Active Outdoors aqu\u00ed<\/a><\/strong>.<\/li><\/ul><p><strong>Informaci\u00f3n<\/strong><\/p><p>Ciertos eventos celebrados en parques del Condado requerir\u00e1n un Permiso(s) de Uso seg\u00fan la ordenanza del Condado de Ventura.  Ejemplos de eventos que requieren un Permiso(s) de Uso son:<\/p><ul class=\"arrow-list\"><li><ul class=\"arrow-list\"><li><ul class=\"arrow-list\"><li>Grupos grandes o fiestas que:<br role=\"presentation\" data-uw-rm-sr=\"\" \/>est\u00e1n abiertos al p\u00fablico, o<br role=\"presentation\" data-uw-rm-sr=\"\" \/>tendr\u00e1n puestos de venta de bienes o servicios, o<br role=\"presentation\" data-uw-rm-sr=\"\" \/>vender\u00e1 cerveza, vino o alcohol, o<br role=\"presentation\" data-uw-rm-sr=\"\" \/>contar\u00e1 con sonido amplificado (DJ o banda en directo), o<br role=\"presentation\" data-uw-rm-sr=\"\" \/>tendr\u00e1 un Jolly Jumper, payaso, etc., o<br role=\"presentation\" data-uw-rm-sr=\"\" \/>rodar\u00e1n dentro del parque (aplicable a cineastas profesionales y estudiantes de cine).<\/li><\/ul><\/li><\/ul><\/li><\/ul><p>El n\u00famero de permisos de uso necesarios para un evento depende del tipo de evento.  Por ejemplo, una fiesta privada de 250 personas que cuente con un DJ en directo, un puesto de margaritas que venda bebidas por copas y un Jolly Jumper requerir\u00eda los siguientes permisos de uso:<\/p><ul class=\"arrow-list\"><li>Un permiso de sonido amplificado para el DJ en directo<\/li><li>Un permiso de venta de alcohol para vender Margaritas<\/li><li>Un permiso de uso especial para el Jolly Jumper<\/li><li>Un Permiso de Control de Bebidas Alcoh\u00f3licas (no expedido por el Condado de Ventura)<\/li><\/ul><p>Las \u00e1reas de uso diurno o de picnic creadas por uno mismo en cualquier Parque del Condado de Ventura est\u00e1n sujetas a la Secci\u00f3n II, Subsecci\u00f3n H (\u00c1reas de Uso Especial) y pueden incurrir en tasas asociadas a la violaci\u00f3n de esta pol\u00edtica. Consulte\u00a0<a href=\"\/parks-department\/wp-content\/uploads\/sites\/24\/2023\/07\/Rent-Fee-Schedule-2022-6.pdf\" target=\"_blank\" rel=\"noopener\" data-uw-pdf-br=\"1\" data-uw-pdf-doc=\"\">Pol\u00edtica de alquileres y tasas<\/a>\u00a0para m\u00e1s informaci\u00f3n.<\/p><p>Para obtener m\u00e1s informaci\u00f3n sobre los permisos de uso o para programar un evento, llame a la l\u00ednea de reservas de parques al 805-654-3951 o haga clic en el enlace Env\u00edenos un correo electr\u00f3nico.<\/p><p><a href=\"mailto:county.parks@ventura.org\" aria-label=\"env\u00ede un correo electr\u00f3nico a county.parks@ventura.org\" data-uw-rm-vglnk=\"\">Env\u00edenos un correo electr\u00f3nico<\/a><\/p><p><strong>Enlaces relacionados<\/strong><\/p><p><a href=\"https:\/\/vcportal.venturacounty.gov\/GSA\/parksdepartment\/docs\/Guide_to_VC_Parks_Flyer-Facility_Matrix.pdf\" target=\"_blank\" rel=\"noopener noreferrer\" aria-label=\"Gu\u00eda de parques - opens in new tab\" data-uw-rm-ext-link=\"\" data-uw-pdf-br=\"1\" data-uw-pdf-doc=\"\">Gu\u00eda de parques<\/a><\/p>\t\t\t\t\t\t\t\t<\/div>\n\t\t\t\t<\/div>\n\t\t\t\t\t<\/div>\n\t\t\t\t<\/div>\n\t\t\t\t\t<\/div>\n\t\t\t\t<\/div>\n\t\t\t\t<\/div>","protected":false},"excerpt":{"rendered":"<p>News and Information News\u00a0 Ventura County Parks campgrounds and trails are fully open! Rincon and beach parks \u2013 Please help us with theft crackdown \u2013 Secure all items and report theft or suspicious activity to Sheriff\u2019s Office (non-emergency 805.654.9511). If you have concerns, please contact \u00a0\u00a0\u00a0\u00a0\u00a0\u00a0\u00a0\u00a0\u00a0\u00a0\u00a0\u00a0\u00a0\u00a0\u00a0\u00a0\u00a0\u00a0\u00a0\u00a0\u00a0\u00a0\u00a0\u00a0\u00a0\u00a0\u00a0\u00a0\u00a0\u00a0\u00a0\u00a0\u00a0\u00a0\u00a0\u00a0\u00a0\u00a0\u00a0\u00a0\u00a0\u00a0\u00a0\u00a0\u00a0\u00a0Ventura County Parks Department805-654-3951\u00a0\u00a0\u00a0\u00a0\u00a0\u00a0 County Parks are for the enjoyment [&hellip;]<\/p>\n","protected":false},"author":7,"featured_media":0,"parent":0,"menu_order":0,"comment_status":"closed","ping_status":"closed","template":"","meta":{"_relevanssi_hide_post":"","_relevanssi_hide_content":"","_relevanssi_pin_for_all":"","_relevanssi_pin_keywords":"","_relevanssi_unpin_keywords":"","_relevanssi_related_keywords":"","_relevanssi_related_include_ids":"","_relevanssi_related_exclude_ids":"","_relevanssi_related_no_append":"","_relevanssi_related_not_related":"","_relevanssi_related_posts":"","_relevanssi_noindex_reason":"","footnotes":""},"categories":[],"tags":[],"class_list":["post-121","page","type-page","status-publish","hentry"],"_links":{"self":[{"href":"https:\/\/staging.venturacounty.gov\/parks-department\/es\/wp-json\/wp\/v2\/pages\/121","targetHints":{"allow":["GET"]}}],"collection":[{"href":"https:\/\/staging.venturacounty.gov\/parks-department\/es\/wp-json\/wp\/v2\/pages"}],"about":[{"href":"https:\/\/staging.venturacounty.gov\/parks-department\/es\/wp-json\/wp\/v2\/types\/page"}],"author":[{"embeddable":true,"href":"https:\/\/staging.venturacounty.gov\/parks-department\/es\/wp-json\/wp\/v2\/users\/7"}],"replies":[{"embeddable":true,"href":"https:\/\/staging.venturacounty.gov\/parks-department\/es\/wp-json\/wp\/v2\/comments?post=121"}],"version-history":[{"count":0,"href":"https:\/\/staging.venturacounty.gov\/parks-department\/es\/wp-json\/wp\/v2\/pages\/121\/revisions"}],"wp:attachment":[{"href":"https:\/\/staging.venturacounty.gov\/parks-department\/es\/wp-json\/wp\/v2\/media?parent=121"}],"wp:term":[{"taxonomy":"category","embeddable":true,"href":"https:\/\/staging.venturacounty.gov\/parks-department\/es\/wp-json\/wp\/v2\/categories?post=121"},{"taxonomy":"post_tag","embeddable":true,"href":"https:\/\/staging.venturacounty.gov\/parks-department\/es\/wp-json\/wp\/v2\/tags?post=121"}],"curies":[{"name":"wp","href":"https:\/\/api.w.org\/{rel}","templated":true}]}}