{"id":115,"date":"2023-07-17T18:40:33","date_gmt":"2023-07-17T18:40:33","guid":{"rendered":"https:\/\/staging.venturacounty.gov\/parks-department\/?page_id=115"},"modified":"2023-08-28T19:22:06","modified_gmt":"2023-08-28T19:22:06","slug":"reservations","status":"publish","type":"page","link":"https:\/\/staging.venturacounty.gov\/parks-department\/es\/reservations\/","title":{"rendered":"Reservas"},"content":{"rendered":"<div data-elementor-type=\"wp-page\" data-elementor-id=\"115\" class=\"elementor elementor-115\" data-elementor-post-type=\"page\">\n\t\t\t\t<div class=\"elementor-element elementor-element-211bf85 e-flex e-con-boxed e-con e-parent\" data-id=\"211bf85\" data-element_type=\"container\">\n\t\t\t\t\t<div class=\"e-con-inner\">\n\t\t<div class=\"elementor-element elementor-element-1239e6f e-flex e-con-boxed e-con e-child\" data-id=\"1239e6f\" data-element_type=\"container\" data-settings=\"{&quot;background_background&quot;:&quot;classic&quot;}\">\n\t\t\t\t\t<div class=\"e-con-inner\">\n\t\t\t\t<div class=\"elementor-element elementor-element-ee60f99 elementor-widget elementor-widget-image\" data-id=\"ee60f99\" data-element_type=\"widget\" data-widget_type=\"image.default\">\n\t\t\t\t<div class=\"elementor-widget-container\">\n\t\t\t\t\t\t\t\t\t\t\t\t\t\t\t<img decoding=\"async\" width=\"357\" height=\"75\" src=\"https:\/\/staging.venturacounty.gov\/parks-department\/wp-content\/uploads\/sites\/24\/2023\/07\/parks-dept-header.png\" class=\"attachment-large size-large wp-image-99\" alt=\"Parks Dept Header\" srcset=\"https:\/\/staging.venturacounty.gov\/parks-department\/wp-content\/uploads\/sites\/24\/2023\/07\/parks-dept-header.png 357w, https:\/\/staging.venturacounty.gov\/parks-department\/wp-content\/uploads\/sites\/24\/2023\/07\/parks-dept-header-300x63.png 300w\" sizes=\"(max-width: 357px) 100vw, 357px\" \/>\t\t\t\t\t\t\t\t\t\t\t\t\t\t\t<\/div>\n\t\t\t\t<\/div>\n\t\t\t\t\t<\/div>\n\t\t\t\t<\/div>\n\t\t\t\t\t<\/div>\n\t\t\t\t<\/div>\n\t\t<div class=\"elementor-element elementor-element-3645d9c e-flex e-con-boxed e-con e-parent\" data-id=\"3645d9c\" data-element_type=\"container\" data-settings=\"{&quot;background_background&quot;:&quot;classic&quot;}\">\n\t\t\t\t\t<div class=\"e-con-inner\">\n\t\t\t\t<div class=\"elementor-element elementor-element-0996bc0 elementor-nav-menu--dropdown-tablet elementor-nav-menu__text-align-aside elementor-nav-menu--toggle elementor-nav-menu--burger elementor-widget elementor-widget-nav-menu\" data-id=\"0996bc0\" data-element_type=\"widget\" data-settings=\"{&quot;layout&quot;:&quot;horizontal&quot;,&quot;submenu_icon&quot;:{&quot;value&quot;:&quot;&lt;i class=\\&quot;fas fa-caret-down\\&quot;&gt;&lt;\\\/i&gt;&quot;,&quot;library&quot;:&quot;fa-solid&quot;},&quot;toggle&quot;:&quot;burger&quot;}\" data-widget_type=\"nav-menu.default\">\n\t\t\t\t<div class=\"elementor-widget-container\">\n\t\t\t\t\t\t\t\t<nav aria-label=\"Men\u00fa\" class=\"elementor-nav-menu--main elementor-nav-menu__container elementor-nav-menu--layout-horizontal e--pointer-background e--animation-fade\">\n\t\t\t\t<ul id=\"menu-1-0996bc0\" class=\"elementor-nav-menu\"><li class=\"menu-item menu-item-type-custom menu-item-object-custom menu-item-has-children menu-item-72\"><a href=\"#\" class=\"elementor-item elementor-item-anchor\">Informaci\u00f3n general<\/a>\n<ul class=\"sub-menu elementor-nav-menu--dropdown\">\n\t<li class=\"menu-item menu-item-type-post_type menu-item-object-page menu-item-home menu-item-123\"><a href=\"https:\/\/staging.venturacounty.gov\/parks-department\/es\/\" class=\"elementor-sub-item\">Inicio<\/a><\/li>\n\t<li class=\"menu-item menu-item-type-post_type menu-item-object-page menu-item-122\"><a href=\"https:\/\/staging.venturacounty.gov\/parks-department\/es\/news-and-information\/\" class=\"elementor-sub-item\">Noticias e informaci\u00f3n<\/a><\/li>\n\t<li class=\"menu-item menu-item-type-custom menu-item-object-custom menu-item-124\"><a target=\"_blank\" href=\"https:\/\/staging.venturacounty.gov\/parks-department\/wp-content\/uploads\/sites\/24\/2024\/03\/Rent-Fee-2024-1.pdf\" class=\"elementor-sub-item\">Tasas de uso de parques<\/a><\/li>\n\t<li class=\"menu-item menu-item-type-custom menu-item-object-custom menu-item-125\"><a target=\"_blank\" href=\"https:\/\/venturacountyactiveoutdoors-vcitsgis.hub.arcgis.com\/\" class=\"elementor-sub-item\">Actividades al aire libre<\/a><\/li>\n\t<li class=\"menu-item menu-item-type-post_type menu-item-object-page menu-item-127\"><a href=\"https:\/\/staging.venturacounty.gov\/parks-department\/es\/parks-system-map\/\" class=\"elementor-sub-item\">Mapa del sistema de parques<\/a><\/li>\n\t<li class=\"menu-item menu-item-type-post_type menu-item-object-page menu-item-128\"><a href=\"https:\/\/staging.venturacounty.gov\/parks-department\/es\/annual-pass\/\" class=\"elementor-sub-item\">Pase anual<\/a><\/li>\n\t<li class=\"menu-item menu-item-type-post_type menu-item-object-page menu-item-129\"><a href=\"https:\/\/staging.venturacounty.gov\/parks-department\/es\/reservations\/\" class=\"elementor-sub-item\">Reservas<\/a><\/li>\n\t<li class=\"menu-item menu-item-type-custom menu-item-object-custom menu-item-131\"><a target=\"_blank\" href=\"\/parks-department\/wp-content\/uploads\/sites\/24\/2023\/07\/HISTORY-OF-THE-VENTURA-COUNTY.pdf\" class=\"elementor-sub-item\">Historia<\/a><\/li>\n<\/ul>\n<\/li>\n<li class=\"menu-item menu-item-type-custom menu-item-object-custom menu-item-has-children menu-item-73\"><a href=\"#\" class=\"elementor-item elementor-item-anchor\">Administraci\u00f3n de Parques<\/a>\n<ul class=\"sub-menu elementor-nav-menu--dropdown\">\n\t<li class=\"menu-item menu-item-type-post_type menu-item-object-page menu-item-133\"><a href=\"https:\/\/staging.venturacounty.gov\/parks-department\/es\/administration\/\" class=\"elementor-sub-item\">Administraci\u00f3n<\/a><\/li>\n\t<li class=\"menu-item menu-item-type-post_type menu-item-object-page menu-item-135\"><a href=\"https:\/\/staging.venturacounty.gov\/parks-department\/es\/parks-department-staff\/\" class=\"elementor-sub-item\">Personal<\/a><\/li>\n\t<li class=\"menu-item menu-item-type-post_type menu-item-object-page menu-item-137\"><a href=\"https:\/\/staging.venturacounty.gov\/parks-department\/es\/about-us\/\" class=\"elementor-sub-item\">Qui\u00e9nes somos<\/a><\/li>\n\t<li class=\"menu-item menu-item-type-post_type menu-item-object-page menu-item-139\"><a href=\"https:\/\/staging.venturacounty.gov\/parks-department\/es\/contact-us\/\" class=\"elementor-sub-item\">P\u00f3ngase en contacto con nosotros<\/a><\/li>\n<\/ul>\n<\/li>\n<li class=\"menu-item menu-item-type-custom menu-item-object-custom menu-item-has-children menu-item-74\"><a href=\"#\" class=\"elementor-item elementor-item-anchor\">Parques<\/a>\n<ul class=\"sub-menu elementor-nav-menu--dropdown\">\n\t<li class=\"menu-item menu-item-type-post_type menu-item-object-page menu-item-141\"><a href=\"https:\/\/staging.venturacounty.gov\/parks-department\/es\/beach-front-parks\/\" class=\"elementor-sub-item\">PARQUES FRENTE A LA PLAYA<\/a><\/li>\n\t<li class=\"menu-item menu-item-type-post_type menu-item-object-page menu-item-143\"><a href=\"https:\/\/staging.venturacounty.gov\/parks-department\/es\/inland-parks\/\" class=\"elementor-sub-item\">PARQUES DE INTERIOR<\/a><\/li>\n\t<li class=\"menu-item menu-item-type-post_type menu-item-object-page menu-item-145\"><a href=\"https:\/\/staging.venturacounty.gov\/parks-department\/es\/community-centers\/\" class=\"elementor-sub-item\">CENTROS COMUNITARIOS<\/a><\/li>\n\t<li class=\"menu-item menu-item-type-post_type menu-item-object-page menu-item-147\"><a href=\"https:\/\/staging.venturacounty.gov\/parks-department\/es\/golf-courses\/\" class=\"elementor-sub-item\">CAMPOS DE GOLF<\/a><\/li>\n\t<li class=\"menu-item menu-item-type-post_type menu-item-object-page menu-item-149\"><a href=\"https:\/\/staging.venturacounty.gov\/parks-department\/es\/trails\/\" class=\"elementor-sub-item\">CAMINOS<\/a><\/li>\n\t<li class=\"menu-item menu-item-type-post_type menu-item-object-page menu-item-151\"><a href=\"https:\/\/staging.venturacounty.gov\/parks-department\/es\/mitchell-edelson-dog-park-at-soule-park\/\" class=\"elementor-sub-item\">SOULE DOG PARK<\/a><\/li>\n<\/ul>\n<\/li>\n<li class=\"menu-item menu-item-type-custom menu-item-object-custom menu-item-has-children menu-item-75\"><a href=\"#\" class=\"elementor-item elementor-item-anchor\">Recursos<\/a>\n<ul class=\"sub-menu elementor-nav-menu--dropdown\">\n\t<li class=\"menu-item menu-item-type-post_type menu-item-object-page menu-item-153\"><a href=\"https:\/\/staging.venturacounty.gov\/parks-department\/es\/use-permits\/\" class=\"elementor-sub-item\">Permisos de uso<\/a><\/li>\n\t<li class=\"menu-item menu-item-type-post_type menu-item-object-page menu-item-155\"><a href=\"https:\/\/staging.venturacounty.gov\/parks-department\/es\/park-rules\/\" class=\"elementor-sub-item\">Normas del parque<\/a><\/li>\n\t<li class=\"menu-item menu-item-type-post_type menu-item-object-page menu-item-157\"><a href=\"https:\/\/staging.venturacounty.gov\/parks-department\/es\/forms\/\" class=\"elementor-sub-item\">Formularios<\/a><\/li>\n\t<li class=\"menu-item menu-item-type-post_type menu-item-object-page menu-item-159\"><a href=\"https:\/\/staging.venturacounty.gov\/parks-department\/es\/links\/\" class=\"elementor-sub-item\">Enlaces<\/a><\/li>\n<\/ul>\n<\/li>\n<li class=\"menu-item menu-item-type-post_type menu-item-object-page menu-item-has-children menu-item-235\"><a href=\"https:\/\/staging.venturacounty.gov\/parks-department\/es\/frequently-asked-questions\/parks-faq\/\" class=\"elementor-item\">PREGUNTAS FRECUENTES<\/a>\n<ul class=\"sub-menu elementor-nav-menu--dropdown\">\n\t<li class=\"menu-item menu-item-type-post_type menu-item-object-page menu-item-237\"><a href=\"https:\/\/staging.venturacounty.gov\/parks-department\/es\/frequently-asked-questions\/parks-faq\/\" class=\"elementor-sub-item\">Parques FAQ<\/a><\/li>\n<\/ul>\n<\/li>\n<li class=\"menu-item menu-item-type-post_type menu-item-object-page menu-item-161\"><a href=\"https:\/\/staging.venturacounty.gov\/parks-department\/es\/job-opportunities\/\" class=\"elementor-item\">Oportunidades de acogida<\/a><\/li>\n<li class=\"menu-item menu-item-type-post_type menu-item-object-page menu-item-229\"><a href=\"https:\/\/staging.venturacounty.gov\/parks-department\/es\/parks-advisory-commission-pac\/\" class=\"elementor-item\">Comisi\u00f3n de Parques<\/a><\/li>\n<\/ul>\t\t\t<\/nav>\n\t\t\t\t\t<div class=\"elementor-menu-toggle\" role=\"button\" tabindex=\"0\" aria-label=\"Men\u00fa Toggle\" aria-expanded=\"false\">\n\t\t\t<i aria-hidden=\"true\" role=\"presentation\" class=\"elementor-menu-toggle__icon--open eicon-menu-bar\"><\/i><i aria-hidden=\"true\" role=\"presentation\" class=\"elementor-menu-toggle__icon--close eicon-close\"><\/i>\t\t<\/div>\n\t\t\t\t\t<nav class=\"elementor-nav-menu--dropdown elementor-nav-menu__container\" aria-hidden=\"true\">\n\t\t\t\t<ul id=\"menu-2-0996bc0\" class=\"elementor-nav-menu\"><li class=\"menu-item menu-item-type-custom menu-item-object-custom menu-item-has-children menu-item-72\"><a href=\"#\" class=\"elementor-item elementor-item-anchor\" tabindex=\"-1\">Informaci\u00f3n general<\/a>\n<ul class=\"sub-menu elementor-nav-menu--dropdown\">\n\t<li class=\"menu-item menu-item-type-post_type menu-item-object-page menu-item-home menu-item-123\"><a href=\"https:\/\/staging.venturacounty.gov\/parks-department\/es\/\" class=\"elementor-sub-item\" tabindex=\"-1\">Inicio<\/a><\/li>\n\t<li class=\"menu-item menu-item-type-post_type menu-item-object-page menu-item-122\"><a href=\"https:\/\/staging.venturacounty.gov\/parks-department\/es\/news-and-information\/\" class=\"elementor-sub-item\" tabindex=\"-1\">Noticias e informaci\u00f3n<\/a><\/li>\n\t<li class=\"menu-item menu-item-type-custom menu-item-object-custom menu-item-124\"><a target=\"_blank\" href=\"https:\/\/staging.venturacounty.gov\/parks-department\/wp-content\/uploads\/sites\/24\/2024\/03\/Rent-Fee-2024-1.pdf\" class=\"elementor-sub-item\" tabindex=\"-1\">Tasas de uso de parques<\/a><\/li>\n\t<li class=\"menu-item menu-item-type-custom menu-item-object-custom menu-item-125\"><a target=\"_blank\" href=\"https:\/\/venturacountyactiveoutdoors-vcitsgis.hub.arcgis.com\/\" class=\"elementor-sub-item\" tabindex=\"-1\">Actividades al aire libre<\/a><\/li>\n\t<li class=\"menu-item menu-item-type-post_type menu-item-object-page menu-item-127\"><a href=\"https:\/\/staging.venturacounty.gov\/parks-department\/es\/parks-system-map\/\" class=\"elementor-sub-item\" tabindex=\"-1\">Mapa del sistema de parques<\/a><\/li>\n\t<li class=\"menu-item menu-item-type-post_type menu-item-object-page menu-item-128\"><a href=\"https:\/\/staging.venturacounty.gov\/parks-department\/es\/annual-pass\/\" class=\"elementor-sub-item\" tabindex=\"-1\">Pase anual<\/a><\/li>\n\t<li class=\"menu-item menu-item-type-post_type menu-item-object-page menu-item-129\"><a href=\"https:\/\/staging.venturacounty.gov\/parks-department\/es\/reservations\/\" class=\"elementor-sub-item\" tabindex=\"-1\">Reservas<\/a><\/li>\n\t<li class=\"menu-item menu-item-type-custom menu-item-object-custom menu-item-131\"><a target=\"_blank\" href=\"\/parks-department\/wp-content\/uploads\/sites\/24\/2023\/07\/HISTORY-OF-THE-VENTURA-COUNTY.pdf\" class=\"elementor-sub-item\" tabindex=\"-1\">Historia<\/a><\/li>\n<\/ul>\n<\/li>\n<li class=\"menu-item menu-item-type-custom menu-item-object-custom menu-item-has-children menu-item-73\"><a href=\"#\" class=\"elementor-item elementor-item-anchor\" tabindex=\"-1\">Administraci\u00f3n de Parques<\/a>\n<ul class=\"sub-menu elementor-nav-menu--dropdown\">\n\t<li class=\"menu-item menu-item-type-post_type menu-item-object-page menu-item-133\"><a href=\"https:\/\/staging.venturacounty.gov\/parks-department\/es\/administration\/\" class=\"elementor-sub-item\" tabindex=\"-1\">Administraci\u00f3n<\/a><\/li>\n\t<li class=\"menu-item menu-item-type-post_type menu-item-object-page menu-item-135\"><a href=\"https:\/\/staging.venturacounty.gov\/parks-department\/es\/parks-department-staff\/\" class=\"elementor-sub-item\" tabindex=\"-1\">Personal<\/a><\/li>\n\t<li class=\"menu-item menu-item-type-post_type menu-item-object-page menu-item-137\"><a href=\"https:\/\/staging.venturacounty.gov\/parks-department\/es\/about-us\/\" class=\"elementor-sub-item\" tabindex=\"-1\">Qui\u00e9nes somos<\/a><\/li>\n\t<li class=\"menu-item menu-item-type-post_type menu-item-object-page menu-item-139\"><a href=\"https:\/\/staging.venturacounty.gov\/parks-department\/es\/contact-us\/\" class=\"elementor-sub-item\" tabindex=\"-1\">P\u00f3ngase en contacto con nosotros<\/a><\/li>\n<\/ul>\n<\/li>\n<li class=\"menu-item menu-item-type-custom menu-item-object-custom menu-item-has-children menu-item-74\"><a href=\"#\" class=\"elementor-item elementor-item-anchor\" tabindex=\"-1\">Parques<\/a>\n<ul class=\"sub-menu elementor-nav-menu--dropdown\">\n\t<li class=\"menu-item menu-item-type-post_type menu-item-object-page menu-item-141\"><a href=\"https:\/\/staging.venturacounty.gov\/parks-department\/es\/beach-front-parks\/\" class=\"elementor-sub-item\" tabindex=\"-1\">PARQUES FRENTE A LA PLAYA<\/a><\/li>\n\t<li class=\"menu-item menu-item-type-post_type menu-item-object-page menu-item-143\"><a href=\"https:\/\/staging.venturacounty.gov\/parks-department\/es\/inland-parks\/\" class=\"elementor-sub-item\" tabindex=\"-1\">PARQUES DE INTERIOR<\/a><\/li>\n\t<li class=\"menu-item menu-item-type-post_type menu-item-object-page menu-item-145\"><a href=\"https:\/\/staging.venturacounty.gov\/parks-department\/es\/community-centers\/\" class=\"elementor-sub-item\" tabindex=\"-1\">CENTROS COMUNITARIOS<\/a><\/li>\n\t<li class=\"menu-item menu-item-type-post_type menu-item-object-page menu-item-147\"><a href=\"https:\/\/staging.venturacounty.gov\/parks-department\/es\/golf-courses\/\" class=\"elementor-sub-item\" tabindex=\"-1\">CAMPOS DE GOLF<\/a><\/li>\n\t<li class=\"menu-item menu-item-type-post_type menu-item-object-page menu-item-149\"><a href=\"https:\/\/staging.venturacounty.gov\/parks-department\/es\/trails\/\" class=\"elementor-sub-item\" tabindex=\"-1\">CAMINOS<\/a><\/li>\n\t<li class=\"menu-item menu-item-type-post_type menu-item-object-page menu-item-151\"><a href=\"https:\/\/staging.venturacounty.gov\/parks-department\/es\/mitchell-edelson-dog-park-at-soule-park\/\" class=\"elementor-sub-item\" tabindex=\"-1\">SOULE DOG PARK<\/a><\/li>\n<\/ul>\n<\/li>\n<li class=\"menu-item menu-item-type-custom menu-item-object-custom menu-item-has-children menu-item-75\"><a href=\"#\" class=\"elementor-item elementor-item-anchor\" tabindex=\"-1\">Recursos<\/a>\n<ul class=\"sub-menu elementor-nav-menu--dropdown\">\n\t<li class=\"menu-item menu-item-type-post_type menu-item-object-page menu-item-153\"><a href=\"https:\/\/staging.venturacounty.gov\/parks-department\/es\/use-permits\/\" class=\"elementor-sub-item\" tabindex=\"-1\">Permisos de uso<\/a><\/li>\n\t<li class=\"menu-item menu-item-type-post_type menu-item-object-page menu-item-155\"><a href=\"https:\/\/staging.venturacounty.gov\/parks-department\/es\/park-rules\/\" class=\"elementor-sub-item\" tabindex=\"-1\">Normas del parque<\/a><\/li>\n\t<li class=\"menu-item menu-item-type-post_type menu-item-object-page menu-item-157\"><a href=\"https:\/\/staging.venturacounty.gov\/parks-department\/es\/forms\/\" class=\"elementor-sub-item\" tabindex=\"-1\">Formularios<\/a><\/li>\n\t<li class=\"menu-item menu-item-type-post_type menu-item-object-page menu-item-159\"><a href=\"https:\/\/staging.venturacounty.gov\/parks-department\/es\/links\/\" class=\"elementor-sub-item\" tabindex=\"-1\">Enlaces<\/a><\/li>\n<\/ul>\n<\/li>\n<li class=\"menu-item menu-item-type-post_type menu-item-object-page menu-item-has-children menu-item-235\"><a href=\"https:\/\/staging.venturacounty.gov\/parks-department\/es\/frequently-asked-questions\/parks-faq\/\" class=\"elementor-item\" tabindex=\"-1\">PREGUNTAS FRECUENTES<\/a>\n<ul class=\"sub-menu elementor-nav-menu--dropdown\">\n\t<li class=\"menu-item menu-item-type-post_type menu-item-object-page menu-item-237\"><a href=\"https:\/\/staging.venturacounty.gov\/parks-department\/es\/frequently-asked-questions\/parks-faq\/\" class=\"elementor-sub-item\" tabindex=\"-1\">Parques FAQ<\/a><\/li>\n<\/ul>\n<\/li>\n<li class=\"menu-item menu-item-type-post_type menu-item-object-page menu-item-161\"><a href=\"https:\/\/staging.venturacounty.gov\/parks-department\/es\/job-opportunities\/\" class=\"elementor-item\" tabindex=\"-1\">Oportunidades de acogida<\/a><\/li>\n<li class=\"menu-item menu-item-type-post_type menu-item-object-page menu-item-229\"><a href=\"https:\/\/staging.venturacounty.gov\/parks-department\/es\/parks-advisory-commission-pac\/\" class=\"elementor-item\" tabindex=\"-1\">Comisi\u00f3n de Parques<\/a><\/li>\n<\/ul>\t\t\t<\/nav>\n\t\t\t\t\t\t<\/div>\n\t\t\t\t<\/div>\n\t\t\t\t\t<\/div>\n\t\t\t\t<\/div>\n\t\t<div class=\"elementor-element elementor-element-0177729 e-flex e-con-boxed e-con e-parent\" data-id=\"0177729\" data-element_type=\"container\">\n\t\t\t\t\t<div class=\"e-con-inner\">\n\t\t<div class=\"elementor-element elementor-element-e372ebe e-flex e-con-boxed e-con e-child\" data-id=\"e372ebe\" data-element_type=\"container\">\n\t\t\t\t\t<div class=\"e-con-inner\">\n\t\t\t\t<div class=\"elementor-element elementor-element-3d80ded elementor-widget elementor-widget-heading\" data-id=\"3d80ded\" data-element_type=\"widget\" data-widget_type=\"heading.default\">\n\t\t\t\t<div class=\"elementor-widget-container\">\n\t\t\t\t\t<h1 class=\"elementor-heading-title elementor-size-default\">Reservas<\/h1>\t\t\t\t<\/div>\n\t\t\t\t<\/div>\n\t\t\t\t<div class=\"elementor-element elementor-element-49d5289 elementor-widget elementor-widget-text-editor\" data-id=\"49d5289\" data-element_type=\"widget\" data-widget_type=\"text-editor.default\">\n\t\t\t\t<div class=\"elementor-widget-container\">\n\t\t\t\t\t\t\t\t\t<h2>Reservas en l\u00ednea<\/h2><p>Bienvenido al sistema de reservas en l\u00ednea de Ventura County Parks. Esperamos que este sistema har\u00e1 que el cumplimiento de sus necesidades de reserva m\u00e1s f\u00e1cil, m\u00e1s conveniente, ahorrar tiempo y dinero. Todas las instalaciones de camping est\u00e1n en la lista, todos son reservables, y todos los sitios se aceptar\u00e1n sin cita previa si el sitio no est\u00e1 reservado mediante el pago m\u00f3vil. Todas las \u00e1reas de uso para grupos deben reservarse a trav\u00e9s del mostrador de reservas debido a los requisitos de los permisos de uso; sin embargo, la disponibilidad de estas \u00e1reas puede comprobarse utilizando el sitio web de reservas del parque en\u00a0<strong><a href=\"https:\/\/www.venturaparks.org\/\" target=\"_blank\" rel=\"noopener\">www.venturaparks.org<\/a><\/strong>.<\/p><h2>Reservas<\/h2><p>Las reservas pueden hacerse en l\u00ednea el d\u00eda de llegada y hasta 180 d\u00edas antes de la fecha de llegada, salvo en el caso de Rinc\u00f3n Parkway, hasta 90 d\u00edas antes de la llegada.  Todas las reservas para el d\u00eda de llegada pueden hacerse ahora en l\u00ednea. Se cobrar\u00e1 una tasa de reserva de $23,00 por las reservas de grupo, $15,00 por las reservas individuales realizadas por tel\u00e9fono y $10,00 por las reservas individuales realizadas en l\u00ednea (las tasas de reserva no son reembolsables). El primer cambio en una reserva es gratuito como cortes\u00eda; los cambios adicionales conllevar\u00e1n un cargo de $15,00 por cambio, con un m\u00e1ximo de tres cambios. Se aplicar\u00e1 una tasa de cancelaci\u00f3n de $15,00 a cualquier reserva cancelada.<\/p><p><strong>Temporadas: Temporada alta, del 1 de marzo al 31 de octubre; temporada baja, del 1 de noviembre al 28 de febrero.<\/strong><\/p><p><a style=\"color: #a40000; font-size: 1.2rem;\" href=\"https:\/\/www.venturaparks.org\/\" target=\"_blank\" rel=\"noopener noreferrer\" aria-label=\"Ya est\u00e1n disponibles las reservas de camping en l\u00ednea - se abre en una nueva pesta\u00f1a\" data-uw-rm-ext-link=\"\" data-darkreader-inline-color=\"\">Ya est\u00e1n disponibles las reservas de camping en l\u00ednea. <\/a>Las reservas tambi\u00e9n pueden hacerse por tel\u00e9fono (805) 654-3951 o en persona, de lunes a viernes, de 9.00 a 12.00 y de 13.00 a 16.00, y los s\u00e1bados, de 10.00 a 14.00, cerrado domingos y festivos. Por tel\u00e9fono o en l\u00ednea, el pago debe efectuarse con VISA\u00ae, MasterCard\u00ae o Discover Card\u00ae.  Se aceptan transacciones en persona, s\u00f3lo con cita previa, en County Saticoy Yard 11201-A1 Riverbank Drive, Ventura CA 93004. El pago completo debe efectuarse en el momento de la reserva.\u00a0<strong>Se cobrar\u00e1 una tasa de reserva no reembolsable por cada reserva.<\/strong><\/p><p style=\"text-align: center;\">&gt;&gt;\u00a0<a href=\"https:\/\/www.venturaparks.org\/\" target=\"_blank\" rel=\"noopener noreferrer\" aria-label=\"Visite el sitio web de reservas en l\u00ednea del Condado de Ventura - se abre en una pesta\u00f1a nueva\" data-uw-rm-ext-link=\"\">Visite el sitio web de reservas en l\u00ednea del Condado de Ventura<\/a>\u00a0&lt;&lt;<\/p><p><strong>Antes de hacer una reserva, tenga preparada la siguiente informaci\u00f3n:<\/strong><\/p><ul class=\"arrow-list\"><li>Parque(s) seleccionado(s)<\/li><li>Fecha en la que tiene previsto empezar a acampar<\/li><li>Opciones alternativas de parques y fechas de acampada<\/li><li>Longitud de la caravana o n\u00famero y tama\u00f1o de las tiendas de campa\u00f1a<\/li><li>N\u00famero de personas que ocupar\u00e1n el camping<\/li><li>N\u00famero de noches que desea acampar<\/li><li>Su n\u00famero de tel\u00e9fono con prefijo<\/li><li>N\u00famero y fecha de caducidad de la tarjeta de cr\u00e9dito<\/li><li>Correo electr\u00f3nico<\/li><li>Direcci\u00f3n postal<\/li><\/ul><p><strong>El agente de reservas lo har\u00e1:<\/strong><\/p><ul class=\"arrow-list\"><li>Confirme su selecci\u00f3n y aseg\u00farese de que la informaci\u00f3n que ha proporcionado se ha registrado correctamente.<\/li><li>Proporcionarle un n\u00famero de confirmaci\u00f3n para que lo utilice cuando llegue al parque.<\/li><\/ul><p><strong>Pol\u00edtica de cancelaci\u00f3n de reservas:<\/strong><\/p>\t\t\t\t\t\t\t\t<\/div>\n\t\t\t\t<\/div>\n\t\t\t\t\t<\/div>\n\t\t\t\t<\/div>\n\t\t\t\t\t<\/div>\n\t\t\t\t<\/div>\n\t\t\t\t<\/div>","protected":false},"excerpt":{"rendered":"<p>Reservations Online Reservations Welcome to Ventura County Parks Online Reservation system. We hope this system will make fulfilling your reservation needs easier, more convenient, save time, and money. All camping facilities are listed, all are reservable, and all sites will take walk-ins if the site is not reserved by using Mobile Payment. All group use [&hellip;]<\/p>\n","protected":false},"author":7,"featured_media":0,"parent":0,"menu_order":0,"comment_status":"closed","ping_status":"closed","template":"","meta":{"_relevanssi_hide_post":"","_relevanssi_hide_content":"","_relevanssi_pin_for_all":"","_relevanssi_pin_keywords":"","_relevanssi_unpin_keywords":"","_relevanssi_related_keywords":"","_relevanssi_related_include_ids":"","_relevanssi_related_exclude_ids":"","_relevanssi_related_no_append":"","_relevanssi_related_not_related":"","_relevanssi_related_posts":"","_relevanssi_noindex_reason":"","footnotes":""},"categories":[],"tags":[],"class_list":["post-115","page","type-page","status-publish","hentry"],"_links":{"self":[{"href":"https:\/\/staging.venturacounty.gov\/parks-department\/es\/wp-json\/wp\/v2\/pages\/115","targetHints":{"allow":["GET"]}}],"collection":[{"href":"https:\/\/staging.venturacounty.gov\/parks-department\/es\/wp-json\/wp\/v2\/pages"}],"about":[{"href":"https:\/\/staging.venturacounty.gov\/parks-department\/es\/wp-json\/wp\/v2\/types\/page"}],"author":[{"embeddable":true,"href":"https:\/\/staging.venturacounty.gov\/parks-department\/es\/wp-json\/wp\/v2\/users\/7"}],"replies":[{"embeddable":true,"href":"https:\/\/staging.venturacounty.gov\/parks-department\/es\/wp-json\/wp\/v2\/comments?post=115"}],"version-history":[{"count":0,"href":"https:\/\/staging.venturacounty.gov\/parks-department\/es\/wp-json\/wp\/v2\/pages\/115\/revisions"}],"wp:attachment":[{"href":"https:\/\/staging.venturacounty.gov\/parks-department\/es\/wp-json\/wp\/v2\/media?parent=115"}],"wp:term":[{"taxonomy":"category","embeddable":true,"href":"https:\/\/staging.venturacounty.gov\/parks-department\/es\/wp-json\/wp\/v2\/categories?post=115"},{"taxonomy":"post_tag","embeddable":true,"href":"https:\/\/staging.venturacounty.gov\/parks-department\/es\/wp-json\/wp\/v2\/tags?post=115"}],"curies":[{"name":"wp","href":"https:\/\/api.w.org\/{rel}","templated":true}]}}