{"id":15,"date":"2023-06-30T02:36:20","date_gmt":"2023-06-30T02:36:20","guid":{"rendered":"https:\/\/staging.venturacounty.gov\/itsd\/?page_id=15"},"modified":"2025-08-07T21:05:16","modified_gmt":"2025-08-07T21:05:16","slug":"main-homepage","status":"publish","type":"page","link":"https:\/\/staging.venturacounty.gov\/itsd\/es\/","title":{"rendered":"P\u00e1gina principal"},"content":{"rendered":"<div data-elementor-type=\"wp-page\" data-elementor-id=\"15\" class=\"elementor elementor-15\" data-elementor-post-type=\"page\">\n\t\t\t\t<div class=\"elementor-element elementor-element-211bf85 e-flex e-con-boxed e-con e-parent\" data-id=\"211bf85\" data-element_type=\"container\">\n\t\t\t\t\t<div class=\"e-con-inner\">\n\t\t<div class=\"elementor-element elementor-element-1239e6f e-flex e-con-boxed e-con e-child\" data-id=\"1239e6f\" data-element_type=\"container\" data-settings=\"{&quot;background_background&quot;:&quot;classic&quot;}\">\n\t\t\t\t\t<div class=\"e-con-inner\">\n\t\t\t\t<div class=\"elementor-element elementor-element-ee60f99 elementor-widget elementor-widget-image\" data-id=\"ee60f99\" data-element_type=\"widget\" data-widget_type=\"image.default\">\n\t\t\t\t<div class=\"elementor-widget-container\">\n\t\t\t\t\t\t\t\t\t\t\t\t\t\t\t<img decoding=\"async\" width=\"350\" height=\"95\" src=\"https:\/\/staging.venturacounty.gov\/itsd\/wp-content\/uploads\/sites\/21\/2023\/07\/ITSD-new-logo.jpg\" class=\"attachment-large size-large wp-image-99\" alt=\"ITSD New Logo\" srcset=\"https:\/\/staging.venturacounty.gov\/itsd\/wp-content\/uploads\/sites\/21\/2023\/07\/ITSD-new-logo.jpg 350w, https:\/\/staging.venturacounty.gov\/itsd\/wp-content\/uploads\/sites\/21\/2023\/07\/ITSD-new-logo-300x81.jpg 300w\" sizes=\"(max-width: 350px) 100vw, 350px\" \/>\t\t\t\t\t\t\t\t\t\t\t\t\t\t\t<\/div>\n\t\t\t\t<\/div>\n\t\t\t\t\t<\/div>\n\t\t\t\t<\/div>\n\t\t\t\t\t<\/div>\n\t\t\t\t<\/div>\n\t\t<div class=\"elementor-element elementor-element-3645d9c e-flex e-con-boxed e-con e-parent\" data-id=\"3645d9c\" data-element_type=\"container\" data-settings=\"{&quot;background_background&quot;:&quot;classic&quot;}\">\n\t\t\t\t\t<div class=\"e-con-inner\">\n\t\t\t\t<div class=\"elementor-element elementor-element-0996bc0 elementor-nav-menu--dropdown-tablet elementor-nav-menu__text-align-aside elementor-nav-menu--toggle elementor-nav-menu--burger elementor-widget elementor-widget-nav-menu\" data-id=\"0996bc0\" data-element_type=\"widget\" data-settings=\"{&quot;layout&quot;:&quot;horizontal&quot;,&quot;submenu_icon&quot;:{&quot;value&quot;:&quot;&lt;i class=\\&quot;fas fa-caret-down\\&quot;&gt;&lt;\\\/i&gt;&quot;,&quot;library&quot;:&quot;fa-solid&quot;},&quot;toggle&quot;:&quot;burger&quot;}\" data-widget_type=\"nav-menu.default\">\n\t\t\t\t<div class=\"elementor-widget-container\">\n\t\t\t\t\t\t\t\t<nav aria-label=\"Men\u00fa\" class=\"elementor-nav-menu--main elementor-nav-menu__container elementor-nav-menu--layout-horizontal e--pointer-background e--animation-fade\">\n\t\t\t\t<ul id=\"menu-1-0996bc0\" class=\"elementor-nav-menu\"><li class=\"menu-item menu-item-type-post_type menu-item-object-page menu-item-home menu-item-242\"><a href=\"https:\/\/staging.venturacounty.gov\/itsd\/es\/\" class=\"elementor-item\">P\u00e1gina principal<\/a><\/li>\n<li class=\"menu-item menu-item-type-post_type menu-item-object-page menu-item-111\"><a href=\"https:\/\/staging.venturacounty.gov\/itsd\/es\/leadership-team\/\" class=\"elementor-item\">Equipo directivo<\/a><\/li>\n<li class=\"menu-item menu-item-type-post_type menu-item-object-page menu-item-243\"><a href=\"https:\/\/staging.venturacounty.gov\/itsd\/es\/mission-vision-strategy\/\" class=\"elementor-item\">Misi\u00f3n, visi\u00f3n y estrategia<\/a><\/li>\n<li class=\"menu-item menu-item-type-post_type menu-item-object-page menu-item-116\"><a href=\"https:\/\/staging.venturacounty.gov\/itsd\/es\/awards-recognitions\/\" class=\"elementor-item\">Premios y reconocimientos<\/a><\/li>\n<li class=\"menu-item menu-item-type-post_type menu-item-object-page menu-item-120\"><a href=\"https:\/\/staging.venturacounty.gov\/itsd\/es\/contact-us-itsd\/\" class=\"elementor-item\">P\u00f3ngase en contacto con nosotros<\/a><\/li>\n<\/ul>\t\t\t<\/nav>\n\t\t\t\t\t<div class=\"elementor-menu-toggle\" role=\"button\" tabindex=\"0\" aria-label=\"Men\u00fa Toggle\" aria-expanded=\"false\">\n\t\t\t<i aria-hidden=\"true\" role=\"presentation\" class=\"elementor-menu-toggle__icon--open eicon-menu-bar\"><\/i><i aria-hidden=\"true\" role=\"presentation\" class=\"elementor-menu-toggle__icon--close eicon-close\"><\/i>\t\t<\/div>\n\t\t\t\t\t<nav class=\"elementor-nav-menu--dropdown elementor-nav-menu__container\" aria-hidden=\"true\">\n\t\t\t\t<ul id=\"menu-2-0996bc0\" class=\"elementor-nav-menu\"><li class=\"menu-item menu-item-type-post_type menu-item-object-page menu-item-home menu-item-242\"><a href=\"https:\/\/staging.venturacounty.gov\/itsd\/es\/\" class=\"elementor-item\" tabindex=\"-1\">P\u00e1gina principal<\/a><\/li>\n<li class=\"menu-item menu-item-type-post_type menu-item-object-page menu-item-111\"><a href=\"https:\/\/staging.venturacounty.gov\/itsd\/es\/leadership-team\/\" class=\"elementor-item\" tabindex=\"-1\">Equipo directivo<\/a><\/li>\n<li class=\"menu-item menu-item-type-post_type menu-item-object-page menu-item-243\"><a href=\"https:\/\/staging.venturacounty.gov\/itsd\/es\/mission-vision-strategy\/\" class=\"elementor-item\" tabindex=\"-1\">Misi\u00f3n, visi\u00f3n y estrategia<\/a><\/li>\n<li class=\"menu-item menu-item-type-post_type menu-item-object-page menu-item-116\"><a href=\"https:\/\/staging.venturacounty.gov\/itsd\/es\/awards-recognitions\/\" class=\"elementor-item\" tabindex=\"-1\">Premios y reconocimientos<\/a><\/li>\n<li class=\"menu-item menu-item-type-post_type menu-item-object-page menu-item-120\"><a href=\"https:\/\/staging.venturacounty.gov\/itsd\/es\/contact-us-itsd\/\" class=\"elementor-item\" tabindex=\"-1\">P\u00f3ngase en contacto con nosotros<\/a><\/li>\n<\/ul>\t\t\t<\/nav>\n\t\t\t\t\t\t<\/div>\n\t\t\t\t<\/div>\n\t\t\t\t\t<\/div>\n\t\t\t\t<\/div>\n\t\t<div class=\"elementor-element elementor-element-735b0e9 e-flex e-con-boxed e-con e-parent\" data-id=\"735b0e9\" data-element_type=\"container\">\n\t\t\t\t\t<div class=\"e-con-inner\">\n\t\t<div class=\"elementor-element elementor-element-c8d8433 e-flex e-con-boxed e-con e-child\" data-id=\"c8d8433\" data-element_type=\"container\">\n\t\t\t\t\t<div class=\"e-con-inner\">\n\t\t<div class=\"elementor-element elementor-element-148f7e6 e-con-full e-flex e-con e-child\" data-id=\"148f7e6\" data-element_type=\"container\">\n\t\t\t\t<div class=\"elementor-element elementor-element-6462033 elementor-widget__width-initial elementor-widget elementor-widget-text-editor\" data-id=\"6462033\" data-element_type=\"widget\" data-widget_type=\"text-editor.default\">\n\t\t\t\t<div class=\"elementor-widget-container\">\n\t\t\t\t\t\t\t\t\t<div class=\"wpb_text_column wpb_content_element\"><div class=\"wpb_wrapper\"><p><strong>Misi\u00f3n<\/strong><\/p><p>Proporcionar servicios excepcionales y soluciones inform\u00e1ticas innovadoras a nuestras agencias asociadas y a nuestros electores.<\/p><p><strong>Visi\u00f3n<\/strong><\/p><p>Ser el l\u00edder tecnol\u00f3gico del condado de Ventura, ofreciendo asesoramiento, soluciones innovadoras, tecnolog\u00edas sostenibles y un valor excepcional a nuestra comunidad.<\/p><\/div><\/div><div id=\"key-attributes\" class=\"wpb_text_column wpb_content_element\"><div class=\"wpb_wrapper\"><p><strong>Atributos clave\/Principios rectores<\/strong><\/p><\/div><\/div>\t\t\t\t\t\t\t\t<\/div>\n\t\t\t\t<\/div>\n\t\t\t\t<div class=\"elementor-element elementor-element-ba588cd elementor-icon-list--layout-traditional elementor-list-item-link-full_width elementor-widget elementor-widget-icon-list\" data-id=\"ba588cd\" data-element_type=\"widget\" data-widget_type=\"icon-list.default\">\n\t\t\t\t<div class=\"elementor-widget-container\">\n\t\t\t\t\t\t\t<ul class=\"elementor-icon-list-items\">\n\t\t\t\t\t\t\t<li class=\"elementor-icon-list-item\">\n\t\t\t\t\t\t\t\t\t\t\t<span class=\"elementor-icon-list-icon\">\n\t\t\t\t\t\t\t<i aria-hidden=\"true\" class=\"fas fa-angle-double-right\"><\/i>\t\t\t\t\t\t<\/span>\n\t\t\t\t\t\t\t\t\t\t<span class=\"elementor-icon-list-text\">Actuar como un socio de confianza<\/span>\n\t\t\t\t\t\t\t\t\t<\/li>\n\t\t\t\t\t\t\t\t<li class=\"elementor-icon-list-item\">\n\t\t\t\t\t\t\t\t\t\t\t<span class=\"elementor-icon-list-icon\">\n\t\t\t\t\t\t\t<i aria-hidden=\"true\" class=\"fas fa-angle-double-right\"><\/i>\t\t\t\t\t\t<\/span>\n\t\t\t\t\t\t\t\t\t\t<span class=\"elementor-icon-list-text\">Actuar con honradez e integridad<\/span>\n\t\t\t\t\t\t\t\t\t<\/li>\n\t\t\t\t\t\t\t\t<li class=\"elementor-icon-list-item\">\n\t\t\t\t\t\t\t\t\t\t\t<span class=\"elementor-icon-list-icon\">\n\t\t\t\t\t\t\t<i aria-hidden=\"true\" class=\"fas fa-angle-double-right\"><\/i>\t\t\t\t\t\t<\/span>\n\t\t\t\t\t\t\t\t\t\t<span class=\"elementor-icon-list-text\">Comunicar consumadamente<\/span>\n\t\t\t\t\t\t\t\t\t<\/li>\n\t\t\t\t\t\t\t\t<li class=\"elementor-icon-list-item\">\n\t\t\t\t\t\t\t\t\t\t\t<span class=\"elementor-icon-list-icon\">\n\t\t\t\t\t\t\t<i aria-hidden=\"true\" class=\"fas fa-angle-double-right\"><\/i>\t\t\t\t\t\t<\/span>\n\t\t\t\t\t\t\t\t\t\t<span class=\"elementor-icon-list-text\">Ser fiable, receptivo y profesional<\/span>\n\t\t\t\t\t\t\t\t\t<\/li>\n\t\t\t\t\t\t\t\t<li class=\"elementor-icon-list-item\">\n\t\t\t\t\t\t\t\t\t\t\t<span class=\"elementor-icon-list-icon\">\n\t\t\t\t\t\t\t<i aria-hidden=\"true\" class=\"fas fa-angle-double-right\"><\/i>\t\t\t\t\t\t<\/span>\n\t\t\t\t\t\t\t\t\t\t<span class=\"elementor-icon-list-text\">Ofrecer una cartera de servicios de valor a\u00f1adido<\/span>\n\t\t\t\t\t\t\t\t\t<\/li>\n\t\t\t\t\t\t\t\t<li class=\"elementor-icon-list-item\">\n\t\t\t\t\t\t\t\t\t\t\t<span class=\"elementor-icon-list-icon\">\n\t\t\t\t\t\t\t<i aria-hidden=\"true\" class=\"fas fa-angle-double-right\"><\/i>\t\t\t\t\t\t<\/span>\n\t\t\t\t\t\t\t\t\t\t<span class=\"elementor-icon-list-text\">Ser una organizaci\u00f3n basada en procesos<\/span>\n\t\t\t\t\t\t\t\t\t<\/li>\n\t\t\t\t\t\t\t\t<li class=\"elementor-icon-list-item\">\n\t\t\t\t\t\t\t\t\t\t\t<span class=\"elementor-icon-list-icon\">\n\t\t\t\t\t\t\t<i aria-hidden=\"true\" class=\"fas fa-angle-double-right\"><\/i>\t\t\t\t\t\t<\/span>\n\t\t\t\t\t\t\t\t\t\t<span class=\"elementor-icon-list-text\">Mantener una estrategia y una perspectiva de gesti\u00f3n basadas en la empresa<\/span>\n\t\t\t\t\t\t\t\t\t<\/li>\n\t\t\t\t\t\t<\/ul>\n\t\t\t\t\t\t<\/div>\n\t\t\t\t<\/div>\n\t\t\t\t<\/div>\n\t\t<div class=\"elementor-element elementor-element-858ccc8 e-flex e-con-boxed e-con e-child\" data-id=\"858ccc8\" data-element_type=\"container\">\n\t\t\t\t\t<div class=\"e-con-inner\">\n\t\t\t\t<div class=\"elementor-element elementor-element-430aa91 elementor-widget elementor-widget-image\" data-id=\"430aa91\" data-element_type=\"widget\" data-widget_type=\"image.default\">\n\t\t\t\t<div class=\"elementor-widget-container\">\n\t\t\t\t\t\t\t\t\t\t\t\t\t\t\t<img fetchpriority=\"high\" decoding=\"async\" width=\"288\" height=\"216\" src=\"https:\/\/staging.venturacounty.gov\/itsd\/wp-content\/uploads\/sites\/21\/2023\/07\/eastman-bldg.jpg\" class=\"attachment-large size-large wp-image-101\" alt=\"Eastman Bldg\" \/>\t\t\t\t\t\t\t\t\t\t\t\t\t\t\t<\/div>\n\t\t\t\t<\/div>\n\t\t\t\t<div class=\"elementor-element elementor-element-5153e15 elementor-widget elementor-widget-text-editor\" data-id=\"5153e15\" data-element_type=\"widget\" data-widget_type=\"text-editor.default\">\n\t\t\t\t<div class=\"elementor-widget-container\">\n\t\t\t\t\t\t\t\t\t<p>1957 Eastman Ave., Ste. A.<br role=\"presentation\" data-uw-rm-sr=\"\" \/>Ventura, CA. 93003<br role=\"presentation\" data-uw-rm-sr=\"\" \/><a href=\"https:\/\/www.google.com\/maps\/place\/1957+Eastman+Ave+Ste.+A,+Ventura,+CA+93003\/@34.2552552,-119.2329679,17z\/data=!3m1!4b1!4m5!3m4!1s0x80e84d57f56410c1:0x88bc0abef81dac37!8m2!3d34.2552508!4d-119.2307739\" target=\"_blank\" rel=\"noopener noreferrer\" aria-label=\"Enlace Google Map - se abre en una nueva pesta\u00f1a\" data-uw-rm-ext-link=\"\">Enlace Google Map<\/a><\/p>\t\t\t\t\t\t\t\t<\/div>\n\t\t\t\t<\/div>\n\t\t\t\t\t<\/div>\n\t\t\t\t<\/div>\n\t\t\t\t\t<\/div>\n\t\t\t\t<\/div>\n\t\t\t\t\t<\/div>\n\t\t\t\t<\/div>\n\t\t\t\t<\/div>","protected":false},"excerpt":{"rendered":"<p>Mission To provide exceptional services and innovative information technology solutions to our partner agencies and constituents. Vision To be the technology leader in Ventura County, providing consultation, innovative solutions, sustainable technologies, and exceptional value to our community. Key Attributes\/Guiding Principles To act in a manner consistent with that of a trusted partner To operate with [&hellip;]<\/p>\n","protected":false},"author":1,"featured_media":0,"parent":0,"menu_order":0,"comment_status":"closed","ping_status":"closed","template":"","meta":{"_relevanssi_hide_post":"","_relevanssi_hide_content":"","_relevanssi_pin_for_all":"","_relevanssi_pin_keywords":"","_relevanssi_unpin_keywords":"","_relevanssi_related_keywords":"","_relevanssi_related_include_ids":"","_relevanssi_related_exclude_ids":"","_relevanssi_related_no_append":"","_relevanssi_related_not_related":"","_relevanssi_related_posts":"","_relevanssi_noindex_reason":"","footnotes":""},"categories":[],"tags":[],"class_list":["post-15","page","type-page","status-publish","hentry"],"_links":{"self":[{"href":"https:\/\/staging.venturacounty.gov\/itsd\/es\/wp-json\/wp\/v2\/pages\/15","targetHints":{"allow":["GET"]}}],"collection":[{"href":"https:\/\/staging.venturacounty.gov\/itsd\/es\/wp-json\/wp\/v2\/pages"}],"about":[{"href":"https:\/\/staging.venturacounty.gov\/itsd\/es\/wp-json\/wp\/v2\/types\/page"}],"author":[{"embeddable":true,"href":"https:\/\/staging.venturacounty.gov\/itsd\/es\/wp-json\/wp\/v2\/users\/1"}],"replies":[{"embeddable":true,"href":"https:\/\/staging.venturacounty.gov\/itsd\/es\/wp-json\/wp\/v2\/comments?post=15"}],"version-history":[{"count":0,"href":"https:\/\/staging.venturacounty.gov\/itsd\/es\/wp-json\/wp\/v2\/pages\/15\/revisions"}],"wp:attachment":[{"href":"https:\/\/staging.venturacounty.gov\/itsd\/es\/wp-json\/wp\/v2\/media?parent=15"}],"wp:term":[{"taxonomy":"category","embeddable":true,"href":"https:\/\/staging.venturacounty.gov\/itsd\/es\/wp-json\/wp\/v2\/categories?post=15"},{"taxonomy":"post_tag","embeddable":true,"href":"https:\/\/staging.venturacounty.gov\/itsd\/es\/wp-json\/wp\/v2\/tags?post=15"}],"curies":[{"name":"wp","href":"https:\/\/api.w.org\/{rel}","templated":true}]}}