{"id":106,"date":"2023-07-21T19:06:55","date_gmt":"2023-07-21T19:06:55","guid":{"rendered":"https:\/\/staging.venturacounty.gov\/itsd\/?page_id=106"},"modified":"2026-03-09T22:14:32","modified_gmt":"2026-03-09T22:14:32","slug":"leadership-team","status":"publish","type":"page","link":"https:\/\/staging.venturacounty.gov\/itsd\/es\/leadership-team\/","title":{"rendered":"Equipo directivo"},"content":{"rendered":"<div data-elementor-type=\"wp-page\" data-elementor-id=\"106\" class=\"elementor elementor-106\" data-elementor-post-type=\"page\">\n\t\t\t\t<div class=\"elementor-element elementor-element-211bf85 e-flex e-con-boxed e-con e-parent\" data-id=\"211bf85\" data-element_type=\"container\">\n\t\t\t\t\t<div class=\"e-con-inner\">\n\t\t<div class=\"elementor-element elementor-element-1239e6f e-flex e-con-boxed e-con e-child\" data-id=\"1239e6f\" data-element_type=\"container\" data-settings=\"{&quot;background_background&quot;:&quot;classic&quot;}\">\n\t\t\t\t\t<div class=\"e-con-inner\">\n\t\t\t\t<div class=\"elementor-element elementor-element-ee60f99 elementor-widget elementor-widget-image\" data-id=\"ee60f99\" data-element_type=\"widget\" data-widget_type=\"image.default\">\n\t\t\t\t<div class=\"elementor-widget-container\">\n\t\t\t\t\t\t\t\t\t\t\t\t\t\t\t<img decoding=\"async\" width=\"350\" height=\"95\" src=\"https:\/\/staging.venturacounty.gov\/itsd\/wp-content\/uploads\/sites\/21\/2023\/07\/ITSD-new-logo.jpg\" class=\"attachment-large size-large wp-image-99\" alt=\"ITSD New Logo\" srcset=\"https:\/\/staging.venturacounty.gov\/itsd\/wp-content\/uploads\/sites\/21\/2023\/07\/ITSD-new-logo.jpg 350w, https:\/\/staging.venturacounty.gov\/itsd\/wp-content\/uploads\/sites\/21\/2023\/07\/ITSD-new-logo-300x81.jpg 300w\" sizes=\"(max-width: 350px) 100vw, 350px\" \/>\t\t\t\t\t\t\t\t\t\t\t\t\t\t\t<\/div>\n\t\t\t\t<\/div>\n\t\t\t\t\t<\/div>\n\t\t\t\t<\/div>\n\t\t\t\t\t<\/div>\n\t\t\t\t<\/div>\n\t\t<div class=\"elementor-element elementor-element-3645d9c e-flex e-con-boxed e-con e-parent\" data-id=\"3645d9c\" data-element_type=\"container\" data-settings=\"{&quot;background_background&quot;:&quot;classic&quot;}\">\n\t\t\t\t\t<div class=\"e-con-inner\">\n\t\t\t\t<div class=\"elementor-element elementor-element-0996bc0 elementor-nav-menu--dropdown-tablet elementor-nav-menu__text-align-aside elementor-nav-menu--toggle elementor-nav-menu--burger elementor-widget elementor-widget-nav-menu\" data-id=\"0996bc0\" data-element_type=\"widget\" data-settings=\"{&quot;layout&quot;:&quot;horizontal&quot;,&quot;submenu_icon&quot;:{&quot;value&quot;:&quot;&lt;i class=\\&quot;fas fa-caret-down\\&quot;&gt;&lt;\\\/i&gt;&quot;,&quot;library&quot;:&quot;fa-solid&quot;},&quot;toggle&quot;:&quot;burger&quot;}\" data-widget_type=\"nav-menu.default\">\n\t\t\t\t<div class=\"elementor-widget-container\">\n\t\t\t\t\t\t\t\t<nav aria-label=\"Men\u00fa\" class=\"elementor-nav-menu--main elementor-nav-menu__container elementor-nav-menu--layout-horizontal e--pointer-background e--animation-fade\">\n\t\t\t\t<ul id=\"menu-1-0996bc0\" class=\"elementor-nav-menu\"><li class=\"menu-item menu-item-type-post_type menu-item-object-page menu-item-home menu-item-242\"><a href=\"https:\/\/staging.venturacounty.gov\/itsd\/es\/\" class=\"elementor-item\">P\u00e1gina principal<\/a><\/li>\n<li class=\"menu-item menu-item-type-post_type menu-item-object-page menu-item-111\"><a href=\"https:\/\/staging.venturacounty.gov\/itsd\/es\/leadership-team\/\" class=\"elementor-item\">Equipo directivo<\/a><\/li>\n<li class=\"menu-item menu-item-type-post_type menu-item-object-page menu-item-243\"><a href=\"https:\/\/staging.venturacounty.gov\/itsd\/es\/mission-vision-strategy\/\" class=\"elementor-item\">Misi\u00f3n, visi\u00f3n y estrategia<\/a><\/li>\n<li class=\"menu-item menu-item-type-post_type menu-item-object-page menu-item-116\"><a href=\"https:\/\/staging.venturacounty.gov\/itsd\/es\/awards-recognitions\/\" class=\"elementor-item\">Premios y reconocimientos<\/a><\/li>\n<li class=\"menu-item menu-item-type-post_type menu-item-object-page menu-item-120\"><a href=\"https:\/\/staging.venturacounty.gov\/itsd\/es\/contact-us-itsd\/\" class=\"elementor-item\">P\u00f3ngase en contacto con nosotros<\/a><\/li>\n<\/ul>\t\t\t<\/nav>\n\t\t\t\t\t<div class=\"elementor-menu-toggle\" role=\"button\" tabindex=\"0\" aria-label=\"Men\u00fa Toggle\" aria-expanded=\"false\">\n\t\t\t<i aria-hidden=\"true\" role=\"presentation\" class=\"elementor-menu-toggle__icon--open eicon-menu-bar\"><\/i><i aria-hidden=\"true\" role=\"presentation\" class=\"elementor-menu-toggle__icon--close eicon-close\"><\/i>\t\t<\/div>\n\t\t\t\t\t<nav class=\"elementor-nav-menu--dropdown elementor-nav-menu__container\" aria-hidden=\"true\">\n\t\t\t\t<ul id=\"menu-2-0996bc0\" class=\"elementor-nav-menu\"><li class=\"menu-item menu-item-type-post_type menu-item-object-page menu-item-home menu-item-242\"><a href=\"https:\/\/staging.venturacounty.gov\/itsd\/es\/\" class=\"elementor-item\" tabindex=\"-1\">P\u00e1gina principal<\/a><\/li>\n<li class=\"menu-item menu-item-type-post_type menu-item-object-page menu-item-111\"><a href=\"https:\/\/staging.venturacounty.gov\/itsd\/es\/leadership-team\/\" class=\"elementor-item\" tabindex=\"-1\">Equipo directivo<\/a><\/li>\n<li class=\"menu-item menu-item-type-post_type menu-item-object-page menu-item-243\"><a href=\"https:\/\/staging.venturacounty.gov\/itsd\/es\/mission-vision-strategy\/\" class=\"elementor-item\" tabindex=\"-1\">Misi\u00f3n, visi\u00f3n y estrategia<\/a><\/li>\n<li class=\"menu-item menu-item-type-post_type menu-item-object-page menu-item-116\"><a href=\"https:\/\/staging.venturacounty.gov\/itsd\/es\/awards-recognitions\/\" class=\"elementor-item\" tabindex=\"-1\">Premios y reconocimientos<\/a><\/li>\n<li class=\"menu-item menu-item-type-post_type menu-item-object-page menu-item-120\"><a href=\"https:\/\/staging.venturacounty.gov\/itsd\/es\/contact-us-itsd\/\" class=\"elementor-item\" tabindex=\"-1\">P\u00f3ngase en contacto con nosotros<\/a><\/li>\n<\/ul>\t\t\t<\/nav>\n\t\t\t\t\t\t<\/div>\n\t\t\t\t<\/div>\n\t\t\t\t\t<\/div>\n\t\t\t\t<\/div>\n\t\t<div class=\"elementor-element elementor-element-735b0e9 e-flex e-con-boxed e-con e-parent\" data-id=\"735b0e9\" data-element_type=\"container\">\n\t\t\t\t\t<div class=\"e-con-inner\">\n\t\t<div class=\"elementor-element elementor-element-c8d8433 e-flex e-con-boxed e-con e-child\" data-id=\"c8d8433\" data-element_type=\"container\">\n\t\t\t\t\t<div class=\"e-con-inner\">\n\t\t\t\t<div class=\"elementor-element elementor-element-05f366f elementor-widget elementor-widget-text-editor\" data-id=\"05f366f\" data-element_type=\"widget\" data-widget_type=\"text-editor.default\">\n\t\t\t\t<div class=\"elementor-widget-container\">\n\t\t\t\t\t\t\t\t\t<p><strong>Innovar. Para mejorar. Para hacer TI... mejor.<\/strong> Ser el l\u00edder tecnol\u00f3gico del condado de Ventura, ofreciendo asesoramiento, soluciones innovadoras, tecnolog\u00edas sostenibles y un valor excepcional a nuestra comunidad.<\/p>\t\t\t\t\t\t\t\t<\/div>\n\t\t\t\t<\/div>\n\t\t\t\t<div class=\"elementor-element elementor-element-f1b1581 elementor-widget elementor-widget-heading\" data-id=\"f1b1581\" data-element_type=\"widget\" data-widget_type=\"heading.default\">\n\t\t\t\t<div class=\"elementor-widget-container\">\n\t\t\t\t\t<h2 class=\"elementor-heading-title elementor-size-default\">EQUIPO DIRECTIVO DEL ITSD<\/h2>\t\t\t\t<\/div>\n\t\t\t\t<\/div>\n\t\t\t\t<div class=\"elementor-element elementor-element-3eb1fa7 elementor-widget-divider--view-line elementor-widget elementor-widget-divider\" data-id=\"3eb1fa7\" data-element_type=\"widget\" data-widget_type=\"divider.default\">\n\t\t\t\t<div class=\"elementor-widget-container\">\n\t\t\t\t\t\t\t<div class=\"elementor-divider\">\n\t\t\t<span class=\"elementor-divider-separator\">\n\t\t\t\t\t\t<\/span>\n\t\t<\/div>\n\t\t\t\t\t\t<\/div>\n\t\t\t\t<\/div>\n\t\t<div class=\"elementor-element elementor-element-a9613a6 e-flex e-con-boxed e-con e-child\" data-id=\"a9613a6\" data-element_type=\"container\">\n\t\t\t\t\t<div class=\"e-con-inner\">\n\t\t<div class=\"elementor-element elementor-element-18c9c04 e-flex e-con-boxed e-con e-child\" data-id=\"18c9c04\" data-element_type=\"container\">\n\t\t\t\t\t<div class=\"e-con-inner\">\n\t\t\t\t<div class=\"elementor-element elementor-element-f5abde4 elementor-widget elementor-widget-image\" data-id=\"f5abde4\" data-element_type=\"widget\" data-widget_type=\"image.default\">\n\t\t\t\t<div class=\"elementor-widget-container\">\n\t\t\t\t\t\t\t\t\t\t\t\t\t\t\t<img fetchpriority=\"high\" decoding=\"async\" width=\"295\" height=\"267\" src=\"https:\/\/staging.venturacounty.gov\/itsd\/wp-content\/uploads\/sites\/21\/2023\/08\/terry-theobald.jpg\" class=\"attachment-large size-large wp-image-176\" alt=\"Terry Theobald\" \/>\t\t\t\t\t\t\t\t\t\t\t\t\t\t\t<\/div>\n\t\t\t\t<\/div>\n\t\t\t\t<div class=\"elementor-element elementor-element-817f8de elementor-widget elementor-widget-heading\" data-id=\"817f8de\" data-element_type=\"widget\" data-widget_type=\"heading.default\">\n\t\t\t\t<div class=\"elementor-widget-container\">\n\t\t\t\t\t<h2 class=\"elementor-heading-title elementor-size-default\">Terrence Theobald<\/h2>\t\t\t\t<\/div>\n\t\t\t\t<\/div>\n\t\t\t\t<div class=\"elementor-element elementor-element-46444e3 elementor-widget elementor-widget-heading\" data-id=\"46444e3\" data-element_type=\"widget\" data-widget_type=\"heading.default\">\n\t\t\t\t<div class=\"elementor-widget-container\">\n\t\t\t\t\t<p class=\"elementor-heading-title elementor-size-default\">Director de Informaci\u00f3n<\/p>\t\t\t\t<\/div>\n\t\t\t\t<\/div>\n\t\t\t\t<div class=\"elementor-element elementor-element-3cbd387 elementor-widget elementor-widget-text-editor\" data-id=\"3cbd387\" data-element_type=\"widget\" data-widget_type=\"text-editor.default\">\n\t\t\t\t<div class=\"elementor-widget-container\">\n\t\t\t\t\t\t\t\t\t<p>El Director General de Informaci\u00f3n proporciona alineaci\u00f3n, liderazgo, estrategia y orientaci\u00f3n empresarial en materia de tecnolog\u00eda de la informaci\u00f3n al Condado...<\/p><p><a href=\"https:\/\/venturacounty.gov\/itsd\/leadership-team\/cio\/\">Ver perfil<\/a><\/p>\t\t\t\t\t\t\t\t<\/div>\n\t\t\t\t<\/div>\n\t\t\t\t\t<\/div>\n\t\t\t\t<\/div>\n\t\t<div class=\"elementor-element elementor-element-03d3b0e e-flex e-con-boxed e-con e-child\" data-id=\"03d3b0e\" data-element_type=\"container\">\n\t\t\t\t\t<div class=\"e-con-inner\">\n\t\t\t\t<div class=\"elementor-element elementor-element-4096c2f elementor-widget elementor-widget-image\" data-id=\"4096c2f\" data-element_type=\"widget\" data-widget_type=\"image.default\">\n\t\t\t\t<div class=\"elementor-widget-container\">\n\t\t\t\t\t\t\t\t\t\t\t\t\t\t\t<img decoding=\"async\" width=\"235\" height=\"212\" src=\"https:\/\/staging.venturacounty.gov\/itsd\/wp-content\/uploads\/sites\/21\/2025\/06\/PPatterson-Photo-022525.png\" class=\"attachment-large size-large wp-image-253\" alt=\"Pat Patterson\" \/>\t\t\t\t\t\t\t\t\t\t\t\t\t\t\t<\/div>\n\t\t\t\t<\/div>\n\t\t\t\t<div class=\"elementor-element elementor-element-7ac0c27 elementor-widget elementor-widget-heading\" data-id=\"7ac0c27\" data-element_type=\"widget\" data-widget_type=\"heading.default\">\n\t\t\t\t<div class=\"elementor-widget-container\">\n\t\t\t\t\t<h2 class=\"elementor-heading-title elementor-size-default\">Pat Patterson<\/h2>\t\t\t\t<\/div>\n\t\t\t\t<\/div>\n\t\t\t\t<div class=\"elementor-element elementor-element-c2ac83f elementor-widget elementor-widget-heading\" data-id=\"c2ac83f\" data-element_type=\"widget\" data-widget_type=\"heading.default\">\n\t\t\t\t<div class=\"elementor-widget-container\">\n\t\t\t\t\t<p class=\"elementor-heading-title elementor-size-default\">Subdirector de Informaci\u00f3n\n<\/p>\t\t\t\t<\/div>\n\t\t\t\t<\/div>\n\t\t\t\t<div class=\"elementor-element elementor-element-0106237 elementor-widget elementor-widget-text-editor\" data-id=\"0106237\" data-element_type=\"widget\" data-widget_type=\"text-editor.default\">\n\t\t\t\t<div class=\"elementor-widget-container\">\n\t\t\t\t\t\t\t\t\t<p>El Director de Informaci\u00f3n Adjunto supervisa las Divisiones de Servicios de Aplicaciones y Sistemas Empresariales.<\/p><p><a href=\"https:\/\/venturacounty.gov\/itsd\/leadership-team\/acio\">Ver perfil<\/a><\/p>\t\t\t\t\t\t\t\t<\/div>\n\t\t\t\t<\/div>\n\t\t\t\t\t<\/div>\n\t\t\t\t<\/div>\n\t\t<div class=\"elementor-element elementor-element-d052680 e-flex e-con-boxed e-con e-child\" data-id=\"d052680\" data-element_type=\"container\">\n\t\t\t\t\t<div class=\"e-con-inner\">\n\t\t\t\t<div class=\"elementor-element elementor-element-6fce42b elementor-widget elementor-widget-image\" data-id=\"6fce42b\" data-element_type=\"widget\" data-widget_type=\"image.default\">\n\t\t\t\t<div class=\"elementor-widget-container\">\n\t\t\t\t\t\t\t\t\t\t\t\t\t\t\t<img loading=\"lazy\" decoding=\"async\" width=\"295\" height=\"267\" src=\"https:\/\/staging.venturacounty.gov\/itsd\/wp-content\/uploads\/sites\/21\/2023\/08\/matt-hunter.jpg\" class=\"attachment-full size-full wp-image-172\" alt=\"Matt Hunter\" \/>\t\t\t\t\t\t\t\t\t\t\t\t\t\t\t<\/div>\n\t\t\t\t<\/div>\n\t\t\t\t<div class=\"elementor-element elementor-element-10206d5 elementor-widget elementor-widget-heading\" data-id=\"10206d5\" data-element_type=\"widget\" data-widget_type=\"heading.default\">\n\t\t\t\t<div class=\"elementor-widget-container\">\n\t\t\t\t\t<h2 class=\"elementor-heading-title elementor-size-default\">Matt Hunter<\/h2>\t\t\t\t<\/div>\n\t\t\t\t<\/div>\n\t\t\t\t<div class=\"elementor-element elementor-element-61d7de3 elementor-widget elementor-widget-heading\" data-id=\"61d7de3\" data-element_type=\"widget\" data-widget_type=\"heading.default\">\n\t\t\t\t<div class=\"elementor-widget-container\">\n\t\t\t\t\t<p class=\"elementor-heading-title elementor-size-default\">Director de Informaci\u00f3n Adjunto<br>\nEnterprise Services<\/p>\t\t\t\t<\/div>\n\t\t\t\t<\/div>\n\t\t\t\t<div class=\"elementor-element elementor-element-4db2067 elementor-widget elementor-widget-text-editor\" data-id=\"4db2067\" data-element_type=\"widget\" data-widget_type=\"text-editor.default\">\n\t\t\t\t<div class=\"elementor-widget-container\">\n\t\t\t\t\t\t\t\t\t<p>Enterprise Services is responsible for a full range of life-cycle development services from requirements gathering and definition through the delivery and deployment of solutions.<\/p><p><a href=\"https:\/\/venturacounty.gov\/itsd\/leadership-team\/dcio-app-services\/\">Ver perfil<\/a><\/p>\t\t\t\t\t\t\t\t<\/div>\n\t\t\t\t<\/div>\n\t\t\t\t\t<\/div>\n\t\t\t\t<\/div>\n\t\t<div class=\"elementor-element elementor-element-450c590 e-flex e-con-boxed e-con e-child\" data-id=\"450c590\" data-element_type=\"container\">\n\t\t\t\t\t<div class=\"e-con-inner\">\n\t\t\t\t<div class=\"elementor-element elementor-element-f3c0bc7 elementor-widget elementor-widget-image\" data-id=\"f3c0bc7\" data-element_type=\"widget\" data-widget_type=\"image.default\">\n\t\t\t\t<div class=\"elementor-widget-container\">\n\t\t\t\t\t\t\t\t\t\t\t\t\t\t\t<img loading=\"lazy\" decoding=\"async\" width=\"235\" height=\"212\" src=\"https:\/\/staging.venturacounty.gov\/itsd\/wp-content\/uploads\/sites\/21\/2026\/03\/Karla_Mairena.png\" class=\"attachment-large size-large wp-image-322\" alt=\"Karla Mairena\" srcset=\"https:\/\/staging.venturacounty.gov\/itsd\/wp-content\/uploads\/sites\/21\/2026\/03\/Karla_Mairena.png 235w, https:\/\/staging.venturacounty.gov\/itsd\/wp-content\/uploads\/sites\/21\/2026\/03\/Karla_Mairena-13x12.png 13w\" sizes=\"(max-width: 235px) 100vw, 235px\" \/>\t\t\t\t\t\t\t\t\t\t\t\t\t\t\t<\/div>\n\t\t\t\t<\/div>\n\t\t\t\t<div class=\"elementor-element elementor-element-cf89c0f elementor-widget elementor-widget-heading\" data-id=\"cf89c0f\" data-element_type=\"widget\" data-widget_type=\"heading.default\">\n\t\t\t\t<div class=\"elementor-widget-container\">\n\t\t\t\t\t<h2 class=\"elementor-heading-title elementor-size-default\">Karla Mairena<\/h2>\t\t\t\t<\/div>\n\t\t\t\t<\/div>\n\t\t\t\t<div class=\"elementor-element elementor-element-200e6e3 elementor-widget elementor-widget-heading\" data-id=\"200e6e3\" data-element_type=\"widget\" data-widget_type=\"heading.default\">\n\t\t\t\t<div class=\"elementor-widget-container\">\n\t\t\t\t\t<p class=\"elementor-heading-title elementor-size-default\">Director<br>Servicios administrativos y fiscales<\/p>\t\t\t\t<\/div>\n\t\t\t\t<\/div>\n\t\t\t\t<div class=\"elementor-element elementor-element-814aec5 elementor-widget elementor-widget-text-editor\" data-id=\"814aec5\" data-element_type=\"widget\" data-widget_type=\"text-editor.default\">\n\t\t\t\t<div class=\"elementor-widget-container\">\n\t\t\t\t\t\t\t\t\t<p>La Divisi\u00f3n de Servicios Administrativos y Fiscales coordina y desarrolla planes operativos y financieros a corto y largo plazo para el Departamento de Servicios Inform\u00e1ticos.<\/p><p><a href=\"https:\/\/venturacounty.gov\/itsd\/leadership-team\/administrative-and-fiscal-services\/\">Ver perfil<\/a><\/p>\t\t\t\t\t\t\t\t<\/div>\n\t\t\t\t<\/div>\n\t\t\t\t\t<\/div>\n\t\t\t\t<\/div>\n\t\t\t\t\t<\/div>\n\t\t\t\t<\/div>\n\t\t<div class=\"elementor-element elementor-element-9e1b741 e-flex e-con-boxed e-con e-child\" data-id=\"9e1b741\" data-element_type=\"container\">\n\t\t\t\t\t<div class=\"e-con-inner\">\n\t\t<div class=\"elementor-element elementor-element-741177a e-flex e-con-boxed e-con e-child\" data-id=\"741177a\" data-element_type=\"container\">\n\t\t\t\t\t<div class=\"e-con-inner\">\n\t\t\t\t<div class=\"elementor-element elementor-element-74be96f elementor-widget elementor-widget-image\" data-id=\"74be96f\" data-element_type=\"widget\" data-widget_type=\"image.default\">\n\t\t\t\t<div class=\"elementor-widget-container\">\n\t\t\t\t\t\t\t\t\t\t\t\t\t\t\t<img loading=\"lazy\" decoding=\"async\" width=\"235\" height=\"212\" src=\"https:\/\/staging.venturacounty.gov\/itsd\/wp-content\/uploads\/sites\/21\/2026\/01\/Ernest-Ferdman.png\" class=\"attachment-large size-large wp-image-316\" alt=\"Ernest Ferdman\" srcset=\"https:\/\/staging.venturacounty.gov\/itsd\/wp-content\/uploads\/sites\/21\/2026\/01\/Ernest-Ferdman.png 235w, https:\/\/staging.venturacounty.gov\/itsd\/wp-content\/uploads\/sites\/21\/2026\/01\/Ernest-Ferdman-13x12.png 13w\" sizes=\"(max-width: 235px) 100vw, 235px\" \/>\t\t\t\t\t\t\t\t\t\t\t\t\t\t\t<\/div>\n\t\t\t\t<\/div>\n\t\t\t\t<div class=\"elementor-element elementor-element-19523c3 elementor-widget elementor-widget-heading\" data-id=\"19523c3\" data-element_type=\"widget\" data-widget_type=\"heading.default\">\n\t\t\t\t<div class=\"elementor-widget-container\">\n\t\t\t\t\t<h2 class=\"elementor-heading-title elementor-size-default\">Ernest Ferdman<\/h2>\t\t\t\t<\/div>\n\t\t\t\t<\/div>\n\t\t\t\t<div class=\"elementor-element elementor-element-069d04d elementor-widget elementor-widget-heading\" data-id=\"069d04d\" data-element_type=\"widget\" data-widget_type=\"heading.default\">\n\t\t\t\t<div class=\"elementor-widget-container\">\n\t\t\t\t\t<p class=\"elementor-heading-title elementor-size-default\">Director de Informaci\u00f3n Adjunto<br>\nJustice Services &amp; Innovation<\/p>\t\t\t\t<\/div>\n\t\t\t\t<\/div>\n\t\t\t\t<div class=\"elementor-element elementor-element-515fd29 elementor-widget elementor-widget-text-editor\" data-id=\"515fd29\" data-element_type=\"widget\" data-widget_type=\"text-editor.default\">\n\t\t\t\t<div class=\"elementor-widget-container\">\n\t\t\t\t\t\t\t\t\t<p>The Justice Services &amp; Innovation Division provides technology resources and services in support of the Ventura County Fire Protection District, Ventura County Sheriff\u2019s Office, etc.<\/p><p><a href=\"https:\/\/venturacounty.gov\/itsd\/leadership-team\/public-safety-services\/\">Ver perfil<\/a><\/p>\t\t\t\t\t\t\t\t<\/div>\n\t\t\t\t<\/div>\n\t\t\t\t\t<\/div>\n\t\t\t\t<\/div>\n\t\t<div class=\"elementor-element elementor-element-c33ad52 e-flex e-con-boxed e-con e-child\" data-id=\"c33ad52\" data-element_type=\"container\">\n\t\t\t\t\t<div class=\"e-con-inner\">\n\t\t\t\t<div class=\"elementor-element elementor-element-c827f4b elementor-widget elementor-widget-image\" data-id=\"c827f4b\" data-element_type=\"widget\" data-widget_type=\"image.default\">\n\t\t\t\t<div class=\"elementor-widget-container\">\n\t\t\t\t\t\t\t\t\t\t\t\t\t\t\t<img loading=\"lazy\" decoding=\"async\" width=\"295\" height=\"267\" src=\"https:\/\/staging.venturacounty.gov\/itsd\/wp-content\/uploads\/sites\/21\/2024\/09\/Gary-Gooden.png\" class=\"attachment-large size-large wp-image-201\" alt=\"Gary Gooden\" \/>\t\t\t\t\t\t\t\t\t\t\t\t\t\t\t<\/div>\n\t\t\t\t<\/div>\n\t\t\t\t<div class=\"elementor-element elementor-element-27e8405 elementor-widget elementor-widget-heading\" data-id=\"27e8405\" data-element_type=\"widget\" data-widget_type=\"heading.default\">\n\t\t\t\t<div class=\"elementor-widget-container\">\n\t\t\t\t\t<h2 class=\"elementor-heading-title elementor-size-default\">Gary Gooden<\/h2>\t\t\t\t<\/div>\n\t\t\t\t<\/div>\n\t\t\t\t<div class=\"elementor-element elementor-element-387255a elementor-widget elementor-widget-heading\" data-id=\"387255a\" data-element_type=\"widget\" data-widget_type=\"heading.default\">\n\t\t\t\t<div class=\"elementor-widget-container\">\n\t\t\t\t\t<p class=\"elementor-heading-title elementor-size-default\">Director de Informaci\u00f3n Adjunto<br>\nServicios de red<\/p>\t\t\t\t<\/div>\n\t\t\t\t<\/div>\n\t\t\t\t<div class=\"elementor-element elementor-element-85a56f3 elementor-widget elementor-widget-text-editor\" data-id=\"85a56f3\" data-element_type=\"widget\" data-widget_type=\"text-editor.default\">\n\t\t\t\t<div class=\"elementor-widget-container\">\n\t\t\t\t\t\t\t\t\t<p>La Divisi\u00f3n de Servicios de Red presta servicios de voz, datos, radio, microondas y seguridad.<\/p><p><a href=\"https:\/\/venturacounty.gov\/itsd\/leadership-team\/network-services\">Ver perfil<\/a><\/p>\t\t\t\t\t\t\t\t<\/div>\n\t\t\t\t<\/div>\n\t\t\t\t\t<\/div>\n\t\t\t\t<\/div>\n\t\t<div class=\"elementor-element elementor-element-8b51be6 e-flex e-con-boxed e-con e-child\" data-id=\"8b51be6\" data-element_type=\"container\">\n\t\t\t\t\t<div class=\"e-con-inner\">\n\t\t\t\t<div class=\"elementor-element elementor-element-4fd2ce8 elementor-widget elementor-widget-image\" data-id=\"4fd2ce8\" data-element_type=\"widget\" data-widget_type=\"image.default\">\n\t\t\t\t<div class=\"elementor-widget-container\">\n\t\t\t\t\t\t\t\t\t\t\t\t\t\t\t<img loading=\"lazy\" decoding=\"async\" width=\"295\" height=\"267\" src=\"https:\/\/staging.venturacounty.gov\/itsd\/wp-content\/uploads\/sites\/21\/2023\/08\/joseph-bacigalupi.jpg\" class=\"attachment-large size-large wp-image-170\" alt=\"Joseph Bacigalupi\" \/>\t\t\t\t\t\t\t\t\t\t\t\t\t\t\t<\/div>\n\t\t\t\t<\/div>\n\t\t\t\t<div class=\"elementor-element elementor-element-8a1d669 elementor-widget elementor-widget-heading\" data-id=\"8a1d669\" data-element_type=\"widget\" data-widget_type=\"heading.default\">\n\t\t\t\t<div class=\"elementor-widget-container\">\n\t\t\t\t\t<h2 class=\"elementor-heading-title elementor-size-default\">Joseph Bacigalupi<\/h2>\t\t\t\t<\/div>\n\t\t\t\t<\/div>\n\t\t\t\t<div class=\"elementor-element elementor-element-d288bc2 elementor-widget elementor-widget-heading\" data-id=\"d288bc2\" data-element_type=\"widget\" data-widget_type=\"heading.default\">\n\t\t\t\t<div class=\"elementor-widget-container\">\n\t\t\t\t\t<p class=\"elementor-heading-title elementor-size-default\">Director de Informaci\u00f3n Adjunto<br>\nServicios t\u00e9cnicos<\/p>\t\t\t\t<\/div>\n\t\t\t\t<\/div>\n\t\t\t\t<div class=\"elementor-element elementor-element-2baf50e elementor-widget elementor-widget-text-editor\" data-id=\"2baf50e\" data-element_type=\"widget\" data-widget_type=\"text-editor.default\">\n\t\t\t\t<div class=\"elementor-widget-container\">\n\t\t\t\t\t\t\t\t\t<p>La Divisi\u00f3n de Servicios T\u00e9cnicos se dedica a proporcionar un soporte de infraestructura fiable a una amplia variedad de plataformas tecnol\u00f3gicas del Condado...<\/p><p><a href=\"https:\/\/venturacounty.gov\/itsd\/leadership-team\/technical-services\/\">Ver perfil<\/a><\/p>\t\t\t\t\t\t\t\t<\/div>\n\t\t\t\t<\/div>\n\t\t\t\t\t<\/div>\n\t\t\t\t<\/div>\n\t\t<div class=\"elementor-element elementor-element-65b8f83 e-flex e-con-boxed e-con e-child\" data-id=\"65b8f83\" data-element_type=\"container\">\n\t\t\t\t\t<div class=\"e-con-inner\">\n\t\t\t\t\t<\/div>\n\t\t\t\t<\/div>\n\t\t\t\t\t<\/div>\n\t\t\t\t<\/div>\n\t\t\t\t\t<\/div>\n\t\t\t\t<\/div>\n\t\t\t\t\t<\/div>\n\t\t\t\t<\/div>\n\t\t\t\t<\/div>","protected":false},"excerpt":{"rendered":"<p>To innovate. To enhance. To do IT\u2026 better. To be the technology leader in Ventura County, providing consultation, innovative solutions, sustainable technologies, and exceptional value to our community. ITSD EXECUTIVE LEADERSHIP TEAM Terrence Theobald Chief Information Officer The Chief Information Officer provides information technology business alignment, leadership, strategy and guidance to the County\u2026 View Profile [&hellip;]<\/p>\n","protected":false},"author":5,"featured_media":0,"parent":0,"menu_order":0,"comment_status":"closed","ping_status":"closed","template":"","meta":{"_relevanssi_hide_post":"","_relevanssi_hide_content":"","_relevanssi_pin_for_all":"","_relevanssi_pin_keywords":"","_relevanssi_unpin_keywords":"","_relevanssi_related_keywords":"","_relevanssi_related_include_ids":"","_relevanssi_related_exclude_ids":"","_relevanssi_related_no_append":"","_relevanssi_related_not_related":"","_relevanssi_related_posts":"","_relevanssi_noindex_reason":"","footnotes":""},"categories":[],"tags":[],"class_list":["post-106","page","type-page","status-publish","hentry"],"_links":{"self":[{"href":"https:\/\/staging.venturacounty.gov\/itsd\/es\/wp-json\/wp\/v2\/pages\/106","targetHints":{"allow":["GET"]}}],"collection":[{"href":"https:\/\/staging.venturacounty.gov\/itsd\/es\/wp-json\/wp\/v2\/pages"}],"about":[{"href":"https:\/\/staging.venturacounty.gov\/itsd\/es\/wp-json\/wp\/v2\/types\/page"}],"author":[{"embeddable":true,"href":"https:\/\/staging.venturacounty.gov\/itsd\/es\/wp-json\/wp\/v2\/users\/5"}],"replies":[{"embeddable":true,"href":"https:\/\/staging.venturacounty.gov\/itsd\/es\/wp-json\/wp\/v2\/comments?post=106"}],"version-history":[{"count":0,"href":"https:\/\/staging.venturacounty.gov\/itsd\/es\/wp-json\/wp\/v2\/pages\/106\/revisions"}],"wp:attachment":[{"href":"https:\/\/staging.venturacounty.gov\/itsd\/es\/wp-json\/wp\/v2\/media?parent=106"}],"wp:term":[{"taxonomy":"category","embeddable":true,"href":"https:\/\/staging.venturacounty.gov\/itsd\/es\/wp-json\/wp\/v2\/categories?post=106"},{"taxonomy":"post_tag","embeddable":true,"href":"https:\/\/staging.venturacounty.gov\/itsd\/es\/wp-json\/wp\/v2\/tags?post=106"}],"curies":[{"name":"wp","href":"https:\/\/api.w.org\/{rel}","templated":true}]}}