{"id":395118,"date":"2023-09-21T15:38:40","date_gmt":"2023-09-21T15:38:40","guid":{"rendered":"https:\/\/staging.venturacounty.gov\/human-services-agency\/?page_id=395118"},"modified":"2025-04-23T20:18:28","modified_gmt":"2025-04-23T20:18:28","slug":"get-banked","status":"publish","type":"page","link":"https:\/\/staging.venturacounty.gov\/human-services-agency\/es\/calworks\/get-banked\/","title":{"rendered":"Bancarizaci\u00f3n"},"content":{"rendered":"<div data-elementor-type=\"wp-page\" data-elementor-id=\"395118\" class=\"elementor elementor-395118\" data-elementor-post-type=\"page\">\n\t\t\t\t<div class=\"elementor-element elementor-element-3645d9c e-flex e-con-boxed e-con e-parent\" data-id=\"3645d9c\" data-element_type=\"container\" data-settings=\"{&quot;background_background&quot;:&quot;classic&quot;,&quot;jet_parallax_layout_list&quot;:[]}\">\n\t\t\t\t\t<div class=\"e-con-inner\">\n\t\t\t\t<div class=\"elementor-element elementor-element-0996bc0 elementor-nav-menu--dropdown-tablet elementor-nav-menu__text-align-aside elementor-nav-menu--toggle elementor-nav-menu--burger elementor-widget elementor-widget-nav-menu\" data-id=\"0996bc0\" data-element_type=\"widget\" data-settings=\"{&quot;layout&quot;:&quot;horizontal&quot;,&quot;submenu_icon&quot;:{&quot;value&quot;:&quot;&lt;i class=\\&quot;fas fa-caret-down\\&quot;&gt;&lt;\\\/i&gt;&quot;,&quot;library&quot;:&quot;fa-solid&quot;},&quot;toggle&quot;:&quot;burger&quot;}\" data-widget_type=\"nav-menu.default\">\n\t\t\t\t<div class=\"elementor-widget-container\">\n\t\t\t\t\t\t\t\t<nav aria-label=\"Men\u00fa\" class=\"elementor-nav-menu--main elementor-nav-menu__container elementor-nav-menu--layout-horizontal e--pointer-background e--animation-fade\">\n\t\t\t\t<ul id=\"menu-1-0996bc0\" class=\"elementor-nav-menu\"><li class=\"menu-item menu-item-type-custom menu-item-object-custom menu-item-has-children menu-item-395173\"><a href=\"#\" class=\"elementor-item elementor-item-anchor\">Qui\u00e9nes somos<\/a>\n<ul class=\"sub-menu elementor-nav-menu--dropdown\">\n\t<li class=\"menu-item menu-item-type-post_type menu-item-object-page menu-item-395169\"><a href=\"https:\/\/staging.venturacounty.gov\/human-services-agency\/es\/about-human-services-agency\/\" class=\"elementor-sub-item\">Misi\u00f3n \/ Visi\u00f3n \/ Valores<\/a><\/li>\n\t<li class=\"menu-item menu-item-type-custom menu-item-object-custom menu-item-has-children menu-item-395175\"><a href=\"#\" class=\"elementor-sub-item elementor-item-anchor\">Publicaciones<\/a>\n\t<ul class=\"sub-menu elementor-nav-menu--dropdown\">\n\t\t<li class=\"menu-item menu-item-type-post_type menu-item-object-page menu-item-395176\"><a href=\"https:\/\/staging.venturacounty.gov\/human-services-agency\/es\/annual-reports\/\" class=\"elementor-sub-item\">Informes anuales<\/a><\/li>\n\t\t<li class=\"menu-item menu-item-type-post_type menu-item-object-page menu-item-395177\"><a href=\"https:\/\/staging.venturacounty.gov\/human-services-agency\/es\/publications-3\/\" class=\"elementor-sub-item\">Pol\u00edticas de HSA<\/a><\/li>\n\t\t<li class=\"menu-item menu-item-type-post_type menu-item-object-page menu-item-396128\"><a href=\"https:\/\/staging.venturacounty.gov\/human-services-agency\/es\/strategic-plan\/\" class=\"elementor-sub-item\">Plan estrat\u00e9gico de la HSA<\/a><\/li>\n\t\t<li class=\"menu-item menu-item-type-post_type menu-item-object-page menu-item-395178\"><a href=\"https:\/\/staging.venturacounty.gov\/human-services-agency\/es\/publications\/\" class=\"elementor-sub-item\">Folletos del programa<\/a><\/li>\n\t<\/ul>\n<\/li>\n\t<li class=\"menu-item menu-item-type-post_type menu-item-object-page menu-item-395214\"><a href=\"https:\/\/staging.venturacounty.gov\/human-services-agency\/es\/about-human-services-agency\/leadership-team\/\" class=\"elementor-sub-item\">Equipo directivo<\/a><\/li>\n\t<li class=\"menu-item menu-item-type-post_type menu-item-object-page menu-item-395172\"><a href=\"https:\/\/staging.venturacounty.gov\/human-services-agency\/es\/hsa-join-our-team\/\" class=\"elementor-sub-item\">\u00danete a nuestro equipo<\/a><\/li>\n\t<li class=\"menu-item menu-item-type-post_type menu-item-object-page menu-item-396544\"><a href=\"https:\/\/staging.venturacounty.gov\/human-services-agency\/es\/hsa-data-and-information\/\" class=\"elementor-sub-item\">Datos e informaci\u00f3n de la HSA<\/a><\/li>\n\t<li class=\"menu-item menu-item-type-post_type menu-item-object-page menu-item-395171\"><a href=\"https:\/\/staging.venturacounty.gov\/human-services-agency\/es\/hsa-contact-us\/\" class=\"elementor-sub-item\">Contactar con HSA<\/a><\/li>\n<\/ul>\n<\/li>\n<li class=\"menu-item menu-item-type-custom menu-item-object-custom menu-item-has-children menu-item-74\"><a href=\"#\" class=\"elementor-item elementor-item-anchor\">Servicios<\/a>\n<ul class=\"sub-menu elementor-nav-menu--dropdown\">\n\t<li class=\"menu-item menu-item-type-custom menu-item-object-custom menu-item-395039\"><a href=\"https:\/\/staging.venturacounty.gov\/human-services-agency\/es\/locations-ways-to-apply\/\" class=\"elementor-sub-item\">Ubicaciones y formas de solicitarlo<\/a><\/li>\n\t<li class=\"menu-item menu-item-type-post_type menu-item-object-page menu-item-392290\"><a href=\"https:\/\/staging.venturacounty.gov\/human-services-agency\/es\/hsa-services\/\" class=\"elementor-sub-item\">Lista de servicios<\/a><\/li>\n\t<li class=\"menu-item menu-item-type-post_type menu-item-object-page menu-item-392292\"><a href=\"https:\/\/staging.venturacounty.gov\/human-services-agency\/es\/topics-a-z\/\" class=\"elementor-sub-item\">Temas A-Z<\/a><\/li>\n\t<li class=\"menu-item menu-item-type-post_type menu-item-object-page menu-item-392294\"><a href=\"https:\/\/staging.venturacounty.gov\/human-services-agency\/es\/foster-transitional-age-youth\/\" class=\"elementor-sub-item\">J\u00f3venes en edad de acogida y de transici\u00f3n<\/a><\/li>\n\t<li class=\"menu-item menu-item-type-post_type menu-item-object-page menu-item-392295\"><a href=\"https:\/\/staging.venturacounty.gov\/human-services-agency\/es\/helpful-links-information\/\" class=\"elementor-sub-item\">Enlaces \u00fatiles e informaci\u00f3n<\/a><\/li>\n<\/ul>\n<\/li>\n<li class=\"menu-item menu-item-type-post_type menu-item-object-page menu-item-392297\"><a href=\"https:\/\/staging.venturacounty.gov\/human-services-agency\/es\/how-do-i\/\" class=\"elementor-item\">\u00bfC\u00f3mo lo hago?<\/a><\/li>\n<li class=\"menu-item menu-item-type-post_type menu-item-object-page menu-item-392300\"><a href=\"https:\/\/staging.venturacounty.gov\/human-services-agency\/es\/partners-providers\/\" class=\"elementor-item\">Socios y proveedores<\/a><\/li>\n<li class=\"menu-item menu-item-type-post_type menu-item-object-page menu-item-has-children menu-item-395080\"><a href=\"https:\/\/staging.venturacounty.gov\/human-services-agency\/es\/disaster-resources\/\" class=\"elementor-item\">Recursos para cat\u00e1strofes<\/a>\n<ul class=\"sub-menu elementor-nav-menu--dropdown\">\n\t<li class=\"menu-item menu-item-type-custom menu-item-object-custom menu-item-has-children menu-item-395084\"><a href=\"https:\/\/staging.venturacounty.gov\/human-services-agency\/es\/emergency-resources\/\" class=\"elementor-sub-item\">Evaluaci\u00f3n del acceso comunitario a las emergencias<\/a>\n\t<ul class=\"sub-menu elementor-nav-menu--dropdown\">\n\t\t<li class=\"menu-item menu-item-type-post_type menu-item-object-page menu-item-395083\"><a href=\"https:\/\/staging.venturacounty.gov\/human-services-agency\/es\/disaster-resources\/survey-and-project-updates\/\" class=\"elementor-sub-item\">Actualizaciones de encuestas y proyectos<\/a><\/li>\n\t\t<li class=\"menu-item menu-item-type-post_type menu-item-object-page menu-item-395082\"><a href=\"https:\/\/staging.venturacounty.gov\/human-services-agency\/es\/disaster-resources\/toolkit\/\" class=\"elementor-sub-item\">Recursos<\/a><\/li>\n\t<\/ul>\n<\/li>\n\t<li class=\"menu-item menu-item-type-post_type menu-item-object-page menu-item-392306\"><a href=\"https:\/\/staging.venturacounty.gov\/human-services-agency\/es\/hsa-alert\/\" class=\"elementor-sub-item\">Alertas HSA<\/a><\/li>\n<\/ul>\n<\/li>\n<li class=\"menu-item menu-item-type-post_type menu-item-object-page menu-item-has-children menu-item-395487\"><a href=\"https:\/\/staging.venturacounty.gov\/human-services-agency\/es\/hsa-news\/\" class=\"elementor-item\">Noticias y eventos<\/a>\n<ul class=\"sub-menu elementor-nav-menu--dropdown\">\n\t<li class=\"menu-item menu-item-type-post_type menu-item-object-page menu-item-396380\"><a href=\"https:\/\/staging.venturacounty.gov\/human-services-agency\/es\/about-human-services-agency\/events\/\" class=\"elementor-sub-item\">Eventos<\/a><\/li>\n\t<li class=\"menu-item menu-item-type-post_type menu-item-object-page menu-item-395290\"><a href=\"https:\/\/staging.venturacounty.gov\/human-services-agency\/es\/hsa-news\/\" class=\"elementor-sub-item\">Boletines electr\u00f3nicos de HSA<\/a><\/li>\n\t<li class=\"menu-item menu-item-type-post_type menu-item-object-page menu-item-395488\"><a href=\"https:\/\/staging.venturacounty.gov\/human-services-agency\/es\/social-media\/\" class=\"elementor-sub-item\">Redes sociales de la HSA<\/a><\/li>\n\t<li class=\"menu-item menu-item-type-post_type menu-item-object-page menu-item-395489\"><a href=\"https:\/\/staging.venturacounty.gov\/human-services-agency\/es\/media\/\" class=\"elementor-sub-item\">Informaci\u00f3n para los medios<\/a><\/li>\n<\/ul>\n<\/li>\n<li class=\"menu-item menu-item-type-post_type menu-item-object-page menu-item-392307\"><a href=\"https:\/\/staging.venturacounty.gov\/human-services-agency\/es\/hsa-contact-us\/\" class=\"elementor-item\">Contactar con HSA<\/a><\/li>\n<\/ul>\t\t\t<\/nav>\n\t\t\t\t\t<div class=\"elementor-menu-toggle\" role=\"button\" tabindex=\"0\" aria-label=\"Men\u00fa Toggle\" aria-expanded=\"false\">\n\t\t\t<i aria-hidden=\"true\" role=\"presentation\" class=\"elementor-menu-toggle__icon--open eicon-menu-bar\"><\/i><i aria-hidden=\"true\" role=\"presentation\" class=\"elementor-menu-toggle__icon--close eicon-close\"><\/i>\t\t<\/div>\n\t\t\t\t\t<nav class=\"elementor-nav-menu--dropdown elementor-nav-menu__container\" aria-hidden=\"true\">\n\t\t\t\t<ul id=\"menu-2-0996bc0\" class=\"elementor-nav-menu\"><li class=\"menu-item menu-item-type-custom menu-item-object-custom menu-item-has-children menu-item-395173\"><a href=\"#\" class=\"elementor-item elementor-item-anchor\" tabindex=\"-1\">Qui\u00e9nes somos<\/a>\n<ul class=\"sub-menu elementor-nav-menu--dropdown\">\n\t<li class=\"menu-item menu-item-type-post_type menu-item-object-page menu-item-395169\"><a href=\"https:\/\/staging.venturacounty.gov\/human-services-agency\/es\/about-human-services-agency\/\" class=\"elementor-sub-item\" tabindex=\"-1\">Misi\u00f3n \/ Visi\u00f3n \/ Valores<\/a><\/li>\n\t<li class=\"menu-item menu-item-type-custom menu-item-object-custom menu-item-has-children menu-item-395175\"><a href=\"#\" class=\"elementor-sub-item elementor-item-anchor\" tabindex=\"-1\">Publicaciones<\/a>\n\t<ul class=\"sub-menu elementor-nav-menu--dropdown\">\n\t\t<li class=\"menu-item menu-item-type-post_type menu-item-object-page menu-item-395176\"><a href=\"https:\/\/staging.venturacounty.gov\/human-services-agency\/es\/annual-reports\/\" class=\"elementor-sub-item\" tabindex=\"-1\">Informes anuales<\/a><\/li>\n\t\t<li class=\"menu-item menu-item-type-post_type menu-item-object-page menu-item-395177\"><a href=\"https:\/\/staging.venturacounty.gov\/human-services-agency\/es\/publications-3\/\" class=\"elementor-sub-item\" tabindex=\"-1\">Pol\u00edticas de HSA<\/a><\/li>\n\t\t<li class=\"menu-item menu-item-type-post_type menu-item-object-page menu-item-396128\"><a href=\"https:\/\/staging.venturacounty.gov\/human-services-agency\/es\/strategic-plan\/\" class=\"elementor-sub-item\" tabindex=\"-1\">Plan estrat\u00e9gico de la HSA<\/a><\/li>\n\t\t<li class=\"menu-item menu-item-type-post_type menu-item-object-page menu-item-395178\"><a href=\"https:\/\/staging.venturacounty.gov\/human-services-agency\/es\/publications\/\" class=\"elementor-sub-item\" tabindex=\"-1\">Folletos del programa<\/a><\/li>\n\t<\/ul>\n<\/li>\n\t<li class=\"menu-item menu-item-type-post_type menu-item-object-page menu-item-395214\"><a href=\"https:\/\/staging.venturacounty.gov\/human-services-agency\/es\/about-human-services-agency\/leadership-team\/\" class=\"elementor-sub-item\" tabindex=\"-1\">Equipo directivo<\/a><\/li>\n\t<li class=\"menu-item menu-item-type-post_type menu-item-object-page menu-item-395172\"><a href=\"https:\/\/staging.venturacounty.gov\/human-services-agency\/es\/hsa-join-our-team\/\" class=\"elementor-sub-item\" tabindex=\"-1\">\u00danete a nuestro equipo<\/a><\/li>\n\t<li class=\"menu-item menu-item-type-post_type menu-item-object-page menu-item-396544\"><a href=\"https:\/\/staging.venturacounty.gov\/human-services-agency\/es\/hsa-data-and-information\/\" class=\"elementor-sub-item\" tabindex=\"-1\">Datos e informaci\u00f3n de la HSA<\/a><\/li>\n\t<li class=\"menu-item menu-item-type-post_type menu-item-object-page menu-item-395171\"><a href=\"https:\/\/staging.venturacounty.gov\/human-services-agency\/es\/hsa-contact-us\/\" class=\"elementor-sub-item\" tabindex=\"-1\">Contactar con HSA<\/a><\/li>\n<\/ul>\n<\/li>\n<li class=\"menu-item menu-item-type-custom menu-item-object-custom menu-item-has-children menu-item-74\"><a href=\"#\" class=\"elementor-item elementor-item-anchor\" tabindex=\"-1\">Servicios<\/a>\n<ul class=\"sub-menu elementor-nav-menu--dropdown\">\n\t<li class=\"menu-item menu-item-type-custom menu-item-object-custom menu-item-395039\"><a href=\"https:\/\/staging.venturacounty.gov\/human-services-agency\/es\/locations-ways-to-apply\/\" class=\"elementor-sub-item\" tabindex=\"-1\">Ubicaciones y formas de solicitarlo<\/a><\/li>\n\t<li class=\"menu-item menu-item-type-post_type menu-item-object-page menu-item-392290\"><a href=\"https:\/\/staging.venturacounty.gov\/human-services-agency\/es\/hsa-services\/\" class=\"elementor-sub-item\" tabindex=\"-1\">Lista de servicios<\/a><\/li>\n\t<li class=\"menu-item menu-item-type-post_type menu-item-object-page menu-item-392292\"><a href=\"https:\/\/staging.venturacounty.gov\/human-services-agency\/es\/topics-a-z\/\" class=\"elementor-sub-item\" tabindex=\"-1\">Temas A-Z<\/a><\/li>\n\t<li class=\"menu-item menu-item-type-post_type menu-item-object-page menu-item-392294\"><a href=\"https:\/\/staging.venturacounty.gov\/human-services-agency\/es\/foster-transitional-age-youth\/\" class=\"elementor-sub-item\" tabindex=\"-1\">J\u00f3venes en edad de acogida y de transici\u00f3n<\/a><\/li>\n\t<li class=\"menu-item menu-item-type-post_type menu-item-object-page menu-item-392295\"><a href=\"https:\/\/staging.venturacounty.gov\/human-services-agency\/es\/helpful-links-information\/\" class=\"elementor-sub-item\" tabindex=\"-1\">Enlaces \u00fatiles e informaci\u00f3n<\/a><\/li>\n<\/ul>\n<\/li>\n<li class=\"menu-item menu-item-type-post_type menu-item-object-page menu-item-392297\"><a href=\"https:\/\/staging.venturacounty.gov\/human-services-agency\/es\/how-do-i\/\" class=\"elementor-item\" tabindex=\"-1\">\u00bfC\u00f3mo lo hago?<\/a><\/li>\n<li class=\"menu-item menu-item-type-post_type menu-item-object-page menu-item-392300\"><a href=\"https:\/\/staging.venturacounty.gov\/human-services-agency\/es\/partners-providers\/\" class=\"elementor-item\" tabindex=\"-1\">Socios y proveedores<\/a><\/li>\n<li class=\"menu-item menu-item-type-post_type menu-item-object-page menu-item-has-children menu-item-395080\"><a href=\"https:\/\/staging.venturacounty.gov\/human-services-agency\/es\/disaster-resources\/\" class=\"elementor-item\" tabindex=\"-1\">Recursos para cat\u00e1strofes<\/a>\n<ul class=\"sub-menu elementor-nav-menu--dropdown\">\n\t<li class=\"menu-item menu-item-type-custom menu-item-object-custom menu-item-has-children menu-item-395084\"><a href=\"https:\/\/staging.venturacounty.gov\/human-services-agency\/es\/emergency-resources\/\" class=\"elementor-sub-item\" tabindex=\"-1\">Evaluaci\u00f3n del acceso comunitario a las emergencias<\/a>\n\t<ul class=\"sub-menu elementor-nav-menu--dropdown\">\n\t\t<li class=\"menu-item menu-item-type-post_type menu-item-object-page menu-item-395083\"><a href=\"https:\/\/staging.venturacounty.gov\/human-services-agency\/es\/disaster-resources\/survey-and-project-updates\/\" class=\"elementor-sub-item\" tabindex=\"-1\">Actualizaciones de encuestas y proyectos<\/a><\/li>\n\t\t<li class=\"menu-item menu-item-type-post_type menu-item-object-page menu-item-395082\"><a href=\"https:\/\/staging.venturacounty.gov\/human-services-agency\/es\/disaster-resources\/toolkit\/\" class=\"elementor-sub-item\" tabindex=\"-1\">Recursos<\/a><\/li>\n\t<\/ul>\n<\/li>\n\t<li class=\"menu-item menu-item-type-post_type menu-item-object-page menu-item-392306\"><a href=\"https:\/\/staging.venturacounty.gov\/human-services-agency\/es\/hsa-alert\/\" class=\"elementor-sub-item\" tabindex=\"-1\">Alertas HSA<\/a><\/li>\n<\/ul>\n<\/li>\n<li class=\"menu-item menu-item-type-post_type menu-item-object-page menu-item-has-children menu-item-395487\"><a href=\"https:\/\/staging.venturacounty.gov\/human-services-agency\/es\/hsa-news\/\" class=\"elementor-item\" tabindex=\"-1\">Noticias y eventos<\/a>\n<ul class=\"sub-menu elementor-nav-menu--dropdown\">\n\t<li class=\"menu-item menu-item-type-post_type menu-item-object-page menu-item-396380\"><a href=\"https:\/\/staging.venturacounty.gov\/human-services-agency\/es\/about-human-services-agency\/events\/\" class=\"elementor-sub-item\" tabindex=\"-1\">Eventos<\/a><\/li>\n\t<li class=\"menu-item menu-item-type-post_type menu-item-object-page menu-item-395290\"><a href=\"https:\/\/staging.venturacounty.gov\/human-services-agency\/es\/hsa-news\/\" class=\"elementor-sub-item\" tabindex=\"-1\">Boletines electr\u00f3nicos de HSA<\/a><\/li>\n\t<li class=\"menu-item menu-item-type-post_type menu-item-object-page menu-item-395488\"><a href=\"https:\/\/staging.venturacounty.gov\/human-services-agency\/es\/social-media\/\" class=\"elementor-sub-item\" tabindex=\"-1\">Redes sociales de la HSA<\/a><\/li>\n\t<li class=\"menu-item menu-item-type-post_type menu-item-object-page menu-item-395489\"><a href=\"https:\/\/staging.venturacounty.gov\/human-services-agency\/es\/media\/\" class=\"elementor-sub-item\" tabindex=\"-1\">Informaci\u00f3n para los medios<\/a><\/li>\n<\/ul>\n<\/li>\n<li class=\"menu-item menu-item-type-post_type menu-item-object-page menu-item-392307\"><a href=\"https:\/\/staging.venturacounty.gov\/human-services-agency\/es\/hsa-contact-us\/\" class=\"elementor-item\" tabindex=\"-1\">Contactar con HSA<\/a><\/li>\n<\/ul>\t\t\t<\/nav>\n\t\t\t\t\t\t<\/div>\n\t\t\t\t<\/div>\n\t\t\t\t\t<\/div>\n\t\t\t\t<\/div>\n\t\t<div class=\"elementor-element elementor-element-0177729 e-flex e-con-boxed e-con e-parent\" data-id=\"0177729\" data-element_type=\"container\" data-settings=\"{&quot;jet_parallax_layout_list&quot;:[]}\">\n\t\t\t\t\t<div class=\"e-con-inner\">\n\t\t\t\t<div class=\"elementor-element elementor-element-9d43a2b elementor-widget elementor-widget-heading\" data-id=\"9d43a2b\" data-element_type=\"widget\" data-widget_type=\"heading.default\">\n\t\t\t\t<div class=\"elementor-widget-container\">\n\t\t\t\t\t<h1 class=\"elementor-heading-title elementor-size-default\">Bancarizaci\u00f3n<\/h1>\t\t\t\t<\/div>\n\t\t\t\t<\/div>\n\t\t\t\t<div class=\"elementor-element elementor-element-8f2077e elementor-widget elementor-widget-text-editor\" data-id=\"8f2077e\" data-element_type=\"widget\" data-widget_type=\"text-editor.default\">\n\t\t\t\t<div class=\"elementor-widget-container\">\n\t\t\t\t\t\t\t\t\t<p><span class=\"OYPEnA text-decoration-none text-strikethrough-none\"><img fetchpriority=\"high\" decoding=\"async\" class=\"wp-image-395150 alignright\" src=\"https:\/\/www.venturacounty.gov\/human-services-agency\/wp-content\/uploads\/sites\/20\/2023\/10\/ATM_GiftCard-180x300.png\" alt=\"Adult woman wearing striped shirt and backpack inserting card into ATM machine. Image below is of red and white-colored gift card.\" width=\"300\" height=\"500\" srcset=\"https:\/\/staging.venturacounty.gov\/human-services-agency\/wp-content\/uploads\/sites\/20\/2023\/10\/ATM_GiftCard-180x300.png 180w, https:\/\/staging.venturacounty.gov\/human-services-agency\/wp-content\/uploads\/sites\/20\/2023\/10\/ATM_GiftCard.png 600w\" sizes=\"(max-width: 300px) 100vw, 300px\" \/>Los clientes de CalWORKs que soliciten recibir sus prestaciones mediante dep\u00f3sito directo tienen derecho a recibir una tarjeta regalo $50 (l\u00edmite de una por hogar hasta agotar existencias).<\/span><\/p>\n<p><span class=\"OYPEnA text-decoration-none text-strikethrough-none\">Puede utilizar la cuenta corriente\/de ahorro que ya tiene o abrir una cuenta nueva para el dep\u00f3sito directo. Las cuentas deben estar abiertas en un banco tradicional o en una cooperativa de cr\u00e9dito.<\/span><\/p>\n<p><strong><span class=\"OYPEnA text-decoration-none text-strikethrough-none\">Por qu\u00e9 elegir el dep\u00f3sito directo:<\/span><\/strong><\/p>\n<ul>\n<li>Ofrece mayor seguridad y privacidad.<\/li>\n<li>Ayuda a proteger contra <a href=\"https:\/\/www.venturacounty.gov\/human-services-agency\/scam-alert\/\">Robo de EBT<\/a>.<\/li>\n<li>Sus fondos est\u00e1n disponibles el primer d\u00eda de cada mes.<\/li>\n<li>Puede seguir accediendo a los fondos en los cajeros autom\u00e1ticos y en cualquier tienda que acepte tarjetas ATM.<\/li>\n<\/ul>\n<\/p><p>Para inscribirse en el dep\u00f3sito directo y recibir su tarjeta regalo $50, p\u00f3ngase en contacto con su trabajador de CalWORKs o llame al 888-472-4463 y facilite la verificaci\u00f3n de su cuenta bancaria.<\/p>\t\t\t\t\t\t\t\t<\/div>\n\t\t\t\t<\/div>\n\t\t\t\t\t<\/div>\n\t\t\t\t<\/div>\n\t\t<div class=\"elementor-element elementor-element-e3c31b6 e-flex e-con-boxed e-con e-parent\" data-id=\"e3c31b6\" data-element_type=\"container\" data-settings=\"{&quot;jet_parallax_layout_list&quot;:[]}\">\n\t\t\t\t\t<div class=\"e-con-inner\">\n\t\t\t\t\t<\/div>\n\t\t\t\t<\/div>\n\t\t\t\t<\/div>","protected":false},"excerpt":{"rendered":"<p>\/*! elementor &#8211; v3.15.0 &#8211; 20-08-2023 *\/ .elementor-heading-title{padding:0;margin:0;line-height:1}.elementor-widget-heading .elementor-heading-title&gt;a{color:inherit;font-size:inherit;line-height:inherit}.elementor-widget-heading .elementor-heading-title.elementor-size-small{font-size:15px}.elementor-widget-heading .elementor-heading-title.elementor-size-medium{font-size:19px}.elementor-widget-heading .elementor-heading-title.elementor-size-large{font-size:29px}.elementor-widget-heading .elementor-heading-title.elementor-size-xl{font-size:39px}.elementor-widget-heading .elementor-heading-title.elementor-size-xxl{font-size:59px} Get Banked CalWORKs clients who request to receive their benefits through direct deposit are eligible to [&hellip;]<\/p>\n","protected":false},"author":43,"featured_media":0,"parent":277,"menu_order":0,"comment_status":"closed","ping_status":"closed","template":"","meta":{"_relevanssi_hide_post":"","_relevanssi_hide_content":"","_relevanssi_pin_for_all":"","_relevanssi_pin_keywords":"","_relevanssi_unpin_keywords":"","_relevanssi_related_keywords":"","_relevanssi_related_include_ids":"","_relevanssi_related_exclude_ids":"","_relevanssi_related_no_append":"","_relevanssi_related_not_related":"","_relevanssi_related_posts":"","_relevanssi_noindex_reason":"","footnotes":""},"categories":[9],"tags":[],"class_list":["post-395118","page","type-page","status-publish","hentry","category-hsa"],"publishpress_future_action":{"enabled":false,"date":"2026-04-29 17:56:37","action":"change-status","newStatus":"draft","terms":[],"taxonomy":"category","extraData":[]},"publishpress_future_workflow_manual_trigger":{"enabledWorkflows":[]},"_links":{"self":[{"href":"https:\/\/staging.venturacounty.gov\/human-services-agency\/es\/wp-json\/wp\/v2\/pages\/395118","targetHints":{"allow":["GET"]}}],"collection":[{"href":"https:\/\/staging.venturacounty.gov\/human-services-agency\/es\/wp-json\/wp\/v2\/pages"}],"about":[{"href":"https:\/\/staging.venturacounty.gov\/human-services-agency\/es\/wp-json\/wp\/v2\/types\/page"}],"author":[{"embeddable":true,"href":"https:\/\/staging.venturacounty.gov\/human-services-agency\/es\/wp-json\/wp\/v2\/users\/43"}],"replies":[{"embeddable":true,"href":"https:\/\/staging.venturacounty.gov\/human-services-agency\/es\/wp-json\/wp\/v2\/comments?post=395118"}],"version-history":[{"count":0,"href":"https:\/\/staging.venturacounty.gov\/human-services-agency\/es\/wp-json\/wp\/v2\/pages\/395118\/revisions"}],"up":[{"embeddable":true,"href":"https:\/\/staging.venturacounty.gov\/human-services-agency\/es\/wp-json\/wp\/v2\/pages\/277"}],"wp:attachment":[{"href":"https:\/\/staging.venturacounty.gov\/human-services-agency\/es\/wp-json\/wp\/v2\/media?parent=395118"}],"wp:term":[{"taxonomy":"category","embeddable":true,"href":"https:\/\/staging.venturacounty.gov\/human-services-agency\/es\/wp-json\/wp\/v2\/categories?post=395118"},{"taxonomy":"post_tag","embeddable":true,"href":"https:\/\/staging.venturacounty.gov\/human-services-agency\/es\/wp-json\/wp\/v2\/tags?post=395118"}],"curies":[{"name":"wp","href":"https:\/\/api.w.org\/{rel}","templated":true}]}}