{"id":392423,"date":"2023-07-14T18:25:39","date_gmt":"2023-07-14T18:25:39","guid":{"rendered":"https:\/\/staging.venturacounty.gov\/human-services-agency\/?page_id=392423"},"modified":"2025-10-02T22:22:51","modified_gmt":"2025-10-02T22:22:51","slug":"transportation","status":"publish","type":"page","link":"https:\/\/staging.venturacounty.gov\/human-services-agency\/es\/after-eighteen\/transportation\/","title":{"rendered":"Transporte - Despu\u00e9s de los dieciocho a\u00f1os"},"content":{"rendered":"<div data-elementor-type=\"wp-page\" data-elementor-id=\"392423\" class=\"elementor elementor-392423\" data-elementor-post-type=\"page\">\n\t\t\t\t<div class=\"elementor-element elementor-element-3645d9c e-flex e-con-boxed e-con e-parent\" data-id=\"3645d9c\" data-element_type=\"container\" data-settings=\"{&quot;background_background&quot;:&quot;classic&quot;,&quot;jet_parallax_layout_list&quot;:[]}\">\n\t\t\t\t\t<div class=\"e-con-inner\">\n\t\t\t\t<div class=\"elementor-element elementor-element-0996bc0 elementor-nav-menu--dropdown-tablet elementor-nav-menu__text-align-aside elementor-nav-menu--toggle elementor-nav-menu--burger elementor-widget elementor-widget-nav-menu\" data-id=\"0996bc0\" data-element_type=\"widget\" data-settings=\"{&quot;layout&quot;:&quot;horizontal&quot;,&quot;submenu_icon&quot;:{&quot;value&quot;:&quot;&lt;i class=\\&quot;fas fa-caret-down\\&quot;&gt;&lt;\\\/i&gt;&quot;,&quot;library&quot;:&quot;fa-solid&quot;},&quot;toggle&quot;:&quot;burger&quot;}\" data-widget_type=\"nav-menu.default\">\n\t\t\t\t<div class=\"elementor-widget-container\">\n\t\t\t\t\t\t\t\t<nav aria-label=\"Men\u00fa\" class=\"elementor-nav-menu--main elementor-nav-menu__container elementor-nav-menu--layout-horizontal e--pointer-background e--animation-fade\">\n\t\t\t\t<ul id=\"menu-1-0996bc0\" class=\"elementor-nav-menu\"><li class=\"menu-item menu-item-type-post_type menu-item-object-page menu-item-home menu-item-392408\"><a href=\"https:\/\/staging.venturacounty.gov\/human-services-agency\/es\/\" class=\"elementor-item\">Agencia de Servicios Humanos<\/a><\/li>\n<li class=\"menu-item menu-item-type-post_type menu-item-object-page menu-item-392409\"><a href=\"https:\/\/staging.venturacounty.gov\/human-services-agency\/es\/after-eighteen\/\" class=\"elementor-item\">Despu\u00e9s de los 18 - Inicio<\/a><\/li>\n<li class=\"menu-item menu-item-type-custom menu-item-object-custom menu-item-has-children menu-item-392410\"><a href=\"#\" class=\"elementor-item elementor-item-anchor\">Adultos emergentes<\/a>\n<ul class=\"sub-menu elementor-nav-menu--dropdown\">\n\t<li class=\"menu-item menu-item-type-post_type menu-item-object-page menu-item-392415\"><a href=\"https:\/\/staging.venturacounty.gov\/human-services-agency\/es\/after-eighteen\/about-after-18\/\" class=\"elementor-sub-item\">Acerca de After 18<\/a><\/li>\n\t<li class=\"menu-item menu-item-type-post_type menu-item-object-page menu-item-392412\"><a href=\"https:\/\/staging.venturacounty.gov\/human-services-agency\/es\/after-eighteen\/education\/\" class=\"elementor-sub-item\">Educaci\u00f3n<\/a><\/li>\n\t<li class=\"menu-item menu-item-type-post_type menu-item-object-page menu-item-392417\"><a href=\"https:\/\/staging.venturacounty.gov\/human-services-agency\/es\/after-eighteen\/employment\/\" class=\"elementor-sub-item\">Empleo<\/a><\/li>\n\t<li class=\"menu-item menu-item-type-post_type menu-item-object-page menu-item-392420\"><a href=\"https:\/\/staging.venturacounty.gov\/human-services-agency\/es\/after-eighteen\/health\/\" class=\"elementor-sub-item\">Salud<\/a><\/li>\n\t<li class=\"menu-item menu-item-type-post_type menu-item-object-page menu-item-392422\"><a href=\"https:\/\/staging.venturacounty.gov\/human-services-agency\/es\/after-eighteen\/housing\/\" class=\"elementor-sub-item\">Vivienda<\/a><\/li>\n\t<li class=\"menu-item menu-item-type-post_type menu-item-object-page menu-item-392424\"><a href=\"https:\/\/staging.venturacounty.gov\/human-services-agency\/es\/after-eighteen\/transportation\/\" class=\"elementor-sub-item\">Transporte<\/a><\/li>\n\t<li class=\"menu-item menu-item-type-post_type menu-item-object-page menu-item-392426\"><a href=\"https:\/\/staging.venturacounty.gov\/human-services-agency\/es\/after-eighteen\/resources-links\/\" class=\"elementor-sub-item\">Recursos<\/a><\/li>\n<\/ul>\n<\/li>\n<li class=\"menu-item menu-item-type-post_type menu-item-object-page menu-item-392428\"><a href=\"https:\/\/staging.venturacounty.gov\/human-services-agency\/es\/after-eighteen\/contact-us\/\" class=\"elementor-item\">P\u00f3ngase en contacto con nosotros<\/a><\/li>\n<li class=\"menu-item menu-item-type-custom menu-item-object-custom menu-item-has-children menu-item-392430\"><a href=\"#\" class=\"elementor-item elementor-item-anchor\">Comunidad<\/a>\n<ul class=\"sub-menu elementor-nav-menu--dropdown\">\n\t<li class=\"menu-item menu-item-type-post_type menu-item-object-page menu-item-392432\"><a href=\"https:\/\/staging.venturacounty.gov\/human-services-agency\/es\/after-eighteen\/about-ab12\/\" class=\"elementor-sub-item\">Acerca de AB12<\/a><\/li>\n\t<li class=\"menu-item menu-item-type-post_type menu-item-object-page menu-item-392434\"><a href=\"https:\/\/staging.venturacounty.gov\/human-services-agency\/es\/after-eighteen\/after-18-foster-parents\/\" class=\"elementor-sub-item\">Opciones de colocaci\u00f3n para mayores de 18 a\u00f1os y padres de acogida<\/a><\/li>\n\t<li class=\"menu-item menu-item-type-post_type menu-item-object-page menu-item-392436\"><a href=\"https:\/\/staging.venturacounty.gov\/human-services-agency\/es\/after-eighteen\/get-involved\/\" class=\"elementor-sub-item\">Participa<\/a><\/li>\n<\/ul>\n<\/li>\n<li class=\"menu-item menu-item-type-post_type menu-item-object-page menu-item-392438\"><a href=\"https:\/\/staging.venturacounty.gov\/human-services-agency\/es\/after-eighteen\/frequently-asked-questions\/\" class=\"elementor-item\">PREGUNTAS FRECUENTES<\/a><\/li>\n<li class=\"menu-item menu-item-type-post_type menu-item-object-page menu-item-392439\"><a href=\"https:\/\/staging.venturacounty.gov\/human-services-agency\/es\/ilp-youth\/\" class=\"elementor-item\">ILP Juventud<\/a><\/li>\n<\/ul>\t\t\t<\/nav>\n\t\t\t\t\t<div class=\"elementor-menu-toggle\" role=\"button\" tabindex=\"0\" aria-label=\"Men\u00fa Toggle\" aria-expanded=\"false\">\n\t\t\t<i aria-hidden=\"true\" role=\"presentation\" class=\"elementor-menu-toggle__icon--open eicon-menu-bar\"><\/i><i aria-hidden=\"true\" role=\"presentation\" class=\"elementor-menu-toggle__icon--close eicon-close\"><\/i>\t\t<\/div>\n\t\t\t\t\t<nav class=\"elementor-nav-menu--dropdown elementor-nav-menu__container\" aria-hidden=\"true\">\n\t\t\t\t<ul id=\"menu-2-0996bc0\" class=\"elementor-nav-menu\"><li class=\"menu-item menu-item-type-post_type menu-item-object-page menu-item-home menu-item-392408\"><a href=\"https:\/\/staging.venturacounty.gov\/human-services-agency\/es\/\" class=\"elementor-item\" tabindex=\"-1\">Agencia de Servicios Humanos<\/a><\/li>\n<li class=\"menu-item menu-item-type-post_type menu-item-object-page menu-item-392409\"><a href=\"https:\/\/staging.venturacounty.gov\/human-services-agency\/es\/after-eighteen\/\" class=\"elementor-item\" tabindex=\"-1\">Despu\u00e9s de los 18 - Inicio<\/a><\/li>\n<li class=\"menu-item menu-item-type-custom menu-item-object-custom menu-item-has-children menu-item-392410\"><a href=\"#\" class=\"elementor-item elementor-item-anchor\" tabindex=\"-1\">Adultos emergentes<\/a>\n<ul class=\"sub-menu elementor-nav-menu--dropdown\">\n\t<li class=\"menu-item menu-item-type-post_type menu-item-object-page menu-item-392415\"><a href=\"https:\/\/staging.venturacounty.gov\/human-services-agency\/es\/after-eighteen\/about-after-18\/\" class=\"elementor-sub-item\" tabindex=\"-1\">Acerca de After 18<\/a><\/li>\n\t<li class=\"menu-item menu-item-type-post_type menu-item-object-page menu-item-392412\"><a href=\"https:\/\/staging.venturacounty.gov\/human-services-agency\/es\/after-eighteen\/education\/\" class=\"elementor-sub-item\" tabindex=\"-1\">Educaci\u00f3n<\/a><\/li>\n\t<li class=\"menu-item menu-item-type-post_type menu-item-object-page menu-item-392417\"><a href=\"https:\/\/staging.venturacounty.gov\/human-services-agency\/es\/after-eighteen\/employment\/\" class=\"elementor-sub-item\" tabindex=\"-1\">Empleo<\/a><\/li>\n\t<li class=\"menu-item menu-item-type-post_type menu-item-object-page menu-item-392420\"><a href=\"https:\/\/staging.venturacounty.gov\/human-services-agency\/es\/after-eighteen\/health\/\" class=\"elementor-sub-item\" tabindex=\"-1\">Salud<\/a><\/li>\n\t<li class=\"menu-item menu-item-type-post_type menu-item-object-page menu-item-392422\"><a href=\"https:\/\/staging.venturacounty.gov\/human-services-agency\/es\/after-eighteen\/housing\/\" class=\"elementor-sub-item\" tabindex=\"-1\">Vivienda<\/a><\/li>\n\t<li class=\"menu-item menu-item-type-post_type menu-item-object-page menu-item-392424\"><a href=\"https:\/\/staging.venturacounty.gov\/human-services-agency\/es\/after-eighteen\/transportation\/\" class=\"elementor-sub-item\" tabindex=\"-1\">Transporte<\/a><\/li>\n\t<li class=\"menu-item menu-item-type-post_type menu-item-object-page menu-item-392426\"><a href=\"https:\/\/staging.venturacounty.gov\/human-services-agency\/es\/after-eighteen\/resources-links\/\" class=\"elementor-sub-item\" tabindex=\"-1\">Recursos<\/a><\/li>\n<\/ul>\n<\/li>\n<li class=\"menu-item menu-item-type-post_type menu-item-object-page menu-item-392428\"><a href=\"https:\/\/staging.venturacounty.gov\/human-services-agency\/es\/after-eighteen\/contact-us\/\" class=\"elementor-item\" tabindex=\"-1\">P\u00f3ngase en contacto con nosotros<\/a><\/li>\n<li class=\"menu-item menu-item-type-custom menu-item-object-custom menu-item-has-children menu-item-392430\"><a href=\"#\" class=\"elementor-item elementor-item-anchor\" tabindex=\"-1\">Comunidad<\/a>\n<ul class=\"sub-menu elementor-nav-menu--dropdown\">\n\t<li class=\"menu-item menu-item-type-post_type menu-item-object-page menu-item-392432\"><a href=\"https:\/\/staging.venturacounty.gov\/human-services-agency\/es\/after-eighteen\/about-ab12\/\" class=\"elementor-sub-item\" tabindex=\"-1\">Acerca de AB12<\/a><\/li>\n\t<li class=\"menu-item menu-item-type-post_type menu-item-object-page menu-item-392434\"><a href=\"https:\/\/staging.venturacounty.gov\/human-services-agency\/es\/after-eighteen\/after-18-foster-parents\/\" class=\"elementor-sub-item\" tabindex=\"-1\">Opciones de colocaci\u00f3n para mayores de 18 a\u00f1os y padres de acogida<\/a><\/li>\n\t<li class=\"menu-item menu-item-type-post_type menu-item-object-page menu-item-392436\"><a href=\"https:\/\/staging.venturacounty.gov\/human-services-agency\/es\/after-eighteen\/get-involved\/\" class=\"elementor-sub-item\" tabindex=\"-1\">Participa<\/a><\/li>\n<\/ul>\n<\/li>\n<li class=\"menu-item menu-item-type-post_type menu-item-object-page menu-item-392438\"><a href=\"https:\/\/staging.venturacounty.gov\/human-services-agency\/es\/after-eighteen\/frequently-asked-questions\/\" class=\"elementor-item\" tabindex=\"-1\">PREGUNTAS FRECUENTES<\/a><\/li>\n<li class=\"menu-item menu-item-type-post_type menu-item-object-page menu-item-392439\"><a href=\"https:\/\/staging.venturacounty.gov\/human-services-agency\/es\/ilp-youth\/\" class=\"elementor-item\" tabindex=\"-1\">ILP Juventud<\/a><\/li>\n<\/ul>\t\t\t<\/nav>\n\t\t\t\t\t\t<\/div>\n\t\t\t\t<\/div>\n\t\t\t\t\t<\/div>\n\t\t\t\t<\/div>\n\t\t<div class=\"elementor-element elementor-element-0177729 e-flex e-con-boxed e-con e-parent\" data-id=\"0177729\" data-element_type=\"container\" data-settings=\"{&quot;jet_parallax_layout_list&quot;:[]}\">\n\t\t\t\t\t<div class=\"e-con-inner\">\n\t\t<div class=\"elementor-element elementor-element-fa729f4 e-flex e-con-boxed e-con e-child\" data-id=\"fa729f4\" data-element_type=\"container\" data-settings=\"{&quot;jet_parallax_layout_list&quot;:[]}\">\n\t\t\t\t\t<div class=\"e-con-inner\">\n\t\t\t\t<div class=\"elementor-element elementor-element-9d43a2b elementor-widget elementor-widget-heading\" data-id=\"9d43a2b\" data-element_type=\"widget\" data-widget_type=\"heading.default\">\n\t\t\t\t<div class=\"elementor-widget-container\">\n\t\t\t\t\t<h1 class=\"elementor-heading-title elementor-size-default\">Transporte - Despu\u00e9s de los dieciocho a\u00f1os<\/h1>\t\t\t\t<\/div>\n\t\t\t\t<\/div>\n\t\t\t\t<div class=\"elementor-element elementor-element-2fc1780 elementor-widget elementor-widget-text-editor\" data-id=\"2fc1780\" data-element_type=\"widget\" data-widget_type=\"text-editor.default\">\n\t\t\t\t<div class=\"elementor-widget-container\">\n\t\t\t\t\t\t\t\t\t<h2 role=\"heading\" data-uw-rm-heading=\"level\"><strong>Asistencia al transporte<\/strong><\/h2><p>Hay fondos limitados disponibles a trav\u00e9s del Programa de Vida Independiente (ILP) Individual\/Extracurricular y Financiaci\u00f3n de Servicios para Ni\u00f1os para j\u00f3venes de crianza para ayudar con las necesidades de transporte, tales como permisos de conducir, formaci\u00f3n de conductores, o pases de autob\u00fas. Las solicitudes de fondos deben hacerse directamente al Coordinador de Servicios Comunitarios al 805-385-9136.<\/p><p>Los j\u00f3venes emancipados deben ponerse en contacto con el Coordinador de Servicios Comunitarios en el 805-385-9174 para obtener informaci\u00f3n y referencias a recursos de transporte.<\/p><h2 role=\"heading\" data-uw-rm-heading=\"level\"><strong>Recursos de transporte<\/strong><\/h2><p><strong><a href=\"https:\/\/www.ci.camarillo.ca.us\/residents\/public_transportation\/\" target=\"_blank\" rel=\"noopener noreferrer\" aria-label=\"Camarillo Transit &amp; Dial-A-Ride - opens in new tab\" data-uw-rm-ext-link=\"\" data-uw-rm-brl=\"PR\" data-uw-original-href=\"https:\/\/www.ci.camarillo.ca.us\/residents\/public_transportation\/\">Tr\u00e1nsito y Dial-A-Ride de Camarillo<\/a><\/strong>\u00a0- 805-988-4228<\/p><p><strong><a href=\"http:\/\/www.goldcoasttransit.org\/\" target=\"_blank\" rel=\"noopener noreferrer\" aria-label=\"Gold Coast Transit (GCT) - se abre en una nueva pesta\u00f1a\" data-uw-rm-ext-link=\"\" data-uw-rm-brl=\"PR\" data-uw-original-href=\"http:\/\/www.goldcoasttransit.org\/\">Tr\u00e1nsito de la Costa Dorada (GCT)<\/a><\/strong>\u00a0- 805-487-4222<\/p><p><strong><a href=\"https:\/\/www.moorparkca.gov\/223\/Transportation\" target=\"_blank\" rel=\"noopener noreferrer\" aria-label=\"Moorpark Transit System - se abre en una nueva pesta\u00f1a\" data-uw-rm-ext-link=\"\" data-uw-rm-brl=\"PR\" data-uw-original-href=\"https:\/\/www.moorparkca.gov\/223\/Transportation\">Sistema de tr\u00e1nsito de Moorpark\u00a0<\/a><\/strong>- 805-529-6864 x257<\/p><p><strong><a href=\"https:\/\/www.simivalley.org\/departments\/public-works\/simi-valley-transit\" target=\"_blank\" rel=\"noopener noreferrer\" aria-label=\"Simi Valley Transit System - se abre en una nueva pesta\u00f1a\" data-uw-rm-ext-link=\"\" data-uw-rm-brl=\"PR\" data-uw-original-href=\"https:\/\/www.simivalley.org\/departments\/public-works\/simi-valley-transit\">Sistema de Tr\u00e1nsito de Simi Valley<\/a><\/strong>\u00a0- 805-583-6456<\/p><p><strong><a href=\"https:\/\/toaks.gov\/transit\" target=\"_blank\" rel=\"noopener noreferrer\" aria-label=\"Thousand Oaks Transit - se abre en una nueva pesta\u00f1a\" data-uw-rm-ext-link=\"\" data-uw-rm-brl=\"PR\" data-uw-original-href=\"https:\/\/www.toaks.org\/departments\/public-works\/transit\">Tr\u00e1nsito de Thousand Oaks<\/a><\/strong>\u00a0- 805-375-5473 (autob\u00fas) u 805-375-5467 (dial-a-ride)<\/p><p><strong><a href=\"https:\/\/www.goventura.org\/\" target=\"_blank\" rel=\"noopener noreferrer\" aria-label=\"VISTA (VCTC) - se abre en una nueva pesta\u00f1a\" data-uw-rm-ext-link=\"\" data-uw-rm-brl=\"PR\" data-uw-original-href=\"https:\/\/www.goventuracounty.gov\/\">VISTA (VCTC)<\/a><\/strong><a href=\"http:\/\/www.caljobs.ca.gov\/\" target=\"_blank\" rel=\"noopener noreferrer\" aria-label=\"www.caljobs.ca.gov - se abre en una nueva pesta\u00f1a\" data-uw-rm-empty-ctrl=\"\" data-uw-rm-ext-link=\"\" data-uw-rm-brl=\"PR\" data-uw-original-href=\"http:\/\/www.caljobs.ca.gov\/\">\u00a0<\/a>- parte de las rutas regulares de autob\u00fas de la Comisi\u00f3n de Tr\u00e1nsito del Condado de Ventura (Ventura County Transit Commission, VCTC) y de dos servicios de transporte p\u00fablico general por marcaci\u00f3n. Para m\u00e1s informaci\u00f3n, llame al 800-438-1112<\/p><p><strong>Bonos de autob\u00fas<\/strong>\u00a0- Si necesita adquirir un pase de autob\u00fas, llame al 800-438-1112<\/p><h2><strong>Obtener el permiso de conducir<\/strong><\/h2><p>Para obtener el permiso de conducci\u00f3n, el\u00a0<strong><a href=\"http:\/\/www.dmv.ca.gov\/\" target=\"_blank\" rel=\"noopener noreferrer\" aria-label=\"Departamento de Veh\u00edculos de Motor de California (DMV) - se abre en una nueva pesta\u00f1a\" data-uw-rm-ext-link=\"\" data-uw-rm-brl=\"PR\" data-uw-original-href=\"http:\/\/www.dmv.ca.gov\/\">Departamento de Veh\u00edculos de Motor de California (DMV)<\/a><\/strong>\u00a0requiere lo siguiente:<\/p><p>1. Finalizaci\u00f3n de las clases de educaci\u00f3n del conductor (disponible en l\u00ednea)<\/p><p>2. Prueba de inscripci\u00f3n en una escuela de formaci\u00f3n de conductores.<\/p><p>3. Certificado de nacimiento original (disponible en la oficina del Registro Civil del condado de nacimiento)<\/p><p>4. Tasa de solicitud: $45<\/p><p>Echa un vistazo a la\u00a0<strong><a href=\"http:\/\/www.dmv.ca.gov\/\" target=\"_blank\" rel=\"noopener noreferrer\" aria-label=\"Sitio web del DMV - se abre en una nueva pesta\u00f1a\" data-uw-rm-ext-link=\"\" data-uw-rm-brl=\"PR\" data-uw-original-href=\"http:\/\/www.dmv.ca.gov\/\">Sitio web del DMV<\/a>\u00a0<\/strong>para m\u00e1s informaci\u00f3n.<\/p>\t\t\t\t\t\t\t\t<\/div>\n\t\t\t\t<\/div>\n\t\t\t\t\t<\/div>\n\t\t\t\t<\/div>\n\t\t\t\t\t<\/div>\n\t\t\t\t<\/div>\n\t\t\t\t<\/div>","protected":false},"excerpt":{"rendered":"<p>Transportation \u2013 After Eighteen Transportation Assistance There are limited funds available through the Independent Living Program (ILP) Individual\/Extracurricular and Children\u2019s Services Funding for foster youth to assist with transportation needs [&hellip;]<\/p>\n","protected":false},"author":7,"featured_media":0,"parent":392373,"menu_order":0,"comment_status":"closed","ping_status":"closed","template":"","meta":{"_relevanssi_hide_post":"","_relevanssi_hide_content":"","_relevanssi_pin_for_all":"","_relevanssi_pin_keywords":"","_relevanssi_unpin_keywords":"","_relevanssi_related_keywords":"","_relevanssi_related_include_ids":"","_relevanssi_related_exclude_ids":"","_relevanssi_related_no_append":"","_relevanssi_related_not_related":"","_relevanssi_related_posts":"","_relevanssi_noindex_reason":"","footnotes":""},"categories":[10,9],"tags":[],"class_list":["post-392423","page","type-page","status-publish","hentry","category-after-eighteen","category-hsa"],"publishpress_future_action":{"enabled":false,"date":"2026-04-29 07:40:07","action":"change-status","newStatus":"draft","terms":[],"taxonomy":"category","extraData":[]},"publishpress_future_workflow_manual_trigger":{"enabledWorkflows":[]},"_links":{"self":[{"href":"https:\/\/staging.venturacounty.gov\/human-services-agency\/es\/wp-json\/wp\/v2\/pages\/392423","targetHints":{"allow":["GET"]}}],"collection":[{"href":"https:\/\/staging.venturacounty.gov\/human-services-agency\/es\/wp-json\/wp\/v2\/pages"}],"about":[{"href":"https:\/\/staging.venturacounty.gov\/human-services-agency\/es\/wp-json\/wp\/v2\/types\/page"}],"author":[{"embeddable":true,"href":"https:\/\/staging.venturacounty.gov\/human-services-agency\/es\/wp-json\/wp\/v2\/users\/7"}],"replies":[{"embeddable":true,"href":"https:\/\/staging.venturacounty.gov\/human-services-agency\/es\/wp-json\/wp\/v2\/comments?post=392423"}],"version-history":[{"count":0,"href":"https:\/\/staging.venturacounty.gov\/human-services-agency\/es\/wp-json\/wp\/v2\/pages\/392423\/revisions"}],"up":[{"embeddable":true,"href":"https:\/\/staging.venturacounty.gov\/human-services-agency\/es\/wp-json\/wp\/v2\/pages\/392373"}],"wp:attachment":[{"href":"https:\/\/staging.venturacounty.gov\/human-services-agency\/es\/wp-json\/wp\/v2\/media?parent=392423"}],"wp:term":[{"taxonomy":"category","embeddable":true,"href":"https:\/\/staging.venturacounty.gov\/human-services-agency\/es\/wp-json\/wp\/v2\/categories?post=392423"},{"taxonomy":"post_tag","embeddable":true,"href":"https:\/\/staging.venturacounty.gov\/human-services-agency\/es\/wp-json\/wp\/v2\/tags?post=392423"}],"curies":[{"name":"wp","href":"https:\/\/api.w.org\/{rel}","templated":true}]}}