{"id":392419,"date":"2023-07-14T18:21:36","date_gmt":"2023-07-14T18:21:36","guid":{"rendered":"https:\/\/staging.venturacounty.gov\/human-services-agency\/?page_id=392419"},"modified":"2025-10-02T20:44:48","modified_gmt":"2025-10-02T20:44:48","slug":"health","status":"publish","type":"page","link":"https:\/\/staging.venturacounty.gov\/human-services-agency\/es\/after-eighteen\/health\/","title":{"rendered":"Salud despu\u00e9s de los 18"},"content":{"rendered":"<div data-elementor-type=\"wp-page\" data-elementor-id=\"392419\" class=\"elementor elementor-392419\" data-elementor-post-type=\"page\">\n\t\t\t\t<div class=\"elementor-element elementor-element-3645d9c e-flex e-con-boxed e-con e-parent\" data-id=\"3645d9c\" data-element_type=\"container\" data-settings=\"{&quot;background_background&quot;:&quot;classic&quot;,&quot;jet_parallax_layout_list&quot;:[]}\">\n\t\t\t\t\t<div class=\"e-con-inner\">\n\t\t\t\t<div class=\"elementor-element elementor-element-0996bc0 elementor-nav-menu--dropdown-tablet elementor-nav-menu__text-align-aside elementor-nav-menu--toggle elementor-nav-menu--burger elementor-widget elementor-widget-nav-menu\" data-id=\"0996bc0\" data-element_type=\"widget\" data-settings=\"{&quot;layout&quot;:&quot;horizontal&quot;,&quot;submenu_icon&quot;:{&quot;value&quot;:&quot;&lt;i class=\\&quot;fas fa-caret-down\\&quot;&gt;&lt;\\\/i&gt;&quot;,&quot;library&quot;:&quot;fa-solid&quot;},&quot;toggle&quot;:&quot;burger&quot;}\" data-widget_type=\"nav-menu.default\">\n\t\t\t\t<div class=\"elementor-widget-container\">\n\t\t\t\t\t\t\t\t<nav aria-label=\"Men\u00fa\" class=\"elementor-nav-menu--main elementor-nav-menu__container elementor-nav-menu--layout-horizontal e--pointer-background e--animation-fade\">\n\t\t\t\t<ul id=\"menu-1-0996bc0\" class=\"elementor-nav-menu\"><li class=\"menu-item menu-item-type-post_type menu-item-object-page menu-item-home menu-item-392408\"><a href=\"https:\/\/staging.venturacounty.gov\/human-services-agency\/es\/\" class=\"elementor-item\">Agencia de Servicios Humanos<\/a><\/li>\n<li class=\"menu-item menu-item-type-post_type menu-item-object-page menu-item-392409\"><a href=\"https:\/\/staging.venturacounty.gov\/human-services-agency\/es\/after-eighteen\/\" class=\"elementor-item\">Despu\u00e9s de los 18 - Inicio<\/a><\/li>\n<li class=\"menu-item menu-item-type-custom menu-item-object-custom menu-item-has-children menu-item-392410\"><a href=\"#\" class=\"elementor-item elementor-item-anchor\">Adultos emergentes<\/a>\n<ul class=\"sub-menu elementor-nav-menu--dropdown\">\n\t<li class=\"menu-item menu-item-type-post_type menu-item-object-page menu-item-392415\"><a href=\"https:\/\/staging.venturacounty.gov\/human-services-agency\/es\/after-eighteen\/about-after-18\/\" class=\"elementor-sub-item\">Acerca de After 18<\/a><\/li>\n\t<li class=\"menu-item menu-item-type-post_type menu-item-object-page menu-item-392412\"><a href=\"https:\/\/staging.venturacounty.gov\/human-services-agency\/es\/after-eighteen\/education\/\" class=\"elementor-sub-item\">Educaci\u00f3n<\/a><\/li>\n\t<li class=\"menu-item menu-item-type-post_type menu-item-object-page menu-item-392417\"><a href=\"https:\/\/staging.venturacounty.gov\/human-services-agency\/es\/after-eighteen\/employment\/\" class=\"elementor-sub-item\">Empleo<\/a><\/li>\n\t<li class=\"menu-item menu-item-type-post_type menu-item-object-page menu-item-392420\"><a href=\"https:\/\/staging.venturacounty.gov\/human-services-agency\/es\/after-eighteen\/health\/\" class=\"elementor-sub-item\">Salud<\/a><\/li>\n\t<li class=\"menu-item menu-item-type-post_type menu-item-object-page menu-item-392422\"><a href=\"https:\/\/staging.venturacounty.gov\/human-services-agency\/es\/after-eighteen\/housing\/\" class=\"elementor-sub-item\">Vivienda<\/a><\/li>\n\t<li class=\"menu-item menu-item-type-post_type menu-item-object-page menu-item-392424\"><a href=\"https:\/\/staging.venturacounty.gov\/human-services-agency\/es\/after-eighteen\/transportation\/\" class=\"elementor-sub-item\">Transporte<\/a><\/li>\n\t<li class=\"menu-item menu-item-type-post_type menu-item-object-page menu-item-392426\"><a href=\"https:\/\/staging.venturacounty.gov\/human-services-agency\/es\/after-eighteen\/resources-links\/\" class=\"elementor-sub-item\">Recursos<\/a><\/li>\n<\/ul>\n<\/li>\n<li class=\"menu-item menu-item-type-post_type menu-item-object-page menu-item-392428\"><a href=\"https:\/\/staging.venturacounty.gov\/human-services-agency\/es\/after-eighteen\/contact-us\/\" class=\"elementor-item\">P\u00f3ngase en contacto con nosotros<\/a><\/li>\n<li class=\"menu-item menu-item-type-custom menu-item-object-custom menu-item-has-children menu-item-392430\"><a href=\"#\" class=\"elementor-item elementor-item-anchor\">Comunidad<\/a>\n<ul class=\"sub-menu elementor-nav-menu--dropdown\">\n\t<li class=\"menu-item menu-item-type-post_type menu-item-object-page menu-item-392432\"><a href=\"https:\/\/staging.venturacounty.gov\/human-services-agency\/es\/after-eighteen\/about-ab12\/\" class=\"elementor-sub-item\">Acerca de AB12<\/a><\/li>\n\t<li class=\"menu-item menu-item-type-post_type menu-item-object-page menu-item-392434\"><a href=\"https:\/\/staging.venturacounty.gov\/human-services-agency\/es\/after-eighteen\/after-18-foster-parents\/\" class=\"elementor-sub-item\">Opciones de colocaci\u00f3n para mayores de 18 a\u00f1os y padres de acogida<\/a><\/li>\n\t<li class=\"menu-item menu-item-type-post_type menu-item-object-page menu-item-392436\"><a href=\"https:\/\/staging.venturacounty.gov\/human-services-agency\/es\/after-eighteen\/get-involved\/\" class=\"elementor-sub-item\">Participa<\/a><\/li>\n<\/ul>\n<\/li>\n<li class=\"menu-item menu-item-type-post_type menu-item-object-page menu-item-392438\"><a href=\"https:\/\/staging.venturacounty.gov\/human-services-agency\/es\/after-eighteen\/frequently-asked-questions\/\" class=\"elementor-item\">PREGUNTAS FRECUENTES<\/a><\/li>\n<li class=\"menu-item menu-item-type-post_type menu-item-object-page menu-item-392439\"><a href=\"https:\/\/staging.venturacounty.gov\/human-services-agency\/es\/ilp-youth\/\" class=\"elementor-item\">ILP Juventud<\/a><\/li>\n<\/ul>\t\t\t<\/nav>\n\t\t\t\t\t<div class=\"elementor-menu-toggle\" role=\"button\" tabindex=\"0\" aria-label=\"Men\u00fa Toggle\" aria-expanded=\"false\">\n\t\t\t<i aria-hidden=\"true\" role=\"presentation\" class=\"elementor-menu-toggle__icon--open eicon-menu-bar\"><\/i><i aria-hidden=\"true\" role=\"presentation\" class=\"elementor-menu-toggle__icon--close eicon-close\"><\/i>\t\t<\/div>\n\t\t\t\t\t<nav class=\"elementor-nav-menu--dropdown elementor-nav-menu__container\" aria-hidden=\"true\">\n\t\t\t\t<ul id=\"menu-2-0996bc0\" class=\"elementor-nav-menu\"><li class=\"menu-item menu-item-type-post_type menu-item-object-page menu-item-home menu-item-392408\"><a href=\"https:\/\/staging.venturacounty.gov\/human-services-agency\/es\/\" class=\"elementor-item\" tabindex=\"-1\">Agencia de Servicios Humanos<\/a><\/li>\n<li class=\"menu-item menu-item-type-post_type menu-item-object-page menu-item-392409\"><a href=\"https:\/\/staging.venturacounty.gov\/human-services-agency\/es\/after-eighteen\/\" class=\"elementor-item\" tabindex=\"-1\">Despu\u00e9s de los 18 - Inicio<\/a><\/li>\n<li class=\"menu-item menu-item-type-custom menu-item-object-custom menu-item-has-children menu-item-392410\"><a href=\"#\" class=\"elementor-item elementor-item-anchor\" tabindex=\"-1\">Adultos emergentes<\/a>\n<ul class=\"sub-menu elementor-nav-menu--dropdown\">\n\t<li class=\"menu-item menu-item-type-post_type menu-item-object-page menu-item-392415\"><a href=\"https:\/\/staging.venturacounty.gov\/human-services-agency\/es\/after-eighteen\/about-after-18\/\" class=\"elementor-sub-item\" tabindex=\"-1\">Acerca de After 18<\/a><\/li>\n\t<li class=\"menu-item menu-item-type-post_type menu-item-object-page menu-item-392412\"><a href=\"https:\/\/staging.venturacounty.gov\/human-services-agency\/es\/after-eighteen\/education\/\" class=\"elementor-sub-item\" tabindex=\"-1\">Educaci\u00f3n<\/a><\/li>\n\t<li class=\"menu-item menu-item-type-post_type menu-item-object-page menu-item-392417\"><a href=\"https:\/\/staging.venturacounty.gov\/human-services-agency\/es\/after-eighteen\/employment\/\" class=\"elementor-sub-item\" tabindex=\"-1\">Empleo<\/a><\/li>\n\t<li class=\"menu-item menu-item-type-post_type menu-item-object-page menu-item-392420\"><a href=\"https:\/\/staging.venturacounty.gov\/human-services-agency\/es\/after-eighteen\/health\/\" class=\"elementor-sub-item\" tabindex=\"-1\">Salud<\/a><\/li>\n\t<li class=\"menu-item menu-item-type-post_type menu-item-object-page menu-item-392422\"><a href=\"https:\/\/staging.venturacounty.gov\/human-services-agency\/es\/after-eighteen\/housing\/\" class=\"elementor-sub-item\" tabindex=\"-1\">Vivienda<\/a><\/li>\n\t<li class=\"menu-item menu-item-type-post_type menu-item-object-page menu-item-392424\"><a href=\"https:\/\/staging.venturacounty.gov\/human-services-agency\/es\/after-eighteen\/transportation\/\" class=\"elementor-sub-item\" tabindex=\"-1\">Transporte<\/a><\/li>\n\t<li class=\"menu-item menu-item-type-post_type menu-item-object-page menu-item-392426\"><a href=\"https:\/\/staging.venturacounty.gov\/human-services-agency\/es\/after-eighteen\/resources-links\/\" class=\"elementor-sub-item\" tabindex=\"-1\">Recursos<\/a><\/li>\n<\/ul>\n<\/li>\n<li class=\"menu-item menu-item-type-post_type menu-item-object-page menu-item-392428\"><a href=\"https:\/\/staging.venturacounty.gov\/human-services-agency\/es\/after-eighteen\/contact-us\/\" class=\"elementor-item\" tabindex=\"-1\">P\u00f3ngase en contacto con nosotros<\/a><\/li>\n<li class=\"menu-item menu-item-type-custom menu-item-object-custom menu-item-has-children menu-item-392430\"><a href=\"#\" class=\"elementor-item elementor-item-anchor\" tabindex=\"-1\">Comunidad<\/a>\n<ul class=\"sub-menu elementor-nav-menu--dropdown\">\n\t<li class=\"menu-item menu-item-type-post_type menu-item-object-page menu-item-392432\"><a href=\"https:\/\/staging.venturacounty.gov\/human-services-agency\/es\/after-eighteen\/about-ab12\/\" class=\"elementor-sub-item\" tabindex=\"-1\">Acerca de AB12<\/a><\/li>\n\t<li class=\"menu-item menu-item-type-post_type menu-item-object-page menu-item-392434\"><a href=\"https:\/\/staging.venturacounty.gov\/human-services-agency\/es\/after-eighteen\/after-18-foster-parents\/\" class=\"elementor-sub-item\" tabindex=\"-1\">Opciones de colocaci\u00f3n para mayores de 18 a\u00f1os y padres de acogida<\/a><\/li>\n\t<li class=\"menu-item menu-item-type-post_type menu-item-object-page menu-item-392436\"><a href=\"https:\/\/staging.venturacounty.gov\/human-services-agency\/es\/after-eighteen\/get-involved\/\" class=\"elementor-sub-item\" tabindex=\"-1\">Participa<\/a><\/li>\n<\/ul>\n<\/li>\n<li class=\"menu-item menu-item-type-post_type menu-item-object-page menu-item-392438\"><a href=\"https:\/\/staging.venturacounty.gov\/human-services-agency\/es\/after-eighteen\/frequently-asked-questions\/\" class=\"elementor-item\" tabindex=\"-1\">PREGUNTAS FRECUENTES<\/a><\/li>\n<li class=\"menu-item menu-item-type-post_type menu-item-object-page menu-item-392439\"><a href=\"https:\/\/staging.venturacounty.gov\/human-services-agency\/es\/ilp-youth\/\" class=\"elementor-item\" tabindex=\"-1\">ILP Juventud<\/a><\/li>\n<\/ul>\t\t\t<\/nav>\n\t\t\t\t\t\t<\/div>\n\t\t\t\t<\/div>\n\t\t\t\t\t<\/div>\n\t\t\t\t<\/div>\n\t\t<div class=\"elementor-element elementor-element-0177729 e-flex e-con-boxed e-con e-parent\" data-id=\"0177729\" data-element_type=\"container\" data-settings=\"{&quot;jet_parallax_layout_list&quot;:[]}\">\n\t\t\t\t\t<div class=\"e-con-inner\">\n\t\t<div class=\"elementor-element elementor-element-728c39f e-flex e-con-boxed e-con e-child\" data-id=\"728c39f\" data-element_type=\"container\" data-settings=\"{&quot;jet_parallax_layout_list&quot;:[]}\">\n\t\t\t\t\t<div class=\"e-con-inner\">\n\t\t\t\t<div class=\"elementor-element elementor-element-9d43a2b elementor-widget elementor-widget-heading\" data-id=\"9d43a2b\" data-element_type=\"widget\" data-widget_type=\"heading.default\">\n\t\t\t\t<div class=\"elementor-widget-container\">\n\t\t\t\t\t<h1 class=\"elementor-heading-title elementor-size-default\">Salud despu\u00e9s de los 18<\/h1>\t\t\t\t<\/div>\n\t\t\t\t<\/div>\n\t\t<div class=\"elementor-element elementor-element-4d56445 e-flex e-con-boxed e-con e-child\" data-id=\"4d56445\" data-element_type=\"container\" data-settings=\"{&quot;jet_parallax_layout_list&quot;:[]}\">\n\t\t\t\t\t<div class=\"e-con-inner\">\n\t\t<div class=\"elementor-element elementor-element-f7aa4b2 e-flex e-con-boxed e-con e-child\" data-id=\"f7aa4b2\" data-element_type=\"container\" data-settings=\"{&quot;jet_parallax_layout_list&quot;:[]}\">\n\t\t\t\t\t<div class=\"e-con-inner\">\n\t\t\t\t<div class=\"elementor-element elementor-element-03392e9 elementor-widget elementor-widget-text-editor\" data-id=\"03392e9\" data-element_type=\"widget\" data-widget_type=\"text-editor.default\">\n\t\t\t\t<div class=\"elementor-widget-container\">\n\t\t\t\t\t\t\t\t\t<h2 role=\"heading\" data-uw-rm-heading=\"level\"><strong>Consulta sanitaria de emancipaci\u00f3n<\/strong><\/h2><p>Aproximadamente seis meses antes de la emancipaci\u00f3n, los trabajadores sociales programar\u00e1n una conferencia de Salud de Emancipaci\u00f3n entre el joven de crianza y una Enfermera de Salud P\u00fablica. Todos los j\u00f3venes de acogida que vayan a emanciparse (dentro o fuera del condado, incluso fuera del estado) tienen derecho a recibir este servicio. Las consultas se realizar\u00e1n por tel\u00e9fono y por correo para los j\u00f3venes de fuera del \u00e1rea.<\/p><p>Los j\u00f3venes recibir\u00e1n:<\/p><ul class=\"arrow-list\"><li>Una consulta sanitaria individualizada centrada en las necesidades sanitarias espec\u00edficas<\/li><li>Educaci\u00f3n sanitaria general, incluida una lista de recursos m\u00e9dicos de la zona.<\/li><li>Informaci\u00f3n sobre las prestaciones ampliadas de Medi-Cal<\/li><li>Una carpeta con cremallera con el Pasaporte Sanitario y Educativo (HEP) actualizado<\/li><li>Un resumen escrito de la consulta<\/li><\/ul><h2><strong>Cobertura sanitaria gratuita para j\u00f3venes en r\u00e9gimen de acogida<\/strong><\/h2><p>Si estabas en acogida temporal cuando cumpliste 18 a\u00f1os, tienes derecho a prestaciones gratuitas de Medi-Cal hasta que cumplas 26 a\u00f1os (independientemente de tus ingresos).  Visite la p\u00e1gina\u00a0<strong><a href=\"https:\/\/www.dhcs.ca.gov\/services\/medi-cal\/eligibility\/Pages\/FFY_Bene.aspx\" data-uw-rm-brl=\"PR\" data-uw-original-href=\"https:\/\/www.dhcs.ca.gov\/services\/medi-cal\/eligibility\/Pages\/FFY_Bene.aspx\">Programa DHCS para antiguos j\u00f3venes de acogida<\/a><\/strong>\u00a0para m\u00e1s informaci\u00f3n.  Puede inscribirse en l\u00ednea en <b><a href=\"http:\/\/BenefitsCal.com\">BeneficiosCal.com<\/a>.<\/b><\/p>\t\t\t\t\t\t\t\t<\/div>\n\t\t\t\t<\/div>\n\t\t\t\t\t<\/div>\n\t\t\t\t<\/div>\n\t\t<div class=\"elementor-element elementor-element-b88cc81 e-flex e-con-boxed e-con e-child\" data-id=\"b88cc81\" data-element_type=\"container\" data-settings=\"{&quot;jet_parallax_layout_list&quot;:[]}\">\n\t\t\t\t\t<div class=\"e-con-inner\">\n\t\t\t\t<div class=\"elementor-element elementor-element-5262d2b elementor-widget elementor-widget-text-editor\" data-id=\"5262d2b\" data-element_type=\"widget\" data-widget_type=\"text-editor.default\">\n\t\t\t\t<div class=\"elementor-widget-container\">\n\t\t\t\t\t\t\t\t\t<h2><strong>Recursos adicionales<\/strong><\/h2><p><strong>Servicios de salud mental<\/strong><\/p><ul class=\"arrow-list\"><li>Equipo m\u00f3vil de respuesta a crisis 24\/7 - 866-998-2243<\/li><li><strong><a href=\"https:\/\/calyouth.org\/\" target=\"_blank\" rel=\"noopener noreferrer\" aria-label=\"California Coalition for Youth - se abre en una nueva pesta\u00f1a\" data-uw-rm-ext-link=\"\">Coalici\u00f3n de California para la Juventud<\/a><\/strong>\u00a0- 800-843-5200<\/li><li><strong><a href=\"https:\/\/www.clinicas.org\/\" target=\"_blank\" rel=\"noopener noreferrer\" aria-label=\"Clinicas de Camino Real - opens in new tab\" data-uw-rm-ext-link=\"\">Clinicas de Camino Real<\/a><\/strong>\u00a0- 805-483-6067<\/li><li><strong><a href=\"http:\/\/www.icfs.org\/\" target=\"_blank\" rel=\"noopener noreferrer\" aria-label=\"Interface Children Family Services - se abre en una nueva pesta\u00f1a\" data-uw-rm-ext-link=\"\">Interfaz Servicios Infantiles y Familiares<\/a><\/strong>\u00a0- 805-485-6114 x662<\/li><li><strong><a href=\"https:\/\/www.jewishventuracounty.org\/\" target=\"_blank\" rel=\"noopener noreferrer\" aria-label=\"Ventura County Family Jewish Service - se abre en una nueva pesta\u00f1a\" data-uw-rm-ext-link=\"\">Servicio Familiar Jud\u00edo del Condado de Ventura<\/a><\/strong>\u00a0- 805-641-6565<\/li><li><strong><a href=\"http:\/\/www.thenewbeginningscenter.com\/\" target=\"_blank\" rel=\"noopener noreferrer\" aria-label=\"New Beginnings Counseling Center - se abre en una nueva pesta\u00f1a\" data-uw-rm-ext-link=\"\">Centro de Asesoramiento New Beginnings<\/a><\/strong>\u00a0- 805-987-3162<\/li><li><strong><a href=\"http:\/\/www.pacificclinics.org\/find-support\" target=\"_blank\" rel=\"noopener noreferrer\" aria-label=\"T\u00fanel TAY - opens in new tab\" data-uw-rm-ext-link=\"\">T\u00fanel TAY<\/a><\/strong>\u00a0- 805-240-2538<\/li><\/ul><p><strong>Explotaci\u00f3n y trata de seres humanos<\/strong><\/p><ul class=\"arrow-list\"><li><strong><a href=\"https:\/\/www.foreverfound.org\/our-work\" target=\"_blank\" rel=\"noopener noreferrer\" aria-label=\"Programa Forever Found Reach - se abre en una nueva pesta\u00f1a\" data-uw-rm-ext-link=\"\">Programa Alcance Siempre Encontrado<\/a>\u00a0-\u00a0<\/strong>805-261-1212<\/li><\/ul><p><a href=\"https:\/\/vcbh.org\/en\/\" target=\"_blank\" rel=\"noopener noreferrer\" aria-label=\"Ventura County Behavioral Health - se abre en una nueva pesta\u00f1a\" data-uw-rm-ext-link=\"\"><strong>Salud conductual del condado de Ventura<\/strong><\/a><\/p><ul class=\"arrow-list\"><li>Programa para j\u00f3venes de Fillmore Behavioral Health - 805-524-8660<\/li><li>Programa para j\u00f3venes de Oxnard Behavioral Health - 805-981-8460<\/li><li>Programa para j\u00f3venes de Santa Paula Behavioral Health - 805-525-1618<\/li><li>Programa para j\u00f3venes de Simi Valley Behavioral Health - 805-582-4080<\/li><li>Programa para j\u00f3venes de Thousand Oaks Behavioral Health - 805-777-3505<\/li><li>Programa para j\u00f3venes de Ventura Behavioral Health - 805-289-3100<\/li><\/ul>\t\t\t\t\t\t\t\t<\/div>\n\t\t\t\t<\/div>\n\t\t\t\t\t<\/div>\n\t\t\t\t<\/div>\n\t\t<div class=\"elementor-element elementor-element-734a6fb e-flex e-con-boxed e-con e-child\" data-id=\"734a6fb\" data-element_type=\"container\" data-settings=\"{&quot;jet_parallax_layout_list&quot;:[]}\">\n\t\t\t\t\t<div class=\"e-con-inner\">\n\t\t\t\t<div class=\"elementor-element elementor-element-bb0bbe6 elementor-widget elementor-widget-text-editor\" data-id=\"bb0bbe6\" data-element_type=\"widget\" data-widget_type=\"text-editor.default\">\n\t\t\t\t<div class=\"elementor-widget-container\">\n\t\t\t\t\t\t\t\t\t<p><strong>Recursos adicionales - Continuaci\u00f3n<\/strong><\/p><p><strong>Embarazo y reproducci\u00f3n<\/strong><\/p><ul class=\"arrow-list\"><li><strong><a href=\"https:\/\/www.plannedparenthood.org\/health-center\/california\/oxnard\/93033\/oxnard-health-center-2842-90170\" target=\"_blank\" rel=\"noopener noreferrer\" aria-label=\"Planned Parenthood - se abre en una nueva pesta\u00f1a\" data-uw-rm-ext-link=\"\">Planned Parenthood<\/a>\u00a0-\u00a0<\/strong>888-898-3806<\/li><li><strong><a href=\"http:\/\/venturacpc.org\/\" target=\"_blank\" rel=\"noopener noreferrer\" aria-label=\"Ventura County Crisis Pregnancy Center - se abre en una nueva pesta\u00f1a\" data-uw-rm-ext-link=\"\">Centro de crisis del embarazo del condado de Ventura<\/a>\u00a0-\u00a0<\/strong>805-648-3301<\/li><li><strong><a href=\"https:\/\/www.facebook.com\/TenderLifeVentura\" target=\"_blank\" rel=\"noopener noreferrer\" aria-label=\"Tender Life Maternity Home - se abre en una nueva pesta\u00f1a\" data-uw-rm-ext-link=\"\">Maternidad Tender Life<\/a><\/strong>\u00a0- 805-653-7474<\/li><\/ul><p><strong>AdolescentesSalud<\/strong><\/p><p><strong><a href=\"http:\/\/teenshealth.org\/teen\/\" target=\"_blank\" rel=\"noopener noreferrer\" aria-label=\"TeensHealth.com - se abre en una nueva pesta\u00f1a\" data-uw-rm-ext-link=\"\">TeensHealth.com<\/a>\u00a0<\/strong>es un lugar seguro y privado para adolescentes que necesitan informaci\u00f3n y consejos honestos y precisos sobre la salud y la vida.<\/p><p><strong>Otros<\/strong><\/p><ul class=\"arrow-list\"><li><a href=\"http:\/\/www.suicide.org\/hotlines\/california-suicide-hotlines.html\" target=\"_blank\" rel=\"noopener noreferrer\" aria-label=\"California Suicide and Crisis Hotline - se abre en una nueva pesta\u00f1a\" data-uw-rm-ext-link=\"\"><strong>L\u00ednea directa de crisis y suicidio de California<\/strong><\/a><\/li><li><a href=\"https:\/\/aaventuracounty.org\/\" target=\"_blank\" rel=\"noopener noreferrer\" aria-label=\"Alcoh\u00f3licos An\u00f3nimos del Condado de Ventura - opens in new tab\" data-uw-rm-ext-link=\"\"><strong>Alcoh\u00f3licos An\u00f3nimos del Condado de Ventura<\/strong><\/a><\/li><li><a href=\"http:\/\/ccrna.net\/\" target=\"_blank\" rel=\"noopener noreferrer\" aria-label=\"Narc\u00f3ticos An\u00f3nimos del Condado de Ventura - opens in new tab\" data-uw-rm-ext-link=\"\"><strong>Narc\u00f3ticos An\u00f3nimos del Condado de Ventura\u00a0<\/strong><\/a><\/li><li><a href=\"https:\/\/www.alanonventura.org\/\" target=\"_blank\" rel=\"noopener noreferrer\" aria-label=\"Al-Anon Ventura County - se abre en una nueva pesta\u00f1a\" data-uw-rm-ext-link=\"\"><strong>Al-Anon del condado de Ventura<\/strong><\/a><\/li><li><a href=\"http:\/\/healthyventuracounty.org\/\" target=\"_blank\" rel=\"noopener noreferrer\" aria-label=\"Alimentaci\u00f3n sana y vida activa - opens in new tab\" data-uw-rm-ext-link=\"\"><strong>Alimentaci\u00f3n sana y vida activa<\/strong><\/a><\/li><\/ul><p><em>NOTA: Para comodidad de nuestros visitantes, esta p\u00e1gina puede contener enlaces a sitios web externos que no est\u00e1n gestionados ni controlados por el Condado de Ventura.<\/em><\/p>\t\t\t\t\t\t\t\t<\/div>\n\t\t\t\t<\/div>\n\t\t\t\t\t<\/div>\n\t\t\t\t<\/div>\n\t\t\t\t\t<\/div>\n\t\t\t\t<\/div>\n\t\t\t\t\t<\/div>\n\t\t\t\t<\/div>\n\t\t\t\t\t<\/div>\n\t\t\t\t<\/div>\n\t\t\t\t<\/div>","protected":false},"excerpt":{"rendered":"<p>Health after 18 Emancipation Health Consultation Approximately six months prior to emancipation, social workers will schedule an Emancipation Health conference between the foster youth and a Public Health Nurse. All [&hellip;]<\/p>\n","protected":false},"author":7,"featured_media":0,"parent":392373,"menu_order":0,"comment_status":"closed","ping_status":"closed","template":"","meta":{"_relevanssi_hide_post":"","_relevanssi_hide_content":"","_relevanssi_pin_for_all":"","_relevanssi_pin_keywords":"","_relevanssi_unpin_keywords":"","_relevanssi_related_keywords":"","_relevanssi_related_include_ids":"","_relevanssi_related_exclude_ids":"","_relevanssi_related_no_append":"","_relevanssi_related_not_related":"","_relevanssi_related_posts":"","_relevanssi_noindex_reason":"","footnotes":""},"categories":[10,9],"tags":[],"class_list":["post-392419","page","type-page","status-publish","hentry","category-after-eighteen","category-hsa"],"publishpress_future_action":{"enabled":false,"date":"2026-04-30 05:45:33","action":"change-status","newStatus":"draft","terms":[],"taxonomy":"category","extraData":[]},"publishpress_future_workflow_manual_trigger":{"enabledWorkflows":[]},"_links":{"self":[{"href":"https:\/\/staging.venturacounty.gov\/human-services-agency\/es\/wp-json\/wp\/v2\/pages\/392419","targetHints":{"allow":["GET"]}}],"collection":[{"href":"https:\/\/staging.venturacounty.gov\/human-services-agency\/es\/wp-json\/wp\/v2\/pages"}],"about":[{"href":"https:\/\/staging.venturacounty.gov\/human-services-agency\/es\/wp-json\/wp\/v2\/types\/page"}],"author":[{"embeddable":true,"href":"https:\/\/staging.venturacounty.gov\/human-services-agency\/es\/wp-json\/wp\/v2\/users\/7"}],"replies":[{"embeddable":true,"href":"https:\/\/staging.venturacounty.gov\/human-services-agency\/es\/wp-json\/wp\/v2\/comments?post=392419"}],"version-history":[{"count":0,"href":"https:\/\/staging.venturacounty.gov\/human-services-agency\/es\/wp-json\/wp\/v2\/pages\/392419\/revisions"}],"up":[{"embeddable":true,"href":"https:\/\/staging.venturacounty.gov\/human-services-agency\/es\/wp-json\/wp\/v2\/pages\/392373"}],"wp:attachment":[{"href":"https:\/\/staging.venturacounty.gov\/human-services-agency\/es\/wp-json\/wp\/v2\/media?parent=392419"}],"wp:term":[{"taxonomy":"category","embeddable":true,"href":"https:\/\/staging.venturacounty.gov\/human-services-agency\/es\/wp-json\/wp\/v2\/categories?post=392419"},{"taxonomy":"post_tag","embeddable":true,"href":"https:\/\/staging.venturacounty.gov\/human-services-agency\/es\/wp-json\/wp\/v2\/tags?post=392419"}],"curies":[{"name":"wp","href":"https:\/\/api.w.org\/{rel}","templated":true}]}}