{"id":392416,"date":"2023-07-14T18:19:26","date_gmt":"2023-07-14T18:19:26","guid":{"rendered":"https:\/\/staging.venturacounty.gov\/human-services-agency\/?page_id=392416"},"modified":"2025-10-02T20:43:03","modified_gmt":"2025-10-02T20:43:03","slug":"employment","status":"publish","type":"page","link":"https:\/\/staging.venturacounty.gov\/human-services-agency\/es\/after-eighteen\/employment\/","title":{"rendered":"Employment &#8211; After 18"},"content":{"rendered":"<div data-elementor-type=\"wp-page\" data-elementor-id=\"392416\" class=\"elementor elementor-392416\" data-elementor-post-type=\"page\">\n\t\t\t\t<div class=\"elementor-element elementor-element-3645d9c e-flex e-con-boxed e-con e-parent\" data-id=\"3645d9c\" data-element_type=\"container\" data-settings=\"{&quot;background_background&quot;:&quot;classic&quot;,&quot;jet_parallax_layout_list&quot;:[]}\">\n\t\t\t\t\t<div class=\"e-con-inner\">\n\t\t\t\t<div class=\"elementor-element elementor-element-0996bc0 elementor-nav-menu--dropdown-tablet elementor-nav-menu__text-align-aside elementor-nav-menu--toggle elementor-nav-menu--burger elementor-widget elementor-widget-nav-menu\" data-id=\"0996bc0\" data-element_type=\"widget\" data-settings=\"{&quot;layout&quot;:&quot;horizontal&quot;,&quot;submenu_icon&quot;:{&quot;value&quot;:&quot;&lt;i class=\\&quot;fas fa-caret-down\\&quot;&gt;&lt;\\\/i&gt;&quot;,&quot;library&quot;:&quot;fa-solid&quot;},&quot;toggle&quot;:&quot;burger&quot;}\" data-widget_type=\"nav-menu.default\">\n\t\t\t\t<div class=\"elementor-widget-container\">\n\t\t\t\t\t\t\t\t<nav aria-label=\"Men\u00fa\" class=\"elementor-nav-menu--main elementor-nav-menu__container elementor-nav-menu--layout-horizontal e--pointer-background e--animation-fade\">\n\t\t\t\t<ul id=\"menu-1-0996bc0\" class=\"elementor-nav-menu\"><li class=\"menu-item menu-item-type-post_type menu-item-object-page menu-item-home menu-item-392408\"><a href=\"https:\/\/staging.venturacounty.gov\/human-services-agency\/es\/\" class=\"elementor-item\">Agencia de Servicios Humanos<\/a><\/li>\n<li class=\"menu-item menu-item-type-post_type menu-item-object-page menu-item-392409\"><a href=\"https:\/\/staging.venturacounty.gov\/human-services-agency\/es\/after-eighteen\/\" class=\"elementor-item\">Despu\u00e9s de los 18 - Inicio<\/a><\/li>\n<li class=\"menu-item menu-item-type-custom menu-item-object-custom menu-item-has-children menu-item-392410\"><a href=\"#\" class=\"elementor-item elementor-item-anchor\">Adultos emergentes<\/a>\n<ul class=\"sub-menu elementor-nav-menu--dropdown\">\n\t<li class=\"menu-item menu-item-type-post_type menu-item-object-page menu-item-392415\"><a href=\"https:\/\/staging.venturacounty.gov\/human-services-agency\/es\/after-eighteen\/about-after-18\/\" class=\"elementor-sub-item\">Acerca de After 18<\/a><\/li>\n\t<li class=\"menu-item menu-item-type-post_type menu-item-object-page menu-item-392412\"><a href=\"https:\/\/staging.venturacounty.gov\/human-services-agency\/es\/after-eighteen\/education\/\" class=\"elementor-sub-item\">Educaci\u00f3n<\/a><\/li>\n\t<li class=\"menu-item menu-item-type-post_type menu-item-object-page menu-item-392417\"><a href=\"https:\/\/staging.venturacounty.gov\/human-services-agency\/es\/after-eighteen\/employment\/\" class=\"elementor-sub-item\">Empleo<\/a><\/li>\n\t<li class=\"menu-item menu-item-type-post_type menu-item-object-page menu-item-392420\"><a href=\"https:\/\/staging.venturacounty.gov\/human-services-agency\/es\/after-eighteen\/health\/\" class=\"elementor-sub-item\">Salud<\/a><\/li>\n\t<li class=\"menu-item menu-item-type-post_type menu-item-object-page menu-item-392422\"><a href=\"https:\/\/staging.venturacounty.gov\/human-services-agency\/es\/after-eighteen\/housing\/\" class=\"elementor-sub-item\">Vivienda<\/a><\/li>\n\t<li class=\"menu-item menu-item-type-post_type menu-item-object-page menu-item-392424\"><a href=\"https:\/\/staging.venturacounty.gov\/human-services-agency\/es\/after-eighteen\/transportation\/\" class=\"elementor-sub-item\">Transporte<\/a><\/li>\n\t<li class=\"menu-item menu-item-type-post_type menu-item-object-page menu-item-392426\"><a href=\"https:\/\/staging.venturacounty.gov\/human-services-agency\/es\/after-eighteen\/resources-links\/\" class=\"elementor-sub-item\">Recursos<\/a><\/li>\n<\/ul>\n<\/li>\n<li class=\"menu-item menu-item-type-post_type menu-item-object-page menu-item-392428\"><a href=\"https:\/\/staging.venturacounty.gov\/human-services-agency\/es\/after-eighteen\/contact-us\/\" class=\"elementor-item\">P\u00f3ngase en contacto con nosotros<\/a><\/li>\n<li class=\"menu-item menu-item-type-custom menu-item-object-custom menu-item-has-children menu-item-392430\"><a href=\"#\" class=\"elementor-item elementor-item-anchor\">Comunidad<\/a>\n<ul class=\"sub-menu elementor-nav-menu--dropdown\">\n\t<li class=\"menu-item menu-item-type-post_type menu-item-object-page menu-item-392432\"><a href=\"https:\/\/staging.venturacounty.gov\/human-services-agency\/es\/after-eighteen\/about-ab12\/\" class=\"elementor-sub-item\">Acerca de AB12<\/a><\/li>\n\t<li class=\"menu-item menu-item-type-post_type menu-item-object-page menu-item-392434\"><a href=\"https:\/\/staging.venturacounty.gov\/human-services-agency\/es\/after-eighteen\/after-18-foster-parents\/\" class=\"elementor-sub-item\">Opciones de colocaci\u00f3n para mayores de 18 a\u00f1os y padres de acogida<\/a><\/li>\n\t<li class=\"menu-item menu-item-type-post_type menu-item-object-page menu-item-392436\"><a href=\"https:\/\/staging.venturacounty.gov\/human-services-agency\/es\/after-eighteen\/get-involved\/\" class=\"elementor-sub-item\">Participa<\/a><\/li>\n<\/ul>\n<\/li>\n<li class=\"menu-item menu-item-type-post_type menu-item-object-page menu-item-392438\"><a href=\"https:\/\/staging.venturacounty.gov\/human-services-agency\/es\/after-eighteen\/frequently-asked-questions\/\" class=\"elementor-item\">PREGUNTAS FRECUENTES<\/a><\/li>\n<li class=\"menu-item menu-item-type-post_type menu-item-object-page menu-item-392439\"><a href=\"https:\/\/staging.venturacounty.gov\/human-services-agency\/es\/ilp-youth\/\" class=\"elementor-item\">ILP Juventud<\/a><\/li>\n<\/ul>\t\t\t<\/nav>\n\t\t\t\t\t<div class=\"elementor-menu-toggle\" role=\"button\" tabindex=\"0\" aria-label=\"Men\u00fa Toggle\" aria-expanded=\"false\">\n\t\t\t<i aria-hidden=\"true\" role=\"presentation\" class=\"elementor-menu-toggle__icon--open eicon-menu-bar\"><\/i><i aria-hidden=\"true\" role=\"presentation\" class=\"elementor-menu-toggle__icon--close eicon-close\"><\/i>\t\t<\/div>\n\t\t\t\t\t<nav class=\"elementor-nav-menu--dropdown elementor-nav-menu__container\" aria-hidden=\"true\">\n\t\t\t\t<ul id=\"menu-2-0996bc0\" class=\"elementor-nav-menu\"><li class=\"menu-item menu-item-type-post_type menu-item-object-page menu-item-home menu-item-392408\"><a href=\"https:\/\/staging.venturacounty.gov\/human-services-agency\/es\/\" class=\"elementor-item\" tabindex=\"-1\">Agencia de Servicios Humanos<\/a><\/li>\n<li class=\"menu-item menu-item-type-post_type menu-item-object-page menu-item-392409\"><a href=\"https:\/\/staging.venturacounty.gov\/human-services-agency\/es\/after-eighteen\/\" class=\"elementor-item\" tabindex=\"-1\">Despu\u00e9s de los 18 - Inicio<\/a><\/li>\n<li class=\"menu-item menu-item-type-custom menu-item-object-custom menu-item-has-children menu-item-392410\"><a href=\"#\" class=\"elementor-item elementor-item-anchor\" tabindex=\"-1\">Adultos emergentes<\/a>\n<ul class=\"sub-menu elementor-nav-menu--dropdown\">\n\t<li class=\"menu-item menu-item-type-post_type menu-item-object-page menu-item-392415\"><a href=\"https:\/\/staging.venturacounty.gov\/human-services-agency\/es\/after-eighteen\/about-after-18\/\" class=\"elementor-sub-item\" tabindex=\"-1\">Acerca de After 18<\/a><\/li>\n\t<li class=\"menu-item menu-item-type-post_type menu-item-object-page menu-item-392412\"><a href=\"https:\/\/staging.venturacounty.gov\/human-services-agency\/es\/after-eighteen\/education\/\" class=\"elementor-sub-item\" tabindex=\"-1\">Educaci\u00f3n<\/a><\/li>\n\t<li class=\"menu-item menu-item-type-post_type menu-item-object-page menu-item-392417\"><a href=\"https:\/\/staging.venturacounty.gov\/human-services-agency\/es\/after-eighteen\/employment\/\" class=\"elementor-sub-item\" tabindex=\"-1\">Empleo<\/a><\/li>\n\t<li class=\"menu-item menu-item-type-post_type menu-item-object-page menu-item-392420\"><a href=\"https:\/\/staging.venturacounty.gov\/human-services-agency\/es\/after-eighteen\/health\/\" class=\"elementor-sub-item\" tabindex=\"-1\">Salud<\/a><\/li>\n\t<li class=\"menu-item menu-item-type-post_type menu-item-object-page menu-item-392422\"><a href=\"https:\/\/staging.venturacounty.gov\/human-services-agency\/es\/after-eighteen\/housing\/\" class=\"elementor-sub-item\" tabindex=\"-1\">Vivienda<\/a><\/li>\n\t<li class=\"menu-item menu-item-type-post_type menu-item-object-page menu-item-392424\"><a href=\"https:\/\/staging.venturacounty.gov\/human-services-agency\/es\/after-eighteen\/transportation\/\" class=\"elementor-sub-item\" tabindex=\"-1\">Transporte<\/a><\/li>\n\t<li class=\"menu-item menu-item-type-post_type menu-item-object-page menu-item-392426\"><a href=\"https:\/\/staging.venturacounty.gov\/human-services-agency\/es\/after-eighteen\/resources-links\/\" class=\"elementor-sub-item\" tabindex=\"-1\">Recursos<\/a><\/li>\n<\/ul>\n<\/li>\n<li class=\"menu-item menu-item-type-post_type menu-item-object-page menu-item-392428\"><a href=\"https:\/\/staging.venturacounty.gov\/human-services-agency\/es\/after-eighteen\/contact-us\/\" class=\"elementor-item\" tabindex=\"-1\">P\u00f3ngase en contacto con nosotros<\/a><\/li>\n<li class=\"menu-item menu-item-type-custom menu-item-object-custom menu-item-has-children menu-item-392430\"><a href=\"#\" class=\"elementor-item elementor-item-anchor\" tabindex=\"-1\">Comunidad<\/a>\n<ul class=\"sub-menu elementor-nav-menu--dropdown\">\n\t<li class=\"menu-item menu-item-type-post_type menu-item-object-page menu-item-392432\"><a href=\"https:\/\/staging.venturacounty.gov\/human-services-agency\/es\/after-eighteen\/about-ab12\/\" class=\"elementor-sub-item\" tabindex=\"-1\">Acerca de AB12<\/a><\/li>\n\t<li class=\"menu-item menu-item-type-post_type menu-item-object-page menu-item-392434\"><a href=\"https:\/\/staging.venturacounty.gov\/human-services-agency\/es\/after-eighteen\/after-18-foster-parents\/\" class=\"elementor-sub-item\" tabindex=\"-1\">Opciones de colocaci\u00f3n para mayores de 18 a\u00f1os y padres de acogida<\/a><\/li>\n\t<li class=\"menu-item menu-item-type-post_type menu-item-object-page menu-item-392436\"><a href=\"https:\/\/staging.venturacounty.gov\/human-services-agency\/es\/after-eighteen\/get-involved\/\" class=\"elementor-sub-item\" tabindex=\"-1\">Participa<\/a><\/li>\n<\/ul>\n<\/li>\n<li class=\"menu-item menu-item-type-post_type menu-item-object-page menu-item-392438\"><a href=\"https:\/\/staging.venturacounty.gov\/human-services-agency\/es\/after-eighteen\/frequently-asked-questions\/\" class=\"elementor-item\" tabindex=\"-1\">PREGUNTAS FRECUENTES<\/a><\/li>\n<li class=\"menu-item menu-item-type-post_type menu-item-object-page menu-item-392439\"><a href=\"https:\/\/staging.venturacounty.gov\/human-services-agency\/es\/ilp-youth\/\" class=\"elementor-item\" tabindex=\"-1\">ILP Juventud<\/a><\/li>\n<\/ul>\t\t\t<\/nav>\n\t\t\t\t\t\t<\/div>\n\t\t\t\t<\/div>\n\t\t\t\t\t<\/div>\n\t\t\t\t<\/div>\n\t\t<div class=\"elementor-element elementor-element-0177729 e-flex e-con-boxed e-con e-parent\" data-id=\"0177729\" data-element_type=\"container\" data-settings=\"{&quot;jet_parallax_layout_list&quot;:[]}\">\n\t\t\t\t\t<div class=\"e-con-inner\">\n\t\t<div class=\"elementor-element elementor-element-ea0fc0e e-flex e-con-boxed e-con e-child\" data-id=\"ea0fc0e\" data-element_type=\"container\" data-settings=\"{&quot;jet_parallax_layout_list&quot;:[]}\">\n\t\t\t\t\t<div class=\"e-con-inner\">\n\t\t\t\t<div class=\"elementor-element elementor-element-9d43a2b elementor-widget elementor-widget-heading\" data-id=\"9d43a2b\" data-element_type=\"widget\" data-widget_type=\"heading.default\">\n\t\t\t\t<div class=\"elementor-widget-container\">\n\t\t\t\t\t<h1 class=\"elementor-heading-title elementor-size-default\">Empleo - Despu\u00e9s de los 18<\/h1>\t\t\t\t<\/div>\n\t\t\t\t<\/div>\n\t\t<div class=\"elementor-element elementor-element-4f4b57d e-flex e-con-boxed e-con e-child\" data-id=\"4f4b57d\" data-element_type=\"container\" data-settings=\"{&quot;jet_parallax_layout_list&quot;:[]}\">\n\t\t\t\t\t<div class=\"e-con-inner\">\n\t\t<div class=\"elementor-element elementor-element-a0c1f7a e-flex e-con-boxed e-con e-child\" data-id=\"a0c1f7a\" data-element_type=\"container\" data-settings=\"{&quot;jet_parallax_layout_list&quot;:[]}\">\n\t\t\t\t\t<div class=\"e-con-inner\">\n\t\t\t\t<div class=\"elementor-element elementor-element-9fb05a6 elementor-widget elementor-widget-text-editor\" data-id=\"9fb05a6\" data-element_type=\"widget\" data-widget_type=\"text-editor.default\">\n\t\t\t\t<div class=\"elementor-widget-container\">\n\t\t\t\t\t\t\t\t\t<h3 class=\"page-header\"><strong>Formaci\u00f3n y preparaci\u00f3n para el empleo<\/strong><\/h3><div class=\"articlepxfontsize1\"><p>Los America's Job Centers of California (AJCC) ayudan a los j\u00f3venes a acceder a los recursos necesarios para mejorar sus habilidades y prepararse para el trabajo adecuado. Un ejemplo de los programas de formaci\u00f3n a los que se puede acceder a trav\u00e9s de los AJCC son los programas de certificados, los cursos de nivel inicial, los conocimientos inform\u00e1ticos b\u00e1sicos y los programas de titulaci\u00f3n para acceder a una universidad de cuatro a\u00f1os.<\/p><p>Los Career Shops, que se celebran peri\u00f3dicamente en los America's Job Centers, se centran en el apoyo a los solicitantes de empleo. M\u00e1s de diez talleres mensuales cubren aspectos esenciales para el \u00e9xito en el empleo e incluyen:<\/p><ul class=\"arrow-list\"><li>Curr\u00edculos y entrevistas<\/li><li>Crear un plan de carrera<\/li><li>B\u00fasqueda de empleo en l\u00ednea<\/li><li>Conocimientos inform\u00e1ticos<\/li><li>Finanzas personales<\/li><\/ul><p>Para m\u00e1s informaci\u00f3n, visite\u00a0<strong><a title=\"Informaci\u00f3n adicional sobre empleos en California\" href=\"https:\/\/workforceventuracounty.org\/job-seekers\/employment-services\/\" target=\"_blank\" rel=\"noopener noreferrer\" aria-label=\"www.venturacountyajcc.org - se abre en una nueva pesta\u00f1a\" data-uw-rm-ext-link=\"\">venturacountyajcc.org<\/a><\/strong><\/p><p><strong><a href=\"https:\/\/venturacounty.gov\/human-services-agency\/wp-content\/uploads\/sites\/20\/2023\/07\/TAY-community-services.pdf\" target=\"_blank\" rel=\"noopener noreferrer\" aria-label=\"Programas de empleo y formaci\u00f3n profesional para j\u00f3venes y adultos - opens in new tab\" data-uw-rm-ext-link=\"\" data-uw-pdf-br=\"1\" data-uw-pdf-doc=\"\">Programas de empleo y formaci\u00f3n profesional para j\u00f3venes y adultos<\/a><\/strong>\u00a0- Lista de recursos locales recopilada por el Subcomit\u00e9 de Empleo de PATAY. PATAY (Progressing the Advancement for Transition Age Youth) es una asociaci\u00f3n voluntaria de profesionales afines y ciudadanos preocupados dedicados a apoyar a la poblaci\u00f3n de j\u00f3venes en edad de transici\u00f3n (TAY) en el condado de Ventura.<\/p><p><strong><a href=\"https:\/\/ccc.ca.gov\/\" target=\"_blank\" rel=\"noopener\">Cuerpo de Conservaci\u00f3n de California<\/a><\/strong><br role=\"presentation\" data-uw-rm-sr=\"\" \/>El Cuerpo de Conservaci\u00f3n de California (CCC) es un organismo estatal que contrata a j\u00f3venes de 18 a 25 a\u00f1os para un a\u00f1o de trabajo en recursos naturales y respuesta a emergencias que une a la juventud y el medio ambiente en beneficio de ambos.<br role=\"presentation\" data-uw-rm-sr=\"\" \/>Adem\u00e1s del aprendizaje de habilidades laborales b\u00e1sicas, el CCC ofrece un Programa de Formaci\u00f3n B\u00e1sica durante toda la estancia del miembro del cuerpo. El CCC tambi\u00e9n ofrece formaci\u00f3n especializada en \u00e1reas de trabajo espec\u00edficas que mejoran las oportunidades de aprendizaje y el nivel de cualificaci\u00f3n de los miembros del cuerpo. Para m\u00e1s informaci\u00f3n, visite\u00a0<strong><a href=\"https:\/\/ccc.ca.gov\/\" target=\"_blank\" rel=\"noopener noreferrer\" aria-label=\"http:\/\/www.ccc.ca.gov\/Pages\/default.aspx - se abre en una nueva pesta\u00f1a\" data-uw-rm-ext-link=\"\">ccc.ca.gov\/Pages\/default.aspx<\/a><\/strong><a href=\"https:\/\/ccc.ca.gov\/\" target=\"_blank\" rel=\"noopener noreferrer\" aria-label=\"ccc.ca.gov - se abre en una nueva pesta\u00f1a\" data-uw-rm-empty-ctrl=\"\" data-uw-rm-ext-link=\"\">\u00a0<\/a><\/p><\/div>\t\t\t\t\t\t\t\t<\/div>\n\t\t\t\t<\/div>\n\t\t\t\t\t<\/div>\n\t\t\t\t<\/div>\n\t\t<div class=\"elementor-element elementor-element-65dbd1a e-flex e-con-boxed e-con e-child\" data-id=\"65dbd1a\" data-element_type=\"container\" data-settings=\"{&quot;jet_parallax_layout_list&quot;:[]}\">\n\t\t\t\t\t<div class=\"e-con-inner\">\n\t\t\t\t<div class=\"elementor-element elementor-element-be9c4fe elementor-widget elementor-widget-text-editor\" data-id=\"be9c4fe\" data-element_type=\"widget\" data-widget_type=\"text-editor.default\">\n\t\t\t\t<div class=\"elementor-widget-container\">\n\t\t\t\t\t\t\t\t\t<h3><strong>Recursos en l\u00ednea<\/strong><\/h3><p><strong><a title=\"Ofertas de empleo local en California\" href=\"https:\/\/workforceventuracounty.org\/job-seekers\/employment-services\/\" target=\"_blank\" rel=\"noopener noreferrer\" aria-label=\"www.venturacountyajcc.org - se abre en una nueva pesta\u00f1a\" data-uw-rm-ext-link=\"\">venturacountyajcc.org<\/a><\/strong>\u00a0es un servicio de empleo gratuito que se ofrece en l\u00ednea y proporciona la flexibilidad de encontrar oportunidades profesionales y de empleo desde cualquier lugar con acceso a Internet. CalJOBS aprovecha el poder de la tecnolog\u00eda para permitir a los usuarios acceder a miles de ofertas de empleo locales, obtener acceso a recursos profesionales y encontrar informaci\u00f3n sobre el mercado laboral.<\/p><p><strong><a href=\"https:\/\/www.vcnextgen.org\/\" target=\"_blank\" rel=\"noopener\">VCNextGen.org<\/a><\/strong>\u00a0es una mano amiga para los j\u00f3venes (de 14 a 24 a\u00f1os) que pueden tener dificultades para conseguir un buen trabajo o continuar sus estudios. Imag\u00ednate que quieres un trabajo estable pero has dejado el instituto o necesitas ayuda para redactar un curr\u00edculum o saber hacer entrevistas. O quiz\u00e1s te gustar\u00eda ir a la universidad pero no est\u00e1s seguro de c\u00f3mo permit\u00edrtelo. El programa WIOA puede ayudarte con todo eso y mucho m\u00e1s.<\/p><p>En\u00a0<strong><a title=\"Enlace a la p\u00e1gina de la Junta de Inversi\u00f3n en Mano de Obra\" href=\"http:\/\/workforceventuracounty.org\/\" target=\"_blank\" rel=\"noopener noreferrer\" aria-label=\"Workforce Development Board - abre una nueva pesta\u00f1a\" data-uw-rm-ext-link=\"\">Junta de Desarrollo de la Mano de Obra<\/a><\/strong>\u00a0del condado de Ventura ofrece programas para j\u00f3venes que incluyen formaci\u00f3n profesional, pr\u00e1cticas remuneradas y gesti\u00f3n de casos.<\/p><p><strong><a href=\"https:\/\/www.cacareerzone.org\/\" target=\"_blank\" rel=\"noopener noreferrer\" aria-label=\"California Career Zone - se abre en una nueva pesta\u00f1a\" data-uw-rm-ext-link=\"\">Zona profesional de California<\/a><\/strong>\u00a0es un sitio web que ofrece una nueva forma de explorar empleos, educaci\u00f3n y trayectorias profesionales en el estado de California.<\/p><p><strong><a href=\"https:\/\/youtu.be\/1I6msUFxOLg\" target=\"_blank\" rel=\"noopener noreferrer\" aria-label=\"Centros para j\u00f3venes en edad de transici\u00f3n (TAY) de Pacific Clinics - opens in new tab\" data-uw-rm-ext-link=\"\">Centros Pacific Clinics para j\u00f3venes en edad de transici\u00f3n (TAY)\u00a0<\/a><\/strong>para personas de 16 a 25 a\u00f1os, son lugares seguros para que los adolescentes y los j\u00f3venes adultos obtengan apoyo y atenci\u00f3n. Estamos aqu\u00ed para ofrecer a los TAY ayuda inmediata y capacitarles para que desempe\u00f1en un papel activo en la creaci\u00f3n de cambios positivos en su estilo de vida. Nuestros entornos de apoyo y comprensi\u00f3n ayudan a crear pelda\u00f1os hacia una vida independiente y m\u00e1s feliz y saludable. Todos los servicios son gratuitos para quienes re\u00fanan los requisitos.<\/p><div class=\"articlepxfontsize1\">\u00a0<\/div>\t\t\t\t\t\t\t\t<\/div>\n\t\t\t\t<\/div>\n\t\t\t\t\t<\/div>\n\t\t\t\t<\/div>\n\t\t\t\t\t<\/div>\n\t\t\t\t<\/div>\n\t\t\t\t\t<\/div>\n\t\t\t\t<\/div>\n\t\t\t\t\t<\/div>\n\t\t\t\t<\/div>\n\t\t\t\t<\/div>","protected":false},"excerpt":{"rendered":"<p>Employment &#8211; After 18 Job Training &amp; Preparation The America\u2019s Job Centers of California (AJCCs) help youth access the resources needed to improve their skills and prepare for the right [&hellip;]<\/p>\n","protected":false},"author":7,"featured_media":0,"parent":392373,"menu_order":0,"comment_status":"closed","ping_status":"closed","template":"","meta":{"_relevanssi_hide_post":"","_relevanssi_hide_content":"","_relevanssi_pin_for_all":"","_relevanssi_pin_keywords":"","_relevanssi_unpin_keywords":"","_relevanssi_related_keywords":"","_relevanssi_related_include_ids":"","_relevanssi_related_exclude_ids":"","_relevanssi_related_no_append":"","_relevanssi_related_not_related":"","_relevanssi_related_posts":"","_relevanssi_noindex_reason":"","footnotes":""},"categories":[10,9],"tags":[],"class_list":["post-392416","page","type-page","status-publish","hentry","category-after-eighteen","category-hsa"],"publishpress_future_action":{"enabled":false,"date":"2026-04-29 20:18:55","action":"change-status","newStatus":"draft","terms":[],"taxonomy":"category","extraData":[]},"publishpress_future_workflow_manual_trigger":{"enabledWorkflows":[]},"_links":{"self":[{"href":"https:\/\/staging.venturacounty.gov\/human-services-agency\/es\/wp-json\/wp\/v2\/pages\/392416","targetHints":{"allow":["GET"]}}],"collection":[{"href":"https:\/\/staging.venturacounty.gov\/human-services-agency\/es\/wp-json\/wp\/v2\/pages"}],"about":[{"href":"https:\/\/staging.venturacounty.gov\/human-services-agency\/es\/wp-json\/wp\/v2\/types\/page"}],"author":[{"embeddable":true,"href":"https:\/\/staging.venturacounty.gov\/human-services-agency\/es\/wp-json\/wp\/v2\/users\/7"}],"replies":[{"embeddable":true,"href":"https:\/\/staging.venturacounty.gov\/human-services-agency\/es\/wp-json\/wp\/v2\/comments?post=392416"}],"version-history":[{"count":0,"href":"https:\/\/staging.venturacounty.gov\/human-services-agency\/es\/wp-json\/wp\/v2\/pages\/392416\/revisions"}],"up":[{"embeddable":true,"href":"https:\/\/staging.venturacounty.gov\/human-services-agency\/es\/wp-json\/wp\/v2\/pages\/392373"}],"wp:attachment":[{"href":"https:\/\/staging.venturacounty.gov\/human-services-agency\/es\/wp-json\/wp\/v2\/media?parent=392416"}],"wp:term":[{"taxonomy":"category","embeddable":true,"href":"https:\/\/staging.venturacounty.gov\/human-services-agency\/es\/wp-json\/wp\/v2\/categories?post=392416"},{"taxonomy":"post_tag","embeddable":true,"href":"https:\/\/staging.venturacounty.gov\/human-services-agency\/es\/wp-json\/wp\/v2\/tags?post=392416"}],"curies":[{"name":"wp","href":"https:\/\/api.w.org\/{rel}","templated":true}]}}