{"id":392411,"date":"2023-07-14T18:11:35","date_gmt":"2023-07-14T18:11:35","guid":{"rendered":"https:\/\/staging.venturacounty.gov\/human-services-agency\/?page_id=392411"},"modified":"2025-10-02T20:40:41","modified_gmt":"2025-10-02T20:40:41","slug":"education","status":"publish","type":"page","link":"https:\/\/staging.venturacounty.gov\/human-services-agency\/es\/after-eighteen\/education\/","title":{"rendered":"Educaci\u00f3n"},"content":{"rendered":"<div data-elementor-type=\"wp-page\" data-elementor-id=\"392411\" class=\"elementor elementor-392411\" data-elementor-post-type=\"page\">\n\t\t\t\t<div class=\"elementor-element elementor-element-3645d9c e-flex e-con-boxed e-con e-parent\" data-id=\"3645d9c\" data-element_type=\"container\" data-settings=\"{&quot;background_background&quot;:&quot;classic&quot;,&quot;jet_parallax_layout_list&quot;:[]}\">\n\t\t\t\t\t<div class=\"e-con-inner\">\n\t\t\t\t<div class=\"elementor-element elementor-element-0996bc0 elementor-nav-menu--dropdown-tablet elementor-nav-menu__text-align-aside elementor-nav-menu--toggle elementor-nav-menu--burger elementor-widget elementor-widget-nav-menu\" data-id=\"0996bc0\" data-element_type=\"widget\" data-settings=\"{&quot;layout&quot;:&quot;horizontal&quot;,&quot;submenu_icon&quot;:{&quot;value&quot;:&quot;&lt;i class=\\&quot;fas fa-caret-down\\&quot;&gt;&lt;\\\/i&gt;&quot;,&quot;library&quot;:&quot;fa-solid&quot;},&quot;toggle&quot;:&quot;burger&quot;}\" data-widget_type=\"nav-menu.default\">\n\t\t\t\t<div class=\"elementor-widget-container\">\n\t\t\t\t\t\t\t\t<nav aria-label=\"Men\u00fa\" class=\"elementor-nav-menu--main elementor-nav-menu__container elementor-nav-menu--layout-horizontal e--pointer-background e--animation-fade\">\n\t\t\t\t<ul id=\"menu-1-0996bc0\" class=\"elementor-nav-menu\"><li class=\"menu-item menu-item-type-post_type menu-item-object-page menu-item-home menu-item-392408\"><a href=\"https:\/\/staging.venturacounty.gov\/human-services-agency\/es\/\" class=\"elementor-item\">Agencia de Servicios Humanos<\/a><\/li>\n<li class=\"menu-item menu-item-type-post_type menu-item-object-page menu-item-392409\"><a href=\"https:\/\/staging.venturacounty.gov\/human-services-agency\/es\/after-eighteen\/\" class=\"elementor-item\">Despu\u00e9s de los 18 - Inicio<\/a><\/li>\n<li class=\"menu-item menu-item-type-custom menu-item-object-custom menu-item-has-children menu-item-392410\"><a href=\"#\" class=\"elementor-item elementor-item-anchor\">Adultos emergentes<\/a>\n<ul class=\"sub-menu elementor-nav-menu--dropdown\">\n\t<li class=\"menu-item menu-item-type-post_type menu-item-object-page menu-item-392415\"><a href=\"https:\/\/staging.venturacounty.gov\/human-services-agency\/es\/after-eighteen\/about-after-18\/\" class=\"elementor-sub-item\">Acerca de After 18<\/a><\/li>\n\t<li class=\"menu-item menu-item-type-post_type menu-item-object-page menu-item-392412\"><a href=\"https:\/\/staging.venturacounty.gov\/human-services-agency\/es\/after-eighteen\/education\/\" class=\"elementor-sub-item\">Educaci\u00f3n<\/a><\/li>\n\t<li class=\"menu-item menu-item-type-post_type menu-item-object-page menu-item-392417\"><a href=\"https:\/\/staging.venturacounty.gov\/human-services-agency\/es\/after-eighteen\/employment\/\" class=\"elementor-sub-item\">Empleo<\/a><\/li>\n\t<li class=\"menu-item menu-item-type-post_type menu-item-object-page menu-item-392420\"><a href=\"https:\/\/staging.venturacounty.gov\/human-services-agency\/es\/after-eighteen\/health\/\" class=\"elementor-sub-item\">Salud<\/a><\/li>\n\t<li class=\"menu-item menu-item-type-post_type menu-item-object-page menu-item-392422\"><a href=\"https:\/\/staging.venturacounty.gov\/human-services-agency\/es\/after-eighteen\/housing\/\" class=\"elementor-sub-item\">Vivienda<\/a><\/li>\n\t<li class=\"menu-item menu-item-type-post_type menu-item-object-page menu-item-392424\"><a href=\"https:\/\/staging.venturacounty.gov\/human-services-agency\/es\/after-eighteen\/transportation\/\" class=\"elementor-sub-item\">Transporte<\/a><\/li>\n\t<li class=\"menu-item menu-item-type-post_type menu-item-object-page menu-item-392426\"><a href=\"https:\/\/staging.venturacounty.gov\/human-services-agency\/es\/after-eighteen\/resources-links\/\" class=\"elementor-sub-item\">Recursos<\/a><\/li>\n<\/ul>\n<\/li>\n<li class=\"menu-item menu-item-type-post_type menu-item-object-page menu-item-392428\"><a href=\"https:\/\/staging.venturacounty.gov\/human-services-agency\/es\/after-eighteen\/contact-us\/\" class=\"elementor-item\">P\u00f3ngase en contacto con nosotros<\/a><\/li>\n<li class=\"menu-item menu-item-type-custom menu-item-object-custom menu-item-has-children menu-item-392430\"><a href=\"#\" class=\"elementor-item elementor-item-anchor\">Comunidad<\/a>\n<ul class=\"sub-menu elementor-nav-menu--dropdown\">\n\t<li class=\"menu-item menu-item-type-post_type menu-item-object-page menu-item-392432\"><a href=\"https:\/\/staging.venturacounty.gov\/human-services-agency\/es\/after-eighteen\/about-ab12\/\" class=\"elementor-sub-item\">Acerca de AB12<\/a><\/li>\n\t<li class=\"menu-item menu-item-type-post_type menu-item-object-page menu-item-392434\"><a href=\"https:\/\/staging.venturacounty.gov\/human-services-agency\/es\/after-eighteen\/after-18-foster-parents\/\" class=\"elementor-sub-item\">Opciones de colocaci\u00f3n para mayores de 18 a\u00f1os y padres de acogida<\/a><\/li>\n\t<li class=\"menu-item menu-item-type-post_type menu-item-object-page menu-item-392436\"><a href=\"https:\/\/staging.venturacounty.gov\/human-services-agency\/es\/after-eighteen\/get-involved\/\" class=\"elementor-sub-item\">Participa<\/a><\/li>\n<\/ul>\n<\/li>\n<li class=\"menu-item menu-item-type-post_type menu-item-object-page menu-item-392438\"><a href=\"https:\/\/staging.venturacounty.gov\/human-services-agency\/es\/after-eighteen\/frequently-asked-questions\/\" class=\"elementor-item\">PREGUNTAS FRECUENTES<\/a><\/li>\n<li class=\"menu-item menu-item-type-post_type menu-item-object-page menu-item-392439\"><a href=\"https:\/\/staging.venturacounty.gov\/human-services-agency\/es\/ilp-youth\/\" class=\"elementor-item\">ILP Juventud<\/a><\/li>\n<\/ul>\t\t\t<\/nav>\n\t\t\t\t\t<div class=\"elementor-menu-toggle\" role=\"button\" tabindex=\"0\" aria-label=\"Men\u00fa Toggle\" aria-expanded=\"false\">\n\t\t\t<i aria-hidden=\"true\" role=\"presentation\" class=\"elementor-menu-toggle__icon--open eicon-menu-bar\"><\/i><i aria-hidden=\"true\" role=\"presentation\" class=\"elementor-menu-toggle__icon--close eicon-close\"><\/i>\t\t<\/div>\n\t\t\t\t\t<nav class=\"elementor-nav-menu--dropdown elementor-nav-menu__container\" aria-hidden=\"true\">\n\t\t\t\t<ul id=\"menu-2-0996bc0\" class=\"elementor-nav-menu\"><li class=\"menu-item menu-item-type-post_type menu-item-object-page menu-item-home menu-item-392408\"><a href=\"https:\/\/staging.venturacounty.gov\/human-services-agency\/es\/\" class=\"elementor-item\" tabindex=\"-1\">Agencia de Servicios Humanos<\/a><\/li>\n<li class=\"menu-item menu-item-type-post_type menu-item-object-page menu-item-392409\"><a href=\"https:\/\/staging.venturacounty.gov\/human-services-agency\/es\/after-eighteen\/\" class=\"elementor-item\" tabindex=\"-1\">Despu\u00e9s de los 18 - Inicio<\/a><\/li>\n<li class=\"menu-item menu-item-type-custom menu-item-object-custom menu-item-has-children menu-item-392410\"><a href=\"#\" class=\"elementor-item elementor-item-anchor\" tabindex=\"-1\">Adultos emergentes<\/a>\n<ul class=\"sub-menu elementor-nav-menu--dropdown\">\n\t<li class=\"menu-item menu-item-type-post_type menu-item-object-page menu-item-392415\"><a href=\"https:\/\/staging.venturacounty.gov\/human-services-agency\/es\/after-eighteen\/about-after-18\/\" class=\"elementor-sub-item\" tabindex=\"-1\">Acerca de After 18<\/a><\/li>\n\t<li class=\"menu-item menu-item-type-post_type menu-item-object-page menu-item-392412\"><a href=\"https:\/\/staging.venturacounty.gov\/human-services-agency\/es\/after-eighteen\/education\/\" class=\"elementor-sub-item\" tabindex=\"-1\">Educaci\u00f3n<\/a><\/li>\n\t<li class=\"menu-item menu-item-type-post_type menu-item-object-page menu-item-392417\"><a href=\"https:\/\/staging.venturacounty.gov\/human-services-agency\/es\/after-eighteen\/employment\/\" class=\"elementor-sub-item\" tabindex=\"-1\">Empleo<\/a><\/li>\n\t<li class=\"menu-item menu-item-type-post_type menu-item-object-page menu-item-392420\"><a href=\"https:\/\/staging.venturacounty.gov\/human-services-agency\/es\/after-eighteen\/health\/\" class=\"elementor-sub-item\" tabindex=\"-1\">Salud<\/a><\/li>\n\t<li class=\"menu-item menu-item-type-post_type menu-item-object-page menu-item-392422\"><a href=\"https:\/\/staging.venturacounty.gov\/human-services-agency\/es\/after-eighteen\/housing\/\" class=\"elementor-sub-item\" tabindex=\"-1\">Vivienda<\/a><\/li>\n\t<li class=\"menu-item menu-item-type-post_type menu-item-object-page menu-item-392424\"><a href=\"https:\/\/staging.venturacounty.gov\/human-services-agency\/es\/after-eighteen\/transportation\/\" class=\"elementor-sub-item\" tabindex=\"-1\">Transporte<\/a><\/li>\n\t<li class=\"menu-item menu-item-type-post_type menu-item-object-page menu-item-392426\"><a href=\"https:\/\/staging.venturacounty.gov\/human-services-agency\/es\/after-eighteen\/resources-links\/\" class=\"elementor-sub-item\" tabindex=\"-1\">Recursos<\/a><\/li>\n<\/ul>\n<\/li>\n<li class=\"menu-item menu-item-type-post_type menu-item-object-page menu-item-392428\"><a href=\"https:\/\/staging.venturacounty.gov\/human-services-agency\/es\/after-eighteen\/contact-us\/\" class=\"elementor-item\" tabindex=\"-1\">P\u00f3ngase en contacto con nosotros<\/a><\/li>\n<li class=\"menu-item menu-item-type-custom menu-item-object-custom menu-item-has-children menu-item-392430\"><a href=\"#\" class=\"elementor-item elementor-item-anchor\" tabindex=\"-1\">Comunidad<\/a>\n<ul class=\"sub-menu elementor-nav-menu--dropdown\">\n\t<li class=\"menu-item menu-item-type-post_type menu-item-object-page menu-item-392432\"><a href=\"https:\/\/staging.venturacounty.gov\/human-services-agency\/es\/after-eighteen\/about-ab12\/\" class=\"elementor-sub-item\" tabindex=\"-1\">Acerca de AB12<\/a><\/li>\n\t<li class=\"menu-item menu-item-type-post_type menu-item-object-page menu-item-392434\"><a href=\"https:\/\/staging.venturacounty.gov\/human-services-agency\/es\/after-eighteen\/after-18-foster-parents\/\" class=\"elementor-sub-item\" tabindex=\"-1\">Opciones de colocaci\u00f3n para mayores de 18 a\u00f1os y padres de acogida<\/a><\/li>\n\t<li class=\"menu-item menu-item-type-post_type menu-item-object-page menu-item-392436\"><a href=\"https:\/\/staging.venturacounty.gov\/human-services-agency\/es\/after-eighteen\/get-involved\/\" class=\"elementor-sub-item\" tabindex=\"-1\">Participa<\/a><\/li>\n<\/ul>\n<\/li>\n<li class=\"menu-item menu-item-type-post_type menu-item-object-page menu-item-392438\"><a href=\"https:\/\/staging.venturacounty.gov\/human-services-agency\/es\/after-eighteen\/frequently-asked-questions\/\" class=\"elementor-item\" tabindex=\"-1\">PREGUNTAS FRECUENTES<\/a><\/li>\n<li class=\"menu-item menu-item-type-post_type menu-item-object-page menu-item-392439\"><a href=\"https:\/\/staging.venturacounty.gov\/human-services-agency\/es\/ilp-youth\/\" class=\"elementor-item\" tabindex=\"-1\">ILP Juventud<\/a><\/li>\n<\/ul>\t\t\t<\/nav>\n\t\t\t\t\t\t<\/div>\n\t\t\t\t<\/div>\n\t\t\t\t\t<\/div>\n\t\t\t\t<\/div>\n\t\t<div class=\"elementor-element elementor-element-0177729 e-flex e-con-boxed e-con e-parent\" data-id=\"0177729\" data-element_type=\"container\" data-settings=\"{&quot;jet_parallax_layout_list&quot;:[]}\">\n\t\t\t\t\t<div class=\"e-con-inner\">\n\t\t<div class=\"elementor-element elementor-element-e087673 e-flex e-con-boxed e-con e-child\" data-id=\"e087673\" data-element_type=\"container\" data-settings=\"{&quot;jet_parallax_layout_list&quot;:[]}\">\n\t\t\t\t\t<div class=\"e-con-inner\">\n\t\t\t\t<div class=\"elementor-element elementor-element-9d43a2b elementor-widget elementor-widget-heading\" data-id=\"9d43a2b\" data-element_type=\"widget\" data-widget_type=\"heading.default\">\n\t\t\t\t<div class=\"elementor-widget-container\">\n\t\t\t\t\t<h1 class=\"elementor-heading-title elementor-size-default\">Educaci\u00f3n<\/h1>\t\t\t\t<\/div>\n\t\t\t\t<\/div>\n\t\t\t\t<div class=\"elementor-element elementor-element-91f778e elementor-widget elementor-widget-text-editor\" data-id=\"91f778e\" data-element_type=\"widget\" data-widget_type=\"text-editor.default\">\n\t\t\t\t<div class=\"elementor-widget-container\">\n\t\t\t\t\t\t\t\t\t<p>California College Pathways ofrece un programa educativo\u00a0<strong><a href=\"https:\/\/jbay.org\/resources\/ed-planning-guide\" target=\"_blank\" rel=\"noopener noreferrer\" aria-label=\"gu\u00eda de planificaci\u00f3n - opens in new tab\" data-uw-rm-ext-link=\"\">gu\u00eda de planificaci\u00f3n<\/a><\/strong>\u00a0para j\u00f3venes en acogida y sus cuidadores.<\/p><h3><strong>Becas y subvenciones<\/strong><\/h3><p><strong><a href=\"https:\/\/studentaid.gov\/apply-for-aid\/fafsa\/fafsa-deadlines\" target=\"_blank\" rel=\"noopener noreferrer\" aria-label=\"Ayuda Federal para Estudiantes - opens in new tab\" data-uw-rm-ext-link=\"\">Ayuda Federal para Estudiantes<\/a><\/strong>: Foster Youth Education\/Financial Aid: CalGrants\/FAFSA Para los j\u00f3venes de acogida de California. Las fechas l\u00edmite son cruciales para solicitar subvenciones. Muchos estados y universidades establecen fechas l\u00edmite de prioridad en las que debes presentar el formulario FAFSA para ser considerado para los programas de ayuda que administran. Tambi\u00e9n hay una fecha l\u00edmite federal cada a\u00f1o acad\u00e9mico.<\/p><p><strong><a href=\"http:\/\/vccf.org\/scholarships\/#apply-for-a-scholarship\" target=\"_blank\" rel=\"noopener noreferrer\" aria-label=\"Programa de becas de la Fundaci\u00f3n Comunitaria del Condado de Ventura (VCCF) - opens in new tab\" data-uw-rm-ext-link=\"\">Programa de becas de la Fundaci\u00f3n Comunitaria del Condado de Ventura (VCCF)<\/a><\/strong><\/p><p><strong><a href=\"https:\/\/chafee.csac.ca.gov\/\" target=\"_blank\" rel=\"noopener noreferrer\" aria-label=\"Becas Chafee de California - se abre en una nueva pesta\u00f1a\" data-uw-rm-ext-link=\"\">Becas Chafee de California<\/a><\/strong>\u00a0- La Beca Chafee de California concede dinero a j\u00f3venes en acogida o ex j\u00f3venes en acogida para que lo utilicen en la universidad o en formaci\u00f3n profesional t\u00e9cnica.<\/p><p><strong><a href=\"http:\/\/www.csac.ca.gov\/\" target=\"_blank\" rel=\"noopener noreferrer\" aria-label=\"Comisi\u00f3n de Ayuda Estudiantil de California (CSAC) - opens in new tab\" data-uw-rm-ext-link=\"\">Comisi\u00f3n de Ayuda al Estudiante de California (CSAC)<\/a><\/strong><\/p><p><strong><a href=\"http:\/\/www.fc2success.org\/\" target=\"_blank\" rel=\"noopener noreferrer\" aria-label=\"America&#039;s College Fund for Foster Youth - abre una nueva pesta\u00f1a\" data-uw-rm-ext-link=\"\">America's College Fund para j\u00f3venes en r\u00e9gimen de acogida<\/a><\/strong><\/p><p><strong><a href=\"http:\/\/www.collegexpress.com\/careers-colleges\/\" target=\"_blank\" rel=\"noopener noreferrer\" aria-label=\"Carreras profesionales y universidad - opens in new tab\" data-uw-rm-ext-link=\"\">Carrera y universidad<\/a><a href=\"http:\/\/www.collegexpress.com\/careers-colleges\/\" target=\"_blank\" rel=\"noopener noreferrer\" aria-label=\"www.collegexpress.com - se abre en una nueva pesta\u00f1a\" data-uw-rm-empty-ctrl=\"\" data-uw-rm-ext-link=\"\">\u00a0<\/a><\/strong><\/p><p><strong><a href=\"https:\/\/www.hsf.net\/\" target=\"_blank\" rel=\"noopener noreferrer\" aria-label=\"Fondo Hispano de Becas - opens in new tab\" data-uw-rm-ext-link=\"\">Fondo de Becas para Hispanos<\/a><\/strong><\/p><p><strong><a href=\"https:\/\/www.fastweb.com\/\" target=\"_blank\" rel=\"noopener noreferrer\" aria-label=\"Fastweb - se abre en una nueva pesta\u00f1a\" data-uw-rm-ext-link=\"\">Fastweb<\/a><\/strong>\u00a0- Becas, ayudas econ\u00f3micas, pr\u00e9stamos estudiantiles y universidades<\/p><p><strong><a href=\"https:\/\/fosteryouthhelp.ca.gov\/\" target=\"_blank\" rel=\"noopener noreferrer\" aria-label=\"FindTuition - se abre en una nueva pesta\u00f1a\" data-uw-rm-ext-link=\"\">EncontrarMatr\u00edcula<\/a><\/strong>\u00a0- Su recurso para becas universitarias y defensa de los derechos de acogida<\/p><p><strong><a href=\"http:\/\/www.finaid.org\/\" target=\"_blank\" rel=\"noopener noreferrer\" aria-label=\"FinAid - se abre en una nueva pesta\u00f1a\" data-uw-rm-ext-link=\"\">FinAid<\/a><\/strong>\u00a0- Ayuda financiera, becas universitarias y pr\u00e9stamos para estudios: Este es uno de los recursos gratuitos m\u00e1s completos para obtener informaci\u00f3n sobre ayuda financiera para estudiantes, becas y pr\u00e9stamos educativos.<\/p><p><strong><a href=\"https:\/\/www.scholarships.com\/\" target=\"_blank\" rel=\"noopener noreferrer\" aria-label=\"B\u00fasqueda gratuita de becas universitarias - opens in new tab\" data-uw-rm-ext-link=\"\">B\u00fasqueda gratuita de becas universitarias<\/a><\/strong><\/p><p><strong><a href=\"https:\/\/icangotocollege.com\/\" target=\"_blank\" rel=\"noopener noreferrer\" aria-label=\"Puedo permitirme la universidad - opens in new tab\" data-uw-rm-ext-link=\"\">Puedo permitirme la universidad<\/a>\u00a0<\/strong>- Colegios comunitarios de California<\/p><p><strong><a href=\"https:\/\/studentaid.gov\/\" target=\"_blank\" rel=\"noopener noreferrer\" aria-label=\"Ayuda Federal para Estudiantes - opens in new tab\" data-uw-rm-ext-link=\"\">Ayuda Federal para Estudiantes<\/a><\/strong><\/p><p><strong><a href=\"https:\/\/www.questbridge.org\/\" target=\"_blank\" rel=\"noopener noreferrer\" aria-label=\"Beca College Prep - opens in new tab\" data-uw-rm-ext-link=\"\">Beca de preparaci\u00f3n para la universidad<\/a><\/strong>\u00a0- para j\u00f3venes de secundaria con bajos ingresos<\/p><h3><strong>Otros recursos educativos y detalles adicionales<\/strong><\/h3><p><strong><a href=\"http:\/\/www.vcccd.edu\/\" target=\"_blank\" rel=\"noopener noreferrer\" aria-label=\"Ventura County Community College District - se abre en una nueva pesta\u00f1a\" data-uw-rm-ext-link=\"\">Distrito universitario comunitario del condado de Ventura<\/a><\/strong><\/p><p>En\u00a0<strong><a href=\"http:\/\/nces.ed.gov\/collegenavigator\/\" target=\"_blank\" rel=\"noopener noreferrer\" aria-label=\"College Navigator - se abre en una nueva pesta\u00f1a\" data-uw-rm-ext-link=\"\">Navegador universitario<\/a><\/strong>\u00a0es el sitio web del Departamento de Educaci\u00f3n de EE.UU. que te ayudar\u00e1 a encontrar la universidad adecuada. Incluye herramientas que te ayudar\u00e1n a calcular los gastos, encontrar ayuda financiera e identificar los programas y especialidades m\u00e1s adecuados para ti.<\/p><p><strong><a href=\"https:\/\/studentaid.gov\/\" target=\"_blank\" rel=\"noopener noreferrer\" aria-label=\"Ayuda Federal para Estudiantes (o FAFSA) - opens in new tab\" data-uw-rm-ext-link=\"\">Ayuda Federal para Estudiantes (o FAFSA)<\/a><\/strong>\u00a0es una oficina del Departamento de Educaci\u00f3n de los EE.UU. destinada a garantizar que todas las personas que re\u00fanan los requisitos puedan beneficiarse de ayudas financieras financiadas o garantizadas por el Gobierno federal para cursar estudios superiores a la ense\u00f1anza secundaria.<br role=\"presentation\" data-uw-rm-sr=\"\" \/><strong>Nota: Los pagos por acogimiento familiar prolongado efectuados directamente a los j\u00f3venes acogidos quedan excluidos de los ingresos a la hora de calcular la Contribuci\u00f3n Familiar Esperada del estudiante y, por lo tanto, no deben declararse en la Solicitud Gratuita de Ayuda Federal para Estudiantes (FAFSA).<\/strong><\/p><p><strong><a href=\"https:\/\/www.callutheran.edu\/offices\/upward-bound\/\" target=\"_blank\" rel=\"noopener noreferrer\" aria-label=\"Upward Bound - opens in new tab\" data-uw-rm-ext-link=\"\">Upward Bound<\/a><\/strong>\u00a0- El prop\u00f3sito de Upward Bound es aumentar la tasa en la que los graduados de la escuela secundaria siguen la educaci\u00f3n post-secundaria, as\u00ed como animar a m\u00e1s estudiantes a seguir programas que conducen a carreras en matem\u00e1ticas y ciencias. Para ser elegible para el Programa Upward Bound en la Universidad Luterana de California, los estudiantes deben asistir a cualquiera de Channel Islands, Hueneme, Oxnard, Pacifica, o Rio Mesa High School. El programa est\u00e1 dirigido a estudiantes de bajos ingresos y de primera generaci\u00f3n que van a la universidad. Los participantes deben demostrar una necesidad de apoyo acad\u00e9mico con el fin de seguir con \u00e9xito un programa de educaci\u00f3n m\u00e1s all\u00e1 de la escuela secundaria.<\/p>\t\t\t\t\t\t\t\t<\/div>\n\t\t\t\t<\/div>\n\t\t\t\t\t<\/div>\n\t\t\t\t<\/div>\n\t\t\t\t\t<\/div>\n\t\t\t\t<\/div>\n\t\t\t\t<\/div>","protected":false},"excerpt":{"rendered":"<p>Education California College Pathways provides an educational\u00a0planning guide\u00a0for foster youth and their caregivers. Scholarships &amp; Grants Federal Student Aid: Foster Youth Education\/Financial Aid: CalGrants\/FAFSA For California Foster Youth. Deadlines are [&hellip;]<\/p>\n","protected":false},"author":7,"featured_media":0,"parent":392373,"menu_order":0,"comment_status":"closed","ping_status":"closed","template":"","meta":{"_relevanssi_hide_post":"","_relevanssi_hide_content":"","_relevanssi_pin_for_all":"","_relevanssi_pin_keywords":"","_relevanssi_unpin_keywords":"","_relevanssi_related_keywords":"","_relevanssi_related_include_ids":"","_relevanssi_related_exclude_ids":"","_relevanssi_related_no_append":"","_relevanssi_related_not_related":"","_relevanssi_related_posts":"","_relevanssi_noindex_reason":"","footnotes":""},"categories":[10,9],"tags":[],"class_list":["post-392411","page","type-page","status-publish","hentry","category-after-eighteen","category-hsa"],"publishpress_future_action":{"enabled":false,"date":"2026-05-01 20:14:38","action":"change-status","newStatus":"draft","terms":[],"taxonomy":"category","extraData":[]},"publishpress_future_workflow_manual_trigger":{"enabledWorkflows":[]},"_links":{"self":[{"href":"https:\/\/staging.venturacounty.gov\/human-services-agency\/es\/wp-json\/wp\/v2\/pages\/392411","targetHints":{"allow":["GET"]}}],"collection":[{"href":"https:\/\/staging.venturacounty.gov\/human-services-agency\/es\/wp-json\/wp\/v2\/pages"}],"about":[{"href":"https:\/\/staging.venturacounty.gov\/human-services-agency\/es\/wp-json\/wp\/v2\/types\/page"}],"author":[{"embeddable":true,"href":"https:\/\/staging.venturacounty.gov\/human-services-agency\/es\/wp-json\/wp\/v2\/users\/7"}],"replies":[{"embeddable":true,"href":"https:\/\/staging.venturacounty.gov\/human-services-agency\/es\/wp-json\/wp\/v2\/comments?post=392411"}],"version-history":[{"count":0,"href":"https:\/\/staging.venturacounty.gov\/human-services-agency\/es\/wp-json\/wp\/v2\/pages\/392411\/revisions"}],"up":[{"embeddable":true,"href":"https:\/\/staging.venturacounty.gov\/human-services-agency\/es\/wp-json\/wp\/v2\/pages\/392373"}],"wp:attachment":[{"href":"https:\/\/staging.venturacounty.gov\/human-services-agency\/es\/wp-json\/wp\/v2\/media?parent=392411"}],"wp:term":[{"taxonomy":"category","embeddable":true,"href":"https:\/\/staging.venturacounty.gov\/human-services-agency\/es\/wp-json\/wp\/v2\/categories?post=392411"},{"taxonomy":"post_tag","embeddable":true,"href":"https:\/\/staging.venturacounty.gov\/human-services-agency\/es\/wp-json\/wp\/v2\/tags?post=392411"}],"curies":[{"name":"wp","href":"https:\/\/api.w.org\/{rel}","templated":true}]}}