{"id":392395,"date":"2023-07-14T17:40:13","date_gmt":"2023-07-14T17:40:13","guid":{"rendered":"https:\/\/staging.venturacounty.gov\/human-services-agency\/?page_id=392395"},"modified":"2025-04-23T20:18:39","modified_gmt":"2025-04-23T20:18:39","slug":"foster-parents","status":"publish","type":"page","link":"https:\/\/staging.venturacounty.gov\/human-services-agency\/es\/ilp-youth\/foster-parents\/","title":{"rendered":"Padres de acogida ILP"},"content":{"rendered":"<div data-elementor-type=\"wp-page\" data-elementor-id=\"392395\" class=\"elementor elementor-392395\" data-elementor-post-type=\"page\">\n\t\t\t\t<div class=\"elementor-element elementor-element-3645d9c e-flex e-con-boxed e-con e-parent\" data-id=\"3645d9c\" data-element_type=\"container\" data-settings=\"{&quot;background_background&quot;:&quot;classic&quot;,&quot;jet_parallax_layout_list&quot;:[]}\">\n\t\t\t\t\t<div class=\"e-con-inner\">\n\t\t\t\t<div class=\"elementor-element elementor-element-0996bc0 elementor-nav-menu--dropdown-tablet elementor-nav-menu__text-align-aside elementor-nav-menu--toggle elementor-nav-menu--burger elementor-widget elementor-widget-nav-menu\" data-id=\"0996bc0\" data-element_type=\"widget\" data-settings=\"{&quot;layout&quot;:&quot;horizontal&quot;,&quot;submenu_icon&quot;:{&quot;value&quot;:&quot;&lt;i class=\\&quot;fas fa-caret-down\\&quot;&gt;&lt;\\\/i&gt;&quot;,&quot;library&quot;:&quot;fa-solid&quot;},&quot;toggle&quot;:&quot;burger&quot;}\" data-widget_type=\"nav-menu.default\">\n\t\t\t\t<div class=\"elementor-widget-container\">\n\t\t\t\t\t\t\t\t<nav aria-label=\"Men\u00fa\" class=\"elementor-nav-menu--main elementor-nav-menu__container elementor-nav-menu--layout-horizontal e--pointer-background e--animation-fade\">\n\t\t\t\t<ul id=\"menu-1-0996bc0\" class=\"elementor-nav-menu\"><li class=\"menu-item menu-item-type-post_type menu-item-object-page menu-item-home menu-item-392383\"><a href=\"https:\/\/staging.venturacounty.gov\/human-services-agency\/es\/\" class=\"elementor-item\">Agencia de Servicios Humanos<\/a><\/li>\n<li class=\"menu-item menu-item-type-post_type menu-item-object-page menu-item-392384\"><a href=\"https:\/\/staging.venturacounty.gov\/human-services-agency\/es\/ilp-youth\/\" class=\"elementor-item\">ILP Inicio<\/a><\/li>\n<li class=\"menu-item menu-item-type-custom menu-item-object-custom menu-item-has-children menu-item-392747\"><a href=\"#\" class=\"elementor-item elementor-item-anchor\">Juventud<\/a>\n<ul class=\"sub-menu elementor-nav-menu--dropdown\">\n\t<li class=\"menu-item menu-item-type-post_type menu-item-object-page menu-item-392386\"><a href=\"https:\/\/staging.venturacounty.gov\/human-services-agency\/es\/ilp-youth\/education\/\" class=\"elementor-sub-item\">Educaci\u00f3n<\/a><\/li>\n\t<li class=\"menu-item menu-item-type-post_type menu-item-object-page menu-item-392388\"><a href=\"https:\/\/staging.venturacounty.gov\/human-services-agency\/es\/ilp-youth\/employment-assistance\/\" class=\"elementor-sub-item\">Ayuda al empleo<\/a><\/li>\n\t<li class=\"menu-item menu-item-type-post_type menu-item-object-page menu-item-392390\"><a href=\"https:\/\/staging.venturacounty.gov\/human-services-agency\/es\/ilp-youth\/health\/\" class=\"elementor-sub-item\">Salud<\/a><\/li>\n\t<li class=\"menu-item menu-item-type-post_type menu-item-object-page menu-item-392392\"><a href=\"https:\/\/staging.venturacounty.gov\/human-services-agency\/es\/ilp-youth\/housing\/\" class=\"elementor-sub-item\">Vivienda<\/a><\/li>\n\t<li class=\"menu-item menu-item-type-post_type menu-item-object-page menu-item-392394\"><a href=\"https:\/\/staging.venturacounty.gov\/human-services-agency\/es\/ilp-youth\/resources\/\" class=\"elementor-sub-item\">Recursos<\/a><\/li>\n<\/ul>\n<\/li>\n<li class=\"menu-item menu-item-type-custom menu-item-object-custom menu-item-has-children menu-item-392396\"><a href=\"#\" class=\"elementor-item elementor-item-anchor\">Cuidadores<\/a>\n<ul class=\"sub-menu elementor-nav-menu--dropdown\">\n\t<li class=\"menu-item menu-item-type-post_type menu-item-object-page menu-item-392397\"><a href=\"https:\/\/staging.venturacounty.gov\/human-services-agency\/es\/ilp-youth\/foster-parents\/\" class=\"elementor-sub-item\">Padres de acogida ILP<\/a><\/li>\n\t<li class=\"menu-item menu-item-type-post_type menu-item-object-page menu-item-392399\"><a href=\"https:\/\/staging.venturacounty.gov\/human-services-agency\/es\/ilp-youth\/caregivers-resources\/\" class=\"elementor-sub-item\">Recursos<\/a><\/li>\n<\/ul>\n<\/li>\n<li class=\"menu-item menu-item-type-post_type menu-item-object-page menu-item-392401\"><a href=\"https:\/\/staging.venturacounty.gov\/human-services-agency\/es\/ilp-youth\/contact-us\/\" class=\"elementor-item\">P\u00f3ngase en contacto con nosotros<\/a><\/li>\n<li class=\"menu-item menu-item-type-post_type menu-item-object-page menu-item-392403\"><a href=\"https:\/\/staging.venturacounty.gov\/human-services-agency\/es\/ilp-youth\/classes-and-events\/\" class=\"elementor-item\">Clases y eventos<\/a><\/li>\n<li class=\"menu-item menu-item-type-post_type menu-item-object-page menu-item-392405\"><a href=\"https:\/\/staging.venturacounty.gov\/human-services-agency\/es\/ilp-youth\/frequently-asked-questions\/\" class=\"elementor-item\">PREGUNTAS FRECUENTES<\/a><\/li>\n<li class=\"menu-item menu-item-type-post_type menu-item-object-page menu-item-392407\"><a href=\"https:\/\/staging.venturacounty.gov\/human-services-agency\/es\/after-eighteen\/\" class=\"elementor-item\">Despu\u00e9s del 18<\/a><\/li>\n<\/ul>\t\t\t<\/nav>\n\t\t\t\t\t<div class=\"elementor-menu-toggle\" role=\"button\" tabindex=\"0\" aria-label=\"Men\u00fa Toggle\" aria-expanded=\"false\">\n\t\t\t<i aria-hidden=\"true\" role=\"presentation\" class=\"elementor-menu-toggle__icon--open eicon-menu-bar\"><\/i><i aria-hidden=\"true\" role=\"presentation\" class=\"elementor-menu-toggle__icon--close eicon-close\"><\/i>\t\t<\/div>\n\t\t\t\t\t<nav class=\"elementor-nav-menu--dropdown elementor-nav-menu__container\" aria-hidden=\"true\">\n\t\t\t\t<ul id=\"menu-2-0996bc0\" class=\"elementor-nav-menu\"><li class=\"menu-item menu-item-type-post_type menu-item-object-page menu-item-home menu-item-392383\"><a href=\"https:\/\/staging.venturacounty.gov\/human-services-agency\/es\/\" class=\"elementor-item\" tabindex=\"-1\">Agencia de Servicios Humanos<\/a><\/li>\n<li class=\"menu-item menu-item-type-post_type menu-item-object-page menu-item-392384\"><a href=\"https:\/\/staging.venturacounty.gov\/human-services-agency\/es\/ilp-youth\/\" class=\"elementor-item\" tabindex=\"-1\">ILP Inicio<\/a><\/li>\n<li class=\"menu-item menu-item-type-custom menu-item-object-custom menu-item-has-children menu-item-392747\"><a href=\"#\" class=\"elementor-item elementor-item-anchor\" tabindex=\"-1\">Juventud<\/a>\n<ul class=\"sub-menu elementor-nav-menu--dropdown\">\n\t<li class=\"menu-item menu-item-type-post_type menu-item-object-page menu-item-392386\"><a href=\"https:\/\/staging.venturacounty.gov\/human-services-agency\/es\/ilp-youth\/education\/\" class=\"elementor-sub-item\" tabindex=\"-1\">Educaci\u00f3n<\/a><\/li>\n\t<li class=\"menu-item menu-item-type-post_type menu-item-object-page menu-item-392388\"><a href=\"https:\/\/staging.venturacounty.gov\/human-services-agency\/es\/ilp-youth\/employment-assistance\/\" class=\"elementor-sub-item\" tabindex=\"-1\">Ayuda al empleo<\/a><\/li>\n\t<li class=\"menu-item menu-item-type-post_type menu-item-object-page menu-item-392390\"><a href=\"https:\/\/staging.venturacounty.gov\/human-services-agency\/es\/ilp-youth\/health\/\" class=\"elementor-sub-item\" tabindex=\"-1\">Salud<\/a><\/li>\n\t<li class=\"menu-item menu-item-type-post_type menu-item-object-page menu-item-392392\"><a href=\"https:\/\/staging.venturacounty.gov\/human-services-agency\/es\/ilp-youth\/housing\/\" class=\"elementor-sub-item\" tabindex=\"-1\">Vivienda<\/a><\/li>\n\t<li class=\"menu-item menu-item-type-post_type menu-item-object-page menu-item-392394\"><a href=\"https:\/\/staging.venturacounty.gov\/human-services-agency\/es\/ilp-youth\/resources\/\" class=\"elementor-sub-item\" tabindex=\"-1\">Recursos<\/a><\/li>\n<\/ul>\n<\/li>\n<li class=\"menu-item menu-item-type-custom menu-item-object-custom menu-item-has-children menu-item-392396\"><a href=\"#\" class=\"elementor-item elementor-item-anchor\" tabindex=\"-1\">Cuidadores<\/a>\n<ul class=\"sub-menu elementor-nav-menu--dropdown\">\n\t<li class=\"menu-item menu-item-type-post_type menu-item-object-page menu-item-392397\"><a href=\"https:\/\/staging.venturacounty.gov\/human-services-agency\/es\/ilp-youth\/foster-parents\/\" class=\"elementor-sub-item\" tabindex=\"-1\">Padres de acogida ILP<\/a><\/li>\n\t<li class=\"menu-item menu-item-type-post_type menu-item-object-page menu-item-392399\"><a href=\"https:\/\/staging.venturacounty.gov\/human-services-agency\/es\/ilp-youth\/caregivers-resources\/\" class=\"elementor-sub-item\" tabindex=\"-1\">Recursos<\/a><\/li>\n<\/ul>\n<\/li>\n<li class=\"menu-item menu-item-type-post_type menu-item-object-page menu-item-392401\"><a href=\"https:\/\/staging.venturacounty.gov\/human-services-agency\/es\/ilp-youth\/contact-us\/\" class=\"elementor-item\" tabindex=\"-1\">P\u00f3ngase en contacto con nosotros<\/a><\/li>\n<li class=\"menu-item menu-item-type-post_type menu-item-object-page menu-item-392403\"><a href=\"https:\/\/staging.venturacounty.gov\/human-services-agency\/es\/ilp-youth\/classes-and-events\/\" class=\"elementor-item\" tabindex=\"-1\">Clases y eventos<\/a><\/li>\n<li class=\"menu-item menu-item-type-post_type menu-item-object-page menu-item-392405\"><a href=\"https:\/\/staging.venturacounty.gov\/human-services-agency\/es\/ilp-youth\/frequently-asked-questions\/\" class=\"elementor-item\" tabindex=\"-1\">PREGUNTAS FRECUENTES<\/a><\/li>\n<li class=\"menu-item menu-item-type-post_type menu-item-object-page menu-item-392407\"><a href=\"https:\/\/staging.venturacounty.gov\/human-services-agency\/es\/after-eighteen\/\" class=\"elementor-item\" tabindex=\"-1\">Despu\u00e9s del 18<\/a><\/li>\n<\/ul>\t\t\t<\/nav>\n\t\t\t\t\t\t<\/div>\n\t\t\t\t<\/div>\n\t\t\t\t\t<\/div>\n\t\t\t\t<\/div>\n\t\t<div class=\"elementor-element elementor-element-0177729 e-flex e-con-boxed e-con e-parent\" data-id=\"0177729\" data-element_type=\"container\" data-settings=\"{&quot;jet_parallax_layout_list&quot;:[]}\">\n\t\t\t\t\t<div class=\"e-con-inner\">\n\t\t\t\t<div class=\"elementor-element elementor-element-9d43a2b elementor-widget elementor-widget-heading\" data-id=\"9d43a2b\" data-element_type=\"widget\" data-widget_type=\"heading.default\">\n\t\t\t\t<div class=\"elementor-widget-container\">\n\t\t\t\t\t<h1 class=\"elementor-heading-title elementor-size-default\">Padres de acogida ILP<\/h1>\t\t\t\t<\/div>\n\t\t\t\t<\/div>\n\t\t\t\t<div class=\"elementor-element elementor-element-c1ad1fa elementor-widget elementor-widget-text-editor\" data-id=\"c1ad1fa\" data-element_type=\"widget\" data-widget_type=\"text-editor.default\">\n\t\t\t\t<div class=\"elementor-widget-container\">\n\t\t\t\t\t\t\t\t\t<h2><strong><img fetchpriority=\"high\" decoding=\"async\" class=\"size-medium wp-image-392772 alignright\" src=\"https:\/\/venturacounty.gov\/human-services-agency\/wp-content\/uploads\/sites\/20\/2023\/07\/ilp_foster_parents_img-300x217.jpg\" alt=\"&quot;&quot;\" width=\"300\" height=\"217\" srcset=\"https:\/\/staging.venturacounty.gov\/human-services-agency\/wp-content\/uploads\/sites\/20\/2023\/07\/ilp_foster_parents_img-300x217.jpg 300w, https:\/\/staging.venturacounty.gov\/human-services-agency\/wp-content\/uploads\/sites\/20\/2023\/07\/ilp_foster_parents_img.jpg 349w\" sizes=\"(max-width: 300px) 100vw, 300px\" \/>Transici\u00f3n a la autosuficiencia<\/strong><\/h2><p>Los padres de acogida son fundamentales para el \u00e9xito de los adultos emergentes y pueden empezar a ayudar a los j\u00f3venes de acogida a pensar en el futuro mucho antes de los 18 a\u00f1os. Adem\u00e1s de participar en las visitas mensuales con los trabajadores sociales, se anima a los padres de acogida a que pidan participar en las conferencias formales que los j\u00f3venes de acogida tienen con sus trabajadores sociales y a que inicien conversaciones sobre sus planes futuros de independencia econ\u00f3mica.\u00a0<\/p><p>Cuando los j\u00f3venes de acogida cumplen 16 a\u00f1os, empiezan a trabajar con su trabajador social y otros mentores para establecer objetivos realistas y alcanzables como parte de su Plan de Vida Independiente de Transici\u00f3n o TILP (Transitional Independent Living Plan). A esta edad, los j\u00f3venes de acogida tambi\u00e9n participan en el Programa de Vida Independiente (ILP, por sus siglas en ingl\u00e9s), que les ayuda a desarrollar las habilidades necesarias para vivir de forma independiente y a afinar a\u00fan m\u00e1s sus objetivos vitales.<\/p><p>Los trabajadores sociales de los Servicios para Ni\u00f1os y Familias debaten los objetivos de estudios universitarios, empleo, vivienda y otras \u00e1reas cr\u00edticas con los adolescentes en acogida de 16 y 17 a\u00f1os, y les ayudan a tomar una decisi\u00f3n informada sobre si saldr\u00e1n de la acogida a los 18 a\u00f1os o entrar\u00e1n en la acogida ampliada.<\/p><p>Cuando los j\u00f3venes de acogida cumplen 18 a\u00f1os, deciden si desean participar en el Acogimiento Prolongado y comunican su decisi\u00f3n al tribunal de menores. Dado que el Acogimiento Prolongado conlleva una serie de importantes\u00a0<strong><a href=\"https:\/\/vcportal.venturacounty.gov\/VCHSA\/Independent%20Living%20Program\/After%20Eighteen\/After%2018%20Rights%20and%20Responsibilities.pdf\" target=\"_blank\" rel=\"noopener noreferrer\" aria-label=\"derechos y responsabilidades - opens in new tab\" data-uw-rm-ext-link=\"\" data-uw-pdf-br=\"1\" data-uw-pdf-doc=\"\">derechos y responsabilidades<\/a><\/strong>Los trabajadores sociales dan a los adolescentes en acogida mucha informaci\u00f3n sobre las opciones de vivienda y otros aspectos del programa.<\/p><h2><strong>Padres de acogida ampliada<\/strong><\/h2><p>Es importante recordar que el acogimiento familiar ampliado es un programa voluntario y que cada adulto emergente debe tomar su propia decisi\u00f3n sobre su participaci\u00f3n. A\u00fan as\u00ed, los padres de acogida pueden desempe\u00f1ar un papel importante para ayudar a los adultos emergentes a tomar sus decisiones participando en conversaciones sobre el futuro, discutiendo las opciones de vivienda y las prioridades financieras, ayudando con visitas a universidades y oportunidades de observaci\u00f3n de trabajos, y pidiendo participar en conferencias de salida con los trabajadores sociales.<\/p><p>Adem\u00e1s, es \u00fatil revisar y discutir con los adultos emergentes el Acuerdo Mutuo para el Cuidado de Crianza Extendido, que establece los beneficios del Cuidado de Crianza Extendido, as\u00ed como los compromisos que los adultos emergentes deben hacer si deciden participar. Los adultos emergentes que eligen participar en el Cuidado de Crianza Ampliado pueden pedir seguir viviendo con sus familias de crianza actuales, por lo que revisar este documento puede ayudar a los padres de crianza a decidir si asumir un nuevo papel como cuidador de un adulto emergente dentro del Cuidado de Crianza Ampliado es adecuado para ellos.<\/p><h2><strong>Opciones de colocaci\u00f3n en r\u00e9gimen de acogida ampliado<\/strong><br role=\"presentation\" data-uw-rm-sr=\"\" \/><strong>Empiece a planificar ya...<\/strong><\/h2><p>Los adultos emergentes pueden pasar a una de las dos modalidades de colocaci\u00f3n en funci\u00f3n del nivel de autonom\u00eda que demuestren. Tambi\u00e9n pueden renunciar por completo.<\/p><p><strong>Familia de acogida ampliada<\/strong><strong>\u00a0<\/strong><strong>Foster<\/strong><strong>\u00a0Atenci\u00f3n<\/strong>\u00a0- apropiado para adultos emergentes que necesitan m\u00e1s tiempo para desarrollar sus habilidades de vida independiente.<\/p><p>Los adultos emergentes que llegan a un acuerdo con sus familias de acogida actuales para seguir viviendo con ellas, pero que necesitan m\u00e1s tiempo para desarrollar sus habilidades de vida independiente, entrar\u00e1n en un acuerdo de colocaci\u00f3n en una familia de acogida ampliada. En virtud de este acuerdo,\u00a0<em><strong>los padres de acogida seguir\u00e1n percibiendo la tarifa b\u00e1sica aprobada (m\u00e1s cualquier otro reembolso especial permitido)<\/strong><\/em>.<\/p><p><strong>Vida independiente supervisada - Acogida prolongada<\/strong>\u00a0- reservado a adultos emergentes con aptitudes adecuadas para la vida independiente.<\/p><p>Los adultos emergentes que lleguen a un acuerdo con sus familias de acogida actuales para seguir viviendo con ellas, y que tengan habilidades adecuadas para la vida independiente, entrar\u00e1n en un acuerdo de \"vida independiente supervisada - cuidado de acogida ampliado\". En virtud de este acuerdo,\u00a0<em><strong>el adulto emergente puede recibir la tarifa b\u00e1sica aprobada (m\u00e1s cualquier otro reembolso especial permitido).<\/strong><\/em><\/p><p>Al considerar las opciones de colocaci\u00f3n anteriores, el adulto emergente completar\u00e1 un\u00a0<strong><a href=\"https:\/\/vcportal.venturacounty.gov\/HSA\/docs\/brochures\/pdf\/VC_SILPReadinessAssessment_08022012.pdf\" target=\"_blank\" rel=\"noopener noreferrer\" aria-label=\"Supervised Independent Living Program Readiness AssessmentAcrobatReader - se abre en una pesta\u00f1a nueva\" data-uw-rm-ext-link=\"\" data-uw-pdf-br=\"1\" data-uw-pdf-doc=\"\">Evaluaci\u00f3n de la preparaci\u00f3n para el Programa de Vida Independiente Supervisada<img decoding=\"async\" src=\"\/human-services-agency\/wp-content\/uploads\/sites\/20\/2023\/07\/AcrobatReader.png\" alt=\"AcrobatReader\" width=\"20\" height=\"16\" data-uw-rm-ima-original=\"acrobatreader\" \/><\/a><\/strong>\u00a0conjuntamente con su trabajador social.<\/p><p>Los acuerdos financieros para ambos tipos de colocaci\u00f3n, as\u00ed como los acuerdos sobre los horarios de llegada a casa, las tareas dom\u00e9sticas y otras \"normas\" del hogar variar\u00e1n en funci\u00f3n de las decisiones que tome cada hogar. Los trabajadores sociales de Children &amp; Family Services estar\u00e1n disponibles para ayudar a facilitar las conversaciones, seg\u00fan sea necesario, y los acuerdos se documentar\u00e1n en el documento\u00a0<strong><a href=\"https:\/\/vcportal.venturacounty.gov\/HSA\/docs\/brochures\/pdf\/Mutual%20Agreement%20for%20Foster%20Care%20SOC162.pdf\" target=\"_blank\" rel=\"noopener noreferrer\" aria-label=\"Acuerdo mutuo para el acogimiento familiar ampliadoAcrobatReader - opens in new tab\" data-uw-rm-ext-link=\"\" data-uw-pdf-br=\"1\" data-uw-pdf-doc=\"\">Acuerdo mutuo para el acogimiento prolongado<img decoding=\"async\" src=\"\/human-services-agency\/wp-content\/uploads\/sites\/20\/2023\/07\/AcrobatReader.png\" alt=\"AcrobatReader\" width=\"20\" height=\"16\" data-uw-rm-ima-original=\"acrobatreader\" \/><\/a><\/strong>.<\/p><p>La transici\u00f3n de la infancia a la edad adulta mientras se vive en el mismo hogar sin duda presentar\u00e1 oportunidades de crecimiento tanto para los adultos emergentes como para sus padres de acogida. Sepa que los adultos emergentes y los padres de acogida recibir\u00e1n mucho apoyo emocional de los trabajadores sociales de Children &amp; Family Services para adaptarse al cambio.<\/p><p><em>NOTA: Para comodidad de nuestros visitantes, esta p\u00e1gina puede contener enlaces a sitios web externos que no est\u00e1n gestionados ni controlados por el Condado de Ventura.<\/em><\/p>\t\t\t\t\t\t\t\t<\/div>\n\t\t\t\t<\/div>\n\t\t\t\t\t<\/div>\n\t\t\t\t<\/div>\n\t\t\t\t<\/div>","protected":false},"excerpt":{"rendered":"<p>\/*! elementor &#8211; v3.15.0 &#8211; 20-08-2023 *\/ .elementor-heading-title{padding:0;margin:0;line-height:1}.elementor-widget-heading .elementor-heading-title&gt;a{color:inherit;font-size:inherit;line-height:inherit}.elementor-widget-heading .elementor-heading-title.elementor-size-small{font-size:15px}.elementor-widget-heading .elementor-heading-title.elementor-size-medium{font-size:19px}.elementor-widget-heading .elementor-heading-title.elementor-size-large{font-size:29px}.elementor-widget-heading .elementor-heading-title.elementor-size-xl{font-size:39px}.elementor-widget-heading .elementor-heading-title.elementor-size-xxl{font-size:59px} ILP Foster Parents Transitioning to Self Sufficiency Foster parents are critical to emerging adults\u2019 success and [&hellip;]<\/p>\n","protected":false},"author":7,"featured_media":0,"parent":392382,"menu_order":0,"comment_status":"closed","ping_status":"closed","template":"","meta":{"_relevanssi_hide_post":"","_relevanssi_hide_content":"","_relevanssi_pin_for_all":"","_relevanssi_pin_keywords":"","_relevanssi_unpin_keywords":"","_relevanssi_related_keywords":"","_relevanssi_related_include_ids":"","_relevanssi_related_exclude_ids":"","_relevanssi_related_no_append":"","_relevanssi_related_not_related":"","_relevanssi_related_posts":"","_relevanssi_noindex_reason":"","footnotes":""},"categories":[9,11],"tags":[],"class_list":["post-392395","page","type-page","status-publish","hentry","category-hsa","category-ilp-youth"],"publishpress_future_action":{"enabled":false,"date":"2026-05-03 13:26:51","action":"change-status","newStatus":"draft","terms":[],"taxonomy":"category","extraData":[]},"publishpress_future_workflow_manual_trigger":{"enabledWorkflows":[]},"_links":{"self":[{"href":"https:\/\/staging.venturacounty.gov\/human-services-agency\/es\/wp-json\/wp\/v2\/pages\/392395","targetHints":{"allow":["GET"]}}],"collection":[{"href":"https:\/\/staging.venturacounty.gov\/human-services-agency\/es\/wp-json\/wp\/v2\/pages"}],"about":[{"href":"https:\/\/staging.venturacounty.gov\/human-services-agency\/es\/wp-json\/wp\/v2\/types\/page"}],"author":[{"embeddable":true,"href":"https:\/\/staging.venturacounty.gov\/human-services-agency\/es\/wp-json\/wp\/v2\/users\/7"}],"replies":[{"embeddable":true,"href":"https:\/\/staging.venturacounty.gov\/human-services-agency\/es\/wp-json\/wp\/v2\/comments?post=392395"}],"version-history":[{"count":0,"href":"https:\/\/staging.venturacounty.gov\/human-services-agency\/es\/wp-json\/wp\/v2\/pages\/392395\/revisions"}],"up":[{"embeddable":true,"href":"https:\/\/staging.venturacounty.gov\/human-services-agency\/es\/wp-json\/wp\/v2\/pages\/392382"}],"wp:attachment":[{"href":"https:\/\/staging.venturacounty.gov\/human-services-agency\/es\/wp-json\/wp\/v2\/media?parent=392395"}],"wp:term":[{"taxonomy":"category","embeddable":true,"href":"https:\/\/staging.venturacounty.gov\/human-services-agency\/es\/wp-json\/wp\/v2\/categories?post=392395"},{"taxonomy":"post_tag","embeddable":true,"href":"https:\/\/staging.venturacounty.gov\/human-services-agency\/es\/wp-json\/wp\/v2\/tags?post=392395"}],"curies":[{"name":"wp","href":"https:\/\/api.w.org\/{rel}","templated":true}]}}