{"id":392385,"date":"2023-07-14T17:26:58","date_gmt":"2023-07-14T17:26:58","guid":{"rendered":"https:\/\/staging.venturacounty.gov\/human-services-agency\/?page_id=392385"},"modified":"2025-10-02T20:36:04","modified_gmt":"2025-10-02T20:36:04","slug":"education","status":"publish","type":"page","link":"https:\/\/staging.venturacounty.gov\/human-services-agency\/es\/ilp-youth\/education\/","title":{"rendered":"Educaci\u00f3n"},"content":{"rendered":"<div data-elementor-type=\"wp-page\" data-elementor-id=\"392385\" class=\"elementor elementor-392385\" data-elementor-post-type=\"page\">\n\t\t\t\t<div class=\"elementor-element elementor-element-3645d9c e-flex e-con-boxed e-con e-parent\" data-id=\"3645d9c\" data-element_type=\"container\" data-settings=\"{&quot;background_background&quot;:&quot;classic&quot;,&quot;jet_parallax_layout_list&quot;:[]}\">\n\t\t\t\t\t<div class=\"e-con-inner\">\n\t\t\t\t<div class=\"elementor-element elementor-element-0996bc0 elementor-nav-menu--dropdown-tablet elementor-nav-menu__text-align-aside elementor-nav-menu--toggle elementor-nav-menu--burger elementor-widget elementor-widget-nav-menu\" data-id=\"0996bc0\" data-element_type=\"widget\" data-settings=\"{&quot;layout&quot;:&quot;horizontal&quot;,&quot;submenu_icon&quot;:{&quot;value&quot;:&quot;&lt;i class=\\&quot;fas fa-caret-down\\&quot;&gt;&lt;\\\/i&gt;&quot;,&quot;library&quot;:&quot;fa-solid&quot;},&quot;toggle&quot;:&quot;burger&quot;}\" data-widget_type=\"nav-menu.default\">\n\t\t\t\t<div class=\"elementor-widget-container\">\n\t\t\t\t\t\t\t\t<nav aria-label=\"Men\u00fa\" class=\"elementor-nav-menu--main elementor-nav-menu__container elementor-nav-menu--layout-horizontal e--pointer-background e--animation-fade\">\n\t\t\t\t<ul id=\"menu-1-0996bc0\" class=\"elementor-nav-menu\"><li class=\"menu-item menu-item-type-post_type menu-item-object-page menu-item-home menu-item-392383\"><a href=\"https:\/\/staging.venturacounty.gov\/human-services-agency\/es\/\" class=\"elementor-item\">Agencia de Servicios Humanos<\/a><\/li>\n<li class=\"menu-item menu-item-type-post_type menu-item-object-page menu-item-392384\"><a href=\"https:\/\/staging.venturacounty.gov\/human-services-agency\/es\/ilp-youth\/\" class=\"elementor-item\">ILP Inicio<\/a><\/li>\n<li class=\"menu-item menu-item-type-custom menu-item-object-custom menu-item-has-children menu-item-392747\"><a href=\"#\" class=\"elementor-item elementor-item-anchor\">Juventud<\/a>\n<ul class=\"sub-menu elementor-nav-menu--dropdown\">\n\t<li class=\"menu-item menu-item-type-post_type menu-item-object-page menu-item-392386\"><a href=\"https:\/\/staging.venturacounty.gov\/human-services-agency\/es\/ilp-youth\/education\/\" class=\"elementor-sub-item\">Educaci\u00f3n<\/a><\/li>\n\t<li class=\"menu-item menu-item-type-post_type menu-item-object-page menu-item-392388\"><a href=\"https:\/\/staging.venturacounty.gov\/human-services-agency\/es\/ilp-youth\/employment-assistance\/\" class=\"elementor-sub-item\">Ayuda al empleo<\/a><\/li>\n\t<li class=\"menu-item menu-item-type-post_type menu-item-object-page menu-item-392390\"><a href=\"https:\/\/staging.venturacounty.gov\/human-services-agency\/es\/ilp-youth\/health\/\" class=\"elementor-sub-item\">Salud<\/a><\/li>\n\t<li class=\"menu-item menu-item-type-post_type menu-item-object-page menu-item-392392\"><a href=\"https:\/\/staging.venturacounty.gov\/human-services-agency\/es\/ilp-youth\/housing\/\" class=\"elementor-sub-item\">Vivienda<\/a><\/li>\n\t<li class=\"menu-item menu-item-type-post_type menu-item-object-page menu-item-392394\"><a href=\"https:\/\/staging.venturacounty.gov\/human-services-agency\/es\/ilp-youth\/resources\/\" class=\"elementor-sub-item\">Recursos<\/a><\/li>\n<\/ul>\n<\/li>\n<li class=\"menu-item menu-item-type-custom menu-item-object-custom menu-item-has-children menu-item-392396\"><a href=\"#\" class=\"elementor-item elementor-item-anchor\">Cuidadores<\/a>\n<ul class=\"sub-menu elementor-nav-menu--dropdown\">\n\t<li class=\"menu-item menu-item-type-post_type menu-item-object-page menu-item-392397\"><a href=\"https:\/\/staging.venturacounty.gov\/human-services-agency\/es\/ilp-youth\/foster-parents\/\" class=\"elementor-sub-item\">Padres de acogida ILP<\/a><\/li>\n\t<li class=\"menu-item menu-item-type-post_type menu-item-object-page menu-item-392399\"><a href=\"https:\/\/staging.venturacounty.gov\/human-services-agency\/es\/ilp-youth\/caregivers-resources\/\" class=\"elementor-sub-item\">Recursos<\/a><\/li>\n<\/ul>\n<\/li>\n<li class=\"menu-item menu-item-type-post_type menu-item-object-page menu-item-392401\"><a href=\"https:\/\/staging.venturacounty.gov\/human-services-agency\/es\/ilp-youth\/contact-us\/\" class=\"elementor-item\">P\u00f3ngase en contacto con nosotros<\/a><\/li>\n<li class=\"menu-item menu-item-type-post_type menu-item-object-page menu-item-392403\"><a href=\"https:\/\/staging.venturacounty.gov\/human-services-agency\/es\/ilp-youth\/classes-and-events\/\" class=\"elementor-item\">Clases y eventos<\/a><\/li>\n<li class=\"menu-item menu-item-type-post_type menu-item-object-page menu-item-392405\"><a href=\"https:\/\/staging.venturacounty.gov\/human-services-agency\/es\/ilp-youth\/frequently-asked-questions\/\" class=\"elementor-item\">PREGUNTAS FRECUENTES<\/a><\/li>\n<li class=\"menu-item menu-item-type-post_type menu-item-object-page menu-item-392407\"><a href=\"https:\/\/staging.venturacounty.gov\/human-services-agency\/es\/after-eighteen\/\" class=\"elementor-item\">Despu\u00e9s del 18<\/a><\/li>\n<\/ul>\t\t\t<\/nav>\n\t\t\t\t\t<div class=\"elementor-menu-toggle\" role=\"button\" tabindex=\"0\" aria-label=\"Men\u00fa Toggle\" aria-expanded=\"false\">\n\t\t\t<i aria-hidden=\"true\" role=\"presentation\" class=\"elementor-menu-toggle__icon--open eicon-menu-bar\"><\/i><i aria-hidden=\"true\" role=\"presentation\" class=\"elementor-menu-toggle__icon--close eicon-close\"><\/i>\t\t<\/div>\n\t\t\t\t\t<nav class=\"elementor-nav-menu--dropdown elementor-nav-menu__container\" aria-hidden=\"true\">\n\t\t\t\t<ul id=\"menu-2-0996bc0\" class=\"elementor-nav-menu\"><li class=\"menu-item menu-item-type-post_type menu-item-object-page menu-item-home menu-item-392383\"><a href=\"https:\/\/staging.venturacounty.gov\/human-services-agency\/es\/\" class=\"elementor-item\" tabindex=\"-1\">Agencia de Servicios Humanos<\/a><\/li>\n<li class=\"menu-item menu-item-type-post_type menu-item-object-page menu-item-392384\"><a href=\"https:\/\/staging.venturacounty.gov\/human-services-agency\/es\/ilp-youth\/\" class=\"elementor-item\" tabindex=\"-1\">ILP Inicio<\/a><\/li>\n<li class=\"menu-item menu-item-type-custom menu-item-object-custom menu-item-has-children menu-item-392747\"><a href=\"#\" class=\"elementor-item elementor-item-anchor\" tabindex=\"-1\">Juventud<\/a>\n<ul class=\"sub-menu elementor-nav-menu--dropdown\">\n\t<li class=\"menu-item menu-item-type-post_type menu-item-object-page menu-item-392386\"><a href=\"https:\/\/staging.venturacounty.gov\/human-services-agency\/es\/ilp-youth\/education\/\" class=\"elementor-sub-item\" tabindex=\"-1\">Educaci\u00f3n<\/a><\/li>\n\t<li class=\"menu-item menu-item-type-post_type menu-item-object-page menu-item-392388\"><a href=\"https:\/\/staging.venturacounty.gov\/human-services-agency\/es\/ilp-youth\/employment-assistance\/\" class=\"elementor-sub-item\" tabindex=\"-1\">Ayuda al empleo<\/a><\/li>\n\t<li class=\"menu-item menu-item-type-post_type menu-item-object-page menu-item-392390\"><a href=\"https:\/\/staging.venturacounty.gov\/human-services-agency\/es\/ilp-youth\/health\/\" class=\"elementor-sub-item\" tabindex=\"-1\">Salud<\/a><\/li>\n\t<li class=\"menu-item menu-item-type-post_type menu-item-object-page menu-item-392392\"><a href=\"https:\/\/staging.venturacounty.gov\/human-services-agency\/es\/ilp-youth\/housing\/\" class=\"elementor-sub-item\" tabindex=\"-1\">Vivienda<\/a><\/li>\n\t<li class=\"menu-item menu-item-type-post_type menu-item-object-page menu-item-392394\"><a href=\"https:\/\/staging.venturacounty.gov\/human-services-agency\/es\/ilp-youth\/resources\/\" class=\"elementor-sub-item\" tabindex=\"-1\">Recursos<\/a><\/li>\n<\/ul>\n<\/li>\n<li class=\"menu-item menu-item-type-custom menu-item-object-custom menu-item-has-children menu-item-392396\"><a href=\"#\" class=\"elementor-item elementor-item-anchor\" tabindex=\"-1\">Cuidadores<\/a>\n<ul class=\"sub-menu elementor-nav-menu--dropdown\">\n\t<li class=\"menu-item menu-item-type-post_type menu-item-object-page menu-item-392397\"><a href=\"https:\/\/staging.venturacounty.gov\/human-services-agency\/es\/ilp-youth\/foster-parents\/\" class=\"elementor-sub-item\" tabindex=\"-1\">Padres de acogida ILP<\/a><\/li>\n\t<li class=\"menu-item menu-item-type-post_type menu-item-object-page menu-item-392399\"><a href=\"https:\/\/staging.venturacounty.gov\/human-services-agency\/es\/ilp-youth\/caregivers-resources\/\" class=\"elementor-sub-item\" tabindex=\"-1\">Recursos<\/a><\/li>\n<\/ul>\n<\/li>\n<li class=\"menu-item menu-item-type-post_type menu-item-object-page menu-item-392401\"><a href=\"https:\/\/staging.venturacounty.gov\/human-services-agency\/es\/ilp-youth\/contact-us\/\" class=\"elementor-item\" tabindex=\"-1\">P\u00f3ngase en contacto con nosotros<\/a><\/li>\n<li class=\"menu-item menu-item-type-post_type menu-item-object-page menu-item-392403\"><a href=\"https:\/\/staging.venturacounty.gov\/human-services-agency\/es\/ilp-youth\/classes-and-events\/\" class=\"elementor-item\" tabindex=\"-1\">Clases y eventos<\/a><\/li>\n<li class=\"menu-item menu-item-type-post_type menu-item-object-page menu-item-392405\"><a href=\"https:\/\/staging.venturacounty.gov\/human-services-agency\/es\/ilp-youth\/frequently-asked-questions\/\" class=\"elementor-item\" tabindex=\"-1\">PREGUNTAS FRECUENTES<\/a><\/li>\n<li class=\"menu-item menu-item-type-post_type menu-item-object-page menu-item-392407\"><a href=\"https:\/\/staging.venturacounty.gov\/human-services-agency\/es\/after-eighteen\/\" class=\"elementor-item\" tabindex=\"-1\">Despu\u00e9s del 18<\/a><\/li>\n<\/ul>\t\t\t<\/nav>\n\t\t\t\t\t\t<\/div>\n\t\t\t\t<\/div>\n\t\t<div class=\"elementor-element elementor-element-4b5330d e-flex e-con-boxed e-con e-child\" data-id=\"4b5330d\" data-element_type=\"container\" data-settings=\"{&quot;jet_parallax_layout_list&quot;:[]}\">\n\t\t\t\t\t<div class=\"e-con-inner\">\n\t\t\t\t<div class=\"elementor-element elementor-element-9d43a2b elementor-widget elementor-widget-heading\" data-id=\"9d43a2b\" data-element_type=\"widget\" data-widget_type=\"heading.default\">\n\t\t\t\t<div class=\"elementor-widget-container\">\n\t\t\t\t\t<h1 class=\"elementor-heading-title elementor-size-default\">Educaci\u00f3n<\/h1>\t\t\t\t<\/div>\n\t\t\t\t<\/div>\n\t\t\t\t<div class=\"elementor-element elementor-element-4a510e9 elementor-widget elementor-widget-text-editor\" data-id=\"4a510e9\" data-element_type=\"widget\" data-widget_type=\"text-editor.default\">\n\t\t\t\t<div class=\"elementor-widget-container\">\n\t\t\t\t\t\t\t\t\t<p><img fetchpriority=\"high\" decoding=\"async\" class=\"alignright wp-image-392754 size-full\" src=\"https:\/\/venturacounty.gov\/human-services-agency\/wp-content\/uploads\/sites\/20\/2023\/07\/ilb_education.jpg\" alt=\"&quot;&quot;\" width=\"350\" height=\"233\" srcset=\"https:\/\/staging.venturacounty.gov\/human-services-agency\/wp-content\/uploads\/sites\/20\/2023\/07\/ilb_education.jpg 350w, https:\/\/staging.venturacounty.gov\/human-services-agency\/wp-content\/uploads\/sites\/20\/2023\/07\/ilb_education-300x200.jpg 300w\" sizes=\"(max-width: 350px) 100vw, 350px\" \/><br \/>Los j\u00f3venes de acogida de 16 a 18 a\u00f1os que participan en las clases del Programa de Vida Independiente (ILP) tienen acceso a informaci\u00f3n sobre planificaci\u00f3n profesional y educativa, ayuda financiera y becas. ILP proporciona fondos limitados para ayudar a los j\u00f3venes a pagar las tasas de solicitud de ingreso en la universidad y los ex\u00e1menes de acceso. Los trabajadores sociales pueden proporcionar m\u00e1s informaci\u00f3n sobre el acceso a estos servicios.\u00a0<\/p><p><strong>V\u00edas universitarias en California<\/strong>\u00a0proporciona una\u00a0<strong><a href=\"http:\/\/www.cacollegepathways.org\/\" target=\"_blank\" rel=\"noopener noreferrer\" aria-label=\"gu\u00eda de planificaci\u00f3n - opens in new tab\" data-uw-rm-ext-link=\"\">gu\u00eda de planificaci\u00f3n<\/a><\/strong>\u00a0para j\u00f3venes en acogida y sus cuidadores.<\/p><p><strong style=\"font-size: 1.25rem\">Otros recursos<\/strong><\/p><p><strong><a href=\"https:\/\/studentaid.gov\/apply-for-aid\/fafsa\/fafsa-deadlines\" target=\"_blank\" rel=\"noopener noreferrer\" aria-label=\"Educaci\u00f3n de J\u00f3venes de Crianza \/ Ayuda Financiera: CalGrants \/ FAFSA Para j\u00f3venes de acogida de California interesados en ir a la universidad en oto\u00f1o - opens in new tab\" data-uw-rm-ext-link=\"\">Educaci\u00f3n de J\u00f3venes de Crianza \/ Ayuda Financiera: CalGrants \/ FAFSA Para los j\u00f3venes de acogida de California interesados en ir a la universidad en oto\u00f1o<\/a><\/strong>. La pr\u00f3xima fecha l\u00edmite de la Solicitud Gratuita de Ayuda Federal para Estudiantes (FAFSA) es importante. Los estudiantes deben cumplir con la fecha l\u00edmite de FAFSA con el fin de solicitar un CalGrant.<\/p><p><a href=\"http:\/\/www.vcccd.edu\/\" target=\"_blank\" rel=\"noopener noreferrer\" aria-label=\"Ventura County Community College District - se abre en una nueva pesta\u00f1a\" data-uw-rm-ext-link=\"\"><strong>Distrito universitario comunitario del condado de Ventura<\/strong>\u00a0<\/a><\/p><p>En\u00a0<strong><a href=\"http:\/\/nces.ed.gov\/collegenavigator\/\" target=\"_blank\" rel=\"noopener noreferrer\" aria-label=\"College Navigator - se abre en una nueva pesta\u00f1a\" data-uw-rm-ext-link=\"\">Navegador universitario<\/a><\/strong>\u00a0es el sitio web del Departamento de Educaci\u00f3n de EE.UU. que te ayudar\u00e1 a encontrar la universidad adecuada. Incluye herramientas que te ayudar\u00e1n a calcular los gastos, encontrar ayuda financiera e identificar los programas y especialidades m\u00e1s adecuados para ti.<\/p><p><strong><a href=\"https:\/\/studentaid.gov\/\" target=\"_blank\" rel=\"noopener noreferrer\" aria-label=\"Ayuda Federal para Estudiantes (o FAFSA) - opens in new tab\" data-uw-rm-ext-link=\"\">Ayuda Federal para Estudiantes (o FAFSA)<\/a><\/strong>\u00a0es una oficina del Departamento de Educaci\u00f3n de los EE.UU. destinada a garantizar que todas las personas que re\u00fanan los requisitos puedan beneficiarse de ayudas financieras financiadas o garantizadas por el Gobierno federal para cursar estudios superiores a la ense\u00f1anza secundaria.<\/p><p><strong><a href=\"http:\/\/www.finaid.org\/\" target=\"_blank\" rel=\"noopener noreferrer\" aria-label=\"FinAid - se abre en una nueva pesta\u00f1a\" data-uw-rm-ext-link=\"\">\u00a1FinAid!<\/a><\/strong>\u00a0es uno de los recursos gratuitos m\u00e1s completos para obtener informaci\u00f3n sobre ayudas econ\u00f3micas, becas y pr\u00e9stamos para estudios.<\/p><p><strong><a href=\"https:\/\/www.callutheran.edu\/offices\/upward-bound\/\" target=\"_blank\" rel=\"noopener noreferrer\" aria-label=\"Upward Bound - opens in new tab\" data-uw-rm-ext-link=\"\">Upward Bound<\/a><\/strong>\u00a0- El prop\u00f3sito de Upward Bound es aumentar la tasa en la que los graduados de la escuela secundaria siguen la educaci\u00f3n post-secundaria, as\u00ed como animar a m\u00e1s estudiantes a seguir programas que conducen a carreras en matem\u00e1ticas y ciencias. Para ser elegible para el Programa Upward Bound en la Universidad Luterana de California, los estudiantes deben asistir a cualquiera de Channel Islands, Hueneme, Oxnard, Pacifica, o Rio Mesa High School. El programa est\u00e1 dirigido a estudiantes de bajos ingresos y de primera generaci\u00f3n que van a la universidad. Los participantes deben demostrar una necesidad de apoyo acad\u00e9mico con el fin de seguir con \u00e9xito un programa de educaci\u00f3n m\u00e1s all\u00e1 de la escuela secundaria.<\/p><p><a href=\"\/human-services-agency\/es\/education-data\/\"><strong>Datos sobre educaci\u00f3n<\/strong><\/a><\/p><p><strong style=\"font-size: 1.25rem\">Becas y subvenciones<\/strong><\/p><ul class=\"arrow-list\"><li><a href=\"http:\/\/vccf.org\/scholarships\/#apply-for-a-scholarship\" target=\"_blank\" rel=\"noopener noreferrer\" aria-label=\"Formaci\u00f3n y Educaci\u00f3n para el Aprovechamiento de los Ni\u00f1os (TEACh) - opens in new tab\" data-uw-rm-ext-link=\"\"><strong>Formaci\u00f3n y Educaci\u00f3n para el Aprovechamiento de los Ni\u00f1os (TEACh)<\/strong><\/a><\/li><li><strong><a href=\"https:\/\/chafee.csac.ca.gov\/\" target=\"_blank\" rel=\"noopener noreferrer\" aria-label=\"Becas Chafee de California - se abre en una nueva pesta\u00f1a\" data-uw-rm-ext-link=\"\">Becas Chafee de California<\/a><\/strong>\u00a0- Para que los j\u00f3venes en situaci\u00f3n de acogida o ex acogidos lo utilicen para cursar estudios universitarios o carreras t\u00e9cnicas.<\/li><li><a href=\"https:\/\/www.csac.ca.gov\/\" target=\"_blank\" rel=\"noopener noreferrer\" aria-label=\"Comisi\u00f3n de Ayuda Estudiantil de California (CSAC) - opens in new tab\" data-uw-rm-ext-link=\"\"><strong>Comisi\u00f3n de Ayuda al Estudiante de California (CSAC)<\/strong>\u00a0<\/a><\/li><li><a href=\"https:\/\/studentaid.gov\/\" target=\"_blank\" rel=\"noopener noreferrer\" aria-label=\"FAFSA en la Web - se abre en una nueva pesta\u00f1a\" data-uw-rm-ext-link=\"\"><strong>FAFSA en la Web<\/strong><\/a>\u00a0- Solicitud gratuita de ayuda federal para estudiantes (FAFSA)<\/li><li><a href=\"http:\/\/vccf.org\/scholarships\/\" target=\"_blank\" rel=\"noopener noreferrer\" aria-label=\"Fundaci\u00f3n Comunitaria del Condado de Ventura - opens in new tab\" data-uw-rm-ext-link=\"\"><strong>Fundaci\u00f3n Comunitaria del Condado de Ventura<\/strong><\/a><\/li><li><a href=\"http:\/\/www.fc2success.org\/\" target=\"_blank\" rel=\"noopener noreferrer\" aria-label=\"Orphan Foundation of America - se abre en una nueva pesta\u00f1a\" data-uw-rm-ext-link=\"\"><strong>Fundaci\u00f3n de Hu\u00e9rfanos de Am\u00e9rica<\/strong>\u00a0<\/a><\/li><li><a href=\"https:\/\/www.csac.ca.gov\/\" target=\"_blank\" rel=\"noopener noreferrer\" aria-label=\"Informaci\u00f3n sobre Cal Grant - opens in new tab\" data-uw-rm-ext-link=\"\"><strong>Informaci\u00f3n sobre Cal Grant<\/strong>\u00a0<\/a><\/li><li><strong><a href=\"http:\/\/www.collegexpress.com\/careers-colleges\/\" target=\"_blank\" rel=\"noopener noreferrer\" aria-label=\"Carreras profesionales y universidad - opens in new tab\" data-uw-rm-ext-link=\"\">Carrera y universidad<\/a><\/strong><\/li><li><a href=\"http:\/\/hsfinder.net\/\" target=\"_blank\" rel=\"noopener noreferrer\" aria-label=\"Latino College Dollars - se abre en una nueva pesta\u00f1a\" data-uw-rm-ext-link=\"\"><strong>D\u00f3lares universitarios latinos<\/strong>\u00a0<\/a><\/li><li><a href=\"http:\/\/www.hsf.net\/\" target=\"_blank\" rel=\"noopener noreferrer\" aria-label=\"Fondo Hispano de Becas - opens in new tab\" data-uw-rm-ext-link=\"\"><strong>Fondo de Becas para Hispanos<\/strong>\u00a0<\/a><\/li><li><strong><a href=\"http:\/\/www.fastweb.com\/\" target=\"_blank\" rel=\"noopener noreferrer\" aria-label=\"Fastweb - se abre en una nueva pesta\u00f1a\" data-uw-rm-ext-link=\"\">Fastweb<\/a><\/strong>\u00a0- Becas, ayudas econ\u00f3micas, pr\u00e9stamos estudiantiles y universidades<\/li><li><strong><a href=\"https:\/\/www.csac.ca.gov\/\" target=\"_blank\" rel=\"noopener noreferrer\" aria-label=\"FindTuition - se abre en una nueva pesta\u00f1a\" data-uw-rm-ext-link=\"\">EncontrarMatr\u00edcula<\/a><\/strong>\u00a0- Su recurso para becas universitarias<\/li><li><a href=\"https:\/\/www.scholarships.com\/\" target=\"_blank\" rel=\"noopener noreferrer\" aria-label=\"B\u00fasqueda gratuita de becas universitarias - opens in new tab\" data-uw-rm-ext-link=\"\"><strong>B\u00fasqueda gratuita de becas universitarias<\/strong><\/a><\/li><li><strong><a href=\"https:\/\/icangotocollege.com\/\" target=\"_blank\" rel=\"noopener noreferrer\" aria-label=\"Puedo permitirme la universidad - opens in new tab\" data-uw-rm-ext-link=\"\">Puedo permitirme la universidad<\/a><\/strong>\u00a0- Colegios comunitarios de California<\/li><li><a href=\"https:\/\/studentaid.gov\/\" target=\"_blank\" rel=\"noopener noreferrer\" aria-label=\"Ayuda Federal para Estudiantes - opens in new tab\" data-uw-rm-ext-link=\"\"><strong>Ayuda Federal para Estudiantes<\/strong><\/a><\/li><li><strong><a href=\"https:\/\/www.collegedata.com\/scholarship-finder\" target=\"_blank\" rel=\"noopener noreferrer\" aria-label=\"Datos universitarios - opens in new tab\" data-uw-rm-ext-link=\"\">Datos universitarios<\/a><\/strong>\u00a0- Buscador de becas<\/li><li><strong><a href=\"http:\/\/www.questbridge.org\/\" target=\"_blank\" rel=\"noopener noreferrer\" aria-label=\"Beca College Prep - opens in new tab\" data-uw-rm-ext-link=\"\">Beca de preparaci\u00f3n para la universidad<\/a><\/strong>\u00a0- para j\u00f3venes de secundaria con bajos ingresos<\/li><\/ul><p><em>NOTA: Para comodidad de nuestros visitantes, esta p\u00e1gina puede contener enlaces a sitios web externos que no est\u00e1n gestionados ni controlados por el Condado de Ventura.<\/em><\/p>\t\t\t\t\t\t\t\t<\/div>\n\t\t\t\t<\/div>\n\t\t\t\t\t<\/div>\n\t\t\t\t<\/div>\n\t\t\t\t\t<\/div>\n\t\t\t\t<\/div>\n\t\t\t\t<\/div>","protected":false},"excerpt":{"rendered":"<p>Education Foster youth ages 16-18 who are participants in the Independent Living Program (ILP) classes have access to career and educational planning, financial aid and scholarship information. ILP provides limited [&hellip;]<\/p>\n","protected":false},"author":7,"featured_media":0,"parent":392382,"menu_order":0,"comment_status":"closed","ping_status":"closed","template":"","meta":{"_relevanssi_hide_post":"","_relevanssi_hide_content":"","_relevanssi_pin_for_all":"","_relevanssi_pin_keywords":"","_relevanssi_unpin_keywords":"","_relevanssi_related_keywords":"","_relevanssi_related_include_ids":"","_relevanssi_related_exclude_ids":"","_relevanssi_related_no_append":"","_relevanssi_related_not_related":"","_relevanssi_related_posts":"","_relevanssi_noindex_reason":"","footnotes":""},"categories":[9,11],"tags":[],"class_list":["post-392385","page","type-page","status-publish","hentry","category-hsa","category-ilp-youth"],"publishpress_future_action":{"enabled":false,"date":"2026-04-29 22:03:27","action":"change-status","newStatus":"draft","terms":[],"taxonomy":"category","extraData":[]},"publishpress_future_workflow_manual_trigger":{"enabledWorkflows":[]},"_links":{"self":[{"href":"https:\/\/staging.venturacounty.gov\/human-services-agency\/es\/wp-json\/wp\/v2\/pages\/392385","targetHints":{"allow":["GET"]}}],"collection":[{"href":"https:\/\/staging.venturacounty.gov\/human-services-agency\/es\/wp-json\/wp\/v2\/pages"}],"about":[{"href":"https:\/\/staging.venturacounty.gov\/human-services-agency\/es\/wp-json\/wp\/v2\/types\/page"}],"author":[{"embeddable":true,"href":"https:\/\/staging.venturacounty.gov\/human-services-agency\/es\/wp-json\/wp\/v2\/users\/7"}],"replies":[{"embeddable":true,"href":"https:\/\/staging.venturacounty.gov\/human-services-agency\/es\/wp-json\/wp\/v2\/comments?post=392385"}],"version-history":[{"count":0,"href":"https:\/\/staging.venturacounty.gov\/human-services-agency\/es\/wp-json\/wp\/v2\/pages\/392385\/revisions"}],"up":[{"embeddable":true,"href":"https:\/\/staging.venturacounty.gov\/human-services-agency\/es\/wp-json\/wp\/v2\/pages\/392382"}],"wp:attachment":[{"href":"https:\/\/staging.venturacounty.gov\/human-services-agency\/es\/wp-json\/wp\/v2\/media?parent=392385"}],"wp:term":[{"taxonomy":"category","embeddable":true,"href":"https:\/\/staging.venturacounty.gov\/human-services-agency\/es\/wp-json\/wp\/v2\/categories?post=392385"},{"taxonomy":"post_tag","embeddable":true,"href":"https:\/\/staging.venturacounty.gov\/human-services-agency\/es\/wp-json\/wp\/v2\/tags?post=392385"}],"curies":[{"name":"wp","href":"https:\/\/api.w.org\/{rel}","templated":true}]}}