{"id":392317,"date":"2023-07-12T15:39:07","date_gmt":"2023-07-12T15:39:07","guid":{"rendered":"https:\/\/staging.venturacounty.gov\/human-services-agency\/?page_id=392317"},"modified":"2026-04-09T16:45:47","modified_gmt":"2026-04-09T16:45:47","slug":"report-income-changes-medi-cal","status":"publish","type":"page","link":"https:\/\/staging.venturacounty.gov\/human-services-agency\/es\/medi-cal\/report-income-changes-medi-cal\/","title":{"rendered":"Medi-Cal - C\u00f3mo comunicar ingresos o cambios"},"content":{"rendered":"<div data-elementor-type=\"wp-page\" data-elementor-id=\"392317\" class=\"elementor elementor-392317\" data-elementor-post-type=\"page\">\n\t\t\t\t<div class=\"elementor-element elementor-element-3645d9c e-flex e-con-boxed e-con e-parent\" data-id=\"3645d9c\" data-element_type=\"container\" data-settings=\"{&quot;background_background&quot;:&quot;classic&quot;,&quot;jet_parallax_layout_list&quot;:[]}\">\n\t\t\t\t\t<div class=\"e-con-inner\">\n\t\t\t\t<div class=\"elementor-element elementor-element-0996bc0 elementor-nav-menu--dropdown-tablet elementor-nav-menu__text-align-aside elementor-nav-menu--toggle elementor-nav-menu--burger elementor-widget elementor-widget-nav-menu\" data-id=\"0996bc0\" data-element_type=\"widget\" data-settings=\"{&quot;layout&quot;:&quot;horizontal&quot;,&quot;submenu_icon&quot;:{&quot;value&quot;:&quot;&lt;i class=\\&quot;fas fa-caret-down\\&quot;&gt;&lt;\\\/i&gt;&quot;,&quot;library&quot;:&quot;fa-solid&quot;},&quot;toggle&quot;:&quot;burger&quot;}\" data-widget_type=\"nav-menu.default\">\n\t\t\t\t<div class=\"elementor-widget-container\">\n\t\t\t\t\t\t\t\t<nav aria-label=\"Men\u00fa\" class=\"elementor-nav-menu--main elementor-nav-menu__container elementor-nav-menu--layout-horizontal e--pointer-background e--animation-fade\">\n\t\t\t\t<ul id=\"menu-1-0996bc0\" class=\"elementor-nav-menu\"><li class=\"menu-item menu-item-type-custom menu-item-object-custom menu-item-has-children menu-item-395173\"><a href=\"#\" class=\"elementor-item elementor-item-anchor\">Qui\u00e9nes somos<\/a>\n<ul class=\"sub-menu elementor-nav-menu--dropdown\">\n\t<li class=\"menu-item menu-item-type-post_type menu-item-object-page menu-item-395169\"><a href=\"https:\/\/staging.venturacounty.gov\/human-services-agency\/es\/about-human-services-agency\/\" class=\"elementor-sub-item\">Misi\u00f3n \/ Visi\u00f3n \/ Valores<\/a><\/li>\n\t<li class=\"menu-item menu-item-type-custom menu-item-object-custom menu-item-has-children menu-item-395175\"><a href=\"#\" class=\"elementor-sub-item elementor-item-anchor\">Publicaciones<\/a>\n\t<ul class=\"sub-menu elementor-nav-menu--dropdown\">\n\t\t<li class=\"menu-item menu-item-type-post_type menu-item-object-page menu-item-395176\"><a href=\"https:\/\/staging.venturacounty.gov\/human-services-agency\/es\/annual-reports\/\" class=\"elementor-sub-item\">Informes anuales<\/a><\/li>\n\t\t<li class=\"menu-item menu-item-type-post_type menu-item-object-page menu-item-395177\"><a href=\"https:\/\/staging.venturacounty.gov\/human-services-agency\/es\/publications-3\/\" class=\"elementor-sub-item\">Pol\u00edticas de HSA<\/a><\/li>\n\t\t<li class=\"menu-item menu-item-type-post_type menu-item-object-page menu-item-396128\"><a href=\"https:\/\/staging.venturacounty.gov\/human-services-agency\/es\/strategic-plan\/\" class=\"elementor-sub-item\">Plan estrat\u00e9gico de la HSA<\/a><\/li>\n\t\t<li class=\"menu-item menu-item-type-post_type menu-item-object-page menu-item-395178\"><a href=\"https:\/\/staging.venturacounty.gov\/human-services-agency\/es\/publications\/\" class=\"elementor-sub-item\">Folletos del programa<\/a><\/li>\n\t<\/ul>\n<\/li>\n\t<li class=\"menu-item menu-item-type-post_type menu-item-object-page menu-item-395214\"><a href=\"https:\/\/staging.venturacounty.gov\/human-services-agency\/es\/about-human-services-agency\/leadership-team\/\" class=\"elementor-sub-item\">Equipo directivo<\/a><\/li>\n\t<li class=\"menu-item menu-item-type-post_type menu-item-object-page menu-item-395172\"><a href=\"https:\/\/staging.venturacounty.gov\/human-services-agency\/es\/hsa-join-our-team\/\" class=\"elementor-sub-item\">\u00danete a nuestro equipo<\/a><\/li>\n\t<li class=\"menu-item menu-item-type-post_type menu-item-object-page menu-item-396544\"><a href=\"https:\/\/staging.venturacounty.gov\/human-services-agency\/es\/hsa-data-and-information\/\" class=\"elementor-sub-item\">Datos e informaci\u00f3n de la HSA<\/a><\/li>\n\t<li class=\"menu-item menu-item-type-post_type menu-item-object-page menu-item-395171\"><a href=\"https:\/\/staging.venturacounty.gov\/human-services-agency\/es\/hsa-contact-us\/\" class=\"elementor-sub-item\">Contactar con HSA<\/a><\/li>\n<\/ul>\n<\/li>\n<li class=\"menu-item menu-item-type-custom menu-item-object-custom menu-item-has-children menu-item-74\"><a href=\"#\" class=\"elementor-item elementor-item-anchor\">Servicios<\/a>\n<ul class=\"sub-menu elementor-nav-menu--dropdown\">\n\t<li class=\"menu-item menu-item-type-custom menu-item-object-custom menu-item-395039\"><a href=\"https:\/\/staging.venturacounty.gov\/human-services-agency\/es\/locations-ways-to-apply\/\" class=\"elementor-sub-item\">Ubicaciones y formas de solicitarlo<\/a><\/li>\n\t<li class=\"menu-item menu-item-type-post_type menu-item-object-page menu-item-392290\"><a href=\"https:\/\/staging.venturacounty.gov\/human-services-agency\/es\/hsa-services\/\" class=\"elementor-sub-item\">Lista de servicios<\/a><\/li>\n\t<li class=\"menu-item menu-item-type-post_type menu-item-object-page menu-item-392292\"><a href=\"https:\/\/staging.venturacounty.gov\/human-services-agency\/es\/topics-a-z\/\" class=\"elementor-sub-item\">Temas A-Z<\/a><\/li>\n\t<li class=\"menu-item menu-item-type-post_type menu-item-object-page menu-item-392294\"><a href=\"https:\/\/staging.venturacounty.gov\/human-services-agency\/es\/foster-transitional-age-youth\/\" class=\"elementor-sub-item\">J\u00f3venes en edad de acogida y de transici\u00f3n<\/a><\/li>\n\t<li class=\"menu-item menu-item-type-post_type menu-item-object-page menu-item-392295\"><a href=\"https:\/\/staging.venturacounty.gov\/human-services-agency\/es\/helpful-links-information\/\" class=\"elementor-sub-item\">Enlaces \u00fatiles e informaci\u00f3n<\/a><\/li>\n<\/ul>\n<\/li>\n<li class=\"menu-item menu-item-type-post_type menu-item-object-page menu-item-392297\"><a href=\"https:\/\/staging.venturacounty.gov\/human-services-agency\/es\/how-do-i\/\" class=\"elementor-item\">\u00bfC\u00f3mo lo hago?<\/a><\/li>\n<li class=\"menu-item menu-item-type-post_type menu-item-object-page menu-item-392300\"><a href=\"https:\/\/staging.venturacounty.gov\/human-services-agency\/es\/partners-providers\/\" class=\"elementor-item\">Socios y proveedores<\/a><\/li>\n<li class=\"menu-item menu-item-type-post_type menu-item-object-page menu-item-has-children menu-item-395080\"><a href=\"https:\/\/staging.venturacounty.gov\/human-services-agency\/es\/disaster-resources\/\" class=\"elementor-item\">Recursos para cat\u00e1strofes<\/a>\n<ul class=\"sub-menu elementor-nav-menu--dropdown\">\n\t<li class=\"menu-item menu-item-type-custom menu-item-object-custom menu-item-has-children menu-item-395084\"><a href=\"https:\/\/staging.venturacounty.gov\/human-services-agency\/es\/emergency-resources\/\" class=\"elementor-sub-item\">Evaluaci\u00f3n del acceso comunitario a las emergencias<\/a>\n\t<ul class=\"sub-menu elementor-nav-menu--dropdown\">\n\t\t<li class=\"menu-item menu-item-type-post_type menu-item-object-page menu-item-395083\"><a href=\"https:\/\/staging.venturacounty.gov\/human-services-agency\/es\/disaster-resources\/survey-and-project-updates\/\" class=\"elementor-sub-item\">Actualizaciones de encuestas y proyectos<\/a><\/li>\n\t\t<li class=\"menu-item menu-item-type-post_type menu-item-object-page menu-item-395082\"><a href=\"https:\/\/staging.venturacounty.gov\/human-services-agency\/es\/disaster-resources\/toolkit\/\" class=\"elementor-sub-item\">Recursos<\/a><\/li>\n\t<\/ul>\n<\/li>\n\t<li class=\"menu-item menu-item-type-post_type menu-item-object-page menu-item-392306\"><a href=\"https:\/\/staging.venturacounty.gov\/human-services-agency\/es\/hsa-alert\/\" class=\"elementor-sub-item\">Alertas HSA<\/a><\/li>\n<\/ul>\n<\/li>\n<li class=\"menu-item menu-item-type-post_type menu-item-object-page menu-item-has-children menu-item-395487\"><a href=\"https:\/\/staging.venturacounty.gov\/human-services-agency\/es\/hsa-news\/\" class=\"elementor-item\">Noticias y eventos<\/a>\n<ul class=\"sub-menu elementor-nav-menu--dropdown\">\n\t<li class=\"menu-item menu-item-type-post_type menu-item-object-page menu-item-396380\"><a href=\"https:\/\/staging.venturacounty.gov\/human-services-agency\/es\/about-human-services-agency\/events\/\" class=\"elementor-sub-item\">Eventos<\/a><\/li>\n\t<li class=\"menu-item menu-item-type-post_type menu-item-object-page menu-item-395290\"><a href=\"https:\/\/staging.venturacounty.gov\/human-services-agency\/es\/hsa-news\/\" class=\"elementor-sub-item\">Boletines electr\u00f3nicos de HSA<\/a><\/li>\n\t<li class=\"menu-item menu-item-type-post_type menu-item-object-page menu-item-395488\"><a href=\"https:\/\/staging.venturacounty.gov\/human-services-agency\/es\/social-media\/\" class=\"elementor-sub-item\">Redes sociales de la HSA<\/a><\/li>\n\t<li class=\"menu-item menu-item-type-post_type menu-item-object-page menu-item-395489\"><a href=\"https:\/\/staging.venturacounty.gov\/human-services-agency\/es\/media\/\" class=\"elementor-sub-item\">Informaci\u00f3n para los medios<\/a><\/li>\n<\/ul>\n<\/li>\n<li class=\"menu-item menu-item-type-post_type menu-item-object-page menu-item-392307\"><a href=\"https:\/\/staging.venturacounty.gov\/human-services-agency\/es\/hsa-contact-us\/\" class=\"elementor-item\">Contactar con HSA<\/a><\/li>\n<\/ul>\t\t\t<\/nav>\n\t\t\t\t\t<div class=\"elementor-menu-toggle\" role=\"button\" tabindex=\"0\" aria-label=\"Men\u00fa Toggle\" aria-expanded=\"false\">\n\t\t\t<i aria-hidden=\"true\" role=\"presentation\" class=\"elementor-menu-toggle__icon--open eicon-menu-bar\"><\/i><i aria-hidden=\"true\" role=\"presentation\" class=\"elementor-menu-toggle__icon--close eicon-close\"><\/i>\t\t<\/div>\n\t\t\t\t\t<nav class=\"elementor-nav-menu--dropdown elementor-nav-menu__container\" aria-hidden=\"true\">\n\t\t\t\t<ul id=\"menu-2-0996bc0\" class=\"elementor-nav-menu\"><li class=\"menu-item menu-item-type-custom menu-item-object-custom menu-item-has-children menu-item-395173\"><a href=\"#\" class=\"elementor-item elementor-item-anchor\" tabindex=\"-1\">Qui\u00e9nes somos<\/a>\n<ul class=\"sub-menu elementor-nav-menu--dropdown\">\n\t<li class=\"menu-item menu-item-type-post_type menu-item-object-page menu-item-395169\"><a href=\"https:\/\/staging.venturacounty.gov\/human-services-agency\/es\/about-human-services-agency\/\" class=\"elementor-sub-item\" tabindex=\"-1\">Misi\u00f3n \/ Visi\u00f3n \/ Valores<\/a><\/li>\n\t<li class=\"menu-item menu-item-type-custom menu-item-object-custom menu-item-has-children menu-item-395175\"><a href=\"#\" class=\"elementor-sub-item elementor-item-anchor\" tabindex=\"-1\">Publicaciones<\/a>\n\t<ul class=\"sub-menu elementor-nav-menu--dropdown\">\n\t\t<li class=\"menu-item menu-item-type-post_type menu-item-object-page menu-item-395176\"><a href=\"https:\/\/staging.venturacounty.gov\/human-services-agency\/es\/annual-reports\/\" class=\"elementor-sub-item\" tabindex=\"-1\">Informes anuales<\/a><\/li>\n\t\t<li class=\"menu-item menu-item-type-post_type menu-item-object-page menu-item-395177\"><a href=\"https:\/\/staging.venturacounty.gov\/human-services-agency\/es\/publications-3\/\" class=\"elementor-sub-item\" tabindex=\"-1\">Pol\u00edticas de HSA<\/a><\/li>\n\t\t<li class=\"menu-item menu-item-type-post_type menu-item-object-page menu-item-396128\"><a href=\"https:\/\/staging.venturacounty.gov\/human-services-agency\/es\/strategic-plan\/\" class=\"elementor-sub-item\" tabindex=\"-1\">Plan estrat\u00e9gico de la HSA<\/a><\/li>\n\t\t<li class=\"menu-item menu-item-type-post_type menu-item-object-page menu-item-395178\"><a href=\"https:\/\/staging.venturacounty.gov\/human-services-agency\/es\/publications\/\" class=\"elementor-sub-item\" tabindex=\"-1\">Folletos del programa<\/a><\/li>\n\t<\/ul>\n<\/li>\n\t<li class=\"menu-item menu-item-type-post_type menu-item-object-page menu-item-395214\"><a href=\"https:\/\/staging.venturacounty.gov\/human-services-agency\/es\/about-human-services-agency\/leadership-team\/\" class=\"elementor-sub-item\" tabindex=\"-1\">Equipo directivo<\/a><\/li>\n\t<li class=\"menu-item menu-item-type-post_type menu-item-object-page menu-item-395172\"><a href=\"https:\/\/staging.venturacounty.gov\/human-services-agency\/es\/hsa-join-our-team\/\" class=\"elementor-sub-item\" tabindex=\"-1\">\u00danete a nuestro equipo<\/a><\/li>\n\t<li class=\"menu-item menu-item-type-post_type menu-item-object-page menu-item-396544\"><a href=\"https:\/\/staging.venturacounty.gov\/human-services-agency\/es\/hsa-data-and-information\/\" class=\"elementor-sub-item\" tabindex=\"-1\">Datos e informaci\u00f3n de la HSA<\/a><\/li>\n\t<li class=\"menu-item menu-item-type-post_type menu-item-object-page menu-item-395171\"><a href=\"https:\/\/staging.venturacounty.gov\/human-services-agency\/es\/hsa-contact-us\/\" class=\"elementor-sub-item\" tabindex=\"-1\">Contactar con HSA<\/a><\/li>\n<\/ul>\n<\/li>\n<li class=\"menu-item menu-item-type-custom menu-item-object-custom menu-item-has-children menu-item-74\"><a href=\"#\" class=\"elementor-item elementor-item-anchor\" tabindex=\"-1\">Servicios<\/a>\n<ul class=\"sub-menu elementor-nav-menu--dropdown\">\n\t<li class=\"menu-item menu-item-type-custom menu-item-object-custom menu-item-395039\"><a href=\"https:\/\/staging.venturacounty.gov\/human-services-agency\/es\/locations-ways-to-apply\/\" class=\"elementor-sub-item\" tabindex=\"-1\">Ubicaciones y formas de solicitarlo<\/a><\/li>\n\t<li class=\"menu-item menu-item-type-post_type menu-item-object-page menu-item-392290\"><a href=\"https:\/\/staging.venturacounty.gov\/human-services-agency\/es\/hsa-services\/\" class=\"elementor-sub-item\" tabindex=\"-1\">Lista de servicios<\/a><\/li>\n\t<li class=\"menu-item menu-item-type-post_type menu-item-object-page menu-item-392292\"><a href=\"https:\/\/staging.venturacounty.gov\/human-services-agency\/es\/topics-a-z\/\" class=\"elementor-sub-item\" tabindex=\"-1\">Temas A-Z<\/a><\/li>\n\t<li class=\"menu-item menu-item-type-post_type menu-item-object-page menu-item-392294\"><a href=\"https:\/\/staging.venturacounty.gov\/human-services-agency\/es\/foster-transitional-age-youth\/\" class=\"elementor-sub-item\" tabindex=\"-1\">J\u00f3venes en edad de acogida y de transici\u00f3n<\/a><\/li>\n\t<li class=\"menu-item menu-item-type-post_type menu-item-object-page menu-item-392295\"><a href=\"https:\/\/staging.venturacounty.gov\/human-services-agency\/es\/helpful-links-information\/\" class=\"elementor-sub-item\" tabindex=\"-1\">Enlaces \u00fatiles e informaci\u00f3n<\/a><\/li>\n<\/ul>\n<\/li>\n<li class=\"menu-item menu-item-type-post_type menu-item-object-page menu-item-392297\"><a href=\"https:\/\/staging.venturacounty.gov\/human-services-agency\/es\/how-do-i\/\" class=\"elementor-item\" tabindex=\"-1\">\u00bfC\u00f3mo lo hago?<\/a><\/li>\n<li class=\"menu-item menu-item-type-post_type menu-item-object-page menu-item-392300\"><a href=\"https:\/\/staging.venturacounty.gov\/human-services-agency\/es\/partners-providers\/\" class=\"elementor-item\" tabindex=\"-1\">Socios y proveedores<\/a><\/li>\n<li class=\"menu-item menu-item-type-post_type menu-item-object-page menu-item-has-children menu-item-395080\"><a href=\"https:\/\/staging.venturacounty.gov\/human-services-agency\/es\/disaster-resources\/\" class=\"elementor-item\" tabindex=\"-1\">Recursos para cat\u00e1strofes<\/a>\n<ul class=\"sub-menu elementor-nav-menu--dropdown\">\n\t<li class=\"menu-item menu-item-type-custom menu-item-object-custom menu-item-has-children menu-item-395084\"><a href=\"https:\/\/staging.venturacounty.gov\/human-services-agency\/es\/emergency-resources\/\" class=\"elementor-sub-item\" tabindex=\"-1\">Evaluaci\u00f3n del acceso comunitario a las emergencias<\/a>\n\t<ul class=\"sub-menu elementor-nav-menu--dropdown\">\n\t\t<li class=\"menu-item menu-item-type-post_type menu-item-object-page menu-item-395083\"><a href=\"https:\/\/staging.venturacounty.gov\/human-services-agency\/es\/disaster-resources\/survey-and-project-updates\/\" class=\"elementor-sub-item\" tabindex=\"-1\">Actualizaciones de encuestas y proyectos<\/a><\/li>\n\t\t<li class=\"menu-item menu-item-type-post_type menu-item-object-page menu-item-395082\"><a href=\"https:\/\/staging.venturacounty.gov\/human-services-agency\/es\/disaster-resources\/toolkit\/\" class=\"elementor-sub-item\" tabindex=\"-1\">Recursos<\/a><\/li>\n\t<\/ul>\n<\/li>\n\t<li class=\"menu-item menu-item-type-post_type menu-item-object-page menu-item-392306\"><a href=\"https:\/\/staging.venturacounty.gov\/human-services-agency\/es\/hsa-alert\/\" class=\"elementor-sub-item\" tabindex=\"-1\">Alertas HSA<\/a><\/li>\n<\/ul>\n<\/li>\n<li class=\"menu-item menu-item-type-post_type menu-item-object-page menu-item-has-children menu-item-395487\"><a href=\"https:\/\/staging.venturacounty.gov\/human-services-agency\/es\/hsa-news\/\" class=\"elementor-item\" tabindex=\"-1\">Noticias y eventos<\/a>\n<ul class=\"sub-menu elementor-nav-menu--dropdown\">\n\t<li class=\"menu-item menu-item-type-post_type menu-item-object-page menu-item-396380\"><a href=\"https:\/\/staging.venturacounty.gov\/human-services-agency\/es\/about-human-services-agency\/events\/\" class=\"elementor-sub-item\" tabindex=\"-1\">Eventos<\/a><\/li>\n\t<li class=\"menu-item menu-item-type-post_type menu-item-object-page menu-item-395290\"><a href=\"https:\/\/staging.venturacounty.gov\/human-services-agency\/es\/hsa-news\/\" class=\"elementor-sub-item\" tabindex=\"-1\">Boletines electr\u00f3nicos de HSA<\/a><\/li>\n\t<li class=\"menu-item menu-item-type-post_type menu-item-object-page menu-item-395488\"><a href=\"https:\/\/staging.venturacounty.gov\/human-services-agency\/es\/social-media\/\" class=\"elementor-sub-item\" tabindex=\"-1\">Redes sociales de la HSA<\/a><\/li>\n\t<li class=\"menu-item menu-item-type-post_type menu-item-object-page menu-item-395489\"><a href=\"https:\/\/staging.venturacounty.gov\/human-services-agency\/es\/media\/\" class=\"elementor-sub-item\" tabindex=\"-1\">Informaci\u00f3n para los medios<\/a><\/li>\n<\/ul>\n<\/li>\n<li class=\"menu-item menu-item-type-post_type menu-item-object-page menu-item-392307\"><a href=\"https:\/\/staging.venturacounty.gov\/human-services-agency\/es\/hsa-contact-us\/\" class=\"elementor-item\" tabindex=\"-1\">Contactar con HSA<\/a><\/li>\n<\/ul>\t\t\t<\/nav>\n\t\t\t\t\t\t<\/div>\n\t\t\t\t<\/div>\n\t\t<div class=\"elementor-element elementor-element-0e8fc3e e-flex e-con-boxed e-con e-child\" data-id=\"0e8fc3e\" data-element_type=\"container\" data-settings=\"{&quot;jet_parallax_layout_list&quot;:[]}\">\n\t\t\t\t\t<div class=\"e-con-inner\">\n\t\t\t\t<div class=\"elementor-element elementor-element-9d43a2b elementor-widget elementor-widget-heading\" data-id=\"9d43a2b\" data-element_type=\"widget\" data-widget_type=\"heading.default\">\n\t\t\t\t<div class=\"elementor-widget-container\">\n\t\t\t\t\t<h1 class=\"elementor-heading-title elementor-size-default\">How to Report Income or Changes<\/h1>\t\t\t\t<\/div>\n\t\t\t\t<\/div>\n\t\t\t\t\t<\/div>\n\t\t\t\t<\/div>\n\t\t<div class=\"elementor-element elementor-element-f46f47c e-flex e-con-boxed e-con e-child\" data-id=\"f46f47c\" data-element_type=\"container\" data-settings=\"{&quot;jet_parallax_layout_list&quot;:[]}\">\n\t\t\t\t\t<div class=\"e-con-inner\">\n\t\t\t\t<div class=\"elementor-element elementor-element-a366237 elementor-widget elementor-widget-heading\" data-id=\"a366237\" data-element_type=\"widget\" data-widget_type=\"heading.default\">\n\t\t\t\t<div class=\"elementor-widget-container\">\n\t\t\t\t\t<h2 class=\"elementor-heading-title elementor-size-default\">3 formas de declarar ingresos o cambios<\/h2>\t\t\t\t<\/div>\n\t\t\t\t<\/div>\n\t\t<div class=\"elementor-element elementor-element-c1e97da e-flex e-con-boxed e-con e-child\" data-id=\"c1e97da\" data-element_type=\"container\" data-settings=\"{&quot;jet_parallax_layout_list&quot;:[]}\">\n\t\t\t\t\t<div class=\"e-con-inner\">\n\t\t\t\t<div class=\"elementor-element elementor-element-a3fa786 elementor-widget elementor-widget-text-editor\" data-id=\"a3fa786\" data-element_type=\"widget\" data-widget_type=\"text-editor.default\">\n\t\t\t\t<div class=\"elementor-widget-container\">\n\t\t\t\t\t\t\t\t\t<h6><strong>Realice cambios en l\u00ednea en BenefitsCal.com\u00a0<\/strong><\/h6><p><strong><a href=\"https:\/\/www.BenefitsCal.com\" target=\"_blank\" rel=\"noopener\" data-uw-rm-brl=\"PR\" data-uw-original-href=\"http:\/\/www.benefitscal.com\/\">BeneficiosCal.com<\/a><\/strong> facilita el acceso desde tel\u00e9fonos m\u00f3viles, tabletas y ordenadores. Puede:<\/p><ul style=\"font-size: 15px;background-color: #ffffff\"><li>Comprobar el estado de su caso<\/li><li>Obtener los importes actuales de las prestaciones<\/li><li>Compruebe las fechas de renovaci\u00f3n y renueve las prestaciones<\/li><li>Consultar su saldo de prestaciones<\/li><li>Env\u00ede una foto de su verificaci\u00f3n<\/li><li>Localizar el Centro de Servicios Comunitarios de la Agencia de Servicios Humanos m\u00e1s cercana<\/li><li>Consultar su saldo de prestaciones<\/li><li>Env\u00ede una foto de su verificaci\u00f3n<br \/><br \/><\/li><\/ul><h6><strong style=\"font-size: 16px\">Call or Fax Your Changes to HSA<\/strong><\/h6><div><p>Para hablar con alguien sobre cambios en sus ingresos, direcci\u00f3n o situaci\u00f3n familiar, llame al 888-472-4463 de lunes a viernes, de 8.00 a 17.00 horas, o env\u00ede sus cambios por fax al 805-658-4530.<\/p><\/div>\t\t\t\t\t\t\t\t<\/div>\n\t\t\t\t<\/div>\n\t\t<div class=\"elementor-element elementor-element-3d35f6b e-flex e-con-boxed e-con e-child\" data-id=\"3d35f6b\" data-element_type=\"container\" data-settings=\"{&quot;jet_parallax_layout_list&quot;:[]}\">\n\t\t\t\t\t<div class=\"e-con-inner\">\n\t\t\t\t<div class=\"elementor-element elementor-element-ce61788 elementor-widget elementor-widget-text-editor\" data-id=\"ce61788\" data-element_type=\"widget\" data-widget_type=\"text-editor.default\">\n\t\t\t\t<div class=\"elementor-widget-container\">\n\t\t\t\t\t\t\t\t\t<h6><strong>Enviar cambios a trav\u00e9s del portal para clientes de HSA<\/strong><\/h6><p><strong>VCSubmit: <\/strong><span style=\"text-align: var(--text-align)\">Puede presentar documentos y enviar mensajes de correo electr\u00f3nico a trav\u00e9s de nuestro portal de clientes para ayudar a cumplir los requisitos de las prestaciones CalWORKs, CalFresh, Medi-Cal, General Relief y CAPI. Aqu\u00ed le explicamos c\u00f3mo:<\/span><\/p><ul><li>Ir a <strong><a href=\"http:\/\/HSA.VenturaCounty.gov\/submit\" target=\"_blank\" rel=\"noopener noreferrer\" aria-label=\"vchsa.org\/submit - se abre en una nueva pesta\u00f1a\" data-uw-rm-ext-link=\"\" data-uw-rm-brl=\"PR\" data-uw-original-href=\"https:\/\/vchsa.org\/csd-submit\/form\/en\">HSA.VenturaCounty.gov\/submit<\/a><\/strong><\/li><li>\u00a0Complete the online form<\/li><li>\u00a0Haga una foto o escanee el documento<\/li><li>\u00a0Upload the photo or PDF<\/li><li>\u00a0Pulsa enviar<\/li><\/ul>\t\t\t\t\t\t\t\t<\/div>\n\t\t\t\t<\/div>\n\t\t\t\t\t<\/div>\n\t\t\t\t<\/div>\n\t\t\t\t\t<\/div>\n\t\t\t\t<\/div>\n\t\t\t\t\t<\/div>\n\t\t\t\t<\/div>\n\t\t\t\t\t<\/div>\n\t\t\t\t<\/div>\n\t\t\t\t<\/div>","protected":false},"excerpt":{"rendered":"<p>How to Report Income or Changes 3 Ways to Report Income or Changes Make Changes Online at BenefitsCal.com\u00a0 BenefitsCal.com provides easy access from mobile phones, tablets and computers. You can: [&hellip;]<\/p>\n","protected":false},"author":7,"featured_media":0,"parent":392285,"menu_order":0,"comment_status":"closed","ping_status":"closed","template":"","meta":{"_relevanssi_hide_post":"","_relevanssi_hide_content":"","_relevanssi_pin_for_all":"","_relevanssi_pin_keywords":"","_relevanssi_unpin_keywords":"","_relevanssi_related_keywords":"","_relevanssi_related_include_ids":"","_relevanssi_related_exclude_ids":"","_relevanssi_related_no_append":"","_relevanssi_related_not_related":"","_relevanssi_related_posts":"","_relevanssi_noindex_reason":"","footnotes":""},"categories":[9],"tags":[],"class_list":["post-392317","page","type-page","status-publish","hentry","category-hsa"],"publishpress_future_action":{"enabled":false,"date":"2026-05-03 18:56:05","action":"change-status","newStatus":"draft","terms":[],"taxonomy":"category","extraData":[]},"publishpress_future_workflow_manual_trigger":{"enabledWorkflows":[]},"_links":{"self":[{"href":"https:\/\/staging.venturacounty.gov\/human-services-agency\/es\/wp-json\/wp\/v2\/pages\/392317","targetHints":{"allow":["GET"]}}],"collection":[{"href":"https:\/\/staging.venturacounty.gov\/human-services-agency\/es\/wp-json\/wp\/v2\/pages"}],"about":[{"href":"https:\/\/staging.venturacounty.gov\/human-services-agency\/es\/wp-json\/wp\/v2\/types\/page"}],"author":[{"embeddable":true,"href":"https:\/\/staging.venturacounty.gov\/human-services-agency\/es\/wp-json\/wp\/v2\/users\/7"}],"replies":[{"embeddable":true,"href":"https:\/\/staging.venturacounty.gov\/human-services-agency\/es\/wp-json\/wp\/v2\/comments?post=392317"}],"version-history":[{"count":0,"href":"https:\/\/staging.venturacounty.gov\/human-services-agency\/es\/wp-json\/wp\/v2\/pages\/392317\/revisions"}],"up":[{"embeddable":true,"href":"https:\/\/staging.venturacounty.gov\/human-services-agency\/es\/wp-json\/wp\/v2\/pages\/392285"}],"wp:attachment":[{"href":"https:\/\/staging.venturacounty.gov\/human-services-agency\/es\/wp-json\/wp\/v2\/media?parent=392317"}],"wp:term":[{"taxonomy":"category","embeddable":true,"href":"https:\/\/staging.venturacounty.gov\/human-services-agency\/es\/wp-json\/wp\/v2\/categories?post=392317"},{"taxonomy":"post_tag","embeddable":true,"href":"https:\/\/staging.venturacounty.gov\/human-services-agency\/es\/wp-json\/wp\/v2\/tags?post=392317"}],"curies":[{"name":"wp","href":"https:\/\/api.w.org\/{rel}","templated":true}]}}