{"id":96,"date":"2023-07-18T20:23:53","date_gmt":"2023-07-18T20:23:53","guid":{"rendered":"https:\/\/staging.venturacounty.gov\/harbor-department\/?page_id=96"},"modified":"2023-07-18T20:25:15","modified_gmt":"2023-07-18T20:25:15","slug":"contact-us","status":"publish","type":"page","link":"https:\/\/staging.venturacounty.gov\/harbor-department\/es\/contact-us\/","title":{"rendered":"P\u00f3ngase en contacto con nosotros"},"content":{"rendered":"<div data-elementor-type=\"wp-page\" data-elementor-id=\"96\" class=\"elementor elementor-96\" data-elementor-post-type=\"page\">\n\t\t\t\t<div class=\"elementor-element elementor-element-211bf85 e-flex e-con-boxed e-con e-parent\" data-id=\"211bf85\" data-element_type=\"container\">\n\t\t\t\t\t<div class=\"e-con-inner\">\n\t\t<div class=\"elementor-element elementor-element-1239e6f e-flex e-con-boxed e-con e-child\" data-id=\"1239e6f\" data-element_type=\"container\">\n\t\t\t\t\t<div class=\"e-con-inner\">\n\t\t<div class=\"elementor-element elementor-element-5a60040 e-flex e-con-boxed e-con e-child\" data-id=\"5a60040\" data-element_type=\"container\" data-settings=\"{&quot;background_background&quot;:&quot;classic&quot;}\">\n\t\t\t\t\t<div class=\"e-con-inner\">\n\t\t<div class=\"elementor-element elementor-element-a7293dd e-flex e-con-boxed e-con e-child\" data-id=\"a7293dd\" data-element_type=\"container\" data-settings=\"{&quot;background_background&quot;:&quot;classic&quot;}\">\n\t\t\t\t\t<div class=\"e-con-inner\">\n\t\t<div class=\"elementor-element elementor-element-dc6e9cd e-flex e-con-boxed e-con e-child\" data-id=\"dc6e9cd\" data-element_type=\"container\" data-settings=\"{&quot;background_background&quot;:&quot;classic&quot;}\">\n\t\t\t\t\t<div class=\"e-con-inner\">\n\t\t\t\t<div class=\"elementor-element elementor-element-ee60f99 elementor-widget elementor-widget-image\" data-id=\"ee60f99\" data-element_type=\"widget\" data-widget_type=\"image.default\">\n\t\t\t\t<div class=\"elementor-widget-container\">\n\t\t\t\t\t\t\t\t\t\t\t\t\t\t\t\t<a href=\"\/harbor-department\/es\/harbor-department\/\">\n\t\t\t\t\t\t\t<img decoding=\"async\" width=\"357\" height=\"75\" src=\"https:\/\/staging.venturacounty.gov\/harbor-department\/wp-content\/uploads\/sites\/14\/2023\/07\/harbor-dept-header.png\" class=\"attachment-large size-large wp-image-70\" alt=\"Harbor Dept Header\" srcset=\"https:\/\/staging.venturacounty.gov\/harbor-department\/wp-content\/uploads\/sites\/14\/2023\/07\/harbor-dept-header.png 357w, https:\/\/staging.venturacounty.gov\/harbor-department\/wp-content\/uploads\/sites\/14\/2023\/07\/harbor-dept-header-300x63.png 300w\" sizes=\"(max-width: 357px) 100vw, 357px\" \/>\t\t\t\t\t\t\t\t<\/a>\n\t\t\t\t\t\t\t\t\t\t\t\t\t\t\t<\/div>\n\t\t\t\t<\/div>\n\t\t\t\t\t<\/div>\n\t\t\t\t<\/div>\n\t\t\t\t\t<\/div>\n\t\t\t\t<\/div>\n\t\t\t\t\t<\/div>\n\t\t\t\t<\/div>\n\t\t\t\t\t<\/div>\n\t\t\t\t<\/div>\n\t\t\t\t\t<\/div>\n\t\t\t\t<\/div>\n\t\t<div class=\"elementor-element elementor-element-3645d9c e-flex e-con-boxed e-con e-parent\" data-id=\"3645d9c\" data-element_type=\"container\" data-settings=\"{&quot;background_background&quot;:&quot;classic&quot;}\">\n\t\t\t\t\t<div class=\"e-con-inner\">\n\t\t\t\t<div class=\"elementor-element elementor-element-0996bc0 elementor-nav-menu--dropdown-tablet elementor-nav-menu__text-align-aside elementor-nav-menu--toggle elementor-nav-menu--burger elementor-widget elementor-widget-nav-menu\" data-id=\"0996bc0\" data-element_type=\"widget\" data-settings=\"{&quot;layout&quot;:&quot;horizontal&quot;,&quot;submenu_icon&quot;:{&quot;value&quot;:&quot;&lt;i class=\\&quot;fas fa-caret-down\\&quot;&gt;&lt;\\\/i&gt;&quot;,&quot;library&quot;:&quot;fa-solid&quot;},&quot;toggle&quot;:&quot;burger&quot;}\" data-widget_type=\"nav-menu.default\">\n\t\t\t\t<div class=\"elementor-widget-container\">\n\t\t\t\t\t\t\t\t<nav aria-label=\"Men\u00fa\" class=\"elementor-nav-menu--main elementor-nav-menu__container elementor-nav-menu--layout-horizontal e--pointer-underline e--animation-fade\">\n\t\t\t\t<ul id=\"menu-1-0996bc0\" class=\"elementor-nav-menu\"><li class=\"menu-item menu-item-type-custom menu-item-object-custom menu-item-72\"><a href=\"\/harbor-department\/es\/harbor-department\/\" class=\"elementor-item\">Departamento Portuario<\/a><\/li>\n<li class=\"menu-item menu-item-type-post_type menu-item-object-page menu-item-84\"><a href=\"https:\/\/staging.venturacounty.gov\/harbor-department\/es\/mission-statement\/\" class=\"elementor-item\">Misi\u00f3n<\/a><\/li>\n<li class=\"menu-item menu-item-type-post_type menu-item-object-page menu-item-87\"><a href=\"https:\/\/staging.venturacounty.gov\/harbor-department\/es\/harbor-patrol\/\" class=\"elementor-item\">Patrulla portuaria<\/a><\/li>\n<li class=\"menu-item menu-item-type-post_type menu-item-object-page menu-item-90\"><a href=\"https:\/\/staging.venturacounty.gov\/harbor-department\/es\/maintenance\/\" class=\"elementor-item\">Mantenimiento<\/a><\/li>\n<li class=\"menu-item menu-item-type-post_type menu-item-object-page menu-item-98\"><a href=\"https:\/\/staging.venturacounty.gov\/harbor-department\/es\/beaches\/\" class=\"elementor-item\">Playas<\/a><\/li>\n<li class=\"menu-item menu-item-type-custom menu-item-object-custom menu-item-77\"><a target=\"_blank\" href=\"https:\/\/www.channelislandsharbor.org\/\" class=\"elementor-item\">Visite el puerto de Channel Islands<\/a><\/li>\n<li class=\"menu-item menu-item-type-post_type menu-item-object-page menu-item-97\"><a href=\"https:\/\/staging.venturacounty.gov\/harbor-department\/es\/contact-us\/\" class=\"elementor-item\">P\u00f3ngase en contacto con nosotros<\/a><\/li>\n<\/ul>\t\t\t<\/nav>\n\t\t\t\t\t<div class=\"elementor-menu-toggle\" role=\"button\" tabindex=\"0\" aria-label=\"Men\u00fa Toggle\" aria-expanded=\"false\">\n\t\t\t<i aria-hidden=\"true\" role=\"presentation\" class=\"elementor-menu-toggle__icon--open eicon-menu-bar\"><\/i><i aria-hidden=\"true\" role=\"presentation\" class=\"elementor-menu-toggle__icon--close eicon-close\"><\/i>\t\t<\/div>\n\t\t\t\t\t<nav class=\"elementor-nav-menu--dropdown elementor-nav-menu__container\" aria-hidden=\"true\">\n\t\t\t\t<ul id=\"menu-2-0996bc0\" class=\"elementor-nav-menu\"><li class=\"menu-item menu-item-type-custom menu-item-object-custom menu-item-72\"><a href=\"\/harbor-department\/es\/harbor-department\/\" class=\"elementor-item\" tabindex=\"-1\">Departamento Portuario<\/a><\/li>\n<li class=\"menu-item menu-item-type-post_type menu-item-object-page menu-item-84\"><a href=\"https:\/\/staging.venturacounty.gov\/harbor-department\/es\/mission-statement\/\" class=\"elementor-item\" tabindex=\"-1\">Misi\u00f3n<\/a><\/li>\n<li class=\"menu-item menu-item-type-post_type menu-item-object-page menu-item-87\"><a href=\"https:\/\/staging.venturacounty.gov\/harbor-department\/es\/harbor-patrol\/\" class=\"elementor-item\" tabindex=\"-1\">Patrulla portuaria<\/a><\/li>\n<li class=\"menu-item menu-item-type-post_type menu-item-object-page menu-item-90\"><a href=\"https:\/\/staging.venturacounty.gov\/harbor-department\/es\/maintenance\/\" class=\"elementor-item\" tabindex=\"-1\">Mantenimiento<\/a><\/li>\n<li class=\"menu-item menu-item-type-post_type menu-item-object-page menu-item-98\"><a href=\"https:\/\/staging.venturacounty.gov\/harbor-department\/es\/beaches\/\" class=\"elementor-item\" tabindex=\"-1\">Playas<\/a><\/li>\n<li class=\"menu-item menu-item-type-custom menu-item-object-custom menu-item-77\"><a target=\"_blank\" href=\"https:\/\/www.channelislandsharbor.org\/\" class=\"elementor-item\" tabindex=\"-1\">Visite el puerto de Channel Islands<\/a><\/li>\n<li class=\"menu-item menu-item-type-post_type menu-item-object-page menu-item-97\"><a href=\"https:\/\/staging.venturacounty.gov\/harbor-department\/es\/contact-us\/\" class=\"elementor-item\" tabindex=\"-1\">P\u00f3ngase en contacto con nosotros<\/a><\/li>\n<\/ul>\t\t\t<\/nav>\n\t\t\t\t\t\t<\/div>\n\t\t\t\t<\/div>\n\t\t\t\t\t<\/div>\n\t\t\t\t<\/div>\n\t\t<div class=\"elementor-element elementor-element-22f0a88 e-flex e-con-boxed e-con e-parent\" data-id=\"22f0a88\" data-element_type=\"container\">\n\t\t\t\t\t<div class=\"e-con-inner\">\n\t\t<div class=\"elementor-element elementor-element-76f0a4e e-flex e-con-boxed e-con e-child\" data-id=\"76f0a4e\" data-element_type=\"container\">\n\t\t\t\t\t<div class=\"e-con-inner\">\n\t\t<div class=\"elementor-element elementor-element-f901091 e-con-full e-flex e-con e-child\" data-id=\"f901091\" data-element_type=\"container\">\n\t\t\t\t<div class=\"elementor-element elementor-element-f334ae1 elementor-widget elementor-widget-heading\" data-id=\"f334ae1\" data-element_type=\"widget\" data-widget_type=\"heading.default\">\n\t\t\t\t<div class=\"elementor-widget-container\">\n\t\t\t\t\t<h2 class=\"elementor-heading-title elementor-size-default\">P\u00f3ngase en contacto con nosotros<\/h2>\t\t\t\t<\/div>\n\t\t\t\t<\/div>\n\t\t\t\t<div class=\"elementor-element elementor-element-18d04c5 elementor-widget elementor-widget-text-editor\" data-id=\"18d04c5\" data-element_type=\"widget\" data-widget_type=\"text-editor.default\">\n\t\t\t\t<div class=\"elementor-widget-container\">\n\t\t\t\t\t\t\t\t\t<p><strong>Departamento Portuario<\/strong><\/p><p><strong>Director de departamento<br role=\"presentation\" data-uw-rm-sr=\"\" \/><\/strong>Michael Tripp<\/p><p><strong>Tel\u00e9fono<\/strong><br role=\"presentation\" data-uw-rm-sr=\"\" \/>(805) 973-5950<\/p><p><strong>FAX<\/strong><br role=\"presentation\" data-uw-rm-sr=\"\" \/>(805) 382-3015<\/p><p><strong>Patrulla portuaria<\/strong><\/p><p><strong>Tel\u00e9fono<br role=\"presentation\" data-uw-rm-sr=\"\" \/><\/strong>(805) 973-5959<\/p><p><strong>Emergencia<br role=\"presentation\" data-uw-rm-sr=\"\" \/><\/strong>(805) 382-3000<\/p><p><strong>Mantenimiento del puerto<\/strong><\/p><p><strong>Tel\u00e9fono<br role=\"presentation\" data-uw-rm-sr=\"\" \/><\/strong>(805) 382-3016<\/p><p><strong>FAX<\/strong><br role=\"presentation\" data-uw-rm-sr=\"\" \/>(805) 382-3015<\/p><p>Si tiene comentarios o preguntas, p\u00f3ngase en contacto con\u00a0<a href=\"mailto:CIHarborVisitors@ventura.org\" aria-label=\"env\u00ede un correo electr\u00f3nico a CIHarborVisitors@ventura.org\" data-uw-rm-vglnk=\"\">CIHarborVisitors@ventura.org<\/a><\/p>\t\t\t\t\t\t\t\t<\/div>\n\t\t\t\t<\/div>\n\t\t\t\t<\/div>\n\t\t\t\t<div class=\"elementor-element elementor-element-b2b1d39 elementor-widget__width-initial elementor-widget elementor-widget-image\" data-id=\"b2b1d39\" data-element_type=\"widget\" data-widget_type=\"image.default\">\n\t\t\t\t<div class=\"elementor-widget-container\">\n\t\t\t\t\t\t\t\t\t\t\t\t\t\t\t<img fetchpriority=\"high\" decoding=\"async\" width=\"800\" height=\"534\" src=\"https:\/\/staging.venturacounty.gov\/harbor-department\/wp-content\/uploads\/sites\/14\/2023\/07\/ChannelIslandsHarbor_0011-1-1024x683.jpg\" class=\"attachment-large size-large wp-image-80\" alt=\"Channel Island Harbor\" srcset=\"https:\/\/staging.venturacounty.gov\/harbor-department\/wp-content\/uploads\/sites\/14\/2023\/07\/ChannelIslandsHarbor_0011-1-1024x683.jpg 1024w, https:\/\/staging.venturacounty.gov\/harbor-department\/wp-content\/uploads\/sites\/14\/2023\/07\/ChannelIslandsHarbor_0011-1-300x200.jpg 300w, https:\/\/staging.venturacounty.gov\/harbor-department\/wp-content\/uploads\/sites\/14\/2023\/07\/ChannelIslandsHarbor_0011-1-768x512.jpg 768w, https:\/\/staging.venturacounty.gov\/harbor-department\/wp-content\/uploads\/sites\/14\/2023\/07\/ChannelIslandsHarbor_0011-1.jpg 1200w\" sizes=\"(max-width: 800px) 100vw, 800px\" \/>\t\t\t\t\t\t\t\t\t\t\t\t\t\t\t<\/div>\n\t\t\t\t<\/div>\n\t\t\t\t\t<\/div>\n\t\t\t\t<\/div>\n\t\t\t\t\t<\/div>\n\t\t\t\t<\/div>\n\t\t\t\t<\/div>","protected":false},"excerpt":{"rendered":"<p>Contacto Departamento Portuario Director del DepartamentoMichael Tripp Tel\u00e9fono(805) 973-5950 FAX(805) 382-3015 Patrulla Portuaria Tel\u00e9fono(805) 973-5959 Urgencias(805) 382-3000 Mantenimiento Portuario Tel\u00e9fono(805) 382-3016 FAX(805) 382-3015 Comentarios o preguntas contactar: CIHarborVisitors@ventura.org<\/p>","protected":false},"author":5,"featured_media":0,"parent":0,"menu_order":0,"comment_status":"closed","ping_status":"closed","template":"","meta":{"_relevanssi_hide_post":"","_relevanssi_hide_content":"","_relevanssi_pin_for_all":"","_relevanssi_pin_keywords":"","_relevanssi_unpin_keywords":"","_relevanssi_related_keywords":"","_relevanssi_related_include_ids":"","_relevanssi_related_exclude_ids":"","_relevanssi_related_no_append":"","_relevanssi_related_not_related":"","_relevanssi_related_posts":"","_relevanssi_noindex_reason":"","footnotes":""},"categories":[],"tags":[],"class_list":["post-96","page","type-page","status-publish","hentry"],"_links":{"self":[{"href":"https:\/\/staging.venturacounty.gov\/harbor-department\/es\/wp-json\/wp\/v2\/pages\/96","targetHints":{"allow":["GET"]}}],"collection":[{"href":"https:\/\/staging.venturacounty.gov\/harbor-department\/es\/wp-json\/wp\/v2\/pages"}],"about":[{"href":"https:\/\/staging.venturacounty.gov\/harbor-department\/es\/wp-json\/wp\/v2\/types\/page"}],"author":[{"embeddable":true,"href":"https:\/\/staging.venturacounty.gov\/harbor-department\/es\/wp-json\/wp\/v2\/users\/5"}],"replies":[{"embeddable":true,"href":"https:\/\/staging.venturacounty.gov\/harbor-department\/es\/wp-json\/wp\/v2\/comments?post=96"}],"version-history":[{"count":0,"href":"https:\/\/staging.venturacounty.gov\/harbor-department\/es\/wp-json\/wp\/v2\/pages\/96\/revisions"}],"wp:attachment":[{"href":"https:\/\/staging.venturacounty.gov\/harbor-department\/es\/wp-json\/wp\/v2\/media?parent=96"}],"wp:term":[{"taxonomy":"category","embeddable":true,"href":"https:\/\/staging.venturacounty.gov\/harbor-department\/es\/wp-json\/wp\/v2\/categories?post=96"},{"taxonomy":"post_tag","embeddable":true,"href":"https:\/\/staging.venturacounty.gov\/harbor-department\/es\/wp-json\/wp\/v2\/tags?post=96"}],"curies":[{"name":"wp","href":"https:\/\/api.w.org\/{rel}","templated":true}]}}