{"id":98,"date":"2023-07-15T07:37:45","date_gmt":"2023-07-15T07:37:45","guid":{"rendered":"https:\/\/staging.venturacounty.gov\/?page_id=98"},"modified":"2025-07-21T23:05:02","modified_gmt":"2025-07-21T23:05:02","slug":"downloadable-forms","status":"publish","type":"page","link":"https:\/\/staging.venturacounty.gov\/es\/government\/downloadable-forms\/","title":{"rendered":"Formularios descargables"},"content":{"rendered":"<div data-elementor-type=\"wp-page\" data-elementor-id=\"98\" class=\"elementor elementor-98\" data-elementor-post-type=\"page\">\n\t\t\t\t<div class=\"elementor-element elementor-element-363cae5 e-flex e-con-boxed e-con e-parent\" data-id=\"363cae5\" data-element_type=\"container\" data-e-type=\"container\">\n\t\t\t\t\t<div class=\"e-con-inner\">\n\t\t<div class=\"elementor-element elementor-element-7ae7644 e-flex e-con-boxed e-con e-child\" data-id=\"7ae7644\" data-element_type=\"container\" data-e-type=\"container\">\n\t\t\t\t\t<div class=\"e-con-inner\">\n\t\t<div class=\"elementor-element elementor-element-b137974 e-flex e-con-boxed e-con e-child\" data-id=\"b137974\" data-element_type=\"container\" data-e-type=\"container\">\n\t\t\t\t\t<div class=\"e-con-inner\">\n\t\t<div class=\"elementor-element elementor-element-22ed49d e-flex e-con-boxed e-con e-child\" data-id=\"22ed49d\" data-element_type=\"container\" data-e-type=\"container\" data-settings=\"{&quot;background_background&quot;:&quot;classic&quot;}\">\n\t\t\t\t\t<div class=\"e-con-inner\">\n\t\t<div class=\"elementor-element elementor-element-e600d0e e-flex e-con-boxed e-con e-child\" data-id=\"e600d0e\" data-element_type=\"container\" data-e-type=\"container\" data-settings=\"{&quot;background_background&quot;:&quot;classic&quot;}\">\n\t\t\t\t\t<div class=\"e-con-inner\">\n\t\t<div class=\"elementor-element elementor-element-e013e44 e-flex e-con-boxed e-con e-child\" data-id=\"e013e44\" data-element_type=\"container\" data-e-type=\"container\" data-settings=\"{&quot;background_background&quot;:&quot;classic&quot;}\">\n\t\t\t\t\t<div class=\"e-con-inner\">\n\t\t\t\t<div class=\"elementor-element elementor-element-a54e374 elementor-widget elementor-widget-image\" data-id=\"a54e374\" data-element_type=\"widget\" data-e-type=\"widget\" data-widget_type=\"image.default\">\n\t\t\t\t<div class=\"elementor-widget-container\">\n\t\t\t\t\t\t\t\t\t\t\t\t\t\t\t\t<a href=\"\/government\/\">\n\t\t\t\t\t\t\t<img decoding=\"async\" width=\"357\" height=\"75\" src=\"https:\/\/staging.venturacounty.gov\/wp-content\/uploads\/2023\/07\/government-header.png\" class=\"attachment-large size-large wp-image-84\" alt=\"Government Header\" srcset=\"https:\/\/staging.venturacounty.gov\/wp-content\/uploads\/2023\/07\/government-header.png 357w, https:\/\/staging.venturacounty.gov\/wp-content\/uploads\/2023\/07\/government-header-300x63.png 300w\" sizes=\"(max-width: 357px) 100vw, 357px\" \/>\t\t\t\t\t\t\t\t<\/a>\n\t\t\t\t\t\t\t\t\t\t\t\t\t\t\t<\/div>\n\t\t\t\t<\/div>\n\t\t\t\t\t<\/div>\n\t\t\t\t<\/div>\n\t\t\t\t\t<\/div>\n\t\t\t\t<\/div>\n\t\t\t\t\t<\/div>\n\t\t\t\t<\/div>\n\t\t\t\t\t<\/div>\n\t\t\t\t<\/div>\n\t\t\t\t\t<\/div>\n\t\t\t\t<\/div>\n\t\t\t\t\t<\/div>\n\t\t\t\t<\/div>\n\t\t<div class=\"elementor-element elementor-element-949f6f1 e-flex e-con-boxed e-con e-parent\" data-id=\"949f6f1\" data-element_type=\"container\" data-e-type=\"container\">\n\t\t\t\t\t<div class=\"e-con-inner\">\n\t\t<div class=\"elementor-element elementor-element-5e31600 e-flex e-con-boxed e-con e-child\" data-id=\"5e31600\" data-element_type=\"container\" data-e-type=\"container\">\n\t\t\t\t\t<div class=\"e-con-inner\">\n\t\t\t\t<div class=\"elementor-element elementor-element-da475d8 elementor-nav-menu--dropdown-tablet elementor-nav-menu__text-align-aside elementor-nav-menu--toggle elementor-nav-menu--burger elementor-widget elementor-widget-nav-menu\" data-id=\"da475d8\" data-element_type=\"widget\" data-e-type=\"widget\" data-settings=\"{&quot;layout&quot;:&quot;horizontal&quot;,&quot;submenu_icon&quot;:{&quot;value&quot;:&quot;&lt;i class=\\&quot;fas fa-caret-down\\&quot;&gt;&lt;\\\/i&gt;&quot;,&quot;library&quot;:&quot;fa-solid&quot;},&quot;toggle&quot;:&quot;burger&quot;}\" data-widget_type=\"nav-menu.default\">\n\t\t\t\t<div class=\"elementor-widget-container\">\n\t\t\t\t\t\t\t\t<nav aria-label=\"Men\u00fa\" class=\"elementor-nav-menu--main elementor-nav-menu__container elementor-nav-menu--layout-horizontal e--pointer-background e--animation-fade\">\n\t\t\t\t<ul id=\"menu-1-da475d8\" class=\"elementor-nav-menu\"><li class=\"menu-item menu-item-type-post_type menu-item-object-page menu-item-108\"><a href=\"https:\/\/staging.venturacounty.gov\/es\/government\/\" class=\"elementor-item\">Gobierno<\/a><\/li>\n<li class=\"menu-item menu-item-type-post_type menu-item-object-page menu-item-107\"><a href=\"https:\/\/staging.venturacounty.gov\/es\/business-services\/\" class=\"elementor-item\">Servicios a empresas<\/a><\/li>\n<li class=\"menu-item menu-item-type-post_type menu-item-object-page menu-item-110\"><a href=\"https:\/\/staging.venturacounty.gov\/es\/environment\/\" class=\"elementor-item\">Medio ambiente<\/a><\/li>\n<li class=\"menu-item menu-item-type-post_type menu-item-object-page menu-item-119\"><a href=\"https:\/\/staging.venturacounty.gov\/es\/health-and-human-services\/\" class=\"elementor-item\">Sanidad y Servicios Humanos<\/a><\/li>\n<li class=\"menu-item menu-item-type-post_type menu-item-object-page menu-item-118\"><a href=\"https:\/\/staging.venturacounty.gov\/es\/emergency-services\/\" class=\"elementor-item\">Servicios de emergencia<\/a><\/li>\n<li class=\"menu-item menu-item-type-post_type menu-item-object-page menu-item-117\"><a href=\"https:\/\/staging.venturacounty.gov\/es\/residents\/\" class=\"elementor-item\">Residentes<\/a><\/li>\n<li class=\"menu-item menu-item-type-post_type menu-item-object-page menu-item-121\"><a href=\"https:\/\/staging.venturacounty.gov\/es\/visitors\/\" class=\"elementor-item\">Visitantes<\/a><\/li>\n<li class=\"menu-item menu-item-type-post_type menu-item-object-page menu-item-123\"><a href=\"https:\/\/staging.venturacounty.gov\/es\/government\/email-us\/\" class=\"elementor-item\">Contacte con nosotros<\/a><\/li>\n<\/ul>\t\t\t<\/nav>\n\t\t\t\t\t<div class=\"elementor-menu-toggle\" role=\"button\" tabindex=\"0\" aria-label=\"Men\u00fa Toggle\" aria-expanded=\"false\">\n\t\t\t<i aria-hidden=\"true\" role=\"presentation\" class=\"elementor-menu-toggle__icon--open eicon-menu-bar\"><\/i><i aria-hidden=\"true\" role=\"presentation\" class=\"elementor-menu-toggle__icon--close eicon-close\"><\/i>\t\t<\/div>\n\t\t\t\t\t<nav class=\"elementor-nav-menu--dropdown elementor-nav-menu__container\" aria-hidden=\"true\">\n\t\t\t\t<ul id=\"menu-2-da475d8\" class=\"elementor-nav-menu\"><li class=\"menu-item menu-item-type-post_type menu-item-object-page menu-item-108\"><a href=\"https:\/\/staging.venturacounty.gov\/es\/government\/\" class=\"elementor-item\" tabindex=\"-1\">Gobierno<\/a><\/li>\n<li class=\"menu-item menu-item-type-post_type menu-item-object-page menu-item-107\"><a href=\"https:\/\/staging.venturacounty.gov\/es\/business-services\/\" class=\"elementor-item\" tabindex=\"-1\">Servicios a empresas<\/a><\/li>\n<li class=\"menu-item menu-item-type-post_type menu-item-object-page menu-item-110\"><a href=\"https:\/\/staging.venturacounty.gov\/es\/environment\/\" class=\"elementor-item\" tabindex=\"-1\">Medio ambiente<\/a><\/li>\n<li class=\"menu-item menu-item-type-post_type menu-item-object-page menu-item-119\"><a href=\"https:\/\/staging.venturacounty.gov\/es\/health-and-human-services\/\" class=\"elementor-item\" tabindex=\"-1\">Sanidad y Servicios Humanos<\/a><\/li>\n<li class=\"menu-item menu-item-type-post_type menu-item-object-page menu-item-118\"><a href=\"https:\/\/staging.venturacounty.gov\/es\/emergency-services\/\" class=\"elementor-item\" tabindex=\"-1\">Servicios de emergencia<\/a><\/li>\n<li class=\"menu-item menu-item-type-post_type menu-item-object-page menu-item-117\"><a href=\"https:\/\/staging.venturacounty.gov\/es\/residents\/\" class=\"elementor-item\" tabindex=\"-1\">Residentes<\/a><\/li>\n<li class=\"menu-item menu-item-type-post_type menu-item-object-page menu-item-121\"><a href=\"https:\/\/staging.venturacounty.gov\/es\/visitors\/\" class=\"elementor-item\" tabindex=\"-1\">Visitantes<\/a><\/li>\n<li class=\"menu-item menu-item-type-post_type menu-item-object-page menu-item-123\"><a href=\"https:\/\/staging.venturacounty.gov\/es\/government\/email-us\/\" class=\"elementor-item\" tabindex=\"-1\">Contacte con nosotros<\/a><\/li>\n<\/ul>\t\t\t<\/nav>\n\t\t\t\t\t\t<\/div>\n\t\t\t\t<\/div>\n\t\t\t\t\t<\/div>\n\t\t\t\t<\/div>\n\t\t\t\t\t<\/div>\n\t\t\t\t<\/div>\n\t\t<div class=\"elementor-element elementor-element-1749d3b e-flex e-con-boxed e-con e-parent\" data-id=\"1749d3b\" data-element_type=\"container\" data-e-type=\"container\">\n\t\t\t\t\t<div class=\"e-con-inner\">\n\t\t<div class=\"elementor-element elementor-element-6b629a0 e-flex e-con-boxed e-con e-child\" data-id=\"6b629a0\" data-element_type=\"container\" data-e-type=\"container\">\n\t\t\t\t\t<div class=\"e-con-inner\">\n\t\t\t\t<div class=\"elementor-element elementor-element-a17999d elementor-widget elementor-widget-heading\" data-id=\"a17999d\" data-element_type=\"widget\" data-e-type=\"widget\" data-widget_type=\"heading.default\">\n\t\t\t\t<div class=\"elementor-widget-container\">\n\t\t\t\t\t<h1 class=\"elementor-heading-title elementor-size-default\">Formularios descargables<\/h1>\t\t\t\t<\/div>\n\t\t\t\t<\/div>\n\t\t\t\t<div class=\"elementor-element elementor-element-a9c3409 elementor-widget elementor-widget-text-editor\" data-id=\"a9c3409\" data-element_type=\"widget\" data-e-type=\"widget\" data-widget_type=\"text-editor.default\">\n\t\t\t\t<div class=\"elementor-widget-container\">\n\t\t\t\t\t\t\t\t\t<p>NOTA: Todos los formularios est\u00e1n en formato PDF a menos que se indique lo contrario.<\/p>\t\t\t\t\t\t\t\t<\/div>\n\t\t\t\t<\/div>\n\t\t\t\t<div class=\"elementor-element elementor-element-4f0cb74 elementor-widget elementor-widget-text-editor\" data-id=\"4f0cb74\" data-element_type=\"widget\" data-e-type=\"widget\" data-widget_type=\"text-editor.default\">\n\t\t\t\t<div class=\"elementor-widget-container\">\n\t\t\t\t\t\t\t\t\t<p><strong>SECRETARIO DE LA JUNTA<\/strong><\/p><ul class=\"arrow-list\"><li><a href=\"http:\/\/www.venturacounty.gov\/oaa\" target=\"_blank\" rel=\"noopener noreferrer\" aria-label=\"Solicitud de recurso de evaluaci\u00f3nAcrobatReader - opens in new tab\" data-uw-rm-ext-link=\"\" data-uw-pdf-br=\"1\" data-uw-pdf-doc=\"\">Solicitud de recurso<\/a><\/li><li><a href=\"http:\/\/www.venturacounty.gov\/bccapplication\" target=\"_blank\" rel=\"noopener noreferrer\" aria-label=\"Cita previa Aplicaci\u00f3nAcrobatReader - se abre en una pesta\u00f1a nueva\" data-uw-rm-ext-link=\"\" data-uw-pdf-br=\"1\" data-uw-pdf-doc=\"\">Solicitud de cita previa<\/a><\/li><li><a href=\"https:\/\/vcportal.venturacounty.gov\/CEO\/COB\/docs\/Authorization_of_Agent_or_Designation_of_Attorney.pdf\" target=\"_blank\" rel=\"noopener noreferrer\" aria-label=\"Autorizaci\u00f3n de Agente \/ Designaci\u00f3n de ApoderadoAcrobatReader - opens in new tab\" data-uw-rm-ext-link=\"\" data-uw-pdf-br=\"1\" data-uw-pdf-doc=\"\">Autorizaci\u00f3n de agente \/ Designaci\u00f3n de abogado<\/a><\/li><li><a href=\"https:\/\/vcportal.venturacounty.gov\/CEO\/COB\/docs\/Claims_Summons.pdf\" target=\"_blank\" rel=\"noopener noreferrer\" aria-label=\"Reclamaci\u00f3n de da\u00f1os y perjuicios contra el CondadoAcrobatReader - opens in new tab\" data-uw-rm-ext-link=\"\" data-uw-pdf-br=\"1\" data-uw-pdf-doc=\"\">Reclamaci\u00f3n de da\u00f1os y perjuicios contra el Condado<\/a><\/li><li><a href=\"https:\/\/www.fppc.ca.gov\/Form700.html#title0\" target=\"_blank\" rel=\"noopener noreferrer\" aria-label=\"Declaraci\u00f3n de Intereses Econ\u00f3micos - Formulario 700&quot;&quot; - se abre en una pesta\u00f1a nueva\" data-uw-rm-ext-link=\"\">Declaraci\u00f3n de intereses econ\u00f3micos - Formulario 700<\/a><\/li><li><a href=\"https:\/\/s44345.pcdn.co\/wp-content\/uploads\/2023\/06\/Withdrawal-of-Assessment-Appeal-03-2016.pdf\" target=\"_blank\" rel=\"noopener noreferrer\" aria-label=\"Retirada del recurso de evaluaci\u00f3nAcrobatReader - opens in new tab\" data-uw-rm-ext-link=\"\" data-uw-pdf-br=\"1\" data-uw-pdf-doc=\"\">Retirada del recurso de evaluaci\u00f3n<\/a><\/li><\/ul>\t\t\t\t\t\t\t\t<\/div>\n\t\t\t\t<\/div>\n\t\t\t\t<div class=\"elementor-element elementor-element-4b27ad8 elementor-widget elementor-widget-text-editor\" data-id=\"4b27ad8\" data-element_type=\"widget\" data-e-type=\"widget\" data-widget_type=\"text-editor.default\">\n\t\t\t\t<div class=\"elementor-widget-container\">\n\t\t\t\t\t\t\t\t\t<strong>GRAN JURADO<\/strong>\n<ul class=\"arrow-list\">\n \t<li><a href=\"https:\/\/vcportal.venturacounty.gov\/GDJ\/docs\/complaint.pdf\" target=\"_blank\" rel=\"noopener noreferrer\" aria-label=\"Formulario de reclamaci\u00f3nAcrobatReader - opens in new tab\" data-uw-rm-ext-link=\"\" data-uw-pdf-br=\"1\" data-uw-pdf-doc=\"\">Formulario de reclamaci\u00f3n<\/a><\/li>\n \t<li><a href=\"https:\/\/vcportal.venturacounty.gov\/GDJ\/docs\/complaint_sp.pdf\" target=\"_blank\" rel=\"noopener noreferrer\" aria-label=\"Formulario de reclamaci\u00f3n (espa\u00f1ol)AcrobatReader - opens in new tab\" data-uw-rm-ext-link=\"\" data-uw-pdf-br=\"1\" data-uw-pdf-doc=\"\">Formulario de reclamaci\u00f3n (espa\u00f1ol)<\/a><\/li>\n \t<li><a href=\"https:\/\/vcportal.venturacounty.gov\/GDJ\/docs\/Application_for_Civil_Grand_Jury_2025-2026_-_Fillable_v01.pdf\" target=\"_blank\" rel=\"noopener noreferrer\" aria-label=\"Solicitud del Gran JuradoAcrobatReader - opens in new tab\" data-uw-rm-ext-link=\"\" data-uw-pdf-br=\"1\" data-uw-pdf-doc=\"\">Solicitud del Gran Jurado<\/a><\/li>\n<\/ul>\t\t\t\t\t\t\t\t<\/div>\n\t\t\t\t<\/div>\n\t\t\t\t<div class=\"elementor-element elementor-element-bbccb9e elementor-widget elementor-widget-text-editor\" data-id=\"bbccb9e\" data-element_type=\"widget\" data-e-type=\"widget\" data-widget_type=\"text-editor.default\">\n\t\t\t\t<div class=\"elementor-widget-container\">\n\t\t\t\t\t\t\t\t\t<p><strong>AGENCIA DE SERVICIOS GENERALES<\/strong><\/p><p><strong>Departamento de Parques<\/strong><\/p><ul class=\"arrow-list\"><li><a href=\"https:\/\/vcportal.venturacounty.gov\/GSA\/parksdepartment\/docs\/ParkingCitationReviewForm.pdf\" target=\"_blank\" rel=\"noopener noreferrer\" aria-label=\"Parking Citation Review FormAcrobatReader - opens in new tab\" data-uw-rm-ext-link=\"\" data-uw-pdf-br=\"1\" data-uw-pdf-doc=\"\">Formulario de revisi\u00f3n de multas de aparcamiento<\/a><\/li><li><a href=\"https:\/\/vcportal.venturacounty.gov\/GSA\/parksdepartment\/docs\/InstParkingCitationReviewForm.pdf\" target=\"_blank\" rel=\"noopener noreferrer\" aria-label=\"Parking Citation Review Form InstructionsAcrobatReader - opens in new tab\" data-uw-rm-ext-link=\"\" data-uw-pdf-br=\"1\" data-uw-pdf-doc=\"\">Instrucciones para el formulario de revisi\u00f3n de multas de aparcamiento<\/a><\/li><li><a href=\"https:\/\/staging.venturacounty.gov\/parks-department\/wp-content\/uploads\/sites\/24\/2023\/07\/VenturaCountyParksHostApplication-04.11.22.pdf\" target=\"_blank\" rel=\"noopener noreferrer\" aria-label=\"Park Host ApplicationAcrobatReader - se abre en una pesta\u00f1a nueva\" data-uw-rm-ext-link=\"\" data-uw-pdf-br=\"1\" data-uw-pdf-doc=\"\">Solicitud de acogida en un parque<\/a><\/li><\/ul><p><strong>Servicios de flota<\/strong><\/p><ul class=\"arrow-list\"><li><a href=\"https:\/\/staging.venturacounty.gov\/general-services-agency\/accident-citizen-complaints\/\" rel=\"noopener\">\u00bfQu\u00e9 tal conducimos?<\/a><\/li><\/ul>\t\t\t\t\t\t\t\t<\/div>\n\t\t\t\t<\/div>\n\t\t\t\t<div class=\"elementor-element elementor-element-c0f651d elementor-widget elementor-widget-text-editor\" data-id=\"c0f651d\" data-element_type=\"widget\" data-e-type=\"widget\" data-widget_type=\"text-editor.default\">\n\t\t\t\t<div class=\"elementor-widget-container\">\n\t\t\t\t\t\t\t\t\t<p><strong>AGENCIA DE OBRAS P\u00daBLICAS<\/strong><\/p><p><strong>Gesti\u00f3n de escombros de construcci\u00f3n y demolici\u00f3n<\/strong><\/p><ul class=\"arrow-list\"><li><a href=\"https:\/\/www.publicworks.venturacounty.gov\/wsd\/iwmd\/construction\/#Debris-Management\" target=\"_blank\" rel=\"noopener noreferrer\" aria-label=\"Formulario B - Plan de reciclaje - opens in new tab\" data-uw-rm-ext-link=\"\">Formulario B - Plan de reciclaje<\/a><\/li><li><a href=\"https:\/\/www.publicworks.venturacounty.gov\/wsd\/iwmd\/construction\/#Debris-Management\" target=\"_blank\" rel=\"noopener noreferrer\" aria-label=\"Formulario C - Formulario de notificaci\u00f3n - opens in new tab\" data-uw-rm-ext-link=\"\">Formulario C - Formulario de notificaci\u00f3n<\/a><\/li><\/ul><p><strong>Departamento de Servicios de Ingenier\u00eda<\/strong><\/p><ul class=\"arrow-list\"><li><a href=\"http:\/\/pwaportal.venturacounty.gov\/ESD\/ESD\/docs\/SF330_form_Part_II.pdf\" target=\"_blank\" rel=\"noopener noreferrer\" aria-label=\"T\u00edtulos de Arquitecto-Ingeniero - T\u00edtulos generalesAcrobatReader - opens in new tab\" data-uw-rm-ext-link=\"\" data-uw-pdf-br=\"1\" data-uw-pdf-doc=\"\">Cualificaciones de arquitecto-ingeniero - Cualificaciones generales<\/a><\/li><li><a href=\"https:\/\/www.publicworks.venturacounty.gov\/es\/contracting\/#1531868106725-2552f77d-0184\" target=\"_blank\" rel=\"noopener noreferrer\" aria-label=\"Oportunidades de contrataci\u00f3n para consultores - opens in new tab\" data-uw-rm-ext-link=\"\">Oportunidades de contrataci\u00f3n para consultores<\/a><\/li><\/ul><p><strong>Formularios para top\u00f3grafos<\/strong><\/p><ul class=\"arrow-list\"><li><a href=\"https:\/\/publicworks.venturacounty.gov\/wp-content\/uploads\/2023\/04\/Certificate-of-Compliance-Application-Rev_07-23.pdf\" target=\"_blank\" rel=\"noopener noreferrer\" aria-label=\"Acuerdo de reembolso del Certificado de Conformidad\/Formulario de solicitudAcrobatReader - opens in new tab\" data-uw-rm-ext-link=\"\" data-uw-pdf-br=\"1\" data-uw-pdf-doc=\"\">Acuerdo de reembolso del Certificado de Conformidad\/Formulario de solicitud<\/a><\/li><li><a href=\"https:\/\/vcportal.venturacounty.gov\/PWA\/forms\/CERTIFICATE_OF_CORRECTION.pdf\" target=\"_blank\" rel=\"noopener noreferrer\" aria-label=\"Certificado de Correcci\u00f3n Acuerdo de ReembolsoAcrobatReader - opens in new tab\" data-uw-rm-ext-link=\"\" data-uw-pdf-br=\"1\" data-uw-pdf-doc=\"\">Certificado de correcci\u00f3n Acuerdo de reembolso<\/a><\/li><li><a href=\"https:\/\/vcportal.venturacounty.gov\/PWA\/forms\/CORNER_RECORD.pdf\" target=\"_blank\" rel=\"noopener noreferrer\" aria-label=\"Formulario de registro de esquinaAcrobatReader - opens in new tab\" data-uw-rm-ext-link=\"\" data-uw-pdf-br=\"1\" data-uw-pdf-doc=\"\">Formulario de registro de esquina<\/a><\/li><li><a href=\"https:\/\/vcportal.venturacounty.gov\/PWA\/forms\/ISSUANCE_OF_PARCEL_MAP_NUMBER_OR_TRACT_NUMBER.pdf\" target=\"_blank\" rel=\"noopener noreferrer\" aria-label=\"Issuance of Tract and Parcel Map Number Form (PW-66)AcrobatReader - opens in new tab\" data-uw-rm-ext-link=\"\" data-uw-pdf-br=\"1\" data-uw-pdf-doc=\"\">Formulario de emisi\u00f3n del n\u00famero de mapa de parcela (PW-66)<\/a><\/li><li><a href=\"https:\/\/vcportal.venturacounty.gov\/PWA\/forms\/PRELIMINARY_LEGAL_LOT_DETERMINATION.pdf\" target=\"_blank\" rel=\"noopener noreferrer\" aria-label=\"Preliminary Legal Lot Determination Reimbursement AgreementAcrobatReader - opens in new tab\" data-uw-rm-ext-link=\"\" data-uw-pdf-br=\"1\" data-uw-pdf-doc=\"\">Acuerdo de reembolso para la determinaci\u00f3n preliminar de la parcela legal<\/a><\/li><\/ul><p><strong>Departamento de Agua y Saneamiento<\/strong><\/p><ul class=\"arrow-list\"><li><a href=\"https:\/\/vcportal.venturacounty.gov\/PWA\/forms\/District_1_Procedure_sheet_for_Commercial_Projects.pdf\" target=\"_blank\" rel=\"noopener noreferrer\" aria-label=\"Hoja de procedimiento del Distrito 1 para el desarrollo comercialAcrobatReader - se abre en una pesta\u00f1a nueva\" data-uw-rm-ext-link=\"\" data-uw-pdf-br=\"1\" data-uw-pdf-doc=\"\">Hoja de procedimiento del Distrito 1 para el desarrollo comercial<\/a><\/li><li><a href=\"https:\/\/vcportal.venturacounty.gov\/PWA\/forms\/District_1_Procedure_sheet_for_Developers.pdf\" target=\"_blank\" rel=\"noopener noreferrer\" aria-label=\"Hoja de Procedimiento del Distrito 1 para el Desarrollo de TractosAcrobatReader - opens in new tab\" data-uw-rm-ext-link=\"\" data-uw-pdf-br=\"1\" data-uw-pdf-doc=\"\">Hoja de Procedimiento del Distrito 1 para el Desarrollo de Tractos<\/a><\/li><li><a href=\"https:\/\/vcportal.venturacounty.gov\/PWA\/forms\/District_1_Procedure_sheet_for_Single_Family_Projects.pdf\" target=\"_blank\" rel=\"noopener noreferrer\" aria-label=\"Hoja de procedimiento del Distrito 1 para proyectos residenciales unifamiliaresAcrobatReader - se abre en una pesta\u00f1a nueva\" data-uw-rm-ext-link=\"\" data-uw-pdf-br=\"1\" data-uw-pdf-doc=\"\">Hoja de procedimiento del Distrito 1 para proyectos de viviendas unifamiliares<\/a><\/li><li><a href=\"https:\/\/vcportal.venturacounty.gov\/PWA\/forms\/District_17_Procedure_sheet_for_Single_Family_Projects.pdf\" target=\"_blank\" rel=\"noopener noreferrer\" aria-label=\"Hoja de procedimiento del Distrito 17 para proyectos residenciales unifamiliaresAcrobatReader - se abre en una pesta\u00f1a nueva\" data-uw-rm-ext-link=\"\" data-uw-pdf-br=\"1\" data-uw-pdf-doc=\"\">Hoja de procedimiento del Distrito 17 para proyectos de viviendas unifamiliares<\/a><\/li><li><a href=\"https:\/\/vcportal.venturacounty.gov\/PWA\/forms\/District_19_Procedure_sheet_for_Single_Family_Projects.pdf\" target=\"_blank\" rel=\"noopener noreferrer\" aria-label=\"Hoja de procedimiento del Distrito 19 para proyectos residenciales unifamiliaresAcrobatReader - se abre en una pesta\u00f1a nueva\" data-uw-rm-ext-link=\"\" data-uw-pdf-br=\"1\" data-uw-pdf-doc=\"\">Hoja de procedimiento del Distrito 19 para proyectos de viviendas unifamiliares<\/a><\/li><li><a href=\"https:\/\/vcportal.venturacounty.gov\/PWA\/forms\/District_38_Procedure_sheet_for_Single_Family_Projects.pdf\" target=\"_blank\" rel=\"noopener noreferrer\" aria-label=\"LSCSD Hoja de Procedimiento para Proyectos Residenciales UnifamiliaresAcrobatReader - opens in new tab\" data-uw-rm-ext-link=\"\" data-uw-pdf-br=\"1\" data-uw-pdf-doc=\"\">Hoja de procedimiento del LSCSD para proyectos residenciales unifamiliares<\/a><\/li><li><a href=\"https:\/\/vcportal.venturacounty.gov\/PWA\/forms\/CSA_29_Procedure_Sheet_for_Will_Serve_Letter.pdf\" target=\"_blank\" rel=\"noopener noreferrer\" aria-label=\"CSA 29 Hoja de procedimiento para la carta de voluntad de servirAcrobatReader - opens in new tab\" data-uw-rm-ext-link=\"\" data-uw-pdf-br=\"1\" data-uw-pdf-doc=\"\">CSA 29 Hoja de procedimiento para la carta de notificaci\u00f3n de voluntades<\/a><\/li><li><a href=\"https:\/\/vcportal.venturacounty.gov\/PWA\/forms\/CMWD_Notice_to_Builders_2013.pdf\" target=\"_blank\" rel=\"noopener noreferrer\" aria-label=\"Aviso del CMWD a los constructoresAcrobatReader - opens in new tab\" data-uw-rm-ext-link=\"\" data-uw-pdf-br=\"1\" data-uw-pdf-doc=\"\">Aviso del CMWD a los constructores<\/a><\/li><li><a href=\"https:\/\/vcportal.venturacounty.gov\/PWA\/forms\/CONST_PERMIT_CHECKLIST_1.pdf\" target=\"_blank\" rel=\"noopener noreferrer\" aria-label=\"Lista de control de permisos de construcci\u00f3nAcrobatReader - opens in new tab\" data-uw-rm-ext-link=\"\" data-uw-pdf-br=\"1\" data-uw-pdf-doc=\"\">Lista de control de permisos de construcci\u00f3n<\/a><\/li><\/ul>\t\t\t\t\t\t\t\t<\/div>\n\t\t\t\t<\/div>\n\t\t\t\t\t<\/div>\n\t\t\t\t<\/div>\n\t\t\t\t\t<\/div>\n\t\t\t\t<\/div>\n\t\t\t\t<\/div>","protected":false},"excerpt":{"rendered":"<p>\/*! elementor &#8211; v3.15.0 &#8211; 20-08-2023 *\/ .elementor-widget-image{text-align:center}.elementor-widget-image a{display:inline-block}.elementor-widget-image a img[src$=&#8221;.svg&#8221;]{width:48px}.elementor-widget-image img{vertical-align:middle;display:inline-block} \/*! elementor &#8211; v3.15.0 &#8211; 20-08-2023 *\/ .elementor-heading-title{padding:0;margin:0;line-height:1}.elementor-widget-heading .elementor-heading-title[class*=elementor-size-]&gt;a{color:inherit;font-size:inherit;line-height:inherit}.elementor-widget-heading .elementor-heading-title.elementor-size-small{font-size:15px}.elementor-widget-heading .elementor-heading-title.elementor-size-medium{font-size:19px}.elementor-widget-heading .elementor-heading-title.elementor-size-large{font-size:29px}.elementor-widget-heading .elementor-heading-title.elementor-size-xl{font-size:39px}.elementor-widget-heading .elementor-heading-title.elementor-size-xxl{font-size:59px} Downloadable Forms NOTE: All forms are in PDF format unless otherwise noted. CLERK OF THE BOARD Assessment Appeal Application Appointment Application Authorization of Agent \/ Designation of Attorney Claim [&hellip;]<\/p>\n","protected":false},"author":5,"featured_media":0,"parent":95,"menu_order":0,"comment_status":"closed","ping_status":"closed","template":"","meta":{"footnotes":""},"class_list":["post-98","page","type-page","status-publish","hentry"],"_links":{"self":[{"href":"https:\/\/staging.venturacounty.gov\/es\/wp-json\/wp\/v2\/pages\/98","targetHints":{"allow":["GET"]}}],"collection":[{"href":"https:\/\/staging.venturacounty.gov\/es\/wp-json\/wp\/v2\/pages"}],"about":[{"href":"https:\/\/staging.venturacounty.gov\/es\/wp-json\/wp\/v2\/types\/page"}],"author":[{"embeddable":true,"href":"https:\/\/staging.venturacounty.gov\/es\/wp-json\/wp\/v2\/users\/5"}],"replies":[{"embeddable":true,"href":"https:\/\/staging.venturacounty.gov\/es\/wp-json\/wp\/v2\/comments?post=98"}],"version-history":[{"count":0,"href":"https:\/\/staging.venturacounty.gov\/es\/wp-json\/wp\/v2\/pages\/98\/revisions"}],"up":[{"embeddable":true,"href":"https:\/\/staging.venturacounty.gov\/es\/wp-json\/wp\/v2\/pages\/95"}],"wp:attachment":[{"href":"https:\/\/staging.venturacounty.gov\/es\/wp-json\/wp\/v2\/media?parent=98"}],"curies":[{"name":"wp","href":"https:\/\/api.w.org\/{rel}","templated":true}]}}