{"id":393605,"date":"2023-08-22T19:52:53","date_gmt":"2023-08-22T19:52:53","guid":{"rendered":"https:\/\/staging.venturacounty.gov\/?page_id=393605"},"modified":"2025-06-26T18:48:36","modified_gmt":"2025-06-26T18:48:36","slug":"information-technology-committee","status":"publish","type":"page","link":"https:\/\/staging.venturacounty.gov\/es\/government\/information-technology-committee\/","title":{"rendered":"Comit\u00e9 de Tecnolog\u00edas de la Informaci\u00f3n"},"content":{"rendered":"<div data-elementor-type=\"wp-page\" data-elementor-id=\"393605\" class=\"elementor elementor-393605\" data-elementor-post-type=\"page\">\n\t\t\t\t<div class=\"elementor-element elementor-element-363cae5 e-flex e-con-boxed e-con e-parent\" data-id=\"363cae5\" data-element_type=\"container\" data-e-type=\"container\">\n\t\t\t\t\t<div class=\"e-con-inner\">\n\t\t<div class=\"elementor-element elementor-element-7ae7644 e-flex e-con-boxed e-con e-child\" data-id=\"7ae7644\" data-element_type=\"container\" data-e-type=\"container\">\n\t\t\t\t\t<div class=\"e-con-inner\">\n\t\t<div class=\"elementor-element elementor-element-b137974 e-flex e-con-boxed e-con e-child\" data-id=\"b137974\" data-element_type=\"container\" data-e-type=\"container\">\n\t\t\t\t\t<div class=\"e-con-inner\">\n\t\t<div class=\"elementor-element elementor-element-22ed49d e-flex e-con-boxed e-con e-child\" data-id=\"22ed49d\" data-element_type=\"container\" data-e-type=\"container\" data-settings=\"{&quot;background_background&quot;:&quot;classic&quot;}\">\n\t\t\t\t\t<div class=\"e-con-inner\">\n\t\t<div class=\"elementor-element elementor-element-e600d0e e-flex e-con-boxed e-con e-child\" data-id=\"e600d0e\" data-element_type=\"container\" data-e-type=\"container\" data-settings=\"{&quot;background_background&quot;:&quot;classic&quot;}\">\n\t\t\t\t\t<div class=\"e-con-inner\">\n\t\t<div class=\"elementor-element elementor-element-e013e44 e-flex e-con-boxed e-con e-child\" data-id=\"e013e44\" data-element_type=\"container\" data-e-type=\"container\" data-settings=\"{&quot;background_background&quot;:&quot;classic&quot;}\">\n\t\t\t\t\t<div class=\"e-con-inner\">\n\t\t\t\t<div class=\"elementor-element elementor-element-a54e374 elementor-widget elementor-widget-image\" data-id=\"a54e374\" data-element_type=\"widget\" data-e-type=\"widget\" data-widget_type=\"image.default\">\n\t\t\t\t<div class=\"elementor-widget-container\">\n\t\t\t\t\t\t\t\t\t\t\t\t\t\t\t\t<a href=\"\/government\/\">\n\t\t\t\t\t\t\t<img decoding=\"async\" width=\"357\" height=\"75\" src=\"https:\/\/staging.venturacounty.gov\/wp-content\/uploads\/2023\/07\/government-header.png\" class=\"attachment-large size-large wp-image-84\" alt=\"Government Header\" srcset=\"https:\/\/staging.venturacounty.gov\/wp-content\/uploads\/2023\/07\/government-header.png 357w, https:\/\/staging.venturacounty.gov\/wp-content\/uploads\/2023\/07\/government-header-300x63.png 300w\" sizes=\"(max-width: 357px) 100vw, 357px\" \/>\t\t\t\t\t\t\t\t<\/a>\n\t\t\t\t\t\t\t\t\t\t\t\t\t\t\t<\/div>\n\t\t\t\t<\/div>\n\t\t\t\t\t<\/div>\n\t\t\t\t<\/div>\n\t\t\t\t\t<\/div>\n\t\t\t\t<\/div>\n\t\t\t\t\t<\/div>\n\t\t\t\t<\/div>\n\t\t\t\t\t<\/div>\n\t\t\t\t<\/div>\n\t\t\t\t\t<\/div>\n\t\t\t\t<\/div>\n\t\t\t\t\t<\/div>\n\t\t\t\t<\/div>\n\t\t<div class=\"elementor-element elementor-element-949f6f1 e-flex e-con-boxed e-con e-parent\" data-id=\"949f6f1\" data-element_type=\"container\" data-e-type=\"container\">\n\t\t\t\t\t<div class=\"e-con-inner\">\n\t\t<div class=\"elementor-element elementor-element-5e31600 e-flex e-con-boxed e-con e-child\" data-id=\"5e31600\" data-element_type=\"container\" data-e-type=\"container\">\n\t\t\t\t\t<div class=\"e-con-inner\">\n\t\t\t\t<div class=\"elementor-element elementor-element-da475d8 elementor-nav-menu--dropdown-tablet elementor-nav-menu__text-align-aside elementor-nav-menu--toggle elementor-nav-menu--burger elementor-widget elementor-widget-nav-menu\" data-id=\"da475d8\" data-element_type=\"widget\" data-e-type=\"widget\" data-settings=\"{&quot;layout&quot;:&quot;horizontal&quot;,&quot;submenu_icon&quot;:{&quot;value&quot;:&quot;&lt;i class=\\&quot;fas fa-caret-down\\&quot;&gt;&lt;\\\/i&gt;&quot;,&quot;library&quot;:&quot;fa-solid&quot;},&quot;toggle&quot;:&quot;burger&quot;}\" data-widget_type=\"nav-menu.default\">\n\t\t\t\t<div class=\"elementor-widget-container\">\n\t\t\t\t\t\t\t\t<nav aria-label=\"Men\u00fa\" class=\"elementor-nav-menu--main elementor-nav-menu__container elementor-nav-menu--layout-horizontal e--pointer-background e--animation-fade\">\n\t\t\t\t<ul id=\"menu-1-da475d8\" class=\"elementor-nav-menu\"><li class=\"menu-item menu-item-type-post_type menu-item-object-page menu-item-108\"><a href=\"https:\/\/staging.venturacounty.gov\/es\/government\/\" class=\"elementor-item\">Gobierno<\/a><\/li>\n<li class=\"menu-item menu-item-type-post_type menu-item-object-page menu-item-107\"><a href=\"https:\/\/staging.venturacounty.gov\/es\/business-services\/\" class=\"elementor-item\">Servicios a empresas<\/a><\/li>\n<li class=\"menu-item menu-item-type-post_type menu-item-object-page menu-item-110\"><a href=\"https:\/\/staging.venturacounty.gov\/es\/environment\/\" class=\"elementor-item\">Medio ambiente<\/a><\/li>\n<li class=\"menu-item menu-item-type-post_type menu-item-object-page menu-item-119\"><a href=\"https:\/\/staging.venturacounty.gov\/es\/health-and-human-services\/\" class=\"elementor-item\">Sanidad y Servicios Humanos<\/a><\/li>\n<li class=\"menu-item menu-item-type-post_type menu-item-object-page menu-item-118\"><a href=\"https:\/\/staging.venturacounty.gov\/es\/emergency-services\/\" class=\"elementor-item\">Servicios de emergencia<\/a><\/li>\n<li class=\"menu-item menu-item-type-post_type menu-item-object-page menu-item-117\"><a href=\"https:\/\/staging.venturacounty.gov\/es\/residents\/\" class=\"elementor-item\">Residentes<\/a><\/li>\n<li class=\"menu-item menu-item-type-post_type menu-item-object-page menu-item-121\"><a href=\"https:\/\/staging.venturacounty.gov\/es\/visitors\/\" class=\"elementor-item\">Visitantes<\/a><\/li>\n<li class=\"menu-item menu-item-type-post_type menu-item-object-page menu-item-123\"><a href=\"https:\/\/staging.venturacounty.gov\/es\/government\/email-us\/\" class=\"elementor-item\">Contacte con nosotros<\/a><\/li>\n<\/ul>\t\t\t<\/nav>\n\t\t\t\t\t<div class=\"elementor-menu-toggle\" role=\"button\" tabindex=\"0\" aria-label=\"Men\u00fa Toggle\" aria-expanded=\"false\">\n\t\t\t<i aria-hidden=\"true\" role=\"presentation\" class=\"elementor-menu-toggle__icon--open eicon-menu-bar\"><\/i><i aria-hidden=\"true\" role=\"presentation\" class=\"elementor-menu-toggle__icon--close eicon-close\"><\/i>\t\t<\/div>\n\t\t\t\t\t<nav class=\"elementor-nav-menu--dropdown elementor-nav-menu__container\" aria-hidden=\"true\">\n\t\t\t\t<ul id=\"menu-2-da475d8\" class=\"elementor-nav-menu\"><li class=\"menu-item menu-item-type-post_type menu-item-object-page menu-item-108\"><a href=\"https:\/\/staging.venturacounty.gov\/es\/government\/\" class=\"elementor-item\" tabindex=\"-1\">Gobierno<\/a><\/li>\n<li class=\"menu-item menu-item-type-post_type menu-item-object-page menu-item-107\"><a href=\"https:\/\/staging.venturacounty.gov\/es\/business-services\/\" class=\"elementor-item\" tabindex=\"-1\">Servicios a empresas<\/a><\/li>\n<li class=\"menu-item menu-item-type-post_type menu-item-object-page menu-item-110\"><a href=\"https:\/\/staging.venturacounty.gov\/es\/environment\/\" class=\"elementor-item\" tabindex=\"-1\">Medio ambiente<\/a><\/li>\n<li class=\"menu-item menu-item-type-post_type menu-item-object-page menu-item-119\"><a href=\"https:\/\/staging.venturacounty.gov\/es\/health-and-human-services\/\" class=\"elementor-item\" tabindex=\"-1\">Sanidad y Servicios Humanos<\/a><\/li>\n<li class=\"menu-item menu-item-type-post_type menu-item-object-page menu-item-118\"><a href=\"https:\/\/staging.venturacounty.gov\/es\/emergency-services\/\" class=\"elementor-item\" tabindex=\"-1\">Servicios de emergencia<\/a><\/li>\n<li class=\"menu-item menu-item-type-post_type menu-item-object-page menu-item-117\"><a href=\"https:\/\/staging.venturacounty.gov\/es\/residents\/\" class=\"elementor-item\" tabindex=\"-1\">Residentes<\/a><\/li>\n<li class=\"menu-item menu-item-type-post_type menu-item-object-page menu-item-121\"><a href=\"https:\/\/staging.venturacounty.gov\/es\/visitors\/\" class=\"elementor-item\" tabindex=\"-1\">Visitantes<\/a><\/li>\n<li class=\"menu-item menu-item-type-post_type menu-item-object-page menu-item-123\"><a href=\"https:\/\/staging.venturacounty.gov\/es\/government\/email-us\/\" class=\"elementor-item\" tabindex=\"-1\">Contacte con nosotros<\/a><\/li>\n<\/ul>\t\t\t<\/nav>\n\t\t\t\t\t\t<\/div>\n\t\t\t\t<\/div>\n\t\t\t\t\t<\/div>\n\t\t\t\t<\/div>\n\t\t\t\t\t<\/div>\n\t\t\t\t<\/div>\n\t\t<div class=\"elementor-element elementor-element-5a97add e-flex e-con-boxed e-con e-parent\" data-id=\"5a97add\" data-element_type=\"container\" data-e-type=\"container\">\n\t\t\t\t\t<div class=\"e-con-inner\">\n\t\t<div class=\"elementor-element elementor-element-25fc199 e-flex e-con-boxed e-con e-child\" data-id=\"25fc199\" data-element_type=\"container\" data-e-type=\"container\">\n\t\t\t\t\t<div class=\"e-con-inner\">\n\t\t\t\t<div class=\"elementor-element elementor-element-c258a6f elementor-widget elementor-widget-heading\" data-id=\"c258a6f\" data-element_type=\"widget\" data-e-type=\"widget\" data-widget_type=\"heading.default\">\n\t\t\t\t<div class=\"elementor-widget-container\">\n\t\t\t\t\t<h1 class=\"elementor-heading-title elementor-size-default\">Comit\u00e9 de Tecnolog\u00edas de la Informaci\u00f3n<\/h1>\t\t\t\t<\/div>\n\t\t\t\t<\/div>\n\t\t\t\t<div class=\"elementor-element elementor-element-729b9fb elementor-widget-divider--view-line elementor-widget elementor-widget-divider\" data-id=\"729b9fb\" data-element_type=\"widget\" data-e-type=\"widget\" data-widget_type=\"divider.default\">\n\t\t\t\t<div class=\"elementor-widget-container\">\n\t\t\t\t\t\t\t<div class=\"elementor-divider\">\n\t\t\t<span class=\"elementor-divider-separator\">\n\t\t\t\t\t\t<\/span>\n\t\t<\/div>\n\t\t\t\t\t\t<\/div>\n\t\t\t\t<\/div>\n\t\t<div class=\"elementor-element elementor-element-ccd1f02 e-flex e-con-boxed e-con e-child\" data-id=\"ccd1f02\" data-element_type=\"container\" data-e-type=\"container\" data-settings=\"{&quot;background_background&quot;:&quot;classic&quot;}\">\n\t\t\t\t\t<div class=\"e-con-inner\">\n\t\t\t\t<div class=\"elementor-element elementor-element-0702f25 elementor-widget elementor-widget-button\" data-id=\"0702f25\" data-element_type=\"widget\" data-e-type=\"widget\" data-widget_type=\"button.default\">\n\t\t\t\t<div class=\"elementor-widget-container\">\n\t\t\t\t\t\t\t\t\t<div class=\"elementor-button-wrapper\">\n\t\t\t\t\t<a class=\"elementor-button elementor-button-link elementor-size-sm\" href=\"https:\/\/staging.venturacounty.gov\/government\/information-technology-committee-meeting-agendas-minutes\/\">\n\t\t\t\t\t\t<span class=\"elementor-button-content-wrapper\">\n\t\t\t\t\t\t\t\t\t<span class=\"elementor-button-text\">\u00d3rdenes del d\u00eda y documentos de reuni\u00f3n<\/span>\n\t\t\t\t\t<\/span>\n\t\t\t\t\t<\/a>\n\t\t\t\t<\/div>\n\t\t\t\t\t\t\t\t<\/div>\n\t\t\t\t<\/div>\n\t\t\t\t<div class=\"elementor-element elementor-element-497d112 elementor-widget elementor-widget-button\" data-id=\"497d112\" data-element_type=\"widget\" data-e-type=\"widget\" data-widget_type=\"button.default\">\n\t\t\t\t<div class=\"elementor-widget-container\">\n\t\t\t\t\t\t\t\t\t<div class=\"elementor-button-wrapper\">\n\t\t\t\t\t<a class=\"elementor-button elementor-button-link elementor-size-sm\" href=\"https:\/\/staging.venturacounty.gov\/government\/information-technology-committee-public-comments-form\/\">\n\t\t\t\t\t\t<span class=\"elementor-button-content-wrapper\">\n\t\t\t\t\t\t\t\t\t<span class=\"elementor-button-text\">Presentar comentarios p\u00fablicos<\/span>\n\t\t\t\t\t<\/span>\n\t\t\t\t\t<\/a>\n\t\t\t\t<\/div>\n\t\t\t\t\t\t\t\t<\/div>\n\t\t\t\t<\/div>\n\t\t\t\t\t<\/div>\n\t\t\t\t<\/div>\n\t\t<div class=\"elementor-element elementor-element-951cdf2 e-flex e-con-boxed e-con e-child\" data-id=\"951cdf2\" data-element_type=\"container\" data-e-type=\"container\">\n\t\t\t\t\t<div class=\"e-con-inner\">\n\t\t<div class=\"elementor-element elementor-element-933f8c2 e-con-full e-flex e-con e-child\" data-id=\"933f8c2\" data-element_type=\"container\" data-e-type=\"container\">\n\t\t\t\t<div class=\"elementor-element elementor-element-8d2cc32 elementor-widget elementor-widget-text-editor\" data-id=\"8d2cc32\" data-element_type=\"widget\" data-e-type=\"widget\" data-widget_type=\"text-editor.default\">\n\t\t\t\t<div class=\"elementor-widget-container\">\n\t\t\t\t\t\t\t\t\t<p><strong>Pr\u00f3xima reuni\u00f3n:<\/strong>\u00a0<em>25 de enero de 2024<\/em><br role=\"presentation\" data-uw-rm-sr=\"\" \/><strong>Hora:<\/strong>\u00a03<em>:00 pm - 4:30 pm<\/em><br role=\"presentation\" data-uw-rm-sr=\"\" \/><strong>Ubicaci\u00f3n:<\/strong>\u00a0<em>Sal\u00f3n de Justicia, Sala de Conferencias del Pac\u00edfico\u00a0 \u00a0<\/em><\/p><h2 class=\"vc_custom_heading\">Estatutos, composici\u00f3n y misi\u00f3n del CCI<\/h2><p>El ITC fue creado por acci\u00f3n de la Junta de Supervisores el 21 de noviembre de 1995. Los estatutos del CCI, aprobados por la Junta de Supervisores, son los siguientes:<\/p><ul><li>Revisi\u00f3n y presentaci\u00f3n de los planes tecnol\u00f3gicos a largo plazo elaborados por el Departamento de Servicios Inform\u00e1ticos y aprobados por la Oficina Ejecutiva del Condado.<\/li><li>Revisi\u00f3n y presentaci\u00f3n de la Estrategia de Tecnolog\u00eda de la Informaci\u00f3n del Condado preparada por el Departamento de Servicios de TI y aprobada por la Oficina Ejecutiva del Condado.<\/li><li>Revisi\u00f3n de los cambios y adiciones propuestos a las pol\u00edticas, normas y directrices operativas en curso, seg\u00fan lo recomendado por el Departamento de Servicios Inform\u00e1ticos y antes de su publicaci\u00f3n y aplicaci\u00f3n por parte de la Oficina Ejecutiva del Condado.<\/li><\/ul><p>El ITC est\u00e1 formado por once ejecutivos del Condado: dos miembros de la Junta de Supervisores, el Director Ejecutivo del Condado, el Auditor-Controlador, el Fiscal del Distrito, el Sheriff, el Jefe del Distrito de Protecci\u00f3n contra Incendios, el Director de la Agencia de Servicios Humanos, el Director de la Agencia de Gesti\u00f3n de Recursos, el Director de la Agencia de Asistencia Sanitaria y el Director de Informaci\u00f3n.<\/p>\t\t\t\t\t\t\t\t<\/div>\n\t\t\t\t<\/div>\n\t\t\t\t<div class=\"elementor-element elementor-element-9b05092 elementor-widget elementor-widget-heading\" data-id=\"9b05092\" data-element_type=\"widget\" data-e-type=\"widget\" data-widget_type=\"heading.default\">\n\t\t\t\t<div class=\"elementor-widget-container\">\n\t\t\t\t\t<h1 class=\"elementor-heading-title elementor-size-default\">Formularios ITC<\/h1>\t\t\t\t<\/div>\n\t\t\t\t<\/div>\n\t\t\t\t<div class=\"elementor-element elementor-element-aeb0bc6 elementor-icon-list--layout-traditional elementor-list-item-link-full_width elementor-widget elementor-widget-icon-list\" data-id=\"aeb0bc6\" data-element_type=\"widget\" data-e-type=\"widget\" data-widget_type=\"icon-list.default\">\n\t\t\t\t<div class=\"elementor-widget-container\">\n\t\t\t\t\t\t\t<ul class=\"elementor-icon-list-items\">\n\t\t\t\t\t\t\t<li class=\"elementor-icon-list-item\">\n\t\t\t\t\t\t\t\t\t\t\t<a href=\"https:\/\/vcportal.venturacounty.gov\/committees\/itc\/docs\/itc_documents\/2022\/Status%20Report.docx\">\n\n\t\t\t\t\t\t\t\t\t\t\t\t<span class=\"elementor-icon-list-icon\">\n\t\t\t\t\t\t\t<i aria-hidden=\"true\" class=\"fas fa-chevron-right\"><\/i>\t\t\t\t\t\t<\/span>\n\t\t\t\t\t\t\t\t\t\t<span class=\"elementor-icon-list-text\">Informe de situaci\u00f3n del proyecto ITC<\/span>\n\t\t\t\t\t\t\t\t\t\t\t<\/a>\n\t\t\t\t\t\t\t\t\t<\/li>\n\t\t\t\t\t\t\t\t<li class=\"elementor-icon-list-item\">\n\t\t\t\t\t\t\t\t\t\t\t<a href=\"https:\/\/vcportal.venturacounty.gov\/committees\/itc\/docs\/itc_documents\/2022\/Status%20Report%20-%20Instruction%20Sheet.pdf\">\n\n\t\t\t\t\t\t\t\t\t\t\t\t<span class=\"elementor-icon-list-icon\">\n\t\t\t\t\t\t\t<i aria-hidden=\"true\" class=\"fas fa-chevron-right\"><\/i>\t\t\t\t\t\t<\/span>\n\t\t\t\t\t\t\t\t\t\t<span class=\"elementor-icon-list-text\"> Hoja de instrucciones para el informe de situaci\u00f3n del proyecto ITC<\/span>\n\t\t\t\t\t\t\t\t\t\t\t<\/a>\n\t\t\t\t\t\t\t\t\t<\/li>\n\t\t\t\t\t\t\t\t<li class=\"elementor-icon-list-item\">\n\t\t\t\t\t\t\t\t\t\t\t<a href=\"https:\/\/vcportal.venturacounty.gov\/committees\/itc\/docs\/itc_documents\/2022\/Project%20Closure%20Report.docx\">\n\n\t\t\t\t\t\t\t\t\t\t\t\t<span class=\"elementor-icon-list-icon\">\n\t\t\t\t\t\t\t<i aria-hidden=\"true\" class=\"fas fa-chevron-right\"><\/i>\t\t\t\t\t\t<\/span>\n\t\t\t\t\t\t\t\t\t\t<span class=\"elementor-icon-list-text\">Informe de cierre del proyecto ITC<\/span>\n\t\t\t\t\t\t\t\t\t\t\t<\/a>\n\t\t\t\t\t\t\t\t\t<\/li>\n\t\t\t\t\t\t\t\t<li class=\"elementor-icon-list-item\">\n\t\t\t\t\t\t\t\t\t\t\t<a href=\"https:\/\/vcportal.venturacounty.gov\/committees\/itc\/docs\/itc_documents\/2022\/Project%20Closure%20Report%20Instruction%20Sheet.pdf\">\n\n\t\t\t\t\t\t\t\t\t\t\t\t<span class=\"elementor-icon-list-icon\">\n\t\t\t\t\t\t\t<i aria-hidden=\"true\" class=\"fas fa-chevron-right\"><\/i>\t\t\t\t\t\t<\/span>\n\t\t\t\t\t\t\t\t\t\t<span class=\"elementor-icon-list-text\">Hoja de instrucciones para el informe de cierre del proyecto ITC<\/span>\n\t\t\t\t\t\t\t\t\t\t\t<\/a>\n\t\t\t\t\t\t\t\t\t<\/li>\n\t\t\t\t\t\t\t\t<li class=\"elementor-icon-list-item\">\n\t\t\t\t\t\t\t\t\t\t\t<a href=\"https:\/\/vcportal.venturacounty.gov\/committees\/itc\/docs\/itc_documents\/2023\/IPAQ.docx\">\n\n\t\t\t\t\t\t\t\t\t\t\t\t<span class=\"elementor-icon-list-icon\">\n\t\t\t\t\t\t\t<i aria-hidden=\"true\" class=\"fas fa-chevron-right\"><\/i>\t\t\t\t\t\t<\/span>\n\t\t\t\t\t\t\t\t\t\t<span class=\"elementor-icon-list-text\"> IPAQ - Cuestionario de evaluaci\u00f3n de proyectos inform\u00e1ticos<\/span>\n\t\t\t\t\t\t\t\t\t\t\t<\/a>\n\t\t\t\t\t\t\t\t\t<\/li>\n\t\t\t\t\t\t\t\t<li class=\"elementor-icon-list-item\">\n\t\t\t\t\t\t\t\t\t\t\t<a href=\"https:\/\/vcportal.venturacounty.gov\/committees\/itc\/docs\/itc_documents\/2023\/IPAQ%20Instruction%20Sheet.pdf\">\n\n\t\t\t\t\t\t\t\t\t\t\t\t<span class=\"elementor-icon-list-icon\">\n\t\t\t\t\t\t\t<i aria-hidden=\"true\" class=\"fas fa-chevron-right\"><\/i>\t\t\t\t\t\t<\/span>\n\t\t\t\t\t\t\t\t\t\t<span class=\"elementor-icon-list-text\"> IPAQ - Cuestionario de evaluaci\u00f3n de proyectos inform\u00e1ticos Hoja de instrucciones<\/span>\n\t\t\t\t\t\t\t\t\t\t\t<\/a>\n\t\t\t\t\t\t\t\t\t<\/li>\n\t\t\t\t\t\t<\/ul>\n\t\t\t\t\t\t<\/div>\n\t\t\t\t<\/div>\n\t\t\t\t<\/div>\n\t\t<div class=\"elementor-element elementor-element-4e6cb44 e-flex e-con-boxed e-con e-child\" data-id=\"4e6cb44\" data-element_type=\"container\" data-e-type=\"container\">\n\t\t\t\t\t<div class=\"e-con-inner\">\n\t\t\t\t<div class=\"elementor-element elementor-element-a9fee52 elementor-widget elementor-widget-text-editor\" data-id=\"a9fee52\" data-element_type=\"widget\" data-e-type=\"widget\" data-widget_type=\"text-editor.default\">\n\t\t\t\t<div class=\"elementor-widget-container\">\n\t\t\t\t\t\t\t\t\t<h2 class=\"vc_custom_heading\">Fechas de las reuniones del CCI de 2024<\/h2>\n\n<ul>\n \t<li>25 de enero de 2024<\/li>\n \t<li>25 de abril de 2024<\/li>\n \t<li>25 de julio de 2024<\/li>\n \t<li>24 de octubre de 2024<\/li>\n<\/ul>\n\t\t\t\t\t\t\t\t<\/div>\n\t\t\t\t<\/div>\n\t\t\t\t<div class=\"elementor-element elementor-element-2403563 elementor-widget elementor-widget-text-editor\" data-id=\"2403563\" data-element_type=\"widget\" data-e-type=\"widget\" data-widget_type=\"text-editor.default\">\n\t\t\t\t<div class=\"elementor-widget-container\">\n\t\t\t\t\t\t\t\t\t<h2 class=\"vc_custom_heading\">Miembros y representantes del CCI<\/h2><div class=\"wpb_text_column wpb_content_element\"><div class=\"wpb_wrapper\"><p><strong>Presidente<\/strong>\u00a0-\u00a0<span id=\"cloak43683\"><a href=\"mailto:jeff.gorell@ventura.org\" aria-label=\"env\u00ede un correo electr\u00f3nico a jeff.gorell@ventura.org\" data-uw-rm-vglnk=\"\">Jeff Gorell<\/a><\/span><span id=\"cloak92032\"><\/span><br role=\"presentation\" data-uw-rm-sr=\"\" \/><strong>Vicepresidente<\/strong>\u00a0-\u00a0<span id=\"cloak71460\"><a href=\"mailto:Terry.Theobald@ventura.org\" aria-label=\"env\u00ede un correo electr\u00f3nico a Terry.Theobald@ventura.org\" data-uw-rm-vglnk=\"\">Terry Theobald<\/a><\/span><br role=\"presentation\" data-uw-rm-sr=\"\" \/><strong>Abogado del Condado<\/strong>\u00a0-\u00a0<span id=\"cloak19625\"><a href=\"mailto:tiffany.north@ventura.org\" aria-label=\"env\u00ede un correo electr\u00f3nico a tiffany.north@ventura.org\" data-uw-rm-vglnk=\"\">Tiffany North<\/a><\/span><\/p><p><strong>Miembros:<br role=\"presentation\" data-uw-rm-sr=\"\" \/><\/strong><span id=\"cloak85695\"><a href=\"mailto:janice.parvin@ventura.org\" aria-label=\"env\u00ede un correo electr\u00f3nico a janice.parvin@ventura.org\" data-uw-rm-vglnk=\"\">Janice Parvin<\/a><\/span><br role=\"presentation\" data-uw-rm-sr=\"\" \/><span id=\"cloak69475\"><a href=\"mailto:sevet,johnson@ventura.org\" aria-label=\"env\u00ede un correo electr\u00f3nico a sevet,johnson@ventura.org\" data-uw-rm-vglnk=\"\">Sevet Johnson<\/a><\/span><br role=\"presentation\" data-uw-rm-sr=\"\" \/><span id=\"cloak28180\"><a href=\"mailto:jeffery.burgh@ventura.org\" aria-label=\"env\u00ede un correo electr\u00f3nico a jeffery.burgh@ventura.org\" data-uw-rm-vglnk=\"\">Jeffery Burgh<\/a><\/span><br role=\"presentation\" data-uw-rm-sr=\"\" \/><span id=\"cloak15365\"><a href=\"mailto:dustin.gardner@ventura.org\" aria-label=\"env\u00ede un correo electr\u00f3nico a dustin.gardner@ventura.org\" data-uw-rm-vglnk=\"\">Dustin Gardner<\/a><\/span><br role=\"presentation\" data-uw-rm-sr=\"\" \/><span id=\"cloak43677\"><a href=\"mailto:robert.mullane@ventura.org\" aria-label=\"env\u00ede un correo electr\u00f3nico a Kim.Prillhart@ventura.org\" data-uw-rm-vglnk=\"\">Rob Mullane<\/a><\/span><br role=\"presentation\" data-uw-rm-sr=\"\" \/><span id=\"cloak18937\"><a href=\"mailto:Theresa.Cho@ventura.org\">Theresa Cho<\/a><\/span><br role=\"presentation\" data-uw-rm-sr=\"\" \/><span id=\"cloak43683\"><a href=\"mailto:Roger.Robinson@venturacounty.gov\">Roger Robinson<\/a><br role=\"presentation\" data-uw-rm-sr=\"\" \/><a href=\"mailto:james.fryhoff@ventura.org\" aria-label=\"env\u00ede un correo electr\u00f3nico a james.fryhoff@ventura.org\" data-uw-rm-vglnk=\"\">James Fryhoff<\/a><br role=\"presentation\" data-uw-rm-sr=\"\" \/><a href=\"mailto:Erik.Nasarenko@ventura.org\" aria-label=\"env\u00ede un correo electr\u00f3nico a Erik.Nasarenko@ventura.org\" data-uw-rm-vglnk=\"\">Erik Nasarenko<\/a><br role=\"presentation\" data-uw-rm-sr=\"\" \/><\/span><\/p><p><strong>Representaci\u00f3n de los diputados:<\/strong><br role=\"presentation\" data-uw-rm-sr=\"\" \/><span id=\"cloak52826\"><a href=\"mailto:mike.pettit@ventura.org\" aria-label=\"env\u00ede un correo electr\u00f3nico a mike.pettit@ventura.org\" data-uw-rm-vglnk=\"\">Mike Pettit<\/a><\/span><br role=\"presentation\" data-uw-rm-sr=\"\" \/><span id=\"cloak97478\"><a href=\"mailto:christine.renshaw@ventura.org\" aria-label=\"env\u00ede un correo electr\u00f3nico a christine.renshaw@ventura.org\" data-uw-rm-vglnk=\"\">Christine Renshaw<\/a><br role=\"presentation\" data-uw-rm-sr=\"\" \/><\/span><a href=\"mailto:william.britt@ventura.org\" aria-label=\"env\u00ede un correo electr\u00f3nico a william.britt@ventura.org\" data-uw-rm-vglnk=\"\">William (Sean) Britt<\/a><br role=\"presentation\" data-uw-rm-sr=\"\" \/><a href=\"mailto:Eric.Buschow@ventura.org\" aria-label=\"env\u00ede un correo electr\u00f3nico a Eric.Buschow@ventura.org\" data-uw-rm-vglnk=\"\">Eric Buschow<\/a><br role=\"presentation\" data-uw-rm-sr=\"\" \/><span id=\"cloak76790\"><a href=\"mailto:Michelle.Yamaguchi@ventura.org\" aria-label=\"env\u00ede un correo electr\u00f3nico a Michelle.Yamaguchi@ventura.org\" data-uw-rm-vglnk=\"\">Michelle Yamaguchi<\/a><\/span><br role=\"presentation\" data-uw-rm-sr=\"\" \/><span id=\"cloak4078\"><a href=\"mailto:Jennifer.Orozco@ventura.org\" aria-label=\"env\u00ede un correo electr\u00f3nico a Jennifer.Orozco@ventura.org\" data-uw-rm-vglnk=\"\">Jennifer Orozco<\/a><\/span><br role=\"presentation\" data-uw-rm-sr=\"\" \/><span id=\"cloak79162\"><a href=\"mailto:Jennie.Pittman@ventura.org\" aria-label=\"env\u00ede un correo electr\u00f3nico a Jennie.Pittman@ventura.org\" data-uw-rm-vglnk=\"\">Jennie Pittman<\/a><\/span><br role=\"presentation\" data-uw-rm-sr=\"\" \/><span id=\"cloak7043\"><a href=\"mailto:john.spykerman@ventura.org\" aria-label=\"env\u00ede un correo electr\u00f3nico a john.spykerman@ventura.org\" data-uw-rm-vglnk=\"\">John Spykerman<\/a><\/span><br role=\"presentation\" data-uw-rm-sr=\"\" \/><span id=\"cloak72348\"><a href=\"mailto:bach.nguyen@ventura.org\" aria-label=\"env\u00ede un correo electr\u00f3nico a bach.nguyen@ventura.org\" data-uw-rm-vglnk=\"\">Bach Nguyen<\/a><\/span><br role=\"presentation\" data-uw-rm-sr=\"\" \/><span id=\"cloak72348\"><a href=\"mailto:Chuck.Hughes@ventura.org\" aria-label=\"env\u00ede un correo electr\u00f3nico a Chuck.Hughes@ventura.org\" data-uw-rm-vglnk=\"\">Chuck Hughes<\/a><\/span><\/p><\/div><\/div>\t\t\t\t\t\t\t\t<\/div>\n\t\t\t\t<\/div>\n\t\t\t\t\t<\/div>\n\t\t\t\t<\/div>\n\t\t\t\t\t<\/div>\n\t\t\t\t<\/div>\n\t\t\t\t\t<\/div>\n\t\t\t\t<\/div>\n\t\t\t\t\t<\/div>\n\t\t\t\t<\/div>\n\t\t\t\t<\/div>","protected":false},"excerpt":{"rendered":"<p>Information Technology Committee Agendas and Meeting Documents Submit Public Comments Next Meeting:\u00a0January 25, 2024Time:\u00a03:00 pm \u2013 4:30 pmLocation:\u00a0Hall of Justice, Pacific Conference Room\u00a0 \u00a0 ITC Charter, Make-up, and Mission The ITC was created by action of the Board of Supervisors on November 21, 1995. The ITC charter, as approved by the Board of Supervisors, is [&hellip;]<\/p>\n","protected":false},"author":5,"featured_media":0,"parent":95,"menu_order":0,"comment_status":"closed","ping_status":"closed","template":"","meta":{"footnotes":""},"class_list":["post-393605","page","type-page","status-publish","hentry"],"_links":{"self":[{"href":"https:\/\/staging.venturacounty.gov\/es\/wp-json\/wp\/v2\/pages\/393605","targetHints":{"allow":["GET"]}}],"collection":[{"href":"https:\/\/staging.venturacounty.gov\/es\/wp-json\/wp\/v2\/pages"}],"about":[{"href":"https:\/\/staging.venturacounty.gov\/es\/wp-json\/wp\/v2\/types\/page"}],"author":[{"embeddable":true,"href":"https:\/\/staging.venturacounty.gov\/es\/wp-json\/wp\/v2\/users\/5"}],"replies":[{"embeddable":true,"href":"https:\/\/staging.venturacounty.gov\/es\/wp-json\/wp\/v2\/comments?post=393605"}],"version-history":[{"count":0,"href":"https:\/\/staging.venturacounty.gov\/es\/wp-json\/wp\/v2\/pages\/393605\/revisions"}],"up":[{"embeddable":true,"href":"https:\/\/staging.venturacounty.gov\/es\/wp-json\/wp\/v2\/pages\/95"}],"wp:attachment":[{"href":"https:\/\/staging.venturacounty.gov\/es\/wp-json\/wp\/v2\/media?parent=393605"}],"curies":[{"name":"wp","href":"https:\/\/api.w.org\/{rel}","templated":true}]}}