{"id":229,"date":"2023-08-01T18:05:20","date_gmt":"2023-08-01T18:05:20","guid":{"rendered":"https:\/\/staging.venturacounty.gov\/?page_id=229"},"modified":"2025-06-30T18:09:14","modified_gmt":"2025-06-30T18:09:14","slug":"departments","status":"publish","type":"page","link":"https:\/\/staging.venturacounty.gov\/es\/government\/departments\/","title":{"rendered":"Departamentos"},"content":{"rendered":"<div data-elementor-type=\"wp-page\" data-elementor-id=\"229\" class=\"elementor elementor-229\" data-elementor-post-type=\"page\">\n\t\t\t\t<div class=\"elementor-element elementor-element-363cae5 e-flex e-con-boxed e-con e-parent\" data-id=\"363cae5\" data-element_type=\"container\">\n\t\t\t\t\t<div class=\"e-con-inner\">\n\t\t<div class=\"elementor-element elementor-element-7ae7644 e-flex e-con-boxed e-con e-child\" data-id=\"7ae7644\" data-element_type=\"container\">\n\t\t\t\t\t<div class=\"e-con-inner\">\n\t\t<div class=\"elementor-element elementor-element-b137974 e-flex e-con-boxed e-con e-child\" data-id=\"b137974\" data-element_type=\"container\">\n\t\t\t\t\t<div class=\"e-con-inner\">\n\t\t<div class=\"elementor-element elementor-element-22ed49d e-flex e-con-boxed e-con e-child\" data-id=\"22ed49d\" data-element_type=\"container\" data-settings=\"{&quot;background_background&quot;:&quot;classic&quot;}\">\n\t\t\t\t\t<div class=\"e-con-inner\">\n\t\t<div class=\"elementor-element elementor-element-e600d0e e-flex e-con-boxed e-con e-child\" data-id=\"e600d0e\" data-element_type=\"container\" data-settings=\"{&quot;background_background&quot;:&quot;classic&quot;}\">\n\t\t\t\t\t<div class=\"e-con-inner\">\n\t\t<div class=\"elementor-element elementor-element-e013e44 e-flex e-con-boxed e-con e-child\" data-id=\"e013e44\" data-element_type=\"container\" data-settings=\"{&quot;background_background&quot;:&quot;classic&quot;}\">\n\t\t\t\t\t<div class=\"e-con-inner\">\n\t\t\t\t<div class=\"elementor-element elementor-element-a54e374 elementor-widget elementor-widget-image\" data-id=\"a54e374\" data-element_type=\"widget\" data-widget_type=\"image.default\">\n\t\t\t\t<div class=\"elementor-widget-container\">\n\t\t\t\t\t\t\t\t\t\t\t\t\t\t\t\t<a href=\"\/es\/government\/\">\n\t\t\t\t\t\t\t<img decoding=\"async\" width=\"357\" height=\"75\" src=\"https:\/\/staging.venturacounty.gov\/wp-content\/uploads\/2023\/07\/government-header.png\" class=\"attachment-large size-large wp-image-84\" alt=\"Government\" srcset=\"https:\/\/staging.venturacounty.gov\/wp-content\/uploads\/2023\/07\/government-header.png 357w, https:\/\/staging.venturacounty.gov\/wp-content\/uploads\/2023\/07\/government-header-300x63.png 300w\" sizes=\"(max-width: 357px) 100vw, 357px\" \/>\t\t\t\t\t\t\t\t<\/a>\n\t\t\t\t\t\t\t\t\t\t\t\t\t\t\t<\/div>\n\t\t\t\t<\/div>\n\t\t\t\t\t<\/div>\n\t\t\t\t<\/div>\n\t\t\t\t\t<\/div>\n\t\t\t\t<\/div>\n\t\t\t\t\t<\/div>\n\t\t\t\t<\/div>\n\t\t\t\t\t<\/div>\n\t\t\t\t<\/div>\n\t\t\t\t\t<\/div>\n\t\t\t\t<\/div>\n\t\t\t\t\t<\/div>\n\t\t\t\t<\/div>\n\t\t<div class=\"elementor-element elementor-element-949f6f1 e-flex e-con-boxed e-con e-parent\" data-id=\"949f6f1\" data-element_type=\"container\">\n\t\t\t\t\t<div class=\"e-con-inner\">\n\t\t<div class=\"elementor-element elementor-element-5e31600 e-flex e-con-boxed e-con e-child\" data-id=\"5e31600\" data-element_type=\"container\">\n\t\t\t\t\t<div class=\"e-con-inner\">\n\t\t\t\t<div class=\"elementor-element elementor-element-da475d8 elementor-nav-menu--dropdown-tablet elementor-nav-menu__text-align-aside elementor-nav-menu--toggle elementor-nav-menu--burger elementor-widget elementor-widget-nav-menu\" data-id=\"da475d8\" data-element_type=\"widget\" data-settings=\"{&quot;layout&quot;:&quot;horizontal&quot;,&quot;submenu_icon&quot;:{&quot;value&quot;:&quot;&lt;i class=\\&quot;fas fa-caret-down\\&quot;&gt;&lt;\\\/i&gt;&quot;,&quot;library&quot;:&quot;fa-solid&quot;},&quot;toggle&quot;:&quot;burger&quot;}\" data-widget_type=\"nav-menu.default\">\n\t\t\t\t<div class=\"elementor-widget-container\">\n\t\t\t\t\t\t\t\t<nav aria-label=\"Men\u00fa\" class=\"elementor-nav-menu--main elementor-nav-menu__container elementor-nav-menu--layout-horizontal e--pointer-background e--animation-fade\">\n\t\t\t\t<ul id=\"menu-1-da475d8\" class=\"elementor-nav-menu\"><li class=\"menu-item menu-item-type-post_type menu-item-object-page menu-item-108\"><a href=\"https:\/\/staging.venturacounty.gov\/es\/government\/\" class=\"elementor-item\">Gobierno<\/a><\/li>\n<li class=\"menu-item menu-item-type-post_type menu-item-object-page menu-item-107\"><a href=\"https:\/\/staging.venturacounty.gov\/es\/business-services\/\" class=\"elementor-item\">Servicios a empresas<\/a><\/li>\n<li class=\"menu-item menu-item-type-post_type menu-item-object-page menu-item-110\"><a href=\"https:\/\/staging.venturacounty.gov\/es\/environment\/\" class=\"elementor-item\">Medio ambiente<\/a><\/li>\n<li class=\"menu-item menu-item-type-post_type menu-item-object-page menu-item-119\"><a href=\"https:\/\/staging.venturacounty.gov\/es\/health-and-human-services\/\" class=\"elementor-item\">Sanidad y Servicios Humanos<\/a><\/li>\n<li class=\"menu-item menu-item-type-post_type menu-item-object-page menu-item-118\"><a href=\"https:\/\/staging.venturacounty.gov\/es\/emergency-services\/\" class=\"elementor-item\">Servicios de emergencia<\/a><\/li>\n<li class=\"menu-item menu-item-type-post_type menu-item-object-page menu-item-117\"><a href=\"https:\/\/staging.venturacounty.gov\/es\/residents\/\" class=\"elementor-item\">Residentes<\/a><\/li>\n<li class=\"menu-item menu-item-type-post_type menu-item-object-page menu-item-121\"><a href=\"https:\/\/staging.venturacounty.gov\/es\/visitors\/\" class=\"elementor-item\">Visitantes<\/a><\/li>\n<li class=\"menu-item menu-item-type-post_type menu-item-object-page menu-item-123\"><a href=\"https:\/\/staging.venturacounty.gov\/es\/government\/email-us\/\" class=\"elementor-item\">Contacte con nosotros<\/a><\/li>\n<\/ul>\t\t\t<\/nav>\n\t\t\t\t\t<div class=\"elementor-menu-toggle\" role=\"button\" tabindex=\"0\" aria-label=\"Men\u00fa Toggle\" aria-expanded=\"false\">\n\t\t\t<i aria-hidden=\"true\" role=\"presentation\" class=\"elementor-menu-toggle__icon--open eicon-menu-bar\"><\/i><i aria-hidden=\"true\" role=\"presentation\" class=\"elementor-menu-toggle__icon--close eicon-close\"><\/i>\t\t<\/div>\n\t\t\t\t\t<nav class=\"elementor-nav-menu--dropdown elementor-nav-menu__container\" aria-hidden=\"true\">\n\t\t\t\t<ul id=\"menu-2-da475d8\" class=\"elementor-nav-menu\"><li class=\"menu-item menu-item-type-post_type menu-item-object-page menu-item-108\"><a href=\"https:\/\/staging.venturacounty.gov\/es\/government\/\" class=\"elementor-item\" tabindex=\"-1\">Gobierno<\/a><\/li>\n<li class=\"menu-item menu-item-type-post_type menu-item-object-page menu-item-107\"><a href=\"https:\/\/staging.venturacounty.gov\/es\/business-services\/\" class=\"elementor-item\" tabindex=\"-1\">Servicios a empresas<\/a><\/li>\n<li class=\"menu-item menu-item-type-post_type menu-item-object-page menu-item-110\"><a href=\"https:\/\/staging.venturacounty.gov\/es\/environment\/\" class=\"elementor-item\" tabindex=\"-1\">Medio ambiente<\/a><\/li>\n<li class=\"menu-item menu-item-type-post_type menu-item-object-page menu-item-119\"><a href=\"https:\/\/staging.venturacounty.gov\/es\/health-and-human-services\/\" class=\"elementor-item\" tabindex=\"-1\">Sanidad y Servicios Humanos<\/a><\/li>\n<li class=\"menu-item menu-item-type-post_type menu-item-object-page menu-item-118\"><a href=\"https:\/\/staging.venturacounty.gov\/es\/emergency-services\/\" class=\"elementor-item\" tabindex=\"-1\">Servicios de emergencia<\/a><\/li>\n<li class=\"menu-item menu-item-type-post_type menu-item-object-page menu-item-117\"><a href=\"https:\/\/staging.venturacounty.gov\/es\/residents\/\" class=\"elementor-item\" tabindex=\"-1\">Residentes<\/a><\/li>\n<li class=\"menu-item menu-item-type-post_type menu-item-object-page menu-item-121\"><a href=\"https:\/\/staging.venturacounty.gov\/es\/visitors\/\" class=\"elementor-item\" tabindex=\"-1\">Visitantes<\/a><\/li>\n<li class=\"menu-item menu-item-type-post_type menu-item-object-page menu-item-123\"><a href=\"https:\/\/staging.venturacounty.gov\/es\/government\/email-us\/\" class=\"elementor-item\" tabindex=\"-1\">Contacte con nosotros<\/a><\/li>\n<\/ul>\t\t\t<\/nav>\n\t\t\t\t\t\t<\/div>\n\t\t\t\t<\/div>\n\t\t\t\t\t<\/div>\n\t\t\t\t<\/div>\n\t\t\t\t\t<\/div>\n\t\t\t\t<\/div>\n\t\t<div class=\"elementor-element elementor-element-5a97add e-flex e-con-boxed e-con e-parent\" data-id=\"5a97add\" data-element_type=\"container\">\n\t\t\t\t\t<div class=\"e-con-inner\">\n\t\t<div class=\"elementor-element elementor-element-8343ea0 e-flex e-con-boxed e-con e-child\" data-id=\"8343ea0\" data-element_type=\"container\">\n\t\t\t\t\t<div class=\"e-con-inner\">\n\t\t\t\t<div class=\"elementor-element elementor-element-977d231 elementor-widget elementor-widget-heading\" data-id=\"977d231\" data-element_type=\"widget\" data-widget_type=\"heading.default\">\n\t\t\t\t<div class=\"elementor-widget-container\">\n\t\t\t\t\t<h1 class=\"elementor-heading-title elementor-size-default\">Departamentos<\/h1>\t\t\t\t<\/div>\n\t\t\t\t<\/div>\n\t\t\t\t\t<\/div>\n\t\t\t\t<\/div>\n\t\t<div class=\"elementor-element elementor-element-5413dc5 e-flex e-con-boxed e-con e-child\" data-id=\"5413dc5\" data-element_type=\"container\">\n\t\t\t\t\t<div class=\"e-con-inner\">\n\t\t<div class=\"elementor-element elementor-element-e6a5368 e-flex e-con-boxed e-con e-child\" data-id=\"e6a5368\" data-element_type=\"container\">\n\t\t\t\t\t<div class=\"e-con-inner\">\n\t\t\t\t<div class=\"elementor-element elementor-element-6219814 elementor-widget elementor-widget-text-editor\" data-id=\"6219814\" data-element_type=\"widget\" data-widget_type=\"text-editor.default\">\n\t\t\t\t<div class=\"elementor-widget-container\">\n\t\t\t\t\t\t\t\t\t<ul class=\"arrow-list\"><li><a href=\"https:\/\/venturacounty.gov\/agricultural-commissioner\/\" target=\"_self\" rel=\"noopener noreferrer\">Comisario de Agricultura<\/a><\/li><li><a href=\"https:\/\/vcairports.org\/\">Aeropuertos<\/a><\/li><li><a href=\"https:\/\/animalservices.venturacounty.gov\/\" target=\"_blank\" rel=\"noopener noreferrer\" aria-label=\"Servicios para animales&quot;&quot; - opens in new tab\" data-uw-rm-ext-link=\"\">Servicios para animales<\/a><\/li><li><a title=\"VCAAA\" href=\"http:\/\/www.vcaaa.org\/\" target=\"_blank\" rel=\"noopener noreferrer\" aria-label=\"Area Agency on Aging&quot;&quot; - opens in new tab\" data-uw-rm-ext-link=\"\">Agencia de la Tercera Edad<\/a><\/li><li><a href=\"http:\/\/assessor.countyofventura.org\/\" target=\"_blank\" rel=\"noopener noreferrer\" aria-label=\"Assessor&#039;s Office&quot;&quot; - se abre en una nueva pesta\u00f1a\" data-uw-rm-ext-link=\"\">Oficina del Asesor<\/a><\/li><li><a title=\"P\u00e1gina de inicio de la Oficina del Interventor-Controlador\" href=\"https:\/\/venturacounty.gov\/auditor-controllers-office\/\" target=\"_self\" rel=\"noopener noreferrer\">Oficina del Interventor-Controlador<\/a><\/li><li><a href=\"https:\/\/venturacounty.gov\/board-of-supervisors\" target=\"_self\" rel=\"noopener noreferrer\">Junta de Supervisores<\/a><\/li><li><a title=\"Departamento de Servicios de Ayuda a la Infancia\" href=\"https:\/\/venturacounty.gov\/child-support-services\/\" target=\"_self\" rel=\"noopener noreferrer\">Servicios de apoyo a la infancia<\/a><\/li><li><a href=\"https:\/\/venturacounty.gov\/civil-service-commission\" target=\"_self\" rel=\"noopener noreferrer\">Comisi\u00f3n de la Funci\u00f3n P\u00fablica<\/a><\/li><li><a href=\"https:\/\/recorder.countyofventura.org\/\" target=\"_blank\" rel=\"noopener noreferrer\" aria-label=\"Clerk-Recorder &amp; Registrar of Voters&quot;&quot; - se abre en una pesta\u00f1a nueva\" data-uw-rm-ext-link=\"\">Secretaria y Registro Electoral<\/a><\/li><li><a href=\"https:\/\/venturacounty.gov\/county-executive-office\/\" target=\"_self\" rel=\"noopener noreferrer\">Oficina Ejecutiva del Condado<\/a><\/li><li><a href=\"http:\/\/www.vcdistrictattorney.com\/\" target=\"_blank\" rel=\"noopener noreferrer\" aria-label=\"Fiscal del distrito&quot;&quot; - se abre en una nueva pesta\u00f1a\" data-uw-rm-ext-link=\"\">Fiscal de distrito<\/a><\/li><li><a href=\"https:\/\/vcfd.org\/\" target=\"_blank\" rel=\"noopener noreferrer\" aria-label=\"Bomberos - opens in new tab\" data-uw-rm-ext-link=\"\">Bomberos<\/a><\/li><li><a title=\"GSA\" href=\"https:\/\/venturacounty.gov\/general-services-agency\" target=\"_self\" rel=\"noopener noreferrer\">Agencia de Servicios Generales<\/a><\/li><\/ul>\t\t\t\t\t\t\t\t<\/div>\n\t\t\t\t<\/div>\n\t\t\t\t\t<\/div>\n\t\t\t\t<\/div>\n\t\t<div class=\"elementor-element elementor-element-ff25579 e-flex e-con-boxed e-con e-child\" data-id=\"ff25579\" data-element_type=\"container\">\n\t\t\t\t\t<div class=\"e-con-inner\">\n\t\t\t\t<div class=\"elementor-element elementor-element-29bc87e elementor-widget elementor-widget-text-editor\" data-id=\"29bc87e\" data-element_type=\"widget\" data-widget_type=\"text-editor.default\">\n\t\t\t\t<div class=\"elementor-widget-container\">\n\t\t\t\t\t\t\t\t\t<ul class=\"arrow-list\">\n<li><a href=\"https:\/\/venturacounty.gov\/grand-jury\" target=\"_self\" rel=\"noopener noreferrer\" data-uw-rm-brl=\"PR\" data-uw-original-href=\"https:\/\/venturacounty.gov\/grand-jury\">Gran jurado<\/a><\/li>\n<li><a href=\"https:\/\/venturacounty.gov\/harbor-department\/\" target=\"_self\" rel=\"noopener noreferrer\" data-uw-rm-brl=\"PR\" data-uw-original-href=\"https:\/\/venturacounty.gov\/harbor-department\/\">Departamento Portuario<\/a><\/li>\n<li><a href=\"http:\/\/www.vchca.org\/\" target=\"_blank\" rel=\"noopener noreferrer\" aria-label=\"Health Care Agency&quot;&quot; - se abre en una pesta\u00f1a nueva\" data-uw-rm-ext-link=\"\" data-uw-rm-brl=\"PR\" data-uw-original-href=\"http:\/\/www.vchca.org\/\">Agencia de asistencia sanitaria<\/a><\/li>\n<li><a href=\"https:\/\/hr.ventura.org\/\" target=\"_blank\" rel=\"noopener noreferrer\" aria-label=\"Recursos Humanos - opens in new tab\" data-uw-rm-ext-link=\"\" data-uw-rm-brl=\"PR\" data-uw-original-href=\"https:\/\/hr.ventura.org\/\">Recursos Humanos<\/a><\/li>\n<li><a title=\"HSA\" href=\"https:\/\/venturacounty.gov\/human-services-agency\/\" data-uw-rm-brl=\"PR\" data-uw-original-href=\"https:\/\/venturacounty.gov\/human-services-agency\/\">Agencia de Servicios Humanos<\/a><\/li>\n<li><a href=\"https:\/\/venturacounty.gov\/itsd\/\" target=\"_self\" rel=\"noopener noreferrer\" data-uw-rm-brl=\"PR\" data-uw-original-href=\"https:\/\/venturacounty.gov\/itsd\/\">Servicios de Tecnolog\u00eda de la Informaci\u00f3n<\/a><\/li>\n<li><a href=\"http:\/\/www.vencolibrary.org\/\" target=\"_blank\" rel=\"noopener noreferrer\" aria-label=\"Biblioteca&quot;&quot; - opens in new tab\" data-uw-rm-ext-link=\"\" data-uw-rm-brl=\"PR\" data-uw-original-href=\"http:\/\/www.vencolibrary.org\/\">Biblioteca<\/a><\/li>\n<li><a href=\"http:\/\/venturaprobation.org\/\" target=\"_blank\" rel=\"noopener noreferrer\" aria-label=\"Probation Agency&quot;&quot; - se abre en una nueva pesta\u00f1a\" data-uw-rm-ext-link=\"\" data-uw-rm-brl=\"PR\" data-uw-original-href=\"http:\/\/venturaprobation.org\/\">Organismo de libertad vigilada<\/a><\/li>\n<li><a href=\"https:\/\/vcpublicdefender.org\/\" target=\"_blank\" rel=\"noopener noreferrer\" aria-label=\"Public Defender&quot;&quot; - se abre en una nueva pesta\u00f1a\" data-uw-rm-ext-link=\"\" data-uw-rm-brl=\"PR\" data-uw-original-href=\"https:\/\/vcpublicdefender.org\/\">Defensor del Pueblo<\/a><\/li>\n<li><a href=\"http:\/\/vcpublicworks.org\/\" target=\"_blank\" rel=\"noopener noreferrer\" aria-label=\"Agencia de Obras P\u00fablicas&quot;&quot; - se abre en una pesta\u00f1a nueva\" data-uw-rm-ext-link=\"\" data-uw-rm-brl=\"PR\" data-uw-original-href=\"http:\/\/vcpublicworks.org\/\">Agencia de Obras P\u00fablicas<\/a><\/li>\n<li><a href=\"http:\/\/www.vcenergy.org\/\" target=\"_blank\" rel=\"noopener noreferrer\" aria-label=\"Alianza Regional de la Energ\u00eda&quot;&quot; - se abre en una nueva pesta\u00f1a\" data-uw-rm-ext-link=\"\" data-uw-rm-brl=\"PR\" data-uw-original-href=\"http:\/\/www.vcenergy.org\/\">Alianza Regional de la Energ\u00eda<\/a><\/li>\n<li><a title=\"RMA\" href=\"https:\/\/vcrma.org\/\" target=\"_blank\" rel=\"noopener noreferrer\" aria-label=\"Agencia de Gesti\u00f3n de Recursos - opens in new tab\" data-uw-rm-ext-link=\"\" data-uw-rm-brl=\"PR\" data-uw-original-href=\"https:\/\/vcrma.org\/\">Agencia de Gesti\u00f3n de Recursos<\/a><\/li>\n<li><a title=\"vcera.org\" href=\"http:\/\/www.vcera.org\/\" target=\"_blank\" rel=\"noopener noreferrer\" aria-label=\"Asociaci\u00f3n de Jubilados&quot;&quot; - opens in new tab\" data-uw-rm-ext-link=\"\" data-uw-rm-brl=\"PR\" data-uw-original-href=\"http:\/\/www.vcera.org\/\">Asociaci\u00f3n de Jubilados<\/a><\/li>\n<li><a href=\"https:\/\/www.venturasheriff.org\/\" target=\"_blank\" rel=\"noopener noreferrer\" aria-label=\"Oficina del Sheriff&quot;&quot; - se abre en una nueva pesta\u00f1a\" data-uw-rm-ext-link=\"\" data-uw-rm-brl=\"PR\" data-uw-original-href=\"https:\/\/www.venturasheriff.org\/\">Oficina del Sheriff<\/a><\/li>\n<li><a href=\"https:\/\/venturacounty.gov\/ttc\" target=\"_self\" rel=\"noopener noreferrer\" data-uw-rm-brl=\"PR\" data-uw-original-href=\"https:\/\/venturacounty.gov\/ttc\">Tesorero-recaudador de impuestos<\/a><\/li>\n<\/ul>\t\t\t\t\t\t\t\t<\/div>\n\t\t\t\t<\/div>\n\t\t\t\t\t<\/div>\n\t\t\t\t<\/div>\n\t\t\t\t\t<\/div>\n\t\t\t\t<\/div>\n\t\t\t\t\t<\/div>\n\t\t\t\t<\/div>\n\t\t\t\t<\/div>","protected":false},"excerpt":{"rendered":"<p>Departments Agricultural Commissioner Airports Animal Services Area Agency on Aging Assessor\u2019s Office Auditor-Controller\u2019s Office Board of Supervisors Child Support Services Civil Service Commission Clerk-Recorder &amp; Registrar of Voters County Executive Office District Attorney Fire Department General Services Agency Grand Jury Harbor Department Health Care Agency Human Resources Human Services Agency Information Technology Services Library Probation [&hellip;]<\/p>\n","protected":false},"author":11,"featured_media":0,"parent":95,"menu_order":0,"comment_status":"closed","ping_status":"closed","template":"","meta":{"_relevanssi_hide_post":"","_relevanssi_hide_content":"","_relevanssi_pin_for_all":"","_relevanssi_pin_keywords":"","_relevanssi_unpin_keywords":"","_relevanssi_related_keywords":"","_relevanssi_related_include_ids":"","_relevanssi_related_exclude_ids":"","_relevanssi_related_no_append":"","_relevanssi_related_not_related":"","_relevanssi_related_posts":"","_relevanssi_noindex_reason":"","footnotes":""},"categories":[7],"tags":[],"class_list":["post-229","page","type-page","status-publish","hentry","category-government"],"_links":{"self":[{"href":"https:\/\/staging.venturacounty.gov\/es\/wp-json\/wp\/v2\/pages\/229","targetHints":{"allow":["GET"]}}],"collection":[{"href":"https:\/\/staging.venturacounty.gov\/es\/wp-json\/wp\/v2\/pages"}],"about":[{"href":"https:\/\/staging.venturacounty.gov\/es\/wp-json\/wp\/v2\/types\/page"}],"author":[{"embeddable":true,"href":"https:\/\/staging.venturacounty.gov\/es\/wp-json\/wp\/v2\/users\/11"}],"replies":[{"embeddable":true,"href":"https:\/\/staging.venturacounty.gov\/es\/wp-json\/wp\/v2\/comments?post=229"}],"version-history":[{"count":0,"href":"https:\/\/staging.venturacounty.gov\/es\/wp-json\/wp\/v2\/pages\/229\/revisions"}],"up":[{"embeddable":true,"href":"https:\/\/staging.venturacounty.gov\/es\/wp-json\/wp\/v2\/pages\/95"}],"wp:attachment":[{"href":"https:\/\/staging.venturacounty.gov\/es\/wp-json\/wp\/v2\/media?parent=229"}],"wp:term":[{"taxonomy":"category","embeddable":true,"href":"https:\/\/staging.venturacounty.gov\/es\/wp-json\/wp\/v2\/categories?post=229"},{"taxonomy":"post_tag","embeddable":true,"href":"https:\/\/staging.venturacounty.gov\/es\/wp-json\/wp\/v2\/tags?post=229"}],"curies":[{"name":"wp","href":"https:\/\/api.w.org\/{rel}","templated":true}]}}