{"id":228,"date":"2023-08-01T17:59:39","date_gmt":"2023-08-01T17:59:39","guid":{"rendered":"https:\/\/staging.venturacounty.gov\/?page_id=228"},"modified":"2025-04-08T16:02:11","modified_gmt":"2025-04-08T16:02:11","slug":"ada-accessibility","status":"publish","type":"page","link":"https:\/\/staging.venturacounty.gov\/es\/government\/ada-accessibility\/","title":{"rendered":"ADA Accessiblity"},"content":{"rendered":"<div data-elementor-type=\"wp-page\" data-elementor-id=\"228\" class=\"elementor elementor-228\" data-elementor-post-type=\"page\">\n\t\t\t\t<div class=\"elementor-element elementor-element-363cae5 e-flex e-con-boxed e-con e-parent\" data-id=\"363cae5\" data-element_type=\"container\" data-e-type=\"container\">\n\t\t\t\t\t<div class=\"e-con-inner\">\n\t\t<div class=\"elementor-element elementor-element-7ae7644 e-flex e-con-boxed e-con e-child\" data-id=\"7ae7644\" data-element_type=\"container\" data-e-type=\"container\">\n\t\t\t\t\t<div class=\"e-con-inner\">\n\t\t<div class=\"elementor-element elementor-element-b137974 e-flex e-con-boxed e-con e-child\" data-id=\"b137974\" data-element_type=\"container\" data-e-type=\"container\">\n\t\t\t\t\t<div class=\"e-con-inner\">\n\t\t<div class=\"elementor-element elementor-element-22ed49d e-flex e-con-boxed e-con e-child\" data-id=\"22ed49d\" data-element_type=\"container\" data-e-type=\"container\" data-settings=\"{&quot;background_background&quot;:&quot;classic&quot;}\">\n\t\t\t\t\t<div class=\"e-con-inner\">\n\t\t<div class=\"elementor-element elementor-element-e600d0e e-flex e-con-boxed e-con e-child\" data-id=\"e600d0e\" data-element_type=\"container\" data-e-type=\"container\" data-settings=\"{&quot;background_background&quot;:&quot;classic&quot;}\">\n\t\t\t\t\t<div class=\"e-con-inner\">\n\t\t<div class=\"elementor-element elementor-element-e013e44 e-flex e-con-boxed e-con e-child\" data-id=\"e013e44\" data-element_type=\"container\" data-e-type=\"container\" data-settings=\"{&quot;background_background&quot;:&quot;classic&quot;}\">\n\t\t\t\t\t<div class=\"e-con-inner\">\n\t\t\t\t<div class=\"elementor-element elementor-element-a54e374 elementor-widget elementor-widget-image\" data-id=\"a54e374\" data-element_type=\"widget\" data-e-type=\"widget\" data-widget_type=\"image.default\">\n\t\t\t\t<div class=\"elementor-widget-container\">\n\t\t\t\t\t\t\t\t\t\t\t\t\t\t\t\t<a href=\"\/government\/\">\n\t\t\t\t\t\t\t<img decoding=\"async\" width=\"357\" height=\"75\" src=\"https:\/\/staging.venturacounty.gov\/wp-content\/uploads\/2023\/07\/government-header.png\" class=\"attachment-large size-large wp-image-84\" alt=\"Government Header\" srcset=\"https:\/\/staging.venturacounty.gov\/wp-content\/uploads\/2023\/07\/government-header.png 357w, https:\/\/staging.venturacounty.gov\/wp-content\/uploads\/2023\/07\/government-header-300x63.png 300w\" sizes=\"(max-width: 357px) 100vw, 357px\" \/>\t\t\t\t\t\t\t\t<\/a>\n\t\t\t\t\t\t\t\t\t\t\t\t\t\t\t<\/div>\n\t\t\t\t<\/div>\n\t\t\t\t\t<\/div>\n\t\t\t\t<\/div>\n\t\t\t\t\t<\/div>\n\t\t\t\t<\/div>\n\t\t\t\t\t<\/div>\n\t\t\t\t<\/div>\n\t\t\t\t\t<\/div>\n\t\t\t\t<\/div>\n\t\t\t\t\t<\/div>\n\t\t\t\t<\/div>\n\t\t\t\t\t<\/div>\n\t\t\t\t<\/div>\n\t\t<div class=\"elementor-element elementor-element-949f6f1 e-flex e-con-boxed e-con e-parent\" data-id=\"949f6f1\" data-element_type=\"container\" data-e-type=\"container\">\n\t\t\t\t\t<div class=\"e-con-inner\">\n\t\t<div class=\"elementor-element elementor-element-5e31600 e-flex e-con-boxed e-con e-child\" data-id=\"5e31600\" data-element_type=\"container\" data-e-type=\"container\">\n\t\t\t\t\t<div class=\"e-con-inner\">\n\t\t\t\t<div class=\"elementor-element elementor-element-da475d8 elementor-nav-menu--dropdown-tablet elementor-nav-menu__text-align-aside elementor-nav-menu--toggle elementor-nav-menu--burger elementor-widget elementor-widget-nav-menu\" data-id=\"da475d8\" data-element_type=\"widget\" data-e-type=\"widget\" data-settings=\"{&quot;layout&quot;:&quot;horizontal&quot;,&quot;submenu_icon&quot;:{&quot;value&quot;:&quot;&lt;i class=\\&quot;fas fa-caret-down\\&quot;&gt;&lt;\\\/i&gt;&quot;,&quot;library&quot;:&quot;fa-solid&quot;},&quot;toggle&quot;:&quot;burger&quot;}\" data-widget_type=\"nav-menu.default\">\n\t\t\t\t<div class=\"elementor-widget-container\">\n\t\t\t\t\t\t\t\t<nav aria-label=\"Men\u00fa\" class=\"elementor-nav-menu--main elementor-nav-menu__container elementor-nav-menu--layout-horizontal e--pointer-background e--animation-fade\">\n\t\t\t\t<ul id=\"menu-1-da475d8\" class=\"elementor-nav-menu\"><li class=\"menu-item menu-item-type-post_type menu-item-object-page menu-item-108\"><a href=\"https:\/\/staging.venturacounty.gov\/es\/government\/\" class=\"elementor-item\">Gobierno<\/a><\/li>\n<li class=\"menu-item menu-item-type-post_type menu-item-object-page menu-item-107\"><a href=\"https:\/\/staging.venturacounty.gov\/es\/business-services\/\" class=\"elementor-item\">Servicios a empresas<\/a><\/li>\n<li class=\"menu-item menu-item-type-post_type menu-item-object-page menu-item-110\"><a href=\"https:\/\/staging.venturacounty.gov\/es\/environment\/\" class=\"elementor-item\">Medio ambiente<\/a><\/li>\n<li class=\"menu-item menu-item-type-post_type menu-item-object-page menu-item-119\"><a href=\"https:\/\/staging.venturacounty.gov\/es\/health-and-human-services\/\" class=\"elementor-item\">Sanidad y Servicios Humanos<\/a><\/li>\n<li class=\"menu-item menu-item-type-post_type menu-item-object-page menu-item-118\"><a href=\"https:\/\/staging.venturacounty.gov\/es\/emergency-services\/\" class=\"elementor-item\">Servicios de emergencia<\/a><\/li>\n<li class=\"menu-item menu-item-type-post_type menu-item-object-page menu-item-117\"><a href=\"https:\/\/staging.venturacounty.gov\/es\/residents\/\" class=\"elementor-item\">Residentes<\/a><\/li>\n<li class=\"menu-item menu-item-type-post_type menu-item-object-page menu-item-121\"><a href=\"https:\/\/staging.venturacounty.gov\/es\/visitors\/\" class=\"elementor-item\">Visitantes<\/a><\/li>\n<li class=\"menu-item menu-item-type-post_type menu-item-object-page menu-item-123\"><a href=\"https:\/\/staging.venturacounty.gov\/es\/government\/email-us\/\" class=\"elementor-item\">Contacte con nosotros<\/a><\/li>\n<\/ul>\t\t\t<\/nav>\n\t\t\t\t\t<div class=\"elementor-menu-toggle\" role=\"button\" tabindex=\"0\" aria-label=\"Men\u00fa Toggle\" aria-expanded=\"false\">\n\t\t\t<i aria-hidden=\"true\" role=\"presentation\" class=\"elementor-menu-toggle__icon--open eicon-menu-bar\"><\/i><i aria-hidden=\"true\" role=\"presentation\" class=\"elementor-menu-toggle__icon--close eicon-close\"><\/i>\t\t<\/div>\n\t\t\t\t\t<nav class=\"elementor-nav-menu--dropdown elementor-nav-menu__container\" aria-hidden=\"true\">\n\t\t\t\t<ul id=\"menu-2-da475d8\" class=\"elementor-nav-menu\"><li class=\"menu-item menu-item-type-post_type menu-item-object-page menu-item-108\"><a href=\"https:\/\/staging.venturacounty.gov\/es\/government\/\" class=\"elementor-item\" tabindex=\"-1\">Gobierno<\/a><\/li>\n<li class=\"menu-item menu-item-type-post_type menu-item-object-page menu-item-107\"><a href=\"https:\/\/staging.venturacounty.gov\/es\/business-services\/\" class=\"elementor-item\" tabindex=\"-1\">Servicios a empresas<\/a><\/li>\n<li class=\"menu-item menu-item-type-post_type menu-item-object-page menu-item-110\"><a href=\"https:\/\/staging.venturacounty.gov\/es\/environment\/\" class=\"elementor-item\" tabindex=\"-1\">Medio ambiente<\/a><\/li>\n<li class=\"menu-item menu-item-type-post_type menu-item-object-page menu-item-119\"><a href=\"https:\/\/staging.venturacounty.gov\/es\/health-and-human-services\/\" class=\"elementor-item\" tabindex=\"-1\">Sanidad y Servicios Humanos<\/a><\/li>\n<li class=\"menu-item menu-item-type-post_type menu-item-object-page menu-item-118\"><a href=\"https:\/\/staging.venturacounty.gov\/es\/emergency-services\/\" class=\"elementor-item\" tabindex=\"-1\">Servicios de emergencia<\/a><\/li>\n<li class=\"menu-item menu-item-type-post_type menu-item-object-page menu-item-117\"><a href=\"https:\/\/staging.venturacounty.gov\/es\/residents\/\" class=\"elementor-item\" tabindex=\"-1\">Residentes<\/a><\/li>\n<li class=\"menu-item menu-item-type-post_type menu-item-object-page menu-item-121\"><a href=\"https:\/\/staging.venturacounty.gov\/es\/visitors\/\" class=\"elementor-item\" tabindex=\"-1\">Visitantes<\/a><\/li>\n<li class=\"menu-item menu-item-type-post_type menu-item-object-page menu-item-123\"><a href=\"https:\/\/staging.venturacounty.gov\/es\/government\/email-us\/\" class=\"elementor-item\" tabindex=\"-1\">Contacte con nosotros<\/a><\/li>\n<\/ul>\t\t\t<\/nav>\n\t\t\t\t\t\t<\/div>\n\t\t\t\t<\/div>\n\t\t\t\t\t<\/div>\n\t\t\t\t<\/div>\n\t\t\t\t\t<\/div>\n\t\t\t\t<\/div>\n\t\t<div class=\"elementor-element elementor-element-1749d3b e-flex e-con-boxed e-con e-parent\" data-id=\"1749d3b\" data-element_type=\"container\" data-e-type=\"container\">\n\t\t\t\t\t<div class=\"e-con-inner\">\n\t\t<div class=\"elementor-element elementor-element-6b629a0 e-flex e-con-boxed e-con e-child\" data-id=\"6b629a0\" data-element_type=\"container\" data-e-type=\"container\">\n\t\t\t\t\t<div class=\"e-con-inner\">\n\t\t\t\t<div class=\"elementor-element elementor-element-a17999d elementor-widget elementor-widget-heading\" data-id=\"a17999d\" data-element_type=\"widget\" data-e-type=\"widget\" data-widget_type=\"heading.default\">\n\t\t\t\t<div class=\"elementor-widget-container\">\n\t\t\t\t\t<h1 class=\"elementor-heading-title elementor-size-default\">Declaraci\u00f3n de accesibilidad<\/h1>\t\t\t\t<\/div>\n\t\t\t\t<\/div>\n\t\t\t\t<div class=\"elementor-element elementor-element-a9c3409 elementor-widget elementor-widget-text-editor\" data-id=\"a9c3409\" data-element_type=\"widget\" data-e-type=\"widget\" data-widget_type=\"text-editor.default\">\n\t\t\t\t<div class=\"elementor-widget-container\">\n\t\t\t\t\t\t\t\t\t<p>El Condado de Ventura (Condado) est\u00e1 comprometido con la accesibilidad de la informaci\u00f3n contenida en su sitio web (Sitio Web), incluido el cumplimiento de las normas de accesibilidad publicadas y las orientaciones destinadas a proporcionar acceso a las personas con discapacidad. El Condado ha hecho y seguir\u00e1 haciendo esfuerzos para mejorar la accesibilidad seg\u00fan sea necesario para proporcionar acceso a los servicios y la informaci\u00f3n en el sitio web.<\/p><p>Si tiene dificultades para acceder a la informaci\u00f3n o los documentos del sitio web debido a una discapacidad, p\u00f3ngase en contacto con el Condado en el n\u00famero de tel\u00e9fono o la direcci\u00f3n de correo electr\u00f3nico que figuran a continuaci\u00f3n:<\/p><table class=\"tbldefault\"><tbody><tr><td>Servicio de asistencia inform\u00e1tica:<\/td><td>(805) 658-4357<\/td><\/tr><tr><td>Para servicios de retransmisi\u00f3n:<\/td><td>Marque el 711 o el (866) 660-4288<\/td><\/tr><tr><td>Correo electr\u00f3nico:<\/td><td><a href=\"mailto:webmaster@ventura.org\" aria-label=\"env\u00ede un correo electr\u00f3nico a webmaster@ventura.org\" data-uw-rm-vglnk=\"\">webmaster@ventura.org<\/a><\/td><\/tr><\/tbody><\/table><h2 class=\"vc_custom_heading\">Informaci\u00f3n sobre la ADA<\/h2><ul><li><a href=\"https:\/\/vcportal.venturacounty.gov\/ceo\/docs\/ada\/VC_ADA_Notice.pdf\" target=\"_blank\" rel=\"noopener noreferrer\" aria-label=\"Aviso en virtud de la Ley de Estadounidenses con Discapacidades - opens in new tab\" data-uw-rm-ext-link=\"\" data-uw-pdf-br=\"1\" data-uw-pdf-doc=\"\">Notificaci\u00f3n en virtud de la Ley sobre Estadounidenses con Discapacidades<\/a><\/li><li><a href=\"https:\/\/vcportal.venturacounty.gov\/ceo\/docs\/ada\/VC_ADA_Grievance_Procedure.pdf\" target=\"_blank\" rel=\"noopener noreferrer\" aria-label=\"County of Ventura Grievance Procedure Under the ADAAcrobatReader - opens in new tab\" data-uw-rm-ext-link=\"\" data-uw-pdf-br=\"1\" data-uw-pdf-doc=\"\">Procedimiento de reclamaci\u00f3n del Condado de Ventura conforme a la ADA<\/a><\/li><\/ul><p><!--<br \/>\n<a href=\"https:\/\/vcportal.venturacounty.gov\/CEO\/docs\/ada\/Chapter_IV_%28A%2907_AmericanswithDisabilitiesAct%28ADA%29PublicAccomodation.pdf\" target=\"_blank\" rel=\"noopener noreferrer\" aria-label=\"County of Ventura ADA Public Accommodation - opens in new tab\" data-uw-rm-ext-link=\"\" data-uw-pdf-br=\"1\" data-uw-pdf-doc=\"\">County of Ventura ADA Public Accommodation<\/a><br \/>\n--><\/p>\t\t\t\t\t\t\t\t<\/div>\n\t\t\t\t<\/div>\n\t\t\t\t\t<\/div>\n\t\t\t\t<\/div>\n\t\t\t\t\t<\/div>\n\t\t\t\t<\/div>\n\t\t\t\t<\/div>","protected":false},"excerpt":{"rendered":"<p>Accessibility Statement The County of Ventura (County) is committed to accessibility of information contained on its website (Website), including compliance with published accessibility standards and guidance aimed at providing access for individuals with disabilities. The County has made and will continue to make efforts to improve accessibility as necessary to provide access to services and [&hellip;]<\/p>\n","protected":false},"author":11,"featured_media":0,"parent":95,"menu_order":0,"comment_status":"closed","ping_status":"closed","template":"","meta":{"footnotes":""},"class_list":["post-228","page","type-page","status-publish","hentry"],"_links":{"self":[{"href":"https:\/\/staging.venturacounty.gov\/es\/wp-json\/wp\/v2\/pages\/228","targetHints":{"allow":["GET"]}}],"collection":[{"href":"https:\/\/staging.venturacounty.gov\/es\/wp-json\/wp\/v2\/pages"}],"about":[{"href":"https:\/\/staging.venturacounty.gov\/es\/wp-json\/wp\/v2\/types\/page"}],"author":[{"embeddable":true,"href":"https:\/\/staging.venturacounty.gov\/es\/wp-json\/wp\/v2\/users\/11"}],"replies":[{"embeddable":true,"href":"https:\/\/staging.venturacounty.gov\/es\/wp-json\/wp\/v2\/comments?post=228"}],"version-history":[{"count":0,"href":"https:\/\/staging.venturacounty.gov\/es\/wp-json\/wp\/v2\/pages\/228\/revisions"}],"up":[{"embeddable":true,"href":"https:\/\/staging.venturacounty.gov\/es\/wp-json\/wp\/v2\/pages\/95"}],"wp:attachment":[{"href":"https:\/\/staging.venturacounty.gov\/es\/wp-json\/wp\/v2\/media?parent=228"}],"curies":[{"name":"wp","href":"https:\/\/api.w.org\/{rel}","templated":true}]}}