{"id":169,"date":"2023-07-19T06:36:44","date_gmt":"2023-07-19T06:36:44","guid":{"rendered":"https:\/\/staging.venturacounty.gov\/?page_id=169"},"modified":"2026-03-20T17:24:03","modified_gmt":"2026-03-20T17:24:03","slug":"things-to-do-in-each-community","status":"publish","type":"page","link":"https:\/\/staging.venturacounty.gov\/es\/visitors\/things-to-do-in-each-community\/","title":{"rendered":"Cosas que hacer en cada Comunidad"},"content":{"rendered":"<div data-elementor-type=\"wp-page\" data-elementor-id=\"169\" class=\"elementor elementor-169\" data-elementor-post-type=\"page\">\n\t\t\t\t<div class=\"elementor-element elementor-element-363cae5 e-flex e-con-boxed e-con e-parent\" data-id=\"363cae5\" data-element_type=\"container\">\n\t\t\t\t\t<div class=\"e-con-inner\">\n\t\t<div class=\"elementor-element elementor-element-7ae7644 e-flex e-con-boxed e-con e-child\" data-id=\"7ae7644\" data-element_type=\"container\">\n\t\t\t\t\t<div class=\"e-con-inner\">\n\t\t<div class=\"elementor-element elementor-element-b137974 e-flex e-con-boxed e-con e-child\" data-id=\"b137974\" data-element_type=\"container\">\n\t\t\t\t\t<div class=\"e-con-inner\">\n\t\t<div class=\"elementor-element elementor-element-22ed49d e-flex e-con-boxed e-con e-child\" data-id=\"22ed49d\" data-element_type=\"container\" data-settings=\"{&quot;background_background&quot;:&quot;classic&quot;}\">\n\t\t\t\t\t<div class=\"e-con-inner\">\n\t\t<div class=\"elementor-element elementor-element-e600d0e e-flex e-con-boxed e-con e-child\" data-id=\"e600d0e\" data-element_type=\"container\" data-settings=\"{&quot;background_background&quot;:&quot;classic&quot;}\">\n\t\t\t\t\t<div class=\"e-con-inner\">\n\t\t<div class=\"elementor-element elementor-element-e013e44 e-flex e-con-boxed e-con e-child\" data-id=\"e013e44\" data-element_type=\"container\" data-settings=\"{&quot;background_background&quot;:&quot;classic&quot;}\">\n\t\t\t\t\t<div class=\"e-con-inner\">\n\t\t\t\t<div class=\"elementor-element elementor-element-a54e374 elementor-widget elementor-widget-image\" data-id=\"a54e374\" data-element_type=\"widget\" data-widget_type=\"image.default\">\n\t\t\t\t<div class=\"elementor-widget-container\">\n\t\t\t\t\t\t\t\t\t\t\t\t\t\t\t\t<a href=\"\/es\/visitors\/\">\n\t\t\t\t\t\t\t<img decoding=\"async\" width=\"357\" height=\"75\" src=\"https:\/\/staging.venturacounty.gov\/wp-content\/uploads\/2023\/07\/visitors-header.png\" class=\"attachment-large size-large wp-image-131\" alt=\"Visitors\" srcset=\"https:\/\/staging.venturacounty.gov\/wp-content\/uploads\/2023\/07\/visitors-header.png 357w, https:\/\/staging.venturacounty.gov\/wp-content\/uploads\/2023\/07\/visitors-header-300x63.png 300w\" sizes=\"(max-width: 357px) 100vw, 357px\" \/>\t\t\t\t\t\t\t\t<\/a>\n\t\t\t\t\t\t\t\t\t\t\t\t\t\t\t<\/div>\n\t\t\t\t<\/div>\n\t\t\t\t\t<\/div>\n\t\t\t\t<\/div>\n\t\t\t\t\t<\/div>\n\t\t\t\t<\/div>\n\t\t\t\t\t<\/div>\n\t\t\t\t<\/div>\n\t\t\t\t\t<\/div>\n\t\t\t\t<\/div>\n\t\t\t\t\t<\/div>\n\t\t\t\t<\/div>\n\t\t\t\t\t<\/div>\n\t\t\t\t<\/div>\n\t\t<div class=\"elementor-element elementor-element-949f6f1 e-flex e-con-boxed e-con e-parent\" data-id=\"949f6f1\" data-element_type=\"container\">\n\t\t\t\t\t<div class=\"e-con-inner\">\n\t\t<div class=\"elementor-element elementor-element-5e31600 e-flex e-con-boxed e-con e-child\" data-id=\"5e31600\" data-element_type=\"container\">\n\t\t\t\t\t<div class=\"e-con-inner\">\n\t\t\t\t<div class=\"elementor-element elementor-element-da475d8 elementor-nav-menu--dropdown-tablet elementor-nav-menu__text-align-aside elementor-nav-menu--toggle elementor-nav-menu--burger elementor-widget elementor-widget-nav-menu\" data-id=\"da475d8\" data-element_type=\"widget\" data-settings=\"{&quot;layout&quot;:&quot;horizontal&quot;,&quot;submenu_icon&quot;:{&quot;value&quot;:&quot;&lt;i class=\\&quot;fas fa-caret-down\\&quot;&gt;&lt;\\\/i&gt;&quot;,&quot;library&quot;:&quot;fa-solid&quot;},&quot;toggle&quot;:&quot;burger&quot;}\" data-widget_type=\"nav-menu.default\">\n\t\t\t\t<div class=\"elementor-widget-container\">\n\t\t\t\t\t\t\t\t<nav aria-label=\"Men\u00fa\" class=\"elementor-nav-menu--main elementor-nav-menu__container elementor-nav-menu--layout-horizontal e--pointer-background e--animation-fade\">\n\t\t\t\t<ul id=\"menu-1-da475d8\" class=\"elementor-nav-menu\"><li class=\"menu-item menu-item-type-post_type menu-item-object-page menu-item-108\"><a href=\"https:\/\/staging.venturacounty.gov\/es\/government\/\" class=\"elementor-item\">Gobierno<\/a><\/li>\n<li class=\"menu-item menu-item-type-post_type menu-item-object-page menu-item-107\"><a href=\"https:\/\/staging.venturacounty.gov\/es\/business-services\/\" class=\"elementor-item\">Servicios a empresas<\/a><\/li>\n<li class=\"menu-item menu-item-type-post_type menu-item-object-page menu-item-110\"><a href=\"https:\/\/staging.venturacounty.gov\/es\/environment\/\" class=\"elementor-item\">Medio ambiente<\/a><\/li>\n<li class=\"menu-item menu-item-type-post_type menu-item-object-page menu-item-119\"><a href=\"https:\/\/staging.venturacounty.gov\/es\/health-and-human-services\/\" class=\"elementor-item\">Sanidad y Servicios Humanos<\/a><\/li>\n<li class=\"menu-item menu-item-type-post_type menu-item-object-page menu-item-118\"><a href=\"https:\/\/staging.venturacounty.gov\/es\/emergency-services\/\" class=\"elementor-item\">Servicios de emergencia<\/a><\/li>\n<li class=\"menu-item menu-item-type-post_type menu-item-object-page menu-item-117\"><a href=\"https:\/\/staging.venturacounty.gov\/es\/residents\/\" class=\"elementor-item\">Residentes<\/a><\/li>\n<li class=\"menu-item menu-item-type-post_type menu-item-object-page menu-item-121\"><a href=\"https:\/\/staging.venturacounty.gov\/es\/visitors\/\" class=\"elementor-item\">Visitantes<\/a><\/li>\n<li class=\"menu-item menu-item-type-post_type menu-item-object-page menu-item-123\"><a href=\"https:\/\/staging.venturacounty.gov\/es\/government\/email-us\/\" class=\"elementor-item\">Contacte con nosotros<\/a><\/li>\n<\/ul>\t\t\t<\/nav>\n\t\t\t\t\t<div class=\"elementor-menu-toggle\" role=\"button\" tabindex=\"0\" aria-label=\"Men\u00fa Toggle\" aria-expanded=\"false\">\n\t\t\t<i aria-hidden=\"true\" role=\"presentation\" class=\"elementor-menu-toggle__icon--open eicon-menu-bar\"><\/i><i aria-hidden=\"true\" role=\"presentation\" class=\"elementor-menu-toggle__icon--close eicon-close\"><\/i>\t\t<\/div>\n\t\t\t\t\t<nav class=\"elementor-nav-menu--dropdown elementor-nav-menu__container\" aria-hidden=\"true\">\n\t\t\t\t<ul id=\"menu-2-da475d8\" class=\"elementor-nav-menu\"><li class=\"menu-item menu-item-type-post_type menu-item-object-page menu-item-108\"><a href=\"https:\/\/staging.venturacounty.gov\/es\/government\/\" class=\"elementor-item\" tabindex=\"-1\">Gobierno<\/a><\/li>\n<li class=\"menu-item menu-item-type-post_type menu-item-object-page menu-item-107\"><a href=\"https:\/\/staging.venturacounty.gov\/es\/business-services\/\" class=\"elementor-item\" tabindex=\"-1\">Servicios a empresas<\/a><\/li>\n<li class=\"menu-item menu-item-type-post_type menu-item-object-page menu-item-110\"><a href=\"https:\/\/staging.venturacounty.gov\/es\/environment\/\" class=\"elementor-item\" tabindex=\"-1\">Medio ambiente<\/a><\/li>\n<li class=\"menu-item menu-item-type-post_type menu-item-object-page menu-item-119\"><a href=\"https:\/\/staging.venturacounty.gov\/es\/health-and-human-services\/\" class=\"elementor-item\" tabindex=\"-1\">Sanidad y Servicios Humanos<\/a><\/li>\n<li class=\"menu-item menu-item-type-post_type menu-item-object-page menu-item-118\"><a href=\"https:\/\/staging.venturacounty.gov\/es\/emergency-services\/\" class=\"elementor-item\" tabindex=\"-1\">Servicios de emergencia<\/a><\/li>\n<li class=\"menu-item menu-item-type-post_type menu-item-object-page menu-item-117\"><a href=\"https:\/\/staging.venturacounty.gov\/es\/residents\/\" class=\"elementor-item\" tabindex=\"-1\">Residentes<\/a><\/li>\n<li class=\"menu-item menu-item-type-post_type menu-item-object-page menu-item-121\"><a href=\"https:\/\/staging.venturacounty.gov\/es\/visitors\/\" class=\"elementor-item\" tabindex=\"-1\">Visitantes<\/a><\/li>\n<li class=\"menu-item menu-item-type-post_type menu-item-object-page menu-item-123\"><a href=\"https:\/\/staging.venturacounty.gov\/es\/government\/email-us\/\" class=\"elementor-item\" tabindex=\"-1\">Contacte con nosotros<\/a><\/li>\n<\/ul>\t\t\t<\/nav>\n\t\t\t\t\t\t<\/div>\n\t\t\t\t<\/div>\n\t\t\t\t\t<\/div>\n\t\t\t\t<\/div>\n\t\t\t\t\t<\/div>\n\t\t\t\t<\/div>\n\t\t<div class=\"elementor-element elementor-element-5a97add e-flex e-con-boxed e-con e-parent\" data-id=\"5a97add\" data-element_type=\"container\">\n\t\t\t\t\t<div class=\"e-con-inner\">\n\t\t<div class=\"elementor-element elementor-element-4ab656b e-flex e-con-boxed e-con e-child\" data-id=\"4ab656b\" data-element_type=\"container\">\n\t\t\t\t\t<div class=\"e-con-inner\">\n\t\t\t\t<div class=\"elementor-element elementor-element-7815bb1 elementor-widget elementor-widget-heading\" data-id=\"7815bb1\" data-element_type=\"widget\" data-widget_type=\"heading.default\">\n\t\t\t\t<div class=\"elementor-widget-container\">\n\t\t\t\t\t<h1 class=\"elementor-heading-title elementor-size-default\">Cosas que hacer en cada Comunidad<\/h1>\t\t\t\t<\/div>\n\t\t\t\t<\/div>\n\t\t\t\t<div class=\"elementor-element elementor-element-d496e4e elementor-widget elementor-widget-text-editor\" data-id=\"d496e4e\" data-element_type=\"widget\" data-widget_type=\"text-editor.default\">\n\t\t\t\t<div class=\"elementor-widget-container\">\n\t\t\t\t\t\t\t\t\t<div class=\"wpb_column vc_column_container vc_col-sm-6\"><div class=\"wpb_wrapper\"><div class=\"wpb_text_column wpb_content_element\"><div class=\"wpb_wrapper\"><p><strong>En el condado de Ventura<\/strong><\/p><ul class=\"arrow-list\"><li><a href=\"https:\/\/businessforward.venturacounty.gov\/\" target=\"_blank\" rel=\"noopener noreferrer\" aria-label=\"Calidad de vida en el condado de Venura - opens in new tab\" data-uw-rm-ext-link=\"\">Calidad de vida en el condado de Venura<\/a><br role=\"presentation\" data-uw-rm-sr=\"\" \/>Bienvenido a este breve recorrido por el condado de Ventura y nuestras diez comunidades clave. Rara vez un lugar ofrece la combinaci\u00f3n \u00fanica de infraestructura, mano de obra cualificada, estabilidad financiera, acceso al mercado, asequibilidad y calidad de vida que ofrece el condado de Ventura.<\/li><li><a href=\"https:\/\/venturacounty.gov\/parks-department\/parks-department\" target=\"_blank\" rel=\"noopener noreferrer\" aria-label=\"Departamento de Parques del Condado de Ventura - opens in new tab\" data-uw-rm-ext-link=\"\">Departamento de Parques del Condado de Ventura<\/a><\/li><li><a href=\"https:\/\/www.venturacountyfair.org\/\" target=\"_blank\" rel=\"noopener noreferrer\" aria-label=\"Feria del Condado de Ventura - opens in new tab\" data-uw-rm-ext-link=\"\">Feria del condado de Ventura<\/a><\/li><li><a href=\"https:\/\/www.venturacountywest.com\/\" target=\"_blank\" rel=\"noopener noreferrer\" aria-label=\"Ventura County West - se abre en una nueva pesta\u00f1a\" data-uw-rm-ext-link=\"\">Condado de Ventura Oeste<\/a><img decoding=\"async\" class=\"alignnone\" title=\"Pol\u00edtica de sitios web externos\" src=\"https:\/\/venturacounty.gov\/wp-content\/uploads\/2025\/07\/exitdisclaimer.gif\" alt=\"External Website Policy\" width=\"16\" height=\"11\" data-uw-rm-ima-original=\"external website policy\" \/><\/li><\/ul><p><strong>\u00a0En Camarillo<\/strong><\/p><ul class=\"arrow-list\"><li><a href=\"https:\/\/www.teamsideline.com\/sites\/pleasantvalley\/home\" target=\"_blank\" rel=\"noopener noreferrer\" aria-label=\"Pleasant Valley Recreation &amp; Parks District - se abre en una nueva pesta\u00f1a\" data-uw-rm-ext-link=\"\">Distrito de Parques y Actividades Recreativas de Pleasant Valley<\/a><\/li><\/ul><p><strong>En Fillmore<\/strong><\/p><ul class=\"arrow-list\"><li><a href=\"https:\/\/www.heritagevalleyca.org\/\" target=\"_blank\" rel=\"noopener noreferrer\" aria-label=\"Oficina de Turismo del Valle del Patrimonio - opens in new tab\" data-uw-rm-ext-link=\"\">Oficina de Turismo del Valle del Patrimonio<\/a><br role=\"presentation\" data-uw-rm-sr=\"\" \/>Sirviendo a las comunidades de Piru, Fillmore y Santa Paula incluyendo sus socios regionales a lo largo de la autopista 126 en el condado de Ventura.<\/li><li><a href=\"https:\/\/www.fillmoreca.com\/176\/Parks-Recreation\" target=\"_blank\" rel=\"noopener noreferrer\" aria-label=\"City of Fillmore Parks &amp; Recreation - se abre en una nueva pesta\u00f1a\" data-uw-rm-ext-link=\"\">Parques y actividades recreativas de la ciudad de Fillmore<\/a><\/li><\/ul><p><strong>En Moorpark<\/strong><\/p><ul class=\"arrow-list\"><li><a href=\"https:\/\/moorparkca.gov\/199\/Recreation\" target=\"_blank\" rel=\"noopener noreferrer\" aria-label=\"City of Moorpark Parks &amp; Recreation - se abre en una nueva pesta\u00f1a\" data-uw-rm-ext-link=\"\">Parques y actividades recreativas de la ciudad de Moorpark<\/a><\/li><\/ul><p><strong>En Ojai<\/strong><\/p><ul class=\"arrow-list\"><li><a href=\"https:\/\/www.ojaivisitors.com\/\" target=\"_blank\" rel=\"noopener noreferrer\" aria-label=\"Oficina de Turismo de Ojai - opens in new tab\" data-uw-rm-ext-link=\"\">Oficina de Turismo de Ojai<\/a><br role=\"presentation\" data-uw-rm-sr=\"\" \/>Viva la magia de Ojai, California, y disfrute de una fant\u00e1stica escapada, a s\u00f3lo 90 minutos al norte de Los \u00c1ngeles. Vaya de compras por el encantador centro del pueblo de Ojai, camine por las colinas o recorra en bicicleta los pintorescos senderos de Ojai. Rel\u00e1jese con una copa de vino ecol\u00f3gico de la zona o disfrute de un lujoso tratamiento en el spa. Y al final del d\u00eda... acurr\u00faquese junto a la chimenea en una de las famosas posadas de Ojai.<\/li><li><a href=\"https:\/\/www.facebook.com\/OjaiRecreationDepartment\" target=\"_blank\" rel=\"noopener noreferrer\" aria-label=\"City of Ojai Recreation - se abre en una nueva pesta\u00f1a\" data-uw-rm-ext-link=\"\">Actividades recreativas de la ciudad de Ojai<\/a><\/li><\/ul><p><strong>En Oxnard<\/strong><\/p><ul class=\"arrow-list\"><li><a href=\"https:\/\/www.visitoxnard.com\/\" target=\"_blank\" rel=\"noopener noreferrer\" aria-label=\"Oxnard Convention &amp; Visitors Bureau - se abre en una nueva pesta\u00f1a\" data-uw-rm-ext-link=\"\">Oficina de Turismo y Congresos de Oxnard<\/a><br role=\"presentation\" data-uw-rm-sr=\"\" \/>A s\u00f3lo sesenta millas al noroeste de Los \u00c1ngeles, encontrar\u00e1 la desenfadada ciudad costera de Oxnard, donde le esperan actividades recreativas frente al mar, fabulosos festivales, dulces fresas, un clima excepcional y kil\u00f3metros de playas sin aglomeraciones.<\/li><li><a href=\"https:\/\/oxnardrec.org\/17\" target=\"_blank\" rel=\"noopener noreferrer\" aria-label=\"Servicios recreativos y comunitarios de la ciudad de Oxnard - opens in new tab\" data-uw-rm-ext-link=\"\">Servicios recreativos y comunitarios de la ciudad de Oxnard<\/a><img decoding=\"async\" title=\"Pol\u00edtica de sitios web externos\" src=\"https:\/\/venturacounty.gov\/wp-content\/uploads\/2025\/07\/exitdisclaimer.gif\" alt=\"External Website Policy\" data-uw-rm-ima-original=\"external website policy\" \/><\/li><\/ul><p><strong>En Port Hueneme<\/strong><\/p><ul class=\"arrow-list\"><li><a href=\"https:\/\/www.ci.port-hueneme.ca.us\/1346\/Recreation-Community-Services\" target=\"_blank\" rel=\"noopener noreferrer\" aria-label=\"Servicios recreativos y comunitarios de la ciudad de Port Hueneme - opens in new tab\" data-uw-rm-ext-link=\"\">Servicios recreativos y comunitarios de la ciudad de Port Hueneme<\/a><img decoding=\"async\" class=\"alignnone\" title=\"Pol\u00edtica de sitios web externos\" src=\"https:\/\/venturacounty.gov\/wp-content\/uploads\/2025\/07\/exitdisclaimer.gif\" alt=\"External Website Policy\" width=\"16\" height=\"11\" data-uw-rm-ima-original=\"external website policy\" \/><\/li><\/ul><p><strong>En Santa Paula<\/strong><\/p><ul class=\"arrow-list\"><li><a href=\"https:\/\/www.visitsantapaulaca.com\/\" target=\"_blank\" rel=\"noopener noreferrer\" aria-label=\"Visita Santa Paula - opens in new tab\" data-uw-rm-ext-link=\"\">Visita Santa Paula<\/a><img decoding=\"async\" class=\"alignnone\" title=\"Pol\u00edtica de sitios web externos\" src=\"https:\/\/venturacounty.gov\/wp-content\/uploads\/2025\/07\/exitdisclaimer.gif\" alt=\"External Website Policy\" width=\"16\" height=\"11\" data-uw-rm-ima-original=\"external website policy\" \/><br role=\"presentation\" data-uw-rm-sr=\"\" \/>Con una combinaci\u00f3n excepcional de clima, ubicaci\u00f3n y encanto, Santa Paula es un destino favorito para los visitantes durante todo el a\u00f1o. Rica en historia y cultura, hay atracciones perennes y eventos anuales para todos los intereses y todas las edades.<\/li><li><a href=\"https:\/\/www.heritagevalleyca.org\/\" target=\"_blank\" rel=\"noopener noreferrer\" aria-label=\"Oficina de Turismo del Valle del Patrimonio - opens in new tab\" data-uw-rm-ext-link=\"\">Oficina de Turismo del Valle del Patrimonio<\/a><br role=\"presentation\" data-uw-rm-sr=\"\" \/>Sirviendo a las comunidades de Piru, Fillmore y Santa Paula incluyendo sus socios regionales a lo largo de la autopista 126 en el condado de Ventura.<\/li><li><a href=\"https:\/\/www.spcity.org\/211\/Parks-Recreation\" target=\"_blank\" rel=\"noopener noreferrer\" aria-label=\"City of Santa Paula Parks &amp; Recreation - se abre en una nueva pesta\u00f1a\" data-uw-rm-ext-link=\"\">Parques y actividades recreativas de la ciudad de Santa Paula<\/a><\/li><\/ul><p><strong>En Simi Valley<\/strong><\/p><ul class=\"arrow-list\"><li><a href=\"https:\/\/www.rsrpd.org\/\" target=\"_blank\" rel=\"noopener noreferrer\" aria-label=\"Rancho Simi Recreation &amp; Park District - se abre en una nueva pesta\u00f1a\" data-uw-rm-ext-link=\"\">Distrito de Ocio y Parques de Rancho Simi<\/a><\/li><li><a href=\"https:\/\/www.simivalleychamber.org\/\" target=\"_blank\" rel=\"noopener noreferrer\" aria-label=\"C\u00e1mara de Comercio y Centro de Visitantes de Simi Valley - opens in new tab\" data-uw-rm-ext-link=\"\">C\u00e1mara de Comercio y Centro de Visitantes de Simi Valley<\/a><\/li><\/ul><p><strong>En Thousand Oaks<\/strong><\/p><ul class=\"arrow-list\"><li><a href=\"https:\/\/www.crpd.org\/\" target=\"_blank\" rel=\"noopener noreferrer\" aria-label=\"Conejo Recreation &amp; Park District - se abre en una nueva pesta\u00f1a\" data-uw-rm-ext-link=\"\">Distrito de Ocio y Parques de Conejo<\/a><\/li><\/ul><p><strong>En Ventura<\/strong><\/p><ul class=\"arrow-list\"><li><a href=\"https:\/\/visitventuraca.com\/\" target=\"_blank\" rel=\"noopener noreferrer\" aria-label=\"Ventura Visitor &amp; Convention Bureau - se abre en una nueva pesta\u00f1a\" data-uw-rm-ext-link=\"\">Oficina de Visitantes y Convenciones de Ventura<\/a><br role=\"presentation\" data-uw-rm-sr=\"\" \/>Los visitantes de Ventura disfrutan de las abundantes actividades art\u00edsticas y culturales, las aventuras al aire libre y la rica fusi\u00f3n de abundancia agr\u00edcola y proximidad al oc\u00e9ano que la convierten en el para\u00edso de los chefs. El Parque Nacional de las Islas del Canal se encuentra justo al lado de la costa, al igual que un Santuario Marino Nacional. El Bosque Nacional de Los Padres se encuentra en las estribaciones de Ventura, mientras que dos de los r\u00edos abiertos m\u00e1s largos de California contribuyen a delimitar la ciudad. Como autoridad tur\u00edstica oficial de Ventura, perm\u00edtanos ayudarle a planificar su estancia en Ventura. En este sitio encontrar\u00e1 informaci\u00f3n sobre hoteles, cosas que hacer, restaurantes y nuestros galardonados campos de golf.<\/li><li><a href=\"https:\/\/www.cityofventura.ca.gov\/219\/Parks-Recreation\" target=\"_blank\" rel=\"noopener noreferrer\" aria-label=\"Parques y actividades recreativas de la ciudad de Ventura - opens in new tab\" data-uw-rm-ext-link=\"\">Parques y actividades recreativas de la ciudad de Ventura<\/a><\/li><\/ul><p><strong>C\u00e1maras de Comercio<\/strong><\/p><ul class=\"arrow-list\"><li><a href=\"https:\/\/www.wvcba.org\/\" target=\"_blank\" rel=\"noopener noreferrer\" aria-label=\"C\u00e1mara de Comercio de Camarillo - opens in new tab\" data-uw-rm-ext-link=\"\">C\u00e1mara de Comercio de Camarillo<\/a><\/li><li><a href=\"https:\/\/www.facebook.com\/FillmoreChamberCommerce\" target=\"_blank\" rel=\"noopener noreferrer\" aria-label=\"C\u00e1mara de Comercio de Fillmore - opens in new tab\" data-uw-rm-ext-link=\"\">C\u00e1mara de Comercio de Fillmore<\/a><\/li><li><a href=\"https:\/\/www.moorparkchamber.com\/\" target=\"_blank\" rel=\"noopener noreferrer\" aria-label=\"C\u00e1mara de Comercio de Moorpark - opens in new tab\" data-uw-rm-ext-link=\"\">C\u00e1mara de Comercio de Moorpark<\/a><\/li><li><a href=\"https:\/\/ojaichamber.org\/\" target=\"_blank\" rel=\"noopener noreferrer\" aria-label=\"C\u00e1mara de Comercio de Ojai - opens in new tab\" data-uw-rm-ext-link=\"\">C\u00e1mara de Comercio de Ojai<\/a><\/li><li><a href=\"https:\/\/www.facebook.com\/HuenemeChamber\" target=\"_blank\" rel=\"noopener noreferrer\" aria-label=\"C\u00e1mara de Comercio de Port Hueneme - opens in new tab\" data-uw-rm-ext-link=\"\">C\u00e1mara de Comercio de Port Hueneme<\/a><\/li><li><a href=\"https:\/\/www.santapaulachamber.com\/\" target=\"_blank\" rel=\"noopener noreferrer\" aria-label=\"C\u00e1mara de Comercio de Santa Paula - opens in new tab\" data-uw-rm-ext-link=\"\">C\u00e1mara de Comercio de Santa Paula<\/a><\/li><li><a href=\"https:\/\/www.conejochamber.org\/\" target=\"_blank\" rel=\"noopener noreferrer\" aria-label=\"C\u00e1mara de Comercio de Thousand Oaks-Greater Conejo Valley - opens in new tab\" data-uw-rm-ext-link=\"\">C\u00e1mara de Comercio de Thousand Oaks-Greater Conejo Valley<\/a><\/li><li><a href=\"https:\/\/www.venturachamber.com\/\" target=\"_blank\" rel=\"noopener noreferrer\" aria-label=\"C\u00e1mara de Comercio de Ventura - opens in new tab\" data-uw-rm-ext-link=\"\">C\u00e1mara de Comercio de Ventura<\/a><\/li><\/ul><\/div><\/div><\/div><\/div>\t\t\t\t\t\t\t\t<\/div>\n\t\t\t\t<\/div>\n\t\t\t\t\t<\/div>\n\t\t\t\t<\/div>\n\t\t\t\t\t<\/div>\n\t\t\t\t<\/div>\n\t\t\t\t<\/div>","protected":false},"excerpt":{"rendered":"<p>In the County of Ventura Quality of Life in Venura CountyWelcome to this brief tour of Ventura County and our ten key communities. Rarely does a location provide the unique combination of infrastructure, skilled workforce, financial stability, market access, affordability and the quality of life that\u2019s available in Ventura County. County of Ventura Parks Department [&hellip;]<\/p>\n","protected":false},"author":5,"featured_media":0,"parent":120,"menu_order":0,"comment_status":"closed","ping_status":"closed","template":"","meta":{"_relevanssi_hide_post":"","_relevanssi_hide_content":"","_relevanssi_pin_for_all":"","_relevanssi_pin_keywords":"","_relevanssi_unpin_keywords":"","_relevanssi_related_keywords":"","_relevanssi_related_include_ids":"","_relevanssi_related_exclude_ids":"","_relevanssi_related_no_append":"","_relevanssi_related_not_related":"","_relevanssi_related_posts":"","_relevanssi_noindex_reason":"","footnotes":""},"categories":[13],"tags":[],"class_list":["post-169","page","type-page","status-publish","hentry","category-visitors"],"_links":{"self":[{"href":"https:\/\/staging.venturacounty.gov\/es\/wp-json\/wp\/v2\/pages\/169","targetHints":{"allow":["GET"]}}],"collection":[{"href":"https:\/\/staging.venturacounty.gov\/es\/wp-json\/wp\/v2\/pages"}],"about":[{"href":"https:\/\/staging.venturacounty.gov\/es\/wp-json\/wp\/v2\/types\/page"}],"author":[{"embeddable":true,"href":"https:\/\/staging.venturacounty.gov\/es\/wp-json\/wp\/v2\/users\/5"}],"replies":[{"embeddable":true,"href":"https:\/\/staging.venturacounty.gov\/es\/wp-json\/wp\/v2\/comments?post=169"}],"version-history":[{"count":0,"href":"https:\/\/staging.venturacounty.gov\/es\/wp-json\/wp\/v2\/pages\/169\/revisions"}],"up":[{"embeddable":true,"href":"https:\/\/staging.venturacounty.gov\/es\/wp-json\/wp\/v2\/pages\/120"}],"wp:attachment":[{"href":"https:\/\/staging.venturacounty.gov\/es\/wp-json\/wp\/v2\/media?parent=169"}],"wp:term":[{"taxonomy":"category","embeddable":true,"href":"https:\/\/staging.venturacounty.gov\/es\/wp-json\/wp\/v2\/categories?post=169"},{"taxonomy":"post_tag","embeddable":true,"href":"https:\/\/staging.venturacounty.gov\/es\/wp-json\/wp\/v2\/tags?post=169"}],"curies":[{"name":"wp","href":"https:\/\/api.w.org\/{rel}","templated":true}]}}