{"id":168,"date":"2023-07-19T06:35:27","date_gmt":"2023-07-19T06:35:27","guid":{"rendered":"https:\/\/staging.venturacounty.gov\/?page_id=168"},"modified":"2025-07-16T23:24:51","modified_gmt":"2025-07-16T23:24:51","slug":"transportation","status":"publish","type":"page","link":"https:\/\/staging.venturacounty.gov\/es\/visitors\/transportation\/","title":{"rendered":"Transporte"},"content":{"rendered":"<div data-elementor-type=\"wp-page\" data-elementor-id=\"168\" class=\"elementor elementor-168\" data-elementor-post-type=\"page\">\n\t\t\t\t<div class=\"elementor-element elementor-element-363cae5 e-flex e-con-boxed e-con e-parent\" data-id=\"363cae5\" data-element_type=\"container\">\n\t\t\t\t\t<div class=\"e-con-inner\">\n\t\t<div class=\"elementor-element elementor-element-7ae7644 e-flex e-con-boxed e-con e-child\" data-id=\"7ae7644\" data-element_type=\"container\">\n\t\t\t\t\t<div class=\"e-con-inner\">\n\t\t<div class=\"elementor-element elementor-element-b137974 e-flex e-con-boxed e-con e-child\" data-id=\"b137974\" data-element_type=\"container\">\n\t\t\t\t\t<div class=\"e-con-inner\">\n\t\t<div class=\"elementor-element elementor-element-22ed49d e-flex e-con-boxed e-con e-child\" data-id=\"22ed49d\" data-element_type=\"container\" data-settings=\"{&quot;background_background&quot;:&quot;classic&quot;}\">\n\t\t\t\t\t<div class=\"e-con-inner\">\n\t\t<div class=\"elementor-element elementor-element-e600d0e e-flex e-con-boxed e-con e-child\" data-id=\"e600d0e\" data-element_type=\"container\" data-settings=\"{&quot;background_background&quot;:&quot;classic&quot;}\">\n\t\t\t\t\t<div class=\"e-con-inner\">\n\t\t<div class=\"elementor-element elementor-element-e013e44 e-flex e-con-boxed e-con e-child\" data-id=\"e013e44\" data-element_type=\"container\" data-settings=\"{&quot;background_background&quot;:&quot;classic&quot;}\">\n\t\t\t\t\t<div class=\"e-con-inner\">\n\t\t\t\t<div class=\"elementor-element elementor-element-a54e374 elementor-widget elementor-widget-image\" data-id=\"a54e374\" data-element_type=\"widget\" data-widget_type=\"image.default\">\n\t\t\t\t<div class=\"elementor-widget-container\">\n\t\t\t\t\t\t\t\t\t\t\t\t\t\t\t\t<a href=\"\/es\/visitors\/\">\n\t\t\t\t\t\t\t<img decoding=\"async\" width=\"357\" height=\"75\" src=\"https:\/\/staging.venturacounty.gov\/wp-content\/uploads\/2023\/07\/visitors-header.png\" class=\"attachment-large size-large wp-image-131\" alt=\"Visitors\" srcset=\"https:\/\/staging.venturacounty.gov\/wp-content\/uploads\/2023\/07\/visitors-header.png 357w, https:\/\/staging.venturacounty.gov\/wp-content\/uploads\/2023\/07\/visitors-header-300x63.png 300w\" sizes=\"(max-width: 357px) 100vw, 357px\" \/>\t\t\t\t\t\t\t\t<\/a>\n\t\t\t\t\t\t\t\t\t\t\t\t\t\t\t<\/div>\n\t\t\t\t<\/div>\n\t\t\t\t\t<\/div>\n\t\t\t\t<\/div>\n\t\t\t\t\t<\/div>\n\t\t\t\t<\/div>\n\t\t\t\t\t<\/div>\n\t\t\t\t<\/div>\n\t\t\t\t\t<\/div>\n\t\t\t\t<\/div>\n\t\t\t\t\t<\/div>\n\t\t\t\t<\/div>\n\t\t\t\t\t<\/div>\n\t\t\t\t<\/div>\n\t\t<div class=\"elementor-element elementor-element-949f6f1 e-flex e-con-boxed e-con e-parent\" data-id=\"949f6f1\" data-element_type=\"container\">\n\t\t\t\t\t<div class=\"e-con-inner\">\n\t\t<div class=\"elementor-element elementor-element-5e31600 e-flex e-con-boxed e-con e-child\" data-id=\"5e31600\" data-element_type=\"container\">\n\t\t\t\t\t<div class=\"e-con-inner\">\n\t\t\t\t<div class=\"elementor-element elementor-element-da475d8 elementor-nav-menu--dropdown-tablet elementor-nav-menu__text-align-aside elementor-nav-menu--toggle elementor-nav-menu--burger elementor-widget elementor-widget-nav-menu\" data-id=\"da475d8\" data-element_type=\"widget\" data-settings=\"{&quot;layout&quot;:&quot;horizontal&quot;,&quot;submenu_icon&quot;:{&quot;value&quot;:&quot;&lt;i class=\\&quot;fas fa-caret-down\\&quot;&gt;&lt;\\\/i&gt;&quot;,&quot;library&quot;:&quot;fa-solid&quot;},&quot;toggle&quot;:&quot;burger&quot;}\" data-widget_type=\"nav-menu.default\">\n\t\t\t\t<div class=\"elementor-widget-container\">\n\t\t\t\t\t\t\t\t<nav aria-label=\"Men\u00fa\" class=\"elementor-nav-menu--main elementor-nav-menu__container elementor-nav-menu--layout-horizontal e--pointer-background e--animation-fade\">\n\t\t\t\t<ul id=\"menu-1-da475d8\" class=\"elementor-nav-menu\"><li class=\"menu-item menu-item-type-post_type menu-item-object-page menu-item-108\"><a href=\"https:\/\/staging.venturacounty.gov\/es\/government\/\" class=\"elementor-item\">Gobierno<\/a><\/li>\n<li class=\"menu-item menu-item-type-post_type menu-item-object-page menu-item-107\"><a href=\"https:\/\/staging.venturacounty.gov\/es\/business-services\/\" class=\"elementor-item\">Servicios a empresas<\/a><\/li>\n<li class=\"menu-item menu-item-type-post_type menu-item-object-page menu-item-110\"><a href=\"https:\/\/staging.venturacounty.gov\/es\/environment\/\" class=\"elementor-item\">Medio ambiente<\/a><\/li>\n<li class=\"menu-item menu-item-type-post_type menu-item-object-page menu-item-119\"><a href=\"https:\/\/staging.venturacounty.gov\/es\/health-and-human-services\/\" class=\"elementor-item\">Sanidad y Servicios Humanos<\/a><\/li>\n<li class=\"menu-item menu-item-type-post_type menu-item-object-page menu-item-118\"><a href=\"https:\/\/staging.venturacounty.gov\/es\/emergency-services\/\" class=\"elementor-item\">Servicios de emergencia<\/a><\/li>\n<li class=\"menu-item menu-item-type-post_type menu-item-object-page menu-item-117\"><a href=\"https:\/\/staging.venturacounty.gov\/es\/residents\/\" class=\"elementor-item\">Residentes<\/a><\/li>\n<li class=\"menu-item menu-item-type-post_type menu-item-object-page menu-item-121\"><a href=\"https:\/\/staging.venturacounty.gov\/es\/visitors\/\" class=\"elementor-item\">Visitantes<\/a><\/li>\n<li class=\"menu-item menu-item-type-post_type menu-item-object-page menu-item-123\"><a href=\"https:\/\/staging.venturacounty.gov\/es\/government\/email-us\/\" class=\"elementor-item\">Contacte con nosotros<\/a><\/li>\n<\/ul>\t\t\t<\/nav>\n\t\t\t\t\t<div class=\"elementor-menu-toggle\" role=\"button\" tabindex=\"0\" aria-label=\"Men\u00fa Toggle\" aria-expanded=\"false\">\n\t\t\t<i aria-hidden=\"true\" role=\"presentation\" class=\"elementor-menu-toggle__icon--open eicon-menu-bar\"><\/i><i aria-hidden=\"true\" role=\"presentation\" class=\"elementor-menu-toggle__icon--close eicon-close\"><\/i>\t\t<\/div>\n\t\t\t\t\t<nav class=\"elementor-nav-menu--dropdown elementor-nav-menu__container\" aria-hidden=\"true\">\n\t\t\t\t<ul id=\"menu-2-da475d8\" class=\"elementor-nav-menu\"><li class=\"menu-item menu-item-type-post_type menu-item-object-page menu-item-108\"><a href=\"https:\/\/staging.venturacounty.gov\/es\/government\/\" class=\"elementor-item\" tabindex=\"-1\">Gobierno<\/a><\/li>\n<li class=\"menu-item menu-item-type-post_type menu-item-object-page menu-item-107\"><a href=\"https:\/\/staging.venturacounty.gov\/es\/business-services\/\" class=\"elementor-item\" tabindex=\"-1\">Servicios a empresas<\/a><\/li>\n<li class=\"menu-item menu-item-type-post_type menu-item-object-page menu-item-110\"><a href=\"https:\/\/staging.venturacounty.gov\/es\/environment\/\" class=\"elementor-item\" tabindex=\"-1\">Medio ambiente<\/a><\/li>\n<li class=\"menu-item menu-item-type-post_type menu-item-object-page menu-item-119\"><a href=\"https:\/\/staging.venturacounty.gov\/es\/health-and-human-services\/\" class=\"elementor-item\" tabindex=\"-1\">Sanidad y Servicios Humanos<\/a><\/li>\n<li class=\"menu-item menu-item-type-post_type menu-item-object-page menu-item-118\"><a href=\"https:\/\/staging.venturacounty.gov\/es\/emergency-services\/\" class=\"elementor-item\" tabindex=\"-1\">Servicios de emergencia<\/a><\/li>\n<li class=\"menu-item menu-item-type-post_type menu-item-object-page menu-item-117\"><a href=\"https:\/\/staging.venturacounty.gov\/es\/residents\/\" class=\"elementor-item\" tabindex=\"-1\">Residentes<\/a><\/li>\n<li class=\"menu-item menu-item-type-post_type menu-item-object-page menu-item-121\"><a href=\"https:\/\/staging.venturacounty.gov\/es\/visitors\/\" class=\"elementor-item\" tabindex=\"-1\">Visitantes<\/a><\/li>\n<li class=\"menu-item menu-item-type-post_type menu-item-object-page menu-item-123\"><a href=\"https:\/\/staging.venturacounty.gov\/es\/government\/email-us\/\" class=\"elementor-item\" tabindex=\"-1\">Contacte con nosotros<\/a><\/li>\n<\/ul>\t\t\t<\/nav>\n\t\t\t\t\t\t<\/div>\n\t\t\t\t<\/div>\n\t\t\t\t\t<\/div>\n\t\t\t\t<\/div>\n\t\t\t\t\t<\/div>\n\t\t\t\t<\/div>\n\t\t<div class=\"elementor-element elementor-element-5a97add e-flex e-con-boxed e-con e-parent\" data-id=\"5a97add\" data-element_type=\"container\">\n\t\t\t\t\t<div class=\"e-con-inner\">\n\t\t<div class=\"elementor-element elementor-element-4ab656b e-flex e-con-boxed e-con e-child\" data-id=\"4ab656b\" data-element_type=\"container\">\n\t\t\t\t\t<div class=\"e-con-inner\">\n\t\t\t\t<div class=\"elementor-element elementor-element-7815bb1 elementor-widget elementor-widget-heading\" data-id=\"7815bb1\" data-element_type=\"widget\" data-widget_type=\"heading.default\">\n\t\t\t\t<div class=\"elementor-widget-container\">\n\t\t\t\t\t<h1 class=\"elementor-heading-title elementor-size-default\">Transporte<\/h1>\t\t\t\t<\/div>\n\t\t\t\t<\/div>\n\t\t\t\t<div class=\"elementor-element elementor-element-d496e4e elementor-widget elementor-widget-text-editor\" data-id=\"d496e4e\" data-element_type=\"widget\" data-widget_type=\"text-editor.default\">\n\t\t\t\t<div class=\"elementor-widget-container\">\n\t\t\t\t\t\t\t\t\t<div class=\"wpb_column vc_column_container vc_col-sm-6\"><div class=\"wpb_wrapper\"><div class=\"wpb_text_column wpb_content_element\"><div class=\"wpb_wrapper\"><ul class=\"arrow-list\"><li><strong><a href=\"https:\/\/venturacounty.gov\/gis-and-mapping\/\">Mapas del condado de Ventura<\/a><\/strong><\/li><\/ul><p><strong>En autob\u00fas<\/strong><\/p><ul class=\"arrow-list\"><li><strong><a href=\"https:\/\/www.goldcoasttransit.org\/\" target=\"_blank\" rel=\"noopener noreferrer\" aria-label=\"Gold Coast Transit - se abre en una nueva pesta\u00f1a\" data-uw-rm-ext-link=\"\">Tr\u00e1nsito de la Costa Dorada<\/a><\/strong><br role=\"presentation\" data-uw-rm-sr=\"\" \/>Gold Coast Transit presta servicios de autob\u00fas de ruta fija en las ciudades de Ojai, Oxnard, Port Hueneme y Ventura, y en las zonas no incorporadas del condado entre las ciudades.<\/li><li><strong><a href=\"https:\/\/www.simivalley.org\/departments\/public-works\/simi-valley-transit\" target=\"_blank\" rel=\"noopener noreferrer\" aria-label=\"Simi Valley Transit - se abre en una nueva pesta\u00f1a\" data-uw-rm-ext-link=\"\">Tr\u00e1nsito de Simi Valley<\/a><\/strong><br role=\"presentation\" data-uw-rm-sr=\"\" \/>Simi Valley Transit (SVT) ha proporcionado servicios de calidad de ruta fija y Americans with Disabilities Act Paratransit\/Dial-A-Ride (ADA\/DAR) en todo Simi Valley durante m\u00e1s de 30 a\u00f1os. Un personal profesionalmente capacitado y orientado al cliente pone \u00e9nfasis en la prestaci\u00f3n de servicios de transporte seguros, de bajo costo y de alta calidad para el p\u00fablico viajero. Se ofrecen tarifas reducidas en el servicio de autob\u00fas de ruta fija de SVT a las personas mayores de 60 a\u00f1os y a las personas con necesidades especiales. En los veh\u00edculos de SVT s\u00f3lo se admiten animales de servicio certificados o animales confinados en un transport\u00edn aprobado.<\/li><\/ul><p><strong>En avi\u00f3n<\/strong><\/p><ul class=\"arrow-list\"><li><strong><a href=\"https:\/\/vcairports.org\/\" target=\"_blank\" rel=\"noopener noreferrer\" aria-label=\"Departamento de Aeropuertos del Condado de Ventura - opens in new tab\" data-uw-rm-ext-link=\"\">Departamento de Aeropuertos del Condado de Ventura<\/a><\/strong><\/li><li><strong><a href=\"https:\/\/santapaulaairport.com\/\" target=\"_blank\" rel=\"noopener noreferrer\" aria-label=\"Aeropuerto de Santa Paula - opens in new tab\" data-uw-rm-ext-link=\"\">Aeropuerto de Santa Paula<\/a><\/strong><\/li><\/ul><p><strong>En barco<\/strong><\/p><ul class=\"arrow-list\"><li><strong><a href=\"https:\/\/www.channelislandsharbor.org\/\" target=\"_blank\" rel=\"noopener noreferrer\" aria-label=\"Channel Islands Harbor - se abre en una nueva pesta\u00f1a\" data-uw-rm-ext-link=\"\">Puerto de Channel Islands<\/a><\/strong><\/li><li><strong><a href=\"https:\/\/www.venturaharbor.com\/\" target=\"_blank\" rel=\"noopener noreferrer\" aria-label=\"Puerto de Ventura - opens in new tab\" data-uw-rm-ext-link=\"\">Puerto de Ventura<\/a><\/strong><\/li><\/ul><p><strong>En bicicleta<\/strong><\/p><ul class=\"arrow-list\"><li><strong><a href=\"https:\/\/www.goventura.org\/?q=travel-ventura%2Fbike%2Fbike-maps\" target=\"_blank\" rel=\"noopener noreferrer\" aria-label=\"Mapas de bicicletas - se abre en una nueva pesta\u00f1a\" data-uw-rm-ext-link=\"\">Mapas de bicicletas<\/a><\/strong><\/li><li><strong><a href=\"https:\/\/www.cityofcamarillo.org\/Departments\/Administrative%20Services\/GIS\/BIKEWAY%20NETWORK%20PATH%20MAP.pdf\" target=\"_blank\" rel=\"noopener noreferrer\" aria-label=\"Carriles bici de Camarillo - opens in new tab\" data-uw-rm-ext-link=\"\" data-uw-pdf-br=\"1\" data-uw-pdf-doc=\"\">Carriles bici de Camarillo<\/a><\/strong><\/li><li><strong><a href=\"https:\/\/www.discoversantapaula.com\/SantaPaula_ThingsToDo.htm\" target=\"_blank\" rel=\"noopener noreferrer\" aria-label=\"Santa Paula Bike Path - se abre en una nueva pesta\u00f1a\" data-uw-rm-ext-link=\"\">Carril bici de Santa Paula<\/a><\/strong><\/li><li><strong><a href=\"https:\/\/www.rsrpd.org\/business_detail_T9_R7.php\" target=\"_blank\" rel=\"noopener noreferrer\" aria-label=\"Simi Valley Bike Paths - Arroyo Simi Bike Path - opens in new tab\" data-uw-rm-ext-link=\"\">Carriles bici de Simi Valley - Carril bici de Arroyo Simi<\/a><\/strong><\/li><li><strong><a title=\"Carriles bici de Thousand Oaks\" href=\"https:\/\/www.toaks.org\/departments\/public-works\/engineering-traffic\/traffic-bikes-pedestrians\/bicycle\" target=\"_blank\" rel=\"noopener noreferrer\" aria-label=\"Carriles bici de Thousand Oaks - opens in new tab\" data-uw-rm-ext-link=\"\">Carriles bici de Thousand Oaks<\/a><\/strong><\/li><li><strong><a href=\"https:\/\/www.fun-in-ventura.com\/bike-trail.html\" target=\"_blank\" rel=\"noopener noreferrer\" aria-label=\"Ventura Beach Bike Trail - se abre en una nueva pesta\u00f1a\" data-uw-rm-ext-link=\"\">Carril bici de la playa de Ventura<\/a><\/strong><\/li><li><strong><a href=\"https:\/\/venturacountytrails.org\/TrailMaps\/OjaiBikePath\/AreaHome.html\" target=\"_blank\" rel=\"noopener noreferrer\" aria-label=\"Carril bici asfaltado de Ventura a Ojai - opens in new tab\" data-uw-rm-ext-link=\"\">Carril bici asfaltado de Ventura a Ojai<\/a><\/strong><\/li><\/ul><p><strong><br \/>En coche - Tr\u00e1fico y transporte<\/strong><\/p><ul class=\"arrow-list\"><li><strong>Transporte del condado<\/strong><br role=\"presentation\" data-uw-rm-sr=\"\" \/>El Departamento de Transporte del Condado de Ventura es responsable de la planificaci\u00f3n, el dise\u00f1o, la financiaci\u00f3n, la construcci\u00f3n, el funcionamiento y el mantenimiento del Sistema de Carreteras del Condado, aproximadamente 544 millas de carreteras, puentes, drenaje e instalaciones de transporte relacionadas, la coordinaci\u00f3n de las necesidades de transporte p\u00fablico del \u00e1rea no incorporada y la prestaci\u00f3n de asesoramiento general sobre transporte a la Junta de Supervisores.<\/li><li><strong><a href=\"https:\/\/www.cityofcamarillo.org\/residents\/public_transportation\/index.php\" target=\"_blank\" rel=\"noopener noreferrer\" aria-label=\"Ciudad de Camarillo - opens in new tab\" data-uw-rm-ext-link=\"\">Ciudad de Camarillo<\/a><\/strong><\/li><li><strong><a href=\"https:\/\/www.fillmoreca.com\/\" target=\"_blank\" rel=\"noopener noreferrer\" aria-label=\"Ciudad de Fillmore - opens in new tab\" data-uw-rm-ext-link=\"\">Ciudad de Fillmore<\/a><\/strong><\/li><li><strong><a href=\"https:\/\/www.moorparkca.gov\/223\/Transportation\" target=\"_blank\" rel=\"noopener noreferrer\" aria-label=\"Ciudad de Moorpark - opens in new tab\" data-uw-rm-ext-link=\"\">Ciudad de Moorpark<\/a><\/strong><\/li><li><strong><a href=\"https:\/\/www.ojai.ca.gov\/307\/Transportation\" target=\"_blank\" rel=\"noopener noreferrer\" aria-label=\"Ciudad de Ojai - opens in new tab\" data-uw-rm-ext-link=\"\">Ciudad de Ojai<\/a><\/strong><\/li><li><strong><a href=\"https:\/\/www.oxnard.gov\/public-works\" target=\"_blank\" rel=\"noopener noreferrer\" aria-label=\"Ciudad de Oxnard - opens in new tab\" data-uw-rm-ext-link=\"\">Ciudad de Oxnard<\/a><\/strong><\/li><li><strong><a href=\"https:\/\/www.ci.port-hueneme.ca.us\/index.aspx?nid=870\" target=\"_blank\" rel=\"noopener noreferrer\" aria-label=\"Ciudad de Port Hueneme - opens in new tab\" data-uw-rm-ext-link=\"\">Ciudad de Port Hueneme<\/a><\/strong><\/li><li><strong><a href=\"https:\/\/spcity.org\/205\/Public-Works\" target=\"_blank\" rel=\"noopener noreferrer\" aria-label=\"Ciudad de Santa Paula - opens in new tab\" data-uw-rm-ext-link=\"\">Ciudad de Santa Paula<\/a><\/strong><\/li><li><strong><a href=\"https:\/\/www.simivalley.org\/\" target=\"_blank\" rel=\"noopener noreferrer\" aria-label=\"Ciudad de Simi Valley - opens in new tab\" data-uw-rm-ext-link=\"\">Ciudad de Simi Valley<\/a><\/strong><\/li><li><strong><a href=\"https:\/\/www.toaks.org\/departments\/public-works\/transit\" target=\"_blank\" rel=\"noopener noreferrer\" aria-label=\"Ciudad de Thousand Oaks - opens in new tab\" data-uw-rm-ext-link=\"\">Ciudad de Thousand Oaks<\/a><\/strong><\/li><li><strong><a href=\"https:\/\/www.cityofventura.ca.gov\/\" target=\"_blank\" rel=\"noopener noreferrer\" aria-label=\"Ciudad de Ventura - opens in new tab\" data-uw-rm-ext-link=\"\">Ciudad de Ventura<\/a><\/strong><\/li><\/ul><p><strong><br \/>Transporte regional<\/strong><\/p><ul class=\"arrow-list\"><li><strong><a href=\"https:\/\/www.commutesmart.info\/\" target=\"_blank\" rel=\"noopener noreferrer\" aria-label=\"CommuteSmart Info - se abre en una nueva pesta\u00f1a\" data-uw-rm-ext-link=\"\">Informaci\u00f3n CommuteSmart<\/a><\/strong><br role=\"presentation\" data-uw-rm-sr=\"\" \/>Bienvenido a CommuteSmart.info, un servicio gratuito que facilita a los sudcalifornianos compartir el trayecto. Si buscas una forma m\u00e1s inteligente de llegar a tu destino, m\u00e1s r\u00e1pida, m\u00e1s barata y menos estresante, aqu\u00ed la encontrar\u00e1s.<\/li><li><strong><a href=\"https:\/\/www.goventura.org\/\" target=\"_blank\" rel=\"noopener noreferrer\" aria-label=\"Comisi\u00f3n de Transporte del Condado de Ventura (VCTC) - opens in new tab\" data-uw-rm-ext-link=\"\">Comisi\u00f3n de Transporte del Condado de Ventura (VCTC)<\/a><\/strong><br role=\"presentation\" data-uw-rm-sr=\"\" \/>La Comisi\u00f3n de Transporte del Condado de Ventura (VCTC) es una agencia de planificaci\u00f3n de transporte regional comprometida a mantener el Condado de Ventura en movimiento. Si usted conduce, utiliza el transporte p\u00fablico, va en bicicleta o camina en el condado de Ventura, lo m\u00e1s probable es que el VCTC le haya ayudado a hacerlo. Al trabajar en estrecha colaboraci\u00f3n con cada una de las ciudades y el condado, el VCTC es siempre consciente de mantener el car\u00e1cter del condado de Ventura, mientras que la priorizaci\u00f3n de las inversiones en transporte.<\/li><\/ul><p><strong>Enlaces relacionados<\/strong><\/p><ul class=\"arrow-list\"><li><strong><a href=\"https:\/\/www.amtrak.com\/home\" target=\"_blank\" rel=\"noopener noreferrer\" aria-label=\"Amtrak - se abre en una nueva pesta\u00f1a\" data-uw-rm-ext-link=\"\">Amtrak<\/a><\/strong><\/li><li><strong><a href=\"https:\/\/www.goventura.org\/\" target=\"_blank\" rel=\"noopener noreferrer\" aria-label=\"GoVentura - se abre en una nueva pesta\u00f1a\" data-uw-rm-ext-link=\"\">GoVentura<\/a><\/strong><\/li><li><strong><a href=\"https:\/\/www.ladottransit.com\/\" target=\"_blank\" rel=\"noopener noreferrer\" aria-label=\"LADOT Transit - se abre en una nueva pesta\u00f1a\" data-uw-rm-ext-link=\"\">LADOT Tr\u00e1nsito<\/a><\/strong><\/li><li><strong><a href=\"https:\/\/metrolinktrains.com\/\" target=\"_blank\" rel=\"noopener noreferrer\" aria-label=\"Metrolink - se abre en una nueva pesta\u00f1a\" data-uw-rm-ext-link=\"\">Metrolink<\/a><\/strong><\/li><li><strong><a href=\"https:\/\/www.moorparkca.gov\/223\/Transportation\" target=\"_blank\" rel=\"noopener noreferrer\" aria-label=\"Moorpark Transit - se abre en una nueva pesta\u00f1a\" data-uw-rm-ext-link=\"\">Tr\u00e1nsito de Moorpark<\/a><\/strong><\/li><li><strong><a href=\"https:\/\/www.goventura.org\/?q=travel-ventura\" target=\"_blank\" rel=\"noopener noreferrer\" aria-label=\"VISTA - abre una nueva pesta\u00f1a\" data-uw-rm-ext-link=\"\">VISTA<\/a><\/strong><\/li><\/ul><\/div><\/div><\/div><\/div>\t\t\t\t\t\t\t\t<\/div>\n\t\t\t\t<\/div>\n\t\t\t\t\t<\/div>\n\t\t\t\t<\/div>\n\t\t\t\t\t<\/div>\n\t\t\t\t<\/div>\n\t\t\t\t<\/div>","protected":false},"excerpt":{"rendered":"<p>Maps of Ventura County By Bus Gold Coast TransitGold Coast Transit provides fixed-route bus services in the cities of Ojai, Oxnard, Port Hueneme and \u00a0Ventura, and in the unincorporated County areas between the cities. Simi Valley TransitSimi Valley Transit (SVT) has provided quality fixed-route and Americans with Disabilities Act Paratransit\/Dial-A-Ride (ADA\/DAR) services throughout Simi Valley [&hellip;]<\/p>\n","protected":false},"author":5,"featured_media":0,"parent":120,"menu_order":0,"comment_status":"closed","ping_status":"closed","template":"","meta":{"_relevanssi_hide_post":"","_relevanssi_hide_content":"","_relevanssi_pin_for_all":"","_relevanssi_pin_keywords":"","_relevanssi_unpin_keywords":"","_relevanssi_related_keywords":"","_relevanssi_related_include_ids":"","_relevanssi_related_exclude_ids":"","_relevanssi_related_no_append":"","_relevanssi_related_not_related":"","_relevanssi_related_posts":"","_relevanssi_noindex_reason":"","footnotes":""},"categories":[13],"tags":[],"class_list":["post-168","page","type-page","status-publish","hentry","category-visitors"],"_links":{"self":[{"href":"https:\/\/staging.venturacounty.gov\/es\/wp-json\/wp\/v2\/pages\/168","targetHints":{"allow":["GET"]}}],"collection":[{"href":"https:\/\/staging.venturacounty.gov\/es\/wp-json\/wp\/v2\/pages"}],"about":[{"href":"https:\/\/staging.venturacounty.gov\/es\/wp-json\/wp\/v2\/types\/page"}],"author":[{"embeddable":true,"href":"https:\/\/staging.venturacounty.gov\/es\/wp-json\/wp\/v2\/users\/5"}],"replies":[{"embeddable":true,"href":"https:\/\/staging.venturacounty.gov\/es\/wp-json\/wp\/v2\/comments?post=168"}],"version-history":[{"count":0,"href":"https:\/\/staging.venturacounty.gov\/es\/wp-json\/wp\/v2\/pages\/168\/revisions"}],"up":[{"embeddable":true,"href":"https:\/\/staging.venturacounty.gov\/es\/wp-json\/wp\/v2\/pages\/120"}],"wp:attachment":[{"href":"https:\/\/staging.venturacounty.gov\/es\/wp-json\/wp\/v2\/media?parent=168"}],"wp:term":[{"taxonomy":"category","embeddable":true,"href":"https:\/\/staging.venturacounty.gov\/es\/wp-json\/wp\/v2\/categories?post=168"},{"taxonomy":"post_tag","embeddable":true,"href":"https:\/\/staging.venturacounty.gov\/es\/wp-json\/wp\/v2\/tags?post=168"}],"curies":[{"name":"wp","href":"https:\/\/api.w.org\/{rel}","templated":true}]}}