{"id":163,"date":"2023-07-19T06:25:56","date_gmt":"2023-07-19T06:25:56","guid":{"rendered":"https:\/\/staging.venturacounty.gov\/?page_id=163"},"modified":"2025-06-27T22:37:11","modified_gmt":"2025-06-27T22:37:11","slug":"social-services","status":"publish","type":"page","link":"https:\/\/staging.venturacounty.gov\/es\/residents\/social-services\/","title":{"rendered":"Servicios sociales"},"content":{"rendered":"<div data-elementor-type=\"wp-page\" data-elementor-id=\"163\" class=\"elementor elementor-163\" data-elementor-post-type=\"page\">\n\t\t\t\t<div class=\"elementor-element elementor-element-363cae5 e-flex e-con-boxed e-con e-parent\" data-id=\"363cae5\" data-element_type=\"container\">\n\t\t\t\t\t<div class=\"e-con-inner\">\n\t\t<div class=\"elementor-element elementor-element-7ae7644 e-flex e-con-boxed e-con e-child\" data-id=\"7ae7644\" data-element_type=\"container\">\n\t\t\t\t\t<div class=\"e-con-inner\">\n\t\t<div class=\"elementor-element elementor-element-b137974 e-flex e-con-boxed e-con e-child\" data-id=\"b137974\" data-element_type=\"container\">\n\t\t\t\t\t<div class=\"e-con-inner\">\n\t\t<div class=\"elementor-element elementor-element-22ed49d e-flex e-con-boxed e-con e-child\" data-id=\"22ed49d\" data-element_type=\"container\" data-settings=\"{&quot;background_background&quot;:&quot;classic&quot;}\">\n\t\t\t\t\t<div class=\"e-con-inner\">\n\t\t<div class=\"elementor-element elementor-element-e600d0e e-flex e-con-boxed e-con e-child\" data-id=\"e600d0e\" data-element_type=\"container\" data-settings=\"{&quot;background_background&quot;:&quot;classic&quot;}\">\n\t\t\t\t\t<div class=\"e-con-inner\">\n\t\t<div class=\"elementor-element elementor-element-e013e44 e-flex e-con-boxed e-con e-child\" data-id=\"e013e44\" data-element_type=\"container\" data-settings=\"{&quot;background_background&quot;:&quot;classic&quot;}\">\n\t\t\t\t\t<div class=\"e-con-inner\">\n\t\t\t\t<div class=\"elementor-element elementor-element-a54e374 elementor-widget elementor-widget-image\" data-id=\"a54e374\" data-element_type=\"widget\" data-widget_type=\"image.default\">\n\t\t\t\t<div class=\"elementor-widget-container\">\n\t\t\t\t\t\t\t\t\t\t\t\t\t\t\t\t<a href=\"\/es\/residents\/\">\n\t\t\t\t\t\t\t<img decoding=\"async\" width=\"357\" height=\"75\" src=\"https:\/\/staging.venturacounty.gov\/wp-content\/uploads\/2023\/07\/residence-header.png\" class=\"attachment-large size-large wp-image-130\" alt=\"Residents\" srcset=\"https:\/\/staging.venturacounty.gov\/wp-content\/uploads\/2023\/07\/residence-header.png 357w, https:\/\/staging.venturacounty.gov\/wp-content\/uploads\/2023\/07\/residence-header-300x63.png 300w\" sizes=\"(max-width: 357px) 100vw, 357px\" \/>\t\t\t\t\t\t\t\t<\/a>\n\t\t\t\t\t\t\t\t\t\t\t\t\t\t\t<\/div>\n\t\t\t\t<\/div>\n\t\t\t\t\t<\/div>\n\t\t\t\t<\/div>\n\t\t\t\t\t<\/div>\n\t\t\t\t<\/div>\n\t\t\t\t\t<\/div>\n\t\t\t\t<\/div>\n\t\t\t\t\t<\/div>\n\t\t\t\t<\/div>\n\t\t\t\t\t<\/div>\n\t\t\t\t<\/div>\n\t\t\t\t\t<\/div>\n\t\t\t\t<\/div>\n\t\t<div class=\"elementor-element elementor-element-949f6f1 e-flex e-con-boxed e-con e-parent\" data-id=\"949f6f1\" data-element_type=\"container\">\n\t\t\t\t\t<div class=\"e-con-inner\">\n\t\t<div class=\"elementor-element elementor-element-5e31600 e-flex e-con-boxed e-con e-child\" data-id=\"5e31600\" data-element_type=\"container\">\n\t\t\t\t\t<div class=\"e-con-inner\">\n\t\t\t\t<div class=\"elementor-element elementor-element-da475d8 elementor-nav-menu--dropdown-tablet elementor-nav-menu__text-align-aside elementor-nav-menu--toggle elementor-nav-menu--burger elementor-widget elementor-widget-nav-menu\" data-id=\"da475d8\" data-element_type=\"widget\" data-settings=\"{&quot;layout&quot;:&quot;horizontal&quot;,&quot;submenu_icon&quot;:{&quot;value&quot;:&quot;&lt;i class=\\&quot;fas fa-caret-down\\&quot;&gt;&lt;\\\/i&gt;&quot;,&quot;library&quot;:&quot;fa-solid&quot;},&quot;toggle&quot;:&quot;burger&quot;}\" data-widget_type=\"nav-menu.default\">\n\t\t\t\t<div class=\"elementor-widget-container\">\n\t\t\t\t\t\t\t\t<nav aria-label=\"Men\u00fa\" class=\"elementor-nav-menu--main elementor-nav-menu__container elementor-nav-menu--layout-horizontal e--pointer-background e--animation-fade\">\n\t\t\t\t<ul id=\"menu-1-da475d8\" class=\"elementor-nav-menu\"><li class=\"menu-item menu-item-type-post_type menu-item-object-page menu-item-108\"><a href=\"https:\/\/staging.venturacounty.gov\/es\/government\/\" class=\"elementor-item\">Gobierno<\/a><\/li>\n<li class=\"menu-item menu-item-type-post_type menu-item-object-page menu-item-107\"><a href=\"https:\/\/staging.venturacounty.gov\/es\/business-services\/\" class=\"elementor-item\">Servicios a empresas<\/a><\/li>\n<li class=\"menu-item menu-item-type-post_type menu-item-object-page menu-item-110\"><a href=\"https:\/\/staging.venturacounty.gov\/es\/environment\/\" class=\"elementor-item\">Medio ambiente<\/a><\/li>\n<li class=\"menu-item menu-item-type-post_type menu-item-object-page menu-item-119\"><a href=\"https:\/\/staging.venturacounty.gov\/es\/health-and-human-services\/\" class=\"elementor-item\">Sanidad y Servicios Humanos<\/a><\/li>\n<li class=\"menu-item menu-item-type-post_type menu-item-object-page menu-item-118\"><a href=\"https:\/\/staging.venturacounty.gov\/es\/emergency-services\/\" class=\"elementor-item\">Servicios de emergencia<\/a><\/li>\n<li class=\"menu-item menu-item-type-post_type menu-item-object-page menu-item-117\"><a href=\"https:\/\/staging.venturacounty.gov\/es\/residents\/\" class=\"elementor-item\">Residentes<\/a><\/li>\n<li class=\"menu-item menu-item-type-post_type menu-item-object-page menu-item-121\"><a href=\"https:\/\/staging.venturacounty.gov\/es\/visitors\/\" class=\"elementor-item\">Visitantes<\/a><\/li>\n<li class=\"menu-item menu-item-type-post_type menu-item-object-page menu-item-123\"><a href=\"https:\/\/staging.venturacounty.gov\/es\/government\/email-us\/\" class=\"elementor-item\">Contacte con nosotros<\/a><\/li>\n<\/ul>\t\t\t<\/nav>\n\t\t\t\t\t<div class=\"elementor-menu-toggle\" role=\"button\" tabindex=\"0\" aria-label=\"Men\u00fa Toggle\" aria-expanded=\"false\">\n\t\t\t<i aria-hidden=\"true\" role=\"presentation\" class=\"elementor-menu-toggle__icon--open eicon-menu-bar\"><\/i><i aria-hidden=\"true\" role=\"presentation\" class=\"elementor-menu-toggle__icon--close eicon-close\"><\/i>\t\t<\/div>\n\t\t\t\t\t<nav class=\"elementor-nav-menu--dropdown elementor-nav-menu__container\" aria-hidden=\"true\">\n\t\t\t\t<ul id=\"menu-2-da475d8\" class=\"elementor-nav-menu\"><li class=\"menu-item menu-item-type-post_type menu-item-object-page menu-item-108\"><a href=\"https:\/\/staging.venturacounty.gov\/es\/government\/\" class=\"elementor-item\" tabindex=\"-1\">Gobierno<\/a><\/li>\n<li class=\"menu-item menu-item-type-post_type menu-item-object-page menu-item-107\"><a href=\"https:\/\/staging.venturacounty.gov\/es\/business-services\/\" class=\"elementor-item\" tabindex=\"-1\">Servicios a empresas<\/a><\/li>\n<li class=\"menu-item menu-item-type-post_type menu-item-object-page menu-item-110\"><a href=\"https:\/\/staging.venturacounty.gov\/es\/environment\/\" class=\"elementor-item\" tabindex=\"-1\">Medio ambiente<\/a><\/li>\n<li class=\"menu-item menu-item-type-post_type menu-item-object-page menu-item-119\"><a href=\"https:\/\/staging.venturacounty.gov\/es\/health-and-human-services\/\" class=\"elementor-item\" tabindex=\"-1\">Sanidad y Servicios Humanos<\/a><\/li>\n<li class=\"menu-item menu-item-type-post_type menu-item-object-page menu-item-118\"><a href=\"https:\/\/staging.venturacounty.gov\/es\/emergency-services\/\" class=\"elementor-item\" tabindex=\"-1\">Servicios de emergencia<\/a><\/li>\n<li class=\"menu-item menu-item-type-post_type menu-item-object-page menu-item-117\"><a href=\"https:\/\/staging.venturacounty.gov\/es\/residents\/\" class=\"elementor-item\" tabindex=\"-1\">Residentes<\/a><\/li>\n<li class=\"menu-item menu-item-type-post_type menu-item-object-page menu-item-121\"><a href=\"https:\/\/staging.venturacounty.gov\/es\/visitors\/\" class=\"elementor-item\" tabindex=\"-1\">Visitantes<\/a><\/li>\n<li class=\"menu-item menu-item-type-post_type menu-item-object-page menu-item-123\"><a href=\"https:\/\/staging.venturacounty.gov\/es\/government\/email-us\/\" class=\"elementor-item\" tabindex=\"-1\">Contacte con nosotros<\/a><\/li>\n<\/ul>\t\t\t<\/nav>\n\t\t\t\t\t\t<\/div>\n\t\t\t\t<\/div>\n\t\t\t\t\t<\/div>\n\t\t\t\t<\/div>\n\t\t\t\t\t<\/div>\n\t\t\t\t<\/div>\n\t\t<div class=\"elementor-element elementor-element-5a97add e-flex e-con-boxed e-con e-parent\" data-id=\"5a97add\" data-element_type=\"container\">\n\t\t\t\t\t<div class=\"e-con-inner\">\n\t\t<div class=\"elementor-element elementor-element-4ab656b e-flex e-con-boxed e-con e-child\" data-id=\"4ab656b\" data-element_type=\"container\">\n\t\t\t\t\t<div class=\"e-con-inner\">\n\t\t\t\t<div class=\"elementor-element elementor-element-faf7e25 elementor-widget elementor-widget-heading\" data-id=\"faf7e25\" data-element_type=\"widget\" data-widget_type=\"heading.default\">\n\t\t\t\t<div class=\"elementor-widget-container\">\n\t\t\t\t\t<h1 class=\"elementor-heading-title elementor-size-default\">Servicios sociales<\/h1>\t\t\t\t<\/div>\n\t\t\t\t<\/div>\n\t\t\t\t<div class=\"elementor-element elementor-element-b957ad7 elementor-widget elementor-widget-text-editor\" data-id=\"b957ad7\" data-element_type=\"widget\" data-widget_type=\"text-editor.default\">\n\t\t\t\t<div class=\"elementor-widget-container\">\n\t\t\t\t\t\t\t\t\t<div class=\"vc_row element-row row\"><div class=\"wpb_column vc_column_container vc_col-sm-12\"><div class=\"wpb_wrapper\"><div class=\"wpb_text_column wpb_content_element\"><div class=\"wpb_wrapper\"><ul class=\"arrow-list\"><li><strong><a href=\"https:\/\/211ventura.org\/\" target=\"_blank\" rel=\"noopener noreferrer\" aria-label=\"2-1-1 Informaci\u00f3n y derivaciones - opens in new tab\" data-uw-rm-ext-link=\"\">2-1-1 Informaci\u00f3n y derivaci\u00f3n<\/a><\/strong><br role=\"presentation\" data-uw-rm-sr=\"\" \/>El 211 conecta cada a\u00f1o a m\u00e1s de 20.000 personas que llaman al condado de Ventura con informaci\u00f3n sobre los servicios que tienen a su disposici\u00f3n, entre los que se incluyen: recursos para necesidades b\u00e1sicas (es decir, alimentos, ropa y alojamiento), recursos de salud f\u00edsica y mental, servicios para casos de violencia dom\u00e9stica, servicios para casos de abuso de sustancias, apoyo al empleo, ayuda para pagar el alquiler y los servicios p\u00fablicos, servicios para personas mayores, servicios para personas con discapacidad, apoyo a ni\u00f1os, j\u00f3venes y familias, asistencia jur\u00eddica y mucho m\u00e1s.<\/li><li><a href=\"\/es\/human-services-agency\/\" target=\"_blank\" rel=\"noopener noreferrer\" aria-label=\"Agencia de Servicios Humanos - opens in new tab\" data-uw-rm-ext-link=\"\"><strong>Agencia de Servicios Humanos<\/strong><\/a><br role=\"presentation\" data-uw-rm-sr=\"\" \/>La Agencia de Servicios Humanos presta servicios que ayudan a garantizar la protecci\u00f3n de los ni\u00f1os, los ancianos y los adultos dependientes; proporciona una red de seguridad a las personas y familias que necesitan ayuda para cubrir sus necesidades b\u00e1sicas, como alimentaci\u00f3n, vivienda y atenci\u00f3n sanitaria; y ayuda a las personas a conseguir empleo a trav\u00e9s de la educaci\u00f3n, la formaci\u00f3n, la capacitaci\u00f3n para la b\u00fasqueda de empleo y la colocaci\u00f3n laboral.<\/li><li><a href=\"https:\/\/benefitscal.com\/\" target=\"_blank\" rel=\"noopener noreferrer\" aria-label=\"Solicitar ayuda p\u00fablica en l\u00ednea - se abre una nueva pesta\u00f1a\" data-uw-rm-ext-link=\"\"><strong>Solicitar asistencia p\u00fablica en l\u00ednea<\/strong><\/a><\/li><\/ul><\/div><\/div><\/div><\/div><\/div><div class=\"vc_row element-row row\"><div class=\"wpb_column vc_column_container vc_col-sm-8\"><div class=\"wpb_wrapper\"><div class=\"wpb_text_column wpb_content_element\"><div class=\"wpb_wrapper\"><h2>Servicios para la infancia<\/h2><ul class=\"arrow-list\"><li><a href=\"\/es\/human-services-agency\/child-protective-services\/\" target=\"_self\" rel=\"noopener noreferrer\"><strong>Servicios de Protecci\u00f3n de Menores - Denuncia de malos tratos y abandono<\/strong><\/a><\/li><li><a href=\"https:\/\/homeswithheartvc.org\/\" target=\"_blank\" rel=\"noopener noreferrer\" aria-label=\"Ser padre de acogida o adoptar - opens in new tab\" data-uw-rm-ext-link=\"\"><strong>Ser padre de acogida o adoptar<\/strong><\/a><\/li><li><a href=\"\/es\/child-support-services\/\" target=\"_self\" rel=\"noopener noreferrer\"><strong>Servicios de apoyo a la infancia<\/strong><\/a><\/li><li><strong><a href=\"\/es\/child-support-services\/receiving-payments\/\" target=\"_self\" rel=\"noopener noreferrer\">Cobro de pensiones alimenticias<\/a><\/strong><\/li><li><strong><a href=\"\/es\/child-support-services\/making-payments\/\" target=\"_self\" rel=\"noopener noreferrer\">Pago de la pensi\u00f3n alimenticia<\/a><\/strong><\/li><li><strong><a href=\"https:\/\/www.vchca.org\/birth-and-death-registration-vital-records\" target=\"_blank\" rel=\"noopener noreferrer\" aria-label=\"Solicitar un certificado de nacimiento - opens in new tab\" data-uw-rm-ext-link=\"\">Solicitar un certificado de nacimiento<\/a><\/strong><\/li><li><a href=\"https:\/\/www.vchca.org\/childhood-injury-prevention-program\" target=\"_blank\" rel=\"noopener noreferrer\" aria-label=\"Programa de protecci\u00f3n contra lesiones infantiles - se abre en una nueva pesta\u00f1a\" data-uw-rm-ext-link=\"\"><strong>Programa de protecci\u00f3n contra lesiones infantiles<\/strong><\/a><\/li><li><a href=\"https:\/\/www.vchca.org\/agency-divisions\/public-health\" target=\"_blank\" rel=\"noopener noreferrer\" aria-label=\"Servicios m\u00e9dicos infantiles - opens in new tab\" data-uw-rm-ext-link=\"\"><strong>Servicios m\u00e9dicos infantiles<\/strong><\/a><\/li><li><a href=\"https:\/\/www.vchca.org\/women-infants-and-children-wic\" target=\"_blank\" rel=\"noopener noreferrer\" aria-label=\"Mujeres, beb\u00e9s y ni\u00f1os - abre una nueva pesta\u00f1a\" data-uw-rm-ext-link=\"\"><strong>Mujeres, beb\u00e9s y ni\u00f1os<\/strong><\/a><\/li><\/ul><\/div><\/div><\/div><\/div><div class=\"wpb_column vc_column_container vc_col-sm-4\"><div class=\"wpb_wrapper\"><div class=\"wpb_single_image wpb_content_element vc_align_left\"><figure class=\"wpb_wrapper vc_figure\"><div class=\"vc_single_image-wrapper vc_box_border_grey\">\u00a0<\/div><\/figure><\/div><\/div><\/div><\/div><div class=\"vc_row element-row row\"><div class=\"wpb_column vc_column_container vc_col-sm-12\"><div class=\"wpb_wrapper\"><div class=\"wpb_text_column wpb_content_element\"><div class=\"wpb_wrapper\"><h2>Servicios para mayores<\/h2><ul class=\"aroow-lit\"><li><strong><a href=\"\/es\/human-services-agency\/adult-protective-services\/\" target=\"_blank\" rel=\"noopener noreferrer\" aria-label=\"Servicios de protecci\u00f3n de adultos - opens in new tab\" data-uw-rm-ext-link=\"\">Servicios de protecci\u00f3n de adultos<\/a>\u00a0- Denuncia de malos tratos y abandono<\/strong><br role=\"presentation\" data-uw-rm-sr=\"\" \/>Los Servicios de Protecci\u00f3n de Adultos responden a las denuncias de malos tratos y abandono de adultos dependientes y personas mayores, y prestan servicios voluntarios de gesti\u00f3n de casos.<\/li><li><strong><a href=\"https:\/\/vcaaa.org\/\" target=\"_blank\" rel=\"noopener noreferrer\" aria-label=\"Area Agency on Aging (VCAAA) - opens in new tab\" data-uw-rm-ext-link=\"\">Agencia de la Tercera Edad (VCAAA)<\/a><\/strong><br role=\"presentation\" data-uw-rm-sr=\"\" \/>El VCAAA siempre est\u00e1 trabajando para mejorar la vida de las personas mayores en el condado de Ventura.  Estamos involucrados en la comunidad a trav\u00e9s de colaboraciones y programas y siempre estamos buscando para abogar por cuestiones de edad avanzada.<\/li><li><strong><a href=\"https:\/\/vcaaa.org\/for-seniors\/\" target=\"_blank\" rel=\"noopener noreferrer\" aria-label=\"Informaci\u00f3n y asistencia para mayores - opens in new tab\" data-uw-rm-ext-link=\"\">Informaci\u00f3n y asistencia para personas mayores<\/a><\/strong><br role=\"presentation\" data-uw-rm-sr=\"\" \/>El Programa de Informaci\u00f3n y Asistencia se ofrece conforme a las directrices del T\u00edtulo III B de la Older American's Act y est\u00e1 dise\u00f1ado para poner en contacto a las personas de 60 a\u00f1os o m\u00e1s (y a sus familias y cuidadores), que necesitan asistencia, con los programas y servicios adecuados de sus comunidades que pueden ayudar a resolver los problemas a los que se enfrentan los adultos mayores. Se considera el punto de entrada\/introducci\u00f3n a la red del sistema de servicios.<\/li><li><strong><a href=\"https:\/\/vcaaa.org\/our-services\/senior-nutrition-program\/\" target=\"_blank\" rel=\"noopener noreferrer\" aria-label=\"Nutrici\u00f3n Senior - opens in new tab\" data-uw-rm-ext-link=\"\">Nutrici\u00f3n Senior<\/a><\/strong><br role=\"presentation\" data-uw-rm-sr=\"\" \/>Los servicios del Programa de Nutrici\u00f3n para Mayores proporcionan un v\u00ednculo vital para mantener la salud y la independencia de los adultos mayores en el condado de Ventura, previniendo la institucionalizaci\u00f3n prematura y mejorando la calidad de vida en general.<\/li><li><strong><a href=\"https:\/\/www.vcaaa.org\/our-services\/care-management-social-services\/\" target=\"_blank\" rel=\"noopener noreferrer\" aria-label=\"Gesti\u00f3n de casos - opens in new tab\" data-uw-rm-ext-link=\"\">Gesti\u00f3n de casos<\/a><\/strong><br role=\"presentation\" data-uw-rm-sr=\"\" \/>Los programas de gesti\u00f3n de casos organizan y supervisan el uso de los servicios comunitarios para ayudar a las personas mayores fr\u00e1giles o discapacitadas a evitar o retrasar el ingreso en una instituci\u00f3n y fomentar una vida independiente. Estos servicios los ofrecen agencias p\u00fablicas, sin \u00e1nimo de lucro y con \u00e1nimo de lucro. Consulte la lista de proveedores de servicios para obtener m\u00e1s informaci\u00f3n.<\/li><li><strong><a href=\"https:\/\/vcaaa.org\/our-services\/medicare-help\/\" target=\"_blank\" rel=\"noopener noreferrer\" aria-label=\"Asesoramiento y defensa del seguro m\u00e9dico - opens in new tab\" data-uw-rm-ext-link=\"\">Asesoramiento y defensa del seguro m\u00e9dico<\/a><\/strong><br role=\"presentation\" data-uw-rm-sr=\"\" \/>El objetivo del Programa de Asesoramiento y Defensa del Seguro M\u00e9dico (HICAP) es proporcionar asesoramiento gratuito y educaci\u00f3n comunitaria sobre Medicare, Medicare Parte D, atenci\u00f3n m\u00e9dica administrada y otras cuestiones relacionadas con el seguro m\u00e9dico.<\/li><li><strong><a href=\"https:\/\/vcaaa.org\/our-services\/caregiver-services\/\" target=\"_blank\" rel=\"noopener noreferrer\" aria-label=\"Programas para cuidadores familiares - opens in new tab\" data-uw-rm-ext-link=\"\">Programas para cuidadores familiares<\/a><\/strong><br role=\"presentation\" data-uw-rm-sr=\"\" \/>Nuestro especialista en Cuidadores Familiares est\u00e1 aqu\u00ed para ayudarle a ponerse en contacto con programas e informaci\u00f3n tales como relevo para cuidadores, servicios para personas mayores con enfermedades o discapacidades cr\u00f3nicas, servicios sanitarios, vivienda, servicios a domicilio, asesoramiento sobre seguros m\u00e9dicos, actividades intergeneracionales, nutrici\u00f3n y transporte.<\/li><li><strong><a href=\"https:\/\/www.vcaaa.org\/our-services\/in-home-support\/\" target=\"_blank\" rel=\"noopener noreferrer\" aria-label=\"Elder Help Program In-Home Services - se abre en una nueva pesta\u00f1a\" data-uw-rm-ext-link=\"\">Programa de ayuda a las personas mayores Servicios a domicilio<\/a><\/strong><br role=\"presentation\" data-uw-rm-sr=\"\" \/>Los servicios a domicilio del programa ElderHelp de la Area Agency on Aging proporcionan cuidados personales, tareas dom\u00e9sticas, cajas de alimentos, ayuda material de emergencia, peque\u00f1as reparaciones en el hogar, modificaciones y\/o dispositivos de seguridad a personas mayores fr\u00e1giles.<\/li><li><a href=\"\/es\/human-services-agency\/in-home-supportive-services-recipients\/\"><strong>Servicios de apoyo a domicilio<\/strong><\/a><br role=\"presentation\" data-uw-rm-sr=\"\" \/>El programa de Servicios de Apoyo a Domicilio de la Agencia de Servicios Humanos ayuda a las personas mayores y discapacitadas a permanecer seguras en sus hogares poni\u00e9ndolas en contacto con proveedores que les ayudan con el cuidado personal, las tareas dom\u00e9sticas, las compras y los recados.<\/li><li><a href=\"\/es\/human-services-agency\/public-administrator-public-guardian\/\" target=\"_blank\" rel=\"noopener noreferrer\" aria-label=\"Ayuda para adultos incapaces de tomar sus propias decisiones (Tutor p\u00fablico) - opens in new tab\" data-uw-rm-ext-link=\"\"><strong>Ayuda para adultos incapaces de tomar sus propias decisiones (Tutor p\u00fablico)<\/strong><\/a><\/li><li><a href=\"\/es\/human-services-agency\/veteran-services\/\" target=\"_self\" rel=\"noopener noreferrer\"><strong>Oficina de Servicios para Veteranos<\/strong><\/a><\/li><\/ul><\/div><\/div><\/div><\/div><\/div>\t\t\t\t\t\t\t\t<\/div>\n\t\t\t\t<\/div>\n\t\t\t\t\t<\/div>\n\t\t\t\t<\/div>\n\t\t\t\t\t<\/div>\n\t\t\t\t<\/div>\n\t\t\t\t<\/div>","protected":false},"excerpt":{"rendered":"<p>2-1-1 Information &amp; Referrals211 connects over 20,000 Ventura County callers each year with information about services available to them, including: basic needs resources (i.e. food, clothing, and shelter), physical and mental health resources, domestic violence services, substance abuse services, employment support, rent and utility assistance, senior services, services for persons with disabilities, support for children, [&hellip;]<\/p>\n","protected":false},"author":5,"featured_media":0,"parent":115,"menu_order":0,"comment_status":"closed","ping_status":"closed","template":"","meta":{"_relevanssi_hide_post":"","_relevanssi_hide_content":"","_relevanssi_pin_for_all":"","_relevanssi_pin_keywords":"","_relevanssi_unpin_keywords":"","_relevanssi_related_keywords":"","_relevanssi_related_include_ids":"","_relevanssi_related_exclude_ids":"","_relevanssi_related_no_append":"","_relevanssi_related_not_related":"","_relevanssi_related_posts":"","_relevanssi_noindex_reason":"","footnotes":""},"categories":[12],"tags":[],"class_list":["post-163","page","type-page","status-publish","hentry","category-residents"],"_links":{"self":[{"href":"https:\/\/staging.venturacounty.gov\/es\/wp-json\/wp\/v2\/pages\/163","targetHints":{"allow":["GET"]}}],"collection":[{"href":"https:\/\/staging.venturacounty.gov\/es\/wp-json\/wp\/v2\/pages"}],"about":[{"href":"https:\/\/staging.venturacounty.gov\/es\/wp-json\/wp\/v2\/types\/page"}],"author":[{"embeddable":true,"href":"https:\/\/staging.venturacounty.gov\/es\/wp-json\/wp\/v2\/users\/5"}],"replies":[{"embeddable":true,"href":"https:\/\/staging.venturacounty.gov\/es\/wp-json\/wp\/v2\/comments?post=163"}],"version-history":[{"count":0,"href":"https:\/\/staging.venturacounty.gov\/es\/wp-json\/wp\/v2\/pages\/163\/revisions"}],"up":[{"embeddable":true,"href":"https:\/\/staging.venturacounty.gov\/es\/wp-json\/wp\/v2\/pages\/115"}],"wp:attachment":[{"href":"https:\/\/staging.venturacounty.gov\/es\/wp-json\/wp\/v2\/media?parent=163"}],"wp:term":[{"taxonomy":"category","embeddable":true,"href":"https:\/\/staging.venturacounty.gov\/es\/wp-json\/wp\/v2\/categories?post=163"},{"taxonomy":"post_tag","embeddable":true,"href":"https:\/\/staging.venturacounty.gov\/es\/wp-json\/wp\/v2\/tags?post=163"}],"curies":[{"name":"wp","href":"https:\/\/api.w.org\/{rel}","templated":true}]}}