{"id":162,"date":"2023-07-19T06:24:32","date_gmt":"2023-07-19T06:24:32","guid":{"rendered":"https:\/\/staging.venturacounty.gov\/?page_id=162"},"modified":"2026-02-24T21:58:12","modified_gmt":"2026-02-24T21:58:12","slug":"public-safety-and-courts","status":"publish","type":"page","link":"https:\/\/staging.venturacounty.gov\/es\/residents\/public-safety-and-courts\/","title":{"rendered":"Seguridad p\u00fablica y tribunales"},"content":{"rendered":"<div data-elementor-type=\"wp-page\" data-elementor-id=\"162\" class=\"elementor elementor-162\" data-elementor-post-type=\"page\">\n\t\t\t\t<div class=\"elementor-element elementor-element-363cae5 e-flex e-con-boxed e-con e-parent\" data-id=\"363cae5\" data-element_type=\"container\">\n\t\t\t\t\t<div class=\"e-con-inner\">\n\t\t<div class=\"elementor-element elementor-element-7ae7644 e-flex e-con-boxed e-con e-child\" data-id=\"7ae7644\" data-element_type=\"container\">\n\t\t\t\t\t<div class=\"e-con-inner\">\n\t\t<div class=\"elementor-element elementor-element-b137974 e-flex e-con-boxed e-con e-child\" data-id=\"b137974\" data-element_type=\"container\">\n\t\t\t\t\t<div class=\"e-con-inner\">\n\t\t<div class=\"elementor-element elementor-element-22ed49d e-flex e-con-boxed e-con e-child\" data-id=\"22ed49d\" data-element_type=\"container\" data-settings=\"{&quot;background_background&quot;:&quot;classic&quot;}\">\n\t\t\t\t\t<div class=\"e-con-inner\">\n\t\t<div class=\"elementor-element elementor-element-e600d0e e-flex e-con-boxed e-con e-child\" data-id=\"e600d0e\" data-element_type=\"container\" data-settings=\"{&quot;background_background&quot;:&quot;classic&quot;}\">\n\t\t\t\t\t<div class=\"e-con-inner\">\n\t\t<div class=\"elementor-element elementor-element-e013e44 e-flex e-con-boxed e-con e-child\" data-id=\"e013e44\" data-element_type=\"container\" data-settings=\"{&quot;background_background&quot;:&quot;classic&quot;}\">\n\t\t\t\t\t<div class=\"e-con-inner\">\n\t\t\t\t<div class=\"elementor-element elementor-element-a54e374 elementor-widget elementor-widget-image\" data-id=\"a54e374\" data-element_type=\"widget\" data-widget_type=\"image.default\">\n\t\t\t\t<div class=\"elementor-widget-container\">\n\t\t\t\t\t\t\t\t\t\t\t\t\t\t\t\t<a href=\"\/es\/residents\/\">\n\t\t\t\t\t\t\t<img decoding=\"async\" width=\"357\" height=\"75\" src=\"https:\/\/staging.venturacounty.gov\/wp-content\/uploads\/2023\/07\/residence-header.png\" class=\"attachment-large size-large wp-image-130\" alt=\"Residents\" srcset=\"https:\/\/staging.venturacounty.gov\/wp-content\/uploads\/2023\/07\/residence-header.png 357w, https:\/\/staging.venturacounty.gov\/wp-content\/uploads\/2023\/07\/residence-header-300x63.png 300w\" sizes=\"(max-width: 357px) 100vw, 357px\" \/>\t\t\t\t\t\t\t\t<\/a>\n\t\t\t\t\t\t\t\t\t\t\t\t\t\t\t<\/div>\n\t\t\t\t<\/div>\n\t\t\t\t\t<\/div>\n\t\t\t\t<\/div>\n\t\t\t\t\t<\/div>\n\t\t\t\t<\/div>\n\t\t\t\t\t<\/div>\n\t\t\t\t<\/div>\n\t\t\t\t\t<\/div>\n\t\t\t\t<\/div>\n\t\t\t\t\t<\/div>\n\t\t\t\t<\/div>\n\t\t\t\t\t<\/div>\n\t\t\t\t<\/div>\n\t\t<div class=\"elementor-element elementor-element-949f6f1 e-flex e-con-boxed e-con e-parent\" data-id=\"949f6f1\" data-element_type=\"container\">\n\t\t\t\t\t<div class=\"e-con-inner\">\n\t\t<div class=\"elementor-element elementor-element-5e31600 e-flex e-con-boxed e-con e-child\" data-id=\"5e31600\" data-element_type=\"container\">\n\t\t\t\t\t<div class=\"e-con-inner\">\n\t\t\t\t<div class=\"elementor-element elementor-element-da475d8 elementor-nav-menu--dropdown-tablet elementor-nav-menu__text-align-aside elementor-nav-menu--toggle elementor-nav-menu--burger elementor-widget elementor-widget-nav-menu\" data-id=\"da475d8\" data-element_type=\"widget\" data-settings=\"{&quot;layout&quot;:&quot;horizontal&quot;,&quot;submenu_icon&quot;:{&quot;value&quot;:&quot;&lt;i class=\\&quot;fas fa-caret-down\\&quot;&gt;&lt;\\\/i&gt;&quot;,&quot;library&quot;:&quot;fa-solid&quot;},&quot;toggle&quot;:&quot;burger&quot;}\" data-widget_type=\"nav-menu.default\">\n\t\t\t\t<div class=\"elementor-widget-container\">\n\t\t\t\t\t\t\t\t<nav aria-label=\"Men\u00fa\" class=\"elementor-nav-menu--main elementor-nav-menu__container elementor-nav-menu--layout-horizontal e--pointer-background e--animation-fade\">\n\t\t\t\t<ul id=\"menu-1-da475d8\" class=\"elementor-nav-menu\"><li class=\"menu-item menu-item-type-post_type menu-item-object-page menu-item-108\"><a href=\"https:\/\/staging.venturacounty.gov\/es\/government\/\" class=\"elementor-item\">Gobierno<\/a><\/li>\n<li class=\"menu-item menu-item-type-post_type menu-item-object-page menu-item-107\"><a href=\"https:\/\/staging.venturacounty.gov\/es\/business-services\/\" class=\"elementor-item\">Servicios a empresas<\/a><\/li>\n<li class=\"menu-item menu-item-type-post_type menu-item-object-page menu-item-110\"><a href=\"https:\/\/staging.venturacounty.gov\/es\/environment\/\" class=\"elementor-item\">Medio ambiente<\/a><\/li>\n<li class=\"menu-item menu-item-type-post_type menu-item-object-page menu-item-119\"><a href=\"https:\/\/staging.venturacounty.gov\/es\/health-and-human-services\/\" class=\"elementor-item\">Sanidad y Servicios Humanos<\/a><\/li>\n<li class=\"menu-item menu-item-type-post_type menu-item-object-page menu-item-118\"><a href=\"https:\/\/staging.venturacounty.gov\/es\/emergency-services\/\" class=\"elementor-item\">Servicios de emergencia<\/a><\/li>\n<li class=\"menu-item menu-item-type-post_type menu-item-object-page menu-item-117\"><a href=\"https:\/\/staging.venturacounty.gov\/es\/residents\/\" class=\"elementor-item\">Residentes<\/a><\/li>\n<li class=\"menu-item menu-item-type-post_type menu-item-object-page menu-item-121\"><a href=\"https:\/\/staging.venturacounty.gov\/es\/visitors\/\" class=\"elementor-item\">Visitantes<\/a><\/li>\n<li class=\"menu-item menu-item-type-post_type menu-item-object-page menu-item-123\"><a href=\"https:\/\/staging.venturacounty.gov\/es\/government\/email-us\/\" class=\"elementor-item\">Contacte con nosotros<\/a><\/li>\n<\/ul>\t\t\t<\/nav>\n\t\t\t\t\t<div class=\"elementor-menu-toggle\" role=\"button\" tabindex=\"0\" aria-label=\"Men\u00fa Toggle\" aria-expanded=\"false\">\n\t\t\t<i aria-hidden=\"true\" role=\"presentation\" class=\"elementor-menu-toggle__icon--open eicon-menu-bar\"><\/i><i aria-hidden=\"true\" role=\"presentation\" class=\"elementor-menu-toggle__icon--close eicon-close\"><\/i>\t\t<\/div>\n\t\t\t\t\t<nav class=\"elementor-nav-menu--dropdown elementor-nav-menu__container\" aria-hidden=\"true\">\n\t\t\t\t<ul id=\"menu-2-da475d8\" class=\"elementor-nav-menu\"><li class=\"menu-item menu-item-type-post_type menu-item-object-page menu-item-108\"><a href=\"https:\/\/staging.venturacounty.gov\/es\/government\/\" class=\"elementor-item\" tabindex=\"-1\">Gobierno<\/a><\/li>\n<li class=\"menu-item menu-item-type-post_type menu-item-object-page menu-item-107\"><a href=\"https:\/\/staging.venturacounty.gov\/es\/business-services\/\" class=\"elementor-item\" tabindex=\"-1\">Servicios a empresas<\/a><\/li>\n<li class=\"menu-item menu-item-type-post_type menu-item-object-page menu-item-110\"><a href=\"https:\/\/staging.venturacounty.gov\/es\/environment\/\" class=\"elementor-item\" tabindex=\"-1\">Medio ambiente<\/a><\/li>\n<li class=\"menu-item menu-item-type-post_type menu-item-object-page menu-item-119\"><a href=\"https:\/\/staging.venturacounty.gov\/es\/health-and-human-services\/\" class=\"elementor-item\" tabindex=\"-1\">Sanidad y Servicios Humanos<\/a><\/li>\n<li class=\"menu-item menu-item-type-post_type menu-item-object-page menu-item-118\"><a href=\"https:\/\/staging.venturacounty.gov\/es\/emergency-services\/\" class=\"elementor-item\" tabindex=\"-1\">Servicios de emergencia<\/a><\/li>\n<li class=\"menu-item menu-item-type-post_type menu-item-object-page menu-item-117\"><a href=\"https:\/\/staging.venturacounty.gov\/es\/residents\/\" class=\"elementor-item\" tabindex=\"-1\">Residentes<\/a><\/li>\n<li class=\"menu-item menu-item-type-post_type menu-item-object-page menu-item-121\"><a href=\"https:\/\/staging.venturacounty.gov\/es\/visitors\/\" class=\"elementor-item\" tabindex=\"-1\">Visitantes<\/a><\/li>\n<li class=\"menu-item menu-item-type-post_type menu-item-object-page menu-item-123\"><a href=\"https:\/\/staging.venturacounty.gov\/es\/government\/email-us\/\" class=\"elementor-item\" tabindex=\"-1\">Contacte con nosotros<\/a><\/li>\n<\/ul>\t\t\t<\/nav>\n\t\t\t\t\t\t<\/div>\n\t\t\t\t<\/div>\n\t\t\t\t\t<\/div>\n\t\t\t\t<\/div>\n\t\t\t\t\t<\/div>\n\t\t\t\t<\/div>\n\t\t<div class=\"elementor-element elementor-element-5a97add e-flex e-con-boxed e-con e-parent\" data-id=\"5a97add\" data-element_type=\"container\">\n\t\t\t\t\t<div class=\"e-con-inner\">\n\t\t<div class=\"elementor-element elementor-element-4ab656b e-flex e-con-boxed e-con e-child\" data-id=\"4ab656b\" data-element_type=\"container\">\n\t\t\t\t\t<div class=\"e-con-inner\">\n\t\t\t\t<div class=\"elementor-element elementor-element-faf7e25 elementor-widget elementor-widget-heading\" data-id=\"faf7e25\" data-element_type=\"widget\" data-widget_type=\"heading.default\">\n\t\t\t\t<div class=\"elementor-widget-container\">\n\t\t\t\t\t<h1 class=\"elementor-heading-title elementor-size-default\">Seguridad p\u00fablica y tribunales<\/h1>\t\t\t\t<\/div>\n\t\t\t\t<\/div>\n\t\t\t\t<div class=\"elementor-element elementor-element-b957ad7 elementor-widget elementor-widget-text-editor\" data-id=\"b957ad7\" data-element_type=\"widget\" data-widget_type=\"text-editor.default\">\n\t\t\t\t<div class=\"elementor-widget-container\">\n\t\t\t\t\t\t\t\t\t<ul class=\"arrow-list\"><li><strong><a href=\"https:\/\/www.sheriff.venturacounty.gov\/\" target=\"_blank\" rel=\"noopener noreferrer\" aria-label=\"Oficina del Sheriff - Condado de Ventura - opens in new tab\" data-uw-rm-ext-link=\"\">Oficina del Sheriff - Condado de Ventura<\/a><\/strong><br role=\"presentation\" data-uw-rm-sr=\"\" \/>La Oficina del Sheriff del Condado de Ventura se compone de cuatro divisiones principales: Divisi\u00f3n de Patrulla, Divisi\u00f3n de Detenci\u00f3n, Divisi\u00f3n de Servicios Especiales y Divisi\u00f3n de Servicios de Apoyo.<\/li><li><strong><a href=\"https:\/\/www.sheriff.venturacounty.gov\/divisions\/detention-services\/\" target=\"_blank\" rel=\"noopener noreferrer\" aria-label=\"Divisi\u00f3n de Servicios de Patrulla del Sheriff - opens in new tab\" data-uw-rm-ext-link=\"\">Divisi\u00f3n de Servicios de Patrulla del Sheriff<\/a><\/strong><br role=\"presentation\" data-uw-rm-sr=\"\" \/>Nuestra Divisi\u00f3n de Patrulla da servicio al Condado de Ventura y a las cinco ciudades contratadas de Camarillo, Fillmore, Moorpark, Ojai y Thousand Oaks, as\u00ed como a las \u00e1reas no incorporadas del Condado de Ventura. Dentro de Patrulla tambi\u00e9n est\u00e1n nuestra Unidad Montada, la Unidad K-9, el Centro de Comunicaciones del Sheriff y la Oficina de Servicios de Emergencia.<\/li><li><strong><a href=\"https:\/\/www.sheriff.venturacounty.gov\/divisions\/detention-services\/\" target=\"_blank\" rel=\"noopener noreferrer\" aria-label=\"Divisi\u00f3n de Servicios de Detenci\u00f3n del Sheriff - opens in new tab\" data-uw-rm-ext-link=\"\">Divisi\u00f3n de Servicios de Detenci\u00f3n del Sheriff<\/a><\/strong><br role=\"presentation\" data-uw-rm-sr=\"\" \/>Esto incluye todos los servicios a los reclusos, como recepci\u00f3n, registro y clasificaci\u00f3n, servicios penitenciarios, sala de vistas y seguridad previa al juicio. Actualmente hay tres centros penitenciarios.<\/li><li><strong><a href=\"https:\/\/www.sheriff.venturacounty.gov\/divisions\/special-services\/\" target=\"_blank\" rel=\"noopener noreferrer\" aria-label=\"Divisi\u00f3n de Servicios Especiales del Sheriff - opens in new tab\" data-uw-rm-ext-link=\"\">Divisi\u00f3n de Servicios Especiales del Sheriff<\/a><\/strong><br role=\"presentation\" data-uw-rm-sr=\"\" \/>La Divisi\u00f3n de Servicios Especiales engloba unidades especialmente formadas y dotadas de personal que se ocupan de situaciones policiales singulares. Estos servicios incluyen Investigaciones de Delitos Mayores, Investigaciones de Narc\u00f3ticos e Inteligencia e Investigaciones de Vicios, Unidad de Aviaci\u00f3n, B\u00fasqueda y Rescate, Equipo de Negaciones T\u00e1cticas, Equipo de Armas y T\u00e1cticas Especiales (S.W.A.T.) y el Escuadr\u00f3n Antibombas del Sheriff. Los Servicios Especiales de Davison tambi\u00e9n incluyen el Laboratorio de Criminal\u00edstica, la Unidad de Investigaci\u00f3n de la Escena del Crimen y la Oficina de Sistemas de Informaci\u00f3n.<\/li><li><strong><a href=\"https:\/\/www.sheriff.venturacounty.gov\/divisions\/support-services\/\" target=\"_blank\" rel=\"noopener noreferrer\" aria-label=\"Divisi\u00f3n de Servicios de Apoyo al Sheriff - opens in new tab\" data-uw-rm-ext-link=\"\">Divisi\u00f3n de Servicios de Apoyo al Sheriff<\/a><\/strong><br role=\"presentation\" data-uw-rm-sr=\"\" \/>Esto incluye importantes departamentos internos que son esenciales para la estructura y las necesidades operativas de VCSD en una amplia variedad de \u00e1reas. Estos departamentos incluyen la Oficina de Negocios, Recursos Humanos, Oficina de Normas Profesionales, Registros, y nuestro personal de la Academia de Formaci\u00f3n.<\/li><li><strong><a title=\"URL del organismo de libertad vigilada\" href=\"https:\/\/probation.venturacounty.gov\/\" target=\"_blank\" rel=\"noopener noreferrer\" aria-label=\"Agencia de Probation - opens in new tab\" data-uw-rm-ext-link=\"\">Organismo de libertad vigilada<\/a><\/strong><br role=\"presentation\" data-uw-rm-sr=\"\" \/>La misi\u00f3n de la Agencia de Libertad Condicional es proporcionar seguridad a la comunidad a trav\u00e9s de un sistema de sanciones graduadas que equilibra el servicio a la v\u00edctima, al delincuente y a la comunidad.  El Organismo de Libertad Condicional est\u00e1 dividido en cuatro divisiones: Servicios de Libertad Condicional, Servicios Institucionales, Servicios Administrativos y Servicios Empresariales.<\/li><\/ul><p><strong>Departamentos de polic\u00eda municipales<\/strong><br role=\"presentation\" data-uw-rm-sr=\"\" \/>El Departamento del Sheriff del Condado de Ventura cubre las zonas no incorporadas del Condado de Ventura y tiene contratos con las cinco ciudades de Camarillo, Fillmore, Moorpark, Ojai y Thousand Oaks.  Las ciudades de Oxnard, Port Hueneme, Santa Paula, Simi Valley y Ventura tienen sus propios Departamentos de Polic\u00eda.<\/p><ul class=\"arrow-list\"><li><strong><a href=\"https:\/\/www.oxnardpd.org\/\" target=\"_blank\" rel=\"noopener noreferrer\" aria-label=\"Departamento de Polic\u00eda de Oxnard - opens in new tab\" data-uw-rm-ext-link=\"\">Departamento de Polic\u00eda de Oxnard<\/a><\/strong><\/li><li><strong><a href=\"https:\/\/www.ci.port-hueneme.ca.us\/index.aspx?nid=187\" target=\"_blank\" rel=\"noopener noreferrer\" aria-label=\"Departamento de Polic\u00eda de Port Hueneme - opens in new tab\" data-uw-rm-ext-link=\"\">Departamento de Polic\u00eda de Port Hueneme<\/a><\/strong><\/li><li><strong><a href=\"https:\/\/spcity.org\/220\/Police\" target=\"_blank\" rel=\"noopener noreferrer\" aria-label=\"Departamento de Polic\u00eda de Santa Paula - opens in new tab\" data-uw-rm-ext-link=\"\">Departamento de Polic\u00eda de Santa Paula<\/a><\/strong><\/li><li><strong><a href=\"https:\/\/www.simivalley.org\/index.aspx?page=82\" target=\"_blank\" rel=\"noopener noreferrer\" aria-label=\"Departamento de Polic\u00eda de Simi Valley - opens in new tab\" data-uw-rm-ext-link=\"\">Departamento de Polic\u00eda de Simi Valley<\/a><\/strong><\/li><li><strong><a href=\"https:\/\/www.cityofventura.ca.gov\/816\/Police-Department\" target=\"_blank\" rel=\"noopener noreferrer\" aria-label=\"Departamento de Polic\u00eda de Ventura - opens in new tab\" data-uw-rm-ext-link=\"\">Departamento de Polic\u00eda de Ventura<\/a><\/strong><\/li><\/ul><p><strong>Tribunales e informaci\u00f3n jur\u00eddica<\/strong><br role=\"presentation\" data-uw-rm-sr=\"\" \/>D\u00f3nde acudir para obtener informaci\u00f3n y asistencia en todo lo relacionado con la aplicaci\u00f3n de la ley y la justicia. Multas de tr\u00e1fico, servicio de jurado, justicia de menores, prevenci\u00f3n de abusos, los m\u00e1s buscados.<\/p><ul class=\"arrow-list\"><li><strong><a href=\"https:\/\/venturacounty.gov\/grand-jury\/\">Gran jurado<\/a><\/strong><br role=\"presentation\" data-uw-rm-sr=\"\" \/>La funci\u00f3n del Gran Jurado es actuar como supervisor civil del gobierno del condado y de la ciudad, de los distritos especiales, de las juntas de gobierno, de las comisiones de personal, de los distritos escolares y de los funcionarios humanitarios. Es su responsabilidad asegurar que el gobierno est\u00e9 al servicio de los mejores intereses de los ciudadanos del Condado de Ventura.<\/li><\/ul><p><strong>Enlaces relacionados<\/strong><\/p><ul class=\"arrow-list\"><li><strong><a href=\"https:\/\/da.venturacounty.gov\/special_prosecutions\/victim_services\/crime_victim_assistance.htm\" target=\"_blank\" rel=\"noopener noreferrer\" aria-label=\"Ayuda a las v\u00edctimas de delitos - se abre una nueva pesta\u00f1a\" data-uw-rm-ext-link=\"\">Asistencia a las v\u00edctimas de delitos<\/a><\/strong><\/li><li><strong><a title=\"Fiscal\u00eda url\" href=\"https:\/\/da.venturacounty.gov\/\" target=\"_blank\" rel=\"noopener noreferrer\" aria-label=\"Fiscal - opens in new tab\" data-uw-rm-ext-link=\"\">Fiscal de distrito<\/a><\/strong><\/li><li><strong><a title=\"Prevenci\u00f3n de los malos tratos a las personas mayores url\" href=\"https:\/\/www.vcaaa.venturacounty.gov\/our-services\/legal-and-financial-services\/\" target=\"_blank\" rel=\"noopener noreferrer\" aria-label=\"Prevenci\u00f3n y denuncia de los malos tratos a las personas mayores - opens in new tab\" data-uw-rm-ext-link=\"\">Prevenci\u00f3n y denuncia de los malos tratos a las personas mayores<\/a><\/strong><\/li><li><strong><a title=\"Robo de identidad url\" href=\"https:\/\/da.venturacounty.gov\/special_prosecutions\/victim_services\/va_brochures\/identity_theft.htm\" target=\"_blank\" rel=\"noopener noreferrer\" aria-label=\"Robo de identidad - opens in new tab\" data-uw-rm-ext-link=\"\">Robo de identidad<\/a><\/strong><\/li><li><strong><a title=\"Informaci\u00f3n sobre reclusos\" href=\"https:\/\/www.vcsd.org\/pr-inmate-information.php\" target=\"_blank\" rel=\"noopener noreferrer\" aria-label=\"Informaci\u00f3n sobre reclusos - se abre en una nueva pesta\u00f1a\" data-uw-rm-ext-link=\"\">Informaci\u00f3n sobre reclusos<\/a><\/strong><\/li><li><strong><a title=\"Servicios de jurado url\" href=\"https:\/\/www.ventura.courts.ca.gov\/JuryService\" target=\"_blank\" rel=\"noopener noreferrer\" aria-label=\"Servicios de jurado - opens in new tab\" data-uw-rm-ext-link=\"\">Servicios de jurado<\/a><\/strong><\/li><li><strong><a title=\"Justicia juvenil url\" href=\"https:\/\/da.venturacounty.gov\/juvenile.htm\" target=\"_blank\" rel=\"noopener noreferrer\" aria-label=\"Justicia juvenil - opens in new tab\" data-uw-rm-ext-link=\"\">Justicia de menores<\/a><\/strong><\/li><li><strong><a title=\"Cr\u00edmenes Mayores url\" href=\"https:\/\/da.venturacounty.gov\/major_crimes.htm\" target=\"_blank\" rel=\"noopener noreferrer\" aria-label=\"Delitos Graves - opens in new tab\" data-uw-rm-ext-link=\"\">Delitos graves<\/a><\/strong><\/li><li><strong><a title=\"Pagar multas de tr\u00e1fico url\" href=\"https:\/\/courtservices.venturacounty.gov\/CourtServiceHome.aspx\" target=\"_blank\" rel=\"noopener noreferrer\" aria-label=\"Pagar multas de tr\u00e1fico - opens in new tab\" data-uw-rm-ext-link=\"\">Pagar multas de tr\u00e1fico<\/a><\/strong><\/li><li><strong><a title=\"Fraude inmobiliario url\" href=\"https:\/\/da.venturacounty.gov\/refraud_unit.htm\" target=\"_blank\" rel=\"noopener noreferrer\" aria-label=\"Fraude inmobiliario - opens in new tab\" data-uw-rm-ext-link=\"\">Fraude inmobiliario<\/a><\/strong><\/li><li><strong><a title=\"Buscar casos judiciales url\" href=\"https:\/\/www.ventura.courts.ca.gov\/case-inquiry.html\" target=\"_blank\" rel=\"noopener noreferrer\" aria-label=\"Buscar casos judiciales - opens in new tab\" data-uw-rm-ext-link=\"\">B\u00fasqueda de casos judiciales<\/a><\/strong><\/li><li><strong><a title=\"url del Tribunal Superior\" href=\"https:\/\/www.ventura.courts.ca.gov\/\" target=\"_blank\" rel=\"noopener noreferrer\" aria-label=\"Tribunal Superior de California - Condado de Ventura - opens in new tab\" data-uw-rm-ext-link=\"\">Tribunal Superior de California - Condado de Ventura<\/a><\/strong><\/li><\/ul>\t\t\t\t\t\t\t\t<\/div>\n\t\t\t\t<\/div>\n\t\t\t\t\t<\/div>\n\t\t\t\t<\/div>\n\t\t\t\t\t<\/div>\n\t\t\t\t<\/div>\n\t\t\t\t<\/div>","protected":false},"excerpt":{"rendered":"<p>Sheriff\u2019s Office \u2013 County of VenturaThe Ventura County Sheriff\u2019s Office is comprised of four primary divisions: Patrol Division, \u00a0Detention Division, Special Services Division and Support Services Division. Sheriff Patrol Services DivisionOur Patrol Division services the County of Ventura and the five contract cities of Camarillo, Fillmore, Moorpark, Ojai, and Thousand Oaks, as well as the [&hellip;]<\/p>\n","protected":false},"author":5,"featured_media":0,"parent":115,"menu_order":0,"comment_status":"closed","ping_status":"closed","template":"","meta":{"_relevanssi_hide_post":"","_relevanssi_hide_content":"","_relevanssi_pin_for_all":"","_relevanssi_pin_keywords":"","_relevanssi_unpin_keywords":"","_relevanssi_related_keywords":"","_relevanssi_related_include_ids":"","_relevanssi_related_exclude_ids":"","_relevanssi_related_no_append":"","_relevanssi_related_not_related":"","_relevanssi_related_posts":"","_relevanssi_noindex_reason":"","footnotes":""},"categories":[12],"tags":[],"class_list":["post-162","page","type-page","status-publish","hentry","category-residents"],"_links":{"self":[{"href":"https:\/\/staging.venturacounty.gov\/es\/wp-json\/wp\/v2\/pages\/162","targetHints":{"allow":["GET"]}}],"collection":[{"href":"https:\/\/staging.venturacounty.gov\/es\/wp-json\/wp\/v2\/pages"}],"about":[{"href":"https:\/\/staging.venturacounty.gov\/es\/wp-json\/wp\/v2\/types\/page"}],"author":[{"embeddable":true,"href":"https:\/\/staging.venturacounty.gov\/es\/wp-json\/wp\/v2\/users\/5"}],"replies":[{"embeddable":true,"href":"https:\/\/staging.venturacounty.gov\/es\/wp-json\/wp\/v2\/comments?post=162"}],"version-history":[{"count":0,"href":"https:\/\/staging.venturacounty.gov\/es\/wp-json\/wp\/v2\/pages\/162\/revisions"}],"up":[{"embeddable":true,"href":"https:\/\/staging.venturacounty.gov\/es\/wp-json\/wp\/v2\/pages\/115"}],"wp:attachment":[{"href":"https:\/\/staging.venturacounty.gov\/es\/wp-json\/wp\/v2\/media?parent=162"}],"wp:term":[{"taxonomy":"category","embeddable":true,"href":"https:\/\/staging.venturacounty.gov\/es\/wp-json\/wp\/v2\/categories?post=162"},{"taxonomy":"post_tag","embeddable":true,"href":"https:\/\/staging.venturacounty.gov\/es\/wp-json\/wp\/v2\/tags?post=162"}],"curies":[{"name":"wp","href":"https:\/\/api.w.org\/{rel}","templated":true}]}}