{"id":160,"date":"2023-07-19T06:22:16","date_gmt":"2023-07-19T06:22:16","guid":{"rendered":"https:\/\/staging.venturacounty.gov\/?page_id=160"},"modified":"2025-07-16T23:28:35","modified_gmt":"2025-07-16T23:28:35","slug":"education","status":"publish","type":"page","link":"https:\/\/staging.venturacounty.gov\/es\/residents\/education\/","title":{"rendered":"Educaci\u00f3n"},"content":{"rendered":"<div data-elementor-type=\"wp-page\" data-elementor-id=\"160\" class=\"elementor elementor-160\" data-elementor-post-type=\"page\">\n\t\t\t\t<div class=\"elementor-element elementor-element-363cae5 e-flex e-con-boxed e-con e-parent\" data-id=\"363cae5\" data-element_type=\"container\">\n\t\t\t\t\t<div class=\"e-con-inner\">\n\t\t<div class=\"elementor-element elementor-element-7ae7644 e-flex e-con-boxed e-con e-child\" data-id=\"7ae7644\" data-element_type=\"container\">\n\t\t\t\t\t<div class=\"e-con-inner\">\n\t\t<div class=\"elementor-element elementor-element-b137974 e-flex e-con-boxed e-con e-child\" data-id=\"b137974\" data-element_type=\"container\">\n\t\t\t\t\t<div class=\"e-con-inner\">\n\t\t<div class=\"elementor-element elementor-element-22ed49d e-flex e-con-boxed e-con e-child\" data-id=\"22ed49d\" data-element_type=\"container\" data-settings=\"{&quot;background_background&quot;:&quot;classic&quot;}\">\n\t\t\t\t\t<div class=\"e-con-inner\">\n\t\t<div class=\"elementor-element elementor-element-e600d0e e-flex e-con-boxed e-con e-child\" data-id=\"e600d0e\" data-element_type=\"container\" data-settings=\"{&quot;background_background&quot;:&quot;classic&quot;}\">\n\t\t\t\t\t<div class=\"e-con-inner\">\n\t\t<div class=\"elementor-element elementor-element-e013e44 e-flex e-con-boxed e-con e-child\" data-id=\"e013e44\" data-element_type=\"container\" data-settings=\"{&quot;background_background&quot;:&quot;classic&quot;}\">\n\t\t\t\t\t<div class=\"e-con-inner\">\n\t\t\t\t<div class=\"elementor-element elementor-element-a54e374 elementor-widget elementor-widget-image\" data-id=\"a54e374\" data-element_type=\"widget\" data-widget_type=\"image.default\">\n\t\t\t\t<div class=\"elementor-widget-container\">\n\t\t\t\t\t\t\t\t\t\t\t\t\t\t\t\t<a href=\"\/es\/residents\/\">\n\t\t\t\t\t\t\t<img decoding=\"async\" width=\"357\" height=\"75\" src=\"https:\/\/staging.venturacounty.gov\/wp-content\/uploads\/2023\/07\/residence-header.png\" class=\"attachment-large size-large wp-image-130\" alt=\"Residents\" srcset=\"https:\/\/staging.venturacounty.gov\/wp-content\/uploads\/2023\/07\/residence-header.png 357w, https:\/\/staging.venturacounty.gov\/wp-content\/uploads\/2023\/07\/residence-header-300x63.png 300w\" sizes=\"(max-width: 357px) 100vw, 357px\" \/>\t\t\t\t\t\t\t\t<\/a>\n\t\t\t\t\t\t\t\t\t\t\t\t\t\t\t<\/div>\n\t\t\t\t<\/div>\n\t\t\t\t\t<\/div>\n\t\t\t\t<\/div>\n\t\t\t\t\t<\/div>\n\t\t\t\t<\/div>\n\t\t\t\t\t<\/div>\n\t\t\t\t<\/div>\n\t\t\t\t\t<\/div>\n\t\t\t\t<\/div>\n\t\t\t\t\t<\/div>\n\t\t\t\t<\/div>\n\t\t\t\t\t<\/div>\n\t\t\t\t<\/div>\n\t\t<div class=\"elementor-element elementor-element-949f6f1 e-flex e-con-boxed e-con e-parent\" data-id=\"949f6f1\" data-element_type=\"container\">\n\t\t\t\t\t<div class=\"e-con-inner\">\n\t\t<div class=\"elementor-element elementor-element-5e31600 e-flex e-con-boxed e-con e-child\" data-id=\"5e31600\" data-element_type=\"container\">\n\t\t\t\t\t<div class=\"e-con-inner\">\n\t\t\t\t<div class=\"elementor-element elementor-element-da475d8 elementor-nav-menu--dropdown-tablet elementor-nav-menu__text-align-aside elementor-nav-menu--toggle elementor-nav-menu--burger elementor-widget elementor-widget-nav-menu\" data-id=\"da475d8\" data-element_type=\"widget\" data-settings=\"{&quot;layout&quot;:&quot;horizontal&quot;,&quot;submenu_icon&quot;:{&quot;value&quot;:&quot;&lt;i class=\\&quot;fas fa-caret-down\\&quot;&gt;&lt;\\\/i&gt;&quot;,&quot;library&quot;:&quot;fa-solid&quot;},&quot;toggle&quot;:&quot;burger&quot;}\" data-widget_type=\"nav-menu.default\">\n\t\t\t\t<div class=\"elementor-widget-container\">\n\t\t\t\t\t\t\t\t<nav aria-label=\"Men\u00fa\" class=\"elementor-nav-menu--main elementor-nav-menu__container elementor-nav-menu--layout-horizontal e--pointer-background e--animation-fade\">\n\t\t\t\t<ul id=\"menu-1-da475d8\" class=\"elementor-nav-menu\"><li class=\"menu-item menu-item-type-post_type menu-item-object-page menu-item-108\"><a href=\"https:\/\/staging.venturacounty.gov\/es\/government\/\" class=\"elementor-item\">Gobierno<\/a><\/li>\n<li class=\"menu-item menu-item-type-post_type menu-item-object-page menu-item-107\"><a href=\"https:\/\/staging.venturacounty.gov\/es\/business-services\/\" class=\"elementor-item\">Servicios a empresas<\/a><\/li>\n<li class=\"menu-item menu-item-type-post_type menu-item-object-page menu-item-110\"><a href=\"https:\/\/staging.venturacounty.gov\/es\/environment\/\" class=\"elementor-item\">Medio ambiente<\/a><\/li>\n<li class=\"menu-item menu-item-type-post_type menu-item-object-page menu-item-119\"><a href=\"https:\/\/staging.venturacounty.gov\/es\/health-and-human-services\/\" class=\"elementor-item\">Sanidad y Servicios Humanos<\/a><\/li>\n<li class=\"menu-item menu-item-type-post_type menu-item-object-page menu-item-118\"><a href=\"https:\/\/staging.venturacounty.gov\/es\/emergency-services\/\" class=\"elementor-item\">Servicios de emergencia<\/a><\/li>\n<li class=\"menu-item menu-item-type-post_type menu-item-object-page menu-item-117\"><a href=\"https:\/\/staging.venturacounty.gov\/es\/residents\/\" class=\"elementor-item\">Residentes<\/a><\/li>\n<li class=\"menu-item menu-item-type-post_type menu-item-object-page menu-item-121\"><a href=\"https:\/\/staging.venturacounty.gov\/es\/visitors\/\" class=\"elementor-item\">Visitantes<\/a><\/li>\n<li class=\"menu-item menu-item-type-post_type menu-item-object-page menu-item-123\"><a href=\"https:\/\/staging.venturacounty.gov\/es\/government\/email-us\/\" class=\"elementor-item\">Contacte con nosotros<\/a><\/li>\n<\/ul>\t\t\t<\/nav>\n\t\t\t\t\t<div class=\"elementor-menu-toggle\" role=\"button\" tabindex=\"0\" aria-label=\"Men\u00fa Toggle\" aria-expanded=\"false\">\n\t\t\t<i aria-hidden=\"true\" role=\"presentation\" class=\"elementor-menu-toggle__icon--open eicon-menu-bar\"><\/i><i aria-hidden=\"true\" role=\"presentation\" class=\"elementor-menu-toggle__icon--close eicon-close\"><\/i>\t\t<\/div>\n\t\t\t\t\t<nav class=\"elementor-nav-menu--dropdown elementor-nav-menu__container\" aria-hidden=\"true\">\n\t\t\t\t<ul id=\"menu-2-da475d8\" class=\"elementor-nav-menu\"><li class=\"menu-item menu-item-type-post_type menu-item-object-page menu-item-108\"><a href=\"https:\/\/staging.venturacounty.gov\/es\/government\/\" class=\"elementor-item\" tabindex=\"-1\">Gobierno<\/a><\/li>\n<li class=\"menu-item menu-item-type-post_type menu-item-object-page menu-item-107\"><a href=\"https:\/\/staging.venturacounty.gov\/es\/business-services\/\" class=\"elementor-item\" tabindex=\"-1\">Servicios a empresas<\/a><\/li>\n<li class=\"menu-item menu-item-type-post_type menu-item-object-page menu-item-110\"><a href=\"https:\/\/staging.venturacounty.gov\/es\/environment\/\" class=\"elementor-item\" tabindex=\"-1\">Medio ambiente<\/a><\/li>\n<li class=\"menu-item menu-item-type-post_type menu-item-object-page menu-item-119\"><a href=\"https:\/\/staging.venturacounty.gov\/es\/health-and-human-services\/\" class=\"elementor-item\" tabindex=\"-1\">Sanidad y Servicios Humanos<\/a><\/li>\n<li class=\"menu-item menu-item-type-post_type menu-item-object-page menu-item-118\"><a href=\"https:\/\/staging.venturacounty.gov\/es\/emergency-services\/\" class=\"elementor-item\" tabindex=\"-1\">Servicios de emergencia<\/a><\/li>\n<li class=\"menu-item menu-item-type-post_type menu-item-object-page menu-item-117\"><a href=\"https:\/\/staging.venturacounty.gov\/es\/residents\/\" class=\"elementor-item\" tabindex=\"-1\">Residentes<\/a><\/li>\n<li class=\"menu-item menu-item-type-post_type menu-item-object-page menu-item-121\"><a href=\"https:\/\/staging.venturacounty.gov\/es\/visitors\/\" class=\"elementor-item\" tabindex=\"-1\">Visitantes<\/a><\/li>\n<li class=\"menu-item menu-item-type-post_type menu-item-object-page menu-item-123\"><a href=\"https:\/\/staging.venturacounty.gov\/es\/government\/email-us\/\" class=\"elementor-item\" tabindex=\"-1\">Contacte con nosotros<\/a><\/li>\n<\/ul>\t\t\t<\/nav>\n\t\t\t\t\t\t<\/div>\n\t\t\t\t<\/div>\n\t\t\t\t\t<\/div>\n\t\t\t\t<\/div>\n\t\t\t\t\t<\/div>\n\t\t\t\t<\/div>\n\t\t<div class=\"elementor-element elementor-element-5a97add e-flex e-con-boxed e-con e-parent\" data-id=\"5a97add\" data-element_type=\"container\">\n\t\t\t\t\t<div class=\"e-con-inner\">\n\t\t<div class=\"elementor-element elementor-element-4ab656b e-flex e-con-boxed e-con e-child\" data-id=\"4ab656b\" data-element_type=\"container\">\n\t\t\t\t\t<div class=\"e-con-inner\">\n\t\t\t\t<div class=\"elementor-element elementor-element-faf7e25 elementor-widget elementor-widget-heading\" data-id=\"faf7e25\" data-element_type=\"widget\" data-widget_type=\"heading.default\">\n\t\t\t\t<div class=\"elementor-widget-container\">\n\t\t\t\t\t<h1 class=\"elementor-heading-title elementor-size-default\">Educaci\u00f3n<\/h1>\t\t\t\t<\/div>\n\t\t\t\t<\/div>\n\t\t<div class=\"elementor-element elementor-element-2c052d8 e-flex e-con-boxed e-con e-child\" data-id=\"2c052d8\" data-element_type=\"container\">\n\t\t\t\t\t<div class=\"e-con-inner\">\n\t\t\t\t<div class=\"elementor-element elementor-element-d496e4e elementor-widget__width-initial elementor-widget elementor-widget-text-editor\" data-id=\"d496e4e\" data-element_type=\"widget\" data-widget_type=\"text-editor.default\">\n\t\t\t\t<div class=\"elementor-widget-container\">\n\t\t\t\t\t\t\t\t\t<div class=\"wpb_column vc_column_container vc_col-sm-6\"><div class=\"wpb_wrapper\"><div class=\"wpb_text_column wpb_content_element\"><div class=\"wpb_wrapper\"><table border=\"0\" cellspacing=\"0\" cellpadding=\"5\"><tbody><tr valign=\"top\"><td colspan=\"2\"><ul class=\"arrow-list\"><li><strong><a href=\"https:\/\/www.vcoe.org\/Default.aspx?alias=www.vcoe.org\/stuserv\" target=\"_blank\" rel=\"noopener noreferrer\" aria-label=\"Programas para estudiantes - opens in new tab\" data-uw-rm-ext-link=\"\">Programas para estudiantes<\/a><\/strong><br role=\"presentation\" data-uw-rm-sr=\"\" \/>La Subdivisi\u00f3n de Servicios Estudiantiles est\u00e1 compuesta por todos los programas de servicios estudiantiles operados por la Oficina de Educaci\u00f3n del Condado de Ventura, incluyendo Educaci\u00f3n Especial, Escuelas Comunitarias y de Tribunales, el Programa Ocupacional Regional (ROP), Escuelas Charter, Educaci\u00f3n Migrante, Programas para J\u00f3venes sin Hogar y de Crianza, CalSAFE y Competencias Estudiantiles.<\/li><\/ul><\/td><\/tr><tr><td colspan=\"2\">\u00a0<\/td><\/tr><tr valign=\"top\"><td width=\"50%\"><p><strong>Colegios<\/strong><\/p><ul class=\"arrow-list\"><li><strong><a href=\"https:\/\/www.callutheran.edu\/\" target=\"_blank\" rel=\"noopener noreferrer\" aria-label=\"Universidad Luterana de California - opens in new tab\" data-uw-rm-ext-link=\"\">Universidad Luterana de California<\/a><\/strong><\/li><li><strong><a href=\"https:\/\/www.csuci.edu\/\" target=\"_blank\" rel=\"noopener noreferrer\" aria-label=\"California State University Channel Islands - se abre en una nueva pesta\u00f1a\" data-uw-rm-ext-link=\"\">Universidad Estatal de California Channel Islands<\/a><\/strong><\/li><li><strong><a href=\"https:\/\/www.moorparkcollege.edu\/\" target=\"_blank\" rel=\"noopener noreferrer\" aria-label=\"Moorpark College - opens in new tab\" data-uw-rm-ext-link=\"\">Universidad de Moorpark<\/a><\/strong><\/li><li><strong><a href=\"https:\/\/www.oxnardcollege.edu\/\" target=\"_blank\" rel=\"noopener noreferrer\" aria-label=\"Oxnard College - opens in new tab\" data-uw-rm-ext-link=\"\">Universidad de Oxnard<\/a><\/strong><\/li><li><strong><a href=\"https:\/\/sbbcollege.com\/\" target=\"_blank\" rel=\"noopener noreferrer\" aria-label=\"Santa Barbara Business College - se abre en una nueva pesta\u00f1a\" data-uw-rm-ext-link=\"\">Escuela de Negocios de Santa B\u00e1rbara<\/a><\/strong><\/li><li><strong><a href=\"https:\/\/www.collegesoflaw.edu\/Home\" target=\"_blank\" rel=\"noopener noreferrer\" aria-label=\"Facultad de Derecho - opens in new tab\" data-uw-rm-ext-link=\"\">Facultad de Derecho<\/a><\/strong><\/li><li><strong><a href=\"https:\/\/www.extension.ucsb.edu\/\" target=\"_blank\" rel=\"noopener noreferrer\" aria-label=\"Extensi\u00f3n UCSB: Ventura Center - opens in new tab\" data-uw-rm-ext-link=\"\">Extensi\u00f3n UCSB: Centro Ventura<\/a><\/strong><\/li><li><strong><a href=\"https:\/\/www.venturacollege.edu\/\" target=\"_blank\" rel=\"noopener noreferrer\" aria-label=\"Ventura College - opens in new tab\" data-uw-rm-ext-link=\"\">Universidad de Ventura<\/a><\/strong><\/li><li><strong><a href=\"https:\/\/www.vcccd.edu\/\" target=\"_blank\" rel=\"noopener noreferrer\" aria-label=\"Ventura Community College District - se abre en una nueva pesta\u00f1a\" data-uw-rm-ext-link=\"\">Distrito de Ventura Community College<\/a><\/strong><\/li><\/ul><\/td><td width=\"50%\"><p><strong>Bibliotecas<\/strong><\/p><ul class=\"dbl_arrows\"><li><strong><a href=\"https:\/\/www.library.venturacounty.gov\/\" target=\"_blank\" rel=\"noopener noreferrer\" aria-label=\"Biblioteca del Condado de Ventura - opens in new tab\" data-uw-rm-ext-link=\"\">Biblioteca del Condado de Ventura<\/a><\/strong><\/li><li><strong><a href=\"https:\/\/www.library.venturacounty.gov\/locations\" target=\"_blank\" rel=\"noopener noreferrer\" aria-label=\"Ubicaciones - opens in new tab\" data-uw-rm-ext-link=\"\">Ubicaciones<\/a><\/strong><\/li><\/ul><p><strong>Enlaces relacionados<\/strong><\/p><ul class=\"arrow-list\"><li><strong><a href=\"https:\/\/www.vcoe.org\/\" target=\"_blank\" rel=\"noopener noreferrer\" aria-label=\"County Superintendent of Schools - se abre en una nueva pesta\u00f1a\" data-uw-rm-ext-link=\"\">Superintendente de Escuelas del Condado<\/a><\/strong><\/li><li><strong><a href=\"https:\/\/www.vcapcd.org\/students.htm\" target=\"_blank\" rel=\"noopener noreferrer\" aria-label=\"Programas para estudiantes sobre contaminaci\u00f3n atmosf\u00e9rica - opens in new tab\" data-uw-rm-ext-link=\"\">Programas para estudiantes sobre contaminaci\u00f3n atmosf\u00e9rica<\/a><\/strong><\/li><li><strong><a href=\"https:\/\/ceventura.ucanr.edu\/\" target=\"_blank\" rel=\"noopener noreferrer\" aria-label=\"Programa de Extensi\u00f3n Cooperativa de la Universidad de California - opens in new tab\" data-uw-rm-ext-link=\"\">Programa de Extensi\u00f3n Cooperativa de la Universidad de California<\/a><\/strong><\/li><\/ul><\/td><\/tr><\/tbody><\/table><\/div><\/div><\/div><\/div>\t\t\t\t\t\t\t\t<\/div>\n\t\t\t\t<\/div>\n\t\t\t\t\t<\/div>\n\t\t\t\t<\/div>\n\t\t\t\t\t<\/div>\n\t\t\t\t<\/div>\n\t\t\t\t\t<\/div>\n\t\t\t\t<\/div>\n\t\t\t\t<\/div>","protected":false},"excerpt":{"rendered":"<p>Student ProgramsThe Student Services Branch is comprised of all student services programs operated by the Ventura County Office of Education including Special Education, Court and Community Schools, the Regional Occupational Program (ROP), Charter Schools, Migrant Education, Homeless and Foster Youth Programs, CalSAFE, and Student Competitions. \u00a0 Colleges California Lutheran University California State University Channel Islands [&hellip;]<\/p>\n","protected":false},"author":5,"featured_media":0,"parent":115,"menu_order":0,"comment_status":"closed","ping_status":"closed","template":"","meta":{"_relevanssi_hide_post":"","_relevanssi_hide_content":"","_relevanssi_pin_for_all":"","_relevanssi_pin_keywords":"","_relevanssi_unpin_keywords":"","_relevanssi_related_keywords":"","_relevanssi_related_include_ids":"","_relevanssi_related_exclude_ids":"","_relevanssi_related_no_append":"","_relevanssi_related_not_related":"","_relevanssi_related_posts":"","_relevanssi_noindex_reason":"","footnotes":""},"categories":[12],"tags":[],"class_list":["post-160","page","type-page","status-publish","hentry","category-residents"],"_links":{"self":[{"href":"https:\/\/staging.venturacounty.gov\/es\/wp-json\/wp\/v2\/pages\/160","targetHints":{"allow":["GET"]}}],"collection":[{"href":"https:\/\/staging.venturacounty.gov\/es\/wp-json\/wp\/v2\/pages"}],"about":[{"href":"https:\/\/staging.venturacounty.gov\/es\/wp-json\/wp\/v2\/types\/page"}],"author":[{"embeddable":true,"href":"https:\/\/staging.venturacounty.gov\/es\/wp-json\/wp\/v2\/users\/5"}],"replies":[{"embeddable":true,"href":"https:\/\/staging.venturacounty.gov\/es\/wp-json\/wp\/v2\/comments?post=160"}],"version-history":[{"count":0,"href":"https:\/\/staging.venturacounty.gov\/es\/wp-json\/wp\/v2\/pages\/160\/revisions"}],"up":[{"embeddable":true,"href":"https:\/\/staging.venturacounty.gov\/es\/wp-json\/wp\/v2\/pages\/115"}],"wp:attachment":[{"href":"https:\/\/staging.venturacounty.gov\/es\/wp-json\/wp\/v2\/media?parent=160"}],"wp:term":[{"taxonomy":"category","embeddable":true,"href":"https:\/\/staging.venturacounty.gov\/es\/wp-json\/wp\/v2\/categories?post=160"},{"taxonomy":"post_tag","embeddable":true,"href":"https:\/\/staging.venturacounty.gov\/es\/wp-json\/wp\/v2\/tags?post=160"}],"curies":[{"name":"wp","href":"https:\/\/api.w.org\/{rel}","templated":true}]}}