{"id":147,"date":"2023-07-19T05:49:38","date_gmt":"2023-07-19T05:49:38","guid":{"rendered":"https:\/\/staging.venturacounty.gov\/?page_id=147"},"modified":"2026-04-08T17:26:13","modified_gmt":"2026-04-08T17:26:13","slug":"green-building","status":"publish","type":"page","link":"https:\/\/staging.venturacounty.gov\/es\/environment\/green-building\/","title":{"rendered":"Construcci\u00f3n ecol\u00f3gica"},"content":{"rendered":"<div data-elementor-type=\"wp-page\" data-elementor-id=\"147\" class=\"elementor elementor-147\" data-elementor-post-type=\"page\">\n\t\t\t\t<div class=\"elementor-element elementor-element-363cae5 e-flex e-con-boxed e-con e-parent\" data-id=\"363cae5\" data-element_type=\"container\">\n\t\t\t\t\t<div class=\"e-con-inner\">\n\t\t<div class=\"elementor-element elementor-element-7ae7644 e-flex e-con-boxed e-con e-child\" data-id=\"7ae7644\" data-element_type=\"container\">\n\t\t\t\t\t<div class=\"e-con-inner\">\n\t\t<div class=\"elementor-element elementor-element-b137974 e-flex e-con-boxed e-con e-child\" data-id=\"b137974\" data-element_type=\"container\">\n\t\t\t\t\t<div class=\"e-con-inner\">\n\t\t<div class=\"elementor-element elementor-element-22ed49d e-flex e-con-boxed e-con e-child\" data-id=\"22ed49d\" data-element_type=\"container\" data-settings=\"{&quot;background_background&quot;:&quot;classic&quot;}\">\n\t\t\t\t\t<div class=\"e-con-inner\">\n\t\t<div class=\"elementor-element elementor-element-e600d0e e-flex e-con-boxed e-con e-child\" data-id=\"e600d0e\" data-element_type=\"container\" data-settings=\"{&quot;background_background&quot;:&quot;classic&quot;}\">\n\t\t\t\t\t<div class=\"e-con-inner\">\n\t\t<div class=\"elementor-element elementor-element-e013e44 e-flex e-con-boxed e-con e-child\" data-id=\"e013e44\" data-element_type=\"container\" data-settings=\"{&quot;background_background&quot;:&quot;classic&quot;}\">\n\t\t\t\t\t<div class=\"e-con-inner\">\n\t\t\t\t<div class=\"elementor-element elementor-element-a54e374 elementor-widget elementor-widget-image\" data-id=\"a54e374\" data-element_type=\"widget\" data-widget_type=\"image.default\">\n\t\t\t\t<div class=\"elementor-widget-container\">\n\t\t\t\t\t\t\t\t\t\t\t\t\t\t\t\t<a href=\"\/es\/environment\/\">\n\t\t\t\t\t\t\t<img decoding=\"async\" width=\"357\" height=\"75\" src=\"https:\/\/staging.venturacounty.gov\/wp-content\/uploads\/2023\/07\/environment-header.png\" class=\"attachment-large size-large wp-image-127\" alt=\"Environment\" srcset=\"https:\/\/staging.venturacounty.gov\/wp-content\/uploads\/2023\/07\/environment-header.png 357w, https:\/\/staging.venturacounty.gov\/wp-content\/uploads\/2023\/07\/environment-header-300x63.png 300w\" sizes=\"(max-width: 357px) 100vw, 357px\" \/>\t\t\t\t\t\t\t\t<\/a>\n\t\t\t\t\t\t\t\t\t\t\t\t\t\t\t<\/div>\n\t\t\t\t<\/div>\n\t\t\t\t\t<\/div>\n\t\t\t\t<\/div>\n\t\t\t\t\t<\/div>\n\t\t\t\t<\/div>\n\t\t\t\t\t<\/div>\n\t\t\t\t<\/div>\n\t\t\t\t\t<\/div>\n\t\t\t\t<\/div>\n\t\t\t\t\t<\/div>\n\t\t\t\t<\/div>\n\t\t\t\t\t<\/div>\n\t\t\t\t<\/div>\n\t\t<div class=\"elementor-element elementor-element-949f6f1 e-flex e-con-boxed e-con e-parent\" data-id=\"949f6f1\" data-element_type=\"container\">\n\t\t\t\t\t<div class=\"e-con-inner\">\n\t\t<div class=\"elementor-element elementor-element-5e31600 e-flex e-con-boxed e-con e-child\" data-id=\"5e31600\" data-element_type=\"container\">\n\t\t\t\t\t<div class=\"e-con-inner\">\n\t\t\t\t<div class=\"elementor-element elementor-element-da475d8 elementor-nav-menu--dropdown-tablet elementor-nav-menu__text-align-aside elementor-nav-menu--toggle elementor-nav-menu--burger elementor-widget elementor-widget-nav-menu\" data-id=\"da475d8\" data-element_type=\"widget\" data-settings=\"{&quot;layout&quot;:&quot;horizontal&quot;,&quot;submenu_icon&quot;:{&quot;value&quot;:&quot;&lt;i class=\\&quot;fas fa-caret-down\\&quot;&gt;&lt;\\\/i&gt;&quot;,&quot;library&quot;:&quot;fa-solid&quot;},&quot;toggle&quot;:&quot;burger&quot;}\" data-widget_type=\"nav-menu.default\">\n\t\t\t\t<div class=\"elementor-widget-container\">\n\t\t\t\t\t\t\t\t<nav aria-label=\"Men\u00fa\" class=\"elementor-nav-menu--main elementor-nav-menu__container elementor-nav-menu--layout-horizontal e--pointer-background e--animation-fade\">\n\t\t\t\t<ul id=\"menu-1-da475d8\" class=\"elementor-nav-menu\"><li class=\"menu-item menu-item-type-post_type menu-item-object-page menu-item-108\"><a href=\"https:\/\/staging.venturacounty.gov\/es\/government\/\" class=\"elementor-item\">Gobierno<\/a><\/li>\n<li class=\"menu-item menu-item-type-post_type menu-item-object-page menu-item-107\"><a href=\"https:\/\/staging.venturacounty.gov\/es\/business-services\/\" class=\"elementor-item\">Servicios a empresas<\/a><\/li>\n<li class=\"menu-item menu-item-type-post_type menu-item-object-page menu-item-110\"><a href=\"https:\/\/staging.venturacounty.gov\/es\/environment\/\" class=\"elementor-item\">Medio ambiente<\/a><\/li>\n<li class=\"menu-item menu-item-type-post_type menu-item-object-page menu-item-119\"><a href=\"https:\/\/staging.venturacounty.gov\/es\/health-and-human-services\/\" class=\"elementor-item\">Sanidad y Servicios Humanos<\/a><\/li>\n<li class=\"menu-item menu-item-type-post_type menu-item-object-page menu-item-118\"><a href=\"https:\/\/staging.venturacounty.gov\/es\/emergency-services\/\" class=\"elementor-item\">Servicios de emergencia<\/a><\/li>\n<li class=\"menu-item menu-item-type-post_type menu-item-object-page menu-item-117\"><a href=\"https:\/\/staging.venturacounty.gov\/es\/residents\/\" class=\"elementor-item\">Residentes<\/a><\/li>\n<li class=\"menu-item menu-item-type-post_type menu-item-object-page menu-item-121\"><a href=\"https:\/\/staging.venturacounty.gov\/es\/visitors\/\" class=\"elementor-item\">Visitantes<\/a><\/li>\n<li class=\"menu-item menu-item-type-post_type menu-item-object-page menu-item-123\"><a href=\"https:\/\/staging.venturacounty.gov\/es\/government\/email-us\/\" class=\"elementor-item\">Contacte con nosotros<\/a><\/li>\n<\/ul>\t\t\t<\/nav>\n\t\t\t\t\t<div class=\"elementor-menu-toggle\" role=\"button\" tabindex=\"0\" aria-label=\"Men\u00fa Toggle\" aria-expanded=\"false\">\n\t\t\t<i aria-hidden=\"true\" role=\"presentation\" class=\"elementor-menu-toggle__icon--open eicon-menu-bar\"><\/i><i aria-hidden=\"true\" role=\"presentation\" class=\"elementor-menu-toggle__icon--close eicon-close\"><\/i>\t\t<\/div>\n\t\t\t\t\t<nav class=\"elementor-nav-menu--dropdown elementor-nav-menu__container\" aria-hidden=\"true\">\n\t\t\t\t<ul id=\"menu-2-da475d8\" class=\"elementor-nav-menu\"><li class=\"menu-item menu-item-type-post_type menu-item-object-page menu-item-108\"><a href=\"https:\/\/staging.venturacounty.gov\/es\/government\/\" class=\"elementor-item\" tabindex=\"-1\">Gobierno<\/a><\/li>\n<li class=\"menu-item menu-item-type-post_type menu-item-object-page menu-item-107\"><a href=\"https:\/\/staging.venturacounty.gov\/es\/business-services\/\" class=\"elementor-item\" tabindex=\"-1\">Servicios a empresas<\/a><\/li>\n<li class=\"menu-item menu-item-type-post_type menu-item-object-page menu-item-110\"><a href=\"https:\/\/staging.venturacounty.gov\/es\/environment\/\" class=\"elementor-item\" tabindex=\"-1\">Medio ambiente<\/a><\/li>\n<li class=\"menu-item menu-item-type-post_type menu-item-object-page menu-item-119\"><a href=\"https:\/\/staging.venturacounty.gov\/es\/health-and-human-services\/\" class=\"elementor-item\" tabindex=\"-1\">Sanidad y Servicios Humanos<\/a><\/li>\n<li class=\"menu-item menu-item-type-post_type menu-item-object-page menu-item-118\"><a href=\"https:\/\/staging.venturacounty.gov\/es\/emergency-services\/\" class=\"elementor-item\" tabindex=\"-1\">Servicios de emergencia<\/a><\/li>\n<li class=\"menu-item menu-item-type-post_type menu-item-object-page menu-item-117\"><a href=\"https:\/\/staging.venturacounty.gov\/es\/residents\/\" class=\"elementor-item\" tabindex=\"-1\">Residentes<\/a><\/li>\n<li class=\"menu-item menu-item-type-post_type menu-item-object-page menu-item-121\"><a href=\"https:\/\/staging.venturacounty.gov\/es\/visitors\/\" class=\"elementor-item\" tabindex=\"-1\">Visitantes<\/a><\/li>\n<li class=\"menu-item menu-item-type-post_type menu-item-object-page menu-item-123\"><a href=\"https:\/\/staging.venturacounty.gov\/es\/government\/email-us\/\" class=\"elementor-item\" tabindex=\"-1\">Contacte con nosotros<\/a><\/li>\n<\/ul>\t\t\t<\/nav>\n\t\t\t\t\t\t<\/div>\n\t\t\t\t<\/div>\n\t\t\t\t\t<\/div>\n\t\t\t\t<\/div>\n\t\t\t\t\t<\/div>\n\t\t\t\t<\/div>\n\t\t<div class=\"elementor-element elementor-element-5a97add e-flex e-con-boxed e-con e-parent\" data-id=\"5a97add\" data-element_type=\"container\">\n\t\t\t\t\t<div class=\"e-con-inner\">\n\t\t<div class=\"elementor-element elementor-element-4ab656b e-flex e-con-boxed e-con e-child\" data-id=\"4ab656b\" data-element_type=\"container\">\n\t\t\t\t\t<div class=\"e-con-inner\">\n\t\t\t\t<div class=\"elementor-element elementor-element-651fca9 elementor-widget elementor-widget-heading\" data-id=\"651fca9\" data-element_type=\"widget\" data-widget_type=\"heading.default\">\n\t\t\t\t<div class=\"elementor-widget-container\">\n\t\t\t\t\t<h1 class=\"elementor-heading-title elementor-size-default\">Construcci\u00f3n ecol\u00f3gica<\/h1>\t\t\t\t<\/div>\n\t\t\t\t<\/div>\n\t\t\t\t<div class=\"elementor-element elementor-element-d496e4e elementor-widget elementor-widget-text-editor\" data-id=\"d496e4e\" data-element_type=\"widget\" data-widget_type=\"text-editor.default\">\n\t\t\t\t<div class=\"elementor-widget-container\">\n\t\t\t\t\t\t\t\t\t<div class=\"wpb_column vc_column_container vc_col-sm-6\">\n<div class=\"wpb_wrapper\">\n<div class=\"wpb_text_column wpb_content_element\">\n<div class=\"wpb_wrapper\">\n<ul class=\"arrow-list\">\n \t<li><strong><a href=\"https:\/\/sustain.venturacounty.gov\/\" target=\"_blank\" rel=\"noopener noreferrer\" aria-label=\"Divisi\u00f3n de Sostenibilidad del Condado de Ventura - opens in new tab\" data-uw-rm-ext-link=\"\">Divisi\u00f3n de Sostenibilidad del Condado de Ventura\u00a0<\/a><img decoding=\"async\" class=\"alignnone\"  src=\"https:\/\/venturacounty.gov\/wp-content\/uploads\/2025\/07\/exitdisclaimer.gif\" alt=\"External Website Policy\" width=\"16\" height=\"11\" data-uw-rm-ima-original=\"external website policy\" \/> <\/strong>La Divisi\u00f3n de Sostenibilidad del Condado fomenta la sostenibilidad en el condado de Ventura a trav\u00e9s de iniciativas din\u00e1micas y de colaboraci\u00f3n que se basan en objetivos estrat\u00e9gicos, aprovechando las asociaciones p\u00fablicas y privadas y capitalizando las \u00e1reas de oportunidad. Las \u00e1reas de programa de la Divisi\u00f3n de Sostenibilidad incluyen el trabajo en transporte y veh\u00edculos el\u00e9ctricos.<\/li>\n \t<li><strong><a href=\"https:\/\/sustain.venturacounty.gov\/3c-ren\/\" target=\"_blank\" rel=\"noopener noreferrer\" aria-label=\"Tri-County Regional Energy Network (3C-REN) - abre una nueva pesta\u00f1a\" data-uw-rm-ext-link=\"\">Red Regional de Energ\u00eda de los Tres Condados (3C-REN)\u00a0<\/a><img decoding=\"async\" class=\"alignnone\"  src=\"https:\/\/venturacounty.gov\/wp-content\/uploads\/2025\/07\/exitdisclaimer.gif\" alt=\"External Website Policy\" width=\"16\" height=\"11\" data-uw-rm-ima-original=\"external website policy\" \/> <\/strong>3C-REN es una asociaci\u00f3n entre los condados de Ventura, San Luis Obispo y Santa B\u00e1rbara creada para ofrecer programas de ahorro energ\u00e9tico y formaci\u00f3n industrial que ayuden a reducir el consumo de energ\u00eda, refuercen los mercados laborales locales y apoyen los esfuerzos por alcanzar los objetivos clim\u00e1ticos.<\/li>\n \t<li><strong><a href=\"https:\/\/www.switchison.org\/\" target=\"_blank\" rel=\"noopener noreferrer\" aria-label=\"Switch is On - se abre en una nueva pesta\u00f1a\" data-uw-rm-ext-link=\"\">Interruptor encendido\u00a0<\/a><img decoding=\"async\" class=\"alignnone\"  src=\"https:\/\/venturacounty.gov\/wp-content\/uploads\/2025\/07\/exitdisclaimer.gif\" alt=\"External Website Policy\" width=\"16\" height=\"11\" data-uw-rm-ima-original=\"external website policy\" \/> <\/strong>El condado, a trav\u00e9s de 3C-REN, se ha asociado con la Building Decarbonization Coalition para la campa\u00f1a Switch is On con el fin de ayudar a los residentes de los tres condados interesados en cambiar los electrodom\u00e9sticos que funcionan con gas por otros totalmente el\u00e9ctricos. Un hogar totalmente el\u00e9ctrico reduce los riesgos para la salud, contribuye a un sistema energ\u00e9tico m\u00e1s resistente, apoya los objetivos de descarbonizaci\u00f3n del Estado y, en muchos casos, puede ahorrar dinero a los propietarios. The Switch is On ofrece a los residentes la oportunidad de hablar cara a cara con asesores sobre electrificaci\u00f3n dom\u00e9stica, encontrar contratistas locales autorizados, obtener informaci\u00f3n sobre incentivos y descuentos, y encontrar recursos adicionales sobre electrificaci\u00f3n dom\u00e9stica.<\/li>\n \t<li><strong><a href=\"https:\/\/www.calrecycle.ca.gov\/GreenBuilding\/\" target=\"_blank\" rel=\"noopener noreferrer\" aria-label=\"Cal.gov Green Building - se abre en una nueva pesta\u00f1a\" data-uw-rm-ext-link=\"\">Cal.gov Construcci\u00f3n ecol\u00f3gica<\/a><\/strong><img decoding=\"async\" class=\"alignnone\"  src=\"https:\/\/venturacounty.gov\/wp-content\/uploads\/2025\/07\/exitdisclaimer.gif\" alt=\"External Website Policy\" width=\"16\" height=\"11\" data-uw-rm-ima-original=\"external website policy\" \/><\/li>\n \t<li><strong><a href=\"https:\/\/energycenter.org\/\" target=\"_blank\" rel=\"noopener noreferrer\" aria-label=\"Centros para la Energ\u00eda Sostenible (CCSE) - abre una nueva pesta\u00f1a\" data-uw-rm-ext-link=\"\">Centros para la Energ\u00eda Sostenible (CCSE)<\/a><img decoding=\"async\" class=\"alignnone\"  src=\"https:\/\/venturacounty.gov\/wp-content\/uploads\/2025\/07\/exitdisclaimer.gif\" alt=\"External Website Policy\" width=\"16\" height=\"11\" data-uw-rm-ima-original=\"external website policy\" \/> <\/strong>Una organizaci\u00f3n sin \u00e1nimo de lucro dedicada a crear el cambio hacia un futuro de energ\u00eda limpia. \u00danase a nosotros para informarse sobre eficiencia energ\u00e9tica, energ\u00edas renovables y transporte limpio; aproveche los programas de incentivos y ayude a promover pol\u00edticas sostenibles y tecnolog\u00edas en desarrollo.<\/li>\n \t<li><strong><a href=\"https:\/\/www.energyupgradeca.org\/\" target=\"_blank\" rel=\"noopener noreferrer\" aria-label=\"Energy Upgrade California - se abre en una nueva pesta\u00f1a\" data-uw-rm-ext-link=\"\">Mejora Energ\u00e9tica de California<\/a><img decoding=\"async\" class=\"alignnone\"  src=\"https:\/\/venturacounty.gov\/wp-content\/uploads\/2025\/07\/exitdisclaimer.gif\" alt=\"External Website Policy\" width=\"16\" height=\"11\" data-uw-rm-ima-original=\"external website policy\" \/> <\/strong>Su ventanilla \u00fanica para proyectos de mejora del hogar que reducen el consumo de energ\u00eda, conservan el agua y los recursos naturales, y hacen que su hogar sea m\u00e1s saludable y confortable.<\/li>\n \t<li><strong><a href=\"https:\/\/www.usgbc.org\/\" target=\"_blank\" rel=\"noopener noreferrer\" aria-label=\"US Green Building Council - se abre en una nueva pesta\u00f1a\" data-uw-rm-ext-link=\"\">Consejo de la Construcci\u00f3n Ecol\u00f3gica de EE.UU.<\/a><img decoding=\"async\" class=\"alignnone\"  src=\"https:\/\/venturacounty.gov\/wp-content\/uploads\/2025\/07\/exitdisclaimer.gif\" alt=\"External Website Policy\" width=\"16\" height=\"11\" data-uw-rm-ima-original=\"external website policy\" \/> <\/strong>Organizaci\u00f3n sin \u00e1nimo de lucro que trabaja para poner los edificios ecol\u00f3gicos al alcance de todos, y tambi\u00e9n revisora de la certificaci\u00f3n LEED.<\/li>\n \t<li><strong><a href=\"https:\/\/www.vcpublicworks.org\/wsd\/iwmd\/\" target=\"_blank\" rel=\"noopener noreferrer\" aria-label=\"Ventura County Green Building Information - se abre en una nueva pesta\u00f1a\" data-uw-rm-ext-link=\"\">Informaci\u00f3n sobre construcci\u00f3n ecol\u00f3gica en el condado de Ventura<\/a><\/strong><img decoding=\"async\" class=\"alignnone\"  src=\"https:\/\/venturacounty.gov\/wp-content\/uploads\/2025\/07\/exitdisclaimer.gif\" alt=\"External Website Policy\" width=\"16\" height=\"11\" data-uw-rm-ima-original=\"external website policy\" \/><\/li>\n<\/ul>\n<\/div>\n<\/div>\n<\/div>\n<\/div>\t\t\t\t\t\t\t\t<\/div>\n\t\t\t\t<\/div>\n\t\t\t\t\t<\/div>\n\t\t\t\t<\/div>\n\t\t\t\t\t<\/div>\n\t\t\t\t<\/div>\n\t\t\t\t<\/div>","protected":false},"excerpt":{"rendered":"<p>Green Building County of Ventura Sustainability Division\u00a0 The County\u2019s Sustainability Division builds sustainability in Ventura County through dynamic and collaborative initiatives that rely on strategic goals, leveraging public and private partnerships, and capitalizing on areas of opportunity. The Sustainability Division\u2019s program areas including work in transportation and electric vehicles. Tri-County Regional Energy Network (3C-REN)\u00a0 3C-REN [&hellip;]<\/p>\n","protected":false},"author":5,"featured_media":0,"parent":109,"menu_order":0,"comment_status":"closed","ping_status":"closed","template":"","meta":{"_relevanssi_hide_post":"","_relevanssi_hide_content":"","_relevanssi_pin_for_all":"","_relevanssi_pin_keywords":"","_relevanssi_unpin_keywords":"","_relevanssi_related_keywords":"","_relevanssi_related_include_ids":"","_relevanssi_related_exclude_ids":"","_relevanssi_related_no_append":"","_relevanssi_related_not_related":"","_relevanssi_related_posts":"","_relevanssi_noindex_reason":"","footnotes":""},"categories":[9],"tags":[],"class_list":["post-147","page","type-page","status-publish","hentry","category-environment"],"_links":{"self":[{"href":"https:\/\/staging.venturacounty.gov\/es\/wp-json\/wp\/v2\/pages\/147","targetHints":{"allow":["GET"]}}],"collection":[{"href":"https:\/\/staging.venturacounty.gov\/es\/wp-json\/wp\/v2\/pages"}],"about":[{"href":"https:\/\/staging.venturacounty.gov\/es\/wp-json\/wp\/v2\/types\/page"}],"author":[{"embeddable":true,"href":"https:\/\/staging.venturacounty.gov\/es\/wp-json\/wp\/v2\/users\/5"}],"replies":[{"embeddable":true,"href":"https:\/\/staging.venturacounty.gov\/es\/wp-json\/wp\/v2\/comments?post=147"}],"version-history":[{"count":0,"href":"https:\/\/staging.venturacounty.gov\/es\/wp-json\/wp\/v2\/pages\/147\/revisions"}],"up":[{"embeddable":true,"href":"https:\/\/staging.venturacounty.gov\/es\/wp-json\/wp\/v2\/pages\/109"}],"wp:attachment":[{"href":"https:\/\/staging.venturacounty.gov\/es\/wp-json\/wp\/v2\/media?parent=147"}],"wp:term":[{"taxonomy":"category","embeddable":true,"href":"https:\/\/staging.venturacounty.gov\/es\/wp-json\/wp\/v2\/categories?post=147"},{"taxonomy":"post_tag","embeddable":true,"href":"https:\/\/staging.venturacounty.gov\/es\/wp-json\/wp\/v2\/tags?post=147"}],"curies":[{"name":"wp","href":"https:\/\/api.w.org\/{rel}","templated":true}]}}