{"id":115,"date":"2023-07-17T17:59:58","date_gmt":"2023-07-17T17:59:58","guid":{"rendered":"https:\/\/staging.venturacounty.gov\/?page_id=115"},"modified":"2023-08-31T23:39:52","modified_gmt":"2023-08-31T23:39:52","slug":"residents","status":"publish","type":"page","link":"https:\/\/staging.venturacounty.gov\/es\/residents\/","title":{"rendered":"Residentes"},"content":{"rendered":"<div data-elementor-type=\"wp-page\" data-elementor-id=\"115\" class=\"elementor elementor-115\" data-elementor-post-type=\"page\">\n\t\t\t\t<div class=\"elementor-element elementor-element-363cae5 e-flex e-con-boxed e-con e-parent\" data-id=\"363cae5\" data-element_type=\"container\">\n\t\t\t\t\t<div class=\"e-con-inner\">\n\t\t<div class=\"elementor-element elementor-element-7ae7644 e-flex e-con-boxed e-con e-child\" data-id=\"7ae7644\" data-element_type=\"container\">\n\t\t\t\t\t<div class=\"e-con-inner\">\n\t\t<div class=\"elementor-element elementor-element-b137974 e-flex e-con-boxed e-con e-child\" data-id=\"b137974\" data-element_type=\"container\">\n\t\t\t\t\t<div class=\"e-con-inner\">\n\t\t<div class=\"elementor-element elementor-element-22ed49d e-flex e-con-boxed e-con e-child\" data-id=\"22ed49d\" data-element_type=\"container\" data-settings=\"{&quot;background_background&quot;:&quot;classic&quot;}\">\n\t\t\t\t\t<div class=\"e-con-inner\">\n\t\t<div class=\"elementor-element elementor-element-e600d0e e-flex e-con-boxed e-con e-child\" data-id=\"e600d0e\" data-element_type=\"container\" data-settings=\"{&quot;background_background&quot;:&quot;classic&quot;}\">\n\t\t\t\t\t<div class=\"e-con-inner\">\n\t\t<div class=\"elementor-element elementor-element-e013e44 e-flex e-con-boxed e-con e-child\" data-id=\"e013e44\" data-element_type=\"container\" data-settings=\"{&quot;background_background&quot;:&quot;classic&quot;}\">\n\t\t\t\t\t<div class=\"e-con-inner\">\n\t\t\t\t<div class=\"elementor-element elementor-element-a54e374 elementor-widget elementor-widget-image\" data-id=\"a54e374\" data-element_type=\"widget\" data-widget_type=\"image.default\">\n\t\t\t\t<div class=\"elementor-widget-container\">\n\t\t\t\t\t\t\t\t\t\t\t\t\t\t\t\t<a href=\"\/es\/residents\/\">\n\t\t\t\t\t\t\t<img decoding=\"async\" width=\"357\" height=\"75\" src=\"https:\/\/staging.venturacounty.gov\/wp-content\/uploads\/2023\/07\/residence-header.png\" class=\"attachment-large size-large wp-image-130\" alt=\"Residents\" srcset=\"https:\/\/staging.venturacounty.gov\/wp-content\/uploads\/2023\/07\/residence-header.png 357w, https:\/\/staging.venturacounty.gov\/wp-content\/uploads\/2023\/07\/residence-header-300x63.png 300w\" sizes=\"(max-width: 357px) 100vw, 357px\" \/>\t\t\t\t\t\t\t\t<\/a>\n\t\t\t\t\t\t\t\t\t\t\t\t\t\t\t<\/div>\n\t\t\t\t<\/div>\n\t\t\t\t\t<\/div>\n\t\t\t\t<\/div>\n\t\t\t\t\t<\/div>\n\t\t\t\t<\/div>\n\t\t\t\t\t<\/div>\n\t\t\t\t<\/div>\n\t\t\t\t\t<\/div>\n\t\t\t\t<\/div>\n\t\t\t\t\t<\/div>\n\t\t\t\t<\/div>\n\t\t\t\t\t<\/div>\n\t\t\t\t<\/div>\n\t\t<div class=\"elementor-element elementor-element-949f6f1 e-flex e-con-boxed e-con e-parent\" data-id=\"949f6f1\" data-element_type=\"container\">\n\t\t\t\t\t<div class=\"e-con-inner\">\n\t\t<div class=\"elementor-element elementor-element-5e31600 e-flex e-con-boxed e-con e-child\" data-id=\"5e31600\" data-element_type=\"container\">\n\t\t\t\t\t<div class=\"e-con-inner\">\n\t\t\t\t<div class=\"elementor-element elementor-element-da475d8 elementor-nav-menu--dropdown-tablet elementor-nav-menu__text-align-aside elementor-nav-menu--toggle elementor-nav-menu--burger elementor-widget elementor-widget-nav-menu\" data-id=\"da475d8\" data-element_type=\"widget\" data-settings=\"{&quot;layout&quot;:&quot;horizontal&quot;,&quot;submenu_icon&quot;:{&quot;value&quot;:&quot;&lt;i class=\\&quot;fas fa-caret-down\\&quot;&gt;&lt;\\\/i&gt;&quot;,&quot;library&quot;:&quot;fa-solid&quot;},&quot;toggle&quot;:&quot;burger&quot;}\" data-widget_type=\"nav-menu.default\">\n\t\t\t\t<div class=\"elementor-widget-container\">\n\t\t\t\t\t\t\t\t<nav aria-label=\"Men\u00fa\" class=\"elementor-nav-menu--main elementor-nav-menu__container elementor-nav-menu--layout-horizontal e--pointer-background e--animation-fade\">\n\t\t\t\t<ul id=\"menu-1-da475d8\" class=\"elementor-nav-menu\"><li class=\"menu-item menu-item-type-post_type menu-item-object-page menu-item-108\"><a href=\"https:\/\/staging.venturacounty.gov\/es\/government\/\" class=\"elementor-item\">Gobierno<\/a><\/li>\n<li class=\"menu-item menu-item-type-post_type menu-item-object-page menu-item-107\"><a href=\"https:\/\/staging.venturacounty.gov\/es\/business-services\/\" class=\"elementor-item\">Servicios a empresas<\/a><\/li>\n<li class=\"menu-item menu-item-type-post_type menu-item-object-page menu-item-110\"><a href=\"https:\/\/staging.venturacounty.gov\/es\/environment\/\" class=\"elementor-item\">Medio ambiente<\/a><\/li>\n<li class=\"menu-item menu-item-type-post_type menu-item-object-page menu-item-119\"><a href=\"https:\/\/staging.venturacounty.gov\/es\/health-and-human-services\/\" class=\"elementor-item\">Sanidad y Servicios Humanos<\/a><\/li>\n<li class=\"menu-item menu-item-type-post_type menu-item-object-page menu-item-118\"><a href=\"https:\/\/staging.venturacounty.gov\/es\/emergency-services\/\" class=\"elementor-item\">Servicios de emergencia<\/a><\/li>\n<li class=\"menu-item menu-item-type-post_type menu-item-object-page menu-item-117\"><a href=\"https:\/\/staging.venturacounty.gov\/es\/residents\/\" class=\"elementor-item\">Residentes<\/a><\/li>\n<li class=\"menu-item menu-item-type-post_type menu-item-object-page menu-item-121\"><a href=\"https:\/\/staging.venturacounty.gov\/es\/visitors\/\" class=\"elementor-item\">Visitantes<\/a><\/li>\n<li class=\"menu-item menu-item-type-post_type menu-item-object-page menu-item-123\"><a href=\"https:\/\/staging.venturacounty.gov\/es\/government\/email-us\/\" class=\"elementor-item\">Contacte con nosotros<\/a><\/li>\n<\/ul>\t\t\t<\/nav>\n\t\t\t\t\t<div class=\"elementor-menu-toggle\" role=\"button\" tabindex=\"0\" aria-label=\"Men\u00fa Toggle\" aria-expanded=\"false\">\n\t\t\t<i aria-hidden=\"true\" role=\"presentation\" class=\"elementor-menu-toggle__icon--open eicon-menu-bar\"><\/i><i aria-hidden=\"true\" role=\"presentation\" class=\"elementor-menu-toggle__icon--close eicon-close\"><\/i>\t\t<\/div>\n\t\t\t\t\t<nav class=\"elementor-nav-menu--dropdown elementor-nav-menu__container\" aria-hidden=\"true\">\n\t\t\t\t<ul id=\"menu-2-da475d8\" class=\"elementor-nav-menu\"><li class=\"menu-item menu-item-type-post_type menu-item-object-page menu-item-108\"><a href=\"https:\/\/staging.venturacounty.gov\/es\/government\/\" class=\"elementor-item\" tabindex=\"-1\">Gobierno<\/a><\/li>\n<li class=\"menu-item menu-item-type-post_type menu-item-object-page menu-item-107\"><a href=\"https:\/\/staging.venturacounty.gov\/es\/business-services\/\" class=\"elementor-item\" tabindex=\"-1\">Servicios a empresas<\/a><\/li>\n<li class=\"menu-item menu-item-type-post_type menu-item-object-page menu-item-110\"><a href=\"https:\/\/staging.venturacounty.gov\/es\/environment\/\" class=\"elementor-item\" tabindex=\"-1\">Medio ambiente<\/a><\/li>\n<li class=\"menu-item menu-item-type-post_type menu-item-object-page menu-item-119\"><a href=\"https:\/\/staging.venturacounty.gov\/es\/health-and-human-services\/\" class=\"elementor-item\" tabindex=\"-1\">Sanidad y Servicios Humanos<\/a><\/li>\n<li class=\"menu-item menu-item-type-post_type menu-item-object-page menu-item-118\"><a href=\"https:\/\/staging.venturacounty.gov\/es\/emergency-services\/\" class=\"elementor-item\" tabindex=\"-1\">Servicios de emergencia<\/a><\/li>\n<li class=\"menu-item menu-item-type-post_type menu-item-object-page menu-item-117\"><a href=\"https:\/\/staging.venturacounty.gov\/es\/residents\/\" class=\"elementor-item\" tabindex=\"-1\">Residentes<\/a><\/li>\n<li class=\"menu-item menu-item-type-post_type menu-item-object-page menu-item-121\"><a href=\"https:\/\/staging.venturacounty.gov\/es\/visitors\/\" class=\"elementor-item\" tabindex=\"-1\">Visitantes<\/a><\/li>\n<li class=\"menu-item menu-item-type-post_type menu-item-object-page menu-item-123\"><a href=\"https:\/\/staging.venturacounty.gov\/es\/government\/email-us\/\" class=\"elementor-item\" tabindex=\"-1\">Contacte con nosotros<\/a><\/li>\n<\/ul>\t\t\t<\/nav>\n\t\t\t\t\t\t<\/div>\n\t\t\t\t<\/div>\n\t\t\t\t\t<\/div>\n\t\t\t\t<\/div>\n\t\t\t\t\t<\/div>\n\t\t\t\t<\/div>\n\t\t<div class=\"elementor-element elementor-element-5a97add e-flex e-con-boxed e-con e-parent\" data-id=\"5a97add\" data-element_type=\"container\">\n\t\t\t\t\t<div class=\"e-con-inner\">\n\t\t<div class=\"elementor-element elementor-element-4ab656b e-flex e-con-boxed e-con e-child\" data-id=\"4ab656b\" data-element_type=\"container\">\n\t\t\t\t\t<div class=\"e-con-inner\">\n\t\t\t\t<div class=\"elementor-element elementor-element-d496e4e elementor-widget__width-initial elementor-widget elementor-widget-text-editor\" data-id=\"d496e4e\" data-element_type=\"widget\" data-widget_type=\"text-editor.default\">\n\t\t\t\t<div class=\"elementor-widget-container\">\n\t\t\t\t\t\t\t\t\t<div class=\"wpb_column vc_column_container vc_col-sm-6\"><div class=\"wpb_wrapper\"><div class=\"wpb_text_column wpb_content_element\"><div class=\"wpb_wrapper\"><ul class=\"arrow-list\"><li class=\"item-162\"><a href=\"\/es\/residents\/animal-pets\/\" rel=\"noopener\">Animales y mascotas<\/a><\/li><li class=\"item-162\"><a href=\"\/es\/residents\/certificates-registration-records\/\">Certificados, registro, actas<\/a><\/li><li class=\"item-161\"><a href=\"\/es\/residents\/consumer-rights-protection\/\" target=\"_blank\" rel=\"noopener noreferrer\" aria-label=\"Derechos y protecci\u00f3n de los consumidores - opens in new tab\" data-uw-rm-ext-link=\"\">Derechos y protecci\u00f3n del consumidor<\/a><\/li><li><a href=\"https:\/\/rma.venturacounty.gov\/en\/cultural-heritage-board\" target=\"_blank\" rel=\"noopener\" aria-label=\"Programa de Patrimonio Cultural - opens in new tab\" data-uw-rm-ext-link=\"\">Programa de Patrimonio Cultural<\/a><\/li><li class=\"item-160\"><a href=\"\/es\/residents\/education\/\">Educaci\u00f3n<\/a><\/li><li class=\"item-164\"><a href=\"\/es\/residents\/housing\/\">Vivienda<\/a><\/li><li><a href=\"https:\/\/rma.venturacounty.gov\/en\/mobile-home-park-rent-control-program\" target=\"_blank\" rel=\"noopener\" aria-label=\"Programa de Control de Alquileres en Parques de Casas M\u00f3viles - opens in new tab\" data-uw-rm-ext-link=\"\">Programa de control de alquileres en parques de casas m\u00f3viles<\/a><\/li><li class=\"item-1708\"><a href=\"\/es\/parks-department\/\">Departamento de Parques<\/a><\/li><li class=\"item-164\"><a href=\"\/es\/residents\/public-safety-and-courts\/\">Seguridad p\u00fablica y tribunales<\/a><\/li><li><a href=\"\/es\/environment\/tricountyren\/\">Servicios de eficiencia energ\u00e9tica residencial<\/a><\/li><li class=\"item-164\"><a href=\"\/es\/residents\/shelters\/\">Refugios<\/a><\/li><li class=\"item-164\"><a href=\"\/es\/residents\/social-services\/\">Servicios sociales<\/a><\/li><li class=\"item-164\"><a href=\"\/es\/residents\/taxes-fines-fees-permits\/\">Impuestos, multas, tasas y permisos<\/a><\/li><li><a href=\"\/es\/residents\/ventura-county-amazon-alexa-app-instructions\/\">Instrucciones para la Alexa Skill del condado de Ventura<\/a><\/li><li class=\"item-164\"><a href=\"\/es\/residents\/voting\/\">Votar<\/a><\/li><\/ul><\/div><\/div><\/div><\/div>\t\t\t\t\t\t\t\t<\/div>\n\t\t\t\t<\/div>\n\t\t\t\t<div class=\"elementor-element elementor-element-1f55781 elementor-widget elementor-widget-image\" data-id=\"1f55781\" data-element_type=\"widget\" data-widget_type=\"image.default\">\n\t\t\t\t<div class=\"elementor-widget-container\">\n\t\t\t\t\t\t\t\t\t\t\t\t\t\t\t<img fetchpriority=\"high\" decoding=\"async\" width=\"800\" height=\"535\" src=\"https:\/\/staging.venturacounty.gov\/wp-content\/uploads\/2023\/07\/Santa_Paula_Balloons.jpg\" class=\"attachment-large size-large wp-image-116\" alt=\"Santa Paula Balloons\" srcset=\"https:\/\/staging.venturacounty.gov\/wp-content\/uploads\/2023\/07\/Santa_Paula_Balloons.jpg 1000w, https:\/\/staging.venturacounty.gov\/wp-content\/uploads\/2023\/07\/Santa_Paula_Balloons-300x201.jpg 300w, https:\/\/staging.venturacounty.gov\/wp-content\/uploads\/2023\/07\/Santa_Paula_Balloons-768x514.jpg 768w\" sizes=\"(max-width: 800px) 100vw, 800px\" \/>\t\t\t\t\t\t\t\t\t\t\t\t\t\t\t<\/div>\n\t\t\t\t<\/div>\n\t\t\t\t\t<\/div>\n\t\t\t\t<\/div>\n\t\t\t\t\t<\/div>\n\t\t\t\t<\/div>\n\t\t\t\t<\/div>","protected":false},"excerpt":{"rendered":"<p>Animales y Mascotas Certificados, Registro, Expedientes Derechos y Protecci\u00f3n del Consumidor Programa de Patrimonio Cultural Educaci\u00f3n Vivienda Parque de Casas M\u00f3viles Programa de Control de Alquileres Departamento de Parques Seguridad P\u00fablica y Tribunales Servicios de Eficiencia Energ\u00e9tica Residencial Refugios Servicios Sociales Impuestos, Multas, Tasas y Permisos Instrucciones de Alexa Skill del Condado de Ventura Votaci\u00f3n<\/p>","protected":false},"author":5,"featured_media":0,"parent":0,"menu_order":0,"comment_status":"closed","ping_status":"closed","template":"","meta":{"_relevanssi_hide_post":"","_relevanssi_hide_content":"","_relevanssi_pin_for_all":"","_relevanssi_pin_keywords":"","_relevanssi_unpin_keywords":"","_relevanssi_related_keywords":"","_relevanssi_related_include_ids":"","_relevanssi_related_exclude_ids":"","_relevanssi_related_no_append":"","_relevanssi_related_not_related":"","_relevanssi_related_posts":"","_relevanssi_noindex_reason":"","footnotes":""},"categories":[12],"tags":[],"class_list":["post-115","page","type-page","status-publish","hentry","category-residents"],"_links":{"self":[{"href":"https:\/\/staging.venturacounty.gov\/es\/wp-json\/wp\/v2\/pages\/115","targetHints":{"allow":["GET"]}}],"collection":[{"href":"https:\/\/staging.venturacounty.gov\/es\/wp-json\/wp\/v2\/pages"}],"about":[{"href":"https:\/\/staging.venturacounty.gov\/es\/wp-json\/wp\/v2\/types\/page"}],"author":[{"embeddable":true,"href":"https:\/\/staging.venturacounty.gov\/es\/wp-json\/wp\/v2\/users\/5"}],"replies":[{"embeddable":true,"href":"https:\/\/staging.venturacounty.gov\/es\/wp-json\/wp\/v2\/comments?post=115"}],"version-history":[{"count":0,"href":"https:\/\/staging.venturacounty.gov\/es\/wp-json\/wp\/v2\/pages\/115\/revisions"}],"wp:attachment":[{"href":"https:\/\/staging.venturacounty.gov\/es\/wp-json\/wp\/v2\/media?parent=115"}],"wp:term":[{"taxonomy":"category","embeddable":true,"href":"https:\/\/staging.venturacounty.gov\/es\/wp-json\/wp\/v2\/categories?post=115"},{"taxonomy":"post_tag","embeddable":true,"href":"https:\/\/staging.venturacounty.gov\/es\/wp-json\/wp\/v2\/tags?post=115"}],"curies":[{"name":"wp","href":"https:\/\/api.w.org\/{rel}","templated":true}]}}