{"id":565,"date":"2023-08-02T23:13:31","date_gmt":"2023-08-02T23:13:31","guid":{"rendered":"https:\/\/staging.venturacounty.gov\/county-executive-office\/?page_id=565"},"modified":"2025-10-22T21:22:39","modified_gmt":"2025-10-22T21:22:39","slug":"policies-and-guidelines","status":"publish","type":"page","link":"https:\/\/staging.venturacounty.gov\/county-executive-office\/es\/community-development\/policies-and-guidelines\/","title":{"rendered":"Pol\u00edticas y directrices"},"content":{"rendered":"<div data-elementor-type=\"wp-page\" data-elementor-id=\"565\" class=\"elementor elementor-565\" data-elementor-post-type=\"page\">\n\t\t\t\t<div class=\"elementor-element elementor-element-786d7bc9 e-flex e-con-boxed e-con e-parent\" data-id=\"786d7bc9\" data-element_type=\"container\">\n\t\t\t\t\t<div class=\"e-con-inner\">\n\t\t<div class=\"elementor-element elementor-element-4d979cf e-flex e-con-boxed e-con e-child\" data-id=\"4d979cf\" data-element_type=\"container\" data-settings=\"{&quot;background_background&quot;:&quot;classic&quot;}\">\n\t\t\t\t\t<div class=\"e-con-inner\">\n\t\t\t\t<div class=\"elementor-element elementor-element-adf6181 elementor-widget elementor-widget-heading\" data-id=\"adf6181\" data-element_type=\"widget\" data-widget_type=\"heading.default\">\n\t\t\t\t<div class=\"elementor-widget-container\">\n\t\t\t\t\t<h1 class=\"elementor-heading-title elementor-size-default\">Pol\u00edticas y directrices<\/h1>\t\t\t\t<\/div>\n\t\t\t\t<\/div>\n\t\t<div class=\"elementor-element elementor-element-d37bf09 e-flex e-con-boxed e-con e-child\" data-id=\"d37bf09\" data-element_type=\"container\" data-settings=\"{&quot;background_background&quot;:&quot;classic&quot;}\">\n\t\t\t\t\t<div class=\"e-con-inner\">\n\t\t<div class=\"elementor-element elementor-element-3696f23 e-con-full e-flex e-con e-child\" data-id=\"3696f23\" data-element_type=\"container\">\n\t\t\t\t<div class=\"elementor-element elementor-element-e1b6a45 elementor-widget__width-initial elementor-widget-mobile__width-initial elementor-widget elementor-widget-text-editor\" data-id=\"e1b6a45\" data-element_type=\"widget\" data-widget_type=\"text-editor.default\">\n\t\t\t\t<div class=\"elementor-widget-container\">\n\t\t\t\t\t\t\t\t\t<ul class=\"arrow-list\">\n \t<li><a href=\"https:\/\/vcportal.venturacounty.gov\/CEO\/community-dev\/docs\/CHDO_SurvivorKit.pdf\" target=\"_blank\" rel=\"noopener noreferrer\" aria-label=\"HUD&#039;s CHDO Survivor Kit - se abre en una nueva pesta\u00f1a\" data-uw-rm-ext-link=\"\" data-uw-pdf-br=\"1\" data-uw-pdf-doc=\"\">Kit de supervivencia CHDO del HUD<\/a>\u00a0<img decoding=\"async\" class=\"alignnone size-full wp-image-6321\" role=\"presentation\" src=\"\/county-executive-office\/wp-content\/uploads\/sites\/2\/2023\/06\/AcrobatReader.png\" alt=\"\" width=\"20\" height=\"16\" data-uw-rm-ima=\"un\" \/><br role=\"presentation\" data-uw-rm-sr=\"\" \/>Los promotores de viviendas sin \u00e1nimo de lucro pueden optar a ser una Organizaci\u00f3n de Desarrollo de Viviendas Comunitarias (CHDO) en el marco del programa HOME. Haga clic en el enlace anterior para obtener m\u00e1s informaci\u00f3n sobre CHDO.<\/li>\n \t<li><a href=\"https:\/\/vcportal.venturacounty.gov\/CEO\/community-dev\/docs\/CHDO_Application-HOME_Program.doc\" target=\"_blank\" rel=\"noopener noreferrer\" aria-label=\"County of Ventura CHDO Application - se abre en una nueva pesta\u00f1a\" data-uw-rm-ext-link=\"\">Solicitud CHDO del Condado de Ventura<\/a><br role=\"presentation\" data-uw-rm-sr=\"\" \/>Haga clic aqu\u00ed para acceder a la solicitud HOME CHDO del Condado de Ventura.<\/li>\n \t<li><a href=\"https:\/\/vcportal.venturacounty.gov\/CEO\/community-dev\/docs\/HOME_Policies_Procedures_Manual_revJuly2020.pdf\" target=\"_blank\" rel=\"noopener noreferrer\" aria-label=\"County of Ventura HOME Policies &amp; Procedures Manual (Revisado en julio de 2020) - se abre en una nueva pesta\u00f1a\" data-uw-rm-ext-link=\"\" data-uw-pdf-br=\"1\" data-uw-pdf-doc=\"\">County of Ventura HOME Policies &amp; Procedures Manual (Revisado en julio de 2020)<\/a>\u00a0<img decoding=\"async\" class=\"alignnone size-full wp-image-6321\" role=\"presentation\" src=\"https:\/\/cdn.venturacounty.gov\/wp-content\/uploads\/2017\/07\/AcrobatReader.png\" alt=\"\" width=\"20\" height=\"16\" data-uw-rm-ima=\"un\" \/><\/li>\n \t<li><a href=\"\/county-executive-office\/es\/community-development\/policies-and-guidelines\/cdbg-bid-packet-toolkit\/\">CDBG Bid Packet Toolkit<\/a><\/li>\n \t<li><a href=\"https:\/\/vcportal.venturacounty.gov\/CEO\/community-dev\/docs\/Code%20Enforcement%20Policy%20-%20July%202020.pdf\" target=\"_blank\" rel=\"noopener noreferrer\" aria-label=\"Pol\u00edtica de aplicaci\u00f3n de c\u00f3digos - opens in new tab\" data-uw-rm-ext-link=\"\" data-uw-pdf-br=\"1\" data-uw-pdf-doc=\"\">Pol\u00edtica de aplicaci\u00f3n de c\u00f3digos<\/a><img decoding=\"async\" class=\"alignnone size-full wp-image-6321\" role=\"presentation\" src=\"https:\/\/cdn.venturacounty.gov\/wp-content\/uploads\/2017\/07\/AcrobatReader.png\" alt=\"\" width=\"20\" height=\"16\" data-uw-rm-ima=\"un\" \/><\/li>\n<\/ul>\n<a href=\"https:\/\/vcportal.venturacounty.gov\/CEO\/community-dev\/docs\/Program%20Income%20Reuse%20Plan%202020.pdf\" target=\"_blank\" rel=\"noopener noreferrer\" aria-label=\"Programa Plan de Reutilizaci\u00f3n de Ingresos - opens in new tab\" data-uw-rm-ext-link=\"\" data-uw-pdf-br=\"1\" data-uw-pdf-doc=\"\">Plan de reutilizaci\u00f3n de los ingresos del programa<\/a>\n\n<img decoding=\"async\" src=\"https:\/\/vcportal.venturacounty.gov\/CEO\/community-dev\/images\/6911020.PNG\" alt=\"Residential Anti-displacement and Relocation Assistance Plan\" width=\"16\" height=\"16\" data-uw-rm-ima-original=\"residential anti-displacement and relocation assistance plan\" \/>\u00a0<a href=\"https:\/\/vcportal.venturacounty.gov\/CEO\/community-dev\/docs\/2025-26\/County_Relocation_Plan_2025.pdf\" target=\"_blank\" rel=\"noopener\" data-uw-pdf-br=\"1\" data-uw-pdf-doc=\"\">Plan de asistencia residencial contra el desplazamiento y para la reubicaci\u00f3n<\/a>\u00a0<img decoding=\"async\" class=\"alignnone size-full wp-image-6321\" role=\"presentation\" src=\"\/county-executive-office\/wp-content\/uploads\/sites\/2\/2023\/06\/AcrobatReader.png\" alt=\"\" width=\"20\" height=\"16\" data-uw-rm-ima=\"un\" \/><br role=\"presentation\" data-uw-rm-sr=\"\" \/>Haga clic en el enlace de arriba para ver el Plan del Condado de Ventura para minimizar el desplazamiento de personas de sus hogares debido a una demolici\u00f3n financiada por el HUD o proyectos de rehabilitaci\u00f3n.\n<p\/><p\/>\n<img loading=\"lazy\" decoding=\"async\" src=\"https:\/\/vcportal.venturacounty.gov\/CEO\/community-dev\/images\/6911019.PNG\" alt=\"Section 3 Plan for County of Ventura\" width=\"16\" height=\"16\" data-uw-rm-ima-original=\"section 3 plan for county of ventura\" \/>\u00a0<a href=\"https:\/\/vcportal.venturacounty.gov\/CEO\/community-dev\/docs\/County_of_Ventura_Section_3_Plan.pdf\" target=\"_blank\" rel=\"noopener noreferrer\" aria-label=\"Plan de la Secci\u00f3n 3 para el Condado de Ventura - opens in new tab\" data-uw-rm-ext-link=\"\" data-uw-pdf-br=\"1\" data-uw-pdf-doc=\"\">Plan de la Secci\u00f3n 3 para el Condado de Ventura<\/a>\u00a0<img decoding=\"async\" class=\"alignnone size-full wp-image-6321\" role=\"presentation\" src=\"\/county-executive-office\/wp-content\/uploads\/sites\/2\/2023\/06\/AcrobatReader.png\" alt=\"\" width=\"20\" height=\"16\" data-uw-rm-ima=\"un\" \/><br role=\"presentation\" data-uw-rm-sr=\"\" \/>El Plan del Condado para garantizar que el empleo y otras oportunidades econ\u00f3micas generadas por determinadas ayudas financieras del HUD se destinen, en la mayor medida posible, a personas con rentas bajas y muy bajas, en particular a las que reciben ayudas p\u00fablicas para la vivienda, y a empresas que ofrezcan oportunidades econ\u00f3micas a personas con rentas bajas y muy bajas.\t\t\t\t\t\t\t\t<\/div>\n\t\t\t\t<\/div>\n\t\t\t\t<\/div>\n\t\t<div class=\"elementor-element elementor-element-934f1f5 e-con-full e-flex e-con e-child\" data-id=\"934f1f5\" data-element_type=\"container\">\n\t\t\t\t<div class=\"elementor-element elementor-element-66903d2 elementor-widget elementor-widget-template\" data-id=\"66903d2\" data-element_type=\"widget\" data-widget_type=\"template.default\">\n\t\t\t\t<div class=\"elementor-widget-container\">\n\t\t\t\t\t\t\t<div class=\"elementor-template\">\n\t\t\t\t\t<div data-elementor-type=\"container\" data-elementor-id=\"578\" class=\"elementor elementor-578\" data-elementor-post-type=\"elementor_library\">\n\t\t\t\t<div class=\"elementor-element elementor-element-76ae42c e-flex e-con-boxed e-con e-parent\" data-id=\"76ae42c\" data-element_type=\"container\">\n\t\t\t\t\t<div class=\"e-con-inner\">\n\t\t\t\t<div class=\"elementor-element elementor-element-5a6b27e CommD elementor-nav-menu--dropdown-tablet elementor-nav-menu__text-align-aside elementor-nav-menu--toggle elementor-nav-menu--burger elementor-widget elementor-widget-global elementor-global-553 elementor-widget-nav-menu\" data-id=\"5a6b27e\" data-element_type=\"widget\" data-settings=\"{&quot;layout&quot;:&quot;vertical&quot;,&quot;submenu_icon&quot;:{&quot;value&quot;:&quot;fas fa-caret-down&quot;,&quot;library&quot;:&quot;fa-solid&quot;},&quot;toggle&quot;:&quot;burger&quot;}\" data-widget_type=\"nav-menu.default\">\n\t\t\t\t<div class=\"elementor-widget-container\">\n\t\t\t\t\t\t\t\t<nav aria-label=\"Men\u00fa\" class=\"elementor-nav-menu--main elementor-nav-menu__container elementor-nav-menu--layout-vertical e--pointer-background e--animation-none\">\n\t\t\t\t<ul id=\"menu-1-5a6b27e\" class=\"elementor-nav-menu sm-vertical\"><li class=\"menu-item menu-item-type-post_type menu-item-object-page menu-item-550\"><a href=\"https:\/\/staging.venturacounty.gov\/county-executive-office\/es\/community-development\/\" class=\"elementor-item\">Desarrollo comunitario<\/a><\/li>\n<li class=\"menu-item menu-item-type-post_type menu-item-object-page menu-item-552\"><a href=\"https:\/\/staging.venturacounty.gov\/county-executive-office\/es\/community-development\/housing-homeowner-and-rental-assistance\/\" class=\"elementor-item\">VIVIENDA - Ayuda a la vivienda y al alquiler<\/a><\/li>\n<li class=\"menu-item menu-item-type-post_type menu-item-object-page menu-item-557\"><a href=\"https:\/\/staging.venturacounty.gov\/county-executive-office\/es\/community-development\/fair-housing\/\" class=\"elementor-item\">Vivienda justa<\/a><\/li>\n<li class=\"menu-item menu-item-type-post_type menu-item-object-page menu-item-562\"><a href=\"https:\/\/staging.venturacounty.gov\/county-executive-office\/es\/community-development\/hud-grants\/\" class=\"elementor-item\">Subvenciones del HUD<\/a><\/li>\n<li class=\"menu-item menu-item-type-post_type menu-item-object-page menu-item-563\"><a href=\"https:\/\/staging.venturacounty.gov\/county-executive-office\/es\/community-development\/hud-plans-reports\/\" class=\"elementor-item\">Planes e informes del HUD<\/a><\/li>\n<li class=\"menu-item menu-item-type-custom menu-item-object-custom menu-item-564\"><a target=\"_blank\" href=\"https:\/\/www.venturacoc.org\/\" class=\"elementor-item\">Atenci\u00f3n continuada<\/a><\/li>\n<li class=\"menu-item menu-item-type-post_type menu-item-object-page menu-item-566\"><a href=\"https:\/\/staging.venturacounty.gov\/county-executive-office\/es\/community-development\/policies-and-guidelines\/\" class=\"elementor-item\">Pol\u00edticas y directrices<\/a><\/li>\n<li class=\"menu-item menu-item-type-post_type menu-item-object-page menu-item-569\"><a href=\"https:\/\/staging.venturacounty.gov\/county-executive-office\/es\/community-development\/links\/\" class=\"elementor-item\">Enlaces<\/a><\/li>\n<\/ul>\t\t\t<\/nav>\n\t\t\t\t\t<div class=\"elementor-menu-toggle\" role=\"button\" tabindex=\"0\" aria-label=\"Men\u00fa Toggle\" aria-expanded=\"false\">\n\t\t\t<i aria-hidden=\"true\" role=\"presentation\" class=\"elementor-menu-toggle__icon--open eicon-menu-bar\"><\/i><i aria-hidden=\"true\" role=\"presentation\" class=\"elementor-menu-toggle__icon--close eicon-close\"><\/i>\t\t<\/div>\n\t\t\t\t\t<nav class=\"elementor-nav-menu--dropdown elementor-nav-menu__container\" aria-hidden=\"true\">\n\t\t\t\t<ul id=\"menu-2-5a6b27e\" class=\"elementor-nav-menu sm-vertical\"><li class=\"menu-item menu-item-type-post_type menu-item-object-page menu-item-550\"><a href=\"https:\/\/staging.venturacounty.gov\/county-executive-office\/es\/community-development\/\" class=\"elementor-item\" tabindex=\"-1\">Desarrollo comunitario<\/a><\/li>\n<li class=\"menu-item menu-item-type-post_type menu-item-object-page menu-item-552\"><a href=\"https:\/\/staging.venturacounty.gov\/county-executive-office\/es\/community-development\/housing-homeowner-and-rental-assistance\/\" class=\"elementor-item\" tabindex=\"-1\">VIVIENDA - Ayuda a la vivienda y al alquiler<\/a><\/li>\n<li class=\"menu-item menu-item-type-post_type menu-item-object-page menu-item-557\"><a href=\"https:\/\/staging.venturacounty.gov\/county-executive-office\/es\/community-development\/fair-housing\/\" class=\"elementor-item\" tabindex=\"-1\">Vivienda justa<\/a><\/li>\n<li class=\"menu-item menu-item-type-post_type menu-item-object-page menu-item-562\"><a href=\"https:\/\/staging.venturacounty.gov\/county-executive-office\/es\/community-development\/hud-grants\/\" class=\"elementor-item\" tabindex=\"-1\">Subvenciones del HUD<\/a><\/li>\n<li class=\"menu-item menu-item-type-post_type menu-item-object-page menu-item-563\"><a href=\"https:\/\/staging.venturacounty.gov\/county-executive-office\/es\/community-development\/hud-plans-reports\/\" class=\"elementor-item\" tabindex=\"-1\">Planes e informes del HUD<\/a><\/li>\n<li class=\"menu-item menu-item-type-custom menu-item-object-custom menu-item-564\"><a target=\"_blank\" href=\"https:\/\/www.venturacoc.org\/\" class=\"elementor-item\" tabindex=\"-1\">Atenci\u00f3n continuada<\/a><\/li>\n<li class=\"menu-item menu-item-type-post_type menu-item-object-page menu-item-566\"><a href=\"https:\/\/staging.venturacounty.gov\/county-executive-office\/es\/community-development\/policies-and-guidelines\/\" class=\"elementor-item\" tabindex=\"-1\">Pol\u00edticas y directrices<\/a><\/li>\n<li class=\"menu-item menu-item-type-post_type menu-item-object-page menu-item-569\"><a href=\"https:\/\/staging.venturacounty.gov\/county-executive-office\/es\/community-development\/links\/\" class=\"elementor-item\" tabindex=\"-1\">Enlaces<\/a><\/li>\n<\/ul>\t\t\t<\/nav>\n\t\t\t\t\t\t<\/div>\n\t\t\t\t<\/div>\n\t\t\t\t<div class=\"elementor-element elementor-element-c8b55ba elementor-widget elementor-widget-text-editor\" data-id=\"c8b55ba\" data-element_type=\"widget\" data-widget_type=\"text-editor.default\">\n\t\t\t\t<div class=\"elementor-widget-container\">\n\t\t\t\t\t\t\t\t\t<p>Agencia de Reurbanizaci\u00f3n<\/p>\t\t\t\t\t\t\t\t<\/div>\n\t\t\t\t<\/div>\n\t\t\t\t<div class=\"elementor-element elementor-element-b2b2c05 elementor-nav-menu--dropdown-tablet elementor-nav-menu__text-align-aside elementor-nav-menu--toggle elementor-nav-menu--burger elementor-widget elementor-widget-global elementor-global-572 elementor-widget-nav-menu\" data-id=\"b2b2c05\" data-element_type=\"widget\" data-settings=\"{&quot;layout&quot;:&quot;vertical&quot;,&quot;submenu_icon&quot;:{&quot;value&quot;:&quot;fas fa-caret-down&quot;,&quot;library&quot;:&quot;fa-solid&quot;},&quot;toggle&quot;:&quot;burger&quot;}\" data-widget_type=\"nav-menu.default\">\n\t\t\t\t<div class=\"elementor-widget-container\">\n\t\t\t\t\t\t\t\t<nav aria-label=\"Men\u00fa\" class=\"elementor-nav-menu--main elementor-nav-menu__container elementor-nav-menu--layout-vertical e--pointer-background e--animation-none\">\n\t\t\t\t<ul id=\"menu-1-b2b2c05\" class=\"elementor-nav-menu sm-vertical\"><li class=\"menu-item menu-item-type-post_type menu-item-object-page menu-item-571\"><a href=\"https:\/\/staging.venturacounty.gov\/county-executive-office\/es\/community-development\/county-of-ventura-rda-in-piru\/\" class=\"elementor-item\">Condado de Ventura RDA en Piru<\/a><\/li>\n<li class=\"menu-item menu-item-type-post_type menu-item-object-page menu-item-583\"><a href=\"https:\/\/staging.venturacounty.gov\/county-executive-office\/es\/community-development\/about-piru\/\" class=\"elementor-item\">Sobre Piru<\/a><\/li>\n<li class=\"menu-item menu-item-type-post_type menu-item-object-page menu-item-586\"><a href=\"https:\/\/staging.venturacounty.gov\/county-executive-office\/es\/community-development\/project-area-map\/\" class=\"elementor-item\">Mapa de la zona del proyecto<\/a><\/li>\n<li class=\"menu-item menu-item-type-post_type menu-item-object-page menu-item-587\"><a href=\"https:\/\/staging.venturacounty.gov\/county-executive-office\/es\/community-development\/projects-past-and-present\/\" class=\"elementor-item\">Proyectos - Pasados y presentes<\/a><\/li>\n<li class=\"menu-item menu-item-type-post_type menu-item-object-page menu-item-589\"><a href=\"https:\/\/staging.venturacounty.gov\/county-executive-office\/es\/community-development\/successor-agency\/\" class=\"elementor-item\">Agencia sucesora<\/a><\/li>\n<li class=\"menu-item menu-item-type-post_type menu-item-object-page menu-item-598\"><a href=\"https:\/\/staging.venturacounty.gov\/county-executive-office\/es\/community-development\/oversight-board\/\" class=\"elementor-item\">Consejo de Supervisi\u00f3n<\/a><\/li>\n<li class=\"menu-item menu-item-type-post_type menu-item-object-page menu-item-600\"><a href=\"https:\/\/staging.venturacounty.gov\/county-executive-office\/es\/community-development\/housing-successor-agency\/\" class=\"elementor-item\">Vivienda Agencia sucesora<\/a><\/li>\n<li class=\"menu-item menu-item-type-post_type menu-item-object-page menu-item-603\"><a href=\"https:\/\/staging.venturacounty.gov\/county-executive-office\/es\/community-development\/succession-agencies-within-the-county\/\" class=\"elementor-item\">Agencias sucesoras en el condado<\/a><\/li>\n<\/ul>\t\t\t<\/nav>\n\t\t\t\t\t<div class=\"elementor-menu-toggle\" role=\"button\" tabindex=\"0\" aria-label=\"Men\u00fa Toggle\" aria-expanded=\"false\">\n\t\t\t<i aria-hidden=\"true\" role=\"presentation\" class=\"elementor-menu-toggle__icon--open eicon-menu-bar\"><\/i><i aria-hidden=\"true\" role=\"presentation\" class=\"elementor-menu-toggle__icon--close eicon-close\"><\/i>\t\t<\/div>\n\t\t\t\t\t<nav class=\"elementor-nav-menu--dropdown elementor-nav-menu__container\" aria-hidden=\"true\">\n\t\t\t\t<ul id=\"menu-2-b2b2c05\" class=\"elementor-nav-menu sm-vertical\"><li class=\"menu-item menu-item-type-post_type menu-item-object-page menu-item-571\"><a href=\"https:\/\/staging.venturacounty.gov\/county-executive-office\/es\/community-development\/county-of-ventura-rda-in-piru\/\" class=\"elementor-item\" tabindex=\"-1\">Condado de Ventura RDA en Piru<\/a><\/li>\n<li class=\"menu-item menu-item-type-post_type menu-item-object-page menu-item-583\"><a href=\"https:\/\/staging.venturacounty.gov\/county-executive-office\/es\/community-development\/about-piru\/\" class=\"elementor-item\" tabindex=\"-1\">Sobre Piru<\/a><\/li>\n<li class=\"menu-item menu-item-type-post_type menu-item-object-page menu-item-586\"><a href=\"https:\/\/staging.venturacounty.gov\/county-executive-office\/es\/community-development\/project-area-map\/\" class=\"elementor-item\" tabindex=\"-1\">Mapa de la zona del proyecto<\/a><\/li>\n<li class=\"menu-item menu-item-type-post_type menu-item-object-page menu-item-587\"><a href=\"https:\/\/staging.venturacounty.gov\/county-executive-office\/es\/community-development\/projects-past-and-present\/\" class=\"elementor-item\" tabindex=\"-1\">Proyectos - Pasados y presentes<\/a><\/li>\n<li class=\"menu-item menu-item-type-post_type menu-item-object-page menu-item-589\"><a href=\"https:\/\/staging.venturacounty.gov\/county-executive-office\/es\/community-development\/successor-agency\/\" class=\"elementor-item\" tabindex=\"-1\">Agencia sucesora<\/a><\/li>\n<li class=\"menu-item menu-item-type-post_type menu-item-object-page menu-item-598\"><a href=\"https:\/\/staging.venturacounty.gov\/county-executive-office\/es\/community-development\/oversight-board\/\" class=\"elementor-item\" tabindex=\"-1\">Consejo de Supervisi\u00f3n<\/a><\/li>\n<li class=\"menu-item menu-item-type-post_type menu-item-object-page menu-item-600\"><a href=\"https:\/\/staging.venturacounty.gov\/county-executive-office\/es\/community-development\/housing-successor-agency\/\" class=\"elementor-item\" tabindex=\"-1\">Vivienda Agencia sucesora<\/a><\/li>\n<li class=\"menu-item menu-item-type-post_type menu-item-object-page menu-item-603\"><a href=\"https:\/\/staging.venturacounty.gov\/county-executive-office\/es\/community-development\/succession-agencies-within-the-county\/\" class=\"elementor-item\" tabindex=\"-1\">Agencias sucesoras en el condado<\/a><\/li>\n<\/ul>\t\t\t<\/nav>\n\t\t\t\t\t\t<\/div>\n\t\t\t\t<\/div>\n\t\t\t\t\t<\/div>\n\t\t\t\t<\/div>\n\t\t\t\t<\/div>\n\t\t\t\t<\/div>\n\t\t\t\t\t\t<\/div>\n\t\t\t\t<\/div>\n\t\t\t\t<\/div>\n\t\t\t\t\t<\/div>\n\t\t\t\t<\/div>\n\t\t<div class=\"elementor-element elementor-element-ceec676 e-con-full e-flex e-con e-child\" data-id=\"ceec676\" data-element_type=\"container\">\n\t\t\t\t<div class=\"elementor-element elementor-element-77f4ff1 elementor-widget elementor-widget-text-editor\" data-id=\"77f4ff1\" data-element_type=\"widget\" data-widget_type=\"text-editor.default\">\n\t\t\t\t<div class=\"elementor-widget-container\">\n\t\t\t\t\t\t\t\t\t<p>NOTA: Para comodidad de nuestros visitantes, esta p\u00e1gina puede contener enlaces a sitios web externos que no est\u00e1n gestionados ni controlados por el Condado de Ventura.<\/p>\t\t\t\t\t\t\t\t<\/div>\n\t\t\t\t<\/div>\n\t\t\t\t<\/div>\n\t\t\t\t\t<\/div>\n\t\t\t\t<\/div>\n\t\t\t\t\t<\/div>\n\t\t\t\t<\/div>\n\t\t\t\t<\/div>","protected":false},"excerpt":{"rendered":"<p>Policies and Guidelines HUD\u2019s CHDO Survivor Kit\u00a0Non-profit housing developers may qualify as a Community Housing Development Organization (CHDO) under the HOME program. Click on the link above for more CHDO information. County of Ventura CHDO ApplicationClick here for the County of Ventura\u2019s HOME CHDO Application. County of Ventura HOME Policies &amp; Procedures Manual (Revised July [&hellip;]<\/p>\n","protected":false},"author":7,"featured_media":0,"parent":187,"menu_order":0,"comment_status":"closed","ping_status":"closed","template":"","meta":{"_relevanssi_hide_post":"","_relevanssi_hide_content":"","_relevanssi_pin_for_all":"","_relevanssi_pin_keywords":"","_relevanssi_unpin_keywords":"","_relevanssi_related_keywords":"","_relevanssi_related_include_ids":"","_relevanssi_related_exclude_ids":"","_relevanssi_related_no_append":"","_relevanssi_related_not_related":"","_relevanssi_related_posts":"","_relevanssi_noindex_reason":"","footnotes":""},"categories":[20],"tags":[],"class_list":["post-565","page","type-page","status-publish","hentry","category-community-development"],"_links":{"self":[{"href":"https:\/\/staging.venturacounty.gov\/county-executive-office\/es\/wp-json\/wp\/v2\/pages\/565","targetHints":{"allow":["GET"]}}],"collection":[{"href":"https:\/\/staging.venturacounty.gov\/county-executive-office\/es\/wp-json\/wp\/v2\/pages"}],"about":[{"href":"https:\/\/staging.venturacounty.gov\/county-executive-office\/es\/wp-json\/wp\/v2\/types\/page"}],"author":[{"embeddable":true,"href":"https:\/\/staging.venturacounty.gov\/county-executive-office\/es\/wp-json\/wp\/v2\/users\/7"}],"replies":[{"embeddable":true,"href":"https:\/\/staging.venturacounty.gov\/county-executive-office\/es\/wp-json\/wp\/v2\/comments?post=565"}],"version-history":[{"count":0,"href":"https:\/\/staging.venturacounty.gov\/county-executive-office\/es\/wp-json\/wp\/v2\/pages\/565\/revisions"}],"up":[{"embeddable":true,"href":"https:\/\/staging.venturacounty.gov\/county-executive-office\/es\/wp-json\/wp\/v2\/pages\/187"}],"wp:attachment":[{"href":"https:\/\/staging.venturacounty.gov\/county-executive-office\/es\/wp-json\/wp\/v2\/media?parent=565"}],"wp:term":[{"taxonomy":"category","embeddable":true,"href":"https:\/\/staging.venturacounty.gov\/county-executive-office\/es\/wp-json\/wp\/v2\/categories?post=565"},{"taxonomy":"post_tag","embeddable":true,"href":"https:\/\/staging.venturacounty.gov\/county-executive-office\/es\/wp-json\/wp\/v2\/tags?post=565"}],"curies":[{"name":"wp","href":"https:\/\/api.w.org\/{rel}","templated":true}]}}