{"id":414,"date":"2023-06-23T16:18:42","date_gmt":"2023-06-23T23:18:42","guid":{"rendered":"https:\/\/s43756.p1092.sites.pressdns.com\/?page_id=360"},"modified":"2026-03-19T23:42:01","modified_gmt":"2026-03-19T23:42:01","slug":"financial-planning-committee","status":"publish","type":"page","link":"https:\/\/staging.venturacounty.gov\/county-executive-office\/es\/budget-and-finance\/financial-planning-committee\/","title":{"rendered":"Comit\u00e9 de planificaci\u00f3n financiera"},"content":{"rendered":"<div data-elementor-type=\"wp-page\" data-elementor-id=\"414\" class=\"elementor elementor-414\" data-elementor-post-type=\"page\">\n\t\t\t\t<div class=\"elementor-element elementor-element-7c64692a e-flex e-con-boxed e-con e-parent\" data-id=\"7c64692a\" data-element_type=\"container\">\n\t\t\t\t\t<div class=\"e-con-inner\">\n\t\t<div class=\"elementor-element elementor-element-227c6d71 e-flex e-con-boxed e-con e-child\" data-id=\"227c6d71\" data-element_type=\"container\" data-settings=\"{&quot;background_background&quot;:&quot;classic&quot;}\">\n\t\t\t\t\t<div class=\"e-con-inner\">\n\t\t<div class=\"elementor-element elementor-element-8ca9c14 e-flex e-con-boxed e-con e-child\" data-id=\"8ca9c14\" data-element_type=\"container\" data-settings=\"{&quot;background_background&quot;:&quot;classic&quot;}\">\n\t\t\t\t\t<div class=\"e-con-inner\">\n\t\t\t\t<div class=\"elementor-element elementor-element-c6f8a5b elementor-widget elementor-widget-heading\" data-id=\"c6f8a5b\" data-element_type=\"widget\" data-widget_type=\"heading.default\">\n\t\t\t\t<div class=\"elementor-widget-container\">\n\t\t\t\t\t<h1 class=\"elementor-heading-title elementor-size-default\">Comit\u00e9 de planificaci\u00f3n financiera<\/h1>\t\t\t\t<\/div>\n\t\t\t\t<\/div>\n\t\t\t\t\t<\/div>\n\t\t\t\t<\/div>\n\t\t\t\t<div class=\"elementor-element elementor-element-91cc338 elementor-widget elementor-widget-text-editor\" data-id=\"91cc338\" data-element_type=\"widget\" data-widget_type=\"text-editor.default\">\n\t\t\t\t<div class=\"elementor-widget-container\">\n\t\t\t\t\t\t\t\t\t<p><strong>Formado:<\/strong>\u00a01\/1\/1986<\/p><p><strong>Prop\u00f3sito:<\/strong>\u00a0El Comit\u00e9 formular\u00e1 recomendaciones al Consejo en relaci\u00f3n con: los niveles de servicio de la deuda, los saldos de la deuda, la financiaci\u00f3n de las adquisiciones de bienes de capital previstas y cualquier propuesta que utilice m\u00e9todos de financiaci\u00f3n p\u00fablica. El Comit\u00e9 har\u00e1 recomendaciones al Consejo sobre los m\u00e9todos de financiaci\u00f3n propuestos, junto con recomendaciones sobre el nombramiento de asesores en materia de bonos, asesores financieros, suscriptores y otros servicios relacionados.<\/p><p><strong>Miembros actuales del Comit\u00e9:<\/strong><\/p><p><strong>Presidente de la Junta de Supervisores<\/strong> - Supervisor Jeff Gorell<br role=\"presentation\" data-uw-rm-sr=\"\" \/><strong>Vicepresidente de la Junta de Supervisores<\/strong> \u2013 Supervisor Vianey Lopez<br role=\"presentation\" data-uw-rm-sr=\"\" \/><strong>Ejecutivo del Condado<\/strong>\u00a0- Sevet Johnson (Presidente)<br role=\"presentation\" data-uw-rm-sr=\"\" \/><strong>Interventor-Controller<\/strong>\u00a0- Jeffrey Burgh<br role=\"presentation\" data-uw-rm-sr=\"\" \/><strong>Tesorero del condado<\/strong>\u00a0- Sue Horgan<br role=\"presentation\" data-uw-rm-sr=\"\" \/><strong>Abogado del Condado<\/strong>\u00a0-Tiffany North<\/p><p>Las reuniones se celebran en funci\u00f3n de las necesidades.<\/p>\t\t\t\t\t\t\t\t<\/div>\n\t\t\t\t<\/div>\n\t\t<div class=\"elementor-element elementor-element-7f6070f e-flex e-con-boxed e-con e-child\" data-id=\"7f6070f\" data-element_type=\"container\" data-settings=\"{&quot;background_background&quot;:&quot;classic&quot;}\">\n\t\t\t\t\t<div class=\"e-con-inner\">\n\t\t\t\t<div class=\"elementor-element elementor-element-bec4a62 elementor-widget__width-initial elementor-widget elementor-widget-heading\" data-id=\"bec4a62\" data-element_type=\"widget\" data-widget_type=\"heading.default\">\n\t\t\t\t<div class=\"elementor-widget-container\">\n\t\t\t\t\t<h2 class=\"elementor-heading-title elementor-size-default\">\u00d3rdenes del d\u00eda y actas<\/h2>\t\t\t\t<\/div>\n\t\t\t\t<\/div>\n\t\t\t\t<div class=\"elementor-element elementor-element-373f83e elementor-widget-divider--view-line elementor-widget elementor-widget-divider\" data-id=\"373f83e\" data-element_type=\"widget\" data-widget_type=\"divider.default\">\n\t\t\t\t<div class=\"elementor-widget-container\">\n\t\t\t\t\t\t\t<div class=\"elementor-divider\">\n\t\t\t<span class=\"elementor-divider-separator\">\n\t\t\t\t\t\t<\/span>\n\t\t<\/div>\n\t\t\t\t\t\t<\/div>\n\t\t\t\t<\/div>\n\t\t\t\t\t<\/div>\n\t\t\t\t<\/div>\n\t\t\t\t<div class=\"elementor-element elementor-element-9bf06a1 elementor-tabs-view-horizontal elementor-widget elementor-widget-tabs\" data-id=\"9bf06a1\" data-element_type=\"widget\" data-widget_type=\"tabs.default\">\n\t\t\t\t<div class=\"elementor-widget-container\">\n\t\t\t\t\t\t\t<div class=\"elementor-tabs\">\n\t\t\t<div class=\"elementor-tabs-wrapper\" role=\"tablist\" >\n\t\t\t\t\t\t\t\t\t<div id=\"elementor-tab-title-1631\" class=\"elementor-tab-title elementor-tab-desktop-title\" aria-selected=\"true\" data-tab=\"1\" role=\"tab\" tabindex=\"0\" aria-controls=\"elementor-tab-content-1631\" aria-expanded=\"false\">2026<\/div>\n\t\t\t\t\t\t\t\t\t<div id=\"elementor-tab-title-1632\" class=\"elementor-tab-title elementor-tab-desktop-title\" aria-selected=\"false\" data-tab=\"2\" role=\"tab\" tabindex=\"-1\" aria-controls=\"elementor-tab-content-1632\" aria-expanded=\"false\">2025<\/div>\n\t\t\t\t\t\t\t\t\t<div id=\"elementor-tab-title-1633\" class=\"elementor-tab-title elementor-tab-desktop-title\" aria-selected=\"false\" data-tab=\"3\" role=\"tab\" tabindex=\"-1\" aria-controls=\"elementor-tab-content-1633\" aria-expanded=\"false\">2024<\/div>\n\t\t\t\t\t\t\t\t\t<div id=\"elementor-tab-title-1634\" class=\"elementor-tab-title elementor-tab-desktop-title\" aria-selected=\"false\" data-tab=\"4\" role=\"tab\" tabindex=\"-1\" aria-controls=\"elementor-tab-content-1634\" aria-expanded=\"false\">2023<\/div>\n\t\t\t\t\t\t\t\t\t<div id=\"elementor-tab-title-1635\" class=\"elementor-tab-title elementor-tab-desktop-title\" aria-selected=\"false\" data-tab=\"5\" role=\"tab\" tabindex=\"-1\" aria-controls=\"elementor-tab-content-1635\" aria-expanded=\"false\">2022<\/div>\n\t\t\t\t\t\t\t\t\t<div id=\"elementor-tab-title-1636\" class=\"elementor-tab-title elementor-tab-desktop-title\" aria-selected=\"false\" data-tab=\"6\" role=\"tab\" tabindex=\"-1\" aria-controls=\"elementor-tab-content-1636\" aria-expanded=\"false\">2021<\/div>\n\t\t\t\t\t\t\t<\/div>\n\t\t\t<div class=\"elementor-tabs-content-wrapper\" role=\"tablist\" aria-orientation=\"vertical\">\n\t\t\t\t\t\t\t\t\t<div class=\"elementor-tab-title elementor-tab-mobile-title\" aria-selected=\"true\" data-tab=\"1\" role=\"tab\" tabindex=\"0\" aria-controls=\"elementor-tab-content-1631\" aria-expanded=\"false\">2026<\/div>\n\t\t\t\t\t<div id=\"elementor-tab-content-1631\" class=\"elementor-tab-content elementor-clearfix\" data-tab=\"1\" role=\"tabpanel\" aria-labelledby=\"elementor-tab-title-1631\" tabindex=\"0\" hidden=\"false\"><table style=\"width: 100%; text-align: right;\"><tbody><tr><th style=\"width: 20%;\">Fecha\/Hora<\/th><th style=\"width: 40%;\">Agenda<\/th><th style=\"width: 40%;\">Actas<\/th><\/tr><tr><td>March 24, 2026<\/td><td><a href=\"https:\/\/vcportal.venturacounty.gov\/CEO\/finance\/FPC\/meetings\/2026-03-24_FPC-Meeting-Agenda.pdf\" target=\"_blank\" rel=\"noopener\">Ver agenda<\/a><\/td><td>\u00a0<\/td><\/tr><\/tbody><\/table><p>\u00a0<\/p><\/div>\n\t\t\t\t\t\t\t\t\t<div class=\"elementor-tab-title elementor-tab-mobile-title\" aria-selected=\"false\" data-tab=\"2\" role=\"tab\" tabindex=\"-1\" aria-controls=\"elementor-tab-content-1632\" aria-expanded=\"false\">2025<\/div>\n\t\t\t\t\t<div id=\"elementor-tab-content-1632\" class=\"elementor-tab-content elementor-clearfix\" data-tab=\"2\" role=\"tabpanel\" aria-labelledby=\"elementor-tab-title-1632\" tabindex=\"0\" hidden=\"hidden\"><table style=\"width: 100%; text-align: right;\">\n<tbody>\n<tr>\n<th style=\"width: 20%;\">Fecha\/Hora<\/th>\n<th style=\"width: 40%;\">Agenda<\/th>\n<th style=\"width: 40%;\">Actas<\/th>\n<\/tr>\n<tr>\n<td>18 de noviembre de 2025<\/td>\n<td><a href=\"https:\/\/vcportal.venturacounty.gov\/CEO\/finance\/FPC\/meetings\/2025-11-18_FPC-Meeting-Agenda.pdf\" target=\"_blank\" rel=\"noopener noreferrer\">Ver agenda<\/a><\/td>\n<td><\/td>\n<\/tr>\n<\/tbody>\n<\/table><\/div>\n\t\t\t\t\t\t\t\t\t<div class=\"elementor-tab-title elementor-tab-mobile-title\" aria-selected=\"false\" data-tab=\"3\" role=\"tab\" tabindex=\"-1\" aria-controls=\"elementor-tab-content-1633\" aria-expanded=\"false\">2024<\/div>\n\t\t\t\t\t<div id=\"elementor-tab-content-1633\" class=\"elementor-tab-content elementor-clearfix\" data-tab=\"3\" role=\"tabpanel\" aria-labelledby=\"elementor-tab-title-1633\" tabindex=\"0\" hidden=\"hidden\"><table style=\"width: 100%; text-align: right;\">\n<tbody>\n<tr>\n<th style=\"width: 20%;\">Fecha\/Hora<\/th>\n<th style=\"width: 40%;\">Agenda<\/th>\n<th style=\"width: 40%;\">Actas<\/th>\n<\/tr>\n<tr>\n<td>6 de febrero de 2024 15:00 h.<\/td>\n<td><a href=\"https:\/\/vcportal.venturacounty.gov\/CEO\/finance\/FPC\/meetings\/2024-02-06_FPC-Meeting-Agenda.pdf\" target=\"_blank\" rel=\"noopener noreferrer\">Ver agenda<\/a><\/td>\n<td><\/td>\n<\/tr>\n<tr>\n<td>26 de marzo de 2024 4:00 p.m.<\/td>\n<td><a href=\"https:\/\/vcportal.venturacounty.gov\/CEO\/finance\/FPC\/meetings\/2024-03-26_FPC-Meeting-Agenda.pdf\" target=\"_blank\" rel=\"noopener noreferrer\">Ver agenda<\/a><\/td>\n<td><\/td>\n<\/tr>\n<tr>\n<td>23 de julio de 2024 4:00 p.m.<\/td>\n<td><a href=\"https:\/\/vcportal.venturacounty.gov\/CEO\/finance\/FPC\/meetings\/2024-07-23_FPC-Meeting-Agenda.pdf\" target=\"_blank\" rel=\"noopener noreferrer\">Ver agenda<\/a><\/td>\n<td><\/td>\n<\/tr>\n<\/tbody>\n<\/table><\/div>\n\t\t\t\t\t\t\t\t\t<div class=\"elementor-tab-title elementor-tab-mobile-title\" aria-selected=\"false\" data-tab=\"4\" role=\"tab\" tabindex=\"-1\" aria-controls=\"elementor-tab-content-1634\" aria-expanded=\"false\">2023<\/div>\n\t\t\t\t\t<div id=\"elementor-tab-content-1634\" class=\"elementor-tab-content elementor-clearfix\" data-tab=\"4\" role=\"tabpanel\" aria-labelledby=\"elementor-tab-title-1634\" tabindex=\"0\" hidden=\"hidden\"><table style=\"width: 100%;text-align: right\">\n<tbody>\n<tr>\n<th style=\"width: 20%\">Fecha\/Hora<\/th>\n<th style=\"width: 40%\">Agenda<\/th>\n<th style=\"width: 40%\">Actas<\/th>\n<\/tr>\n<tr>\n<td>11 de abril de 2023 14:30 h.<\/td>\n<td><a href=\"https:\/\/vcportal.venturacounty.gov\/CEO\/finance\/FPC\/meetings\/2023-04-11_FPC-Meeting-Agenda.pdf\" target=\"_blank\" rel=\"noopener noreferrer\">Ver agenda<\/a><\/td>\n<td><\/td>\n<\/tr>\n<\/tbody>\n<\/table><\/div>\n\t\t\t\t\t\t\t\t\t<div class=\"elementor-tab-title elementor-tab-mobile-title\" aria-selected=\"false\" data-tab=\"5\" role=\"tab\" tabindex=\"-1\" aria-controls=\"elementor-tab-content-1635\" aria-expanded=\"false\">2022<\/div>\n\t\t\t\t\t<div id=\"elementor-tab-content-1635\" class=\"elementor-tab-content elementor-clearfix\" data-tab=\"5\" role=\"tabpanel\" aria-labelledby=\"elementor-tab-title-1635\" tabindex=\"0\" hidden=\"hidden\"><table style=\"width: 100%;text-align: right\"><tbody><tr><th style=\"width: 20%\">Fecha\/Hora<\/th><th style=\"width: 40%\">Agenda<\/th><th style=\"width: 40%\">Actas<\/th><\/tr><tr><td>26 de abril de 2022 16.00 horas<\/td><td><a href=\"https:\/\/vcportal.venturacounty.gov\/CEO\/finance\/FPC\/meetings\/2022-04-26_FPC-Meeting-Agenda.pdf\" target=\"_blank\" rel=\"noopener noreferrer\">Ver agenda<\/a><\/td><td>\u00a0<\/td><\/tr><\/tbody><\/table><\/div>\n\t\t\t\t\t\t\t\t\t<div class=\"elementor-tab-title elementor-tab-mobile-title\" aria-selected=\"false\" data-tab=\"6\" role=\"tab\" tabindex=\"-1\" aria-controls=\"elementor-tab-content-1636\" aria-expanded=\"false\">2021<\/div>\n\t\t\t\t\t<div id=\"elementor-tab-content-1636\" class=\"elementor-tab-content elementor-clearfix\" data-tab=\"6\" role=\"tabpanel\" aria-labelledby=\"elementor-tab-title-1636\" tabindex=\"0\" hidden=\"hidden\"><table style=\"width: 100%;text-align: right\">\n<tbody>\n<tr>\n<th style=\"width: 20%\">Fecha\/Hora<\/th>\n<th style=\"width: 40%\">Agenda<\/th>\n<th style=\"width: 40%\">Actas<\/th>\n<\/tr>\n<tr>\n<td>26 de enero de 2021, 12:00 p.m.<\/td>\n<td><a href=\"https:\/\/vcportal.venturacounty.gov\/CEO\/finance\/FPC\/meetings\/2021-01-26_FPC-Meeting-Agenda.pdf\" target=\"_blank\" rel=\"noopener noreferrer\">Ver agenda<\/a><\/td>\n<td><\/td>\n<\/tr>\n<tr>\n<td>13 de abril de 2021, 12:00 p.m.<\/td>\n<td><a href=\"https:\/\/vcportal.venturacounty.gov\/CEO\/finance\/FPC\/meetings\/2021-04-13_FPC-Meeting-Agenda.pdf\" target=\"_blank\" rel=\"noopener noreferrer\">Ver agenda<\/a><\/td>\n<td><\/td>\n<\/tr>\n<\/tbody>\n<\/table><\/div>\n\t\t\t\t\t\t\t<\/div>\n\t\t<\/div>\n\t\t\t\t\t\t<\/div>\n\t\t\t\t<\/div>\n\t\t\t\t\t<\/div>\n\t\t\t\t<\/div>\n\t\t\t\t\t<\/div>\n\t\t\t\t<\/div>\n\t\t\t\t<\/div>","protected":false},"excerpt":{"rendered":"<p>Financial Planning Committee Formed:\u00a01\/1\/1986 Purpose:\u00a0The Committee will provide recommendations to the Board concerning: levels of debt service, debt balances, financing of planned capital asset acquisitions, and any proposals utilizing public finance methods. The Committee will make recommendations to the Board as to proposed financing methods, together with recommendations regarding the appointment of bond counsel, financial [&hellip;]<\/p>\n","protected":false},"author":7,"featured_media":0,"parent":191,"menu_order":0,"comment_status":"closed","ping_status":"closed","template":"","meta":{"_relevanssi_hide_post":"","_relevanssi_hide_content":"","_relevanssi_pin_for_all":"","_relevanssi_pin_keywords":"","_relevanssi_unpin_keywords":"","_relevanssi_related_keywords":"","_relevanssi_related_include_ids":"","_relevanssi_related_exclude_ids":"","_relevanssi_related_no_append":"","_relevanssi_related_not_related":"","_relevanssi_related_posts":"","_relevanssi_noindex_reason":"","footnotes":""},"categories":[1],"tags":[],"class_list":["post-414","page","type-page","status-publish","hentry","category-uncategorized"],"_links":{"self":[{"href":"https:\/\/staging.venturacounty.gov\/county-executive-office\/es\/wp-json\/wp\/v2\/pages\/414","targetHints":{"allow":["GET"]}}],"collection":[{"href":"https:\/\/staging.venturacounty.gov\/county-executive-office\/es\/wp-json\/wp\/v2\/pages"}],"about":[{"href":"https:\/\/staging.venturacounty.gov\/county-executive-office\/es\/wp-json\/wp\/v2\/types\/page"}],"author":[{"embeddable":true,"href":"https:\/\/staging.venturacounty.gov\/county-executive-office\/es\/wp-json\/wp\/v2\/users\/7"}],"replies":[{"embeddable":true,"href":"https:\/\/staging.venturacounty.gov\/county-executive-office\/es\/wp-json\/wp\/v2\/comments?post=414"}],"version-history":[{"count":0,"href":"https:\/\/staging.venturacounty.gov\/county-executive-office\/es\/wp-json\/wp\/v2\/pages\/414\/revisions"}],"up":[{"embeddable":true,"href":"https:\/\/staging.venturacounty.gov\/county-executive-office\/es\/wp-json\/wp\/v2\/pages\/191"}],"wp:attachment":[{"href":"https:\/\/staging.venturacounty.gov\/county-executive-office\/es\/wp-json\/wp\/v2\/media?parent=414"}],"wp:term":[{"taxonomy":"category","embeddable":true,"href":"https:\/\/staging.venturacounty.gov\/county-executive-office\/es\/wp-json\/wp\/v2\/categories?post=414"},{"taxonomy":"post_tag","embeddable":true,"href":"https:\/\/staging.venturacounty.gov\/county-executive-office\/es\/wp-json\/wp\/v2\/tags?post=414"}],"curies":[{"name":"wp","href":"https:\/\/api.w.org\/{rel}","templated":true}]}}