{"id":184,"date":"2023-06-08T08:55:28","date_gmt":"2023-06-08T15:55:28","guid":{"rendered":"https:\/\/s43756.p1092.sites.pressdns.com\/?page_id=184"},"modified":"2025-05-13T17:48:00","modified_gmt":"2025-05-13T17:48:00","slug":"government-affairs","status":"publish","type":"page","link":"https:\/\/staging.venturacounty.gov\/county-executive-office\/es\/government-affairs\/","title":{"rendered":"Asuntos de Gobierno"},"content":{"rendered":"<div data-elementor-type=\"wp-page\" data-elementor-id=\"184\" class=\"elementor elementor-184\" data-elementor-post-type=\"page\">\n\t\t\t\t<div class=\"elementor-element elementor-element-786d7bc9 e-flex e-con-boxed e-con e-parent\" data-id=\"786d7bc9\" data-element_type=\"container\">\n\t\t\t\t\t<div class=\"e-con-inner\">\n\t\t<div class=\"elementor-element elementor-element-4d979cf e-flex e-con-boxed e-con e-child\" data-id=\"4d979cf\" data-element_type=\"container\" data-settings=\"{&quot;background_background&quot;:&quot;classic&quot;}\">\n\t\t\t\t\t<div class=\"e-con-inner\">\n\t\t<div class=\"elementor-element elementor-element-eee6067 e-flex e-con-boxed e-con e-child\" data-id=\"eee6067\" data-element_type=\"container\" data-settings=\"{&quot;background_background&quot;:&quot;classic&quot;}\">\n\t\t\t\t\t<div class=\"e-con-inner\">\n\t\t<div class=\"elementor-element elementor-element-c5ceb25 e-con-full e-flex e-con e-child\" data-id=\"c5ceb25\" data-element_type=\"container\">\n\t\t\t\t<div class=\"elementor-element elementor-element-9a499c9 elementor-widget elementor-widget-heading\" data-id=\"9a499c9\" data-element_type=\"widget\" data-widget_type=\"heading.default\">\n\t\t\t\t<div class=\"elementor-widget-container\">\n\t\t\t\t\t<h2 class=\"elementor-heading-title elementor-size-default\">ENCUENTRANOS EN<\/h2>\t\t\t\t<\/div>\n\t\t\t\t<\/div>\n\t\t<div class=\"elementor-element elementor-element-92d253f e-con-full e-flex e-con e-child\" data-id=\"92d253f\" data-element_type=\"container\">\n\t\t\t\t<div class=\"elementor-element elementor-element-917cf57 elementor-align-left elementor-icon-list--layout-traditional elementor-list-item-link-full_width elementor-widget elementor-widget-icon-list\" data-id=\"917cf57\" data-element_type=\"widget\" data-widget_type=\"icon-list.default\">\n\t\t\t\t<div class=\"elementor-widget-container\">\n\t\t\t\t\t\t\t<ul class=\"elementor-icon-list-items\">\n\t\t\t\t\t\t\t<li class=\"elementor-icon-list-item\">\n\t\t\t\t\t\t\t\t\t\t\t<a href=\"https:\/\/www.facebook.com\/CountyOfVentura\">\n\n\t\t\t\t\t\t\t\t\t\t\t\t<span class=\"elementor-icon-list-icon\">\n\t\t\t\t\t\t\t<i aria-hidden=\"true\" class=\"fab fa-facebook-f\"><\/i>\t\t\t\t\t\t<\/span>\n\t\t\t\t\t\t\t\t\t\t<span class=\"elementor-icon-list-text\"><\/span>\n\t\t\t\t\t\t\t\t\t\t\t<\/a>\n\t\t\t\t\t\t\t\t\t<\/li>\n\t\t\t\t\t\t<\/ul>\n\t\t\t\t\t\t<\/div>\n\t\t\t\t<\/div>\n\t\t\t\t<div class=\"elementor-element elementor-element-6bac7c7 elementor-align-left elementor-icon-list--layout-traditional elementor-list-item-link-full_width elementor-widget elementor-widget-icon-list\" data-id=\"6bac7c7\" data-element_type=\"widget\" data-widget_type=\"icon-list.default\">\n\t\t\t\t<div class=\"elementor-widget-container\">\n\t\t\t\t\t\t\t<ul class=\"elementor-icon-list-items\">\n\t\t\t\t\t\t\t<li class=\"elementor-icon-list-item\">\n\t\t\t\t\t\t\t\t\t\t\t<a href=\"https:\/\/twitter.com\/countyventura\">\n\n\t\t\t\t\t\t\t\t\t\t\t\t<span class=\"elementor-icon-list-icon\">\n\t\t\t\t\t\t\t<i aria-hidden=\"true\" class=\"fab fa-twitter\"><\/i>\t\t\t\t\t\t<\/span>\n\t\t\t\t\t\t\t\t\t\t<span class=\"elementor-icon-list-text\"><\/span>\n\t\t\t\t\t\t\t\t\t\t\t<\/a>\n\t\t\t\t\t\t\t\t\t<\/li>\n\t\t\t\t\t\t<\/ul>\n\t\t\t\t\t\t<\/div>\n\t\t\t\t<\/div>\n\t\t\t\t<div class=\"elementor-element elementor-element-6288b4f elementor-align-left elementor-icon-list--layout-traditional elementor-list-item-link-full_width elementor-widget elementor-widget-icon-list\" data-id=\"6288b4f\" data-element_type=\"widget\" data-widget_type=\"icon-list.default\">\n\t\t\t\t<div class=\"elementor-widget-container\">\n\t\t\t\t\t\t\t<ul class=\"elementor-icon-list-items\">\n\t\t\t\t\t\t\t<li class=\"elementor-icon-list-item\">\n\t\t\t\t\t\t\t\t\t\t\t<a href=\"https:\/\/www.instagram.com\/countyofventura\/\">\n\n\t\t\t\t\t\t\t\t\t\t\t\t<span class=\"elementor-icon-list-icon\">\n\t\t\t\t\t\t\t<i aria-hidden=\"true\" class=\"fab fa-instagram\"><\/i>\t\t\t\t\t\t<\/span>\n\t\t\t\t\t\t\t\t\t\t<span class=\"elementor-icon-list-text\"><\/span>\n\t\t\t\t\t\t\t\t\t\t\t<\/a>\n\t\t\t\t\t\t\t\t\t<\/li>\n\t\t\t\t\t\t<\/ul>\n\t\t\t\t\t\t<\/div>\n\t\t\t\t<\/div>\n\t\t\t\t<\/div>\n\t\t\t\t<\/div>\n\t\t<div class=\"elementor-element elementor-element-6f68519 e-con-full e-flex e-con e-child\" data-id=\"6f68519\" data-element_type=\"container\">\n\t\t\t\t<div class=\"elementor-element elementor-element-5990bdc elementor-widget elementor-widget-heading\" data-id=\"5990bdc\" data-element_type=\"widget\" data-widget_type=\"heading.default\">\n\t\t\t\t<div class=\"elementor-widget-container\">\n\t\t\t\t\t<h4 class=\"elementor-heading-title elementor-size-default\">Asuntos de Gobierno<\/h4>\t\t\t\t<\/div>\n\t\t\t\t<\/div>\n\t\t<div class=\"elementor-element elementor-element-d51f66d e-con-full e-flex e-con e-child\" data-id=\"d51f66d\" data-element_type=\"container\">\n\t\t\t\t<div class=\"elementor-element elementor-element-059da33 elementor-widget elementor-widget-image\" data-id=\"059da33\" data-element_type=\"widget\" data-widget_type=\"image.default\">\n\t\t\t\t<div class=\"elementor-widget-container\">\n\t\t\t\t\t\t\t\t\t\t\t\t\t\t\t<img decoding=\"async\" width=\"150\" height=\"187\" src=\"https:\/\/staging.venturacounty.gov\/county-executive-office\/wp-content\/uploads\/sites\/2\/2023\/06\/MGuzman_150w.jpg\" class=\"attachment-large size-large wp-image-185\" alt=\"\" \/>\t\t\t\t\t\t\t\t\t\t\t\t\t\t\t<\/div>\n\t\t\t\t<\/div>\n\t\t\t\t<div class=\"elementor-element elementor-element-e833e36 elementor-widget elementor-widget-text-editor\" data-id=\"e833e36\" data-element_type=\"widget\" data-widget_type=\"text-editor.default\">\n\t\t\t\t<div class=\"elementor-widget-container\">\n\t\t\t\t\t\t\t\t\t<p><strong>Michele Guzm\u00e1n<\/strong><br role=\"presentation\" data-uw-rm-sr=\"\" \/><strong>Asuntos de Gobierno<br role=\"presentation\" data-uw-rm-sr=\"\" \/><\/strong><\/p><p><a href=\"mailto:michele.guzman@ventura.org\" data-uw-rm-brl=\"exc\" aria-label=\"env\u00ede un correo electr\u00f3nico a michele.guzman@ventura.org\" data-uw-rm-vglnk=\"\">michele.guzman@ventura.org<\/a><\/p><p>(805) 654-3836<\/p>\t\t\t\t\t\t\t\t<\/div>\n\t\t\t\t<\/div>\n\t\t\t\t<\/div>\n\t\t\t\t<\/div>\n\t\t\t\t\t<\/div>\n\t\t\t\t<\/div>\n\t\t\t\t<div class=\"elementor-element elementor-element-2733559 elementor-widget-divider--view-line elementor-widget elementor-widget-divider\" data-id=\"2733559\" data-element_type=\"widget\" data-widget_type=\"divider.default\">\n\t\t\t\t<div class=\"elementor-widget-container\">\n\t\t\t\t\t\t\t<div class=\"elementor-divider\">\n\t\t\t<span class=\"elementor-divider-separator\">\n\t\t\t\t\t\t<\/span>\n\t\t<\/div>\n\t\t\t\t\t\t<\/div>\n\t\t\t\t<\/div>\n\t\t<div class=\"elementor-element elementor-element-d37bf09 e-flex e-con-boxed e-con e-child\" data-id=\"d37bf09\" data-element_type=\"container\" data-settings=\"{&quot;background_background&quot;:&quot;classic&quot;}\">\n\t\t\t\t\t<div class=\"e-con-inner\">\n\t\t<div class=\"elementor-element elementor-element-b659ebc e-con-full e-flex e-con e-child\" data-id=\"b659ebc\" data-element_type=\"container\">\n\t\t\t\t<div class=\"elementor-element elementor-element-3380aaa elementor-widget elementor-widget-heading\" data-id=\"3380aaa\" data-element_type=\"widget\" data-widget_type=\"heading.default\">\n\t\t\t\t<div class=\"elementor-widget-container\">\n\t\t\t\t\t<h2 class=\"elementor-heading-title elementor-size-default\">ADMINISTRACI\u00d3N<\/h2>\t\t\t\t<\/div>\n\t\t\t\t<\/div>\n\t\t<div class=\"elementor-element elementor-element-973566e e-con-full e-flex e-con e-child\" data-id=\"973566e\" data-element_type=\"container\">\n\t\t\t\t<div class=\"elementor-element elementor-element-ed6ce45 elementor-align-left elementor-widget__width-inherit elementor-icon-list--layout-traditional elementor-list-item-link-full_width elementor-widget elementor-widget-icon-list\" data-id=\"ed6ce45\" data-element_type=\"widget\" data-widget_type=\"icon-list.default\">\n\t\t\t\t<div class=\"elementor-widget-container\">\n\t\t\t\t\t\t\t<ul class=\"elementor-icon-list-items\">\n\t\t\t\t\t\t\t<li class=\"elementor-icon-list-item\">\n\t\t\t\t\t\t\t\t\t\t\t<a href=\"\/county-executive-office\/es\/administration\/\">\n\n\t\t\t\t\t\t\t\t\t\t\t\t<span class=\"elementor-icon-list-icon\">\n\t\t\t\t\t\t\t<i aria-hidden=\"true\" class=\"fas fa-angle-right\"><\/i>\t\t\t\t\t\t<\/span>\n\t\t\t\t\t\t\t\t\t\t<span class=\"elementor-icon-list-text\">CEO Administraci\u00f3n<\/span>\n\t\t\t\t\t\t\t\t\t\t\t<\/a>\n\t\t\t\t\t\t\t\t\t<\/li>\n\t\t\t\t\t\t\t\t<li class=\"elementor-icon-list-item\">\n\t\t\t\t\t\t\t\t\t\t\t<a href=\"\/county-executive-office\/es\/clerk-of-the-board\/\">\n\n\t\t\t\t\t\t\t\t\t\t\t\t<span class=\"elementor-icon-list-icon\">\n\t\t\t\t\t\t\t<i aria-hidden=\"true\" class=\"fas fa-angle-right\"><\/i>\t\t\t\t\t\t<\/span>\n\t\t\t\t\t\t\t\t\t\t<span class=\"elementor-icon-list-text\">Secretario del Consejo<\/span>\n\t\t\t\t\t\t\t\t\t\t\t<\/a>\n\t\t\t\t\t\t\t\t\t<\/li>\n\t\t\t\t\t\t\t\t<li class=\"elementor-icon-list-item\">\n\t\t\t\t\t\t\t\t\t\t\t<a href=\"\/county-executive-office\/es\/community-development\/\">\n\n\t\t\t\t\t\t\t\t\t\t\t\t<span class=\"elementor-icon-list-icon\">\n\t\t\t\t\t\t\t<i aria-hidden=\"true\" class=\"fas fa-angle-right\"><\/i>\t\t\t\t\t\t<\/span>\n\t\t\t\t\t\t\t\t\t\t<span class=\"elementor-icon-list-text\">Desarrollo comunitario<\/span>\n\t\t\t\t\t\t\t\t\t\t\t<\/a>\n\t\t\t\t\t\t\t\t\t<\/li>\n\t\t\t\t\t\t\t\t<li class=\"elementor-icon-list-item\">\n\t\t\t\t\t\t\t\t\t\t\t<a href=\"\/county-executive-office\/es\/government-affairs\/\">\n\n\t\t\t\t\t\t\t\t\t\t\t\t<span class=\"elementor-icon-list-icon\">\n\t\t\t\t\t\t\t<i aria-hidden=\"true\" class=\"fas fa-angle-right\"><\/i>\t\t\t\t\t\t<\/span>\n\t\t\t\t\t\t\t\t\t\t<span class=\"elementor-icon-list-text\">Asuntos de Gobierno<\/span>\n\t\t\t\t\t\t\t\t\t\t\t<\/a>\n\t\t\t\t\t\t\t\t\t<\/li>\n\t\t\t\t\t\t\t\t<li class=\"elementor-icon-list-item\">\n\t\t\t\t\t\t\t\t\t\t\t<a href=\"\/county-executive-office\/es\/service-excellence\/\">\n\n\t\t\t\t\t\t\t\t\t\t\t\t<span class=\"elementor-icon-list-icon\">\n\t\t\t\t\t\t\t<i aria-hidden=\"true\" class=\"fas fa-angle-right\"><\/i>\t\t\t\t\t\t<\/span>\n\t\t\t\t\t\t\t\t\t\t<span class=\"elementor-icon-list-text\">Excelencia en el servicio<\/span>\n\t\t\t\t\t\t\t\t\t\t\t<\/a>\n\t\t\t\t\t\t\t\t\t<\/li>\n\t\t\t\t\t\t\t\t<li class=\"elementor-icon-list-item\">\n\t\t\t\t\t\t\t\t\t\t\t<a href=\"\/county-executive-office\/es\/sustainability-division\/\">\n\n\t\t\t\t\t\t\t\t\t\t\t\t<span class=\"elementor-icon-list-icon\">\n\t\t\t\t\t\t\t<i aria-hidden=\"true\" class=\"fas fa-chevron-right\"><\/i>\t\t\t\t\t\t<\/span>\n\t\t\t\t\t\t\t\t\t\t<span class=\"elementor-icon-list-text\">Sostenibilidad<\/span>\n\t\t\t\t\t\t\t\t\t\t\t<\/a>\n\t\t\t\t\t\t\t\t\t<\/li>\n\t\t\t\t\t\t<\/ul>\n\t\t\t\t\t\t<\/div>\n\t\t\t\t<\/div>\n\t\t\t\t<\/div>\n\t\t\t\t<\/div>\n\t\t<div class=\"elementor-element elementor-element-3696f23 e-con-full e-flex e-con e-child\" data-id=\"3696f23\" data-element_type=\"container\">\n\t\t\t\t<div class=\"elementor-element elementor-element-e1b6a45 elementor-widget__width-initial elementor-widget-mobile__width-initial elementor-widget elementor-widget-text-editor\" data-id=\"e1b6a45\" data-element_type=\"widget\" data-widget_type=\"text-editor.default\">\n\t\t\t\t<div class=\"elementor-widget-container\">\n\t\t\t\t\t\t\t\t\t<p\/><strong>Legislaci\u00f3n<\/strong>\n<p\/><p\/>\nEl programa legislativo del Condado de Ventura tiene como objetivo el desarrollo y mantenimiento de un gobierno local bueno, s\u00f3lido y eficaz. El prop\u00f3sito del programa legislativo es garantizar una legislaci\u00f3n que beneficie al condado y a sus residentes y, al mismo tiempo, tratar de mitigar u oponerse a la legislaci\u00f3n que afectar\u00eda negativamente a la prestaci\u00f3n de servicios del condado; garantizar la financiaci\u00f3n estatal y federal a trav\u00e9s del proceso de subvenciones y\/o asignaciones; y dar forma a la pol\u00edtica p\u00fablica en \u00e1reas prioritarias que afectan al gobierno del condado.\n\nLa Agenda y Plataforma Legislativa Estatal y Federal es adoptada por la Junta de Supervisores cada a\u00f1o para proporcionar un marco a partir del cual funcionar\u00e1 el programa legislativo y una base para una defensa m\u00e1s eficaz en nombre del Condado de Ventura. Contiene principios que son b\u00e1sicos para el gobierno del Condado y que pueden utilizarse para dar forma a las pol\u00edticas estatales y federales en beneficio del Condado de Ventura.\n\nLa Agenda y Plataforma Legislativa Estatal y Federal proporciona par\u00e1metros espec\u00edficos dentro de los cuales la Junta, el Funcionario Ejecutivo del Condado, las agencias\/departamentos del Condado y los defensores legislativos del Condado pueden representar las posiciones del Condado sobre la legislaci\u00f3n cuando el tiempo es un problema y es necesaria una comunicaci\u00f3n inmediata en nombre del Condado. Una vez adoptada, sirve como herramienta para centrarse en los objetivos legislativos del Condado y alcanzarlos, a la vez que proporciona una referencia para evaluar la legislaci\u00f3n pendiente que se est\u00e1 estudiando a nivel estatal y federal.\n\nLa Divisi\u00f3n sirve de enlace con los grupos consultivos locales y las organizaciones estatales -incluidos el Consejo de Gobiernos de Ventura, los Condados Urbanos de California, la Asociaci\u00f3n de Condados del Estado de California y la Asociaci\u00f3n Nacional de Condados- en cuestiones y actividades pol\u00edticas de gran repercusi\u00f3n que promueven los intereses del Condado.\n<p\/>\n<ul>\n \t<li><a href=\"https:\/\/vcportal.venturacounty.gov\/CEO\/gov-affairs\/docs\/CEO_2025_State_Legislative_Agenda_And_Platform.pdf\" target=\"_blank\" rel=\"noopener noreferrer\" aria-label=\"Agenda y Plataforma Legislativa Federal 2025 de la Junta de Supervisores - opens in new tab\" data-uw-rm-ext-link=\"\" data-uw-pdf-br=\"1\" data-uw-pdf-doc=\"\">Agenda Legislativa y Plataforma 2025 de la Junta de Supervisores<\/a><\/li>\n<\/ul><p\/>\n<strong>Administraci\u00f3n de subvenciones<\/strong>\n<p\/>\nLa Divisi\u00f3n de Asuntos Gubernamentales act\u00faa como punto central de contacto y administrador de entidades para las Agencias y Departamentos del Condado, proporcionando acceso a los principales portales de concesi\u00f3n en la b\u00fasqueda de subvenciones. El objetivo de la Divisi\u00f3n es ayudar a aumentar la financiaci\u00f3n de subvenciones que apoyan programas para servir a los residentes del Condado de Ventura. Trabajamos para mejorar la identificaci\u00f3n, coordinaci\u00f3n, coherencia y excelencia tanto en la solicitud como en la administraci\u00f3n de las actividades de subvenci\u00f3n del Condado. Adem\u00e1s de la coordinaci\u00f3n interna, la Divisi\u00f3n tambi\u00e9n coordinar\u00e1 las cartas de apoyo para los socios del Condado que soliciten financiaci\u00f3n de subvenciones para apoyar programas y servicios para los residentes.\n\nComo parte de su perfil de administraci\u00f3n de subvenciones, la Oficina Ejecutiva del Condado es miembro principal de la\u00a0<a href=\"https:\/\/watershedscoalition.org\/\" target=\"_blank\" rel=\"noopener\" data-uw-rm-brl=\"false\" aria-label=\"Watersheds Coalition of Ventura County - se abre en una nueva pesta\u00f1a\" data-uw-rm-ext-link=\"\">Coalici\u00f3n de Cuencas Hidrogr\u00e1ficas del Condado de Ventura<\/a>\u00a0(WCVC), un comit\u00e9 de m\u00e1s de 60 miembros que desarrolla y aplica el Plan Regional Integrado de Gesti\u00f3n del Agua. El WCVC es responsable de aportar fondos relacionados con el agua al condado de Ventura. Esto incluye la administraci\u00f3n de la subvenci\u00f3n $17,5 millones de la Ronda 1 de Gesti\u00f3n Regional Integrada del Agua de la Propuesta 84, la subvenci\u00f3n $18 millones de la Ronda 2, la subvenci\u00f3n $8,4 millones de la Ronda de Sequ\u00eda y la subvenci\u00f3n $12,3 millones de la Ronda Final.\t\t\t\t\t\t\t\t<\/div>\n\t\t\t\t<\/div>\n\t\t\t\t<\/div>\n\t\t\t\t\t<\/div>\n\t\t\t\t<\/div>\n\t\t<div class=\"elementor-element elementor-element-08910f1 e-flex e-con-boxed e-con e-child\" data-id=\"08910f1\" data-element_type=\"container\">\n\t\t\t\t\t<div class=\"e-con-inner\">\n\t\t\t\t<div class=\"elementor-element elementor-element-fe9eb88 elementor-widget-divider--view-line elementor-widget elementor-widget-divider\" data-id=\"fe9eb88\" data-element_type=\"widget\" data-widget_type=\"divider.default\">\n\t\t\t\t<div class=\"elementor-widget-container\">\n\t\t\t\t\t\t\t<div class=\"elementor-divider\">\n\t\t\t<span class=\"elementor-divider-separator\">\n\t\t\t\t\t\t<\/span>\n\t\t<\/div>\n\t\t\t\t\t\t<\/div>\n\t\t\t\t<\/div>\n\t\t\t\t<div class=\"elementor-element elementor-element-fa6bbe2 elementor-widget elementor-widget-heading\" data-id=\"fa6bbe2\" data-element_type=\"widget\" data-widget_type=\"heading.default\">\n\t\t\t\t<div class=\"elementor-widget-container\">\n\t\t\t\t\t<h5 class=\"elementor-heading-title elementor-size-default\">Haga clic en el logotipo para visitar el sitio web<\/h5>\t\t\t\t<\/div>\n\t\t\t\t<\/div>\n\t\t\t\t\t<\/div>\n\t\t\t\t<\/div>\n\t\t<div class=\"elementor-element elementor-element-516a904 e-con-full e-flex e-con e-child\" data-id=\"516a904\" data-element_type=\"container\">\n\t\t\t\t<div class=\"elementor-element elementor-element-f1c4a1b elementor-widget elementor-widget-image\" data-id=\"f1c4a1b\" data-element_type=\"widget\" data-widget_type=\"image.default\">\n\t\t\t\t<div class=\"elementor-widget-container\">\n\t\t\t\t\t\t\t\t\t\t\t\t\t\t\t\t<a href=\"https:\/\/watershedscoalition.org\/\">\n\t\t\t\t\t\t\t<img decoding=\"async\" width=\"200\" height=\"143\" src=\"https:\/\/staging.venturacounty.gov\/county-executive-office\/wp-content\/uploads\/sites\/2\/2023\/06\/Watersheds-Coalition-Logo.jpg\" class=\"attachment-large size-large wp-image-186\" alt=\"Watersheds Coalition Logo\" \/>\t\t\t\t\t\t\t\t<\/a>\n\t\t\t\t\t\t\t\t\t\t\t\t\t\t\t<\/div>\n\t\t\t\t<\/div>\n\t\t\t\t<\/div>\n\t\t<div class=\"elementor-element elementor-element-ceec676 e-con-full e-flex e-con e-child\" data-id=\"ceec676\" data-element_type=\"container\">\n\t\t\t\t<div class=\"elementor-element elementor-element-3af3a92 elementor-widget-divider--view-line elementor-widget elementor-widget-divider\" data-id=\"3af3a92\" data-element_type=\"widget\" data-widget_type=\"divider.default\">\n\t\t\t\t<div class=\"elementor-widget-container\">\n\t\t\t\t\t\t\t<div class=\"elementor-divider\">\n\t\t\t<span class=\"elementor-divider-separator\">\n\t\t\t\t\t\t<\/span>\n\t\t<\/div>\n\t\t\t\t\t\t<\/div>\n\t\t\t\t<\/div>\n\t\t\t\t<div class=\"elementor-element elementor-element-ffa8829 elementor-widget elementor-widget-text-editor\" data-id=\"ffa8829\" data-element_type=\"widget\" data-widget_type=\"text-editor.default\">\n\t\t\t\t<div class=\"elementor-widget-container\">\n\t\t\t\t\t\t\t\t\t<p>NOTA: Para comodidad de nuestros visitantes, esta p\u00e1gina puede contener enlaces a sitios web externos que no est\u00e1n gestionados ni controlados por el Condado de Ventura.<\/p>\t\t\t\t\t\t\t\t<\/div>\n\t\t\t\t<\/div>\n\t\t\t\t<\/div>\n\t\t\t\t\t<\/div>\n\t\t\t\t<\/div>\n\t\t\t\t\t<\/div>\n\t\t\t\t<\/div>\n\t\t\t\t<\/div>","protected":false},"excerpt":{"rendered":"<p>FIND US ON Government Affairs Michele GuzmanGovernment Affairs michele.guzman@ventura.org (805) 654-3836 ADMINISTRATION CEO Administration Clerk of the Board Community Development Government Affairs Service Excellence Sustainability Legislation Ventura County\u2019s legislative program has as its goal the development and maintenance of good, sound, and effective local government. The purpose of the legislative program is to secure legislation [&hellip;]<\/p>\n","protected":false},"author":2,"featured_media":0,"parent":0,"menu_order":0,"comment_status":"closed","ping_status":"closed","template":"","meta":{"_relevanssi_hide_post":"","_relevanssi_hide_content":"","_relevanssi_pin_for_all":"","_relevanssi_pin_keywords":"","_relevanssi_unpin_keywords":"","_relevanssi_related_keywords":"","_relevanssi_related_include_ids":"","_relevanssi_related_exclude_ids":"","_relevanssi_related_no_append":"","_relevanssi_related_not_related":"","_relevanssi_related_posts":"","_relevanssi_noindex_reason":"","footnotes":""},"categories":[1],"tags":[],"class_list":["post-184","page","type-page","status-publish","hentry","category-uncategorized"],"_links":{"self":[{"href":"https:\/\/staging.venturacounty.gov\/county-executive-office\/es\/wp-json\/wp\/v2\/pages\/184","targetHints":{"allow":["GET"]}}],"collection":[{"href":"https:\/\/staging.venturacounty.gov\/county-executive-office\/es\/wp-json\/wp\/v2\/pages"}],"about":[{"href":"https:\/\/staging.venturacounty.gov\/county-executive-office\/es\/wp-json\/wp\/v2\/types\/page"}],"author":[{"embeddable":true,"href":"https:\/\/staging.venturacounty.gov\/county-executive-office\/es\/wp-json\/wp\/v2\/users\/2"}],"replies":[{"embeddable":true,"href":"https:\/\/staging.venturacounty.gov\/county-executive-office\/es\/wp-json\/wp\/v2\/comments?post=184"}],"version-history":[{"count":0,"href":"https:\/\/staging.venturacounty.gov\/county-executive-office\/es\/wp-json\/wp\/v2\/pages\/184\/revisions"}],"wp:attachment":[{"href":"https:\/\/staging.venturacounty.gov\/county-executive-office\/es\/wp-json\/wp\/v2\/media?parent=184"}],"wp:term":[{"taxonomy":"category","embeddable":true,"href":"https:\/\/staging.venturacounty.gov\/county-executive-office\/es\/wp-json\/wp\/v2\/categories?post=184"},{"taxonomy":"post_tag","embeddable":true,"href":"https:\/\/staging.venturacounty.gov\/county-executive-office\/es\/wp-json\/wp\/v2\/tags?post=184"}],"curies":[{"name":"wp","href":"https:\/\/api.w.org\/{rel}","templated":true}]}}