{"id":177,"date":"2023-06-07T21:32:08","date_gmt":"2023-06-08T04:32:08","guid":{"rendered":"https:\/\/s43756.p1092.sites.pressdns.com\/?page_id=177"},"modified":"2023-08-30T22:10:09","modified_gmt":"2023-08-30T22:10:09","slug":"sustainability-division","status":"publish","type":"page","link":"https:\/\/staging.venturacounty.gov\/county-executive-office\/es\/sustainability-division\/","title":{"rendered":"Divisi\u00f3n de Sostenibilidad"},"content":{"rendered":"<div data-elementor-type=\"wp-page\" data-elementor-id=\"177\" class=\"elementor elementor-177\" data-elementor-post-type=\"page\">\n\t\t\t\t<div class=\"elementor-element elementor-element-786d7bc9 e-flex e-con-boxed e-con e-parent\" data-id=\"786d7bc9\" data-element_type=\"container\">\n\t\t\t\t\t<div class=\"e-con-inner\">\n\t\t<div class=\"elementor-element elementor-element-4d979cf e-flex e-con-boxed e-con e-child\" data-id=\"4d979cf\" data-element_type=\"container\" data-settings=\"{&quot;background_background&quot;:&quot;classic&quot;}\">\n\t\t\t\t\t<div class=\"e-con-inner\">\n\t\t<div class=\"elementor-element elementor-element-eee6067 e-flex e-con-boxed e-con e-child\" data-id=\"eee6067\" data-element_type=\"container\" data-settings=\"{&quot;background_background&quot;:&quot;classic&quot;}\">\n\t\t\t\t\t<div class=\"e-con-inner\">\n\t\t<div class=\"elementor-element elementor-element-c5ceb25 e-con-full e-flex e-con e-child\" data-id=\"c5ceb25\" data-element_type=\"container\">\n\t\t\t\t<div class=\"elementor-element elementor-element-9a499c9 elementor-widget elementor-widget-heading\" data-id=\"9a499c9\" data-element_type=\"widget\" data-widget_type=\"heading.default\">\n\t\t\t\t<div class=\"elementor-widget-container\">\n\t\t\t\t\t<h2 class=\"elementor-heading-title elementor-size-default\">ENCUENTRANOS EN<\/h2>\t\t\t\t<\/div>\n\t\t\t\t<\/div>\n\t\t<div class=\"elementor-element elementor-element-92d253f e-con-full e-flex e-con e-child\" data-id=\"92d253f\" data-element_type=\"container\">\n\t\t\t\t<div class=\"elementor-element elementor-element-917cf57 elementor-align-left elementor-icon-list--layout-traditional elementor-list-item-link-full_width elementor-widget elementor-widget-icon-list\" data-id=\"917cf57\" data-element_type=\"widget\" data-widget_type=\"icon-list.default\">\n\t\t\t\t<div class=\"elementor-widget-container\">\n\t\t\t\t\t\t\t<ul class=\"elementor-icon-list-items\">\n\t\t\t\t\t\t\t<li class=\"elementor-icon-list-item\">\n\t\t\t\t\t\t\t\t\t\t\t<a href=\"https:\/\/www.facebook.com\/CountyOfVentura\">\n\n\t\t\t\t\t\t\t\t\t\t\t\t<span class=\"elementor-icon-list-icon\">\n\t\t\t\t\t\t\t<i aria-hidden=\"true\" class=\"fab fa-facebook-f\"><\/i>\t\t\t\t\t\t<\/span>\n\t\t\t\t\t\t\t\t\t\t<span class=\"elementor-icon-list-text\"><\/span>\n\t\t\t\t\t\t\t\t\t\t\t<\/a>\n\t\t\t\t\t\t\t\t\t<\/li>\n\t\t\t\t\t\t<\/ul>\n\t\t\t\t\t\t<\/div>\n\t\t\t\t<\/div>\n\t\t\t\t<div class=\"elementor-element elementor-element-6bac7c7 elementor-align-left elementor-icon-list--layout-traditional elementor-list-item-link-full_width elementor-widget elementor-widget-icon-list\" data-id=\"6bac7c7\" data-element_type=\"widget\" data-widget_type=\"icon-list.default\">\n\t\t\t\t<div class=\"elementor-widget-container\">\n\t\t\t\t\t\t\t<ul class=\"elementor-icon-list-items\">\n\t\t\t\t\t\t\t<li class=\"elementor-icon-list-item\">\n\t\t\t\t\t\t\t\t\t\t\t<a href=\"https:\/\/twitter.com\/countyventura\">\n\n\t\t\t\t\t\t\t\t\t\t\t\t<span class=\"elementor-icon-list-icon\">\n\t\t\t\t\t\t\t<i aria-hidden=\"true\" class=\"fab fa-twitter\"><\/i>\t\t\t\t\t\t<\/span>\n\t\t\t\t\t\t\t\t\t\t<span class=\"elementor-icon-list-text\"><\/span>\n\t\t\t\t\t\t\t\t\t\t\t<\/a>\n\t\t\t\t\t\t\t\t\t<\/li>\n\t\t\t\t\t\t<\/ul>\n\t\t\t\t\t\t<\/div>\n\t\t\t\t<\/div>\n\t\t\t\t<div class=\"elementor-element elementor-element-6288b4f elementor-align-left elementor-icon-list--layout-traditional elementor-list-item-link-full_width elementor-widget elementor-widget-icon-list\" data-id=\"6288b4f\" data-element_type=\"widget\" data-widget_type=\"icon-list.default\">\n\t\t\t\t<div class=\"elementor-widget-container\">\n\t\t\t\t\t\t\t<ul class=\"elementor-icon-list-items\">\n\t\t\t\t\t\t\t<li class=\"elementor-icon-list-item\">\n\t\t\t\t\t\t\t\t\t\t\t<a href=\"https:\/\/www.instagram.com\/countyofventura\/\">\n\n\t\t\t\t\t\t\t\t\t\t\t\t<span class=\"elementor-icon-list-icon\">\n\t\t\t\t\t\t\t<i aria-hidden=\"true\" class=\"fab fa-instagram\"><\/i>\t\t\t\t\t\t<\/span>\n\t\t\t\t\t\t\t\t\t\t<span class=\"elementor-icon-list-text\"><\/span>\n\t\t\t\t\t\t\t\t\t\t\t<\/a>\n\t\t\t\t\t\t\t\t\t<\/li>\n\t\t\t\t\t\t<\/ul>\n\t\t\t\t\t\t<\/div>\n\t\t\t\t<\/div>\n\t\t\t\t<\/div>\n\t\t\t\t<\/div>\n\t\t<div class=\"elementor-element elementor-element-6f68519 e-con-full e-flex e-con e-child\" data-id=\"6f68519\" data-element_type=\"container\">\n\t\t\t\t<div class=\"elementor-element elementor-element-5990bdc elementor-widget elementor-widget-heading\" data-id=\"5990bdc\" data-element_type=\"widget\" data-widget_type=\"heading.default\">\n\t\t\t\t<div class=\"elementor-widget-container\">\n\t\t\t\t\t<h4 class=\"elementor-heading-title elementor-size-default\">Divisi\u00f3n de Sostenibilidad<\/h4>\t\t\t\t<\/div>\n\t\t\t\t<\/div>\n\t\t<div class=\"elementor-element elementor-element-d51f66d e-con-full e-flex e-con e-child\" data-id=\"d51f66d\" data-element_type=\"container\">\n\t\t\t\t<div class=\"elementor-element elementor-element-059da33 elementor-widget elementor-widget-image\" data-id=\"059da33\" data-element_type=\"widget\" data-widget_type=\"image.default\">\n\t\t\t\t<div class=\"elementor-widget-container\">\n\t\t\t\t\t\t\t\t\t\t\t\t\t\t\t<img decoding=\"async\" src=\"https:\/\/staging.venturacounty.gov\/county-executive-office\/wp-content\/uploads\/sites\/2\/2023\/06\/Alejandra_Tellez.png\" title=\"\" alt=\"Alejandra Tellez\" loading=\"lazy\" \/>\t\t\t\t\t\t\t\t\t\t\t\t\t\t\t<\/div>\n\t\t\t\t<\/div>\n\t\t\t\t<div class=\"elementor-element elementor-element-e833e36 elementor-widget elementor-widget-text-editor\" data-id=\"e833e36\" data-element_type=\"widget\" data-widget_type=\"text-editor.default\">\n\t\t\t\t<div class=\"elementor-widget-container\">\n\t\t\t\t\t\t\t\t\t<p><strong>Alejandra T\u00e9llez, MPPA<\/strong><br role=\"presentation\" data-uw-rm-sr=\"\" \/><strong>Responsable de sostenibilidad<\/strong><\/p><p><a href=\"mailto:Alejandra.Tellez@ventura.org\" data-uw-rm-brl=\"exc\" aria-label=\"env\u00ede un correo electr\u00f3nico a Alejandra.Tellez@ventura.org\" data-uw-rm-vglnk=\"\">Alejandra.Tellez@ventura.org<\/a><\/p><p>(805) 654-3835<\/p><p><a href=\"https:\/\/sustain.venturacounty.gov\/\" data-uw-rm-brl=\"false\">sustain.venturacounty.gov<\/a><\/p>\t\t\t\t\t\t\t\t<\/div>\n\t\t\t\t<\/div>\n\t\t\t\t<\/div>\n\t\t\t\t<\/div>\n\t\t\t\t\t<\/div>\n\t\t\t\t<\/div>\n\t\t\t\t<div class=\"elementor-element elementor-element-2733559 elementor-widget-divider--view-line elementor-widget elementor-widget-divider\" data-id=\"2733559\" data-element_type=\"widget\" data-widget_type=\"divider.default\">\n\t\t\t\t<div class=\"elementor-widget-container\">\n\t\t\t\t\t\t\t<div class=\"elementor-divider\">\n\t\t\t<span class=\"elementor-divider-separator\">\n\t\t\t\t\t\t<\/span>\n\t\t<\/div>\n\t\t\t\t\t\t<\/div>\n\t\t\t\t<\/div>\n\t\t<div class=\"elementor-element elementor-element-d37bf09 e-flex e-con-boxed e-con e-child\" data-id=\"d37bf09\" data-element_type=\"container\" data-settings=\"{&quot;background_background&quot;:&quot;classic&quot;}\">\n\t\t\t\t\t<div class=\"e-con-inner\">\n\t\t<div class=\"elementor-element elementor-element-b659ebc e-con-full e-flex e-con e-child\" data-id=\"b659ebc\" data-element_type=\"container\">\n\t\t\t\t<div class=\"elementor-element elementor-element-3380aaa elementor-widget elementor-widget-heading\" data-id=\"3380aaa\" data-element_type=\"widget\" data-widget_type=\"heading.default\">\n\t\t\t\t<div class=\"elementor-widget-container\">\n\t\t\t\t\t<h2 class=\"elementor-heading-title elementor-size-default\">ADMINISTRACI\u00d3N<\/h2>\t\t\t\t<\/div>\n\t\t\t\t<\/div>\n\t\t<div class=\"elementor-element elementor-element-973566e e-con-full e-flex e-con e-child\" data-id=\"973566e\" data-element_type=\"container\">\n\t\t\t\t<div class=\"elementor-element elementor-element-ed6ce45 elementor-align-left elementor-widget__width-inherit elementor-icon-list--layout-traditional elementor-list-item-link-full_width elementor-widget elementor-widget-icon-list\" data-id=\"ed6ce45\" data-element_type=\"widget\" data-widget_type=\"icon-list.default\">\n\t\t\t\t<div class=\"elementor-widget-container\">\n\t\t\t\t\t\t\t<ul class=\"elementor-icon-list-items\">\n\t\t\t\t\t\t\t<li class=\"elementor-icon-list-item\">\n\t\t\t\t\t\t\t\t\t\t\t<a href=\"https:\/\/venturacounty.gov\/county-executive-office\/administration\/\">\n\n\t\t\t\t\t\t\t\t\t\t\t\t<span class=\"elementor-icon-list-icon\">\n\t\t\t\t\t\t\t<i aria-hidden=\"true\" class=\"fas fa-angle-right\"><\/i>\t\t\t\t\t\t<\/span>\n\t\t\t\t\t\t\t\t\t\t<span class=\"elementor-icon-list-text\">CEO Administraci\u00f3n<\/span>\n\t\t\t\t\t\t\t\t\t\t\t<\/a>\n\t\t\t\t\t\t\t\t\t<\/li>\n\t\t\t\t\t\t\t\t<li class=\"elementor-icon-list-item\">\n\t\t\t\t\t\t\t\t\t\t\t<a href=\"https:\/\/venturacounty.gov\/county-executive-office\/clerk-of-the-board\/\">\n\n\t\t\t\t\t\t\t\t\t\t\t\t<span class=\"elementor-icon-list-icon\">\n\t\t\t\t\t\t\t<i aria-hidden=\"true\" class=\"fas fa-angle-right\"><\/i>\t\t\t\t\t\t<\/span>\n\t\t\t\t\t\t\t\t\t\t<span class=\"elementor-icon-list-text\">Secretario del Consejo<\/span>\n\t\t\t\t\t\t\t\t\t\t\t<\/a>\n\t\t\t\t\t\t\t\t\t<\/li>\n\t\t\t\t\t\t\t\t<li class=\"elementor-icon-list-item\">\n\t\t\t\t\t\t\t\t\t\t\t<a href=\"https:\/\/venturacounty.gov\/county-executive-office\/community-development\/\">\n\n\t\t\t\t\t\t\t\t\t\t\t\t<span class=\"elementor-icon-list-icon\">\n\t\t\t\t\t\t\t<i aria-hidden=\"true\" class=\"fas fa-angle-right\"><\/i>\t\t\t\t\t\t<\/span>\n\t\t\t\t\t\t\t\t\t\t<span class=\"elementor-icon-list-text\">Desarrollo comunitario<\/span>\n\t\t\t\t\t\t\t\t\t\t\t<\/a>\n\t\t\t\t\t\t\t\t\t<\/li>\n\t\t\t\t\t\t\t\t<li class=\"elementor-icon-list-item\">\n\t\t\t\t\t\t\t\t\t\t\t<a href=\"https:\/\/venturacounty.gov\/county-executive-office\/government-affairs\/\">\n\n\t\t\t\t\t\t\t\t\t\t\t\t<span class=\"elementor-icon-list-icon\">\n\t\t\t\t\t\t\t<i aria-hidden=\"true\" class=\"fas fa-angle-right\"><\/i>\t\t\t\t\t\t<\/span>\n\t\t\t\t\t\t\t\t\t\t<span class=\"elementor-icon-list-text\">Asuntos de Gobierno<\/span>\n\t\t\t\t\t\t\t\t\t\t\t<\/a>\n\t\t\t\t\t\t\t\t\t<\/li>\n\t\t\t\t\t\t\t\t<li class=\"elementor-icon-list-item\">\n\t\t\t\t\t\t\t\t\t\t\t<a href=\"https:\/\/venturacounty.gov\/county-executive-office\/service-excellence\/\">\n\n\t\t\t\t\t\t\t\t\t\t\t\t<span class=\"elementor-icon-list-icon\">\n\t\t\t\t\t\t\t<i aria-hidden=\"true\" class=\"fas fa-angle-right\"><\/i>\t\t\t\t\t\t<\/span>\n\t\t\t\t\t\t\t\t\t\t<span class=\"elementor-icon-list-text\">Excelencia en el servicio<\/span>\n\t\t\t\t\t\t\t\t\t\t\t<\/a>\n\t\t\t\t\t\t\t\t\t<\/li>\n\t\t\t\t\t\t\t\t<li class=\"elementor-icon-list-item\">\n\t\t\t\t\t\t\t\t\t\t\t<a href=\"https:\/\/venturacounty.gov\/county-executive-office\/sustainability-division\/\">\n\n\t\t\t\t\t\t\t\t\t\t\t\t<span class=\"elementor-icon-list-icon\">\n\t\t\t\t\t\t\t<i aria-hidden=\"true\" class=\"fas fa-chevron-right\"><\/i>\t\t\t\t\t\t<\/span>\n\t\t\t\t\t\t\t\t\t\t<span class=\"elementor-icon-list-text\">Sostenibilidad<\/span>\n\t\t\t\t\t\t\t\t\t\t\t<\/a>\n\t\t\t\t\t\t\t\t\t<\/li>\n\t\t\t\t\t\t<\/ul>\n\t\t\t\t\t\t<\/div>\n\t\t\t\t<\/div>\n\t\t\t\t<\/div>\n\t\t\t\t<\/div>\n\t\t<div class=\"elementor-element elementor-element-3696f23 e-con-full e-flex e-con e-child\" data-id=\"3696f23\" data-element_type=\"container\">\n\t\t\t\t<div class=\"elementor-element elementor-element-e1b6a45 elementor-widget__width-initial elementor-widget-mobile__width-initial elementor-widget elementor-widget-text-editor\" data-id=\"e1b6a45\" data-element_type=\"widget\" data-widget_type=\"text-editor.default\">\n\t\t\t\t<div class=\"elementor-widget-container\">\n\t\t\t\t\t\t\t\t\t<p>La Oficina Ejecutiva del Condado <a href=\"https:\/\/sustain.venturacounty.gov\/\" target=\"_blank\" rel=\"noopener\">Divisi\u00f3n de Sostenibilidad<\/a> se dedica a establecer el condado de Ventura, sus comunidades y regiones vecinas como l\u00edderes en el desarrollo y la aplicaci\u00f3n de iniciativas sostenibles que apoyen un crecimiento sensato, un medio ambiente y una econom\u00eda saludables, una mayor calidad de vida, la inclusi\u00f3n y la equidad, y una mayor autosuficiencia para la regi\u00f3n.<\/p><p>La Divisi\u00f3n de Sostenibilidad lo consigue a trav\u00e9s de diversas iniciativas.<\/p><ul><li>Administrador de cartera de la Red Regional de Energ\u00eda de los Tres Condados (3C-REN)<ul><li>3C-REN es una asociaci\u00f3n entre los condados de San Luis Obispo, Santa B\u00e1rbara y Ventura establecida para ofrecer programas de ahorro energ\u00e9tico y formaci\u00f3n industrial que ayuden a reducir el consumo de energ\u00eda, refuercen los mercados laborales locales y apoyen los esfuerzos por alcanzar los objetivos clim\u00e1ticos. M\u00e1s informaci\u00f3n sobre el excelente trabajo realizado por el programa 3C-REN en <a href=\"https:\/\/www.3c-ren.org\/\" target=\"_blank\" rel=\"noopener\">3c-ren.org<\/a>.<\/li><\/ul><\/li><li>Administraci\u00f3n de la Alianza Energ\u00e9tica Regional del Condado de Ventura (VCREA)<ul><li>VCREA es una Autoridad de Poderes Conjuntos (Joint Powers Authority, JPA) compuesta por organismos p\u00fablicos que trabajan en colaboraci\u00f3n para fomentar la buena gesti\u00f3n energ\u00e9tica y las pr\u00e1cticas sostenibles en la regi\u00f3n. VCREA coordina y ayuda a los residentes del condado de Ventura, a las empresas a trav\u00e9s del Programa de Empresas Ecol\u00f3gicas del Condado de Ventura (<a href=\"https:\/\/www.vcenergy.org\/services\/businesses\/ventura-county-green-business\/\" target=\"_blank\" rel=\"noopener\">VCGB<\/a>), y organismos p\u00fablicos, incluidas jurisdicciones locales, escuelas y distritos especiales, en la utilizaci\u00f3n de los numerosos recursos disponibles para alcanzar el objetivo de crear un futuro m\u00e1s sostenible para toda la regi\u00f3n. M\u00e1s informaci\u00f3n sobre VCREA en <a href=\"https:\/\/www.vcenergy.org\/\" target=\"_blank\" rel=\"noopener\">vcenergy.org<\/a><\/li><\/ul><\/li><li>Implementador de la CV Sostenible<ul><li>Dentro de la Oficina Ejecutiva del Condado, la Divisi\u00f3n trabaja en diversos proyectos y programas relacionados con la acci\u00f3n y la adaptaci\u00f3n clim\u00e1ticas. Entre ellos se incluyen la aplicaci\u00f3n del Plan de Acci\u00f3n Clim\u00e1tica del Condado de Ventura, la gesti\u00f3n del Consejo de Emergencia Clim\u00e1tica del Condado de Ventura (<a href=\"https:\/\/sites.google.com\/view\/vccec\/home?authuser=0\" target=\"_blank\" rel=\"noopener\">VCCEC<\/a>), la aplicaci\u00f3n del Programa de Plantaci\u00f3n de \u00c1rboles, la realizaci\u00f3n de actividades de divulgaci\u00f3n para los empleados, la asistencia al representante de la Junta de Supervisores del Condado de Ventura en la Alianza para la Energ\u00eda Limpia (<a href=\"https:\/\/cleanpoweralliance.org\/\" target=\"_blank\" rel=\"noopener\">CPA<\/a>)- una JPA de Community Choice Energy que proporciona acceso a energ\u00edas renovables, y la coordinaci\u00f3n del Comit\u00e9 de Sostenibilidad del Condado.<\/li><\/ul><\/li><\/ul><p>\u00a0<\/p><p>Para saber m\u00e1s sobre lo que hacemos, visite nuestro sitio web en <a href=\"https:\/\/sustain.venturacounty.gov\/\" target=\"_blank\" rel=\"noopener\">sustain.venturacounty.gov<\/a>.<\/p><p><strong>P\u00f3ngase en contacto con nosotros<\/strong><\/p><p>Para preguntas y consultas generales, env\u00ede un correo electr\u00f3nico a <a href=\"mailto:sustainability@ventura.org\">sustainability@ventura.org<\/a><\/p>\t\t\t\t\t\t\t\t<\/div>\n\t\t\t\t<\/div>\n\t\t\t\t<\/div>\n\t\t\t\t\t<\/div>\n\t\t\t\t<\/div>\n\t\t<div class=\"elementor-element elementor-element-08910f1 e-flex e-con-boxed e-con e-child\" data-id=\"08910f1\" data-element_type=\"container\">\n\t\t\t\t\t<div class=\"e-con-inner\">\n\t\t\t\t<div class=\"elementor-element elementor-element-fe9eb88 elementor-widget-divider--view-line elementor-widget elementor-widget-divider\" data-id=\"fe9eb88\" data-element_type=\"widget\" data-widget_type=\"divider.default\">\n\t\t\t\t<div class=\"elementor-widget-container\">\n\t\t\t\t\t\t\t<div class=\"elementor-divider\">\n\t\t\t<span class=\"elementor-divider-separator\">\n\t\t\t\t\t\t<\/span>\n\t\t<\/div>\n\t\t\t\t\t\t<\/div>\n\t\t\t\t<\/div>\n\t\t\t\t<div class=\"elementor-element elementor-element-fa6bbe2 elementor-widget elementor-widget-heading\" data-id=\"fa6bbe2\" data-element_type=\"widget\" data-widget_type=\"heading.default\">\n\t\t\t\t<div class=\"elementor-widget-container\">\n\t\t\t\t\t<h5 class=\"elementor-heading-title elementor-size-default\">Haga clic en el logotipo para visitar el sitio web<\/h5>\t\t\t\t<\/div>\n\t\t\t\t<\/div>\n\t\t<div class=\"elementor-element elementor-element-7893e59 e-flex e-con-boxed e-con e-child\" data-id=\"7893e59\" data-element_type=\"container\">\n\t\t\t\t\t<div class=\"e-con-inner\">\n\t\t<div class=\"elementor-element elementor-element-0a84865 e-flex e-con-boxed e-con e-child\" data-id=\"0a84865\" data-element_type=\"container\">\n\t\t\t\t\t<div class=\"e-con-inner\">\n\t\t\t\t<div class=\"elementor-element elementor-element-fb7877d elementor-widget__width-initial elementor-widget elementor-widget-image\" data-id=\"fb7877d\" data-element_type=\"widget\" data-widget_type=\"image.default\">\n\t\t\t\t<div class=\"elementor-widget-container\">\n\t\t\t\t\t\t\t\t\t\t\t\t\t\t\t\t<a href=\"https:\/\/sustain.venturacounty.gov\/\">\n\t\t\t\t\t\t\t<img decoding=\"async\" width=\"200\" height=\"186\" src=\"https:\/\/staging.venturacounty.gov\/county-executive-office\/wp-content\/uploads\/sites\/2\/2023\/06\/sus-division.jpg\" class=\"attachment-medium size-medium wp-image-183\" alt=\"Sustainability Division\" \/>\t\t\t\t\t\t\t\t<\/a>\n\t\t\t\t\t\t\t\t\t\t\t\t\t\t\t<\/div>\n\t\t\t\t<\/div>\n\t\t\t\t\t<\/div>\n\t\t\t\t<\/div>\n\t\t<div class=\"elementor-element elementor-element-f813b96 e-flex e-con-boxed e-con e-child\" data-id=\"f813b96\" data-element_type=\"container\">\n\t\t\t\t\t<div class=\"e-con-inner\">\n\t\t\t\t<div class=\"elementor-element elementor-element-154f435 elementor-widget__width-initial elementor-widget elementor-widget-image\" data-id=\"154f435\" data-element_type=\"widget\" data-widget_type=\"image.default\">\n\t\t\t\t<div class=\"elementor-widget-container\">\n\t\t\t\t\t\t\t\t\t\t\t\t\t\t\t\t<a href=\"https:\/\/www.3c-ren.org\/\" target=\"_blank\">\n\t\t\t\t\t\t\t<img decoding=\"async\" src=\"https:\/\/staging.venturacounty.gov\/county-executive-office\/wp-content\/uploads\/sites\/2\/2023\/08\/3CREN_Logo_Gray.jpg\" title=\"3CREN Logo Gris\" alt=\"3CREN Logo Gray\" loading=\"lazy\" \/>\t\t\t\t\t\t\t\t<\/a>\n\t\t\t\t\t\t\t\t\t\t\t\t\t\t\t<\/div>\n\t\t\t\t<\/div>\n\t\t\t\t\t<\/div>\n\t\t\t\t<\/div>\n\t\t<div class=\"elementor-element elementor-element-ccfd599 e-flex e-con-boxed e-con e-child\" data-id=\"ccfd599\" data-element_type=\"container\">\n\t\t\t\t\t<div class=\"e-con-inner\">\n\t\t\t\t<div class=\"elementor-element elementor-element-46d9592 elementor-widget__width-initial elementor-widget elementor-widget-image\" data-id=\"46d9592\" data-element_type=\"widget\" data-widget_type=\"image.default\">\n\t\t\t\t<div class=\"elementor-widget-container\">\n\t\t\t\t\t\t\t\t\t\t\t\t\t\t\t\t<a href=\"https:\/\/greenbusinessca.org\/\" target=\"_blank\">\n\t\t\t\t\t\t\t<img decoding=\"async\" src=\"https:\/\/staging.venturacounty.gov\/county-executive-office\/wp-content\/uploads\/sites\/2\/2023\/06\/green.jpg\" title=\"\" alt=\"California Green Business Network Ventura County\" loading=\"lazy\" \/>\t\t\t\t\t\t\t\t<\/a>\n\t\t\t\t\t\t\t\t\t\t\t\t\t\t\t<\/div>\n\t\t\t\t<\/div>\n\t\t\t\t\t<\/div>\n\t\t\t\t<\/div>\n\t\t<div class=\"elementor-element elementor-element-bd7e521 e-flex e-con-boxed e-con e-child\" data-id=\"bd7e521\" data-element_type=\"container\">\n\t\t\t\t\t<div class=\"e-con-inner\">\n\t\t\t\t<div class=\"elementor-element elementor-element-02aed48 elementor-widget__width-initial elementor-widget elementor-widget-image\" data-id=\"02aed48\" data-element_type=\"widget\" data-widget_type=\"image.default\">\n\t\t\t\t<div class=\"elementor-widget-container\">\n\t\t\t\t\t\t\t\t\t\t\t\t\t\t\t\t<a href=\"https:\/\/cleanpoweralliance.org\/\" target=\"_blank\">\n\t\t\t\t\t\t\t<img decoding=\"async\" width=\"200\" height=\"53\" src=\"https:\/\/staging.venturacounty.gov\/county-executive-office\/wp-content\/uploads\/sites\/2\/2023\/06\/cpa.jpg\" class=\"attachment-full size-full wp-image-180\" alt=\"Clean Power Alliance\" \/>\t\t\t\t\t\t\t\t<\/a>\n\t\t\t\t\t\t\t\t\t\t\t\t\t\t\t<\/div>\n\t\t\t\t<\/div>\n\t\t\t\t\t<\/div>\n\t\t\t\t<\/div>\n\t\t<div class=\"elementor-element elementor-element-ea528d7 e-flex e-con-boxed e-con e-child\" data-id=\"ea528d7\" data-element_type=\"container\">\n\t\t\t\t\t<div class=\"e-con-inner\">\n\t\t\t\t<div class=\"elementor-element elementor-element-3bb7806 elementor-widget__width-initial elementor-widget elementor-widget-image\" data-id=\"3bb7806\" data-element_type=\"widget\" data-widget_type=\"image.default\">\n\t\t\t\t<div class=\"elementor-widget-container\">\n\t\t\t\t\t\t\t\t\t\t\t\t\t\t\t\t<a href=\"https:\/\/www.vcenergy.org\/\" target=\"_blank\">\n\t\t\t\t\t\t\t<img decoding=\"async\" width=\"200\" height=\"77\" src=\"https:\/\/staging.venturacounty.gov\/county-executive-office\/wp-content\/uploads\/sites\/2\/2023\/06\/Regional-energy.jpg\" class=\"attachment-full size-full wp-image-182\" alt=\"Ventura County Regional Energy Alliance\" \/>\t\t\t\t\t\t\t\t<\/a>\n\t\t\t\t\t\t\t\t\t\t\t\t\t\t\t<\/div>\n\t\t\t\t<\/div>\n\t\t\t\t\t<\/div>\n\t\t\t\t<\/div>\n\t\t\t\t\t<\/div>\n\t\t\t\t<\/div>\n\t\t\t\t\t<\/div>\n\t\t\t\t<\/div>\n\t\t<div class=\"elementor-element elementor-element-ceec676 e-con-full e-flex e-con e-child\" data-id=\"ceec676\" data-element_type=\"container\">\n\t\t\t\t<div class=\"elementor-element elementor-element-3af3a92 elementor-widget-divider--view-line elementor-widget elementor-widget-divider\" data-id=\"3af3a92\" data-element_type=\"widget\" data-widget_type=\"divider.default\">\n\t\t\t\t<div class=\"elementor-widget-container\">\n\t\t\t\t\t\t\t<div class=\"elementor-divider\">\n\t\t\t<span class=\"elementor-divider-separator\">\n\t\t\t\t\t\t<\/span>\n\t\t<\/div>\n\t\t\t\t\t\t<\/div>\n\t\t\t\t<\/div>\n\t\t\t\t<div class=\"elementor-element elementor-element-ffa8829 elementor-widget elementor-widget-text-editor\" data-id=\"ffa8829\" data-element_type=\"widget\" data-widget_type=\"text-editor.default\">\n\t\t\t\t<div class=\"elementor-widget-container\">\n\t\t\t\t\t\t\t\t\t<p>NOTA: Para comodidad de nuestros visitantes, esta p\u00e1gina puede contener enlaces a sitios web externos que no est\u00e1n gestionados ni controlados por el Condado de Ventura.<\/p>\t\t\t\t\t\t\t\t<\/div>\n\t\t\t\t<\/div>\n\t\t\t\t<\/div>\n\t\t\t\t\t<\/div>\n\t\t\t\t<\/div>\n\t\t\t\t\t<\/div>\n\t\t\t\t<\/div>\n\t\t\t\t<\/div>","protected":false},"excerpt":{"rendered":"<p>FIND US ON Sustainability Division Alejandra Tellez, MPPASustainability Officer Alejandra.Tellez@ventura.org (805) 654-3835 sustain.venturacounty.gov ADMINISTRATION CEO Administration Clerk of the Board Community Development Government Affairs Service Excellence Sustainability The County Executive Office\u2019s Sustainability Division is dedicated to establishing Ventura County, its communities, and neighboring regions as leaders in developing and implementing sustainable initiatives that support sensible [&hellip;]<\/p>\n","protected":false},"author":2,"featured_media":0,"parent":0,"menu_order":0,"comment_status":"closed","ping_status":"closed","template":"","meta":{"_relevanssi_hide_post":"","_relevanssi_hide_content":"","_relevanssi_pin_for_all":"","_relevanssi_pin_keywords":"","_relevanssi_unpin_keywords":"","_relevanssi_related_keywords":"","_relevanssi_related_include_ids":"","_relevanssi_related_exclude_ids":"","_relevanssi_related_no_append":"","_relevanssi_related_not_related":"","_relevanssi_related_posts":"","_relevanssi_noindex_reason":"","footnotes":""},"categories":[1],"tags":[],"class_list":["post-177","page","type-page","status-publish","hentry","category-uncategorized"],"_links":{"self":[{"href":"https:\/\/staging.venturacounty.gov\/county-executive-office\/es\/wp-json\/wp\/v2\/pages\/177","targetHints":{"allow":["GET"]}}],"collection":[{"href":"https:\/\/staging.venturacounty.gov\/county-executive-office\/es\/wp-json\/wp\/v2\/pages"}],"about":[{"href":"https:\/\/staging.venturacounty.gov\/county-executive-office\/es\/wp-json\/wp\/v2\/types\/page"}],"author":[{"embeddable":true,"href":"https:\/\/staging.venturacounty.gov\/county-executive-office\/es\/wp-json\/wp\/v2\/users\/2"}],"replies":[{"embeddable":true,"href":"https:\/\/staging.venturacounty.gov\/county-executive-office\/es\/wp-json\/wp\/v2\/comments?post=177"}],"version-history":[{"count":0,"href":"https:\/\/staging.venturacounty.gov\/county-executive-office\/es\/wp-json\/wp\/v2\/pages\/177\/revisions"}],"wp:attachment":[{"href":"https:\/\/staging.venturacounty.gov\/county-executive-office\/es\/wp-json\/wp\/v2\/media?parent=177"}],"wp:term":[{"taxonomy":"category","embeddable":true,"href":"https:\/\/staging.venturacounty.gov\/county-executive-office\/es\/wp-json\/wp\/v2\/categories?post=177"},{"taxonomy":"post_tag","embeddable":true,"href":"https:\/\/staging.venturacounty.gov\/county-executive-office\/es\/wp-json\/wp\/v2\/tags?post=177"}],"curies":[{"name":"wp","href":"https:\/\/api.w.org\/{rel}","templated":true}]}}