{"id":8,"date":"2023-06-28T20:16:10","date_gmt":"2023-06-28T20:16:10","guid":{"rendered":"https:\/\/staging.venturacounty.gov\/civil-service-commission\/civil-service-commissioners\/"},"modified":"2025-12-11T21:44:11","modified_gmt":"2025-12-11T21:44:11","slug":"civil-service-commissioners","status":"publish","type":"page","link":"https:\/\/staging.venturacounty.gov\/civil-service-commission\/es\/civil-service-commissioners\/","title":{"rendered":"Comisarios de la Funci\u00f3n P\u00fablica"},"content":{"rendered":"<div data-elementor-type=\"wp-page\" data-elementor-id=\"8\" class=\"elementor elementor-8\" data-elementor-post-type=\"page\">\n\t\t\t\t<div class=\"elementor-element elementor-element-fdaae14 e-flex e-con-boxed e-con e-parent\" data-id=\"fdaae14\" data-element_type=\"container\">\n\t\t\t\t\t<div class=\"e-con-inner\">\n\t\t\t\t<div class=\"elementor-element elementor-element-69439cd elementor-widget elementor-widget-heading\" data-id=\"69439cd\" data-element_type=\"widget\" data-widget_type=\"heading.default\">\n\t\t\t\t<div class=\"elementor-widget-container\">\n\t\t\t\t\t<h1 class=\"elementor-heading-title elementor-size-default\">Comisarios<\/h1>\t\t\t\t<\/div>\n\t\t\t\t<\/div>\n\t\t\t\t\t<\/div>\n\t\t\t\t<\/div>\n\t\t<div class=\"elementor-element elementor-element-4692cc2 e-flex e-con-boxed e-con e-parent\" data-id=\"4692cc2\" data-element_type=\"container\">\n\t\t\t\t\t<div class=\"e-con-inner\">\n\t\t<div class=\"elementor-element elementor-element-af551a2 e-con-full e-flex e-con e-child\" data-id=\"af551a2\" data-element_type=\"container\">\n\t\t\t\t<\/div>\n\t\t<div class=\"elementor-element elementor-element-359324e e-flex e-con-boxed e-con e-child\" data-id=\"359324e\" data-element_type=\"container\">\n\t\t\t\t\t<div class=\"e-con-inner\">\n\t\t\t\t<div class=\"elementor-element elementor-element-e99f02b elementor-widget elementor-widget-heading\" data-id=\"e99f02b\" data-element_type=\"widget\" data-widget_type=\"heading.default\">\n\t\t\t\t<div class=\"elementor-widget-container\">\n\t\t\t\t\t<p class=\"elementor-heading-title elementor-size-default\">Distrito 1 Designado - Vacante<\/p>\t\t\t\t<\/div>\n\t\t\t\t<\/div>\n\t\t\t\t\t<\/div>\n\t\t\t\t<\/div>\n\t\t\t\t\t<\/div>\n\t\t\t\t<\/div>\n\t\t<div class=\"elementor-element elementor-element-70d5152 e-flex e-con-boxed e-con e-parent\" data-id=\"70d5152\" data-element_type=\"container\">\n\t\t\t\t\t<div class=\"e-con-inner\">\n\t\t<div class=\"elementor-element elementor-element-6b0101c e-con-full e-flex e-con e-child\" data-id=\"6b0101c\" data-element_type=\"container\">\n\t\t\t\t<div class=\"elementor-element elementor-element-652e96f elementor-widget elementor-widget-image\" data-id=\"652e96f\" data-element_type=\"widget\" data-widget_type=\"image.default\">\n\t\t\t\t<div class=\"elementor-widget-container\">\n\t\t\t\t\t\t\t\t\t\t\t\t\t\t\t<img fetchpriority=\"high\" decoding=\"async\" width=\"234\" height=\"280\" src=\"https:\/\/staging.venturacounty.gov\/civil-service-commission\/wp-content\/uploads\/sites\/3\/2023\/09\/JOEL-PRICE.jpg\" class=\"attachment-large size-large wp-image-173\" alt=\"JOEL PRICE\" \/>\t\t\t\t\t\t\t\t\t\t\t\t\t\t\t<\/div>\n\t\t\t\t<\/div>\n\t\t\t\t<\/div>\n\t\t<div class=\"elementor-element elementor-element-a9274d4 e-flex e-con-boxed e-con e-child\" data-id=\"a9274d4\" data-element_type=\"container\">\n\t\t\t\t\t<div class=\"e-con-inner\">\n\t\t\t\t<div class=\"elementor-element elementor-element-352f61f elementor-widget elementor-widget-heading\" data-id=\"352f61f\" data-element_type=\"widget\" data-widget_type=\"heading.default\">\n\t\t\t\t<div class=\"elementor-widget-container\">\n\t\t\t\t\t<p class=\"elementor-heading-title elementor-size-default\">JOEL R. PRICE, PRESIDENTE<\/p>\t\t\t\t<\/div>\n\t\t\t\t<\/div>\n\t\t\t\t<div class=\"elementor-element elementor-element-f14422d elementor-widget elementor-widget-text-editor\" data-id=\"f14422d\" data-element_type=\"widget\" data-widget_type=\"text-editor.default\">\n\t\t\t\t<div class=\"elementor-widget-container\">\n\t\t\t\t\t\t\t\t\t<p>Joel Price sirvi\u00f3 en el Departamento de Polic\u00eda de Los \u00c1ngeles un total de 37 a\u00f1os, retir\u00e1ndose en 2015 como Oficial a cargo de las Unidades de Homicidios y Agresiones Sexuales de West Valley. Joel tambi\u00e9n sirvi\u00f3 en el Consejo de la Ciudad de Thousand Oaks desde marzo de 2012 hasta diciembre de 2018, sirviendo como Alcalde en 2016. Como miembro del consejo Joel fue activo tanto con la Liga de Ciudades de California como con la Liga Nacional de Ciudades sirviendo en los Comit\u00e9s de Seguridad P\u00fablica de ambas organizaciones. Joel Tambi\u00e9n sirvi\u00f3 como Director en la Junta de la Liga Nacional de Ciudades y como Presidente de la Liga de Ciudades de California, Divisi\u00f3n de Condados del Canal. En la actualidad, Joel es el Director de Comunicaciones de la asamble\u00edsta Jacqui Irwin.<\/p><p>Supervisor Jeff Gorell, Distrito 2, recomendado Comisionado Joel Price; Nombrado por primera vez 09-12-23; Primer mandato expira 5-31-27.<\/p>\t\t\t\t\t\t\t\t<\/div>\n\t\t\t\t<\/div>\n\t\t\t\t\t<\/div>\n\t\t\t\t<\/div>\n\t\t\t\t\t<\/div>\n\t\t\t\t<\/div>\n\t\t<div class=\"elementor-element elementor-element-1830df5 e-flex e-con-boxed e-con e-parent\" data-id=\"1830df5\" data-element_type=\"container\">\n\t\t\t\t\t<div class=\"e-con-inner\">\n\t\t<div class=\"elementor-element elementor-element-8d4b8dd e-con-full e-flex e-con e-child\" data-id=\"8d4b8dd\" data-element_type=\"container\">\n\t\t\t\t<div class=\"elementor-element elementor-element-1782890 elementor-widget elementor-widget-image\" data-id=\"1782890\" data-element_type=\"widget\" data-widget_type=\"image.default\">\n\t\t\t\t<div class=\"elementor-widget-container\">\n\t\t\t\t\t\t\t\t\t\t\t\t\t\t\t<img decoding=\"async\" width=\"234\" height=\"281\" src=\"https:\/\/staging.venturacounty.gov\/civil-service-commission\/wp-content\/uploads\/sites\/3\/2023\/07\/Parham-Patricia-S.jpg\" class=\"attachment-large size-large wp-image-74\" alt=\"Parham Patricia S\" \/>\t\t\t\t\t\t\t\t\t\t\t\t\t\t\t<\/div>\n\t\t\t\t<\/div>\n\t\t\t\t<\/div>\n\t\t<div class=\"elementor-element elementor-element-50945b9 e-flex e-con-boxed e-con e-child\" data-id=\"50945b9\" data-element_type=\"container\">\n\t\t\t\t\t<div class=\"e-con-inner\">\n\t\t\t\t<div class=\"elementor-element elementor-element-2387fac elementor-widget elementor-widget-heading\" data-id=\"2387fac\" data-element_type=\"widget\" data-widget_type=\"heading.default\">\n\t\t\t\t<div class=\"elementor-widget-container\">\n\t\t\t\t\t<p class=\"elementor-heading-title elementor-size-default\">PATRICIA S. PARHAM, VICEPRESIDENTA<\/p>\t\t\t\t<\/div>\n\t\t\t\t<\/div>\n\t\t\t\t<div class=\"elementor-element elementor-element-d1fb894 elementor-widget elementor-widget-text-editor\" data-id=\"d1fb894\" data-element_type=\"widget\" data-widget_type=\"text-editor.default\">\n\t\t\t\t<div class=\"elementor-widget-container\">\n\t\t\t\t\t\t\t\t\t<p>Profesional de los recursos humanos con experiencia en instituciones educativas de los sectores p\u00fablico y privado que presta servicios de gesti\u00f3n interna en las \u00e1reas de relaciones con los empleados, contrataci\u00f3n\/empleo, clasificaci\u00f3n y retribuci\u00f3n, relaciones laborales, gesti\u00f3n del rendimiento, cumplimiento de la legislaci\u00f3n, administraci\u00f3n de prestaciones y formulaci\u00f3n de pol\u00edticas y procedimientos.<\/p><p>Supervisora Kathy Long, Distrito 3, recomendada por primera vez Comisionada Patricia S. Parham; Nombrada por primera vez 9-13-16; Recomendaci\u00f3n posterior de la Supervisora Kelly Long, el cuarto mandato expira el 31-05-29.<\/p>\t\t\t\t\t\t\t\t<\/div>\n\t\t\t\t<\/div>\n\t\t\t\t\t<\/div>\n\t\t\t\t<\/div>\n\t\t\t\t\t<\/div>\n\t\t\t\t<\/div>\n\t\t<div class=\"elementor-element elementor-element-76dcc21 e-flex e-con-boxed e-con e-parent\" data-id=\"76dcc21\" data-element_type=\"container\">\n\t\t\t\t\t<div class=\"e-con-inner\">\n\t\t<div class=\"elementor-element elementor-element-fc4c9c0 e-con-full e-flex e-con e-child\" data-id=\"fc4c9c0\" data-element_type=\"container\">\n\t\t\t\t<div class=\"elementor-element elementor-element-9a37fc2 elementor-widget elementor-widget-image\" data-id=\"9a37fc2\" data-element_type=\"widget\" data-widget_type=\"image.default\">\n\t\t\t\t<div class=\"elementor-widget-container\">\n\t\t\t\t\t\t\t\t\t\t\t\t\t\t\t<img decoding=\"async\" width=\"234\" height=\"281\" src=\"https:\/\/staging.venturacounty.gov\/civil-service-commission\/wp-content\/uploads\/sites\/3\/2023\/07\/Stewart-Vincent-R.jpg\" class=\"attachment-large size-large wp-image-75\" alt=\"Stewart Vincent R\" \/>\t\t\t\t\t\t\t\t\t\t\t\t\t\t\t<\/div>\n\t\t\t\t<\/div>\n\t\t\t\t<\/div>\n\t\t<div class=\"elementor-element elementor-element-13f6d8e e-flex e-con-boxed e-con e-child\" data-id=\"13f6d8e\" data-element_type=\"container\">\n\t\t\t\t\t<div class=\"e-con-inner\">\n\t\t\t\t<div class=\"elementor-element elementor-element-98935c2 elementor-widget elementor-widget-heading\" data-id=\"98935c2\" data-element_type=\"widget\" data-widget_type=\"heading.default\">\n\t\t\t\t<div class=\"elementor-widget-container\">\n\t\t\t\t\t<p class=\"elementor-heading-title elementor-size-default\">VINCENT R. STEWART\n\n<\/p>\t\t\t\t<\/div>\n\t\t\t\t<\/div>\n\t\t\t\t<div class=\"elementor-element elementor-element-a0710a5 elementor-widget elementor-widget-text-editor\" data-id=\"a0710a5\" data-element_type=\"widget\" data-widget_type=\"text-editor.default\">\n\t\t\t\t<div class=\"elementor-widget-container\">\n\t\t\t\t\t\t\t\t\t<p>Ingeniero superior de seguridad de sistemas jubilado. Prest\u00f3 servicio durante 14 a\u00f1os como Comandante de Polic\u00eda de Reserva del Departamento de Polic\u00eda de Oxnard. Diplomado de la Academia de las Fuerzas A\u00e9reas de los Estados Unidos. Miembro de la secci\u00f3n del condado de Ventura de la NAACP. Actualmente cursa estudios universitarios de qu\u00edmica y biolog\u00eda en el Oxnard College.<\/p><p>Supervisor John Zaragoza, Distrito 5, primer recomendado Comisionado Vincent R. Stewart. Nombrado por primera vez el 3-12-19; Recomendaci\u00f3n posterior de la Supervisora Carmen Ram\u00edrez, el segundo mandato expira el 05-31-26.<\/p>\t\t\t\t\t\t\t\t<\/div>\n\t\t\t\t<\/div>\n\t\t\t\t\t<\/div>\n\t\t\t\t<\/div>\n\t\t\t\t\t<\/div>\n\t\t\t\t<\/div>\n\t\t<div class=\"elementor-element elementor-element-a1f15f6 e-flex e-con-boxed e-con e-parent\" data-id=\"a1f15f6\" data-element_type=\"container\">\n\t\t\t\t\t<div class=\"e-con-inner\">\n\t\t<div class=\"elementor-element elementor-element-bc6f98d e-con-full e-flex e-con e-child\" data-id=\"bc6f98d\" data-element_type=\"container\">\n\t\t\t\t<div class=\"elementor-element elementor-element-3c317e4 elementor-widget elementor-widget-image\" data-id=\"3c317e4\" data-element_type=\"widget\" data-widget_type=\"image.default\">\n\t\t\t\t<div class=\"elementor-widget-container\">\n\t\t\t\t\t\t\t\t\t\t\t\t\t\t\t<img loading=\"lazy\" decoding=\"async\" width=\"234\" height=\"281\" src=\"https:\/\/staging.venturacounty.gov\/civil-service-commission\/wp-content\/uploads\/sites\/3\/2023\/07\/Vandenberg-James-L.jpg\" class=\"attachment-large size-large wp-image-76\" alt=\"Vandenberg James L\" \/>\t\t\t\t\t\t\t\t\t\t\t\t\t\t\t<\/div>\n\t\t\t\t<\/div>\n\t\t\t\t<\/div>\n\t\t<div class=\"elementor-element elementor-element-1a16253 e-flex e-con-boxed e-con e-child\" data-id=\"1a16253\" data-element_type=\"container\">\n\t\t\t\t\t<div class=\"e-con-inner\">\n\t\t\t\t<div class=\"elementor-element elementor-element-577320e elementor-widget elementor-widget-heading\" data-id=\"577320e\" data-element_type=\"widget\" data-widget_type=\"heading.default\">\n\t\t\t\t<div class=\"elementor-widget-container\">\n\t\t\t\t\t<p class=\"elementor-heading-title elementor-size-default\">JAMES L. VANDENBERG<\/p>\t\t\t\t<\/div>\n\t\t\t\t<\/div>\n\t\t\t\t<div class=\"elementor-element elementor-element-5149b03 elementor-widget elementor-widget-text-editor\" data-id=\"5149b03\" data-element_type=\"widget\" data-widget_type=\"text-editor.default\">\n\t\t\t\t<div class=\"elementor-widget-container\">\n\t\t\t\t\t\t\t\t\t<p>Jubilado, treinta y cuatro a\u00f1os de carrera policial; graduado de la Academia Nacional del FBI; graduado de la Universidad Luterana de California (MPA); miembro del Gran Jurado del Condado de Ventura, 2006-08.<\/p><p>Supervisor Peter Foy, Distrito 4, recomendado por primera vez Comisario James L. Vandenberg ; Nombrado por primera vez 07-03-08; Recomendado posteriormente por la Supervisora Janice Parvin, el quinto mandato expira el 31-05-27.<\/p>\t\t\t\t\t\t\t\t<\/div>\n\t\t\t\t<\/div>\n\t\t\t\t\t<\/div>\n\t\t\t\t<\/div>\n\t\t\t\t\t<\/div>\n\t\t\t\t<\/div>\n\t\t\t\t<\/div>","protected":false},"excerpt":{"rendered":"<p>Commissioners District 1 Appointee &#8211; Vacant JOEL R. PRICE, CHAIR Joel Price served with the Los Angeles Police Department a total of 37 years retiring in 2015 as the Officer in Charge of the West Valley Homicide &amp; Sexual Assault Units. Joel also served on the Thousand Oaks City Council from March 2012 to December [&hellip;]<\/p>\n","protected":false},"author":4,"featured_media":0,"parent":0,"menu_order":0,"comment_status":"closed","ping_status":"open","template":"","meta":{"_relevanssi_hide_post":"","_relevanssi_hide_content":"","_relevanssi_pin_for_all":"","_relevanssi_pin_keywords":"","_relevanssi_unpin_keywords":"","_relevanssi_related_keywords":"","_relevanssi_related_include_ids":"","_relevanssi_related_exclude_ids":"","_relevanssi_related_no_append":"","_relevanssi_related_not_related":"","_relevanssi_related_posts":"","_relevanssi_noindex_reason":"","footnotes":""},"categories":[],"tags":[],"class_list":["post-8","page","type-page","status-publish","hentry"],"_links":{"self":[{"href":"https:\/\/staging.venturacounty.gov\/civil-service-commission\/es\/wp-json\/wp\/v2\/pages\/8","targetHints":{"allow":["GET"]}}],"collection":[{"href":"https:\/\/staging.venturacounty.gov\/civil-service-commission\/es\/wp-json\/wp\/v2\/pages"}],"about":[{"href":"https:\/\/staging.venturacounty.gov\/civil-service-commission\/es\/wp-json\/wp\/v2\/types\/page"}],"author":[{"embeddable":true,"href":"https:\/\/staging.venturacounty.gov\/civil-service-commission\/es\/wp-json\/wp\/v2\/users\/4"}],"replies":[{"embeddable":true,"href":"https:\/\/staging.venturacounty.gov\/civil-service-commission\/es\/wp-json\/wp\/v2\/comments?post=8"}],"version-history":[{"count":0,"href":"https:\/\/staging.venturacounty.gov\/civil-service-commission\/es\/wp-json\/wp\/v2\/pages\/8\/revisions"}],"wp:attachment":[{"href":"https:\/\/staging.venturacounty.gov\/civil-service-commission\/es\/wp-json\/wp\/v2\/media?parent=8"}],"wp:term":[{"taxonomy":"category","embeddable":true,"href":"https:\/\/staging.venturacounty.gov\/civil-service-commission\/es\/wp-json\/wp\/v2\/categories?post=8"},{"taxonomy":"post_tag","embeddable":true,"href":"https:\/\/staging.venturacounty.gov\/civil-service-commission\/es\/wp-json\/wp\/v2\/tags?post=8"}],"curies":[{"name":"wp","href":"https:\/\/api.w.org\/{rel}","templated":true}]}}