{"id":11,"date":"2023-06-28T20:16:10","date_gmt":"2023-06-28T20:16:10","guid":{"rendered":"https:\/\/staging.venturacounty.gov\/civil-service-commission\/forms\/"},"modified":"2023-07-03T21:41:41","modified_gmt":"2023-07-03T21:41:41","slug":"forms","status":"publish","type":"page","link":"https:\/\/staging.venturacounty.gov\/civil-service-commission\/es\/forms\/","title":{"rendered":"Formularios"},"content":{"rendered":"<div data-elementor-type=\"wp-page\" data-elementor-id=\"11\" class=\"elementor elementor-11\" data-elementor-post-type=\"page\">\n\t\t\t\t<div class=\"elementor-element elementor-element-7b1d2c4 e-flex e-con-boxed e-con e-parent\" data-id=\"7b1d2c4\" data-element_type=\"container\">\n\t\t\t\t\t<div class=\"e-con-inner\">\n\t\t\t\t<div class=\"elementor-element elementor-element-201f846 elementor-widget elementor-widget-heading\" data-id=\"201f846\" data-element_type=\"widget\" data-widget_type=\"heading.default\">\n\t\t\t\t<div class=\"elementor-widget-container\">\n\t\t\t\t\t<h2 class=\"elementor-heading-title elementor-size-default\">Formularios<\/h2>\t\t\t\t<\/div>\n\t\t\t\t<\/div>\n\t\t\t\t\t<\/div>\n\t\t\t\t<\/div>\n\t\t\t\t<section class=\"elementor-section elementor-top-section elementor-element elementor-element-5cf9f940 elementor-section-boxed elementor-section-height-default elementor-section-height-default\" data-id=\"5cf9f940\" data-element_type=\"section\">\n\t\t\t\t\t\t<div class=\"elementor-container elementor-column-gap-default\">\n\t\t\t\t\t<div class=\"elementor-column elementor-col-100 elementor-top-column elementor-element elementor-element-4d752679\" data-id=\"4d752679\" data-element_type=\"column\">\n\t\t\t<div class=\"elementor-widget-wrap elementor-element-populated\">\n\t\t\t\t\t\t<div class=\"elementor-element elementor-element-30d7ad26 elementor-widget elementor-widget-text-editor\" data-id=\"30d7ad26\" data-element_type=\"widget\" data-widget_type=\"text-editor.default\">\n\t\t\t\t<div class=\"elementor-widget-container\">\n\t\t\t\t\t\t\t\t\t<div class=\"articlepxfontsize1\"><p>El Formulario de Apelaci\u00f3n para Acciones Disciplinarias puede utilizarse (pero no es obligatorio) para presentar una apelaci\u00f3n ante la Comisi\u00f3n de Servicio Civil del Condado de Ventura de conformidad con el Art\u00edculo 21 de las Normas y Regulaciones de Personal del Condado de Ventura (Art\u00edculo 21) y el Art\u00edculo 4, Cap\u00edtulo 3, Divisi\u00f3n 1 del C\u00f3digo de Ordenanzas del Condado de Ventura (Ordenanza del Sistema de Servicio Civil).  Por favor, rellene el <span style=\"text-decoration: underline;\"><a href=\"https:\/\/vcportal.venturacounty.gov\/CSC\/docs\/appeal_form_fillable.pdf\" target=\"_blank\" rel=\"noopener\">formulario pdf rellenable<\/a><\/span> en l\u00ednea o descargue el <span style=\"text-decoration: underline;\"><a href=\"https:\/\/vcportal.venturacounty.gov\/CSC\/docs\/appeal_form.pdf\" target=\"_blank\" rel=\"noopener\">formulario imprimible<\/a><\/span> para rellenar a mano.  Tenga en cuenta que, independientemente del formulario utilizado, el formulario de recurso debe ser <strong>impreso y firmado a mano<\/strong> antes de su presentaci\u00f3n a la Comisi\u00f3n de la Funci\u00f3n P\u00fablica.  Consulte la secci\u00f3n Instrucciones del formulario para obtener informaci\u00f3n sobre la presentaci\u00f3n.<\/p><\/div>\t\t\t\t\t\t\t\t<\/div>\n\t\t\t\t<\/div>\n\t\t\t\t\t<\/div>\n\t\t<\/div>\n\t\t\t\t\t<\/div>\n\t\t<\/section>\n\t\t<div class=\"elementor-element elementor-element-620f2e7 e-flex e-con-boxed e-con e-parent\" data-id=\"620f2e7\" data-element_type=\"container\">\n\t\t\t\t\t<div class=\"e-con-inner\">\n\t\t\t\t<div class=\"elementor-element elementor-element-5647a48 elementor-icon-list--layout-traditional elementor-list-item-link-full_width elementor-widget elementor-widget-icon-list\" data-id=\"5647a48\" data-element_type=\"widget\" data-widget_type=\"icon-list.default\">\n\t\t\t\t<div class=\"elementor-widget-container\">\n\t\t\t\t\t\t\t<ul class=\"elementor-icon-list-items\">\n\t\t\t\t\t\t\t<li class=\"elementor-icon-list-item\">\n\t\t\t\t\t\t\t\t\t\t\t<a href=\"https:\/\/vcportal.venturacounty.gov\/CSC\/docs\/appeal_form_fillable.pdf\" target=\"_blank\">\n\n\t\t\t\t\t\t\t\t\t\t\t\t<span class=\"elementor-icon-list-icon\">\n\t\t\t\t\t\t\t<i aria-hidden=\"true\" class=\"fas fa-file-pdf\"><\/i>\t\t\t\t\t\t<\/span>\n\t\t\t\t\t\t\t\t\t\t<span class=\"elementor-icon-list-text\">Formulario de recurso (rellenable)<\/span>\n\t\t\t\t\t\t\t\t\t\t\t<\/a>\n\t\t\t\t\t\t\t\t\t<\/li>\n\t\t\t\t\t\t\t\t<li class=\"elementor-icon-list-item\">\n\t\t\t\t\t\t\t\t\t\t\t<a href=\"https:\/\/vcportal.venturacounty.gov\/CSC\/docs\/appeal_form.pdf\" target=\"_blank\">\n\n\t\t\t\t\t\t\t\t\t\t\t\t<span class=\"elementor-icon-list-icon\">\n\t\t\t\t\t\t\t<i aria-hidden=\"true\" class=\"fas fa-file-pdf\"><\/i>\t\t\t\t\t\t<\/span>\n\t\t\t\t\t\t\t\t\t\t<span class=\"elementor-icon-list-text\">Formulario de recurso (para imprimir)<\/span>\n\t\t\t\t\t\t\t\t\t\t\t<\/a>\n\t\t\t\t\t\t\t\t\t<\/li>\n\t\t\t\t\t\t<\/ul>\n\t\t\t\t\t\t<\/div>\n\t\t\t\t<\/div>\n\t\t\t\t<div class=\"elementor-element elementor-element-fd87515 elementor-widget elementor-widget-text-editor\" data-id=\"fd87515\" data-element_type=\"widget\" data-widget_type=\"text-editor.default\">\n\t\t\t\t<div class=\"elementor-widget-container\">\n\t\t\t\t\t\t\t\t\t<p><strong>NOTA:<\/strong> Para comodidad de nuestros visitantes, esta p\u00e1gina puede contener enlaces a sitios web externos que no est\u00e1n gestionados ni controlados por el Condado de Ventura.<\/p>\t\t\t\t\t\t\t\t<\/div>\n\t\t\t\t<\/div>\n\t\t\t\t\t<\/div>\n\t\t\t\t<\/div>\n\t\t\t\t<\/div>","protected":false},"excerpt":{"rendered":"<p>Forms The Appeal Form for Disciplinary Actions may be used (but is not required) to file an appeal with the Ventura County Civil Service Commission in accordance with Article 21 of the Ventura County Personnel Rules and Regulations (Article 21) and Article 4, Chapter 3, Division 1 of the Ventura County Ordinance Code (Civil Service [&hellip;]<\/p>\n","protected":false},"author":4,"featured_media":0,"parent":0,"menu_order":0,"comment_status":"closed","ping_status":"open","template":"","meta":{"_relevanssi_hide_post":"","_relevanssi_hide_content":"","_relevanssi_pin_for_all":"","_relevanssi_pin_keywords":"","_relevanssi_unpin_keywords":"","_relevanssi_related_keywords":"","_relevanssi_related_include_ids":"","_relevanssi_related_exclude_ids":"","_relevanssi_related_no_append":"","_relevanssi_related_not_related":"","_relevanssi_related_posts":"","_relevanssi_noindex_reason":"","footnotes":""},"categories":[],"tags":[],"class_list":["post-11","page","type-page","status-publish","hentry"],"_links":{"self":[{"href":"https:\/\/staging.venturacounty.gov\/civil-service-commission\/es\/wp-json\/wp\/v2\/pages\/11","targetHints":{"allow":["GET"]}}],"collection":[{"href":"https:\/\/staging.venturacounty.gov\/civil-service-commission\/es\/wp-json\/wp\/v2\/pages"}],"about":[{"href":"https:\/\/staging.venturacounty.gov\/civil-service-commission\/es\/wp-json\/wp\/v2\/types\/page"}],"author":[{"embeddable":true,"href":"https:\/\/staging.venturacounty.gov\/civil-service-commission\/es\/wp-json\/wp\/v2\/users\/4"}],"replies":[{"embeddable":true,"href":"https:\/\/staging.venturacounty.gov\/civil-service-commission\/es\/wp-json\/wp\/v2\/comments?post=11"}],"version-history":[{"count":0,"href":"https:\/\/staging.venturacounty.gov\/civil-service-commission\/es\/wp-json\/wp\/v2\/pages\/11\/revisions"}],"wp:attachment":[{"href":"https:\/\/staging.venturacounty.gov\/civil-service-commission\/es\/wp-json\/wp\/v2\/media?parent=11"}],"wp:term":[{"taxonomy":"category","embeddable":true,"href":"https:\/\/staging.venturacounty.gov\/civil-service-commission\/es\/wp-json\/wp\/v2\/categories?post=11"},{"taxonomy":"post_tag","embeddable":true,"href":"https:\/\/staging.venturacounty.gov\/civil-service-commission\/es\/wp-json\/wp\/v2\/tags?post=11"}],"curies":[{"name":"wp","href":"https:\/\/api.w.org\/{rel}","templated":true}]}}