{"id":306,"date":"2023-07-12T22:05:02","date_gmt":"2023-07-12T22:05:02","guid":{"rendered":"https:\/\/staging.venturacounty.gov\/board-of-supervisors\/?page_id=306"},"modified":"2024-10-17T18:57:58","modified_gmt":"2024-10-17T18:57:58","slug":"about-kelly-long","status":"publish","type":"page","link":"https:\/\/staging.venturacounty.gov\/board-of-supervisors\/es\/district-3-kelly-long\/about-kelly-long\/","title":{"rendered":"Sobre Kelly Long"},"content":{"rendered":"<div data-elementor-type=\"wp-page\" data-elementor-id=\"306\" class=\"elementor elementor-306\" data-elementor-post-type=\"page\">\n\t\t\t\t<div class=\"elementor-element elementor-element-211bf85 e-flex e-con-boxed e-con e-parent\" data-id=\"211bf85\" data-element_type=\"container\">\n\t\t\t\t\t<div class=\"e-con-inner\">\n\t\t<div class=\"elementor-element elementor-element-1239e6f e-flex e-con-boxed e-con e-child\" data-id=\"1239e6f\" data-element_type=\"container\" data-settings=\"{&quot;background_background&quot;:&quot;classic&quot;}\">\n\t\t\t\t\t<div class=\"e-con-inner\">\n\t\t\t\t<div class=\"elementor-element elementor-element-8d222c7 elementor-widget elementor-widget-shortcode\" data-id=\"8d222c7\" data-element_type=\"widget\" data-widget_type=\"shortcode.default\">\n\t\t\t\t<div class=\"elementor-widget-container\">\n\t\t\t\t\t\t\t<div class=\"elementor-shortcode\">\t\t<div data-elementor-type=\"container\" data-elementor-id=\"945\" class=\"elementor elementor-945\" data-elementor-post-type=\"elementor_library\">\n\t\t\t\t<div class=\"elementor-element elementor-element-da06284 e-flex e-con-boxed e-con e-parent\" data-id=\"da06284\" data-element_type=\"container\">\n\t\t\t\t\t<div class=\"e-con-inner\">\n\t\t<div class=\"elementor-element elementor-element-5b72c4e e-flex e-con-boxed e-con e-parent\" data-id=\"5b72c4e\" data-element_type=\"container\">\n\t\t\t\t\t<div class=\"e-con-inner\">\n\t\t<div class=\"elementor-element elementor-element-ecde851 e-con-full e-flex e-con e-parent\" data-id=\"ecde851\" data-element_type=\"container\">\n\t\t\t\t<div class=\"elementor-element elementor-element-7c719a3 elementor-widget__width-initial elementor-widget elementor-widget-text-editor\" data-id=\"7c719a3\" data-element_type=\"widget\" data-widget_type=\"text-editor.default\">\n\t\t\t\t<div class=\"elementor-widget-container\">\n\t\t\t\t\t\t\t\t\t<p><strong><img decoding=\"async\" class=\"wp-image-124 alignleft\" style=\"margin-bottom: 10px\" src=\"https:\/\/venturacounty.gov\/board-of-supervisors\/wp-content\/uploads\/sites\/17\/2023\/07\/BOS3_LongKelly.gif\" alt=\"Kelly Long\" width=\"105\" height=\"124\" \/>Distrito 3 - Supervisor Kelly Long<br \/><\/strong>1203 Flynn Road, Suite 220, Camarillo, CA 93012<br role=\"presentation\" data-uw-rm-sr=\"\" \/>Tel\u00e9fono: (805) 654-2276 | Fax: (805) 654-2226<br role=\"presentation\" data-uw-rm-sr=\"\" \/>Correo electr\u00f3nico: <a href=\"mailto:supervisorlong@ventura.org\" aria-label=\"env\u00ede un correo electr\u00f3nico a kelly.long@ventura.org\" data-uw-rm-vglnk=\"\">supervisorlong@ventura.org<\/a><br role=\"presentation\" data-uw-rm-sr=\"\" \/>S\u00edguenos en: <a href=\"https:\/\/www.facebook.com\/SupervisorKellyLong\" target=\"_blank\" rel=\"noopener\" aria-label=\"Ir a Facebook\" data-uw-rm-ext-link=\"\">\u00a0<img decoding=\"async\" class=\"\" style=\"vertical-align: middle\" title=\"S\u00edguenos en Facebook\" src=\"https:\/\/vcportal.venturacounty.gov\/BOS\/District3\/images\/icon-Facebook_100wx100h.png\" alt=\"Go to Facebook\" width=\"20\" height=\"20\" data-uw-rm-ima-original=\"go to facebook\" \/><\/a>\u00a0\u00a0<a href=\"https:\/\/twitter.com\/long_km\" target=\"_blank\" rel=\"noopener\" aria-label=\"Ir a Twitter\" data-uw-rm-ext-link=\"\"><img decoding=\"async\" style=\"vertical-align: middle\" title=\"S\u00edguenos en X\" src=\"https:\/\/vcportal.venturacounty.gov\/BOS\/District3\/images\/icon-Twitter_100wx100h.png\" alt=\"Go to Twitter\" width=\"20\" height=\"20\" data-uw-rm-ima-original=\"go to twitter\" \/><\/a><\/p>\t\t\t\t\t\t\t\t<\/div>\n\t\t\t\t<\/div>\n\t\t\t\t<\/div>\n\t\t<div class=\"elementor-element elementor-element-3531fbc e-flex e-con-boxed e-con e-parent\" data-id=\"3531fbc\" data-element_type=\"container\">\n\t\t\t\t\t<div class=\"e-con-inner\">\n\t\t\t\t<div class=\"elementor-element elementor-element-dc9a0cc elementor-widget__width-initial elementor-widget elementor-widget-text-editor\" data-id=\"dc9a0cc\" data-element_type=\"widget\" data-widget_type=\"text-editor.default\">\n\t\t\t\t<div class=\"elementor-widget-container\">\n\t\t\t\t\t\t\t\t\t<p><strong>Comunidades representadas:<br \/><\/strong>Partes central y sur de la ciudad de Camarillo, noreste de Oxnard, El Rio, Nyeland Acres, ciudad de Santa Paula, ciudad de Fillmore, Piru y este de Lockwood Valley.<\/p>\t\t\t\t\t\t\t\t<\/div>\n\t\t\t\t<\/div>\n\t\t\t\t\t<\/div>\n\t\t\t\t<\/div>\n\t\t\t\t\t<\/div>\n\t\t\t\t<\/div>\n\t\t<div class=\"elementor-element elementor-element-834d6aa e-flex e-con-boxed e-con e-parent\" data-id=\"834d6aa\" data-element_type=\"container\">\n\t\t\t\t\t<div class=\"e-con-inner\">\n\t\t\t\t<div class=\"elementor-element elementor-element-a6dfe16 elementor-nav-menu--dropdown-tablet elementor-nav-menu__text-align-aside elementor-nav-menu--toggle elementor-nav-menu--burger elementor-widget elementor-widget-nav-menu\" data-id=\"a6dfe16\" data-element_type=\"widget\" data-settings=\"{&quot;layout&quot;:&quot;horizontal&quot;,&quot;submenu_icon&quot;:{&quot;value&quot;:&quot;&lt;i class=\\&quot;fas fa-caret-down\\&quot;&gt;&lt;\\\/i&gt;&quot;,&quot;library&quot;:&quot;fa-solid&quot;},&quot;toggle&quot;:&quot;burger&quot;}\" data-widget_type=\"nav-menu.default\">\n\t\t\t\t<div class=\"elementor-widget-container\">\n\t\t\t\t\t\t\t\t<nav aria-label=\"Men\u00fa\" class=\"elementor-nav-menu--main elementor-nav-menu__container elementor-nav-menu--layout-horizontal e--pointer-background e--animation-fade\">\n\t\t\t\t<ul id=\"menu-1-a6dfe16\" class=\"elementor-nav-menu\"><li class=\"menu-item menu-item-type-post_type menu-item-object-page menu-item-125\"><a href=\"https:\/\/staging.venturacounty.gov\/board-of-supervisors\/es\/district-3-kelly-long\/\" class=\"elementor-item\">Inicio<\/a><\/li>\n<li class=\"menu-item menu-item-type-post_type menu-item-object-page menu-item-321\"><a href=\"https:\/\/staging.venturacounty.gov\/board-of-supervisors\/es\/district-3-kelly-long\/about-kelly-long\/\" class=\"elementor-item\">Sobre Kelly Long<\/a><\/li>\n<li class=\"menu-item menu-item-type-post_type menu-item-object-page menu-item-320\"><a href=\"https:\/\/staging.venturacounty.gov\/board-of-supervisors\/es\/district-3-kelly-long\/district-3-map\/\" class=\"elementor-item\">Mapa del Distrito 3<\/a><\/li>\n<li class=\"menu-item menu-item-type-post_type menu-item-object-page menu-item-319\"><a href=\"https:\/\/staging.venturacounty.gov\/board-of-supervisors\/es\/district-3-kelly-long\/el-rio-del-norte-mac\/\" class=\"elementor-item\">El Rio\/Del Norte MAC<\/a><\/li>\n<li class=\"menu-item menu-item-type-post_type menu-item-object-page menu-item-318\"><a href=\"https:\/\/staging.venturacounty.gov\/board-of-supervisors\/es\/district-3-kelly-long\/services\/\" class=\"elementor-item\">Servicios<\/a><\/li>\n<li class=\"menu-item menu-item-type-post_type menu-item-object-page menu-item-317\"><a href=\"https:\/\/staging.venturacounty.gov\/board-of-supervisors\/es\/district-3-kelly-long\/contact-us\/\" class=\"elementor-item\">P\u00f3ngase en contacto con nosotros<\/a><\/li>\n<li class=\"menu-item menu-item-type-custom menu-item-object-custom menu-item-561\"><a target=\"_blank\" href=\"https:\/\/www.vcpublicworks.org\/report-a-concern\/\" class=\"elementor-item\">Informar de un problema<\/a><\/li>\n<li class=\"menu-item menu-item-type-post_type menu-item-object-page menu-item-315\"><a href=\"https:\/\/staging.venturacounty.gov\/board-of-supervisors\/es\/district-3-kelly-long\/tattoo-removal\/\" class=\"elementor-item\">Eliminaci\u00f3n de tatuajes<\/a><\/li>\n<\/ul>\t\t\t<\/nav>\n\t\t\t\t\t<div class=\"elementor-menu-toggle\" role=\"button\" tabindex=\"0\" aria-label=\"Men\u00fa Toggle\" aria-expanded=\"false\">\n\t\t\t<i aria-hidden=\"true\" role=\"presentation\" class=\"elementor-menu-toggle__icon--open eicon-menu-bar\"><\/i><i aria-hidden=\"true\" role=\"presentation\" class=\"elementor-menu-toggle__icon--close eicon-close\"><\/i>\t\t<\/div>\n\t\t\t\t\t<nav class=\"elementor-nav-menu--dropdown elementor-nav-menu__container\" aria-hidden=\"true\">\n\t\t\t\t<ul id=\"menu-2-a6dfe16\" class=\"elementor-nav-menu\"><li class=\"menu-item menu-item-type-post_type menu-item-object-page menu-item-125\"><a href=\"https:\/\/staging.venturacounty.gov\/board-of-supervisors\/es\/district-3-kelly-long\/\" class=\"elementor-item\" tabindex=\"-1\">Inicio<\/a><\/li>\n<li class=\"menu-item menu-item-type-post_type menu-item-object-page menu-item-321\"><a href=\"https:\/\/staging.venturacounty.gov\/board-of-supervisors\/es\/district-3-kelly-long\/about-kelly-long\/\" class=\"elementor-item\" tabindex=\"-1\">Sobre Kelly Long<\/a><\/li>\n<li class=\"menu-item menu-item-type-post_type menu-item-object-page menu-item-320\"><a href=\"https:\/\/staging.venturacounty.gov\/board-of-supervisors\/es\/district-3-kelly-long\/district-3-map\/\" class=\"elementor-item\" tabindex=\"-1\">Mapa del Distrito 3<\/a><\/li>\n<li class=\"menu-item menu-item-type-post_type menu-item-object-page menu-item-319\"><a href=\"https:\/\/staging.venturacounty.gov\/board-of-supervisors\/es\/district-3-kelly-long\/el-rio-del-norte-mac\/\" class=\"elementor-item\" tabindex=\"-1\">El Rio\/Del Norte MAC<\/a><\/li>\n<li class=\"menu-item menu-item-type-post_type menu-item-object-page menu-item-318\"><a href=\"https:\/\/staging.venturacounty.gov\/board-of-supervisors\/es\/district-3-kelly-long\/services\/\" class=\"elementor-item\" tabindex=\"-1\">Servicios<\/a><\/li>\n<li class=\"menu-item menu-item-type-post_type menu-item-object-page menu-item-317\"><a href=\"https:\/\/staging.venturacounty.gov\/board-of-supervisors\/es\/district-3-kelly-long\/contact-us\/\" class=\"elementor-item\" tabindex=\"-1\">P\u00f3ngase en contacto con nosotros<\/a><\/li>\n<li class=\"menu-item menu-item-type-custom menu-item-object-custom menu-item-561\"><a target=\"_blank\" href=\"https:\/\/www.vcpublicworks.org\/report-a-concern\/\" class=\"elementor-item\" tabindex=\"-1\">Informar de un problema<\/a><\/li>\n<li class=\"menu-item menu-item-type-post_type menu-item-object-page menu-item-315\"><a href=\"https:\/\/staging.venturacounty.gov\/board-of-supervisors\/es\/district-3-kelly-long\/tattoo-removal\/\" class=\"elementor-item\" tabindex=\"-1\">Eliminaci\u00f3n de tatuajes<\/a><\/li>\n<\/ul>\t\t\t<\/nav>\n\t\t\t\t\t\t<\/div>\n\t\t\t\t<\/div>\n\t\t\t\t\t<\/div>\n\t\t\t\t<\/div>\n\t\t\t\t\t<\/div>\n\t\t\t\t<\/div>\n\t\t\t\t<\/div>\n\t\t<\/div>\n\t\t\t\t\t\t<\/div>\n\t\t\t\t<\/div>\n\t\t\t\t\t<\/div>\n\t\t\t\t<\/div>\n\t\t\t\t\t<\/div>\n\t\t\t\t<\/div>\n\t\t<div class=\"elementor-element elementor-element-bf6ebee e-flex e-con-boxed e-con e-parent\" data-id=\"bf6ebee\" data-element_type=\"container\">\n\t\t\t\t\t<div class=\"e-con-inner\">\n\t\t<div class=\"elementor-element elementor-element-a9a3913 e-flex e-con-boxed e-con e-child\" data-id=\"a9a3913\" data-element_type=\"container\">\n\t\t\t\t\t<div class=\"e-con-inner\">\n\t\t\t\t<div class=\"elementor-element elementor-element-aa379b0 elementor-widget elementor-widget-heading\" data-id=\"aa379b0\" data-element_type=\"widget\" data-widget_type=\"heading.default\">\n\t\t\t\t<div class=\"elementor-widget-container\">\n\t\t\t\t\t<h2 class=\"elementor-heading-title elementor-size-default\">Sobre Kelly Long<\/h2>\t\t\t\t<\/div>\n\t\t\t\t<\/div>\n\t\t\t\t<div class=\"elementor-element elementor-element-d110077 elementor-widget elementor-widget-image\" data-id=\"d110077\" data-element_type=\"widget\" data-widget_type=\"image.default\">\n\t\t\t\t<div class=\"elementor-widget-container\">\n\t\t\t\t\t\t\t\t\t\t\t\t\t\t\t<img loading=\"lazy\" decoding=\"async\" width=\"600\" height=\"150\" src=\"https:\/\/staging.venturacounty.gov\/board-of-supervisors\/wp-content\/uploads\/sites\/17\/2023\/07\/District3-Banner.jpeg\" class=\"attachment-large size-large wp-image-552\" alt=\"District3 Banner\" srcset=\"https:\/\/staging.venturacounty.gov\/board-of-supervisors\/wp-content\/uploads\/sites\/17\/2023\/07\/District3-Banner.jpeg 600w, https:\/\/staging.venturacounty.gov\/board-of-supervisors\/wp-content\/uploads\/sites\/17\/2023\/07\/District3-Banner-300x75.jpeg 300w\" sizes=\"(max-width: 600px) 100vw, 600px\" \/>\t\t\t\t\t\t\t\t\t\t\t\t\t\t\t<\/div>\n\t\t\t\t<\/div>\n\t\t\t\t<div class=\"elementor-element elementor-element-32c45c9 elementor-widget elementor-widget-text-editor\" data-id=\"32c45c9\" data-element_type=\"widget\" data-widget_type=\"text-editor.default\">\n\t\t\t\t<div class=\"elementor-widget-container\">\n\t\t\t\t\t\t\t\t\t<p>Kelly Long fue elegida por primera vez para la Junta de Supervisores del Condado de Ventura en representaci\u00f3n del Tercer Distrito en 2016 y fue reelegida en 2020 y de nuevo en 2024 para su tercer y \u00faltimo mandato. (En 2008, la Junta de Supervisores del Condado de Ventura adopt\u00f3 l\u00edmites de mandatos que consisten en tres mandatos o 12 a\u00f1os) . El Tercer Distrito incluye las ciudades de Santa Paula, Fillmore, y partes de Camarillo y el noreste de Oxnard, as\u00ed como las comunidades no incorporadas de Piru, El Rio\/Nyeland Acres, y East Lockwood Valley.<\/p><p>La Supervisora Long se dedica a proporcionar una representaci\u00f3n eficaz y receptiva a los residentes del Tercer Distrito y ha ayudado a servir a sus electores a trav\u00e9s de m\u00faltiples desastres naturales, incluyendo el Incendio Thomas, el Incendio Woolsey\/Hill, el Incendio de South Mountain, as\u00ed como el accidente del Tratamiento de Aguas Residuales de Santa Clara y la pandemia.<\/p><p>Supervisor Long sirve en una variedad de comit\u00e9s y comisiones, incluyendo: la Asociaci\u00f3n de Jubilaci\u00f3n de Empleados del Condado de Ventura (VCERA), Fillmore Piru Basing Groundwater Sustainability Agency (FPBGSA), Fox Canyon Groundwater Management Agency (FCGMA), Camarillo Airport Authority y representa al Condado de Ventura en la Asociaci\u00f3n de Condados del Estado de California (CSAC) y la Asociaci\u00f3n Nacional de Condados (NACo), s\u00f3lo para nombrar unos pocos. Supervisor Long fue el Presidente de la Junta de Supervisores en 2020 y ayud\u00f3 a dirigir nuestro condado durante las dificultades asociadas con la pandemia. Sigue presidiendo la FPBGSA, donde dirigi\u00f3 a un grupo de agricultores, ecologistas y profesionales del agua para completar la versi\u00f3n final de su Plan de Sostenibilidad de las Aguas Subterr\u00e1neas, que ayudar\u00e1 a preservar la cuenca hidrogr\u00e1fica del r\u00edo Santa Clara. Actualmente es Presidenta de la Junta de Supervisores.<\/p><p>Antes de ser elegida para la Junta de Supervisores, Kelly ocup\u00f3 el cargo de fideicomisaria del distrito escolar de Pleasant Valley de 2012 a 2016. Adem\u00e1s, tiene m\u00e1s de 25 a\u00f1os de experiencia combinada como empresaria, ejecutiva de negocios con presupuestos y responsabilidad fiscal y negociaci\u00f3n colectiva. Supervisor Long tiene un t\u00edtulo en Ingenier\u00eda Mec\u00e1nica de la Universidad Estatal de California, Long Beach y tiene seis patentes mientras trabajaba para varias empresas Bio-Medical. Est\u00e1 muy orgullosa de proceder de una familia de propietarios de peque\u00f1as empresas, educadores y voluntarios comunitarios.<\/p><p><img decoding=\"async\" class=\"img_border alignright\" title=\"Kelly Long, Supervisora del 3er Distrito\" src=\"https:\/\/vcportal.venturacounty.gov\/BOS\/District3\/images\/Kelly_Long_200w.jpg\" alt=\"Supervisor Kelly Long\" data-uw-rm-ima-original=\"supervisor kelly long\" data-uw-rm-alt-original=\"Supervisor Kelly Long\" data-uw-rm-alt=\"ALT\" \/><\/p><p>Kelly Long tiene dos hijas y ha construido una fuerte comunidad en torno a ellas, trabajando como voluntaria para muchas organizaciones locales y sin \u00e1nimo de lucro. Tambi\u00e9n disfrutan participando en muchas actividades recreativas al aire libre en el condado de Ventura y sus alrededores, desde senderismo en nuestras monta\u00f1as cercanas hasta remo y surf en nuestros hermosos puertos y playas.<\/p><p>Como miembro de la Junta de Supervisores del Condado de Ventura, Kelly se compromete a invertir tiempo para que nuestras familias y comunidades tengan \u00e9xito. \u00a1Con metas y trabajo en equipo, ella sabe que podemos luchar por el m\u00e1s alto nivel de excelencia!<\/p><p>Para obtener m\u00e1s informaci\u00f3n sobre Kelly Long, visite su perfil de LinkedIn en\u00a0<a href=\"https:\/\/linkedin.com\/in\/kelly-long-7992007\" target=\"_blank\" rel=\"noopener noreferrer\" aria-label=\"Kelly Long - se abre en una nueva pesta\u00f1a\" data-uw-rm-ext-link=\"\">Kelly Long<\/a>.<\/p>\t\t\t\t\t\t\t\t<\/div>\n\t\t\t\t<\/div>\n\t\t\t\t\t<\/div>\n\t\t\t\t<\/div>\n\t\t\t\t\t<\/div>\n\t\t\t\t<\/div>\n\t\t\t\t<\/div>","protected":false},"excerpt":{"rendered":"<p>\/*! elementor &#8211; v3.15.0 &#8211; 20-08-2023 *\/ .elementor-widget-image{text-align:center}.elementor-widget-image a{display:inline-block}.elementor-widget-image a img[src$=&#8221;.svg&#8221;]{width:48px}.elementor-widget-image img{vertical-align:middle;display:inline-block} Kelly Long was first elected to the Ventura County Board of Supervisors representing the Third District in 2016 and was re-elected in 2020 and again in 2024 for her third and final term. (In 2008, the Ventura County Board of Supervisors adopted term [&hellip;]<\/p>\n","protected":false},"author":6,"featured_media":0,"parent":122,"menu_order":0,"comment_status":"closed","ping_status":"closed","template":"","meta":{"_relevanssi_hide_post":"","_relevanssi_hide_content":"","_relevanssi_pin_for_all":"","_relevanssi_pin_keywords":"","_relevanssi_unpin_keywords":"","_relevanssi_related_keywords":"","_relevanssi_related_include_ids":"","_relevanssi_related_exclude_ids":"","_relevanssi_related_no_append":"","_relevanssi_related_not_related":"","_relevanssi_related_posts":"","_relevanssi_noindex_reason":"","footnotes":""},"categories":[13],"tags":[],"class_list":["post-306","page","type-page","status-publish","hentry","category-district-3"],"_links":{"self":[{"href":"https:\/\/staging.venturacounty.gov\/board-of-supervisors\/es\/wp-json\/wp\/v2\/pages\/306","targetHints":{"allow":["GET"]}}],"collection":[{"href":"https:\/\/staging.venturacounty.gov\/board-of-supervisors\/es\/wp-json\/wp\/v2\/pages"}],"about":[{"href":"https:\/\/staging.venturacounty.gov\/board-of-supervisors\/es\/wp-json\/wp\/v2\/types\/page"}],"author":[{"embeddable":true,"href":"https:\/\/staging.venturacounty.gov\/board-of-supervisors\/es\/wp-json\/wp\/v2\/users\/6"}],"replies":[{"embeddable":true,"href":"https:\/\/staging.venturacounty.gov\/board-of-supervisors\/es\/wp-json\/wp\/v2\/comments?post=306"}],"version-history":[{"count":0,"href":"https:\/\/staging.venturacounty.gov\/board-of-supervisors\/es\/wp-json\/wp\/v2\/pages\/306\/revisions"}],"up":[{"embeddable":true,"href":"https:\/\/staging.venturacounty.gov\/board-of-supervisors\/es\/wp-json\/wp\/v2\/pages\/122"}],"wp:attachment":[{"href":"https:\/\/staging.venturacounty.gov\/board-of-supervisors\/es\/wp-json\/wp\/v2\/media?parent=306"}],"wp:term":[{"taxonomy":"category","embeddable":true,"href":"https:\/\/staging.venturacounty.gov\/board-of-supervisors\/es\/wp-json\/wp\/v2\/categories?post=306"},{"taxonomy":"post_tag","embeddable":true,"href":"https:\/\/staging.venturacounty.gov\/board-of-supervisors\/es\/wp-json\/wp\/v2\/tags?post=306"}],"curies":[{"name":"wp","href":"https:\/\/api.w.org\/{rel}","templated":true}]}}